{"id":7905,"date":"2023-10-25T17:48:22","date_gmt":"2023-10-25T17:48:22","guid":{"rendered":"https:\/\/abaa.mx\/tienda\/?post_type=product&#038;p=7905"},"modified":"2023-12-04T19:18:48","modified_gmt":"2023-12-04T19:18:48","slug":"reed-r3100sd-medidor-de-conductividad-tds-salinidad-de-registro-de-datos","status":"publish","type":"product","link":"https:\/\/abaa.mx\/tienda\/reed-r3100sd-medidor-de-conductividad-tds-salinidad-de-registro-de-datos\/","title":{"rendered":"Reed r3100sd medidor de conductividad &#8211; tds &#8211; salinidad de registro de datos"},"content":{"rendered":"<p>El R3100SD cuenta con retenci\u00f3n de datos, funciones Max\/Min y una pantalla LCD retroiluminada f\u00e1cil de leer. Con una tarjeta SD (m\u00e1x. 16 GB), un usuario puede registrar manualmente hasta 99 lecturas o autom\u00e1ticamente seleccionando una frecuencia de muestreo deseada de 1 a 3600 segundos. Genere r\u00e1pidamente un archivo de Excel con datos sin procesar, todo sin el uso de software. Los accesorios opcionales incluyen un tr\u00edpode y un adaptador de CA para una monitorizaci\u00f3n continua a largo plazo.<\/p>\n<h5><strong>Funciones<\/strong><\/h5>\n<ul>\n<li>Mide la conductividad, los s\u00f3lidos disueltos totales (TDS) y los niveles de sal en el agua<\/li>\n<li>Compensaci\u00f3n autom\u00e1tica de temperatura<\/li>\n<li>Registrador de datos en tiempo real con tarjeta de memoria SD integrada (opcional)<\/li>\n<li>Frecuencia de muestreo seleccionable por el usuario<\/li>\n<li>Pantalla LCD retroiluminada de f\u00e1cil lectura<\/li>\n<li>Retenci\u00f3n de datos y funciones M\u00edn.\/M\u00e1x.<\/li>\n<li>Montaje en tr\u00edpode para monitorizaci\u00f3n a largo plazo<\/li>\n<li>Indicador de bater\u00eda baja y apagado autom\u00e1tico<\/li>\n<\/ul>\n<h4>Especificaciones de REED R3100SD<\/h4>\n<table class=\"table table-striped\">\n<tbody>\n<tr>\n<td colspan=\"2\"><strong>Conductividad<\/strong><\/td>\n<\/tr>\n<tr>\n<td>Rango de medici\u00f3n<\/td>\n<td>200\u03bcS\/cm, 2mS\/cm, 20mS\/cm, 200mS\/cm<\/td>\n<\/tr>\n<tr>\n<td>Exactitud<\/td>\n<td>\u00b1(2%FS +1 dgt)<\/td>\n<\/tr>\n<tr>\n<td>Resoluci\u00f3n<\/td>\n<td>0,1 \u03bcS, 0,001 mS, 0,01 mS, 0,1 mS<\/td>\n<\/tr>\n<tr>\n<td colspan=\"2\"><strong>TDS (S\u00f3lidos Disueltos Totales)<\/strong><\/td>\n<\/tr>\n<tr>\n<td>Rango de medici\u00f3n<\/td>\n<td>200, 2000, 20.000, 200.000 ppm<\/td>\n<\/tr>\n<tr>\n<td>Exactitud<\/td>\n<td>\u00b1(2%FS +1 dgt)<\/td>\n<\/tr>\n<tr>\n<td>Resoluci\u00f3n<\/td>\n<td>0,1, 1, 10, 100 ppm<\/td>\n<\/tr>\n<tr>\n<td colspan=\"2\"><strong>Salinidad<\/strong><\/td>\n<\/tr>\n<tr>\n<td>Rango de medici\u00f3n<\/td>\n<td>De 0 a 12% (% en peso)<\/td>\n<\/tr>\n<tr>\n<td>Exactitud<\/td>\n<td>\u00b10,5% de sal<\/td>\n<\/tr>\n<tr>\n<td>Resoluci\u00f3n<\/td>\n<td>0.01% sal<\/td>\n<\/tr>\n<tr>\n<td>Temperatura<\/td>\n<td>Rango de medici\u00f3n: 32 a 140 \u00b0F (0 a 60 \u00b0C) Precisi\u00f3n: \u00b11,5 \u00b0F (\u00b10,8 \u00b0C) Resoluci\u00f3n: \u00b10,1 \u00b0F (\u00b10,1 \u00b0C)<\/td>\n<\/tr>\n<tr>\n<td colspan=\"2\"><strong>Especificaciones generales<\/strong><\/td>\n<\/tr>\n<tr>\n<td>Monitor<\/td>\n<td>Pantalla dual, LCD<\/td>\n<\/tr>\n<tr>\n<td>Pantalla retroiluminada<\/td>\n<td>S\u00ed<\/td>\n<\/tr>\n<tr>\n<td>Retenci\u00f3n de datos<\/td>\n<td>S\u00ed<\/td>\n<\/tr>\n<tr>\n<td>Min<\/td>\n<td>S\u00ed<\/td>\n<\/tr>\n<tr>\n<td>M\u00e1ximo<\/td>\n<td>S\u00ed<\/td>\n<\/tr>\n<tr>\n<td>Capacidades de registro de datos<\/td>\n<td>S\u00ed<\/td>\n<\/tr>\n<tr>\n<td>Reloj en tiempo real y sello de fecha<\/td>\n<td>S\u00ed<\/td>\n<\/tr>\n<tr>\n<td>Frecuencia de muestreo<\/td>\n<td>S\u00ed (de 1 segundo a 8 horas, 59 minutos y 59 segundos)<\/td>\n<\/tr>\n<tr>\n<td>Memoria externa<\/td>\n<td>S\u00ed, ampliable hasta 16 GB con tarjeta SD (opcional)<\/td>\n<\/tr>\n<tr>\n<td>Apagado autom\u00e1tico<\/td>\n<td>S\u00ed (despu\u00e9s de 10 minutos\/apagado)<\/td>\n<\/tr>\n<tr>\n<td>Pata de cabra<\/td>\n<td>S\u00ed<\/td>\n<\/tr>\n<tr>\n<td>Montaje en tr\u00edpode<\/td>\n<td>S\u00ed<\/td>\n<\/tr>\n<tr>\n<td>Indicador de bater\u00eda baja<\/td>\n<td>S\u00ed<\/td>\n<\/tr>\n<tr>\n<td>Fuente de alimentaci\u00f3n<\/td>\n<td>6 pilas AA o adaptador de CA (opcional)<\/td>\n<\/tr>\n<tr>\n<td>Salida de datos<\/td>\n<td>S\u00ed (RS-232)<\/td>\n<\/tr>\n<tr>\n<td>Duraci\u00f3n de la bater\u00eda<\/td>\n<td>Depende del tiempo de muestreo<\/td>\n<\/tr>\n<tr>\n<td>Certificaciones de productos<\/td>\n<td>Despu\u00e9s de Cristo<\/td>\n<\/tr>\n<tr>\n<td>Temperatura de funcionamiento<\/td>\n<td>Medidor: 32 a 122 \u00b0F (0 a 50 \u00b0C) Sonda: 32 a 140 \u00b0F (0 a 60 \u00b0C)<\/td>\n<\/tr>\n<tr>\n<td>Temperatura de almacenamiento<\/td>\n<td>De -14 a 140 \u00b0C (de 10 a 60 \u00b0F)<\/td>\n<\/tr>\n<tr>\n<td>Rango de humedad de funcionamiento<\/td>\n<td>Del 10 al 80%<\/td>\n<\/tr>\n<tr>\n<td>Dimensiones<\/td>\n<td>7 x 2,7 x 1,9&#8243; (177 x 68 x 45 mm)<\/td>\n<\/tr>\n<tr>\n<td>Peso<\/td>\n<td>1 g (1,515 libras)<\/td>\n<\/tr>\n<\/tbody>\n<\/table>\n","protected":false},"excerpt":{"rendered":"<p class=\"short-description mhide ipad-view-setting\">El registrador de datos en tiempo real con tarjeta de memoria SD integrada mide\/registra la conductividad, los s\u00f3lidos disueltos totales (TDS) y los niveles de sal en el agua con compensaci\u00f3n autom\u00e1tica de temperatura.<\/p>\n<div class=\"row-fluid\">\n<div class=\"span12 mobile-pricing-box-padding\">\n<form id=\"142489\" accept-charset=\"utf-8\" action=\"https:\/\/www.globaltestsupply.com\/shop\/add\" method=\"post\" name=\"addTocartFunction\">\n<div><\/div>\n<\/form>\n<\/div>\n<\/div>\n","protected":false},"featured_media":7914,"comment_status":"open","ping_status":"closed","template":"","meta":{"_joinchat":[]},"product_brand":[],"product_cat":[15],"product_tag":[],"class_list":{"0":"post-7905","1":"product","2":"type-product","3":"status-publish","4":"has-post-thumbnail","6":"product_cat-sin-categorizar","8":"first","9":"instock","10":"shipping-taxable","11":"product-type-simple"},"yoast_head":"<!-- This site is optimized with the Yoast SEO plugin v26.4 - https:\/\/yoast.com\/wordpress\/plugins\/seo\/ -->\n<title>Reed r3100sd medidor de conductividad - tds - salinidad de registro de datos - Abaa tienda online<\/title>\n<meta name=\"robots\" content=\"index, follow, max-snippet:-1, max-image-preview:large, max-video-preview:-1\" \/>\n<link rel=\"canonical\" href=\"https:\/\/abaa.mx\/tienda\/reed-r3100sd-medidor-de-conductividad-tds-salinidad-de-registro-de-datos\/\" \/>\n<meta property=\"og:locale\" content=\"es_MX\" \/>\n<meta property=\"og:type\" content=\"article\" \/>\n<meta property=\"og:title\" content=\"Reed r3100sd medidor de conductividad - tds - salinidad de registro de datos - Abaa tienda online\" \/>\n<meta property=\"og:description\" content=\"El registrador de datos en tiempo real con tarjeta de memoria SD integrada mide\/registra la conductividad, los s\u00f3lidos disueltos totales (TDS) y los niveles de sal en el agua con compensaci\u00f3n autom\u00e1tica de temperatura.\" \/>\n<meta property=\"og:url\" content=\"https:\/\/abaa.mx\/tienda\/reed-r3100sd-medidor-de-conductividad-tds-salinidad-de-registro-de-datos\/\" \/>\n<meta property=\"og:site_name\" content=\"Abaa tienda online\" \/>\n<meta property=\"article:modified_time\" content=\"2023-12-04T19:18:48+00:00\" \/>\n<meta property=\"og:image\" content=\"https:\/\/abaa.mx\/tienda\/wp-content\/uploads\/2023\/10\/R3100SD.jpg\" \/>\n\t<meta property=\"og:image:width\" content=\"670\" \/>\n\t<meta property=\"og:image:height\" content=\"478\" \/>\n\t<meta property=\"og:image:type\" content=\"image\/jpeg\" \/>\n<meta name=\"twitter:card\" content=\"summary_large_image\" \/>\n<meta name=\"twitter:label1\" content=\"Tiempo de lectura\" \/>\n\t<meta name=\"twitter:data1\" content=\"2 minutos\" \/>\n<script type=\"application\/ld+json\" class=\"yoast-schema-graph\">{\"@context\":\"https:\/\/schema.org\",\"@graph\":[{\"@type\":\"WebPage\",\"@id\":\"https:\/\/abaa.mx\/tienda\/reed-r3100sd-medidor-de-conductividad-tds-salinidad-de-registro-de-datos\/\",\"url\":\"https:\/\/abaa.mx\/tienda\/reed-r3100sd-medidor-de-conductividad-tds-salinidad-de-registro-de-datos\/\",\"name\":\"Reed r3100sd medidor de conductividad - tds - salinidad de registro de datos - Abaa tienda online\",\"isPartOf\":{\"@id\":\"https:\/\/abaa.mx\/tienda\/#website\"},\"primaryImageOfPage\":{\"@id\":\"https:\/\/abaa.mx\/tienda\/reed-r3100sd-medidor-de-conductividad-tds-salinidad-de-registro-de-datos\/#primaryimage\"},\"image\":{\"@id\":\"https:\/\/abaa.mx\/tienda\/reed-r3100sd-medidor-de-conductividad-tds-salinidad-de-registro-de-datos\/#primaryimage\"},\"thumbnailUrl\":\"https:\/\/abaa.mx\/tienda\/wp-content\/uploads\/2023\/10\/R3100SD.jpg\",\"datePublished\":\"2023-10-25T17:48:22+00:00\",\"dateModified\":\"2023-12-04T19:18:48+00:00\",\"breadcrumb\":{\"@id\":\"https:\/\/abaa.mx\/tienda\/reed-r3100sd-medidor-de-conductividad-tds-salinidad-de-registro-de-datos\/#breadcrumb\"},\"inLanguage\":\"es\",\"potentialAction\":[{\"@type\":\"ReadAction\",\"target\":[\"https:\/\/abaa.mx\/tienda\/reed-r3100sd-medidor-de-conductividad-tds-salinidad-de-registro-de-datos\/\"]}]},{\"@type\":\"ImageObject\",\"inLanguage\":\"es\",\"@id\":\"https:\/\/abaa.mx\/tienda\/reed-r3100sd-medidor-de-conductividad-tds-salinidad-de-registro-de-datos\/#primaryimage\",\"url\":\"https:\/\/abaa.mx\/tienda\/wp-content\/uploads\/2023\/10\/R3100SD.jpg\",\"contentUrl\":\"https:\/\/abaa.mx\/tienda\/wp-content\/uploads\/2023\/10\/R3100SD.jpg\",\"width\":670,\"height\":478,\"caption\":\"reed-r3100sd-medidor-de-conductividad-tds-salinidad-de-registro-de-datos\"},{\"@type\":\"BreadcrumbList\",\"@id\":\"https:\/\/abaa.mx\/tienda\/reed-r3100sd-medidor-de-conductividad-tds-salinidad-de-registro-de-datos\/#breadcrumb\",\"itemListElement\":[{\"@type\":\"ListItem\",\"position\":1,\"name\":\"Inicio\",\"item\":\"https:\/\/abaa.mx\/tienda\/\"},{\"@type\":\"ListItem\",\"position\":2,\"name\":\"Tienda\",\"item\":\"https:\/\/abaa.mx\/tienda\/\"},{\"@type\":\"ListItem\",\"position\":3,\"name\":\"Reed r3100sd medidor de conductividad &#8211; tds &#8211; salinidad de registro de datos\"}]},{\"@type\":\"WebSite\",\"@id\":\"https:\/\/abaa.mx\/tienda\/#website\",\"url\":\"https:\/\/abaa.mx\/tienda\/\",\"name\":\"Abaa tienda online\",\"description\":\"Instrumentos de medici\u00f3n\",\"publisher\":{\"@id\":\"https:\/\/abaa.mx\/tienda\/#organization\"},\"potentialAction\":[{\"@type\":\"SearchAction\",\"target\":{\"@type\":\"EntryPoint\",\"urlTemplate\":\"https:\/\/abaa.mx\/tienda\/?s={search_term_string}\"},\"query-input\":{\"@type\":\"PropertyValueSpecification\",\"valueRequired\":true,\"valueName\":\"search_term_string\"}}],\"inLanguage\":\"es\"},{\"@type\":\"Organization\",\"@id\":\"https:\/\/abaa.mx\/tienda\/#organization\",\"name\":\"Abaa tienda online\",\"url\":\"https:\/\/abaa.mx\/tienda\/\",\"logo\":{\"@type\":\"ImageObject\",\"inLanguage\":\"es\",\"@id\":\"https:\/\/abaa.mx\/tienda\/#\/schema\/logo\/image\/\",\"url\":\"https:\/\/abaa.mx\/tienda\/wp-content\/uploads\/2024\/01\/abaa-metrologia-tienda.png\",\"contentUrl\":\"https:\/\/abaa.mx\/tienda\/wp-content\/uploads\/2024\/01\/abaa-metrologia-tienda.png\",\"width\":300,\"height\":141,\"caption\":\"Abaa tienda online\"},\"image\":{\"@id\":\"https:\/\/abaa.mx\/tienda\/#\/schema\/logo\/image\/\"}}]}<\/script>\n<!-- \/ Yoast SEO plugin. -->","yoast_head_json":{"title":"Reed r3100sd medidor de conductividad - tds - salinidad de registro de datos - Abaa tienda online","robots":{"index":"index","follow":"follow","max-snippet":"max-snippet:-1","max-image-preview":"max-image-preview:large","max-video-preview":"max-video-preview:-1"},"canonical":"https:\/\/abaa.mx\/tienda\/reed-r3100sd-medidor-de-conductividad-tds-salinidad-de-registro-de-datos\/","og_locale":"es_MX","og_type":"article","og_title":"Reed r3100sd medidor de conductividad - tds - salinidad de registro de datos - Abaa tienda online","og_description":"El registrador de datos en tiempo real con tarjeta de memoria SD integrada mide\/registra la conductividad, los s\u00f3lidos disueltos totales (TDS) y los niveles de sal en el agua con compensaci\u00f3n autom\u00e1tica de temperatura.","og_url":"https:\/\/abaa.mx\/tienda\/reed-r3100sd-medidor-de-conductividad-tds-salinidad-de-registro-de-datos\/","og_site_name":"Abaa tienda online","article_modified_time":"2023-12-04T19:18:48+00:00","og_image":[{"width":670,"height":478,"url":"https:\/\/abaa.mx\/tienda\/wp-content\/uploads\/2023\/10\/R3100SD.jpg","type":"image\/jpeg"}],"twitter_card":"summary_large_image","twitter_misc":{"Tiempo de lectura":"2 minutos"},"schema":{"@context":"https:\/\/schema.org","@graph":[{"@type":"WebPage","@id":"https:\/\/abaa.mx\/tienda\/reed-r3100sd-medidor-de-conductividad-tds-salinidad-de-registro-de-datos\/","url":"https:\/\/abaa.mx\/tienda\/reed-r3100sd-medidor-de-conductividad-tds-salinidad-de-registro-de-datos\/","name":"Reed r3100sd medidor de conductividad - tds - salinidad de registro de datos - Abaa tienda online","isPartOf":{"@id":"https:\/\/abaa.mx\/tienda\/#website"},"primaryImageOfPage":{"@id":"https:\/\/abaa.mx\/tienda\/reed-r3100sd-medidor-de-conductividad-tds-salinidad-de-registro-de-datos\/#primaryimage"},"image":{"@id":"https:\/\/abaa.mx\/tienda\/reed-r3100sd-medidor-de-conductividad-tds-salinidad-de-registro-de-datos\/#primaryimage"},"thumbnailUrl":"https:\/\/abaa.mx\/tienda\/wp-content\/uploads\/2023\/10\/R3100SD.jpg","datePublished":"2023-10-25T17:48:22+00:00","dateModified":"2023-12-04T19:18:48+00:00","breadcrumb":{"@id":"https:\/\/abaa.mx\/tienda\/reed-r3100sd-medidor-de-conductividad-tds-salinidad-de-registro-de-datos\/#breadcrumb"},"inLanguage":"es","potentialAction":[{"@type":"ReadAction","target":["https:\/\/abaa.mx\/tienda\/reed-r3100sd-medidor-de-conductividad-tds-salinidad-de-registro-de-datos\/"]}]},{"@type":"ImageObject","inLanguage":"es","@id":"https:\/\/abaa.mx\/tienda\/reed-r3100sd-medidor-de-conductividad-tds-salinidad-de-registro-de-datos\/#primaryimage","url":"https:\/\/abaa.mx\/tienda\/wp-content\/uploads\/2023\/10\/R3100SD.jpg","contentUrl":"https:\/\/abaa.mx\/tienda\/wp-content\/uploads\/2023\/10\/R3100SD.jpg","width":670,"height":478,"caption":"reed-r3100sd-medidor-de-conductividad-tds-salinidad-de-registro-de-datos"},{"@type":"BreadcrumbList","@id":"https:\/\/abaa.mx\/tienda\/reed-r3100sd-medidor-de-conductividad-tds-salinidad-de-registro-de-datos\/#breadcrumb","itemListElement":[{"@type":"ListItem","position":1,"name":"Inicio","item":"https:\/\/abaa.mx\/tienda\/"},{"@type":"ListItem","position":2,"name":"Tienda","item":"https:\/\/abaa.mx\/tienda\/"},{"@type":"ListItem","position":3,"name":"Reed r3100sd medidor de conductividad &#8211; tds &#8211; salinidad de registro de datos"}]},{"@type":"WebSite","@id":"https:\/\/abaa.mx\/tienda\/#website","url":"https:\/\/abaa.mx\/tienda\/","name":"Abaa tienda online","description":"Instrumentos de medici\u00f3n","publisher":{"@id":"https:\/\/abaa.mx\/tienda\/#organization"},"potentialAction":[{"@type":"SearchAction","target":{"@type":"EntryPoint","urlTemplate":"https:\/\/abaa.mx\/tienda\/?s={search_term_string}"},"query-input":{"@type":"PropertyValueSpecification","valueRequired":true,"valueName":"search_term_string"}}],"inLanguage":"es"},{"@type":"Organization","@id":"https:\/\/abaa.mx\/tienda\/#organization","name":"Abaa tienda online","url":"https:\/\/abaa.mx\/tienda\/","logo":{"@type":"ImageObject","inLanguage":"es","@id":"https:\/\/abaa.mx\/tienda\/#\/schema\/logo\/image\/","url":"https:\/\/abaa.mx\/tienda\/wp-content\/uploads\/2024\/01\/abaa-metrologia-tienda.png","contentUrl":"https:\/\/abaa.mx\/tienda\/wp-content\/uploads\/2024\/01\/abaa-metrologia-tienda.png","width":300,"height":141,"caption":"Abaa tienda online"},"image":{"@id":"https:\/\/abaa.mx\/tienda\/#\/schema\/logo\/image\/"}}]}},"_links":{"self":[{"href":"https:\/\/abaa.mx\/tienda\/wp-json\/wp\/v2\/product\/7905","targetHints":{"allow":["GET"]}}],"collection":[{"href":"https:\/\/abaa.mx\/tienda\/wp-json\/wp\/v2\/product"}],"about":[{"href":"https:\/\/abaa.mx\/tienda\/wp-json\/wp\/v2\/types\/product"}],"replies":[{"embeddable":true,"href":"https:\/\/abaa.mx\/tienda\/wp-json\/wp\/v2\/comments?post=7905"}],"wp:featuredmedia":[{"embeddable":true,"href":"https:\/\/abaa.mx\/tienda\/wp-json\/wp\/v2\/media\/7914"}],"wp:attachment":[{"href":"https:\/\/abaa.mx\/tienda\/wp-json\/wp\/v2\/media?parent=7905"}],"wp:term":[{"taxonomy":"product_brand","embeddable":true,"href":"https:\/\/abaa.mx\/tienda\/wp-json\/wp\/v2\/product_brand?post=7905"},{"taxonomy":"product_cat","embeddable":true,"href":"https:\/\/abaa.mx\/tienda\/wp-json\/wp\/v2\/product_cat?post=7905"},{"taxonomy":"product_tag","embeddable":true,"href":"https:\/\/abaa.mx\/tienda\/wp-json\/wp\/v2\/product_tag?post=7905"}],"curies":[{"name":"wp","href":"https:\/\/api.w.org\/{rel}","templated":true}]}}