{"id":7891,"date":"2023-10-25T17:10:35","date_gmt":"2023-10-25T17:10:35","guid":{"rendered":"https:\/\/abaa.mx\/tienda\/?post_type=product&#038;p=7891"},"modified":"2025-08-08T18:21:29","modified_gmt":"2025-08-08T18:21:29","slug":"anemometro-de-copa-barometro-abh4224","status":"publish","type":"product","link":"https:\/\/abaa.mx\/tienda\/anemometro-de-copa-barometro-abh4224\/","title":{"rendered":"Anem\u00f3metro de Copa + Bar\u00f3metro &#8211; ABH4224"},"content":{"rendered":"<p>Anem\u00f3metro de Copa + Bar\u00f3metro &#8211; ABH4224<\/p>\n","protected":false},"excerpt":{"rendered":"<p>CARACTER\u00cdSTICAS:<\/p>\n<ul>\n<li>El circuito del microprocesador garantiza alta precisi\u00f3n y proporciona funciones y caracter\u00edsticas especiales<\/li>\n<li>Registra las lecturas M\u00e1xima y M\u00ednima con recordatorio.<\/li>\n<li>La funci\u00f3n de apagado autom\u00e1tico ahorra bater\u00eda.<\/li>\n<li>Componentes duraderos y duraderos, encerrados en una carcasa de pl\u00e1stico ABS resistente y compacta.<\/li>\n<li>Medici\u00f3n de la atm\u00f3sfera con alta precisi\u00f3n<\/li>\n<li>Pantalla LCD brillante.<\/li>\n<li>Tiempo de respuesta r\u00e1pido para la medici\u00f3n de la humedad.<\/li>\n<li>Medici\u00f3n de la temperatura con, unidad.<\/li>\n<li>Dos pantallas pueden seleccionar el modo de seis (funci\u00f3n): Humedad \/ Temperatura, Humedad \/ Punto de Roc\u00edo, Anem\u00f3metro \/ Temp., Bar\u00f3metro \/ Temp. Bar\u00f3metro \/ Humedad, Bar\u00f3metro \/ Anem\u00f3metro<\/li>\n<li>Unidad del bar\u00f3metro: hPa, mmHg, inHg.<\/li>\n<li>Anem\u00f3metro de copa, Bar\u00f3metro, Humedad, Medidor de temperatura, 4 en uno, profesional<\/li>\n<li>Humedad con medici\u00f3n del punto de roc\u00edo<\/li>\n<li>Anem\u00f3metro de la paleta de la taza, disponible para la medida de la velocidad del viento, alta confiabilidad.<\/li>\n<li>Las ruedas de paleta de bola de baja fricci\u00f3n son precisas tanto en velocidades altas como bajas<\/li>\n<li>Unidad del anem\u00f3metro: m \/ S, Km \/ h, FPM, mph, nudo.<\/li>\n<li>Funciona desde bater\u00edas DC 1.5V (UM4 \/ AAA) x 4 PC.<\/li>\n<\/ul>\n","protected":false},"featured_media":7895,"comment_status":"open","ping_status":"closed","template":"","meta":{"_joinchat":[]},"product_brand":[],"product_cat":[63],"product_tag":[],"class_list":{"0":"post-7891","1":"product","2":"type-product","3":"status-publish","4":"has-post-thumbnail","6":"product_cat-anemometros","8":"first","9":"instock","10":"shipping-taxable","11":"product-type-simple"},"yoast_head":"<!-- This site is optimized with the Yoast SEO plugin v26.4 - https:\/\/yoast.com\/wordpress\/plugins\/seo\/ -->\n<title>Anem\u00f3metro de Copa + Bar\u00f3metro - ABH4224 - Abaa tienda online<\/title>\n<meta name=\"robots\" content=\"index, follow, max-snippet:-1, max-image-preview:large, max-video-preview:-1\" \/>\n<link rel=\"canonical\" href=\"https:\/\/abaa.mx\/tienda\/anemometro-de-copa-barometro-abh4224\/\" \/>\n<meta property=\"og:locale\" content=\"es_MX\" \/>\n<meta property=\"og:type\" content=\"article\" \/>\n<meta property=\"og:title\" content=\"Anem\u00f3metro de Copa + Bar\u00f3metro - ABH4224 - Abaa tienda online\" \/>\n<meta property=\"og:description\" content=\"CARACTER\u00cdSTICAS:   El circuito del microprocesador garantiza alta precisi\u00f3n y proporciona funciones y caracter\u00edsticas especiales  Registra las lecturas M\u00e1xima y M\u00ednima con recordatorio.  La funci\u00f3n de apagado autom\u00e1tico ahorra bater\u00eda.  Componentes duraderos y duraderos, encerrados en una carcasa de pl\u00e1stico ABS resistente y compacta.  Medici\u00f3n de la atm\u00f3sfera con alta precisi\u00f3n  Pantalla LCD brillante.  Tiempo de respuesta r\u00e1pido para la medici\u00f3n de la humedad.  Medici\u00f3n de la temperatura con, unidad.  Dos pantallas pueden seleccionar el modo de seis (funci\u00f3n): Humedad \/ Temperatura, Humedad \/ Punto de Roc\u00edo, Anem\u00f3metro \/ Temp., Bar\u00f3metro \/ Temp. Bar\u00f3metro \/ Humedad, Bar\u00f3metro \/ Anem\u00f3metro  Unidad del bar\u00f3metro: hPa, mmHg, inHg.  Anem\u00f3metro de copa, Bar\u00f3metro, Humedad, Medidor de temperatura, 4 en uno, profesional  Humedad con medici\u00f3n del punto de roc\u00edo  Anem\u00f3metro de la paleta de la taza, disponible para la medida de la velocidad del viento, alta confiabilidad.  Las ruedas de paleta de bola de baja fricci\u00f3n son precisas tanto en velocidades altas como bajas  Unidad del anem\u00f3metro: m \/ S, Km \/ h, FPM, mph, nudo.  Funciona desde bater\u00edas DC 1.5V (UM4 \/ AAA) x 4 PC.\" \/>\n<meta property=\"og:url\" content=\"https:\/\/abaa.mx\/tienda\/anemometro-de-copa-barometro-abh4224\/\" \/>\n<meta property=\"og:site_name\" content=\"Abaa tienda online\" \/>\n<meta property=\"article:modified_time\" content=\"2025-08-08T18:21:29+00:00\" \/>\n<meta property=\"og:image\" content=\"https:\/\/abaa.mx\/tienda\/wp-content\/uploads\/2023\/10\/LUTRON-ABH4224.jpg\" \/>\n\t<meta property=\"og:image:width\" content=\"539\" \/>\n\t<meta property=\"og:image:height\" content=\"540\" \/>\n\t<meta property=\"og:image:type\" content=\"image\/jpeg\" \/>\n<meta name=\"twitter:card\" content=\"summary_large_image\" \/>\n<meta name=\"twitter:label1\" content=\"Tiempo de lectura\" \/>\n\t<meta name=\"twitter:data1\" content=\"1 minuto\" \/>\n<script type=\"application\/ld+json\" class=\"yoast-schema-graph\">{\"@context\":\"https:\/\/schema.org\",\"@graph\":[{\"@type\":\"WebPage\",\"@id\":\"https:\/\/abaa.mx\/tienda\/anemometro-de-copa-barometro-abh4224\/\",\"url\":\"https:\/\/abaa.mx\/tienda\/anemometro-de-copa-barometro-abh4224\/\",\"name\":\"Anem\u00f3metro de Copa + Bar\u00f3metro - ABH4224 - Abaa tienda online\",\"isPartOf\":{\"@id\":\"https:\/\/abaa.mx\/tienda\/#website\"},\"primaryImageOfPage\":{\"@id\":\"https:\/\/abaa.mx\/tienda\/anemometro-de-copa-barometro-abh4224\/#primaryimage\"},\"image\":{\"@id\":\"https:\/\/abaa.mx\/tienda\/anemometro-de-copa-barometro-abh4224\/#primaryimage\"},\"thumbnailUrl\":\"https:\/\/abaa.mx\/tienda\/wp-content\/uploads\/2023\/10\/LUTRON-ABH4224.jpg\",\"datePublished\":\"2023-10-25T17:10:35+00:00\",\"dateModified\":\"2025-08-08T18:21:29+00:00\",\"breadcrumb\":{\"@id\":\"https:\/\/abaa.mx\/tienda\/anemometro-de-copa-barometro-abh4224\/#breadcrumb\"},\"inLanguage\":\"es\",\"potentialAction\":[{\"@type\":\"ReadAction\",\"target\":[\"https:\/\/abaa.mx\/tienda\/anemometro-de-copa-barometro-abh4224\/\"]}]},{\"@type\":\"ImageObject\",\"inLanguage\":\"es\",\"@id\":\"https:\/\/abaa.mx\/tienda\/anemometro-de-copa-barometro-abh4224\/#primaryimage\",\"url\":\"https:\/\/abaa.mx\/tienda\/wp-content\/uploads\/2023\/10\/LUTRON-ABH4224.jpg\",\"contentUrl\":\"https:\/\/abaa.mx\/tienda\/wp-content\/uploads\/2023\/10\/LUTRON-ABH4224.jpg\",\"width\":539,\"height\":540,\"caption\":\"LUTRON-ABH4224\"},{\"@type\":\"BreadcrumbList\",\"@id\":\"https:\/\/abaa.mx\/tienda\/anemometro-de-copa-barometro-abh4224\/#breadcrumb\",\"itemListElement\":[{\"@type\":\"ListItem\",\"position\":1,\"name\":\"Inicio\",\"item\":\"https:\/\/abaa.mx\/tienda\/\"},{\"@type\":\"ListItem\",\"position\":2,\"name\":\"Tienda\",\"item\":\"https:\/\/abaa.mx\/tienda\/\"},{\"@type\":\"ListItem\",\"position\":3,\"name\":\"Anem\u00f3metro de Copa + Bar\u00f3metro &#8211; ABH4224\"}]},{\"@type\":\"WebSite\",\"@id\":\"https:\/\/abaa.mx\/tienda\/#website\",\"url\":\"https:\/\/abaa.mx\/tienda\/\",\"name\":\"Abaa tienda online\",\"description\":\"Instrumentos de medici\u00f3n\",\"publisher\":{\"@id\":\"https:\/\/abaa.mx\/tienda\/#organization\"},\"potentialAction\":[{\"@type\":\"SearchAction\",\"target\":{\"@type\":\"EntryPoint\",\"urlTemplate\":\"https:\/\/abaa.mx\/tienda\/?s={search_term_string}\"},\"query-input\":{\"@type\":\"PropertyValueSpecification\",\"valueRequired\":true,\"valueName\":\"search_term_string\"}}],\"inLanguage\":\"es\"},{\"@type\":\"Organization\",\"@id\":\"https:\/\/abaa.mx\/tienda\/#organization\",\"name\":\"Abaa tienda online\",\"url\":\"https:\/\/abaa.mx\/tienda\/\",\"logo\":{\"@type\":\"ImageObject\",\"inLanguage\":\"es\",\"@id\":\"https:\/\/abaa.mx\/tienda\/#\/schema\/logo\/image\/\",\"url\":\"https:\/\/abaa.mx\/tienda\/wp-content\/uploads\/2024\/01\/abaa-metrologia-tienda.png\",\"contentUrl\":\"https:\/\/abaa.mx\/tienda\/wp-content\/uploads\/2024\/01\/abaa-metrologia-tienda.png\",\"width\":300,\"height\":141,\"caption\":\"Abaa tienda online\"},\"image\":{\"@id\":\"https:\/\/abaa.mx\/tienda\/#\/schema\/logo\/image\/\"}}]}<\/script>\n<!-- \/ Yoast SEO plugin. -->","yoast_head_json":{"title":"Anem\u00f3metro de Copa + Bar\u00f3metro - ABH4224 - Abaa tienda online","robots":{"index":"index","follow":"follow","max-snippet":"max-snippet:-1","max-image-preview":"max-image-preview:large","max-video-preview":"max-video-preview:-1"},"canonical":"https:\/\/abaa.mx\/tienda\/anemometro-de-copa-barometro-abh4224\/","og_locale":"es_MX","og_type":"article","og_title":"Anem\u00f3metro de Copa + Bar\u00f3metro - ABH4224 - Abaa tienda online","og_description":"CARACTER\u00cdSTICAS:   El circuito del microprocesador garantiza alta precisi\u00f3n y proporciona funciones y caracter\u00edsticas especiales  Registra las lecturas M\u00e1xima y M\u00ednima con recordatorio.  La funci\u00f3n de apagado autom\u00e1tico ahorra bater\u00eda.  Componentes duraderos y duraderos, encerrados en una carcasa de pl\u00e1stico ABS resistente y compacta.  Medici\u00f3n de la atm\u00f3sfera con alta precisi\u00f3n  Pantalla LCD brillante.  Tiempo de respuesta r\u00e1pido para la medici\u00f3n de la humedad.  Medici\u00f3n de la temperatura con, unidad.  Dos pantallas pueden seleccionar el modo de seis (funci\u00f3n): Humedad \/ Temperatura, Humedad \/ Punto de Roc\u00edo, Anem\u00f3metro \/ Temp., Bar\u00f3metro \/ Temp. Bar\u00f3metro \/ Humedad, Bar\u00f3metro \/ Anem\u00f3metro  Unidad del bar\u00f3metro: hPa, mmHg, inHg.  Anem\u00f3metro de copa, Bar\u00f3metro, Humedad, Medidor de temperatura, 4 en uno, profesional  Humedad con medici\u00f3n del punto de roc\u00edo  Anem\u00f3metro de la paleta de la taza, disponible para la medida de la velocidad del viento, alta confiabilidad.  Las ruedas de paleta de bola de baja fricci\u00f3n son precisas tanto en velocidades altas como bajas  Unidad del anem\u00f3metro: m \/ S, Km \/ h, FPM, mph, nudo.  Funciona desde bater\u00edas DC 1.5V (UM4 \/ AAA) x 4 PC.","og_url":"https:\/\/abaa.mx\/tienda\/anemometro-de-copa-barometro-abh4224\/","og_site_name":"Abaa tienda online","article_modified_time":"2025-08-08T18:21:29+00:00","og_image":[{"width":539,"height":540,"url":"https:\/\/abaa.mx\/tienda\/wp-content\/uploads\/2023\/10\/LUTRON-ABH4224.jpg","type":"image\/jpeg"}],"twitter_card":"summary_large_image","twitter_misc":{"Tiempo de lectura":"1 minuto"},"schema":{"@context":"https:\/\/schema.org","@graph":[{"@type":"WebPage","@id":"https:\/\/abaa.mx\/tienda\/anemometro-de-copa-barometro-abh4224\/","url":"https:\/\/abaa.mx\/tienda\/anemometro-de-copa-barometro-abh4224\/","name":"Anem\u00f3metro de Copa + Bar\u00f3metro - ABH4224 - Abaa tienda online","isPartOf":{"@id":"https:\/\/abaa.mx\/tienda\/#website"},"primaryImageOfPage":{"@id":"https:\/\/abaa.mx\/tienda\/anemometro-de-copa-barometro-abh4224\/#primaryimage"},"image":{"@id":"https:\/\/abaa.mx\/tienda\/anemometro-de-copa-barometro-abh4224\/#primaryimage"},"thumbnailUrl":"https:\/\/abaa.mx\/tienda\/wp-content\/uploads\/2023\/10\/LUTRON-ABH4224.jpg","datePublished":"2023-10-25T17:10:35+00:00","dateModified":"2025-08-08T18:21:29+00:00","breadcrumb":{"@id":"https:\/\/abaa.mx\/tienda\/anemometro-de-copa-barometro-abh4224\/#breadcrumb"},"inLanguage":"es","potentialAction":[{"@type":"ReadAction","target":["https:\/\/abaa.mx\/tienda\/anemometro-de-copa-barometro-abh4224\/"]}]},{"@type":"ImageObject","inLanguage":"es","@id":"https:\/\/abaa.mx\/tienda\/anemometro-de-copa-barometro-abh4224\/#primaryimage","url":"https:\/\/abaa.mx\/tienda\/wp-content\/uploads\/2023\/10\/LUTRON-ABH4224.jpg","contentUrl":"https:\/\/abaa.mx\/tienda\/wp-content\/uploads\/2023\/10\/LUTRON-ABH4224.jpg","width":539,"height":540,"caption":"LUTRON-ABH4224"},{"@type":"BreadcrumbList","@id":"https:\/\/abaa.mx\/tienda\/anemometro-de-copa-barometro-abh4224\/#breadcrumb","itemListElement":[{"@type":"ListItem","position":1,"name":"Inicio","item":"https:\/\/abaa.mx\/tienda\/"},{"@type":"ListItem","position":2,"name":"Tienda","item":"https:\/\/abaa.mx\/tienda\/"},{"@type":"ListItem","position":3,"name":"Anem\u00f3metro de Copa + Bar\u00f3metro &#8211; ABH4224"}]},{"@type":"WebSite","@id":"https:\/\/abaa.mx\/tienda\/#website","url":"https:\/\/abaa.mx\/tienda\/","name":"Abaa tienda online","description":"Instrumentos de medici\u00f3n","publisher":{"@id":"https:\/\/abaa.mx\/tienda\/#organization"},"potentialAction":[{"@type":"SearchAction","target":{"@type":"EntryPoint","urlTemplate":"https:\/\/abaa.mx\/tienda\/?s={search_term_string}"},"query-input":{"@type":"PropertyValueSpecification","valueRequired":true,"valueName":"search_term_string"}}],"inLanguage":"es"},{"@type":"Organization","@id":"https:\/\/abaa.mx\/tienda\/#organization","name":"Abaa tienda online","url":"https:\/\/abaa.mx\/tienda\/","logo":{"@type":"ImageObject","inLanguage":"es","@id":"https:\/\/abaa.mx\/tienda\/#\/schema\/logo\/image\/","url":"https:\/\/abaa.mx\/tienda\/wp-content\/uploads\/2024\/01\/abaa-metrologia-tienda.png","contentUrl":"https:\/\/abaa.mx\/tienda\/wp-content\/uploads\/2024\/01\/abaa-metrologia-tienda.png","width":300,"height":141,"caption":"Abaa tienda online"},"image":{"@id":"https:\/\/abaa.mx\/tienda\/#\/schema\/logo\/image\/"}}]}},"_links":{"self":[{"href":"https:\/\/abaa.mx\/tienda\/wp-json\/wp\/v2\/product\/7891","targetHints":{"allow":["GET"]}}],"collection":[{"href":"https:\/\/abaa.mx\/tienda\/wp-json\/wp\/v2\/product"}],"about":[{"href":"https:\/\/abaa.mx\/tienda\/wp-json\/wp\/v2\/types\/product"}],"replies":[{"embeddable":true,"href":"https:\/\/abaa.mx\/tienda\/wp-json\/wp\/v2\/comments?post=7891"}],"wp:featuredmedia":[{"embeddable":true,"href":"https:\/\/abaa.mx\/tienda\/wp-json\/wp\/v2\/media\/7895"}],"wp:attachment":[{"href":"https:\/\/abaa.mx\/tienda\/wp-json\/wp\/v2\/media?parent=7891"}],"wp:term":[{"taxonomy":"product_brand","embeddable":true,"href":"https:\/\/abaa.mx\/tienda\/wp-json\/wp\/v2\/product_brand?post=7891"},{"taxonomy":"product_cat","embeddable":true,"href":"https:\/\/abaa.mx\/tienda\/wp-json\/wp\/v2\/product_cat?post=7891"},{"taxonomy":"product_tag","embeddable":true,"href":"https:\/\/abaa.mx\/tienda\/wp-json\/wp\/v2\/product_tag?post=7891"}],"curies":[{"name":"wp","href":"https:\/\/api.w.org\/{rel}","templated":true}]}}