{"id":7889,"date":"2023-10-25T17:08:10","date_gmt":"2023-10-25T17:08:10","guid":{"rendered":"https:\/\/abaa.mx\/tienda\/?post_type=product&#038;p=7889"},"modified":"2023-10-25T17:08:11","modified_gmt":"2023-10-25T17:08:11","slug":"anemometro-con-minivena-am4233sd","status":"publish","type":"product","link":"https:\/\/abaa.mx\/tienda\/anemometro-con-minivena-am4233sd\/","title":{"rendered":"Anem\u00f3metro con Minivena &#8211; AM4233SD"},"content":{"rendered":"<p>Anem\u00f3metro con Minivena &#8211; AM4233SD<\/p>\n","protected":false},"excerpt":{"rendered":"<p>CARACTER\u00cdSTICAS:<\/p>\n<p>Mini paleta con 35 mm de di\u00e1metro, dise\u00f1o de rueda montada sobre rodamientos de bolas de baja fricci\u00f3n que proporciona alta precisi\u00f3n a alta y baja velocidad de aire<br \/>\nSonda del telescopio, longitud de extensi\u00f3n 620 mm m\u00e1x.<br \/>\nEquipo de anem\u00f3metro de repuesto<br \/>\nVelocidad del aire: m \/ s, Ft \/ min, Km \/ h, Nudo, Milla \/ h,<br \/>\nMedida del flujo de aire (CFM, CMM).<br \/>\nTemperatura del aire (?, ?)<br \/>\nAire Temp. sensor de termistor utilizado , tiempo de respuesta veloz.<br \/>\nTiempo de respuesta de medici\u00f3n de humedad r\u00e1pida<br \/>\nTipo K, Term\u00f3metro de termopar tipo J.<br \/>\nRegistrador de datos de tarjeta de memoria SD en el mismo instante , reloj incorporado y calendario, registrador de datos en tiempo real , tiempo de muestreo configurado de 1 segundo a 3600 segundos<br \/>\nEl registrador de datos manual est\u00e1 libre (constituya el tiempo de muestreo en 0), durante la ejecuci\u00f3n de la funci\u00f3n del registrador de datos manual, puede detallar la posici\u00f3n diferente (localizaci\u00f3n ) No. (posici\u00f3n 1 a la posici\u00f3n 99).<br \/>\nInnovaci\u00f3n y simple operaci\u00f3n, la PC no requiere configurar software adicional , despu\u00e9s de realizar el registro de datos, simplemente saca la tarjeta SD del medidor y la introduce en la PC , puede cargar todo el valor medido transcurrido el tiempo informaci\u00f3n (a\u00f1o \/ mes \/ fecha \/ hora \/ minuto \/ segundo) de forma directa al Excel, luego el usuario puede realizar los datos adicionales o el an\u00e1lisis gr\u00e1fico por s\u00ed solo.<br \/>\nAptitud de la tarjeta SD: 1 GB a 16 GB.<br \/>\nLCD con luz de fondo verde, lectura f\u00e1cil<br \/>\nPuede apagado autom\u00e1tico predeterminado o apagado manual.<br \/>\nRetenci\u00f3n de datos, registro m\u00e1x. y min. leyendo.<br \/>\nCircuito de microordenador, alta precisi\u00f3n<br \/>\nAlimentaci\u00f3n con bater\u00edas UM3 \/ AA (1,5 V) x 6 o adaptador DC 9V.<br \/>\nInterfaz de PC RS232 \/ USB.<br \/>\nSonda separada, simple de operar<br \/>\nAplicaciones : pruebas ambientales, HVAC, transportadores a\u00e9reos, campanas de flujo , salas limpias, velocidad del aire, balance de aire, ventiladores \/ motores \/ sopladores, agilidad del horno, caja refrigerada Cabinas de pintura en aerosol. Mediciones<\/p>\n","protected":false},"featured_media":7894,"comment_status":"open","ping_status":"closed","template":"","meta":{"_joinchat":[]},"product_brand":[],"product_cat":[63],"product_tag":[],"class_list":{"0":"post-7889","1":"product","2":"type-product","3":"status-publish","4":"has-post-thumbnail","6":"product_cat-anemometros","8":"first","9":"instock","10":"shipping-taxable","11":"product-type-simple"},"yoast_head":"<!-- This site is optimized with the Yoast SEO plugin v26.4 - https:\/\/yoast.com\/wordpress\/plugins\/seo\/ -->\n<title>Anem\u00f3metro con Minivena - AM4233SD - Abaa tienda online<\/title>\n<meta name=\"robots\" content=\"index, follow, max-snippet:-1, max-image-preview:large, max-video-preview:-1\" \/>\n<link rel=\"canonical\" href=\"https:\/\/abaa.mx\/tienda\/anemometro-con-minivena-am4233sd\/\" \/>\n<meta property=\"og:locale\" content=\"es_MX\" \/>\n<meta property=\"og:type\" content=\"article\" \/>\n<meta property=\"og:title\" content=\"Anem\u00f3metro con Minivena - AM4233SD - Abaa tienda online\" \/>\n<meta property=\"og:description\" content=\"CARACTER\u00cdSTICAS:  Mini paleta con 35 mm de di\u00e1metro, dise\u00f1o de rueda montada sobre rodamientos de bolas de baja fricci\u00f3n que proporciona alta precisi\u00f3n a alta y baja velocidad de aire Sonda del telescopio, longitud de extensi\u00f3n 620 mm m\u00e1x. Equipo de anem\u00f3metro de repuesto Velocidad del aire: m \/ s, Ft \/ min, Km \/ h, Nudo, Milla \/ h, Medida del flujo de aire (CFM, CMM). Temperatura del aire (?, ?) Aire Temp. sensor de termistor utilizado , tiempo de respuesta veloz. Tiempo de respuesta de medici\u00f3n de humedad r\u00e1pida Tipo K, Term\u00f3metro de termopar tipo J. Registrador de datos de tarjeta de memoria SD en el mismo instante , reloj incorporado y calendario, registrador de datos en tiempo real , tiempo de muestreo configurado de 1 segundo a 3600 segundos El registrador de datos manual est\u00e1 libre (constituya el tiempo de muestreo en 0), durante la ejecuci\u00f3n de la funci\u00f3n del registrador de datos manual, puede detallar la posici\u00f3n diferente (localizaci\u00f3n ) No. (posici\u00f3n 1 a la posici\u00f3n 99). Innovaci\u00f3n y simple operaci\u00f3n, la PC no requiere configurar software adicional , despu\u00e9s de realizar el registro de datos, simplemente saca la tarjeta SD del medidor y la introduce en la PC , puede cargar todo el valor medido transcurrido el tiempo informaci\u00f3n (a\u00f1o \/ mes \/ fecha \/ hora \/ minuto \/ segundo) de forma directa al Excel, luego el usuario puede realizar los datos adicionales o el an\u00e1lisis gr\u00e1fico por s\u00ed solo. Aptitud de la tarjeta SD: 1 GB a 16 GB. LCD con luz de fondo verde, lectura f\u00e1cil Puede apagado autom\u00e1tico predeterminado o apagado manual. Retenci\u00f3n de datos, registro m\u00e1x. y min. leyendo. Circuito de microordenador, alta precisi\u00f3n Alimentaci\u00f3n con bater\u00edas UM3 \/ AA (1,5 V) x 6 o adaptador DC 9V. Interfaz de PC RS232 \/ USB. Sonda separada, simple de operar Aplicaciones : pruebas ambientales, HVAC, transportadores a\u00e9reos, campanas de flujo , salas limpias, velocidad del aire, balance de aire, ventiladores \/ motores \/ sopladores, agilidad del horno, caja refrigerada Cabinas de pintura en aerosol. Mediciones\" \/>\n<meta property=\"og:url\" content=\"https:\/\/abaa.mx\/tienda\/anemometro-con-minivena-am4233sd\/\" \/>\n<meta property=\"og:site_name\" content=\"Abaa tienda online\" \/>\n<meta property=\"article:modified_time\" content=\"2023-10-25T17:08:11+00:00\" \/>\n<meta property=\"og:image\" content=\"https:\/\/abaa.mx\/tienda\/wp-content\/uploads\/2023\/10\/AM4233SD-1.jpg\" \/>\n\t<meta property=\"og:image:width\" content=\"661\" \/>\n\t<meta property=\"og:image:height\" content=\"431\" \/>\n\t<meta property=\"og:image:type\" content=\"image\/jpeg\" \/>\n<meta name=\"twitter:card\" content=\"summary_large_image\" \/>\n<meta name=\"twitter:label1\" content=\"Tiempo de lectura\" \/>\n\t<meta name=\"twitter:data1\" content=\"1 minuto\" \/>\n<script type=\"application\/ld+json\" class=\"yoast-schema-graph\">{\"@context\":\"https:\/\/schema.org\",\"@graph\":[{\"@type\":\"WebPage\",\"@id\":\"https:\/\/abaa.mx\/tienda\/anemometro-con-minivena-am4233sd\/\",\"url\":\"https:\/\/abaa.mx\/tienda\/anemometro-con-minivena-am4233sd\/\",\"name\":\"Anem\u00f3metro con Minivena - AM4233SD - Abaa tienda online\",\"isPartOf\":{\"@id\":\"https:\/\/abaa.mx\/tienda\/#website\"},\"primaryImageOfPage\":{\"@id\":\"https:\/\/abaa.mx\/tienda\/anemometro-con-minivena-am4233sd\/#primaryimage\"},\"image\":{\"@id\":\"https:\/\/abaa.mx\/tienda\/anemometro-con-minivena-am4233sd\/#primaryimage\"},\"thumbnailUrl\":\"https:\/\/abaa.mx\/tienda\/wp-content\/uploads\/2023\/10\/AM4233SD-1.jpg\",\"datePublished\":\"2023-10-25T17:08:10+00:00\",\"dateModified\":\"2023-10-25T17:08:11+00:00\",\"breadcrumb\":{\"@id\":\"https:\/\/abaa.mx\/tienda\/anemometro-con-minivena-am4233sd\/#breadcrumb\"},\"inLanguage\":\"es\",\"potentialAction\":[{\"@type\":\"ReadAction\",\"target\":[\"https:\/\/abaa.mx\/tienda\/anemometro-con-minivena-am4233sd\/\"]}]},{\"@type\":\"ImageObject\",\"inLanguage\":\"es\",\"@id\":\"https:\/\/abaa.mx\/tienda\/anemometro-con-minivena-am4233sd\/#primaryimage\",\"url\":\"https:\/\/abaa.mx\/tienda\/wp-content\/uploads\/2023\/10\/AM4233SD-1.jpg\",\"contentUrl\":\"https:\/\/abaa.mx\/tienda\/wp-content\/uploads\/2023\/10\/AM4233SD-1.jpg\",\"width\":661,\"height\":431,\"caption\":\"AM4233SD\"},{\"@type\":\"BreadcrumbList\",\"@id\":\"https:\/\/abaa.mx\/tienda\/anemometro-con-minivena-am4233sd\/#breadcrumb\",\"itemListElement\":[{\"@type\":\"ListItem\",\"position\":1,\"name\":\"Inicio\",\"item\":\"https:\/\/abaa.mx\/tienda\/\"},{\"@type\":\"ListItem\",\"position\":2,\"name\":\"Tienda\",\"item\":\"https:\/\/abaa.mx\/tienda\/\"},{\"@type\":\"ListItem\",\"position\":3,\"name\":\"Anem\u00f3metro con Minivena &#8211; AM4233SD\"}]},{\"@type\":\"WebSite\",\"@id\":\"https:\/\/abaa.mx\/tienda\/#website\",\"url\":\"https:\/\/abaa.mx\/tienda\/\",\"name\":\"Abaa tienda online\",\"description\":\"Instrumentos de medici\u00f3n\",\"publisher\":{\"@id\":\"https:\/\/abaa.mx\/tienda\/#organization\"},\"potentialAction\":[{\"@type\":\"SearchAction\",\"target\":{\"@type\":\"EntryPoint\",\"urlTemplate\":\"https:\/\/abaa.mx\/tienda\/?s={search_term_string}\"},\"query-input\":{\"@type\":\"PropertyValueSpecification\",\"valueRequired\":true,\"valueName\":\"search_term_string\"}}],\"inLanguage\":\"es\"},{\"@type\":\"Organization\",\"@id\":\"https:\/\/abaa.mx\/tienda\/#organization\",\"name\":\"Abaa tienda online\",\"url\":\"https:\/\/abaa.mx\/tienda\/\",\"logo\":{\"@type\":\"ImageObject\",\"inLanguage\":\"es\",\"@id\":\"https:\/\/abaa.mx\/tienda\/#\/schema\/logo\/image\/\",\"url\":\"https:\/\/abaa.mx\/tienda\/wp-content\/uploads\/2024\/01\/abaa-metrologia-tienda.png\",\"contentUrl\":\"https:\/\/abaa.mx\/tienda\/wp-content\/uploads\/2024\/01\/abaa-metrologia-tienda.png\",\"width\":300,\"height\":141,\"caption\":\"Abaa tienda online\"},\"image\":{\"@id\":\"https:\/\/abaa.mx\/tienda\/#\/schema\/logo\/image\/\"}}]}<\/script>\n<!-- \/ Yoast SEO plugin. -->","yoast_head_json":{"title":"Anem\u00f3metro con Minivena - AM4233SD - Abaa tienda online","robots":{"index":"index","follow":"follow","max-snippet":"max-snippet:-1","max-image-preview":"max-image-preview:large","max-video-preview":"max-video-preview:-1"},"canonical":"https:\/\/abaa.mx\/tienda\/anemometro-con-minivena-am4233sd\/","og_locale":"es_MX","og_type":"article","og_title":"Anem\u00f3metro con Minivena - AM4233SD - Abaa tienda online","og_description":"CARACTER\u00cdSTICAS:  Mini paleta con 35 mm de di\u00e1metro, dise\u00f1o de rueda montada sobre rodamientos de bolas de baja fricci\u00f3n que proporciona alta precisi\u00f3n a alta y baja velocidad de aire Sonda del telescopio, longitud de extensi\u00f3n 620 mm m\u00e1x. Equipo de anem\u00f3metro de repuesto Velocidad del aire: m \/ s, Ft \/ min, Km \/ h, Nudo, Milla \/ h, Medida del flujo de aire (CFM, CMM). Temperatura del aire (?, ?) Aire Temp. sensor de termistor utilizado , tiempo de respuesta veloz. Tiempo de respuesta de medici\u00f3n de humedad r\u00e1pida Tipo K, Term\u00f3metro de termopar tipo J. Registrador de datos de tarjeta de memoria SD en el mismo instante , reloj incorporado y calendario, registrador de datos en tiempo real , tiempo de muestreo configurado de 1 segundo a 3600 segundos El registrador de datos manual est\u00e1 libre (constituya el tiempo de muestreo en 0), durante la ejecuci\u00f3n de la funci\u00f3n del registrador de datos manual, puede detallar la posici\u00f3n diferente (localizaci\u00f3n ) No. (posici\u00f3n 1 a la posici\u00f3n 99). Innovaci\u00f3n y simple operaci\u00f3n, la PC no requiere configurar software adicional , despu\u00e9s de realizar el registro de datos, simplemente saca la tarjeta SD del medidor y la introduce en la PC , puede cargar todo el valor medido transcurrido el tiempo informaci\u00f3n (a\u00f1o \/ mes \/ fecha \/ hora \/ minuto \/ segundo) de forma directa al Excel, luego el usuario puede realizar los datos adicionales o el an\u00e1lisis gr\u00e1fico por s\u00ed solo. Aptitud de la tarjeta SD: 1 GB a 16 GB. LCD con luz de fondo verde, lectura f\u00e1cil Puede apagado autom\u00e1tico predeterminado o apagado manual. Retenci\u00f3n de datos, registro m\u00e1x. y min. leyendo. Circuito de microordenador, alta precisi\u00f3n Alimentaci\u00f3n con bater\u00edas UM3 \/ AA (1,5 V) x 6 o adaptador DC 9V. Interfaz de PC RS232 \/ USB. Sonda separada, simple de operar Aplicaciones : pruebas ambientales, HVAC, transportadores a\u00e9reos, campanas de flujo , salas limpias, velocidad del aire, balance de aire, ventiladores \/ motores \/ sopladores, agilidad del horno, caja refrigerada Cabinas de pintura en aerosol. Mediciones","og_url":"https:\/\/abaa.mx\/tienda\/anemometro-con-minivena-am4233sd\/","og_site_name":"Abaa tienda online","article_modified_time":"2023-10-25T17:08:11+00:00","og_image":[{"width":661,"height":431,"url":"https:\/\/abaa.mx\/tienda\/wp-content\/uploads\/2023\/10\/AM4233SD-1.jpg","type":"image\/jpeg"}],"twitter_card":"summary_large_image","twitter_misc":{"Tiempo de lectura":"1 minuto"},"schema":{"@context":"https:\/\/schema.org","@graph":[{"@type":"WebPage","@id":"https:\/\/abaa.mx\/tienda\/anemometro-con-minivena-am4233sd\/","url":"https:\/\/abaa.mx\/tienda\/anemometro-con-minivena-am4233sd\/","name":"Anem\u00f3metro con Minivena - AM4233SD - Abaa tienda online","isPartOf":{"@id":"https:\/\/abaa.mx\/tienda\/#website"},"primaryImageOfPage":{"@id":"https:\/\/abaa.mx\/tienda\/anemometro-con-minivena-am4233sd\/#primaryimage"},"image":{"@id":"https:\/\/abaa.mx\/tienda\/anemometro-con-minivena-am4233sd\/#primaryimage"},"thumbnailUrl":"https:\/\/abaa.mx\/tienda\/wp-content\/uploads\/2023\/10\/AM4233SD-1.jpg","datePublished":"2023-10-25T17:08:10+00:00","dateModified":"2023-10-25T17:08:11+00:00","breadcrumb":{"@id":"https:\/\/abaa.mx\/tienda\/anemometro-con-minivena-am4233sd\/#breadcrumb"},"inLanguage":"es","potentialAction":[{"@type":"ReadAction","target":["https:\/\/abaa.mx\/tienda\/anemometro-con-minivena-am4233sd\/"]}]},{"@type":"ImageObject","inLanguage":"es","@id":"https:\/\/abaa.mx\/tienda\/anemometro-con-minivena-am4233sd\/#primaryimage","url":"https:\/\/abaa.mx\/tienda\/wp-content\/uploads\/2023\/10\/AM4233SD-1.jpg","contentUrl":"https:\/\/abaa.mx\/tienda\/wp-content\/uploads\/2023\/10\/AM4233SD-1.jpg","width":661,"height":431,"caption":"AM4233SD"},{"@type":"BreadcrumbList","@id":"https:\/\/abaa.mx\/tienda\/anemometro-con-minivena-am4233sd\/#breadcrumb","itemListElement":[{"@type":"ListItem","position":1,"name":"Inicio","item":"https:\/\/abaa.mx\/tienda\/"},{"@type":"ListItem","position":2,"name":"Tienda","item":"https:\/\/abaa.mx\/tienda\/"},{"@type":"ListItem","position":3,"name":"Anem\u00f3metro con Minivena &#8211; AM4233SD"}]},{"@type":"WebSite","@id":"https:\/\/abaa.mx\/tienda\/#website","url":"https:\/\/abaa.mx\/tienda\/","name":"Abaa tienda online","description":"Instrumentos de medici\u00f3n","publisher":{"@id":"https:\/\/abaa.mx\/tienda\/#organization"},"potentialAction":[{"@type":"SearchAction","target":{"@type":"EntryPoint","urlTemplate":"https:\/\/abaa.mx\/tienda\/?s={search_term_string}"},"query-input":{"@type":"PropertyValueSpecification","valueRequired":true,"valueName":"search_term_string"}}],"inLanguage":"es"},{"@type":"Organization","@id":"https:\/\/abaa.mx\/tienda\/#organization","name":"Abaa tienda online","url":"https:\/\/abaa.mx\/tienda\/","logo":{"@type":"ImageObject","inLanguage":"es","@id":"https:\/\/abaa.mx\/tienda\/#\/schema\/logo\/image\/","url":"https:\/\/abaa.mx\/tienda\/wp-content\/uploads\/2024\/01\/abaa-metrologia-tienda.png","contentUrl":"https:\/\/abaa.mx\/tienda\/wp-content\/uploads\/2024\/01\/abaa-metrologia-tienda.png","width":300,"height":141,"caption":"Abaa tienda online"},"image":{"@id":"https:\/\/abaa.mx\/tienda\/#\/schema\/logo\/image\/"}}]}},"_links":{"self":[{"href":"https:\/\/abaa.mx\/tienda\/wp-json\/wp\/v2\/product\/7889","targetHints":{"allow":["GET"]}}],"collection":[{"href":"https:\/\/abaa.mx\/tienda\/wp-json\/wp\/v2\/product"}],"about":[{"href":"https:\/\/abaa.mx\/tienda\/wp-json\/wp\/v2\/types\/product"}],"replies":[{"embeddable":true,"href":"https:\/\/abaa.mx\/tienda\/wp-json\/wp\/v2\/comments?post=7889"}],"wp:featuredmedia":[{"embeddable":true,"href":"https:\/\/abaa.mx\/tienda\/wp-json\/wp\/v2\/media\/7894"}],"wp:attachment":[{"href":"https:\/\/abaa.mx\/tienda\/wp-json\/wp\/v2\/media?parent=7889"}],"wp:term":[{"taxonomy":"product_brand","embeddable":true,"href":"https:\/\/abaa.mx\/tienda\/wp-json\/wp\/v2\/product_brand?post=7889"},{"taxonomy":"product_cat","embeddable":true,"href":"https:\/\/abaa.mx\/tienda\/wp-json\/wp\/v2\/product_cat?post=7889"},{"taxonomy":"product_tag","embeddable":true,"href":"https:\/\/abaa.mx\/tienda\/wp-json\/wp\/v2\/product_tag?post=7889"}],"curies":[{"name":"wp","href":"https:\/\/api.w.org\/{rel}","templated":true}]}}