{"id":7888,"date":"2023-10-25T17:05:31","date_gmt":"2023-10-25T17:05:31","guid":{"rendered":"https:\/\/abaa.mx\/tienda\/?post_type=product&#038;p=7888"},"modified":"2023-10-25T17:05:32","modified_gmt":"2023-10-25T17:05:32","slug":"anemometro-de-copa-con-memoria-am4257sd","status":"publish","type":"product","link":"https:\/\/abaa.mx\/tienda\/anemometro-de-copa-con-memoria-am4257sd\/","title":{"rendered":"Anem\u00f3metro De copa con Memoria &#8211; AM4257SD"},"content":{"rendered":"<p>Anem\u00f3metro De copa con Memoria &#8211; AM4257SD<\/p>\n","protected":false},"excerpt":{"rendered":"<p>El anem\u00f3metro de copa modelo LT-AM4257Sd tiene 2 especificaciones muy convenientes como la incorporaci\u00f3n de una ranura para una tarjeta de datos tipo &#8220;SD&#8221; que le permite guardar tabulaciones de datos con etiquetas de fecha y hora. Adem\u00e1s puede colocarse sobre de un tr\u00edpode con rosca est\u00e1ndar. Especificaciones :<br \/>\nAnem\u00f3metro de la copa, disponible para la medici\u00f3n de la velocidad del aire exterior y la grabaci\u00f3n.<br \/>\nVelocidad del aire: m \/ S, Ft \/ min, Km \/ h, Nudos, Milla \/ h,<br \/>\nTemperatura del aire (Celcius y Farenheit)<br \/>\nPuede conectar un termopar de tipo K o J.<br \/>\nMide la temperatura del aire utilizando un sensor tipo termistor que tiene un tiempo de respuesta veloz<br \/>\nFunci\u00f3n de registro de datos \u201cDatalogger\u201d a tiempo real que redacta datos de forma directa en una tarjeta de memoria tipo \u201cSD\u201d, que incorpora una etiqueta de fecha y hora tiempo de muestreo fijado a partir de 1 segundo a 3600 segundos.<br \/>\nDatalogger manual est\u00e1 disponible (ajuste el tiempo de muestreo a 0), registrador de datos manual Puede seleccionar hasta 99 posiciones de memoria par almacenar datos.<br \/>\nEs de simple operaci\u00f3n, no necesita disponer programa en una computadora para transferir datos, sencillamente retire la tarjeta del SD del aparato y col\u00f3quela en un computador. Explore el contenido de la tarjeta de memoria para consultar los ficheros de datos que estar\u00e1n determinados por (Ano \/ mes \/ fecha \/ hora \/ minuto \/ segundo).<br \/>\nCada fichero de datos se puede abrir directamente con MS Excel, entonces el usuario puede llevar a cabo el an\u00e1lisis de la informaci\u00f3n y las graficas que considere pertinentes.<br \/>\nAptitud de la tarjeta SD: 1 GB a 16 GB.<br \/>\nLCD con retroiluminaci\u00f3n de luz verde, simple lectura<br \/>\nApagado autom\u00e1tico o manual a elecci\u00f3n del usuario.<br \/>\nRetenci\u00f3n de datos en pantalla, lectura m\u00e1ximo y m\u00ednima<br \/>\nCircuito del microordenador, alta exactitud.<br \/>\nAlimentaci\u00f3n por bater\u00edas UM3 \/ AA (1.5V) x 6 o adaptador DC 9V RS232 \/ USB PC COMPUTER plataforma de trabajo<br \/>\nSonda separada por cable para una simple operaci\u00f3n en diferentes condiciones de campo en aplicaciones como aire acondicionado, sistemas de calefacci\u00f3n, agilidad del aire, temperatura del viento. etc\u00e9tera.<\/p>\n","protected":false},"featured_media":7892,"comment_status":"open","ping_status":"closed","template":"","meta":{"_joinchat":[]},"product_brand":[],"product_cat":[63],"product_tag":[],"class_list":{"0":"post-7888","1":"product","2":"type-product","3":"status-publish","4":"has-post-thumbnail","6":"product_cat-anemometros","8":"first","9":"instock","10":"shipping-taxable","11":"product-type-simple"},"yoast_head":"<!-- This site is optimized with the Yoast SEO plugin v26.4 - https:\/\/yoast.com\/wordpress\/plugins\/seo\/ -->\n<title>Anem\u00f3metro De copa con Memoria - AM4257SD - Abaa tienda online<\/title>\n<meta name=\"robots\" content=\"index, follow, max-snippet:-1, max-image-preview:large, max-video-preview:-1\" \/>\n<link rel=\"canonical\" href=\"https:\/\/abaa.mx\/tienda\/anemometro-de-copa-con-memoria-am4257sd\/\" \/>\n<meta property=\"og:locale\" content=\"es_MX\" \/>\n<meta property=\"og:type\" content=\"article\" \/>\n<meta property=\"og:title\" content=\"Anem\u00f3metro De copa con Memoria - AM4257SD - Abaa tienda online\" \/>\n<meta property=\"og:description\" content=\"El anem\u00f3metro de copa modelo LT-AM4257Sd tiene 2 especificaciones muy convenientes como la incorporaci\u00f3n de una ranura para una tarjeta de datos tipo &quot;SD&quot; que le permite guardar tabulaciones de datos con etiquetas de fecha y hora. Adem\u00e1s puede colocarse sobre de un tr\u00edpode con rosca est\u00e1ndar. Especificaciones : Anem\u00f3metro de la copa, disponible para la medici\u00f3n de la velocidad del aire exterior y la grabaci\u00f3n. Velocidad del aire: m \/ S, Ft \/ min, Km \/ h, Nudos, Milla \/ h, Temperatura del aire (Celcius y Farenheit) Puede conectar un termopar de tipo K o J. Mide la temperatura del aire utilizando un sensor tipo termistor que tiene un tiempo de respuesta veloz Funci\u00f3n de registro de datos \u201cDatalogger\u201d a tiempo real que redacta datos de forma directa en una tarjeta de memoria tipo \u201cSD\u201d, que incorpora una etiqueta de fecha y hora tiempo de muestreo fijado a partir de 1 segundo a 3600 segundos. Datalogger manual est\u00e1 disponible (ajuste el tiempo de muestreo a 0), registrador de datos manual Puede seleccionar hasta 99 posiciones de memoria par almacenar datos. Es de simple operaci\u00f3n, no necesita disponer programa en una computadora para transferir datos, sencillamente retire la tarjeta del SD del aparato y col\u00f3quela en un computador. Explore el contenido de la tarjeta de memoria para consultar los ficheros de datos que estar\u00e1n determinados por (Ano \/ mes \/ fecha \/ hora \/ minuto \/ segundo). Cada fichero de datos se puede abrir directamente con MS Excel, entonces el usuario puede llevar a cabo el an\u00e1lisis de la informaci\u00f3n y las graficas que considere pertinentes. Aptitud de la tarjeta SD: 1 GB a 16 GB. LCD con retroiluminaci\u00f3n de luz verde, simple lectura Apagado autom\u00e1tico o manual a elecci\u00f3n del usuario. Retenci\u00f3n de datos en pantalla, lectura m\u00e1ximo y m\u00ednima Circuito del microordenador, alta exactitud. Alimentaci\u00f3n por bater\u00edas UM3 \/ AA (1.5V) x 6 o adaptador DC 9V RS232 \/ USB PC COMPUTER plataforma de trabajo Sonda separada por cable para una simple operaci\u00f3n en diferentes condiciones de campo en aplicaciones como aire acondicionado, sistemas de calefacci\u00f3n, agilidad del aire, temperatura del viento. etc\u00e9tera.\" \/>\n<meta property=\"og:url\" content=\"https:\/\/abaa.mx\/tienda\/anemometro-de-copa-con-memoria-am4257sd\/\" \/>\n<meta property=\"og:site_name\" content=\"Abaa tienda online\" \/>\n<meta property=\"article:modified_time\" content=\"2023-10-25T17:05:32+00:00\" \/>\n<meta property=\"og:image\" content=\"https:\/\/abaa.mx\/tienda\/wp-content\/uploads\/2023\/10\/LUTRON-AM4257SD.jpg\" \/>\n\t<meta property=\"og:image:width\" content=\"433\" \/>\n\t<meta property=\"og:image:height\" content=\"434\" \/>\n\t<meta property=\"og:image:type\" content=\"image\/jpeg\" \/>\n<meta name=\"twitter:card\" content=\"summary_large_image\" \/>\n<meta name=\"twitter:label1\" content=\"Tiempo de lectura\" \/>\n\t<meta name=\"twitter:data1\" content=\"1 minuto\" \/>\n<script type=\"application\/ld+json\" class=\"yoast-schema-graph\">{\"@context\":\"https:\/\/schema.org\",\"@graph\":[{\"@type\":\"WebPage\",\"@id\":\"https:\/\/abaa.mx\/tienda\/anemometro-de-copa-con-memoria-am4257sd\/\",\"url\":\"https:\/\/abaa.mx\/tienda\/anemometro-de-copa-con-memoria-am4257sd\/\",\"name\":\"Anem\u00f3metro De copa con Memoria - AM4257SD - Abaa tienda online\",\"isPartOf\":{\"@id\":\"https:\/\/abaa.mx\/tienda\/#website\"},\"primaryImageOfPage\":{\"@id\":\"https:\/\/abaa.mx\/tienda\/anemometro-de-copa-con-memoria-am4257sd\/#primaryimage\"},\"image\":{\"@id\":\"https:\/\/abaa.mx\/tienda\/anemometro-de-copa-con-memoria-am4257sd\/#primaryimage\"},\"thumbnailUrl\":\"https:\/\/abaa.mx\/tienda\/wp-content\/uploads\/2023\/10\/LUTRON-AM4257SD.jpg\",\"datePublished\":\"2023-10-25T17:05:31+00:00\",\"dateModified\":\"2023-10-25T17:05:32+00:00\",\"breadcrumb\":{\"@id\":\"https:\/\/abaa.mx\/tienda\/anemometro-de-copa-con-memoria-am4257sd\/#breadcrumb\"},\"inLanguage\":\"es\",\"potentialAction\":[{\"@type\":\"ReadAction\",\"target\":[\"https:\/\/abaa.mx\/tienda\/anemometro-de-copa-con-memoria-am4257sd\/\"]}]},{\"@type\":\"ImageObject\",\"inLanguage\":\"es\",\"@id\":\"https:\/\/abaa.mx\/tienda\/anemometro-de-copa-con-memoria-am4257sd\/#primaryimage\",\"url\":\"https:\/\/abaa.mx\/tienda\/wp-content\/uploads\/2023\/10\/LUTRON-AM4257SD.jpg\",\"contentUrl\":\"https:\/\/abaa.mx\/tienda\/wp-content\/uploads\/2023\/10\/LUTRON-AM4257SD.jpg\",\"width\":433,\"height\":434,\"caption\":\"LUTRON-AM4257SD\"},{\"@type\":\"BreadcrumbList\",\"@id\":\"https:\/\/abaa.mx\/tienda\/anemometro-de-copa-con-memoria-am4257sd\/#breadcrumb\",\"itemListElement\":[{\"@type\":\"ListItem\",\"position\":1,\"name\":\"Inicio\",\"item\":\"https:\/\/abaa.mx\/tienda\/\"},{\"@type\":\"ListItem\",\"position\":2,\"name\":\"Tienda\",\"item\":\"https:\/\/abaa.mx\/tienda\/\"},{\"@type\":\"ListItem\",\"position\":3,\"name\":\"Anem\u00f3metro De copa con Memoria &#8211; AM4257SD\"}]},{\"@type\":\"WebSite\",\"@id\":\"https:\/\/abaa.mx\/tienda\/#website\",\"url\":\"https:\/\/abaa.mx\/tienda\/\",\"name\":\"Abaa tienda online\",\"description\":\"Instrumentos de medici\u00f3n\",\"publisher\":{\"@id\":\"https:\/\/abaa.mx\/tienda\/#organization\"},\"potentialAction\":[{\"@type\":\"SearchAction\",\"target\":{\"@type\":\"EntryPoint\",\"urlTemplate\":\"https:\/\/abaa.mx\/tienda\/?s={search_term_string}\"},\"query-input\":{\"@type\":\"PropertyValueSpecification\",\"valueRequired\":true,\"valueName\":\"search_term_string\"}}],\"inLanguage\":\"es\"},{\"@type\":\"Organization\",\"@id\":\"https:\/\/abaa.mx\/tienda\/#organization\",\"name\":\"Abaa tienda online\",\"url\":\"https:\/\/abaa.mx\/tienda\/\",\"logo\":{\"@type\":\"ImageObject\",\"inLanguage\":\"es\",\"@id\":\"https:\/\/abaa.mx\/tienda\/#\/schema\/logo\/image\/\",\"url\":\"https:\/\/abaa.mx\/tienda\/wp-content\/uploads\/2024\/01\/abaa-metrologia-tienda.png\",\"contentUrl\":\"https:\/\/abaa.mx\/tienda\/wp-content\/uploads\/2024\/01\/abaa-metrologia-tienda.png\",\"width\":300,\"height\":141,\"caption\":\"Abaa tienda online\"},\"image\":{\"@id\":\"https:\/\/abaa.mx\/tienda\/#\/schema\/logo\/image\/\"}}]}<\/script>\n<!-- \/ Yoast SEO plugin. -->","yoast_head_json":{"title":"Anem\u00f3metro De copa con Memoria - AM4257SD - Abaa tienda online","robots":{"index":"index","follow":"follow","max-snippet":"max-snippet:-1","max-image-preview":"max-image-preview:large","max-video-preview":"max-video-preview:-1"},"canonical":"https:\/\/abaa.mx\/tienda\/anemometro-de-copa-con-memoria-am4257sd\/","og_locale":"es_MX","og_type":"article","og_title":"Anem\u00f3metro De copa con Memoria - AM4257SD - Abaa tienda online","og_description":"El anem\u00f3metro de copa modelo LT-AM4257Sd tiene 2 especificaciones muy convenientes como la incorporaci\u00f3n de una ranura para una tarjeta de datos tipo \"SD\" que le permite guardar tabulaciones de datos con etiquetas de fecha y hora. Adem\u00e1s puede colocarse sobre de un tr\u00edpode con rosca est\u00e1ndar. Especificaciones : Anem\u00f3metro de la copa, disponible para la medici\u00f3n de la velocidad del aire exterior y la grabaci\u00f3n. Velocidad del aire: m \/ S, Ft \/ min, Km \/ h, Nudos, Milla \/ h, Temperatura del aire (Celcius y Farenheit) Puede conectar un termopar de tipo K o J. Mide la temperatura del aire utilizando un sensor tipo termistor que tiene un tiempo de respuesta veloz Funci\u00f3n de registro de datos \u201cDatalogger\u201d a tiempo real que redacta datos de forma directa en una tarjeta de memoria tipo \u201cSD\u201d, que incorpora una etiqueta de fecha y hora tiempo de muestreo fijado a partir de 1 segundo a 3600 segundos. Datalogger manual est\u00e1 disponible (ajuste el tiempo de muestreo a 0), registrador de datos manual Puede seleccionar hasta 99 posiciones de memoria par almacenar datos. Es de simple operaci\u00f3n, no necesita disponer programa en una computadora para transferir datos, sencillamente retire la tarjeta del SD del aparato y col\u00f3quela en un computador. Explore el contenido de la tarjeta de memoria para consultar los ficheros de datos que estar\u00e1n determinados por (Ano \/ mes \/ fecha \/ hora \/ minuto \/ segundo). Cada fichero de datos se puede abrir directamente con MS Excel, entonces el usuario puede llevar a cabo el an\u00e1lisis de la informaci\u00f3n y las graficas que considere pertinentes. Aptitud de la tarjeta SD: 1 GB a 16 GB. LCD con retroiluminaci\u00f3n de luz verde, simple lectura Apagado autom\u00e1tico o manual a elecci\u00f3n del usuario. Retenci\u00f3n de datos en pantalla, lectura m\u00e1ximo y m\u00ednima Circuito del microordenador, alta exactitud. Alimentaci\u00f3n por bater\u00edas UM3 \/ AA (1.5V) x 6 o adaptador DC 9V RS232 \/ USB PC COMPUTER plataforma de trabajo Sonda separada por cable para una simple operaci\u00f3n en diferentes condiciones de campo en aplicaciones como aire acondicionado, sistemas de calefacci\u00f3n, agilidad del aire, temperatura del viento. etc\u00e9tera.","og_url":"https:\/\/abaa.mx\/tienda\/anemometro-de-copa-con-memoria-am4257sd\/","og_site_name":"Abaa tienda online","article_modified_time":"2023-10-25T17:05:32+00:00","og_image":[{"width":433,"height":434,"url":"https:\/\/abaa.mx\/tienda\/wp-content\/uploads\/2023\/10\/LUTRON-AM4257SD.jpg","type":"image\/jpeg"}],"twitter_card":"summary_large_image","twitter_misc":{"Tiempo de lectura":"1 minuto"},"schema":{"@context":"https:\/\/schema.org","@graph":[{"@type":"WebPage","@id":"https:\/\/abaa.mx\/tienda\/anemometro-de-copa-con-memoria-am4257sd\/","url":"https:\/\/abaa.mx\/tienda\/anemometro-de-copa-con-memoria-am4257sd\/","name":"Anem\u00f3metro De copa con Memoria - AM4257SD - Abaa tienda online","isPartOf":{"@id":"https:\/\/abaa.mx\/tienda\/#website"},"primaryImageOfPage":{"@id":"https:\/\/abaa.mx\/tienda\/anemometro-de-copa-con-memoria-am4257sd\/#primaryimage"},"image":{"@id":"https:\/\/abaa.mx\/tienda\/anemometro-de-copa-con-memoria-am4257sd\/#primaryimage"},"thumbnailUrl":"https:\/\/abaa.mx\/tienda\/wp-content\/uploads\/2023\/10\/LUTRON-AM4257SD.jpg","datePublished":"2023-10-25T17:05:31+00:00","dateModified":"2023-10-25T17:05:32+00:00","breadcrumb":{"@id":"https:\/\/abaa.mx\/tienda\/anemometro-de-copa-con-memoria-am4257sd\/#breadcrumb"},"inLanguage":"es","potentialAction":[{"@type":"ReadAction","target":["https:\/\/abaa.mx\/tienda\/anemometro-de-copa-con-memoria-am4257sd\/"]}]},{"@type":"ImageObject","inLanguage":"es","@id":"https:\/\/abaa.mx\/tienda\/anemometro-de-copa-con-memoria-am4257sd\/#primaryimage","url":"https:\/\/abaa.mx\/tienda\/wp-content\/uploads\/2023\/10\/LUTRON-AM4257SD.jpg","contentUrl":"https:\/\/abaa.mx\/tienda\/wp-content\/uploads\/2023\/10\/LUTRON-AM4257SD.jpg","width":433,"height":434,"caption":"LUTRON-AM4257SD"},{"@type":"BreadcrumbList","@id":"https:\/\/abaa.mx\/tienda\/anemometro-de-copa-con-memoria-am4257sd\/#breadcrumb","itemListElement":[{"@type":"ListItem","position":1,"name":"Inicio","item":"https:\/\/abaa.mx\/tienda\/"},{"@type":"ListItem","position":2,"name":"Tienda","item":"https:\/\/abaa.mx\/tienda\/"},{"@type":"ListItem","position":3,"name":"Anem\u00f3metro De copa con Memoria &#8211; AM4257SD"}]},{"@type":"WebSite","@id":"https:\/\/abaa.mx\/tienda\/#website","url":"https:\/\/abaa.mx\/tienda\/","name":"Abaa tienda online","description":"Instrumentos de medici\u00f3n","publisher":{"@id":"https:\/\/abaa.mx\/tienda\/#organization"},"potentialAction":[{"@type":"SearchAction","target":{"@type":"EntryPoint","urlTemplate":"https:\/\/abaa.mx\/tienda\/?s={search_term_string}"},"query-input":{"@type":"PropertyValueSpecification","valueRequired":true,"valueName":"search_term_string"}}],"inLanguage":"es"},{"@type":"Organization","@id":"https:\/\/abaa.mx\/tienda\/#organization","name":"Abaa tienda online","url":"https:\/\/abaa.mx\/tienda\/","logo":{"@type":"ImageObject","inLanguage":"es","@id":"https:\/\/abaa.mx\/tienda\/#\/schema\/logo\/image\/","url":"https:\/\/abaa.mx\/tienda\/wp-content\/uploads\/2024\/01\/abaa-metrologia-tienda.png","contentUrl":"https:\/\/abaa.mx\/tienda\/wp-content\/uploads\/2024\/01\/abaa-metrologia-tienda.png","width":300,"height":141,"caption":"Abaa tienda online"},"image":{"@id":"https:\/\/abaa.mx\/tienda\/#\/schema\/logo\/image\/"}}]}},"_links":{"self":[{"href":"https:\/\/abaa.mx\/tienda\/wp-json\/wp\/v2\/product\/7888","targetHints":{"allow":["GET"]}}],"collection":[{"href":"https:\/\/abaa.mx\/tienda\/wp-json\/wp\/v2\/product"}],"about":[{"href":"https:\/\/abaa.mx\/tienda\/wp-json\/wp\/v2\/types\/product"}],"replies":[{"embeddable":true,"href":"https:\/\/abaa.mx\/tienda\/wp-json\/wp\/v2\/comments?post=7888"}],"wp:featuredmedia":[{"embeddable":true,"href":"https:\/\/abaa.mx\/tienda\/wp-json\/wp\/v2\/media\/7892"}],"wp:attachment":[{"href":"https:\/\/abaa.mx\/tienda\/wp-json\/wp\/v2\/media?parent=7888"}],"wp:term":[{"taxonomy":"product_brand","embeddable":true,"href":"https:\/\/abaa.mx\/tienda\/wp-json\/wp\/v2\/product_brand?post=7888"},{"taxonomy":"product_cat","embeddable":true,"href":"https:\/\/abaa.mx\/tienda\/wp-json\/wp\/v2\/product_cat?post=7888"},{"taxonomy":"product_tag","embeddable":true,"href":"https:\/\/abaa.mx\/tienda\/wp-json\/wp\/v2\/product_tag?post=7888"}],"curies":[{"name":"wp","href":"https:\/\/api.w.org\/{rel}","templated":true}]}}