{"id":7884,"date":"2023-10-25T17:02:55","date_gmt":"2023-10-25T17:02:55","guid":{"rendered":"https:\/\/abaa.mx\/tienda\/?post_type=product&#038;p=7884"},"modified":"2023-10-25T17:02:56","modified_gmt":"2023-10-25T17:02:56","slug":"anemometro-filamento-caliente-yk2005ah","status":"publish","type":"product","link":"https:\/\/abaa.mx\/tienda\/anemometro-filamento-caliente-yk2005ah\/","title":{"rendered":"Anem\u00f3metro Filamento Caliente -YK2005AH"},"content":{"rendered":"<p>Anem\u00f3metro Filamento Caliente -YK2005AH<\/p>\n","protected":false},"excerpt":{"rendered":"<p>Anem\u00f3metro de Hilo Ardiente , 0.2 a 20.0 m\/s CMMCFM, Lutron\u00a0El anem\u00f3metro de filamento ardiente YK2005AH es una combinaci\u00f3n de medidor de filamento ardiente y de termistor que distribuci\u00f3n una medici\u00f3n r\u00e1pida y precisa a\u00fan a velocidades de aire muy bajas. Tiene una sonda delgada id\u00f3nea para medici\u00f3n en parrillas y difusores. Con este aparato puede obtener la medici\u00f3n de la velocidad del aire, flu\u00eddo volum\u00e9trico, temperatura del aire y registrar datos a tiempo real.<\/p>\n<table border=\"1\" cellspacing=\"0\" cellpadding=\"0\">\n<tbody>\n<tr>\n<td colspan=\"2\">\n<p align=\"left\"><span data-spm-anchor-id=\"a2g0o.detail.1000023.i2.68806a3b0DaIuT\">Caracter\u00edsticas<\/span><\/p>\n<\/td>\n<td>\n<p align=\"left\"><b><\/b><b>Rango<\/b><\/p>\n<\/td>\n<td>\n<p align=\"left\"><b>Resoluci\u00f3n<\/b><\/p>\n<\/td>\n<td>\n<p align=\"left\"><b><\/b><b>Error<\/b><\/p>\n<\/td>\n<\/tr>\n<tr>\n<td colspan=\"2\">\n<p align=\"left\"><b>Velocidad del viento\u00a0<\/b>Rango de medici\u00f3n<\/p>\n<\/td>\n<td>\n<p align=\"left\">0.2 ~ 20 m\/s<\/p>\n<\/td>\n<td>\n<p align=\"left\">0.1 m\/s<\/p>\n<\/td>\n<td>\n<p align=\"left\">5%0.1<\/p>\n<\/td>\n<\/tr>\n<tr>\n<td colspan=\"2\">\n<p align=\"left\">Unidad de velocidad del viento<\/p>\n<\/td>\n<td colspan=\"3\">\n<p align=\"left\">M\/s, ft\/min, km\/h, nudo, millas\/h<\/p>\n<\/td>\n<\/tr>\n<tr>\n<td colspan=\"2\">\n<p align=\"left\">Temperatura del aire<\/p>\n<\/td>\n<td>\n<p align=\"left\">0~50\u00a0CEL<\/p>\n<\/td>\n<td>\n<p align=\"left\">0.1\u00a0CEL<\/p>\n<\/td>\n<td>\n<p align=\"left\">0.8\u00a0CEL<\/p>\n<\/td>\n<\/tr>\n<tr>\n<td colspan=\"2\">\n<p align=\"left\">K\u00a0Tipo de rango de temperatura termoel\u00e9ctrico<\/p>\n<\/td>\n<td>\n<p align=\"left\">-50~-1300\u00a0CEL<\/p>\n<\/td>\n<td>\n<p align=\"left\">0.1\/1\u00a0CEL<\/p>\n<\/td>\n<td>\n<p align=\"left\">(0.2%+0.5\u00a0Cel)<\/p>\n<\/td>\n<\/tr>\n<tr>\n<td colspan=\"2\">\n<p align=\"left\">J\u00a0Tipo de rango de temperatura termoel\u00e9ctrico<\/p>\n<\/td>\n<td>\n<p align=\"left\">-100~1100\u00a0CEL<\/p>\n<\/td>\n<td>\n<p align=\"left\">0.1\/1\u00a0CEL<\/p>\n<\/td>\n<td>\n<p align=\"left\">(0.2%+0.5\u00a0Cel)<\/p>\n<\/td>\n<\/tr>\n<tr>\n<td colspan=\"2\">\n<p align=\"left\"><b>Flujo de aire<\/b><\/p>\n<\/td>\n<td>\n<p align=\"left\"><b><\/b><b>Rango<\/b><\/p>\n<\/td>\n<td>\n<p align=\"left\">Resoluci\u00f3n<\/p>\n<\/td>\n<td>\n<p align=\"left\"><b><\/b><b>\u00c1rea<\/b><\/p>\n<\/td>\n<\/tr>\n<tr>\n<td colspan=\"2\">\n<p align=\"left\">CFM<\/p>\n<\/td>\n<td>\n<p align=\"left\">0 ~ 1271200ft\u00a0<sup>3\u00a0<\/sup>\/Min<\/p>\n<\/td>\n<td>\n<p align=\"left\">0.001~1<\/p>\n<\/td>\n<td>\n<p align=\"left\">0 ~ 999.9ft\u00a0<sup>2<\/sup><\/p>\n<\/td>\n<\/tr>\n<tr>\n<td colspan=\"2\">\n<p align=\"left\">CMM<\/p>\n<\/td>\n<td>\n<p align=\"left\">0 ~ 36000 m\u00a0<sup>3\u00a0<\/sup>\/Min<\/p>\n<\/td>\n<td>\n<p align=\"left\">0.01~100<\/p>\n<\/td>\n<td>\n<p align=\"left\">0 ~ 999.9 m\u00a0<sup>2<\/sup><\/p>\n<\/td>\n<\/tr>\n<tr>\n<td>\n<p align=\"left\">Pantalla<\/p>\n<\/td>\n<td colspan=\"4\">\n<p align=\"left\">58*34mm LCD\u00a0Pantalla digital de dos l\u00edneas<\/p>\n<\/td>\n<\/tr>\n<tr>\n<td>\n<p align=\"left\">Almacenamiento de datos<\/p>\n<\/td>\n<td colspan=\"4\">\n<p align=\"left\">16000\u00a0Meses<\/p>\n<\/td>\n<\/tr>\n<tr>\n<td>\n<p align=\"left\">Ajuste de la velocidad de muestreo<\/p>\n<\/td>\n<td colspan=\"4\">\n<p align=\"left\">2\u00a0Segundos para 8 horas\u00a059\u00a0Minuto\u00a059\u00a0Segundo<\/p>\n<\/td>\n<\/tr>\n<tr>\n<td>\n<p align=\"left\">Salida de datos<\/p>\n<\/td>\n<td colspan=\"4\">\n<p align=\"left\">RS232\u00a0L\u00ednea de datos<\/p>\n<\/td>\n<\/tr>\n<tr>\n<td>\n<p align=\"left\">Frecuencia de actualizaci\u00f3n<\/p>\n<\/td>\n<td colspan=\"4\">\n<p align=\"left\">Aproximadamente 1 segundos<\/p>\n<\/td>\n<\/tr>\n<tr>\n<td>\n<p align=\"left\">Fuente de alimentaci\u00f3n<\/p>\n<\/td>\n<td colspan=\"4\">\n<p align=\"left\">AA\u00a0Bater\u00eda * 4<\/p>\n<\/td>\n<\/tr>\n<tr>\n<td>\n<p align=\"left\">Temperatura de funcionamiento y humedad<\/p>\n<\/td>\n<td colspan=\"4\">\n<p align=\"left\">0~50\u00a0Cel, menos de 80% de humedad relativa<\/p>\n<\/td>\n<\/tr>\n<tr>\n<td>\n<p align=\"left\">Tama\u00f1o del instrumento<\/p>\n<\/td>\n<td colspan=\"4\">\n<p align=\"left\">203*76*38mm<\/p>\n<\/td>\n<\/tr>\n<tr>\n<td>\n<p align=\"left\">Peso<\/p>\n<\/td>\n<td colspan=\"4\">\n<p align=\"left\">515g<\/p>\n<\/td>\n<\/tr>\n<tr>\n<td>\n<p align=\"left\">Montaje<\/p>\n<\/td>\n<td colspan=\"4\">\n<p align=\"left\">Manual, kit de herramientas, bater\u00eda, sensor de velocidad del viento, embalaje<\/p>\n<\/td>\n<\/tr>\n<\/tbody>\n<\/table>\n","protected":false},"featured_media":7890,"comment_status":"open","ping_status":"closed","template":"","meta":{"_joinchat":[]},"product_brand":[],"product_cat":[63],"product_tag":[],"class_list":{"0":"post-7884","1":"product","2":"type-product","3":"status-publish","4":"has-post-thumbnail","6":"product_cat-anemometros","8":"first","9":"instock","10":"shipping-taxable","11":"product-type-simple"},"yoast_head":"<!-- This site is optimized with the Yoast SEO plugin v26.4 - https:\/\/yoast.com\/wordpress\/plugins\/seo\/ -->\n<title>Anem\u00f3metro Filamento Caliente -YK2005AH - Abaa tienda online<\/title>\n<meta name=\"robots\" content=\"index, follow, max-snippet:-1, max-image-preview:large, max-video-preview:-1\" \/>\n<link rel=\"canonical\" href=\"https:\/\/abaa.mx\/tienda\/anemometro-filamento-caliente-yk2005ah\/\" \/>\n<meta property=\"og:locale\" content=\"es_MX\" \/>\n<meta property=\"og:type\" content=\"article\" \/>\n<meta property=\"og:title\" content=\"Anem\u00f3metro Filamento Caliente -YK2005AH - Abaa tienda online\" \/>\n<meta property=\"og:description\" content=\"Anem\u00f3metro de Hilo Ardiente , 0.2 a 20.0 m\/s CMMCFM, Lutron\u00a0El anem\u00f3metro de filamento ardiente YK2005AH es una combinaci\u00f3n de medidor de filamento ardiente y de termistor que distribuci\u00f3n una medici\u00f3n r\u00e1pida y precisa a\u00fan a velocidades de aire muy bajas. Tiene una sonda delgada id\u00f3nea para medici\u00f3n en parrillas y difusores. Con este aparato puede obtener la medici\u00f3n de la velocidad del aire, flu\u00eddo volum\u00e9trico, temperatura del aire y registrar datos a tiempo real.     Caracter\u00edsticas   Rango   Resoluci\u00f3n   Error     Velocidad del viento\u00a0Rango de medici\u00f3n   0.2 ~ 20 m\/s   0.1 m\/s   5%0.1     Unidad de velocidad del viento   M\/s, ft\/min, km\/h, nudo, millas\/h     Temperatura del aire   0~50\u00a0CEL   0.1\u00a0CEL   0.8\u00a0CEL     K\u00a0Tipo de rango de temperatura termoel\u00e9ctrico   -50~-1300\u00a0CEL   0.1\/1\u00a0CEL   (0.2%+0.5\u00a0Cel)     J\u00a0Tipo de rango de temperatura termoel\u00e9ctrico   -100~1100\u00a0CEL   0.1\/1\u00a0CEL   (0.2%+0.5\u00a0Cel)     Flujo de aire   Rango   Resoluci\u00f3n   \u00c1rea     CFM   0 ~ 1271200ft\u00a03\u00a0\/Min   0.001~1   0 ~ 999.9ft\u00a02     CMM   0 ~ 36000 m\u00a03\u00a0\/Min   0.01~100   0 ~ 999.9 m\u00a02     Pantalla   58*34mm LCD\u00a0Pantalla digital de dos l\u00edneas     Almacenamiento de datos   16000\u00a0Meses     Ajuste de la velocidad de muestreo   2\u00a0Segundos para 8 horas\u00a059\u00a0Minuto\u00a059\u00a0Segundo     Salida de datos   RS232\u00a0L\u00ednea de datos     Frecuencia de actualizaci\u00f3n   Aproximadamente 1 segundos     Fuente de alimentaci\u00f3n   AA\u00a0Bater\u00eda * 4     Temperatura de funcionamiento y humedad   0~50\u00a0Cel, menos de 80% de humedad relativa     Tama\u00f1o del instrumento   203*76*38mm     Peso   515g     Montaje   Manual, kit de herramientas, bater\u00eda, sensor de velocidad del viento, embalaje\" \/>\n<meta property=\"og:url\" content=\"https:\/\/abaa.mx\/tienda\/anemometro-filamento-caliente-yk2005ah\/\" \/>\n<meta property=\"og:site_name\" content=\"Abaa tienda online\" \/>\n<meta property=\"article:modified_time\" content=\"2023-10-25T17:02:56+00:00\" \/>\n<meta property=\"og:image\" content=\"https:\/\/abaa.mx\/tienda\/wp-content\/uploads\/2023\/10\/LUTRON-YK20054H.jpg\" \/>\n\t<meta property=\"og:image:width\" content=\"446\" \/>\n\t<meta property=\"og:image:height\" content=\"441\" \/>\n\t<meta property=\"og:image:type\" content=\"image\/jpeg\" \/>\n<meta name=\"twitter:card\" content=\"summary_large_image\" \/>\n<meta name=\"twitter:label1\" content=\"Tiempo de lectura\" \/>\n\t<meta name=\"twitter:data1\" content=\"1 minuto\" \/>\n<script type=\"application\/ld+json\" class=\"yoast-schema-graph\">{\"@context\":\"https:\/\/schema.org\",\"@graph\":[{\"@type\":\"WebPage\",\"@id\":\"https:\/\/abaa.mx\/tienda\/anemometro-filamento-caliente-yk2005ah\/\",\"url\":\"https:\/\/abaa.mx\/tienda\/anemometro-filamento-caliente-yk2005ah\/\",\"name\":\"Anem\u00f3metro Filamento Caliente -YK2005AH - Abaa tienda online\",\"isPartOf\":{\"@id\":\"https:\/\/abaa.mx\/tienda\/#website\"},\"primaryImageOfPage\":{\"@id\":\"https:\/\/abaa.mx\/tienda\/anemometro-filamento-caliente-yk2005ah\/#primaryimage\"},\"image\":{\"@id\":\"https:\/\/abaa.mx\/tienda\/anemometro-filamento-caliente-yk2005ah\/#primaryimage\"},\"thumbnailUrl\":\"https:\/\/abaa.mx\/tienda\/wp-content\/uploads\/2023\/10\/LUTRON-YK20054H.jpg\",\"datePublished\":\"2023-10-25T17:02:55+00:00\",\"dateModified\":\"2023-10-25T17:02:56+00:00\",\"breadcrumb\":{\"@id\":\"https:\/\/abaa.mx\/tienda\/anemometro-filamento-caliente-yk2005ah\/#breadcrumb\"},\"inLanguage\":\"es\",\"potentialAction\":[{\"@type\":\"ReadAction\",\"target\":[\"https:\/\/abaa.mx\/tienda\/anemometro-filamento-caliente-yk2005ah\/\"]}]},{\"@type\":\"ImageObject\",\"inLanguage\":\"es\",\"@id\":\"https:\/\/abaa.mx\/tienda\/anemometro-filamento-caliente-yk2005ah\/#primaryimage\",\"url\":\"https:\/\/abaa.mx\/tienda\/wp-content\/uploads\/2023\/10\/LUTRON-YK20054H.jpg\",\"contentUrl\":\"https:\/\/abaa.mx\/tienda\/wp-content\/uploads\/2023\/10\/LUTRON-YK20054H.jpg\",\"width\":446,\"height\":441,\"caption\":\"LUTRON-YK20054H\"},{\"@type\":\"BreadcrumbList\",\"@id\":\"https:\/\/abaa.mx\/tienda\/anemometro-filamento-caliente-yk2005ah\/#breadcrumb\",\"itemListElement\":[{\"@type\":\"ListItem\",\"position\":1,\"name\":\"Inicio\",\"item\":\"https:\/\/abaa.mx\/tienda\/\"},{\"@type\":\"ListItem\",\"position\":2,\"name\":\"Tienda\",\"item\":\"https:\/\/abaa.mx\/tienda\/\"},{\"@type\":\"ListItem\",\"position\":3,\"name\":\"Anem\u00f3metro Filamento Caliente -YK2005AH\"}]},{\"@type\":\"WebSite\",\"@id\":\"https:\/\/abaa.mx\/tienda\/#website\",\"url\":\"https:\/\/abaa.mx\/tienda\/\",\"name\":\"Abaa tienda online\",\"description\":\"Instrumentos de medici\u00f3n\",\"publisher\":{\"@id\":\"https:\/\/abaa.mx\/tienda\/#organization\"},\"potentialAction\":[{\"@type\":\"SearchAction\",\"target\":{\"@type\":\"EntryPoint\",\"urlTemplate\":\"https:\/\/abaa.mx\/tienda\/?s={search_term_string}\"},\"query-input\":{\"@type\":\"PropertyValueSpecification\",\"valueRequired\":true,\"valueName\":\"search_term_string\"}}],\"inLanguage\":\"es\"},{\"@type\":\"Organization\",\"@id\":\"https:\/\/abaa.mx\/tienda\/#organization\",\"name\":\"Abaa tienda online\",\"url\":\"https:\/\/abaa.mx\/tienda\/\",\"logo\":{\"@type\":\"ImageObject\",\"inLanguage\":\"es\",\"@id\":\"https:\/\/abaa.mx\/tienda\/#\/schema\/logo\/image\/\",\"url\":\"https:\/\/abaa.mx\/tienda\/wp-content\/uploads\/2024\/01\/abaa-metrologia-tienda.png\",\"contentUrl\":\"https:\/\/abaa.mx\/tienda\/wp-content\/uploads\/2024\/01\/abaa-metrologia-tienda.png\",\"width\":300,\"height\":141,\"caption\":\"Abaa tienda online\"},\"image\":{\"@id\":\"https:\/\/abaa.mx\/tienda\/#\/schema\/logo\/image\/\"}}]}<\/script>\n<!-- \/ Yoast SEO plugin. -->","yoast_head_json":{"title":"Anem\u00f3metro Filamento Caliente -YK2005AH - Abaa tienda online","robots":{"index":"index","follow":"follow","max-snippet":"max-snippet:-1","max-image-preview":"max-image-preview:large","max-video-preview":"max-video-preview:-1"},"canonical":"https:\/\/abaa.mx\/tienda\/anemometro-filamento-caliente-yk2005ah\/","og_locale":"es_MX","og_type":"article","og_title":"Anem\u00f3metro Filamento Caliente -YK2005AH - Abaa tienda online","og_description":"Anem\u00f3metro de Hilo Ardiente , 0.2 a 20.0 m\/s CMMCFM, Lutron\u00a0El anem\u00f3metro de filamento ardiente YK2005AH es una combinaci\u00f3n de medidor de filamento ardiente y de termistor que distribuci\u00f3n una medici\u00f3n r\u00e1pida y precisa a\u00fan a velocidades de aire muy bajas. Tiene una sonda delgada id\u00f3nea para medici\u00f3n en parrillas y difusores. Con este aparato puede obtener la medici\u00f3n de la velocidad del aire, flu\u00eddo volum\u00e9trico, temperatura del aire y registrar datos a tiempo real.     Caracter\u00edsticas   Rango   Resoluci\u00f3n   Error     Velocidad del viento\u00a0Rango de medici\u00f3n   0.2 ~ 20 m\/s   0.1 m\/s   5%0.1     Unidad de velocidad del viento   M\/s, ft\/min, km\/h, nudo, millas\/h     Temperatura del aire   0~50\u00a0CEL   0.1\u00a0CEL   0.8\u00a0CEL     K\u00a0Tipo de rango de temperatura termoel\u00e9ctrico   -50~-1300\u00a0CEL   0.1\/1\u00a0CEL   (0.2%+0.5\u00a0Cel)     J\u00a0Tipo de rango de temperatura termoel\u00e9ctrico   -100~1100\u00a0CEL   0.1\/1\u00a0CEL   (0.2%+0.5\u00a0Cel)     Flujo de aire   Rango   Resoluci\u00f3n   \u00c1rea     CFM   0 ~ 1271200ft\u00a03\u00a0\/Min   0.001~1   0 ~ 999.9ft\u00a02     CMM   0 ~ 36000 m\u00a03\u00a0\/Min   0.01~100   0 ~ 999.9 m\u00a02     Pantalla   58*34mm LCD\u00a0Pantalla digital de dos l\u00edneas     Almacenamiento de datos   16000\u00a0Meses     Ajuste de la velocidad de muestreo   2\u00a0Segundos para 8 horas\u00a059\u00a0Minuto\u00a059\u00a0Segundo     Salida de datos   RS232\u00a0L\u00ednea de datos     Frecuencia de actualizaci\u00f3n   Aproximadamente 1 segundos     Fuente de alimentaci\u00f3n   AA\u00a0Bater\u00eda * 4     Temperatura de funcionamiento y humedad   0~50\u00a0Cel, menos de 80% de humedad relativa     Tama\u00f1o del instrumento   203*76*38mm     Peso   515g     Montaje   Manual, kit de herramientas, bater\u00eda, sensor de velocidad del viento, embalaje","og_url":"https:\/\/abaa.mx\/tienda\/anemometro-filamento-caliente-yk2005ah\/","og_site_name":"Abaa tienda online","article_modified_time":"2023-10-25T17:02:56+00:00","og_image":[{"width":446,"height":441,"url":"https:\/\/abaa.mx\/tienda\/wp-content\/uploads\/2023\/10\/LUTRON-YK20054H.jpg","type":"image\/jpeg"}],"twitter_card":"summary_large_image","twitter_misc":{"Tiempo de lectura":"1 minuto"},"schema":{"@context":"https:\/\/schema.org","@graph":[{"@type":"WebPage","@id":"https:\/\/abaa.mx\/tienda\/anemometro-filamento-caliente-yk2005ah\/","url":"https:\/\/abaa.mx\/tienda\/anemometro-filamento-caliente-yk2005ah\/","name":"Anem\u00f3metro Filamento Caliente -YK2005AH - Abaa tienda online","isPartOf":{"@id":"https:\/\/abaa.mx\/tienda\/#website"},"primaryImageOfPage":{"@id":"https:\/\/abaa.mx\/tienda\/anemometro-filamento-caliente-yk2005ah\/#primaryimage"},"image":{"@id":"https:\/\/abaa.mx\/tienda\/anemometro-filamento-caliente-yk2005ah\/#primaryimage"},"thumbnailUrl":"https:\/\/abaa.mx\/tienda\/wp-content\/uploads\/2023\/10\/LUTRON-YK20054H.jpg","datePublished":"2023-10-25T17:02:55+00:00","dateModified":"2023-10-25T17:02:56+00:00","breadcrumb":{"@id":"https:\/\/abaa.mx\/tienda\/anemometro-filamento-caliente-yk2005ah\/#breadcrumb"},"inLanguage":"es","potentialAction":[{"@type":"ReadAction","target":["https:\/\/abaa.mx\/tienda\/anemometro-filamento-caliente-yk2005ah\/"]}]},{"@type":"ImageObject","inLanguage":"es","@id":"https:\/\/abaa.mx\/tienda\/anemometro-filamento-caliente-yk2005ah\/#primaryimage","url":"https:\/\/abaa.mx\/tienda\/wp-content\/uploads\/2023\/10\/LUTRON-YK20054H.jpg","contentUrl":"https:\/\/abaa.mx\/tienda\/wp-content\/uploads\/2023\/10\/LUTRON-YK20054H.jpg","width":446,"height":441,"caption":"LUTRON-YK20054H"},{"@type":"BreadcrumbList","@id":"https:\/\/abaa.mx\/tienda\/anemometro-filamento-caliente-yk2005ah\/#breadcrumb","itemListElement":[{"@type":"ListItem","position":1,"name":"Inicio","item":"https:\/\/abaa.mx\/tienda\/"},{"@type":"ListItem","position":2,"name":"Tienda","item":"https:\/\/abaa.mx\/tienda\/"},{"@type":"ListItem","position":3,"name":"Anem\u00f3metro Filamento Caliente -YK2005AH"}]},{"@type":"WebSite","@id":"https:\/\/abaa.mx\/tienda\/#website","url":"https:\/\/abaa.mx\/tienda\/","name":"Abaa tienda online","description":"Instrumentos de medici\u00f3n","publisher":{"@id":"https:\/\/abaa.mx\/tienda\/#organization"},"potentialAction":[{"@type":"SearchAction","target":{"@type":"EntryPoint","urlTemplate":"https:\/\/abaa.mx\/tienda\/?s={search_term_string}"},"query-input":{"@type":"PropertyValueSpecification","valueRequired":true,"valueName":"search_term_string"}}],"inLanguage":"es"},{"@type":"Organization","@id":"https:\/\/abaa.mx\/tienda\/#organization","name":"Abaa tienda online","url":"https:\/\/abaa.mx\/tienda\/","logo":{"@type":"ImageObject","inLanguage":"es","@id":"https:\/\/abaa.mx\/tienda\/#\/schema\/logo\/image\/","url":"https:\/\/abaa.mx\/tienda\/wp-content\/uploads\/2024\/01\/abaa-metrologia-tienda.png","contentUrl":"https:\/\/abaa.mx\/tienda\/wp-content\/uploads\/2024\/01\/abaa-metrologia-tienda.png","width":300,"height":141,"caption":"Abaa tienda online"},"image":{"@id":"https:\/\/abaa.mx\/tienda\/#\/schema\/logo\/image\/"}}]}},"_links":{"self":[{"href":"https:\/\/abaa.mx\/tienda\/wp-json\/wp\/v2\/product\/7884","targetHints":{"allow":["GET"]}}],"collection":[{"href":"https:\/\/abaa.mx\/tienda\/wp-json\/wp\/v2\/product"}],"about":[{"href":"https:\/\/abaa.mx\/tienda\/wp-json\/wp\/v2\/types\/product"}],"replies":[{"embeddable":true,"href":"https:\/\/abaa.mx\/tienda\/wp-json\/wp\/v2\/comments?post=7884"}],"wp:featuredmedia":[{"embeddable":true,"href":"https:\/\/abaa.mx\/tienda\/wp-json\/wp\/v2\/media\/7890"}],"wp:attachment":[{"href":"https:\/\/abaa.mx\/tienda\/wp-json\/wp\/v2\/media?parent=7884"}],"wp:term":[{"taxonomy":"product_brand","embeddable":true,"href":"https:\/\/abaa.mx\/tienda\/wp-json\/wp\/v2\/product_brand?post=7884"},{"taxonomy":"product_cat","embeddable":true,"href":"https:\/\/abaa.mx\/tienda\/wp-json\/wp\/v2\/product_cat?post=7884"},{"taxonomy":"product_tag","embeddable":true,"href":"https:\/\/abaa.mx\/tienda\/wp-json\/wp\/v2\/product_tag?post=7884"}],"curies":[{"name":"wp","href":"https:\/\/api.w.org\/{rel}","templated":true}]}}