{"id":7880,"date":"2023-10-25T16:55:39","date_gmt":"2023-10-25T16:55:39","guid":{"rendered":"https:\/\/abaa.mx\/tienda\/?post_type=product&#038;p=7880"},"modified":"2023-10-25T16:55:39","modified_gmt":"2023-10-25T16:55:39","slug":"anemometro-inalambrico-para-grua-fija-receptor-fa220w","status":"publish","type":"product","link":"https:\/\/abaa.mx\/tienda\/anemometro-inalambrico-para-grua-fija-receptor-fa220w\/","title":{"rendered":"Anem\u00f3metro inal\u00e1mbrico para gr\u00faa fija -Receptor -FA220W"},"content":{"rendered":"<p>Anem\u00f3metro inal\u00e1mbrico para gr\u00faa fija -Receptor -FA220W<\/p>\n","protected":false},"excerpt":{"rendered":"<p>FICHA T\u00c9CNICA:<\/p>\n<p>EL anem\u00f3metro de gr\u00faa es un aparato modular que necesita de tres elementos imprescindibles para efectuar una medici\u00f3n.<\/p>\n<p>El primer elemento es un sensor de agilidad de viento tipo copa (transductor) que genera la senal de medici\u00f3n. Modelo: NA-FA133A<br \/>\nEl segundo elemento es un transmisor que recibe la senal de medici\u00f3n y la transmite de forma inal\u00e1mbrica a una distancia de hasta 200 metros on line recta (sin \u00f3bices ). Este elemento se conecta en estructuras y necesita alimentaci\u00f3n de corriente directa comunmente libre en gr\u00faas y maquinaria. Modelo: FA232W<br \/>\nPor \u00faltimo se necesita de un receptor que interpreta la senal del transductor y la transforma en un valor num\u00e9rico. El receptor tiene capacidad de memoria y emite pulsos el\u00e9ctricos que tienen la posibilidad de aprovecharse para activar torretas o alarmas perceptibles. Modelo: NA-FA220<br \/>\nEl diseno del receptor esta en especial disenado para empleo en para plantas de energ\u00eda el\u00e9ctrica, puertos, f\u00e1bricas y minas, generadores de viento de esta manera para grandes equipos mec\u00e1nicos.<br \/>\nEspecificaciones primordiales :<br \/>\nEl receptor se debe usar con el transmisor FA232W. Alarma de zumbador. Diseno con tamano pequeno, pantalla de cuatro d\u00edgitos y diecis\u00e9is direcciones del viento. Agilidad del viento y la escala de visualizaci\u00f3n del viento (seleccionable). Con registrador de datos de tarjetas SD, la tarjeta SD 4G, incorporado en el sistema de sincronizaci\u00f3n, agilidad del viento y la direcci\u00f3n de registro continuo de m\u00e1s de 3 anos. Viene con programa de an\u00e1lisis para PC. Tiene puertos de senal de salida de 4-20 mA, se puede conectar al PLC.<\/p>\n","protected":false},"featured_media":7886,"comment_status":"open","ping_status":"closed","template":"","meta":{"_joinchat":[]},"product_brand":[],"product_cat":[63],"product_tag":[],"class_list":{"0":"post-7880","1":"product","2":"type-product","3":"status-publish","4":"has-post-thumbnail","6":"product_cat-anemometros","8":"first","9":"instock","10":"shipping-taxable","11":"product-type-simple"},"yoast_head":"<!-- This site is optimized with the Yoast SEO plugin v26.4 - https:\/\/yoast.com\/wordpress\/plugins\/seo\/ -->\n<title>Anem\u00f3metro inal\u00e1mbrico para gr\u00faa fija -Receptor -FA220W - Abaa tienda online<\/title>\n<meta name=\"robots\" content=\"index, follow, max-snippet:-1, max-image-preview:large, max-video-preview:-1\" \/>\n<link rel=\"canonical\" href=\"https:\/\/abaa.mx\/tienda\/anemometro-inalambrico-para-grua-fija-receptor-fa220w\/\" \/>\n<meta property=\"og:locale\" content=\"es_MX\" \/>\n<meta property=\"og:type\" content=\"article\" \/>\n<meta property=\"og:title\" content=\"Anem\u00f3metro inal\u00e1mbrico para gr\u00faa fija -Receptor -FA220W - Abaa tienda online\" \/>\n<meta property=\"og:description\" content=\"FICHA T\u00c9CNICA:  EL anem\u00f3metro de gr\u00faa es un aparato modular que necesita de tres elementos imprescindibles para efectuar una medici\u00f3n.  El primer elemento es un sensor de agilidad de viento tipo copa (transductor) que genera la senal de medici\u00f3n. Modelo: NA-FA133A El segundo elemento es un transmisor que recibe la senal de medici\u00f3n y la transmite de forma inal\u00e1mbrica a una distancia de hasta 200 metros on line recta (sin \u00f3bices ). Este elemento se conecta en estructuras y necesita alimentaci\u00f3n de corriente directa comunmente libre en gr\u00faas y maquinaria. Modelo: FA232W Por \u00faltimo se necesita de un receptor que interpreta la senal del transductor y la transforma en un valor num\u00e9rico. El receptor tiene capacidad de memoria y emite pulsos el\u00e9ctricos que tienen la posibilidad de aprovecharse para activar torretas o alarmas perceptibles. Modelo: NA-FA220 El diseno del receptor esta en especial disenado para empleo en para plantas de energ\u00eda el\u00e9ctrica, puertos, f\u00e1bricas y minas, generadores de viento de esta manera para grandes equipos mec\u00e1nicos. Especificaciones primordiales : El receptor se debe usar con el transmisor FA232W. Alarma de zumbador. Diseno con tamano pequeno, pantalla de cuatro d\u00edgitos y diecis\u00e9is direcciones del viento. Agilidad del viento y la escala de visualizaci\u00f3n del viento (seleccionable). Con registrador de datos de tarjetas SD, la tarjeta SD 4G, incorporado en el sistema de sincronizaci\u00f3n, agilidad del viento y la direcci\u00f3n de registro continuo de m\u00e1s de 3 anos. Viene con programa de an\u00e1lisis para PC. Tiene puertos de senal de salida de 4-20 mA, se puede conectar al PLC.\" \/>\n<meta property=\"og:url\" content=\"https:\/\/abaa.mx\/tienda\/anemometro-inalambrico-para-grua-fija-receptor-fa220w\/\" \/>\n<meta property=\"og:site_name\" content=\"Abaa tienda online\" \/>\n<meta property=\"og:image\" content=\"https:\/\/abaa.mx\/tienda\/wp-content\/uploads\/2023\/10\/NANHUA-FA220W.jpg\" \/>\n\t<meta property=\"og:image:width\" content=\"470\" \/>\n\t<meta property=\"og:image:height\" content=\"306\" \/>\n\t<meta property=\"og:image:type\" content=\"image\/jpeg\" \/>\n<meta name=\"twitter:card\" content=\"summary_large_image\" \/>\n<meta name=\"twitter:label1\" content=\"Tiempo de lectura\" \/>\n\t<meta name=\"twitter:data1\" content=\"1 minuto\" \/>\n<script type=\"application\/ld+json\" class=\"yoast-schema-graph\">{\"@context\":\"https:\/\/schema.org\",\"@graph\":[{\"@type\":\"WebPage\",\"@id\":\"https:\/\/abaa.mx\/tienda\/anemometro-inalambrico-para-grua-fija-receptor-fa220w\/\",\"url\":\"https:\/\/abaa.mx\/tienda\/anemometro-inalambrico-para-grua-fija-receptor-fa220w\/\",\"name\":\"Anem\u00f3metro inal\u00e1mbrico para gr\u00faa fija -Receptor -FA220W - Abaa tienda online\",\"isPartOf\":{\"@id\":\"https:\/\/abaa.mx\/tienda\/#website\"},\"primaryImageOfPage\":{\"@id\":\"https:\/\/abaa.mx\/tienda\/anemometro-inalambrico-para-grua-fija-receptor-fa220w\/#primaryimage\"},\"image\":{\"@id\":\"https:\/\/abaa.mx\/tienda\/anemometro-inalambrico-para-grua-fija-receptor-fa220w\/#primaryimage\"},\"thumbnailUrl\":\"https:\/\/abaa.mx\/tienda\/wp-content\/uploads\/2023\/10\/NANHUA-FA220W.jpg\",\"datePublished\":\"2023-10-25T16:55:39+00:00\",\"breadcrumb\":{\"@id\":\"https:\/\/abaa.mx\/tienda\/anemometro-inalambrico-para-grua-fija-receptor-fa220w\/#breadcrumb\"},\"inLanguage\":\"es\",\"potentialAction\":[{\"@type\":\"ReadAction\",\"target\":[\"https:\/\/abaa.mx\/tienda\/anemometro-inalambrico-para-grua-fija-receptor-fa220w\/\"]}]},{\"@type\":\"ImageObject\",\"inLanguage\":\"es\",\"@id\":\"https:\/\/abaa.mx\/tienda\/anemometro-inalambrico-para-grua-fija-receptor-fa220w\/#primaryimage\",\"url\":\"https:\/\/abaa.mx\/tienda\/wp-content\/uploads\/2023\/10\/NANHUA-FA220W.jpg\",\"contentUrl\":\"https:\/\/abaa.mx\/tienda\/wp-content\/uploads\/2023\/10\/NANHUA-FA220W.jpg\",\"width\":470,\"height\":306,\"caption\":\"NANHUA-FA220W\"},{\"@type\":\"BreadcrumbList\",\"@id\":\"https:\/\/abaa.mx\/tienda\/anemometro-inalambrico-para-grua-fija-receptor-fa220w\/#breadcrumb\",\"itemListElement\":[{\"@type\":\"ListItem\",\"position\":1,\"name\":\"Inicio\",\"item\":\"https:\/\/abaa.mx\/tienda\/\"},{\"@type\":\"ListItem\",\"position\":2,\"name\":\"Tienda\",\"item\":\"https:\/\/abaa.mx\/tienda\/\"},{\"@type\":\"ListItem\",\"position\":3,\"name\":\"Anem\u00f3metro inal\u00e1mbrico para gr\u00faa fija -Receptor -FA220W\"}]},{\"@type\":\"WebSite\",\"@id\":\"https:\/\/abaa.mx\/tienda\/#website\",\"url\":\"https:\/\/abaa.mx\/tienda\/\",\"name\":\"Abaa tienda online\",\"description\":\"Instrumentos de medici\u00f3n\",\"publisher\":{\"@id\":\"https:\/\/abaa.mx\/tienda\/#organization\"},\"potentialAction\":[{\"@type\":\"SearchAction\",\"target\":{\"@type\":\"EntryPoint\",\"urlTemplate\":\"https:\/\/abaa.mx\/tienda\/?s={search_term_string}\"},\"query-input\":{\"@type\":\"PropertyValueSpecification\",\"valueRequired\":true,\"valueName\":\"search_term_string\"}}],\"inLanguage\":\"es\"},{\"@type\":\"Organization\",\"@id\":\"https:\/\/abaa.mx\/tienda\/#organization\",\"name\":\"Abaa tienda online\",\"url\":\"https:\/\/abaa.mx\/tienda\/\",\"logo\":{\"@type\":\"ImageObject\",\"inLanguage\":\"es\",\"@id\":\"https:\/\/abaa.mx\/tienda\/#\/schema\/logo\/image\/\",\"url\":\"https:\/\/abaa.mx\/tienda\/wp-content\/uploads\/2024\/01\/abaa-metrologia-tienda.png\",\"contentUrl\":\"https:\/\/abaa.mx\/tienda\/wp-content\/uploads\/2024\/01\/abaa-metrologia-tienda.png\",\"width\":300,\"height\":141,\"caption\":\"Abaa tienda online\"},\"image\":{\"@id\":\"https:\/\/abaa.mx\/tienda\/#\/schema\/logo\/image\/\"}}]}<\/script>\n<!-- \/ Yoast SEO plugin. -->","yoast_head_json":{"title":"Anem\u00f3metro inal\u00e1mbrico para gr\u00faa fija -Receptor -FA220W - Abaa tienda online","robots":{"index":"index","follow":"follow","max-snippet":"max-snippet:-1","max-image-preview":"max-image-preview:large","max-video-preview":"max-video-preview:-1"},"canonical":"https:\/\/abaa.mx\/tienda\/anemometro-inalambrico-para-grua-fija-receptor-fa220w\/","og_locale":"es_MX","og_type":"article","og_title":"Anem\u00f3metro inal\u00e1mbrico para gr\u00faa fija -Receptor -FA220W - Abaa tienda online","og_description":"FICHA T\u00c9CNICA:  EL anem\u00f3metro de gr\u00faa es un aparato modular que necesita de tres elementos imprescindibles para efectuar una medici\u00f3n.  El primer elemento es un sensor de agilidad de viento tipo copa (transductor) que genera la senal de medici\u00f3n. Modelo: NA-FA133A El segundo elemento es un transmisor que recibe la senal de medici\u00f3n y la transmite de forma inal\u00e1mbrica a una distancia de hasta 200 metros on line recta (sin \u00f3bices ). Este elemento se conecta en estructuras y necesita alimentaci\u00f3n de corriente directa comunmente libre en gr\u00faas y maquinaria. Modelo: FA232W Por \u00faltimo se necesita de un receptor que interpreta la senal del transductor y la transforma en un valor num\u00e9rico. El receptor tiene capacidad de memoria y emite pulsos el\u00e9ctricos que tienen la posibilidad de aprovecharse para activar torretas o alarmas perceptibles. Modelo: NA-FA220 El diseno del receptor esta en especial disenado para empleo en para plantas de energ\u00eda el\u00e9ctrica, puertos, f\u00e1bricas y minas, generadores de viento de esta manera para grandes equipos mec\u00e1nicos. Especificaciones primordiales : El receptor se debe usar con el transmisor FA232W. Alarma de zumbador. Diseno con tamano pequeno, pantalla de cuatro d\u00edgitos y diecis\u00e9is direcciones del viento. Agilidad del viento y la escala de visualizaci\u00f3n del viento (seleccionable). Con registrador de datos de tarjetas SD, la tarjeta SD 4G, incorporado en el sistema de sincronizaci\u00f3n, agilidad del viento y la direcci\u00f3n de registro continuo de m\u00e1s de 3 anos. Viene con programa de an\u00e1lisis para PC. Tiene puertos de senal de salida de 4-20 mA, se puede conectar al PLC.","og_url":"https:\/\/abaa.mx\/tienda\/anemometro-inalambrico-para-grua-fija-receptor-fa220w\/","og_site_name":"Abaa tienda online","og_image":[{"width":470,"height":306,"url":"https:\/\/abaa.mx\/tienda\/wp-content\/uploads\/2023\/10\/NANHUA-FA220W.jpg","type":"image\/jpeg"}],"twitter_card":"summary_large_image","twitter_misc":{"Tiempo de lectura":"1 minuto"},"schema":{"@context":"https:\/\/schema.org","@graph":[{"@type":"WebPage","@id":"https:\/\/abaa.mx\/tienda\/anemometro-inalambrico-para-grua-fija-receptor-fa220w\/","url":"https:\/\/abaa.mx\/tienda\/anemometro-inalambrico-para-grua-fija-receptor-fa220w\/","name":"Anem\u00f3metro inal\u00e1mbrico para gr\u00faa fija -Receptor -FA220W - Abaa tienda online","isPartOf":{"@id":"https:\/\/abaa.mx\/tienda\/#website"},"primaryImageOfPage":{"@id":"https:\/\/abaa.mx\/tienda\/anemometro-inalambrico-para-grua-fija-receptor-fa220w\/#primaryimage"},"image":{"@id":"https:\/\/abaa.mx\/tienda\/anemometro-inalambrico-para-grua-fija-receptor-fa220w\/#primaryimage"},"thumbnailUrl":"https:\/\/abaa.mx\/tienda\/wp-content\/uploads\/2023\/10\/NANHUA-FA220W.jpg","datePublished":"2023-10-25T16:55:39+00:00","breadcrumb":{"@id":"https:\/\/abaa.mx\/tienda\/anemometro-inalambrico-para-grua-fija-receptor-fa220w\/#breadcrumb"},"inLanguage":"es","potentialAction":[{"@type":"ReadAction","target":["https:\/\/abaa.mx\/tienda\/anemometro-inalambrico-para-grua-fija-receptor-fa220w\/"]}]},{"@type":"ImageObject","inLanguage":"es","@id":"https:\/\/abaa.mx\/tienda\/anemometro-inalambrico-para-grua-fija-receptor-fa220w\/#primaryimage","url":"https:\/\/abaa.mx\/tienda\/wp-content\/uploads\/2023\/10\/NANHUA-FA220W.jpg","contentUrl":"https:\/\/abaa.mx\/tienda\/wp-content\/uploads\/2023\/10\/NANHUA-FA220W.jpg","width":470,"height":306,"caption":"NANHUA-FA220W"},{"@type":"BreadcrumbList","@id":"https:\/\/abaa.mx\/tienda\/anemometro-inalambrico-para-grua-fija-receptor-fa220w\/#breadcrumb","itemListElement":[{"@type":"ListItem","position":1,"name":"Inicio","item":"https:\/\/abaa.mx\/tienda\/"},{"@type":"ListItem","position":2,"name":"Tienda","item":"https:\/\/abaa.mx\/tienda\/"},{"@type":"ListItem","position":3,"name":"Anem\u00f3metro inal\u00e1mbrico para gr\u00faa fija -Receptor -FA220W"}]},{"@type":"WebSite","@id":"https:\/\/abaa.mx\/tienda\/#website","url":"https:\/\/abaa.mx\/tienda\/","name":"Abaa tienda online","description":"Instrumentos de medici\u00f3n","publisher":{"@id":"https:\/\/abaa.mx\/tienda\/#organization"},"potentialAction":[{"@type":"SearchAction","target":{"@type":"EntryPoint","urlTemplate":"https:\/\/abaa.mx\/tienda\/?s={search_term_string}"},"query-input":{"@type":"PropertyValueSpecification","valueRequired":true,"valueName":"search_term_string"}}],"inLanguage":"es"},{"@type":"Organization","@id":"https:\/\/abaa.mx\/tienda\/#organization","name":"Abaa tienda online","url":"https:\/\/abaa.mx\/tienda\/","logo":{"@type":"ImageObject","inLanguage":"es","@id":"https:\/\/abaa.mx\/tienda\/#\/schema\/logo\/image\/","url":"https:\/\/abaa.mx\/tienda\/wp-content\/uploads\/2024\/01\/abaa-metrologia-tienda.png","contentUrl":"https:\/\/abaa.mx\/tienda\/wp-content\/uploads\/2024\/01\/abaa-metrologia-tienda.png","width":300,"height":141,"caption":"Abaa tienda online"},"image":{"@id":"https:\/\/abaa.mx\/tienda\/#\/schema\/logo\/image\/"}}]}},"_links":{"self":[{"href":"https:\/\/abaa.mx\/tienda\/wp-json\/wp\/v2\/product\/7880","targetHints":{"allow":["GET"]}}],"collection":[{"href":"https:\/\/abaa.mx\/tienda\/wp-json\/wp\/v2\/product"}],"about":[{"href":"https:\/\/abaa.mx\/tienda\/wp-json\/wp\/v2\/types\/product"}],"replies":[{"embeddable":true,"href":"https:\/\/abaa.mx\/tienda\/wp-json\/wp\/v2\/comments?post=7880"}],"wp:featuredmedia":[{"embeddable":true,"href":"https:\/\/abaa.mx\/tienda\/wp-json\/wp\/v2\/media\/7886"}],"wp:attachment":[{"href":"https:\/\/abaa.mx\/tienda\/wp-json\/wp\/v2\/media?parent=7880"}],"wp:term":[{"taxonomy":"product_brand","embeddable":true,"href":"https:\/\/abaa.mx\/tienda\/wp-json\/wp\/v2\/product_brand?post=7880"},{"taxonomy":"product_cat","embeddable":true,"href":"https:\/\/abaa.mx\/tienda\/wp-json\/wp\/v2\/product_cat?post=7880"},{"taxonomy":"product_tag","embeddable":true,"href":"https:\/\/abaa.mx\/tienda\/wp-json\/wp\/v2\/product_tag?post=7880"}],"curies":[{"name":"wp","href":"https:\/\/api.w.org\/{rel}","templated":true}]}}