{"id":7878,"date":"2023-10-25T16:47:52","date_gmt":"2023-10-25T16:47:52","guid":{"rendered":"https:\/\/abaa.mx\/tienda\/?post_type=product&#038;p=7878"},"modified":"2023-10-25T16:47:53","modified_gmt":"2023-10-25T16:47:53","slug":"anemometro-multi-funcion-lm8010","status":"publish","type":"product","link":"https:\/\/abaa.mx\/tienda\/anemometro-multi-funcion-lm8010\/","title":{"rendered":"Anem\u00f3metro Multi-Funci\u00f3n &#8211; LM8010"},"content":{"rendered":"<p>Anem\u00f3metro Multi-Funci\u00f3n &#8211; LM8010<\/p>\n","protected":false},"excerpt":{"rendered":"<p>FICHA T\u00c9CNICA:<\/p>\n<p>El modelo LT-LM8010 es un que cuenta en un solo volumen con las funcionalidades de anem\u00f3metro, medidor de flujo de aire, temperatura \/ humedad ambiental, y lux\u00f3metro (medidor de luz). Con forma anat\u00f3mica compacta es de peso ligero y dise\u00f1o m\u00ednimo es adecuado para manejarse con solo una mano. Peculiaridades principales : La correa de mano da una protecci\u00f3n pr\u00e1ctica para el instrumento, especial para la utilizaci\u00f3n con una sola mano. Dise\u00f1o de aspas con rodamiento esf\u00e9rico de baja fricci\u00f3n que le proporciona una gran precisi\u00f3n en alta y baja agilidad de viento. Exclusivo sensor de luz con foto diodo y filtro de correcci\u00f3n de color. El fantasma cumple con el requerimiento foto pic\u00f3 de la CI.E. Sensor de humedad tipo capacitor de filamento angosto de alta precisi\u00f3n con contestaci\u00f3n r\u00e1pida a los cambios de humedad. Entrada est\u00e1ndar para sonda de temperatura tipo K (NiCr &#8211; NiAl) conveniente para toda clase de termopares tipo \u201cK\u201d (termopar no incluido con el equipo ). Construido con un circuito que viene dentro tipo microprocesador asegur\u00e1ndole un excelente desempe\u00f1o y precisi\u00f3n. Memoriza el valor m\u00e1ximo y m\u00ednimo de una secuencia de pruebas. Active la funci\u00f3n de medici\u00f3n de velocidad del aire con una tecla desde el panel frontal. Deja introducir el \u00e1rea deseada para el c\u00e1lculo del flujo de aire (CFM, CMM). Pantalla multicanal para medici\u00f3n simultanea de las composiciones de temperatura + humedad relativa o temperatura + velocidad de aire. Puede detallar el \u201ccero\u201d de la escala para el lux\u00f3metro a partir de una tecla en el panel frontal. Funci\u00f3n de HOLD que le permite retener la lectura en pantalla.<\/p>\n","protected":false},"featured_media":7883,"comment_status":"open","ping_status":"closed","template":"","meta":{"_joinchat":[]},"product_brand":[],"product_cat":[63],"product_tag":[],"class_list":{"0":"post-7878","1":"product","2":"type-product","3":"status-publish","4":"has-post-thumbnail","6":"product_cat-anemometros","8":"first","9":"instock","10":"shipping-taxable","11":"product-type-simple"},"yoast_head":"<!-- This site is optimized with the Yoast SEO plugin v26.4 - https:\/\/yoast.com\/wordpress\/plugins\/seo\/ -->\n<title>Anem\u00f3metro Multi-Funci\u00f3n - LM8010 - Abaa tienda online<\/title>\n<meta name=\"robots\" content=\"index, follow, max-snippet:-1, max-image-preview:large, max-video-preview:-1\" \/>\n<link rel=\"canonical\" href=\"https:\/\/abaa.mx\/tienda\/anemometro-multi-funcion-lm8010\/\" \/>\n<meta property=\"og:locale\" content=\"es_MX\" \/>\n<meta property=\"og:type\" content=\"article\" \/>\n<meta property=\"og:title\" content=\"Anem\u00f3metro Multi-Funci\u00f3n - LM8010 - Abaa tienda online\" \/>\n<meta property=\"og:description\" content=\"FICHA T\u00c9CNICA:  El modelo LT-LM8010 es un que cuenta en un solo volumen con las funcionalidades de anem\u00f3metro, medidor de flujo de aire, temperatura \/ humedad ambiental, y lux\u00f3metro (medidor de luz). Con forma anat\u00f3mica compacta es de peso ligero y dise\u00f1o m\u00ednimo es adecuado para manejarse con solo una mano. Peculiaridades principales : La correa de mano da una protecci\u00f3n pr\u00e1ctica para el instrumento, especial para la utilizaci\u00f3n con una sola mano. Dise\u00f1o de aspas con rodamiento esf\u00e9rico de baja fricci\u00f3n que le proporciona una gran precisi\u00f3n en alta y baja agilidad de viento. Exclusivo sensor de luz con foto diodo y filtro de correcci\u00f3n de color. El fantasma cumple con el requerimiento foto pic\u00f3 de la CI.E. Sensor de humedad tipo capacitor de filamento angosto de alta precisi\u00f3n con contestaci\u00f3n r\u00e1pida a los cambios de humedad. Entrada est\u00e1ndar para sonda de temperatura tipo K (NiCr - NiAl) conveniente para toda clase de termopares tipo \u201cK\u201d (termopar no incluido con el equipo ). Construido con un circuito que viene dentro tipo microprocesador asegur\u00e1ndole un excelente desempe\u00f1o y precisi\u00f3n. Memoriza el valor m\u00e1ximo y m\u00ednimo de una secuencia de pruebas. Active la funci\u00f3n de medici\u00f3n de velocidad del aire con una tecla desde el panel frontal. Deja introducir el \u00e1rea deseada para el c\u00e1lculo del flujo de aire (CFM, CMM). Pantalla multicanal para medici\u00f3n simultanea de las composiciones de temperatura + humedad relativa o temperatura + velocidad de aire. Puede detallar el \u201ccero\u201d de la escala para el lux\u00f3metro a partir de una tecla en el panel frontal. Funci\u00f3n de HOLD que le permite retener la lectura en pantalla.\" \/>\n<meta property=\"og:url\" content=\"https:\/\/abaa.mx\/tienda\/anemometro-multi-funcion-lm8010\/\" \/>\n<meta property=\"og:site_name\" content=\"Abaa tienda online\" \/>\n<meta property=\"article:modified_time\" content=\"2023-10-25T16:47:53+00:00\" \/>\n<meta property=\"og:image\" content=\"https:\/\/abaa.mx\/tienda\/wp-content\/uploads\/2023\/10\/LUTRON-LM8010.jpg\" \/>\n\t<meta property=\"og:image:width\" content=\"514\" \/>\n\t<meta property=\"og:image:height\" content=\"349\" \/>\n\t<meta property=\"og:image:type\" content=\"image\/jpeg\" \/>\n<meta name=\"twitter:card\" content=\"summary_large_image\" \/>\n<meta name=\"twitter:label1\" content=\"Tiempo de lectura\" \/>\n\t<meta name=\"twitter:data1\" content=\"1 minuto\" \/>\n<script type=\"application\/ld+json\" class=\"yoast-schema-graph\">{\"@context\":\"https:\/\/schema.org\",\"@graph\":[{\"@type\":\"WebPage\",\"@id\":\"https:\/\/abaa.mx\/tienda\/anemometro-multi-funcion-lm8010\/\",\"url\":\"https:\/\/abaa.mx\/tienda\/anemometro-multi-funcion-lm8010\/\",\"name\":\"Anem\u00f3metro Multi-Funci\u00f3n - LM8010 - Abaa tienda online\",\"isPartOf\":{\"@id\":\"https:\/\/abaa.mx\/tienda\/#website\"},\"primaryImageOfPage\":{\"@id\":\"https:\/\/abaa.mx\/tienda\/anemometro-multi-funcion-lm8010\/#primaryimage\"},\"image\":{\"@id\":\"https:\/\/abaa.mx\/tienda\/anemometro-multi-funcion-lm8010\/#primaryimage\"},\"thumbnailUrl\":\"https:\/\/abaa.mx\/tienda\/wp-content\/uploads\/2023\/10\/LUTRON-LM8010.jpg\",\"datePublished\":\"2023-10-25T16:47:52+00:00\",\"dateModified\":\"2023-10-25T16:47:53+00:00\",\"breadcrumb\":{\"@id\":\"https:\/\/abaa.mx\/tienda\/anemometro-multi-funcion-lm8010\/#breadcrumb\"},\"inLanguage\":\"es\",\"potentialAction\":[{\"@type\":\"ReadAction\",\"target\":[\"https:\/\/abaa.mx\/tienda\/anemometro-multi-funcion-lm8010\/\"]}]},{\"@type\":\"ImageObject\",\"inLanguage\":\"es\",\"@id\":\"https:\/\/abaa.mx\/tienda\/anemometro-multi-funcion-lm8010\/#primaryimage\",\"url\":\"https:\/\/abaa.mx\/tienda\/wp-content\/uploads\/2023\/10\/LUTRON-LM8010.jpg\",\"contentUrl\":\"https:\/\/abaa.mx\/tienda\/wp-content\/uploads\/2023\/10\/LUTRON-LM8010.jpg\",\"width\":514,\"height\":349,\"caption\":\"LUTRON-LM8010\"},{\"@type\":\"BreadcrumbList\",\"@id\":\"https:\/\/abaa.mx\/tienda\/anemometro-multi-funcion-lm8010\/#breadcrumb\",\"itemListElement\":[{\"@type\":\"ListItem\",\"position\":1,\"name\":\"Inicio\",\"item\":\"https:\/\/abaa.mx\/tienda\/\"},{\"@type\":\"ListItem\",\"position\":2,\"name\":\"Tienda\",\"item\":\"https:\/\/abaa.mx\/tienda\/\"},{\"@type\":\"ListItem\",\"position\":3,\"name\":\"Anem\u00f3metro Multi-Funci\u00f3n &#8211; LM8010\"}]},{\"@type\":\"WebSite\",\"@id\":\"https:\/\/abaa.mx\/tienda\/#website\",\"url\":\"https:\/\/abaa.mx\/tienda\/\",\"name\":\"Abaa tienda online\",\"description\":\"Instrumentos de medici\u00f3n\",\"publisher\":{\"@id\":\"https:\/\/abaa.mx\/tienda\/#organization\"},\"potentialAction\":[{\"@type\":\"SearchAction\",\"target\":{\"@type\":\"EntryPoint\",\"urlTemplate\":\"https:\/\/abaa.mx\/tienda\/?s={search_term_string}\"},\"query-input\":{\"@type\":\"PropertyValueSpecification\",\"valueRequired\":true,\"valueName\":\"search_term_string\"}}],\"inLanguage\":\"es\"},{\"@type\":\"Organization\",\"@id\":\"https:\/\/abaa.mx\/tienda\/#organization\",\"name\":\"Abaa tienda online\",\"url\":\"https:\/\/abaa.mx\/tienda\/\",\"logo\":{\"@type\":\"ImageObject\",\"inLanguage\":\"es\",\"@id\":\"https:\/\/abaa.mx\/tienda\/#\/schema\/logo\/image\/\",\"url\":\"https:\/\/abaa.mx\/tienda\/wp-content\/uploads\/2024\/01\/abaa-metrologia-tienda.png\",\"contentUrl\":\"https:\/\/abaa.mx\/tienda\/wp-content\/uploads\/2024\/01\/abaa-metrologia-tienda.png\",\"width\":300,\"height\":141,\"caption\":\"Abaa tienda online\"},\"image\":{\"@id\":\"https:\/\/abaa.mx\/tienda\/#\/schema\/logo\/image\/\"}}]}<\/script>\n<!-- \/ Yoast SEO plugin. -->","yoast_head_json":{"title":"Anem\u00f3metro Multi-Funci\u00f3n - LM8010 - Abaa tienda online","robots":{"index":"index","follow":"follow","max-snippet":"max-snippet:-1","max-image-preview":"max-image-preview:large","max-video-preview":"max-video-preview:-1"},"canonical":"https:\/\/abaa.mx\/tienda\/anemometro-multi-funcion-lm8010\/","og_locale":"es_MX","og_type":"article","og_title":"Anem\u00f3metro Multi-Funci\u00f3n - LM8010 - Abaa tienda online","og_description":"FICHA T\u00c9CNICA:  El modelo LT-LM8010 es un que cuenta en un solo volumen con las funcionalidades de anem\u00f3metro, medidor de flujo de aire, temperatura \/ humedad ambiental, y lux\u00f3metro (medidor de luz). Con forma anat\u00f3mica compacta es de peso ligero y dise\u00f1o m\u00ednimo es adecuado para manejarse con solo una mano. Peculiaridades principales : La correa de mano da una protecci\u00f3n pr\u00e1ctica para el instrumento, especial para la utilizaci\u00f3n con una sola mano. Dise\u00f1o de aspas con rodamiento esf\u00e9rico de baja fricci\u00f3n que le proporciona una gran precisi\u00f3n en alta y baja agilidad de viento. Exclusivo sensor de luz con foto diodo y filtro de correcci\u00f3n de color. El fantasma cumple con el requerimiento foto pic\u00f3 de la CI.E. Sensor de humedad tipo capacitor de filamento angosto de alta precisi\u00f3n con contestaci\u00f3n r\u00e1pida a los cambios de humedad. Entrada est\u00e1ndar para sonda de temperatura tipo K (NiCr - NiAl) conveniente para toda clase de termopares tipo \u201cK\u201d (termopar no incluido con el equipo ). Construido con un circuito que viene dentro tipo microprocesador asegur\u00e1ndole un excelente desempe\u00f1o y precisi\u00f3n. Memoriza el valor m\u00e1ximo y m\u00ednimo de una secuencia de pruebas. Active la funci\u00f3n de medici\u00f3n de velocidad del aire con una tecla desde el panel frontal. Deja introducir el \u00e1rea deseada para el c\u00e1lculo del flujo de aire (CFM, CMM). Pantalla multicanal para medici\u00f3n simultanea de las composiciones de temperatura + humedad relativa o temperatura + velocidad de aire. Puede detallar el \u201ccero\u201d de la escala para el lux\u00f3metro a partir de una tecla en el panel frontal. Funci\u00f3n de HOLD que le permite retener la lectura en pantalla.","og_url":"https:\/\/abaa.mx\/tienda\/anemometro-multi-funcion-lm8010\/","og_site_name":"Abaa tienda online","article_modified_time":"2023-10-25T16:47:53+00:00","og_image":[{"width":514,"height":349,"url":"https:\/\/abaa.mx\/tienda\/wp-content\/uploads\/2023\/10\/LUTRON-LM8010.jpg","type":"image\/jpeg"}],"twitter_card":"summary_large_image","twitter_misc":{"Tiempo de lectura":"1 minuto"},"schema":{"@context":"https:\/\/schema.org","@graph":[{"@type":"WebPage","@id":"https:\/\/abaa.mx\/tienda\/anemometro-multi-funcion-lm8010\/","url":"https:\/\/abaa.mx\/tienda\/anemometro-multi-funcion-lm8010\/","name":"Anem\u00f3metro Multi-Funci\u00f3n - LM8010 - Abaa tienda online","isPartOf":{"@id":"https:\/\/abaa.mx\/tienda\/#website"},"primaryImageOfPage":{"@id":"https:\/\/abaa.mx\/tienda\/anemometro-multi-funcion-lm8010\/#primaryimage"},"image":{"@id":"https:\/\/abaa.mx\/tienda\/anemometro-multi-funcion-lm8010\/#primaryimage"},"thumbnailUrl":"https:\/\/abaa.mx\/tienda\/wp-content\/uploads\/2023\/10\/LUTRON-LM8010.jpg","datePublished":"2023-10-25T16:47:52+00:00","dateModified":"2023-10-25T16:47:53+00:00","breadcrumb":{"@id":"https:\/\/abaa.mx\/tienda\/anemometro-multi-funcion-lm8010\/#breadcrumb"},"inLanguage":"es","potentialAction":[{"@type":"ReadAction","target":["https:\/\/abaa.mx\/tienda\/anemometro-multi-funcion-lm8010\/"]}]},{"@type":"ImageObject","inLanguage":"es","@id":"https:\/\/abaa.mx\/tienda\/anemometro-multi-funcion-lm8010\/#primaryimage","url":"https:\/\/abaa.mx\/tienda\/wp-content\/uploads\/2023\/10\/LUTRON-LM8010.jpg","contentUrl":"https:\/\/abaa.mx\/tienda\/wp-content\/uploads\/2023\/10\/LUTRON-LM8010.jpg","width":514,"height":349,"caption":"LUTRON-LM8010"},{"@type":"BreadcrumbList","@id":"https:\/\/abaa.mx\/tienda\/anemometro-multi-funcion-lm8010\/#breadcrumb","itemListElement":[{"@type":"ListItem","position":1,"name":"Inicio","item":"https:\/\/abaa.mx\/tienda\/"},{"@type":"ListItem","position":2,"name":"Tienda","item":"https:\/\/abaa.mx\/tienda\/"},{"@type":"ListItem","position":3,"name":"Anem\u00f3metro Multi-Funci\u00f3n &#8211; LM8010"}]},{"@type":"WebSite","@id":"https:\/\/abaa.mx\/tienda\/#website","url":"https:\/\/abaa.mx\/tienda\/","name":"Abaa tienda online","description":"Instrumentos de medici\u00f3n","publisher":{"@id":"https:\/\/abaa.mx\/tienda\/#organization"},"potentialAction":[{"@type":"SearchAction","target":{"@type":"EntryPoint","urlTemplate":"https:\/\/abaa.mx\/tienda\/?s={search_term_string}"},"query-input":{"@type":"PropertyValueSpecification","valueRequired":true,"valueName":"search_term_string"}}],"inLanguage":"es"},{"@type":"Organization","@id":"https:\/\/abaa.mx\/tienda\/#organization","name":"Abaa tienda online","url":"https:\/\/abaa.mx\/tienda\/","logo":{"@type":"ImageObject","inLanguage":"es","@id":"https:\/\/abaa.mx\/tienda\/#\/schema\/logo\/image\/","url":"https:\/\/abaa.mx\/tienda\/wp-content\/uploads\/2024\/01\/abaa-metrologia-tienda.png","contentUrl":"https:\/\/abaa.mx\/tienda\/wp-content\/uploads\/2024\/01\/abaa-metrologia-tienda.png","width":300,"height":141,"caption":"Abaa tienda online"},"image":{"@id":"https:\/\/abaa.mx\/tienda\/#\/schema\/logo\/image\/"}}]}},"_links":{"self":[{"href":"https:\/\/abaa.mx\/tienda\/wp-json\/wp\/v2\/product\/7878","targetHints":{"allow":["GET"]}}],"collection":[{"href":"https:\/\/abaa.mx\/tienda\/wp-json\/wp\/v2\/product"}],"about":[{"href":"https:\/\/abaa.mx\/tienda\/wp-json\/wp\/v2\/types\/product"}],"replies":[{"embeddable":true,"href":"https:\/\/abaa.mx\/tienda\/wp-json\/wp\/v2\/comments?post=7878"}],"wp:featuredmedia":[{"embeddable":true,"href":"https:\/\/abaa.mx\/tienda\/wp-json\/wp\/v2\/media\/7883"}],"wp:attachment":[{"href":"https:\/\/abaa.mx\/tienda\/wp-json\/wp\/v2\/media?parent=7878"}],"wp:term":[{"taxonomy":"product_brand","embeddable":true,"href":"https:\/\/abaa.mx\/tienda\/wp-json\/wp\/v2\/product_brand?post=7878"},{"taxonomy":"product_cat","embeddable":true,"href":"https:\/\/abaa.mx\/tienda\/wp-json\/wp\/v2\/product_cat?post=7878"},{"taxonomy":"product_tag","embeddable":true,"href":"https:\/\/abaa.mx\/tienda\/wp-json\/wp\/v2\/product_tag?post=7878"}],"curies":[{"name":"wp","href":"https:\/\/api.w.org\/{rel}","templated":true}]}}