{"id":7877,"date":"2023-10-25T16:44:00","date_gmt":"2023-10-25T16:44:00","guid":{"rendered":"https:\/\/abaa.mx\/tienda\/?post_type=product&#038;p=7877"},"modified":"2023-10-25T16:44:01","modified_gmt":"2023-10-25T16:44:01","slug":"sensor-de-velocidad-fa133a","status":"publish","type":"product","link":"https:\/\/abaa.mx\/tienda\/sensor-de-velocidad-fa133a\/","title":{"rendered":"Sensor de velocidad &#8211; FA133A"},"content":{"rendered":"<p>Sensor de velocidad &#8211; FA133A<\/p>\n","protected":false},"excerpt":{"rendered":"<ul>\n<li>El sensor de velocidad del viento utiliza una carcasa met\u00e1lica, resistente a la corrosi\u00f3n y resistente al viento.<\/li>\n<li>El material de la ventosa es de acero inoxidable, puede utilizarse en condiciones adversas.<\/li>\n<li>Sensor de tolerancia a fallos de dise\u00f1o, el sensor no se da\u00f1ar\u00e1, incluso un cableado incorrecto.<\/li>\n<li>Medici\u00f3n de la velocidad del viento con una amplia gama, arranque de velocidad baja del viento.<\/li>\n<li>Datos del sensor recogidos con alta precisi\u00f3n y fiabilidad.<\/li>\n<li>El sensor del anem\u00f3metro utiliza el principio de medici\u00f3n del sensor magn\u00e9tico.<\/li>\n<li>instalaci\u00f3n y mantenimiento.<\/li>\n<li>Dise\u00f1o compacto del sensor, ajuste de la medici\u00f3n de la velocidad del viento, dispositivo de calentamiento en uno, f\u00e1cil<\/li>\n<li>Amplio rango de tensi\u00f3n de alimentaci\u00f3n.<\/li>\n<li>capacidad<\/li>\n<li>Dise\u00f1o de protecci\u00f3n contra sobretensiones.<\/li>\n<\/ul>\n","protected":false},"featured_media":7881,"comment_status":"open","ping_status":"closed","template":"","meta":{"_joinchat":[]},"product_brand":[],"product_cat":[63],"product_tag":[],"class_list":{"0":"post-7877","1":"product","2":"type-product","3":"status-publish","4":"has-post-thumbnail","6":"product_cat-anemometros","8":"first","9":"instock","10":"shipping-taxable","11":"product-type-simple"},"yoast_head":"<!-- This site is optimized with the Yoast SEO plugin v26.4 - https:\/\/yoast.com\/wordpress\/plugins\/seo\/ -->\n<title>Sensor de velocidad - FA133A - Abaa tienda online<\/title>\n<meta name=\"robots\" content=\"index, follow, max-snippet:-1, max-image-preview:large, max-video-preview:-1\" \/>\n<link rel=\"canonical\" href=\"https:\/\/abaa.mx\/tienda\/sensor-de-velocidad-fa133a\/\" \/>\n<meta property=\"og:locale\" content=\"es_MX\" \/>\n<meta property=\"og:type\" content=\"article\" \/>\n<meta property=\"og:title\" content=\"Sensor de velocidad - FA133A - Abaa tienda online\" \/>\n<meta property=\"og:description\" content=\"El sensor de velocidad del viento utiliza una carcasa met\u00e1lica, resistente a la corrosi\u00f3n y resistente al viento.  El material de la ventosa es de acero inoxidable, puede utilizarse en condiciones adversas.  Sensor de tolerancia a fallos de dise\u00f1o, el sensor no se da\u00f1ar\u00e1, incluso un cableado incorrecto.  Medici\u00f3n de la velocidad del viento con una amplia gama, arranque de velocidad baja del viento.  Datos del sensor recogidos con alta precisi\u00f3n y fiabilidad.  El sensor del anem\u00f3metro utiliza el principio de medici\u00f3n del sensor magn\u00e9tico.  instalaci\u00f3n y mantenimiento.  Dise\u00f1o compacto del sensor, ajuste de la medici\u00f3n de la velocidad del viento, dispositivo de calentamiento en uno, f\u00e1cil  Amplio rango de tensi\u00f3n de alimentaci\u00f3n.  capacidad  Dise\u00f1o de protecci\u00f3n contra sobretensiones.\" \/>\n<meta property=\"og:url\" content=\"https:\/\/abaa.mx\/tienda\/sensor-de-velocidad-fa133a\/\" \/>\n<meta property=\"og:site_name\" content=\"Abaa tienda online\" \/>\n<meta property=\"article:modified_time\" content=\"2023-10-25T16:44:01+00:00\" \/>\n<meta property=\"og:image\" content=\"https:\/\/abaa.mx\/tienda\/wp-content\/uploads\/2023\/10\/NANHUA-FA133A.jpg\" \/>\n\t<meta property=\"og:image:width\" content=\"519\" \/>\n\t<meta property=\"og:image:height\" content=\"334\" \/>\n\t<meta property=\"og:image:type\" content=\"image\/jpeg\" \/>\n<meta name=\"twitter:card\" content=\"summary_large_image\" \/>\n<meta name=\"twitter:label1\" content=\"Tiempo de lectura\" \/>\n\t<meta name=\"twitter:data1\" content=\"1 minuto\" \/>\n<script type=\"application\/ld+json\" class=\"yoast-schema-graph\">{\"@context\":\"https:\/\/schema.org\",\"@graph\":[{\"@type\":\"WebPage\",\"@id\":\"https:\/\/abaa.mx\/tienda\/sensor-de-velocidad-fa133a\/\",\"url\":\"https:\/\/abaa.mx\/tienda\/sensor-de-velocidad-fa133a\/\",\"name\":\"Sensor de velocidad - FA133A - Abaa tienda online\",\"isPartOf\":{\"@id\":\"https:\/\/abaa.mx\/tienda\/#website\"},\"primaryImageOfPage\":{\"@id\":\"https:\/\/abaa.mx\/tienda\/sensor-de-velocidad-fa133a\/#primaryimage\"},\"image\":{\"@id\":\"https:\/\/abaa.mx\/tienda\/sensor-de-velocidad-fa133a\/#primaryimage\"},\"thumbnailUrl\":\"https:\/\/abaa.mx\/tienda\/wp-content\/uploads\/2023\/10\/NANHUA-FA133A.jpg\",\"datePublished\":\"2023-10-25T16:44:00+00:00\",\"dateModified\":\"2023-10-25T16:44:01+00:00\",\"breadcrumb\":{\"@id\":\"https:\/\/abaa.mx\/tienda\/sensor-de-velocidad-fa133a\/#breadcrumb\"},\"inLanguage\":\"es\",\"potentialAction\":[{\"@type\":\"ReadAction\",\"target\":[\"https:\/\/abaa.mx\/tienda\/sensor-de-velocidad-fa133a\/\"]}]},{\"@type\":\"ImageObject\",\"inLanguage\":\"es\",\"@id\":\"https:\/\/abaa.mx\/tienda\/sensor-de-velocidad-fa133a\/#primaryimage\",\"url\":\"https:\/\/abaa.mx\/tienda\/wp-content\/uploads\/2023\/10\/NANHUA-FA133A.jpg\",\"contentUrl\":\"https:\/\/abaa.mx\/tienda\/wp-content\/uploads\/2023\/10\/NANHUA-FA133A.jpg\",\"width\":519,\"height\":334,\"caption\":\"NANHUA-FA133A\"},{\"@type\":\"BreadcrumbList\",\"@id\":\"https:\/\/abaa.mx\/tienda\/sensor-de-velocidad-fa133a\/#breadcrumb\",\"itemListElement\":[{\"@type\":\"ListItem\",\"position\":1,\"name\":\"Inicio\",\"item\":\"https:\/\/abaa.mx\/tienda\/\"},{\"@type\":\"ListItem\",\"position\":2,\"name\":\"Tienda\",\"item\":\"https:\/\/abaa.mx\/tienda\/\"},{\"@type\":\"ListItem\",\"position\":3,\"name\":\"Sensor de velocidad &#8211; FA133A\"}]},{\"@type\":\"WebSite\",\"@id\":\"https:\/\/abaa.mx\/tienda\/#website\",\"url\":\"https:\/\/abaa.mx\/tienda\/\",\"name\":\"Abaa tienda online\",\"description\":\"Instrumentos de medici\u00f3n\",\"publisher\":{\"@id\":\"https:\/\/abaa.mx\/tienda\/#organization\"},\"potentialAction\":[{\"@type\":\"SearchAction\",\"target\":{\"@type\":\"EntryPoint\",\"urlTemplate\":\"https:\/\/abaa.mx\/tienda\/?s={search_term_string}\"},\"query-input\":{\"@type\":\"PropertyValueSpecification\",\"valueRequired\":true,\"valueName\":\"search_term_string\"}}],\"inLanguage\":\"es\"},{\"@type\":\"Organization\",\"@id\":\"https:\/\/abaa.mx\/tienda\/#organization\",\"name\":\"Abaa tienda online\",\"url\":\"https:\/\/abaa.mx\/tienda\/\",\"logo\":{\"@type\":\"ImageObject\",\"inLanguage\":\"es\",\"@id\":\"https:\/\/abaa.mx\/tienda\/#\/schema\/logo\/image\/\",\"url\":\"https:\/\/abaa.mx\/tienda\/wp-content\/uploads\/2024\/01\/abaa-metrologia-tienda.png\",\"contentUrl\":\"https:\/\/abaa.mx\/tienda\/wp-content\/uploads\/2024\/01\/abaa-metrologia-tienda.png\",\"width\":300,\"height\":141,\"caption\":\"Abaa tienda online\"},\"image\":{\"@id\":\"https:\/\/abaa.mx\/tienda\/#\/schema\/logo\/image\/\"}}]}<\/script>\n<!-- \/ Yoast SEO plugin. -->","yoast_head_json":{"title":"Sensor de velocidad - FA133A - Abaa tienda online","robots":{"index":"index","follow":"follow","max-snippet":"max-snippet:-1","max-image-preview":"max-image-preview:large","max-video-preview":"max-video-preview:-1"},"canonical":"https:\/\/abaa.mx\/tienda\/sensor-de-velocidad-fa133a\/","og_locale":"es_MX","og_type":"article","og_title":"Sensor de velocidad - FA133A - Abaa tienda online","og_description":"El sensor de velocidad del viento utiliza una carcasa met\u00e1lica, resistente a la corrosi\u00f3n y resistente al viento.  El material de la ventosa es de acero inoxidable, puede utilizarse en condiciones adversas.  Sensor de tolerancia a fallos de dise\u00f1o, el sensor no se da\u00f1ar\u00e1, incluso un cableado incorrecto.  Medici\u00f3n de la velocidad del viento con una amplia gama, arranque de velocidad baja del viento.  Datos del sensor recogidos con alta precisi\u00f3n y fiabilidad.  El sensor del anem\u00f3metro utiliza el principio de medici\u00f3n del sensor magn\u00e9tico.  instalaci\u00f3n y mantenimiento.  Dise\u00f1o compacto del sensor, ajuste de la medici\u00f3n de la velocidad del viento, dispositivo de calentamiento en uno, f\u00e1cil  Amplio rango de tensi\u00f3n de alimentaci\u00f3n.  capacidad  Dise\u00f1o de protecci\u00f3n contra sobretensiones.","og_url":"https:\/\/abaa.mx\/tienda\/sensor-de-velocidad-fa133a\/","og_site_name":"Abaa tienda online","article_modified_time":"2023-10-25T16:44:01+00:00","og_image":[{"width":519,"height":334,"url":"https:\/\/abaa.mx\/tienda\/wp-content\/uploads\/2023\/10\/NANHUA-FA133A.jpg","type":"image\/jpeg"}],"twitter_card":"summary_large_image","twitter_misc":{"Tiempo de lectura":"1 minuto"},"schema":{"@context":"https:\/\/schema.org","@graph":[{"@type":"WebPage","@id":"https:\/\/abaa.mx\/tienda\/sensor-de-velocidad-fa133a\/","url":"https:\/\/abaa.mx\/tienda\/sensor-de-velocidad-fa133a\/","name":"Sensor de velocidad - FA133A - Abaa tienda online","isPartOf":{"@id":"https:\/\/abaa.mx\/tienda\/#website"},"primaryImageOfPage":{"@id":"https:\/\/abaa.mx\/tienda\/sensor-de-velocidad-fa133a\/#primaryimage"},"image":{"@id":"https:\/\/abaa.mx\/tienda\/sensor-de-velocidad-fa133a\/#primaryimage"},"thumbnailUrl":"https:\/\/abaa.mx\/tienda\/wp-content\/uploads\/2023\/10\/NANHUA-FA133A.jpg","datePublished":"2023-10-25T16:44:00+00:00","dateModified":"2023-10-25T16:44:01+00:00","breadcrumb":{"@id":"https:\/\/abaa.mx\/tienda\/sensor-de-velocidad-fa133a\/#breadcrumb"},"inLanguage":"es","potentialAction":[{"@type":"ReadAction","target":["https:\/\/abaa.mx\/tienda\/sensor-de-velocidad-fa133a\/"]}]},{"@type":"ImageObject","inLanguage":"es","@id":"https:\/\/abaa.mx\/tienda\/sensor-de-velocidad-fa133a\/#primaryimage","url":"https:\/\/abaa.mx\/tienda\/wp-content\/uploads\/2023\/10\/NANHUA-FA133A.jpg","contentUrl":"https:\/\/abaa.mx\/tienda\/wp-content\/uploads\/2023\/10\/NANHUA-FA133A.jpg","width":519,"height":334,"caption":"NANHUA-FA133A"},{"@type":"BreadcrumbList","@id":"https:\/\/abaa.mx\/tienda\/sensor-de-velocidad-fa133a\/#breadcrumb","itemListElement":[{"@type":"ListItem","position":1,"name":"Inicio","item":"https:\/\/abaa.mx\/tienda\/"},{"@type":"ListItem","position":2,"name":"Tienda","item":"https:\/\/abaa.mx\/tienda\/"},{"@type":"ListItem","position":3,"name":"Sensor de velocidad &#8211; FA133A"}]},{"@type":"WebSite","@id":"https:\/\/abaa.mx\/tienda\/#website","url":"https:\/\/abaa.mx\/tienda\/","name":"Abaa tienda online","description":"Instrumentos de medici\u00f3n","publisher":{"@id":"https:\/\/abaa.mx\/tienda\/#organization"},"potentialAction":[{"@type":"SearchAction","target":{"@type":"EntryPoint","urlTemplate":"https:\/\/abaa.mx\/tienda\/?s={search_term_string}"},"query-input":{"@type":"PropertyValueSpecification","valueRequired":true,"valueName":"search_term_string"}}],"inLanguage":"es"},{"@type":"Organization","@id":"https:\/\/abaa.mx\/tienda\/#organization","name":"Abaa tienda online","url":"https:\/\/abaa.mx\/tienda\/","logo":{"@type":"ImageObject","inLanguage":"es","@id":"https:\/\/abaa.mx\/tienda\/#\/schema\/logo\/image\/","url":"https:\/\/abaa.mx\/tienda\/wp-content\/uploads\/2024\/01\/abaa-metrologia-tienda.png","contentUrl":"https:\/\/abaa.mx\/tienda\/wp-content\/uploads\/2024\/01\/abaa-metrologia-tienda.png","width":300,"height":141,"caption":"Abaa tienda online"},"image":{"@id":"https:\/\/abaa.mx\/tienda\/#\/schema\/logo\/image\/"}}]}},"_links":{"self":[{"href":"https:\/\/abaa.mx\/tienda\/wp-json\/wp\/v2\/product\/7877","targetHints":{"allow":["GET"]}}],"collection":[{"href":"https:\/\/abaa.mx\/tienda\/wp-json\/wp\/v2\/product"}],"about":[{"href":"https:\/\/abaa.mx\/tienda\/wp-json\/wp\/v2\/types\/product"}],"replies":[{"embeddable":true,"href":"https:\/\/abaa.mx\/tienda\/wp-json\/wp\/v2\/comments?post=7877"}],"wp:featuredmedia":[{"embeddable":true,"href":"https:\/\/abaa.mx\/tienda\/wp-json\/wp\/v2\/media\/7881"}],"wp:attachment":[{"href":"https:\/\/abaa.mx\/tienda\/wp-json\/wp\/v2\/media?parent=7877"}],"wp:term":[{"taxonomy":"product_brand","embeddable":true,"href":"https:\/\/abaa.mx\/tienda\/wp-json\/wp\/v2\/product_brand?post=7877"},{"taxonomy":"product_cat","embeddable":true,"href":"https:\/\/abaa.mx\/tienda\/wp-json\/wp\/v2\/product_cat?post=7877"},{"taxonomy":"product_tag","embeddable":true,"href":"https:\/\/abaa.mx\/tienda\/wp-json\/wp\/v2\/product_tag?post=7877"}],"curies":[{"name":"wp","href":"https:\/\/api.w.org\/{rel}","templated":true}]}}