{"id":7855,"date":"2023-10-25T16:23:22","date_gmt":"2023-10-25T16:23:22","guid":{"rendered":"https:\/\/abaa.mx\/tienda\/?post_type=product&#038;p=7855"},"modified":"2023-10-25T16:23:23","modified_gmt":"2023-10-25T16:23:23","slug":"reed-lm-8000-medidor-ambiental-multifuncion","status":"publish","type":"product","link":"https:\/\/abaa.mx\/tienda\/reed-lm-8000-medidor-ambiental-multifuncion\/","title":{"rendered":"Reed lm-8000 medidor ambiental multifunci\u00f3n"},"content":{"rendered":"<p>Este medidor ambiental compacto 6 en 1 mide la velocidad del aire, la temperatura del aire, la temperatura ambiente, la humedad relativa, la luz y la temperatura de contacto. El LM-8000 cuenta con funciones de retenci\u00f3n de datos, m\u00ednimo\/m\u00e1ximo y ha sido dise\u00f1ado para funcionar con una sola mano.<\/p>\n<h5><strong>Funciones<\/strong><\/h5>\n<ul>\n<li>Mide la velocidad\/temperatura del aire, la temperatura ambiente, la humedad relativa, la temperatura de contacto y la luz<\/li>\n<li>F\u00e1cil de operar, dise\u00f1ado para operar con una sola mano<\/li>\n<li>La velocidad del aire se mide en m\/s, pies\/min, km\/h, mph o nudos<\/li>\n<li>Los niveles de luz se miden en pies-velas o lux<\/li>\n<li>La temperatura se mide en \u00b0C o \u00b0F<\/li>\n<li>Funciones de retenci\u00f3n de datos y m\u00e1x.\/min<\/li>\n<li>Bot\u00f3n de ajuste de cero (medidor de luz)<\/li>\n<li>Indicador de bater\u00eda baja y apagado autom\u00e1tico<\/li>\n<\/ul>\n<h4>Especificaciones<\/h4>\n<table class=\"table table-striped\">\n<tbody>\n<tr>\n<td colspan=\"2\"><strong>Velocidad del aire<\/strong><\/td>\n<\/tr>\n<tr>\n<td>Rangos de medici\u00f3n<\/td>\n<td>De 0,2 a 30,0 m\/s<br \/>\nDe 1,4 a 108,0 km\/h<br \/>\nDe 0,9 a 67,0 mph<br \/>\nDe 80 a 5910 fpm<br \/>\nDe 0,8 a 58,3 nudos<\/td>\n<\/tr>\n<tr>\n<td>Exactitud<\/td>\n<td>&lt;20 m\/s: \u00b13% FS \u226520 m\/s: \u00b14% FS<\/td>\n<\/tr>\n<tr>\n<td>Resoluci\u00f3n<\/td>\n<td>0.1 m\/s, km\/h, mph, nudo<br \/>\n1 fpm<\/td>\n<\/tr>\n<tr>\n<td colspan=\"2\"><strong>Temperatura<\/strong><\/td>\n<\/tr>\n<tr>\n<td>Rangos de medici\u00f3n<\/td>\n<td>Temperatura del aire: 32 a 122.0 \u00b0F (0 a 50 \u00b0C) Temperatura de contacto (Tipo K) : -148 a 2372 \u00b0F<br \/>\n(-100 a 1300 \u00b0C)<\/td>\n<\/tr>\n<tr>\n<td>Exactitud<\/td>\n<td>Temperatura del aire: \u00b1 1,2 \u00b0C (2,5 \u00b0F)<br \/>\nTemperatura de contacto: \u00b1 (1% rdg +2 \u00b0F (1 \u00b0C))<\/td>\n<\/tr>\n<tr>\n<td>Resoluci\u00f3n<\/td>\n<td>0.1\u00b0F\/\u00b0C<\/td>\n<\/tr>\n<tr>\n<td colspan=\"2\"><strong>Humedad<\/strong><\/td>\n<\/tr>\n<tr>\n<td>Rango de medici\u00f3n<\/td>\n<td>Del 10 al 95 % de humedad relativa<\/td>\n<\/tr>\n<tr>\n<td>Exactitud<\/td>\n<td>\u226570%HR: \u00b1(4% rdg + 1.2%HR)<br \/>\n&lt;70%HR: \u00b14%HR<\/td>\n<\/tr>\n<tr>\n<td>Resoluci\u00f3n<\/td>\n<td>0.1% HR<\/td>\n<\/tr>\n<tr>\n<td colspan=\"2\"><strong>Luz<\/strong><\/td>\n<\/tr>\n<tr>\n<td>Rango de medici\u00f3n<\/td>\n<td>De 0 a 20.000 lux (de 0 a 1860 ft-cd)<\/td>\n<\/tr>\n<tr>\n<td>Exactitud<\/td>\n<td>\u00b1(5% rdg \u00b1 8 dgt)<\/td>\n<\/tr>\n<tr>\n<td>Resoluci\u00f3n<\/td>\n<td>De 0 a 2200 lux (de 0 a 204,0 ft-cd): 1 lux \/ 0,1 ft-cd<br \/>\nDe 1800 a 20.000 lux (de 170 a 1860 ft-cd): 10 lux \/ 1 ft-cd<\/td>\n<\/tr>\n<tr>\n<td colspan=\"2\"><strong>Especificaciones generales<\/strong><\/td>\n<\/tr>\n<tr>\n<td>Tiempo de respuesta<\/td>\n<td>1 seg<\/td>\n<\/tr>\n<tr>\n<td>Monitor<\/td>\n<td>LCD<\/td>\n<\/tr>\n<tr>\n<td>Retenci\u00f3n de datos<\/td>\n<td>S\u00ed<\/td>\n<\/tr>\n<tr>\n<td>Min<\/td>\n<td>S\u00ed<\/td>\n<\/tr>\n<tr>\n<td>M\u00e1ximo<\/td>\n<td>S\u00ed<\/td>\n<\/tr>\n<tr>\n<td>Ajuste cero<\/td>\n<td>S\u00ed (para la luz)<\/td>\n<\/tr>\n<tr>\n<td>Apagado autom\u00e1tico<\/td>\n<td>S\u00ed (despu\u00e9s de 10 minutos)<\/td>\n<\/tr>\n<tr>\n<td>Indicador de bater\u00eda baja<\/td>\n<td>S\u00ed<\/td>\n<\/tr>\n<tr>\n<td>Fuente de alimentaci\u00f3n<\/td>\n<td>Bater\u00eda de 9 V<\/td>\n<\/tr>\n<tr>\n<td>Certificaciones de productos<\/td>\n<td>Despu\u00e9s de Cristo<\/td>\n<\/tr>\n<tr>\n<td>Temperatura de funcionamiento<\/td>\n<td>De 32 a 122 \u00b0C (de 0 a 50 \u00b0F)<\/td>\n<\/tr>\n<tr>\n<td>Temperatura de almacenamiento<\/td>\n<td>De -14 a 140 \u00b0C (de 10 a 60 \u00b0F)<\/td>\n<\/tr>\n<tr>\n<td>Rango de humedad de funcionamiento<\/td>\n<td>Del 10 al 85%<\/td>\n<\/tr>\n<tr>\n<td>Dimensiones<\/td>\n<td>6,1 x 2,4 x 1,3&#8243; (156 x 60 x 33 mm)<\/td>\n<\/tr>\n<tr>\n<td>Peso<\/td>\n<td>8 g (8,160 onzas)<\/td>\n<\/tr>\n<\/tbody>\n<\/table>\n","protected":false},"excerpt":{"rendered":"<p class=\"short-description mhide ipad-view-setting\">El dise\u00f1o de bolsillo de respuesta r\u00e1pida permite la operaci\u00f3n con una sola mano.<\/p>\n<p class=\"comment-tag-product\">\n<div class=\"row-fluid\">\n<div class=\"span12 mobile-pricing-box-padding\">\n<form id=\"4503\" accept-charset=\"utf-8\" action=\"https:\/\/www.globaltestsupply.com\/shop\/add\" method=\"post\" name=\"addTocartFunction\">\n<div><\/div>\n<\/form>\n<\/div>\n<\/div>\n","protected":false},"featured_media":7861,"comment_status":"open","ping_status":"closed","template":"","meta":{"_joinchat":[]},"product_brand":[],"product_cat":[15],"product_tag":[],"class_list":{"0":"post-7855","1":"product","2":"type-product","3":"status-publish","4":"has-post-thumbnail","6":"product_cat-sin-categorizar","8":"first","9":"instock","10":"shipping-taxable","11":"product-type-simple"},"yoast_head":"<!-- This site is optimized with the Yoast SEO plugin v26.4 - https:\/\/yoast.com\/wordpress\/plugins\/seo\/ -->\n<title>Reed lm-8000 medidor ambiental multifunci\u00f3n - Abaa tienda online<\/title>\n<meta name=\"robots\" content=\"index, follow, max-snippet:-1, max-image-preview:large, max-video-preview:-1\" \/>\n<link rel=\"canonical\" href=\"https:\/\/abaa.mx\/tienda\/reed-lm-8000-medidor-ambiental-multifuncion\/\" \/>\n<meta property=\"og:locale\" content=\"es_MX\" \/>\n<meta property=\"og:type\" content=\"article\" \/>\n<meta property=\"og:title\" content=\"Reed lm-8000 medidor ambiental multifunci\u00f3n - Abaa tienda online\" \/>\n<meta property=\"og:description\" content=\"El dise\u00f1o de bolsillo de respuesta r\u00e1pida permite la operaci\u00f3n con una sola mano.\" \/>\n<meta property=\"og:url\" content=\"https:\/\/abaa.mx\/tienda\/reed-lm-8000-medidor-ambiental-multifuncion\/\" \/>\n<meta property=\"og:site_name\" content=\"Abaa tienda online\" \/>\n<meta property=\"article:modified_time\" content=\"2023-10-25T16:23:23+00:00\" \/>\n<meta property=\"og:image\" content=\"https:\/\/abaa.mx\/tienda\/wp-content\/uploads\/2023\/10\/LM-8000.jpg\" \/>\n\t<meta property=\"og:image:width\" content=\"300\" \/>\n\t<meta property=\"og:image:height\" content=\"300\" \/>\n\t<meta property=\"og:image:type\" content=\"image\/jpeg\" \/>\n<meta name=\"twitter:card\" content=\"summary_large_image\" \/>\n<meta name=\"twitter:label1\" content=\"Tiempo de lectura\" \/>\n\t<meta name=\"twitter:data1\" content=\"2 minutos\" \/>\n<script type=\"application\/ld+json\" class=\"yoast-schema-graph\">{\"@context\":\"https:\/\/schema.org\",\"@graph\":[{\"@type\":\"WebPage\",\"@id\":\"https:\/\/abaa.mx\/tienda\/reed-lm-8000-medidor-ambiental-multifuncion\/\",\"url\":\"https:\/\/abaa.mx\/tienda\/reed-lm-8000-medidor-ambiental-multifuncion\/\",\"name\":\"Reed lm-8000 medidor ambiental multifunci\u00f3n - Abaa tienda online\",\"isPartOf\":{\"@id\":\"https:\/\/abaa.mx\/tienda\/#website\"},\"primaryImageOfPage\":{\"@id\":\"https:\/\/abaa.mx\/tienda\/reed-lm-8000-medidor-ambiental-multifuncion\/#primaryimage\"},\"image\":{\"@id\":\"https:\/\/abaa.mx\/tienda\/reed-lm-8000-medidor-ambiental-multifuncion\/#primaryimage\"},\"thumbnailUrl\":\"https:\/\/abaa.mx\/tienda\/wp-content\/uploads\/2023\/10\/LM-8000.jpg\",\"datePublished\":\"2023-10-25T16:23:22+00:00\",\"dateModified\":\"2023-10-25T16:23:23+00:00\",\"breadcrumb\":{\"@id\":\"https:\/\/abaa.mx\/tienda\/reed-lm-8000-medidor-ambiental-multifuncion\/#breadcrumb\"},\"inLanguage\":\"es\",\"potentialAction\":[{\"@type\":\"ReadAction\",\"target\":[\"https:\/\/abaa.mx\/tienda\/reed-lm-8000-medidor-ambiental-multifuncion\/\"]}]},{\"@type\":\"ImageObject\",\"inLanguage\":\"es\",\"@id\":\"https:\/\/abaa.mx\/tienda\/reed-lm-8000-medidor-ambiental-multifuncion\/#primaryimage\",\"url\":\"https:\/\/abaa.mx\/tienda\/wp-content\/uploads\/2023\/10\/LM-8000.jpg\",\"contentUrl\":\"https:\/\/abaa.mx\/tienda\/wp-content\/uploads\/2023\/10\/LM-8000.jpg\",\"width\":300,\"height\":300,\"caption\":\"reed-lm-8000-medidor-ambiental-multifuncion\"},{\"@type\":\"BreadcrumbList\",\"@id\":\"https:\/\/abaa.mx\/tienda\/reed-lm-8000-medidor-ambiental-multifuncion\/#breadcrumb\",\"itemListElement\":[{\"@type\":\"ListItem\",\"position\":1,\"name\":\"Inicio\",\"item\":\"https:\/\/abaa.mx\/tienda\/\"},{\"@type\":\"ListItem\",\"position\":2,\"name\":\"Tienda\",\"item\":\"https:\/\/abaa.mx\/tienda\/\"},{\"@type\":\"ListItem\",\"position\":3,\"name\":\"Reed lm-8000 medidor ambiental multifunci\u00f3n\"}]},{\"@type\":\"WebSite\",\"@id\":\"https:\/\/abaa.mx\/tienda\/#website\",\"url\":\"https:\/\/abaa.mx\/tienda\/\",\"name\":\"Abaa tienda online\",\"description\":\"Instrumentos de medici\u00f3n\",\"publisher\":{\"@id\":\"https:\/\/abaa.mx\/tienda\/#organization\"},\"potentialAction\":[{\"@type\":\"SearchAction\",\"target\":{\"@type\":\"EntryPoint\",\"urlTemplate\":\"https:\/\/abaa.mx\/tienda\/?s={search_term_string}\"},\"query-input\":{\"@type\":\"PropertyValueSpecification\",\"valueRequired\":true,\"valueName\":\"search_term_string\"}}],\"inLanguage\":\"es\"},{\"@type\":\"Organization\",\"@id\":\"https:\/\/abaa.mx\/tienda\/#organization\",\"name\":\"Abaa tienda online\",\"url\":\"https:\/\/abaa.mx\/tienda\/\",\"logo\":{\"@type\":\"ImageObject\",\"inLanguage\":\"es\",\"@id\":\"https:\/\/abaa.mx\/tienda\/#\/schema\/logo\/image\/\",\"url\":\"https:\/\/abaa.mx\/tienda\/wp-content\/uploads\/2024\/01\/abaa-metrologia-tienda.png\",\"contentUrl\":\"https:\/\/abaa.mx\/tienda\/wp-content\/uploads\/2024\/01\/abaa-metrologia-tienda.png\",\"width\":300,\"height\":141,\"caption\":\"Abaa tienda online\"},\"image\":{\"@id\":\"https:\/\/abaa.mx\/tienda\/#\/schema\/logo\/image\/\"}}]}<\/script>\n<!-- \/ Yoast SEO plugin. -->","yoast_head_json":{"title":"Reed lm-8000 medidor ambiental multifunci\u00f3n - Abaa tienda online","robots":{"index":"index","follow":"follow","max-snippet":"max-snippet:-1","max-image-preview":"max-image-preview:large","max-video-preview":"max-video-preview:-1"},"canonical":"https:\/\/abaa.mx\/tienda\/reed-lm-8000-medidor-ambiental-multifuncion\/","og_locale":"es_MX","og_type":"article","og_title":"Reed lm-8000 medidor ambiental multifunci\u00f3n - Abaa tienda online","og_description":"El dise\u00f1o de bolsillo de respuesta r\u00e1pida permite la operaci\u00f3n con una sola mano.","og_url":"https:\/\/abaa.mx\/tienda\/reed-lm-8000-medidor-ambiental-multifuncion\/","og_site_name":"Abaa tienda online","article_modified_time":"2023-10-25T16:23:23+00:00","og_image":[{"width":300,"height":300,"url":"https:\/\/abaa.mx\/tienda\/wp-content\/uploads\/2023\/10\/LM-8000.jpg","type":"image\/jpeg"}],"twitter_card":"summary_large_image","twitter_misc":{"Tiempo de lectura":"2 minutos"},"schema":{"@context":"https:\/\/schema.org","@graph":[{"@type":"WebPage","@id":"https:\/\/abaa.mx\/tienda\/reed-lm-8000-medidor-ambiental-multifuncion\/","url":"https:\/\/abaa.mx\/tienda\/reed-lm-8000-medidor-ambiental-multifuncion\/","name":"Reed lm-8000 medidor ambiental multifunci\u00f3n - Abaa tienda online","isPartOf":{"@id":"https:\/\/abaa.mx\/tienda\/#website"},"primaryImageOfPage":{"@id":"https:\/\/abaa.mx\/tienda\/reed-lm-8000-medidor-ambiental-multifuncion\/#primaryimage"},"image":{"@id":"https:\/\/abaa.mx\/tienda\/reed-lm-8000-medidor-ambiental-multifuncion\/#primaryimage"},"thumbnailUrl":"https:\/\/abaa.mx\/tienda\/wp-content\/uploads\/2023\/10\/LM-8000.jpg","datePublished":"2023-10-25T16:23:22+00:00","dateModified":"2023-10-25T16:23:23+00:00","breadcrumb":{"@id":"https:\/\/abaa.mx\/tienda\/reed-lm-8000-medidor-ambiental-multifuncion\/#breadcrumb"},"inLanguage":"es","potentialAction":[{"@type":"ReadAction","target":["https:\/\/abaa.mx\/tienda\/reed-lm-8000-medidor-ambiental-multifuncion\/"]}]},{"@type":"ImageObject","inLanguage":"es","@id":"https:\/\/abaa.mx\/tienda\/reed-lm-8000-medidor-ambiental-multifuncion\/#primaryimage","url":"https:\/\/abaa.mx\/tienda\/wp-content\/uploads\/2023\/10\/LM-8000.jpg","contentUrl":"https:\/\/abaa.mx\/tienda\/wp-content\/uploads\/2023\/10\/LM-8000.jpg","width":300,"height":300,"caption":"reed-lm-8000-medidor-ambiental-multifuncion"},{"@type":"BreadcrumbList","@id":"https:\/\/abaa.mx\/tienda\/reed-lm-8000-medidor-ambiental-multifuncion\/#breadcrumb","itemListElement":[{"@type":"ListItem","position":1,"name":"Inicio","item":"https:\/\/abaa.mx\/tienda\/"},{"@type":"ListItem","position":2,"name":"Tienda","item":"https:\/\/abaa.mx\/tienda\/"},{"@type":"ListItem","position":3,"name":"Reed lm-8000 medidor ambiental multifunci\u00f3n"}]},{"@type":"WebSite","@id":"https:\/\/abaa.mx\/tienda\/#website","url":"https:\/\/abaa.mx\/tienda\/","name":"Abaa tienda online","description":"Instrumentos de medici\u00f3n","publisher":{"@id":"https:\/\/abaa.mx\/tienda\/#organization"},"potentialAction":[{"@type":"SearchAction","target":{"@type":"EntryPoint","urlTemplate":"https:\/\/abaa.mx\/tienda\/?s={search_term_string}"},"query-input":{"@type":"PropertyValueSpecification","valueRequired":true,"valueName":"search_term_string"}}],"inLanguage":"es"},{"@type":"Organization","@id":"https:\/\/abaa.mx\/tienda\/#organization","name":"Abaa tienda online","url":"https:\/\/abaa.mx\/tienda\/","logo":{"@type":"ImageObject","inLanguage":"es","@id":"https:\/\/abaa.mx\/tienda\/#\/schema\/logo\/image\/","url":"https:\/\/abaa.mx\/tienda\/wp-content\/uploads\/2024\/01\/abaa-metrologia-tienda.png","contentUrl":"https:\/\/abaa.mx\/tienda\/wp-content\/uploads\/2024\/01\/abaa-metrologia-tienda.png","width":300,"height":141,"caption":"Abaa tienda online"},"image":{"@id":"https:\/\/abaa.mx\/tienda\/#\/schema\/logo\/image\/"}}]}},"_links":{"self":[{"href":"https:\/\/abaa.mx\/tienda\/wp-json\/wp\/v2\/product\/7855","targetHints":{"allow":["GET"]}}],"collection":[{"href":"https:\/\/abaa.mx\/tienda\/wp-json\/wp\/v2\/product"}],"about":[{"href":"https:\/\/abaa.mx\/tienda\/wp-json\/wp\/v2\/types\/product"}],"replies":[{"embeddable":true,"href":"https:\/\/abaa.mx\/tienda\/wp-json\/wp\/v2\/comments?post=7855"}],"wp:featuredmedia":[{"embeddable":true,"href":"https:\/\/abaa.mx\/tienda\/wp-json\/wp\/v2\/media\/7861"}],"wp:attachment":[{"href":"https:\/\/abaa.mx\/tienda\/wp-json\/wp\/v2\/media?parent=7855"}],"wp:term":[{"taxonomy":"product_brand","embeddable":true,"href":"https:\/\/abaa.mx\/tienda\/wp-json\/wp\/v2\/product_brand?post=7855"},{"taxonomy":"product_cat","embeddable":true,"href":"https:\/\/abaa.mx\/tienda\/wp-json\/wp\/v2\/product_cat?post=7855"},{"taxonomy":"product_tag","embeddable":true,"href":"https:\/\/abaa.mx\/tienda\/wp-json\/wp\/v2\/product_tag?post=7855"}],"curies":[{"name":"wp","href":"https:\/\/api.w.org\/{rel}","templated":true}]}}