{"id":7841,"date":"2023-10-25T16:31:54","date_gmt":"2023-10-25T16:31:54","guid":{"rendered":"https:\/\/abaa.mx\/tienda\/?post_type=product&#038;p=7841"},"modified":"2023-10-25T16:31:54","modified_gmt":"2023-10-25T16:31:54","slug":"termoanemometro-basico-dt618","status":"publish","type":"product","link":"https:\/\/abaa.mx\/tienda\/termoanemometro-basico-dt618\/","title":{"rendered":"Termoanem\u00f3metro B\u00e1sico &#8211; DT618"},"content":{"rendered":"<p>Termoanem\u00f3metro B\u00e1sico &#8211; DT618<\/p>\n","protected":false},"excerpt":{"rendered":"<p>El termo-anem\u00f3metro b\u00e1sico modelo CM-DT618 es \u00fatil para medir la velocidad del viento de forma f\u00e1cil y directa. Cuenta con una pantalla de n\u00fameros enormes , reporta agilidad del viento y temperatura del aire, tiene dentro un term\u00f3metro infrarrojo sin contacto que mide la temperatura de la superficie rec\u00f3ndita a 280\u00baC (536\u00baF).<\/p>\n<ul>\n<li>CFM \/ CMM Termo-Anem\u00f3metro + Term\u00f3metro InfraRed (620)<\/li>\n<li>Valor m\u00e1ximo \/ m\u00ednimo \/ medio con sello de tiempo relativo (619\/620)<\/li>\n<li>Muestre el caudal de aire (CFM \/ CMM) o la velocidad del aire m\u00e1s la temperatura simult\u00e1neamente (619\/620)<\/li>\n<li>Anem\u00f3metro T\u00e9rmico CFM \/ CMM (619)<\/li>\n<li>Indicaci\u00f3n de bater\u00eda baja y apagado autom\u00e1tico<\/li>\n<li>Medidor de velocidad de aire multifunci\u00f3n con amplio rango de temperatura (618 \/ 618B)<\/li>\n<\/ul>\n<p>&nbsp;<\/p>\n<p>&nbsp;<\/p>\n","protected":false},"featured_media":7872,"comment_status":"open","ping_status":"closed","template":"","meta":{"_joinchat":[]},"product_brand":[],"product_cat":[63],"product_tag":[],"class_list":{"0":"post-7841","1":"product","2":"type-product","3":"status-publish","4":"has-post-thumbnail","6":"product_cat-anemometros","8":"first","9":"instock","10":"shipping-taxable","11":"product-type-simple"},"yoast_head":"<!-- This site is optimized with the Yoast SEO plugin v26.4 - https:\/\/yoast.com\/wordpress\/plugins\/seo\/ -->\n<title>Termoanem\u00f3metro B\u00e1sico - DT618 - Abaa tienda online<\/title>\n<meta name=\"robots\" content=\"index, follow, max-snippet:-1, max-image-preview:large, max-video-preview:-1\" \/>\n<link rel=\"canonical\" href=\"https:\/\/abaa.mx\/tienda\/termoanemometro-basico-dt618\/\" \/>\n<meta property=\"og:locale\" content=\"es_MX\" \/>\n<meta property=\"og:type\" content=\"article\" \/>\n<meta property=\"og:title\" content=\"Termoanem\u00f3metro B\u00e1sico - DT618 - Abaa tienda online\" \/>\n<meta property=\"og:description\" content=\"El termo-anem\u00f3metro b\u00e1sico modelo CM-DT618 es \u00fatil para medir la velocidad del viento de forma f\u00e1cil y directa. Cuenta con una pantalla de n\u00fameros enormes , reporta agilidad del viento y temperatura del aire, tiene dentro un term\u00f3metro infrarrojo sin contacto que mide la temperatura de la superficie rec\u00f3ndita a 280\u00baC (536\u00baF).   CFM \/ CMM Termo-Anem\u00f3metro + Term\u00f3metro InfraRed (620)  Valor m\u00e1ximo \/ m\u00ednimo \/ medio con sello de tiempo relativo (619\/620)  Muestre el caudal de aire (CFM \/ CMM) o la velocidad del aire m\u00e1s la temperatura simult\u00e1neamente (619\/620)  Anem\u00f3metro T\u00e9rmico CFM \/ CMM (619)  Indicaci\u00f3n de bater\u00eda baja y apagado autom\u00e1tico  Medidor de velocidad de aire multifunci\u00f3n con amplio rango de temperatura (618 \/ 618B)  &nbsp;  &nbsp;\" \/>\n<meta property=\"og:url\" content=\"https:\/\/abaa.mx\/tienda\/termoanemometro-basico-dt618\/\" \/>\n<meta property=\"og:site_name\" content=\"Abaa tienda online\" \/>\n<meta property=\"og:image\" content=\"https:\/\/abaa.mx\/tienda\/wp-content\/uploads\/2023\/10\/CEM-METERS-DT618.jpg\" \/>\n\t<meta property=\"og:image:width\" content=\"583\" \/>\n\t<meta property=\"og:image:height\" content=\"591\" \/>\n\t<meta property=\"og:image:type\" content=\"image\/jpeg\" \/>\n<meta name=\"twitter:card\" content=\"summary_large_image\" \/>\n<meta name=\"twitter:label1\" content=\"Tiempo de lectura\" \/>\n\t<meta name=\"twitter:data1\" content=\"1 minuto\" \/>\n<script type=\"application\/ld+json\" class=\"yoast-schema-graph\">{\"@context\":\"https:\/\/schema.org\",\"@graph\":[{\"@type\":\"WebPage\",\"@id\":\"https:\/\/abaa.mx\/tienda\/termoanemometro-basico-dt618\/\",\"url\":\"https:\/\/abaa.mx\/tienda\/termoanemometro-basico-dt618\/\",\"name\":\"Termoanem\u00f3metro B\u00e1sico - DT618 - Abaa tienda online\",\"isPartOf\":{\"@id\":\"https:\/\/abaa.mx\/tienda\/#website\"},\"primaryImageOfPage\":{\"@id\":\"https:\/\/abaa.mx\/tienda\/termoanemometro-basico-dt618\/#primaryimage\"},\"image\":{\"@id\":\"https:\/\/abaa.mx\/tienda\/termoanemometro-basico-dt618\/#primaryimage\"},\"thumbnailUrl\":\"https:\/\/abaa.mx\/tienda\/wp-content\/uploads\/2023\/10\/CEM-METERS-DT618.jpg\",\"datePublished\":\"2023-10-25T16:31:54+00:00\",\"breadcrumb\":{\"@id\":\"https:\/\/abaa.mx\/tienda\/termoanemometro-basico-dt618\/#breadcrumb\"},\"inLanguage\":\"es\",\"potentialAction\":[{\"@type\":\"ReadAction\",\"target\":[\"https:\/\/abaa.mx\/tienda\/termoanemometro-basico-dt618\/\"]}]},{\"@type\":\"ImageObject\",\"inLanguage\":\"es\",\"@id\":\"https:\/\/abaa.mx\/tienda\/termoanemometro-basico-dt618\/#primaryimage\",\"url\":\"https:\/\/abaa.mx\/tienda\/wp-content\/uploads\/2023\/10\/CEM-METERS-DT618.jpg\",\"contentUrl\":\"https:\/\/abaa.mx\/tienda\/wp-content\/uploads\/2023\/10\/CEM-METERS-DT618.jpg\",\"width\":583,\"height\":591,\"caption\":\"CEM METERS-DT618\"},{\"@type\":\"BreadcrumbList\",\"@id\":\"https:\/\/abaa.mx\/tienda\/termoanemometro-basico-dt618\/#breadcrumb\",\"itemListElement\":[{\"@type\":\"ListItem\",\"position\":1,\"name\":\"Inicio\",\"item\":\"https:\/\/abaa.mx\/tienda\/\"},{\"@type\":\"ListItem\",\"position\":2,\"name\":\"Tienda\",\"item\":\"https:\/\/abaa.mx\/tienda\/\"},{\"@type\":\"ListItem\",\"position\":3,\"name\":\"Termoanem\u00f3metro B\u00e1sico &#8211; DT618\"}]},{\"@type\":\"WebSite\",\"@id\":\"https:\/\/abaa.mx\/tienda\/#website\",\"url\":\"https:\/\/abaa.mx\/tienda\/\",\"name\":\"Abaa tienda online\",\"description\":\"Instrumentos de medici\u00f3n\",\"publisher\":{\"@id\":\"https:\/\/abaa.mx\/tienda\/#organization\"},\"potentialAction\":[{\"@type\":\"SearchAction\",\"target\":{\"@type\":\"EntryPoint\",\"urlTemplate\":\"https:\/\/abaa.mx\/tienda\/?s={search_term_string}\"},\"query-input\":{\"@type\":\"PropertyValueSpecification\",\"valueRequired\":true,\"valueName\":\"search_term_string\"}}],\"inLanguage\":\"es\"},{\"@type\":\"Organization\",\"@id\":\"https:\/\/abaa.mx\/tienda\/#organization\",\"name\":\"Abaa tienda online\",\"url\":\"https:\/\/abaa.mx\/tienda\/\",\"logo\":{\"@type\":\"ImageObject\",\"inLanguage\":\"es\",\"@id\":\"https:\/\/abaa.mx\/tienda\/#\/schema\/logo\/image\/\",\"url\":\"https:\/\/abaa.mx\/tienda\/wp-content\/uploads\/2024\/01\/abaa-metrologia-tienda.png\",\"contentUrl\":\"https:\/\/abaa.mx\/tienda\/wp-content\/uploads\/2024\/01\/abaa-metrologia-tienda.png\",\"width\":300,\"height\":141,\"caption\":\"Abaa tienda online\"},\"image\":{\"@id\":\"https:\/\/abaa.mx\/tienda\/#\/schema\/logo\/image\/\"}}]}<\/script>\n<!-- \/ Yoast SEO plugin. -->","yoast_head_json":{"title":"Termoanem\u00f3metro B\u00e1sico - DT618 - Abaa tienda online","robots":{"index":"index","follow":"follow","max-snippet":"max-snippet:-1","max-image-preview":"max-image-preview:large","max-video-preview":"max-video-preview:-1"},"canonical":"https:\/\/abaa.mx\/tienda\/termoanemometro-basico-dt618\/","og_locale":"es_MX","og_type":"article","og_title":"Termoanem\u00f3metro B\u00e1sico - DT618 - Abaa tienda online","og_description":"El termo-anem\u00f3metro b\u00e1sico modelo CM-DT618 es \u00fatil para medir la velocidad del viento de forma f\u00e1cil y directa. Cuenta con una pantalla de n\u00fameros enormes , reporta agilidad del viento y temperatura del aire, tiene dentro un term\u00f3metro infrarrojo sin contacto que mide la temperatura de la superficie rec\u00f3ndita a 280\u00baC (536\u00baF).   CFM \/ CMM Termo-Anem\u00f3metro + Term\u00f3metro InfraRed (620)  Valor m\u00e1ximo \/ m\u00ednimo \/ medio con sello de tiempo relativo (619\/620)  Muestre el caudal de aire (CFM \/ CMM) o la velocidad del aire m\u00e1s la temperatura simult\u00e1neamente (619\/620)  Anem\u00f3metro T\u00e9rmico CFM \/ CMM (619)  Indicaci\u00f3n de bater\u00eda baja y apagado autom\u00e1tico  Medidor de velocidad de aire multifunci\u00f3n con amplio rango de temperatura (618 \/ 618B)  &nbsp;  &nbsp;","og_url":"https:\/\/abaa.mx\/tienda\/termoanemometro-basico-dt618\/","og_site_name":"Abaa tienda online","og_image":[{"width":583,"height":591,"url":"https:\/\/abaa.mx\/tienda\/wp-content\/uploads\/2023\/10\/CEM-METERS-DT618.jpg","type":"image\/jpeg"}],"twitter_card":"summary_large_image","twitter_misc":{"Tiempo de lectura":"1 minuto"},"schema":{"@context":"https:\/\/schema.org","@graph":[{"@type":"WebPage","@id":"https:\/\/abaa.mx\/tienda\/termoanemometro-basico-dt618\/","url":"https:\/\/abaa.mx\/tienda\/termoanemometro-basico-dt618\/","name":"Termoanem\u00f3metro B\u00e1sico - DT618 - Abaa tienda online","isPartOf":{"@id":"https:\/\/abaa.mx\/tienda\/#website"},"primaryImageOfPage":{"@id":"https:\/\/abaa.mx\/tienda\/termoanemometro-basico-dt618\/#primaryimage"},"image":{"@id":"https:\/\/abaa.mx\/tienda\/termoanemometro-basico-dt618\/#primaryimage"},"thumbnailUrl":"https:\/\/abaa.mx\/tienda\/wp-content\/uploads\/2023\/10\/CEM-METERS-DT618.jpg","datePublished":"2023-10-25T16:31:54+00:00","breadcrumb":{"@id":"https:\/\/abaa.mx\/tienda\/termoanemometro-basico-dt618\/#breadcrumb"},"inLanguage":"es","potentialAction":[{"@type":"ReadAction","target":["https:\/\/abaa.mx\/tienda\/termoanemometro-basico-dt618\/"]}]},{"@type":"ImageObject","inLanguage":"es","@id":"https:\/\/abaa.mx\/tienda\/termoanemometro-basico-dt618\/#primaryimage","url":"https:\/\/abaa.mx\/tienda\/wp-content\/uploads\/2023\/10\/CEM-METERS-DT618.jpg","contentUrl":"https:\/\/abaa.mx\/tienda\/wp-content\/uploads\/2023\/10\/CEM-METERS-DT618.jpg","width":583,"height":591,"caption":"CEM METERS-DT618"},{"@type":"BreadcrumbList","@id":"https:\/\/abaa.mx\/tienda\/termoanemometro-basico-dt618\/#breadcrumb","itemListElement":[{"@type":"ListItem","position":1,"name":"Inicio","item":"https:\/\/abaa.mx\/tienda\/"},{"@type":"ListItem","position":2,"name":"Tienda","item":"https:\/\/abaa.mx\/tienda\/"},{"@type":"ListItem","position":3,"name":"Termoanem\u00f3metro B\u00e1sico &#8211; DT618"}]},{"@type":"WebSite","@id":"https:\/\/abaa.mx\/tienda\/#website","url":"https:\/\/abaa.mx\/tienda\/","name":"Abaa tienda online","description":"Instrumentos de medici\u00f3n","publisher":{"@id":"https:\/\/abaa.mx\/tienda\/#organization"},"potentialAction":[{"@type":"SearchAction","target":{"@type":"EntryPoint","urlTemplate":"https:\/\/abaa.mx\/tienda\/?s={search_term_string}"},"query-input":{"@type":"PropertyValueSpecification","valueRequired":true,"valueName":"search_term_string"}}],"inLanguage":"es"},{"@type":"Organization","@id":"https:\/\/abaa.mx\/tienda\/#organization","name":"Abaa tienda online","url":"https:\/\/abaa.mx\/tienda\/","logo":{"@type":"ImageObject","inLanguage":"es","@id":"https:\/\/abaa.mx\/tienda\/#\/schema\/logo\/image\/","url":"https:\/\/abaa.mx\/tienda\/wp-content\/uploads\/2024\/01\/abaa-metrologia-tienda.png","contentUrl":"https:\/\/abaa.mx\/tienda\/wp-content\/uploads\/2024\/01\/abaa-metrologia-tienda.png","width":300,"height":141,"caption":"Abaa tienda online"},"image":{"@id":"https:\/\/abaa.mx\/tienda\/#\/schema\/logo\/image\/"}}]}},"_links":{"self":[{"href":"https:\/\/abaa.mx\/tienda\/wp-json\/wp\/v2\/product\/7841","targetHints":{"allow":["GET"]}}],"collection":[{"href":"https:\/\/abaa.mx\/tienda\/wp-json\/wp\/v2\/product"}],"about":[{"href":"https:\/\/abaa.mx\/tienda\/wp-json\/wp\/v2\/types\/product"}],"replies":[{"embeddable":true,"href":"https:\/\/abaa.mx\/tienda\/wp-json\/wp\/v2\/comments?post=7841"}],"wp:featuredmedia":[{"embeddable":true,"href":"https:\/\/abaa.mx\/tienda\/wp-json\/wp\/v2\/media\/7872"}],"wp:attachment":[{"href":"https:\/\/abaa.mx\/tienda\/wp-json\/wp\/v2\/media?parent=7841"}],"wp:term":[{"taxonomy":"product_brand","embeddable":true,"href":"https:\/\/abaa.mx\/tienda\/wp-json\/wp\/v2\/product_brand?post=7841"},{"taxonomy":"product_cat","embeddable":true,"href":"https:\/\/abaa.mx\/tienda\/wp-json\/wp\/v2\/product_cat?post=7841"},{"taxonomy":"product_tag","embeddable":true,"href":"https:\/\/abaa.mx\/tienda\/wp-json\/wp\/v2\/product_tag?post=7841"}],"curies":[{"name":"wp","href":"https:\/\/api.w.org\/{rel}","templated":true}]}}