{"id":7837,"date":"2023-10-25T16:03:33","date_gmt":"2023-10-25T16:03:33","guid":{"rendered":"https:\/\/abaa.mx\/tienda\/?post_type=product&#038;p=7837"},"modified":"2023-10-25T16:03:34","modified_gmt":"2023-10-25T16:03:34","slug":"reed-r9920-nist-medidor-de-calidad-del-aire-interior-pared","status":"publish","type":"product","link":"https:\/\/abaa.mx\/tienda\/reed-r9920-nist-medidor-de-calidad-del-aire-interior-pared\/","title":{"rendered":"Reed r9920-nist medidor de calidad del aire interior, pared"},"content":{"rendered":"<p><span>Este medidor de calidad del aire interior mide y registra el di\u00f3xido de carbono (CO<\/span><sub>2<\/sub><span>), temperatura y humedad. El R9920 cuenta con una pantalla t\u00e1ctil TFT a color de alta resoluci\u00f3n, tiempos de grabaci\u00f3n seleccionables por el usuario, puntos de ajuste de alarma programables, un soporte de escritorio incorporado y un soporte de montaje en pared. Genere r\u00e1pidamente un archivo de Excel con datos sin procesar y exporte los datos grabados a una computadora sin el uso del software.<\/span><\/p>\n<h5><strong>Funciones<\/strong><\/h5>\n<ul>\n<li><span>Monitorea simult\u00e1neamente el di\u00f3xido de carbono (CO<\/span><sub>2<\/sub><span>), temperatura y humedad relativa<\/span><\/li>\n<li><span>NDIR CO de baja deriva<\/span><sub>2<\/sub><span>\u00a0Sensor para lecturas estables y precisas<\/span><\/li>\n<li>Unidad de medida seleccionable por el usuario (\u00b0C o \u00b0F)<\/li>\n<li>LCD TFT a color de alta resoluci\u00f3n de 7&#8243; (178 mm) (1024 x 600 p\u00edxeles)<\/li>\n<li>Alarmas altas y bajas ajustables por el usuario<\/li>\n<li>Visualizaci\u00f3n m\u00e1x.\/m\u00edn.<\/li>\n<li>La memoria interna de 16 GB almacena puntos de datos en formato CSV<\/li>\n<li>Frecuencia de muestreo seleccionable por el usuario de 1 segundo a 24 horas<\/li>\n<li>Sello interno de fecha y hora<\/li>\n<li>Bater\u00eda recargable de iones de litio<\/li>\n<li>Soporte de escritorio incorporado y soporte de montaje en pared<\/li>\n<li>Indicador de bater\u00eda baja<\/li>\n<\/ul>\n<h4>Especificaciones de REED R9920-NIST<\/h4>\n<table class=\"table table-striped\">\n<tbody>\n<tr>\n<td colspan=\"2\"><strong>Temperatura<\/strong><\/td>\n<\/tr>\n<tr>\n<td>Rango de medici\u00f3n<\/td>\n<td>32 a 122 \u00b0F (0 a 50 \u00b0C)<\/td>\n<\/tr>\n<tr>\n<td>Exactitud<\/td>\n<td>\u00b11.8 \u00b0F (1 \u00b0C)<\/td>\n<\/tr>\n<tr>\n<td>Resoluci\u00f3n<\/td>\n<td>0.1\u00b0F\/\u00b0C<\/td>\n<\/tr>\n<tr>\n<td colspan=\"2\"><strong>Humedad<\/strong><\/td>\n<\/tr>\n<tr>\n<td>Rango de medici\u00f3n<\/td>\n<td>De 0 a 100 % de humedad relativa<\/td>\n<\/tr>\n<tr>\n<td>Exactitud<\/td>\n<td>\u00b13,5 % (20 a 80 % HR)\u00b15 % (&lt;20 % y &gt;80 % HR)<\/td>\n<\/tr>\n<tr>\n<td>Resoluci\u00f3n<\/td>\n<td>0.1% HR<\/td>\n<\/tr>\n<tr>\n<td colspan=\"2\"><strong><span>CO<\/span><sub>2<\/sub><span>\u00a0(Di\u00f3xido de carbono)<\/span><\/strong><\/td>\n<\/tr>\n<tr>\n<td>Tipo de sensor<\/td>\n<td>Infrarrojo no dispersivo (NDIR)<\/td>\n<\/tr>\n<tr>\n<td>Rango de medici\u00f3n<\/td>\n<td>De 0 a 9999 ppm<\/td>\n<\/tr>\n<tr>\n<td>Exactitud<\/td>\n<td>\u00b15% rdg +75ppm<\/td>\n<\/tr>\n<tr>\n<td>Resoluci\u00f3n<\/td>\n<td>1 ppm<\/td>\n<\/tr>\n<tr>\n<td>Tiempo de respuesta<\/td>\n<td>&lt;2 segundos<\/td>\n<\/tr>\n<tr>\n<td colspan=\"2\"><strong>Especificaciones generales<\/strong><\/td>\n<\/tr>\n<tr>\n<td>Monitor<\/td>\n<td>TFT a color de alta resoluci\u00f3n de 7&#8243; (178 mm)<\/td>\n<\/tr>\n<tr>\n<td>Resoluci\u00f3n de pantalla<\/td>\n<td>1024 x 600 p\u00edxeles<\/td>\n<\/tr>\n<tr>\n<td>Brillo ajustable<\/td>\n<td>S\u00ed<\/td>\n<\/tr>\n<tr>\n<td>Min<\/td>\n<td>S\u00ed<\/td>\n<\/tr>\n<tr>\n<td>M\u00e1ximo<\/td>\n<td>S\u00ed<\/td>\n<\/tr>\n<tr>\n<td>Capacidades de registro de datos<\/td>\n<td>S\u00ed<\/td>\n<\/tr>\n<tr>\n<td>Reloj en tiempo real y sello de fecha<\/td>\n<td>S\u00ed<\/td>\n<\/tr>\n<tr>\n<td>Frecuencia de muestreo seleccionable<\/td>\n<td>S\u00ed (entre 1 segundo y 24 horas)<\/td>\n<\/tr>\n<tr>\n<td>Memoria interna<\/td>\n<td>S\u00ed (16 GB)<\/td>\n<\/tr>\n<tr>\n<td>Alarmas<\/td>\n<td>S\u00ed (Baja y Alta)<\/td>\n<\/tr>\n<tr>\n<td>Pata de cabra<\/td>\n<td>S\u00ed<\/td>\n<\/tr>\n<tr>\n<td>Montaje en pared<\/td>\n<td>S\u00ed (soporte incluido)<\/td>\n<\/tr>\n<tr>\n<td>Indicador de bater\u00eda baja<\/td>\n<td>S\u00ed<\/td>\n<\/tr>\n<tr>\n<td>Fuente de alimentaci\u00f3n<\/td>\n<td>Bater\u00eda recargable de iones de litio de 3000 mAh\/adaptador de corriente<\/td>\n<\/tr>\n<tr>\n<td>Duraci\u00f3n de la bater\u00eda<\/td>\n<td>~2 horas<\/td>\n<\/tr>\n<tr>\n<td>Tiempo de carga<\/td>\n<td>~9 horas<\/td>\n<\/tr>\n<tr>\n<td>Conectividad de PC<\/td>\n<td>Cable USB (tipo C)<\/td>\n<\/tr>\n<tr>\n<td>Longitud del cable USB<\/td>\n<td>10 metros (3 pies)<\/td>\n<\/tr>\n<tr>\n<td>Certificaciones de productos<\/td>\n<td>Despu\u00e9s de Cristo<\/td>\n<\/tr>\n<tr>\n<td>Temperatura de funcionamiento<\/td>\n<td>14 a 104 \u00b0F (10 a 40 \u00b0C)<\/td>\n<\/tr>\n<tr>\n<td>Temperatura de almacenamiento<\/td>\n<td>14 a 104 \u00b0F (10 a 40 \u00b0C)<\/td>\n<\/tr>\n<tr>\n<td>Rango de humedad de funcionamiento<\/td>\n<td>De 0 a 100%<\/td>\n<\/tr>\n<tr>\n<td>Altitud m\u00e1xima de funcionamiento<\/td>\n<td>6561 metros (2000 pies)<\/td>\n<\/tr>\n<tr>\n<td>Dimensiones<\/td>\n<td>7,8 x 4,6 x 1&#8243; (198 x 118 x 25,7 mm)<\/td>\n<\/tr>\n<tr>\n<td>Peso<\/td>\n<td>12,9 onzas (365 g)<\/td>\n<\/tr>\n<\/tbody>\n<\/table>\n","protected":false},"excerpt":{"rendered":"<p class=\"short-description mhide ipad-view-setting\"><span>El registrador de datos en tiempo real mide el di\u00f3xido de carbono (CO<\/span><sub>2<\/sub><span>), temperatura y humedad en una pantalla t\u00e1ctil LCD TFT a color de 7&#8243; de alta resoluci\u00f3n. <\/span><\/p>\n<div class=\"row-fluid\">\n<div class=\"span12 mobile-pricing-box-padding\">\n<form id=\"142187965\" accept-charset=\"utf-8\" action=\"https:\/\/www.globaltestsupply.com\/shop\/add\" method=\"post\" name=\"addTocartFunction\">\n<div><\/div>\n<\/form>\n<\/div>\n<\/div>\n","protected":false},"featured_media":7849,"comment_status":"open","ping_status":"closed","template":"","meta":{"_joinchat":[]},"product_brand":[],"product_cat":[15],"product_tag":[],"class_list":{"0":"post-7837","1":"product","2":"type-product","3":"status-publish","4":"has-post-thumbnail","6":"product_cat-sin-categorizar","8":"first","9":"instock","10":"shipping-taxable","11":"product-type-simple"},"yoast_head":"<!-- This site is optimized with the Yoast SEO plugin v26.4 - https:\/\/yoast.com\/wordpress\/plugins\/seo\/ -->\n<title>Reed r9920-nist medidor de calidad del aire interior, pared - Abaa tienda online<\/title>\n<meta name=\"robots\" content=\"index, follow, max-snippet:-1, max-image-preview:large, max-video-preview:-1\" \/>\n<link rel=\"canonical\" href=\"https:\/\/abaa.mx\/tienda\/reed-r9920-nist-medidor-de-calidad-del-aire-interior-pared\/\" \/>\n<meta property=\"og:locale\" content=\"es_MX\" \/>\n<meta property=\"og:type\" content=\"article\" \/>\n<meta property=\"og:title\" content=\"Reed r9920-nist medidor de calidad del aire interior, pared - Abaa tienda online\" \/>\n<meta property=\"og:description\" content=\"El registrador de datos en tiempo real mide el di\u00f3xido de carbono (CO2), temperatura y humedad en una pantalla t\u00e1ctil LCD TFT a color de 7&quot; de alta resoluci\u00f3n.\" \/>\n<meta property=\"og:url\" content=\"https:\/\/abaa.mx\/tienda\/reed-r9920-nist-medidor-de-calidad-del-aire-interior-pared\/\" \/>\n<meta property=\"og:site_name\" content=\"Abaa tienda online\" \/>\n<meta property=\"article:modified_time\" content=\"2023-10-25T16:03:34+00:00\" \/>\n<meta property=\"og:image\" content=\"https:\/\/abaa.mx\/tienda\/wp-content\/uploads\/2023\/10\/R9920-NIST.jpg\" \/>\n\t<meta property=\"og:image:width\" content=\"270\" \/>\n\t<meta property=\"og:image:height\" content=\"217\" \/>\n\t<meta property=\"og:image:type\" content=\"image\/jpeg\" \/>\n<meta name=\"twitter:card\" content=\"summary_large_image\" \/>\n<meta name=\"twitter:label1\" content=\"Tiempo de lectura\" \/>\n\t<meta name=\"twitter:data1\" content=\"3 minutos\" \/>\n<script type=\"application\/ld+json\" class=\"yoast-schema-graph\">{\"@context\":\"https:\/\/schema.org\",\"@graph\":[{\"@type\":\"WebPage\",\"@id\":\"https:\/\/abaa.mx\/tienda\/reed-r9920-nist-medidor-de-calidad-del-aire-interior-pared\/\",\"url\":\"https:\/\/abaa.mx\/tienda\/reed-r9920-nist-medidor-de-calidad-del-aire-interior-pared\/\",\"name\":\"Reed r9920-nist medidor de calidad del aire interior, pared - Abaa tienda online\",\"isPartOf\":{\"@id\":\"https:\/\/abaa.mx\/tienda\/#website\"},\"primaryImageOfPage\":{\"@id\":\"https:\/\/abaa.mx\/tienda\/reed-r9920-nist-medidor-de-calidad-del-aire-interior-pared\/#primaryimage\"},\"image\":{\"@id\":\"https:\/\/abaa.mx\/tienda\/reed-r9920-nist-medidor-de-calidad-del-aire-interior-pared\/#primaryimage\"},\"thumbnailUrl\":\"https:\/\/abaa.mx\/tienda\/wp-content\/uploads\/2023\/10\/R9920-NIST.jpg\",\"datePublished\":\"2023-10-25T16:03:33+00:00\",\"dateModified\":\"2023-10-25T16:03:34+00:00\",\"breadcrumb\":{\"@id\":\"https:\/\/abaa.mx\/tienda\/reed-r9920-nist-medidor-de-calidad-del-aire-interior-pared\/#breadcrumb\"},\"inLanguage\":\"es\",\"potentialAction\":[{\"@type\":\"ReadAction\",\"target\":[\"https:\/\/abaa.mx\/tienda\/reed-r9920-nist-medidor-de-calidad-del-aire-interior-pared\/\"]}]},{\"@type\":\"ImageObject\",\"inLanguage\":\"es\",\"@id\":\"https:\/\/abaa.mx\/tienda\/reed-r9920-nist-medidor-de-calidad-del-aire-interior-pared\/#primaryimage\",\"url\":\"https:\/\/abaa.mx\/tienda\/wp-content\/uploads\/2023\/10\/R9920-NIST.jpg\",\"contentUrl\":\"https:\/\/abaa.mx\/tienda\/wp-content\/uploads\/2023\/10\/R9920-NIST.jpg\",\"width\":270,\"height\":217,\"caption\":\"reed-r9920-nist-medidor-de-calidad-del-aire-interior-pared\"},{\"@type\":\"BreadcrumbList\",\"@id\":\"https:\/\/abaa.mx\/tienda\/reed-r9920-nist-medidor-de-calidad-del-aire-interior-pared\/#breadcrumb\",\"itemListElement\":[{\"@type\":\"ListItem\",\"position\":1,\"name\":\"Inicio\",\"item\":\"https:\/\/abaa.mx\/tienda\/\"},{\"@type\":\"ListItem\",\"position\":2,\"name\":\"Tienda\",\"item\":\"https:\/\/abaa.mx\/tienda\/\"},{\"@type\":\"ListItem\",\"position\":3,\"name\":\"Reed r9920-nist medidor de calidad del aire interior, pared\"}]},{\"@type\":\"WebSite\",\"@id\":\"https:\/\/abaa.mx\/tienda\/#website\",\"url\":\"https:\/\/abaa.mx\/tienda\/\",\"name\":\"Abaa tienda online\",\"description\":\"Instrumentos de medici\u00f3n\",\"publisher\":{\"@id\":\"https:\/\/abaa.mx\/tienda\/#organization\"},\"potentialAction\":[{\"@type\":\"SearchAction\",\"target\":{\"@type\":\"EntryPoint\",\"urlTemplate\":\"https:\/\/abaa.mx\/tienda\/?s={search_term_string}\"},\"query-input\":{\"@type\":\"PropertyValueSpecification\",\"valueRequired\":true,\"valueName\":\"search_term_string\"}}],\"inLanguage\":\"es\"},{\"@type\":\"Organization\",\"@id\":\"https:\/\/abaa.mx\/tienda\/#organization\",\"name\":\"Abaa tienda online\",\"url\":\"https:\/\/abaa.mx\/tienda\/\",\"logo\":{\"@type\":\"ImageObject\",\"inLanguage\":\"es\",\"@id\":\"https:\/\/abaa.mx\/tienda\/#\/schema\/logo\/image\/\",\"url\":\"https:\/\/abaa.mx\/tienda\/wp-content\/uploads\/2024\/01\/abaa-metrologia-tienda.png\",\"contentUrl\":\"https:\/\/abaa.mx\/tienda\/wp-content\/uploads\/2024\/01\/abaa-metrologia-tienda.png\",\"width\":300,\"height\":141,\"caption\":\"Abaa tienda online\"},\"image\":{\"@id\":\"https:\/\/abaa.mx\/tienda\/#\/schema\/logo\/image\/\"}}]}<\/script>\n<!-- \/ Yoast SEO plugin. -->","yoast_head_json":{"title":"Reed r9920-nist medidor de calidad del aire interior, pared - Abaa tienda online","robots":{"index":"index","follow":"follow","max-snippet":"max-snippet:-1","max-image-preview":"max-image-preview:large","max-video-preview":"max-video-preview:-1"},"canonical":"https:\/\/abaa.mx\/tienda\/reed-r9920-nist-medidor-de-calidad-del-aire-interior-pared\/","og_locale":"es_MX","og_type":"article","og_title":"Reed r9920-nist medidor de calidad del aire interior, pared - Abaa tienda online","og_description":"El registrador de datos en tiempo real mide el di\u00f3xido de carbono (CO2), temperatura y humedad en una pantalla t\u00e1ctil LCD TFT a color de 7\" de alta resoluci\u00f3n.","og_url":"https:\/\/abaa.mx\/tienda\/reed-r9920-nist-medidor-de-calidad-del-aire-interior-pared\/","og_site_name":"Abaa tienda online","article_modified_time":"2023-10-25T16:03:34+00:00","og_image":[{"width":270,"height":217,"url":"https:\/\/abaa.mx\/tienda\/wp-content\/uploads\/2023\/10\/R9920-NIST.jpg","type":"image\/jpeg"}],"twitter_card":"summary_large_image","twitter_misc":{"Tiempo de lectura":"3 minutos"},"schema":{"@context":"https:\/\/schema.org","@graph":[{"@type":"WebPage","@id":"https:\/\/abaa.mx\/tienda\/reed-r9920-nist-medidor-de-calidad-del-aire-interior-pared\/","url":"https:\/\/abaa.mx\/tienda\/reed-r9920-nist-medidor-de-calidad-del-aire-interior-pared\/","name":"Reed r9920-nist medidor de calidad del aire interior, pared - Abaa tienda online","isPartOf":{"@id":"https:\/\/abaa.mx\/tienda\/#website"},"primaryImageOfPage":{"@id":"https:\/\/abaa.mx\/tienda\/reed-r9920-nist-medidor-de-calidad-del-aire-interior-pared\/#primaryimage"},"image":{"@id":"https:\/\/abaa.mx\/tienda\/reed-r9920-nist-medidor-de-calidad-del-aire-interior-pared\/#primaryimage"},"thumbnailUrl":"https:\/\/abaa.mx\/tienda\/wp-content\/uploads\/2023\/10\/R9920-NIST.jpg","datePublished":"2023-10-25T16:03:33+00:00","dateModified":"2023-10-25T16:03:34+00:00","breadcrumb":{"@id":"https:\/\/abaa.mx\/tienda\/reed-r9920-nist-medidor-de-calidad-del-aire-interior-pared\/#breadcrumb"},"inLanguage":"es","potentialAction":[{"@type":"ReadAction","target":["https:\/\/abaa.mx\/tienda\/reed-r9920-nist-medidor-de-calidad-del-aire-interior-pared\/"]}]},{"@type":"ImageObject","inLanguage":"es","@id":"https:\/\/abaa.mx\/tienda\/reed-r9920-nist-medidor-de-calidad-del-aire-interior-pared\/#primaryimage","url":"https:\/\/abaa.mx\/tienda\/wp-content\/uploads\/2023\/10\/R9920-NIST.jpg","contentUrl":"https:\/\/abaa.mx\/tienda\/wp-content\/uploads\/2023\/10\/R9920-NIST.jpg","width":270,"height":217,"caption":"reed-r9920-nist-medidor-de-calidad-del-aire-interior-pared"},{"@type":"BreadcrumbList","@id":"https:\/\/abaa.mx\/tienda\/reed-r9920-nist-medidor-de-calidad-del-aire-interior-pared\/#breadcrumb","itemListElement":[{"@type":"ListItem","position":1,"name":"Inicio","item":"https:\/\/abaa.mx\/tienda\/"},{"@type":"ListItem","position":2,"name":"Tienda","item":"https:\/\/abaa.mx\/tienda\/"},{"@type":"ListItem","position":3,"name":"Reed r9920-nist medidor de calidad del aire interior, pared"}]},{"@type":"WebSite","@id":"https:\/\/abaa.mx\/tienda\/#website","url":"https:\/\/abaa.mx\/tienda\/","name":"Abaa tienda online","description":"Instrumentos de medici\u00f3n","publisher":{"@id":"https:\/\/abaa.mx\/tienda\/#organization"},"potentialAction":[{"@type":"SearchAction","target":{"@type":"EntryPoint","urlTemplate":"https:\/\/abaa.mx\/tienda\/?s={search_term_string}"},"query-input":{"@type":"PropertyValueSpecification","valueRequired":true,"valueName":"search_term_string"}}],"inLanguage":"es"},{"@type":"Organization","@id":"https:\/\/abaa.mx\/tienda\/#organization","name":"Abaa tienda online","url":"https:\/\/abaa.mx\/tienda\/","logo":{"@type":"ImageObject","inLanguage":"es","@id":"https:\/\/abaa.mx\/tienda\/#\/schema\/logo\/image\/","url":"https:\/\/abaa.mx\/tienda\/wp-content\/uploads\/2024\/01\/abaa-metrologia-tienda.png","contentUrl":"https:\/\/abaa.mx\/tienda\/wp-content\/uploads\/2024\/01\/abaa-metrologia-tienda.png","width":300,"height":141,"caption":"Abaa tienda online"},"image":{"@id":"https:\/\/abaa.mx\/tienda\/#\/schema\/logo\/image\/"}}]}},"_links":{"self":[{"href":"https:\/\/abaa.mx\/tienda\/wp-json\/wp\/v2\/product\/7837","targetHints":{"allow":["GET"]}}],"collection":[{"href":"https:\/\/abaa.mx\/tienda\/wp-json\/wp\/v2\/product"}],"about":[{"href":"https:\/\/abaa.mx\/tienda\/wp-json\/wp\/v2\/types\/product"}],"replies":[{"embeddable":true,"href":"https:\/\/abaa.mx\/tienda\/wp-json\/wp\/v2\/comments?post=7837"}],"wp:featuredmedia":[{"embeddable":true,"href":"https:\/\/abaa.mx\/tienda\/wp-json\/wp\/v2\/media\/7849"}],"wp:attachment":[{"href":"https:\/\/abaa.mx\/tienda\/wp-json\/wp\/v2\/media?parent=7837"}],"wp:term":[{"taxonomy":"product_brand","embeddable":true,"href":"https:\/\/abaa.mx\/tienda\/wp-json\/wp\/v2\/product_brand?post=7837"},{"taxonomy":"product_cat","embeddable":true,"href":"https:\/\/abaa.mx\/tienda\/wp-json\/wp\/v2\/product_cat?post=7837"},{"taxonomy":"product_tag","embeddable":true,"href":"https:\/\/abaa.mx\/tienda\/wp-json\/wp\/v2\/product_tag?post=7837"}],"curies":[{"name":"wp","href":"https:\/\/api.w.org\/{rel}","templated":true}]}}