{"id":7835,"date":"2023-10-25T16:01:52","date_gmt":"2023-10-25T16:01:52","guid":{"rendered":"https:\/\/abaa.mx\/tienda\/?post_type=product&#038;p=7835"},"modified":"2023-12-13T20:49:59","modified_gmt":"2023-12-13T20:49:59","slug":"dosimetro-de-ruido-reed-r8085-2","status":"publish","type":"product","link":"https:\/\/abaa.mx\/tienda\/dosimetro-de-ruido-reed-r8085-2\/","title":{"rendered":"Dos\u00edmetro de ruido reed r8085"},"content":{"rendered":"<p>Este dos\u00edmetro de ruido tiene la capacidad de registrar los niveles de sonido (dB) y la exposici\u00f3n al sonido (% de dosis) para determinar la exposici\u00f3n al sonido de un individuo durante un per\u00edodo de 8 horas. El R8085 es un dos\u00edmetro ligero y compacto dise\u00f1ado para cumplir con los requisitos de estudio de ruido establecidos por OSHA (Administraci\u00f3n de Seguridad y Salud Ocupacional) y el CCOHS (Centro Canadiense de Salud y Seguridad Ocupacional).<\/p>\n<h5><strong>Funciones<\/strong><\/h5>\n<ul>\n<li>Dos\u00edmetro de ruido, son\u00f3metro y registrador de datos<\/li>\n<li>La alta precisi\u00f3n de \u00b11.0dB cumple con los est\u00e1ndares de Tipo 2<\/li>\n<li>Dise\u00f1ado para cumplir con los requisitos de inspecci\u00f3n de ruido para cumplir con las regulaciones de OSHA y CCOHS<\/li>\n<li>La exposici\u00f3n al sonido personal cumple con IEC 61252, ANSI S1.25<\/li>\n<li>Ponderaci\u00f3n de frecuencia A y C<\/li>\n<li>Ponderaci\u00f3n de tiempo r\u00e1pida y lenta<\/li>\n<li>Dise\u00f1o ligero y compacto<\/li>\n<li>Nivel de criterio, tipo de cambio y umbral ajustables<\/li>\n<li>Interfaz USB con software compatible con Windows para recuperar los datos almacenados (se vende por separado)<\/li>\n<li>Pantalla LCD retroiluminada de f\u00e1cil lectura<\/li>\n<li>Retenci\u00f3n de datos y retenci\u00f3n m\u00edn.\/m\u00e1x.<\/li>\n<li>Montaje en tr\u00edpode para monitorizaci\u00f3n a largo plazo<\/li>\n<li>Indicador de bater\u00eda baja y apagado autom\u00e1tico<\/li>\n<\/ul>\n<h4>Especificaciones<\/h4>\n<table class=\"table table-striped\">\n<tbody>\n<tr>\n<td>Tipo de medici\u00f3n<\/td>\n<td>Nivel de presi\u00f3n sonora: dB<br \/>\nExposici\u00f3n personal al ruido: %Dosis<\/td>\n<\/tr>\n<tr>\n<td>Rango(s) de medici\u00f3n<\/td>\n<td>De 35 a 130 dB Bajo: 35 a 80 dB Alto: 80 a 130 dB Autom\u00e1tico: 35 a 130 dB Dosis: 70 a 130 dB<\/td>\n<\/tr>\n<tr>\n<td>Rango din\u00e1mico<\/td>\n<td>50dB (en cada rango)<\/td>\n<\/tr>\n<tr>\n<td>Exactitud<\/td>\n<td>31,5 Hz \u00b13,0 dB, 63 Hz \u00b12,0 dB, 125 Hz \u00b11,5 dB, 250 Hz \u00b11,5 dB, 500 Hz \u00b11,5 dB, 1 kHz \u00b11,0 dB, 2 kHz \u00b12,0 dB, 4 kHz \u00b13,0 dB, 8 kHz \u00b15,0<\/p>\n<p>dB<\/td>\n<\/tr>\n<tr>\n<td>Resoluci\u00f3n<\/td>\n<td>0.1dB<\/td>\n<\/tr>\n<tr>\n<td>Tiempo de respuesta<\/td>\n<td>Aprox. 1 seg<\/td>\n<\/tr>\n<tr>\n<td>Rango de frecuencia<\/td>\n<td>De 31,5 Hz a 8 kHz<\/td>\n<\/tr>\n<tr>\n<td>Ponderaci\u00f3n de frecuencia<\/td>\n<td>A, C<\/td>\n<\/tr>\n<tr>\n<td>Ponderaci\u00f3n de tiempo<\/td>\n<td>R\u00e1pido\/lento (125 mS y 1 s)<\/td>\n<\/tr>\n<tr>\n<td>Micr\u00f3fono<\/td>\n<td>Condensador electret de 0,5&#8243; (12,7 mm)<\/td>\n<\/tr>\n<tr>\n<td>Monitor<\/td>\n<td>Pantalla LCD de 4 d\u00edgitos<\/td>\n<\/tr>\n<tr>\n<td>Pantalla retroiluminada<\/td>\n<td>S\u00ed<\/td>\n<\/tr>\n<tr>\n<td>Retenci\u00f3n de datos<\/td>\n<td>S\u00ed<\/td>\n<\/tr>\n<tr>\n<td>Min<\/td>\n<td>S\u00ed<\/td>\n<\/tr>\n<tr>\n<td>M\u00e1ximo<\/td>\n<td>S\u00ed<\/td>\n<\/tr>\n<tr>\n<td>Indicadores de alarma<\/td>\n<td>Over (visual en pantalla)<\/td>\n<\/tr>\n<tr>\n<td>Capacidades de registro de datos<\/td>\n<td>S\u00ed<\/td>\n<\/tr>\n<tr>\n<td>Reloj en tiempo real y sello de fecha<\/td>\n<td>S\u00ed<\/td>\n<\/tr>\n<tr>\n<td>Frecuencia de muestreo seleccionable<\/td>\n<td>S\u00ed (1, 2, 5, 10, 30, 60, 120, 300, 600, 1800, 3600)<\/td>\n<\/tr>\n<tr>\n<td>Tasa de medici\u00f3n de dosis seleccionable<\/td>\n<td>S\u00ed (0, 1, 5, 10, 15, 30 minutos \/ 1, 2, 4, 8, 10, 12, 24 horas)<\/td>\n<\/tr>\n<tr>\n<td>Apagado autom\u00e1tico<\/td>\n<td>S\u00ed (despu\u00e9s de 10 minutos\/apagado)<\/td>\n<\/tr>\n<tr>\n<td>Montaje en tr\u00edpode<\/td>\n<td>S\u00ed<\/td>\n<\/tr>\n<tr>\n<td>Indicador de bater\u00eda baja<\/td>\n<td>S\u00ed<\/td>\n<\/tr>\n<tr>\n<td>Fuente de alimentaci\u00f3n<\/td>\n<td>3 pilas AAA<\/td>\n<\/tr>\n<tr>\n<td>Salida<\/td>\n<td>S\u00ed, RS-232\/USB (opcional)<\/td>\n<\/tr>\n<tr>\n<td>Conectividad de PC<\/td>\n<td>Cable USB (R8085-USB, opcional)<\/td>\n<\/tr>\n<tr>\n<td>Software<\/td>\n<td>Software para PC (R8085-PC, opcional)<\/td>\n<\/tr>\n<tr>\n<td>Compatibilidad con el sistema operativo del software<\/td>\n<td>Windows XP\/Vista\/7\/8\/10<\/td>\n<\/tr>\n<tr>\n<td>Certificaciones de productos<\/td>\n<td>CE, IEC61252, ANSI S1.25 para medidores de dosis de ruido y exposici\u00f3n al sonido, IEC 61672 Clase 2 \/ ANSI S1.4 Tipo S para medidores de nivel de sonido<\/td>\n<\/tr>\n<tr>\n<td>Temperatura de funcionamiento<\/td>\n<td>De 32 a 122 \u00b0C (de 0 a 50 \u00b0F)<\/td>\n<\/tr>\n<tr>\n<td>Temperatura de almacenamiento<\/td>\n<td>De -14 a 140 \u00b0C (de 10 a 60 \u00b0F)<\/td>\n<\/tr>\n<tr>\n<td>Rango de humedad de funcionamiento<\/td>\n<td>&lt;85%<\/td>\n<\/tr>\n<tr>\n<td>Dimensiones<\/td>\n<td>4,2 x 2,3 x 1,0&#8243; (107 x 58 x 25 mm)<\/td>\n<\/tr>\n<tr>\n<td>Peso<\/td>\n<td>4,3 onzas (122 g)<\/td>\n<\/tr>\n<\/tbody>\n<\/table>\n","protected":false},"excerpt":{"rendered":"<p class=\"short-description mhide ipad-view-setting\">El dos\u00edmetro de ruido de alta precisi\u00f3n permite al usuario medir, capturar y calcular los niveles de exposici\u00f3n al sonido.<\/p>\n<div class=\"row-fluid\">\n<div class=\"span12 mobile-pricing-box-padding\">\n<form id=\"160114\" accept-charset=\"utf-8\" action=\"https:\/\/www.globaltestsupply.com\/shop\/add\" method=\"post\" name=\"addTocartFunction\">\n<div>\n<div class=\"span12\"><\/div>\n<\/div>\n<\/form>\n<\/div>\n<\/div>\n","protected":false},"featured_media":7847,"comment_status":"open","ping_status":"closed","template":"","meta":{"_joinchat":[]},"product_brand":[],"product_cat":[15],"product_tag":[],"class_list":{"0":"post-7835","1":"product","2":"type-product","3":"status-publish","4":"has-post-thumbnail","6":"product_cat-sin-categorizar","8":"first","9":"instock","10":"shipping-taxable","11":"product-type-simple"},"yoast_head":"<!-- This site is optimized with the Yoast SEO plugin v26.4 - https:\/\/yoast.com\/wordpress\/plugins\/seo\/ -->\n<title>Dos\u00edmetro de ruido reed r8085 - Abaa tienda online<\/title>\n<meta name=\"robots\" content=\"index, follow, max-snippet:-1, max-image-preview:large, max-video-preview:-1\" \/>\n<link rel=\"canonical\" href=\"https:\/\/abaa.mx\/tienda\/dosimetro-de-ruido-reed-r8085-2\/\" \/>\n<meta property=\"og:locale\" content=\"es_MX\" \/>\n<meta property=\"og:type\" content=\"article\" \/>\n<meta property=\"og:title\" content=\"Dos\u00edmetro de ruido reed r8085 - Abaa tienda online\" \/>\n<meta property=\"og:description\" content=\"El dos\u00edmetro de ruido de alta precisi\u00f3n permite al usuario medir, capturar y calcular los niveles de exposici\u00f3n al sonido.\" \/>\n<meta property=\"og:url\" content=\"https:\/\/abaa.mx\/tienda\/dosimetro-de-ruido-reed-r8085-2\/\" \/>\n<meta property=\"og:site_name\" content=\"Abaa tienda online\" \/>\n<meta property=\"article:modified_time\" content=\"2023-12-13T20:49:59+00:00\" \/>\n<meta property=\"og:image\" content=\"https:\/\/abaa.mx\/tienda\/wp-content\/uploads\/2023\/10\/R8085-RENTAL.jpg\" \/>\n\t<meta property=\"og:image:width\" content=\"2000\" \/>\n\t<meta property=\"og:image:height\" content=\"2000\" \/>\n\t<meta property=\"og:image:type\" content=\"image\/jpeg\" \/>\n<meta name=\"twitter:card\" content=\"summary_large_image\" \/>\n<meta name=\"twitter:label1\" content=\"Tiempo de lectura\" \/>\n\t<meta name=\"twitter:data1\" content=\"3 minutos\" \/>\n<script type=\"application\/ld+json\" class=\"yoast-schema-graph\">{\"@context\":\"https:\/\/schema.org\",\"@graph\":[{\"@type\":\"WebPage\",\"@id\":\"https:\/\/abaa.mx\/tienda\/dosimetro-de-ruido-reed-r8085-2\/\",\"url\":\"https:\/\/abaa.mx\/tienda\/dosimetro-de-ruido-reed-r8085-2\/\",\"name\":\"Dos\u00edmetro de ruido reed r8085 - Abaa tienda online\",\"isPartOf\":{\"@id\":\"https:\/\/abaa.mx\/tienda\/#website\"},\"primaryImageOfPage\":{\"@id\":\"https:\/\/abaa.mx\/tienda\/dosimetro-de-ruido-reed-r8085-2\/#primaryimage\"},\"image\":{\"@id\":\"https:\/\/abaa.mx\/tienda\/dosimetro-de-ruido-reed-r8085-2\/#primaryimage\"},\"thumbnailUrl\":\"https:\/\/abaa.mx\/tienda\/wp-content\/uploads\/2023\/10\/R8085-RENTAL.jpg\",\"datePublished\":\"2023-10-25T16:01:52+00:00\",\"dateModified\":\"2023-12-13T20:49:59+00:00\",\"breadcrumb\":{\"@id\":\"https:\/\/abaa.mx\/tienda\/dosimetro-de-ruido-reed-r8085-2\/#breadcrumb\"},\"inLanguage\":\"es\",\"potentialAction\":[{\"@type\":\"ReadAction\",\"target\":[\"https:\/\/abaa.mx\/tienda\/dosimetro-de-ruido-reed-r8085-2\/\"]}]},{\"@type\":\"ImageObject\",\"inLanguage\":\"es\",\"@id\":\"https:\/\/abaa.mx\/tienda\/dosimetro-de-ruido-reed-r8085-2\/#primaryimage\",\"url\":\"https:\/\/abaa.mx\/tienda\/wp-content\/uploads\/2023\/10\/R8085-RENTAL.jpg\",\"contentUrl\":\"https:\/\/abaa.mx\/tienda\/wp-content\/uploads\/2023\/10\/R8085-RENTAL.jpg\",\"width\":2000,\"height\":2000,\"caption\":\"R8085-RENTAL\"},{\"@type\":\"BreadcrumbList\",\"@id\":\"https:\/\/abaa.mx\/tienda\/dosimetro-de-ruido-reed-r8085-2\/#breadcrumb\",\"itemListElement\":[{\"@type\":\"ListItem\",\"position\":1,\"name\":\"Inicio\",\"item\":\"https:\/\/abaa.mx\/tienda\/\"},{\"@type\":\"ListItem\",\"position\":2,\"name\":\"Tienda\",\"item\":\"https:\/\/abaa.mx\/tienda\/\"},{\"@type\":\"ListItem\",\"position\":3,\"name\":\"Dos\u00edmetro de ruido reed r8085\"}]},{\"@type\":\"WebSite\",\"@id\":\"https:\/\/abaa.mx\/tienda\/#website\",\"url\":\"https:\/\/abaa.mx\/tienda\/\",\"name\":\"Abaa tienda online\",\"description\":\"Instrumentos de medici\u00f3n\",\"publisher\":{\"@id\":\"https:\/\/abaa.mx\/tienda\/#organization\"},\"potentialAction\":[{\"@type\":\"SearchAction\",\"target\":{\"@type\":\"EntryPoint\",\"urlTemplate\":\"https:\/\/abaa.mx\/tienda\/?s={search_term_string}\"},\"query-input\":{\"@type\":\"PropertyValueSpecification\",\"valueRequired\":true,\"valueName\":\"search_term_string\"}}],\"inLanguage\":\"es\"},{\"@type\":\"Organization\",\"@id\":\"https:\/\/abaa.mx\/tienda\/#organization\",\"name\":\"Abaa tienda online\",\"url\":\"https:\/\/abaa.mx\/tienda\/\",\"logo\":{\"@type\":\"ImageObject\",\"inLanguage\":\"es\",\"@id\":\"https:\/\/abaa.mx\/tienda\/#\/schema\/logo\/image\/\",\"url\":\"https:\/\/abaa.mx\/tienda\/wp-content\/uploads\/2024\/01\/abaa-metrologia-tienda.png\",\"contentUrl\":\"https:\/\/abaa.mx\/tienda\/wp-content\/uploads\/2024\/01\/abaa-metrologia-tienda.png\",\"width\":300,\"height\":141,\"caption\":\"Abaa tienda online\"},\"image\":{\"@id\":\"https:\/\/abaa.mx\/tienda\/#\/schema\/logo\/image\/\"}}]}<\/script>\n<!-- \/ Yoast SEO plugin. -->","yoast_head_json":{"title":"Dos\u00edmetro de ruido reed r8085 - Abaa tienda online","robots":{"index":"index","follow":"follow","max-snippet":"max-snippet:-1","max-image-preview":"max-image-preview:large","max-video-preview":"max-video-preview:-1"},"canonical":"https:\/\/abaa.mx\/tienda\/dosimetro-de-ruido-reed-r8085-2\/","og_locale":"es_MX","og_type":"article","og_title":"Dos\u00edmetro de ruido reed r8085 - Abaa tienda online","og_description":"El dos\u00edmetro de ruido de alta precisi\u00f3n permite al usuario medir, capturar y calcular los niveles de exposici\u00f3n al sonido.","og_url":"https:\/\/abaa.mx\/tienda\/dosimetro-de-ruido-reed-r8085-2\/","og_site_name":"Abaa tienda online","article_modified_time":"2023-12-13T20:49:59+00:00","og_image":[{"width":2000,"height":2000,"url":"https:\/\/abaa.mx\/tienda\/wp-content\/uploads\/2023\/10\/R8085-RENTAL.jpg","type":"image\/jpeg"}],"twitter_card":"summary_large_image","twitter_misc":{"Tiempo de lectura":"3 minutos"},"schema":{"@context":"https:\/\/schema.org","@graph":[{"@type":"WebPage","@id":"https:\/\/abaa.mx\/tienda\/dosimetro-de-ruido-reed-r8085-2\/","url":"https:\/\/abaa.mx\/tienda\/dosimetro-de-ruido-reed-r8085-2\/","name":"Dos\u00edmetro de ruido reed r8085 - Abaa tienda online","isPartOf":{"@id":"https:\/\/abaa.mx\/tienda\/#website"},"primaryImageOfPage":{"@id":"https:\/\/abaa.mx\/tienda\/dosimetro-de-ruido-reed-r8085-2\/#primaryimage"},"image":{"@id":"https:\/\/abaa.mx\/tienda\/dosimetro-de-ruido-reed-r8085-2\/#primaryimage"},"thumbnailUrl":"https:\/\/abaa.mx\/tienda\/wp-content\/uploads\/2023\/10\/R8085-RENTAL.jpg","datePublished":"2023-10-25T16:01:52+00:00","dateModified":"2023-12-13T20:49:59+00:00","breadcrumb":{"@id":"https:\/\/abaa.mx\/tienda\/dosimetro-de-ruido-reed-r8085-2\/#breadcrumb"},"inLanguage":"es","potentialAction":[{"@type":"ReadAction","target":["https:\/\/abaa.mx\/tienda\/dosimetro-de-ruido-reed-r8085-2\/"]}]},{"@type":"ImageObject","inLanguage":"es","@id":"https:\/\/abaa.mx\/tienda\/dosimetro-de-ruido-reed-r8085-2\/#primaryimage","url":"https:\/\/abaa.mx\/tienda\/wp-content\/uploads\/2023\/10\/R8085-RENTAL.jpg","contentUrl":"https:\/\/abaa.mx\/tienda\/wp-content\/uploads\/2023\/10\/R8085-RENTAL.jpg","width":2000,"height":2000,"caption":"R8085-RENTAL"},{"@type":"BreadcrumbList","@id":"https:\/\/abaa.mx\/tienda\/dosimetro-de-ruido-reed-r8085-2\/#breadcrumb","itemListElement":[{"@type":"ListItem","position":1,"name":"Inicio","item":"https:\/\/abaa.mx\/tienda\/"},{"@type":"ListItem","position":2,"name":"Tienda","item":"https:\/\/abaa.mx\/tienda\/"},{"@type":"ListItem","position":3,"name":"Dos\u00edmetro de ruido reed r8085"}]},{"@type":"WebSite","@id":"https:\/\/abaa.mx\/tienda\/#website","url":"https:\/\/abaa.mx\/tienda\/","name":"Abaa tienda online","description":"Instrumentos de medici\u00f3n","publisher":{"@id":"https:\/\/abaa.mx\/tienda\/#organization"},"potentialAction":[{"@type":"SearchAction","target":{"@type":"EntryPoint","urlTemplate":"https:\/\/abaa.mx\/tienda\/?s={search_term_string}"},"query-input":{"@type":"PropertyValueSpecification","valueRequired":true,"valueName":"search_term_string"}}],"inLanguage":"es"},{"@type":"Organization","@id":"https:\/\/abaa.mx\/tienda\/#organization","name":"Abaa tienda online","url":"https:\/\/abaa.mx\/tienda\/","logo":{"@type":"ImageObject","inLanguage":"es","@id":"https:\/\/abaa.mx\/tienda\/#\/schema\/logo\/image\/","url":"https:\/\/abaa.mx\/tienda\/wp-content\/uploads\/2024\/01\/abaa-metrologia-tienda.png","contentUrl":"https:\/\/abaa.mx\/tienda\/wp-content\/uploads\/2024\/01\/abaa-metrologia-tienda.png","width":300,"height":141,"caption":"Abaa tienda online"},"image":{"@id":"https:\/\/abaa.mx\/tienda\/#\/schema\/logo\/image\/"}}]}},"_links":{"self":[{"href":"https:\/\/abaa.mx\/tienda\/wp-json\/wp\/v2\/product\/7835","targetHints":{"allow":["GET"]}}],"collection":[{"href":"https:\/\/abaa.mx\/tienda\/wp-json\/wp\/v2\/product"}],"about":[{"href":"https:\/\/abaa.mx\/tienda\/wp-json\/wp\/v2\/types\/product"}],"replies":[{"embeddable":true,"href":"https:\/\/abaa.mx\/tienda\/wp-json\/wp\/v2\/comments?post=7835"}],"wp:featuredmedia":[{"embeddable":true,"href":"https:\/\/abaa.mx\/tienda\/wp-json\/wp\/v2\/media\/7847"}],"wp:attachment":[{"href":"https:\/\/abaa.mx\/tienda\/wp-json\/wp\/v2\/media?parent=7835"}],"wp:term":[{"taxonomy":"product_brand","embeddable":true,"href":"https:\/\/abaa.mx\/tienda\/wp-json\/wp\/v2\/product_brand?post=7835"},{"taxonomy":"product_cat","embeddable":true,"href":"https:\/\/abaa.mx\/tienda\/wp-json\/wp\/v2\/product_cat?post=7835"},{"taxonomy":"product_tag","embeddable":true,"href":"https:\/\/abaa.mx\/tienda\/wp-json\/wp\/v2\/product_tag?post=7835"}],"curies":[{"name":"wp","href":"https:\/\/api.w.org\/{rel}","templated":true}]}}