{"id":7830,"date":"2023-10-25T15:40:32","date_gmt":"2023-10-25T15:40:32","guid":{"rendered":"https:\/\/abaa.mx\/tienda\/?post_type=product&#038;p=7830"},"modified":"2023-12-01T15:47:27","modified_gmt":"2023-12-01T15:47:27","slug":"cm4374-hioki-amperimetro-2000-ac-dc-true-rms-bluetooth","status":"publish","type":"product","link":"https:\/\/abaa.mx\/tienda\/cm4374-hioki-amperimetro-2000-ac-dc-true-rms-bluetooth\/","title":{"rendered":"CM4374 Hioki Amper\u00edmetro 2000 AC-DC True RMS Bluetooth"},"content":{"rendered":"<p><b>Especificaciones Tecnicas<\/b><\/p>\n<div class=\"scrollable-wrapper\">\n<table width=\"606\">\n<tbody>\n<tr>\n<td width=\"84\">Corriente DC<\/td>\n<td width=\"522\">600.0 A \/ 2000 A, Precisi\u00f3n b\u00e1sica: \u00b1 1.3% rdg. \u00b1 0.3 A (rango 600\u00aa)<\/td>\n<\/tr>\n<tr>\n<td width=\"84\">Corriente AC<\/td>\n<td width=\"522\">600.0 A \/ 2000 A (10 Hz a 1 kHz, RMS real), Precisi\u00f3n b\u00e1sica: \u00b1 1.3% rdg. \u00b1 0.3 A (rango 600\u00aa) Factor de cresta 600.0 rango de A: 3 o menos, rango de 2000 A: 2.84 o menos<\/td>\n<\/tr>\n<tr>\n<td width=\"84\">Corriente CC + CA<\/td>\n<td width=\"522\">600.0 A \/ 2000 A (10 Hz a 1 kHz, RMS verdadero), Precisi\u00f3n b\u00e1sica CC, 45-66 Hz: \u00b1 1.3% rdg. \u00b1 1.3 A (a 600 A)<\/td>\n<\/tr>\n<tr>\n<td width=\"84\">Voltaje DC<\/td>\n<td width=\"522\">600.0 mV a 1500 V, 5 rangos, Precisi\u00f3n b\u00e1sica: \u00b1 0.5% rdg. \u00b1 0.5 mV (a 600 mV)<\/td>\n<\/tr>\n<tr>\n<td width=\"84\">Voltaje CA<\/td>\n<td width=\"522\">6.000 V a 1000 V, 4 rangos (15 Hz a 1 kHz, RMS verdadero), Precisi\u00f3n b\u00e1sica: \u00b1 0.9% rdg. \u00b1 3 dgt.<\/td>\n<\/tr>\n<tr>\n<td width=\"84\">Voltaje CC + CA<\/td>\n<td width=\"522\">6.000 V a 1000 V, 4 rangos, Precisi\u00f3n b\u00e1sica: \u00b1 1.0% rdg. \u00b1 7 dgt.<\/td>\n<\/tr>\n<tr>\n<td width=\"84\">Resistencia<\/td>\n<td width=\"522\">600.0 \u03a9 a 600.0 k\u03a9, 4 rangos, Precisi\u00f3n b\u00e1sica: \u00b1 0.7% rdg. \u00b1 5 dgt.<\/td>\n<\/tr>\n<tr>\n<td width=\"84\">Capacidad electrost\u00e1tica<\/td>\n<td width=\"522\">1.000 \u03bcF a 1000 \u03bcF, 4 rangos, Precisi\u00f3n b\u00e1sica: \u00b1 1.9% rdg. \u00b1 5 dgt.<\/td>\n<\/tr>\n<tr>\n<td width=\"84\">Frecuencia<\/td>\n<td width=\"522\">9.999 Hz a 999.9 Hz, Precisi\u00f3n b\u00e1sica: \u00b1 0.1% rdg. \u00b1 1 dgt<\/td>\n<\/tr>\n<tr>\n<td width=\"84\">Temperatura<\/td>\n<td width=\"522\">(K) -40.0 a 400.0 \u02daC, agregue la precisi\u00f3n de la sonda de temperatura a la precisi\u00f3n b\u00e1sica de \u00b1 0.5% rdg. \u00b1 3.0 \u02daC<\/td>\n<\/tr>\n<tr>\n<td width=\"84\">Detecci\u00f3n de voltaje<\/td>\n<td width=\"522\">Hi: 40 V a 600 V AC, Lo: 80 V a 600 V AC, 50\/60 Hz<\/td>\n<\/tr>\n<tr>\n<td width=\"84\">Otras funciones<\/td>\n<td width=\"522\">Detecci\u00f3n autom\u00e1tica de AC \/ DC, funci\u00f3n de juicio Plus \/ Minus de DC A, DC V, M\u00e1x \/ M\u00edn \/ Promedio \/ PEAK MAX \/ PEAK Pantalla de valor MIN, funci\u00f3n de filtro, retenci\u00f3n del valor de la pantalla, retenci\u00f3n autom\u00e1tica, luz de fondo, auto-potencia guardar, zumbido suena, ajuste cero<\/td>\n<\/tr>\n<tr>\n<td width=\"84\">A prueba de polvo, resistente al agua<\/td>\n<td width=\"522\">Agarre: IP54 (cuando se mide solo un conductor aislado), Mand\u00edbula (la parte del sensor de corriente del instrumento) \/ barrera: IP50 * El riesgo de descarga el\u00e9ctrica del conductor que se mide aumenta cuando est\u00e1 h\u00famedo.<\/td>\n<\/tr>\n<tr>\n<td width=\"84\">Interfaz<\/td>\n<td width=\"522\">Bluetooth\u00ae 4.0LE (Bluetooth\u00ae SMART), Dispositivos compatibles: iOS 8 o posterior, Android \u2122 4.3 o posterior, tel\u00e9fono inteligente \/ tableta GENNECT Cross (aplicaci\u00f3n descargable gratuita): muestra valores de medici\u00f3n y formas de onda, funci\u00f3n de registro simple, funci\u00f3n de monitor de forma de onda, funci\u00f3n de guardar retener<\/td>\n<\/tr>\n<tr>\n<td width=\"84\">Fuente de alimentaci\u00f3n<\/td>\n<td width=\"522\">LR03 Bater\u00eda alcalina \u00d7 2, Uso continuo: 24 horas (Luz de fondo apagada, Bluetooth\u00ae encendido), 45 horas (Luz de fondo apagada, Bluetooth\u00ae desactivada)<\/td>\n<\/tr>\n<tr>\n<td width=\"84\">Di\u00e1metro de la mand\u00edbula del n\u00facleo<\/td>\n<td width=\"522\">92 mm (3.62 in) W \u00d7 18 mm (0.71 in) D, \u03c655 mm (2.17 in)<\/td>\n<\/tr>\n<\/tbody>\n<\/table>\n<\/div>\n","protected":false},"excerpt":{"rendered":"<p style=\"text-align: left;\">FICHA TECNICA:<\/p>\n<p>Los medidores de pinza Hioki son los m\u00e1s destacados dispositivos de medici\u00f3n de su clase que integran la experiencia de Hioki en tecnolog\u00eda de detecci\u00f3n de corriente. El CM4374 es un medidor de abrazadera True RMS 2000A que muestra mordazas m\u00e1s fuertes, un rango de temperatura de desempe\u00f1o m\u00e1s extenso de -25? a 65 and y un gabinete a prueba de polvo y tambi\u00e9n impermeable IP54 para aceptar a los expertos trabajar de forma r\u00e1pida en ocasiones bien dif\u00edciles , incluyendo el desarrollo , reparaci\u00f3n y cuidado de equipos y gadgets as\u00ed como autom\u00f3viles el\u00e9ctricos. Adem\u00e1s de esto , la capacidad de medici\u00f3n de CC de alta tensi\u00f3n de hasta 1700 V es ideal para las inspecciones de mantenimiento de abrazaderas de equipos el\u00e9ctricos y de energ\u00eda solar. Los valores medidos se tienen la posibilidad de mandar a un tel\u00e9fono capaz o tablet utilizando la tecnolog\u00eda inal\u00e1mbrica Bluetooth y se detallan como maneras de onda en el mismo instante. CAT IV 600 V, CAT III 1000 V.<\/p>\n<p>&nbsp;<\/p>\n<p><b>Caracter\u00edsticas Principales<\/b><\/p>\n<ul>\n<li>IP54 a prueba de polvo y carcasa a prueba de agua * Mordazas (parte del sensor de corriente): IP50<\/li>\n<li>Enviar valores medidos a un tel\u00e9fono inteligente o tableta utilizando la tecnolog\u00eda inal\u00e1mbrica Bluetooth<\/li>\n<li>La funci\u00f3n autom\u00e1tica de CA \/ CC ayuda a aumentar la eficiencia del trabajo<\/li>\n<li>Mide simult\u00e1neamente la corriente de entrada en valores de RMS y cresta<\/li>\n<li>Los datos pueden descargarse en tabletas y tel\u00e9fonos inteligentes utilizando las aplicaciones dedicadas de Hioki disponibles en Google Play o Apple Store. Busque &#8220;HIOKI&#8221; y descargue la aplicaci\u00f3n &#8220;GENNECT Cross&#8221;.<\/li>\n<li>Rango de temperatura de funcionamiento ampliado de -25\u00b0C a 65\u00b0C<\/li>\n<li>M\u00faltiples funciones de medici\u00f3n<\/li>\n<li>Mida voltajes de CC de hasta 1700 V<\/li>\n<\/ul>\n","protected":false},"featured_media":7838,"comment_status":"open","ping_status":"closed","template":"","meta":{"_joinchat":[]},"product_brand":[],"product_cat":[86],"product_tag":[],"class_list":{"0":"post-7830","1":"product","2":"type-product","3":"status-publish","4":"has-post-thumbnail","6":"product_cat-amperimetros","8":"first","9":"instock","10":"shipping-taxable","11":"product-type-simple"},"yoast_head":"<!-- This site is optimized with the Yoast SEO plugin v26.4 - https:\/\/yoast.com\/wordpress\/plugins\/seo\/ -->\n<title>CM4374 Hioki Amper\u00edmetro 2000 AC-DC True RMS Bluetooth - Abaa tienda online<\/title>\n<meta name=\"robots\" content=\"index, follow, max-snippet:-1, max-image-preview:large, max-video-preview:-1\" \/>\n<link rel=\"canonical\" href=\"https:\/\/abaa.mx\/tienda\/cm4374-hioki-amperimetro-2000-ac-dc-true-rms-bluetooth\/\" \/>\n<meta property=\"og:locale\" content=\"es_MX\" \/>\n<meta property=\"og:type\" content=\"article\" \/>\n<meta property=\"og:title\" content=\"CM4374 Hioki Amper\u00edmetro 2000 AC-DC True RMS Bluetooth - Abaa tienda online\" \/>\n<meta property=\"og:description\" content=\"FICHA TECNICA: Los medidores de pinza Hioki son los m\u00e1s destacados dispositivos de medici\u00f3n de su clase que integran la experiencia de Hioki en tecnolog\u00eda de detecci\u00f3n de corriente. El CM4374 es un medidor de abrazadera True RMS 2000A que muestra mordazas m\u00e1s fuertes, un rango de temperatura de desempe\u00f1o m\u00e1s extenso de -25? a 65 and y un gabinete a prueba de polvo y tambi\u00e9n impermeable IP54 para aceptar a los expertos trabajar de forma r\u00e1pida en ocasiones bien dif\u00edciles , incluyendo el desarrollo , reparaci\u00f3n y cuidado de equipos y gadgets as\u00ed como autom\u00f3viles el\u00e9ctricos. Adem\u00e1s de esto , la capacidad de medici\u00f3n de CC de alta tensi\u00f3n de hasta 1700 V es ideal para las inspecciones de mantenimiento de abrazaderas de equipos el\u00e9ctricos y de energ\u00eda solar. Los valores medidos se tienen la posibilidad de mandar a un tel\u00e9fono capaz o tablet utilizando la tecnolog\u00eda inal\u00e1mbrica Bluetooth y se detallan como maneras de onda en el mismo instante. CAT IV 600 V, CAT III 1000 V.  &nbsp;  Caracter\u00edsticas Principales   IP54 a prueba de polvo y carcasa a prueba de agua * Mordazas (parte del sensor de corriente): IP50  Enviar valores medidos a un tel\u00e9fono inteligente o tableta utilizando la tecnolog\u00eda inal\u00e1mbrica Bluetooth  La funci\u00f3n autom\u00e1tica de CA \/ CC ayuda a aumentar la eficiencia del trabajo  Mide simult\u00e1neamente la corriente de entrada en valores de RMS y cresta  Los datos pueden descargarse en tabletas y tel\u00e9fonos inteligentes utilizando las aplicaciones dedicadas de Hioki disponibles en Google Play o Apple Store. Busque &quot;HIOKI&quot; y descargue la aplicaci\u00f3n &quot;GENNECT Cross&quot;.  Rango de temperatura de funcionamiento ampliado de -25\u00b0C a 65\u00b0C  M\u00faltiples funciones de medici\u00f3n  Mida voltajes de CC de hasta 1700 V\" \/>\n<meta property=\"og:url\" content=\"https:\/\/abaa.mx\/tienda\/cm4374-hioki-amperimetro-2000-ac-dc-true-rms-bluetooth\/\" \/>\n<meta property=\"og:site_name\" content=\"Abaa tienda online\" \/>\n<meta property=\"article:modified_time\" content=\"2023-12-01T15:47:27+00:00\" \/>\n<meta property=\"og:image\" content=\"https:\/\/abaa.mx\/tienda\/wp-content\/uploads\/2023\/10\/HIOKI-2000-AC-DC.jpg\" \/>\n\t<meta property=\"og:image:width\" content=\"466\" \/>\n\t<meta property=\"og:image:height\" content=\"583\" \/>\n\t<meta property=\"og:image:type\" content=\"image\/jpeg\" \/>\n<meta name=\"twitter:card\" content=\"summary_large_image\" \/>\n<meta name=\"twitter:label1\" content=\"Tiempo de lectura\" \/>\n\t<meta name=\"twitter:data1\" content=\"2 minutos\" \/>\n<script type=\"application\/ld+json\" class=\"yoast-schema-graph\">{\"@context\":\"https:\/\/schema.org\",\"@graph\":[{\"@type\":\"WebPage\",\"@id\":\"https:\/\/abaa.mx\/tienda\/cm4374-hioki-amperimetro-2000-ac-dc-true-rms-bluetooth\/\",\"url\":\"https:\/\/abaa.mx\/tienda\/cm4374-hioki-amperimetro-2000-ac-dc-true-rms-bluetooth\/\",\"name\":\"CM4374 Hioki Amper\u00edmetro 2000 AC-DC True RMS Bluetooth - Abaa tienda online\",\"isPartOf\":{\"@id\":\"https:\/\/abaa.mx\/tienda\/#website\"},\"primaryImageOfPage\":{\"@id\":\"https:\/\/abaa.mx\/tienda\/cm4374-hioki-amperimetro-2000-ac-dc-true-rms-bluetooth\/#primaryimage\"},\"image\":{\"@id\":\"https:\/\/abaa.mx\/tienda\/cm4374-hioki-amperimetro-2000-ac-dc-true-rms-bluetooth\/#primaryimage\"},\"thumbnailUrl\":\"https:\/\/abaa.mx\/tienda\/wp-content\/uploads\/2023\/10\/HIOKI-2000-AC-DC.jpg\",\"datePublished\":\"2023-10-25T15:40:32+00:00\",\"dateModified\":\"2023-12-01T15:47:27+00:00\",\"breadcrumb\":{\"@id\":\"https:\/\/abaa.mx\/tienda\/cm4374-hioki-amperimetro-2000-ac-dc-true-rms-bluetooth\/#breadcrumb\"},\"inLanguage\":\"es\",\"potentialAction\":[{\"@type\":\"ReadAction\",\"target\":[\"https:\/\/abaa.mx\/tienda\/cm4374-hioki-amperimetro-2000-ac-dc-true-rms-bluetooth\/\"]}]},{\"@type\":\"ImageObject\",\"inLanguage\":\"es\",\"@id\":\"https:\/\/abaa.mx\/tienda\/cm4374-hioki-amperimetro-2000-ac-dc-true-rms-bluetooth\/#primaryimage\",\"url\":\"https:\/\/abaa.mx\/tienda\/wp-content\/uploads\/2023\/10\/HIOKI-2000-AC-DC.jpg\",\"contentUrl\":\"https:\/\/abaa.mx\/tienda\/wp-content\/uploads\/2023\/10\/HIOKI-2000-AC-DC.jpg\",\"width\":466,\"height\":583,\"caption\":\"HIOKI-2000 AC-DC\"},{\"@type\":\"BreadcrumbList\",\"@id\":\"https:\/\/abaa.mx\/tienda\/cm4374-hioki-amperimetro-2000-ac-dc-true-rms-bluetooth\/#breadcrumb\",\"itemListElement\":[{\"@type\":\"ListItem\",\"position\":1,\"name\":\"Inicio\",\"item\":\"https:\/\/abaa.mx\/tienda\/\"},{\"@type\":\"ListItem\",\"position\":2,\"name\":\"Tienda\",\"item\":\"https:\/\/abaa.mx\/tienda\/\"},{\"@type\":\"ListItem\",\"position\":3,\"name\":\"CM4374 Hioki Amper\u00edmetro 2000 AC-DC True RMS Bluetooth\"}]},{\"@type\":\"WebSite\",\"@id\":\"https:\/\/abaa.mx\/tienda\/#website\",\"url\":\"https:\/\/abaa.mx\/tienda\/\",\"name\":\"Abaa tienda online\",\"description\":\"Instrumentos de medici\u00f3n\",\"publisher\":{\"@id\":\"https:\/\/abaa.mx\/tienda\/#organization\"},\"potentialAction\":[{\"@type\":\"SearchAction\",\"target\":{\"@type\":\"EntryPoint\",\"urlTemplate\":\"https:\/\/abaa.mx\/tienda\/?s={search_term_string}\"},\"query-input\":{\"@type\":\"PropertyValueSpecification\",\"valueRequired\":true,\"valueName\":\"search_term_string\"}}],\"inLanguage\":\"es\"},{\"@type\":\"Organization\",\"@id\":\"https:\/\/abaa.mx\/tienda\/#organization\",\"name\":\"Abaa tienda online\",\"url\":\"https:\/\/abaa.mx\/tienda\/\",\"logo\":{\"@type\":\"ImageObject\",\"inLanguage\":\"es\",\"@id\":\"https:\/\/abaa.mx\/tienda\/#\/schema\/logo\/image\/\",\"url\":\"https:\/\/abaa.mx\/tienda\/wp-content\/uploads\/2024\/01\/abaa-metrologia-tienda.png\",\"contentUrl\":\"https:\/\/abaa.mx\/tienda\/wp-content\/uploads\/2024\/01\/abaa-metrologia-tienda.png\",\"width\":300,\"height\":141,\"caption\":\"Abaa tienda online\"},\"image\":{\"@id\":\"https:\/\/abaa.mx\/tienda\/#\/schema\/logo\/image\/\"}}]}<\/script>\n<!-- \/ Yoast SEO plugin. -->","yoast_head_json":{"title":"CM4374 Hioki Amper\u00edmetro 2000 AC-DC True RMS Bluetooth - Abaa tienda online","robots":{"index":"index","follow":"follow","max-snippet":"max-snippet:-1","max-image-preview":"max-image-preview:large","max-video-preview":"max-video-preview:-1"},"canonical":"https:\/\/abaa.mx\/tienda\/cm4374-hioki-amperimetro-2000-ac-dc-true-rms-bluetooth\/","og_locale":"es_MX","og_type":"article","og_title":"CM4374 Hioki Amper\u00edmetro 2000 AC-DC True RMS Bluetooth - Abaa tienda online","og_description":"FICHA TECNICA: Los medidores de pinza Hioki son los m\u00e1s destacados dispositivos de medici\u00f3n de su clase que integran la experiencia de Hioki en tecnolog\u00eda de detecci\u00f3n de corriente. El CM4374 es un medidor de abrazadera True RMS 2000A que muestra mordazas m\u00e1s fuertes, un rango de temperatura de desempe\u00f1o m\u00e1s extenso de -25? a 65 and y un gabinete a prueba de polvo y tambi\u00e9n impermeable IP54 para aceptar a los expertos trabajar de forma r\u00e1pida en ocasiones bien dif\u00edciles , incluyendo el desarrollo , reparaci\u00f3n y cuidado de equipos y gadgets as\u00ed como autom\u00f3viles el\u00e9ctricos. Adem\u00e1s de esto , la capacidad de medici\u00f3n de CC de alta tensi\u00f3n de hasta 1700 V es ideal para las inspecciones de mantenimiento de abrazaderas de equipos el\u00e9ctricos y de energ\u00eda solar. Los valores medidos se tienen la posibilidad de mandar a un tel\u00e9fono capaz o tablet utilizando la tecnolog\u00eda inal\u00e1mbrica Bluetooth y se detallan como maneras de onda en el mismo instante. CAT IV 600 V, CAT III 1000 V.  &nbsp;  Caracter\u00edsticas Principales   IP54 a prueba de polvo y carcasa a prueba de agua * Mordazas (parte del sensor de corriente): IP50  Enviar valores medidos a un tel\u00e9fono inteligente o tableta utilizando la tecnolog\u00eda inal\u00e1mbrica Bluetooth  La funci\u00f3n autom\u00e1tica de CA \/ CC ayuda a aumentar la eficiencia del trabajo  Mide simult\u00e1neamente la corriente de entrada en valores de RMS y cresta  Los datos pueden descargarse en tabletas y tel\u00e9fonos inteligentes utilizando las aplicaciones dedicadas de Hioki disponibles en Google Play o Apple Store. Busque \"HIOKI\" y descargue la aplicaci\u00f3n \"GENNECT Cross\".  Rango de temperatura de funcionamiento ampliado de -25\u00b0C a 65\u00b0C  M\u00faltiples funciones de medici\u00f3n  Mida voltajes de CC de hasta 1700 V","og_url":"https:\/\/abaa.mx\/tienda\/cm4374-hioki-amperimetro-2000-ac-dc-true-rms-bluetooth\/","og_site_name":"Abaa tienda online","article_modified_time":"2023-12-01T15:47:27+00:00","og_image":[{"width":466,"height":583,"url":"https:\/\/abaa.mx\/tienda\/wp-content\/uploads\/2023\/10\/HIOKI-2000-AC-DC.jpg","type":"image\/jpeg"}],"twitter_card":"summary_large_image","twitter_misc":{"Tiempo de lectura":"2 minutos"},"schema":{"@context":"https:\/\/schema.org","@graph":[{"@type":"WebPage","@id":"https:\/\/abaa.mx\/tienda\/cm4374-hioki-amperimetro-2000-ac-dc-true-rms-bluetooth\/","url":"https:\/\/abaa.mx\/tienda\/cm4374-hioki-amperimetro-2000-ac-dc-true-rms-bluetooth\/","name":"CM4374 Hioki Amper\u00edmetro 2000 AC-DC True RMS Bluetooth - Abaa tienda online","isPartOf":{"@id":"https:\/\/abaa.mx\/tienda\/#website"},"primaryImageOfPage":{"@id":"https:\/\/abaa.mx\/tienda\/cm4374-hioki-amperimetro-2000-ac-dc-true-rms-bluetooth\/#primaryimage"},"image":{"@id":"https:\/\/abaa.mx\/tienda\/cm4374-hioki-amperimetro-2000-ac-dc-true-rms-bluetooth\/#primaryimage"},"thumbnailUrl":"https:\/\/abaa.mx\/tienda\/wp-content\/uploads\/2023\/10\/HIOKI-2000-AC-DC.jpg","datePublished":"2023-10-25T15:40:32+00:00","dateModified":"2023-12-01T15:47:27+00:00","breadcrumb":{"@id":"https:\/\/abaa.mx\/tienda\/cm4374-hioki-amperimetro-2000-ac-dc-true-rms-bluetooth\/#breadcrumb"},"inLanguage":"es","potentialAction":[{"@type":"ReadAction","target":["https:\/\/abaa.mx\/tienda\/cm4374-hioki-amperimetro-2000-ac-dc-true-rms-bluetooth\/"]}]},{"@type":"ImageObject","inLanguage":"es","@id":"https:\/\/abaa.mx\/tienda\/cm4374-hioki-amperimetro-2000-ac-dc-true-rms-bluetooth\/#primaryimage","url":"https:\/\/abaa.mx\/tienda\/wp-content\/uploads\/2023\/10\/HIOKI-2000-AC-DC.jpg","contentUrl":"https:\/\/abaa.mx\/tienda\/wp-content\/uploads\/2023\/10\/HIOKI-2000-AC-DC.jpg","width":466,"height":583,"caption":"HIOKI-2000 AC-DC"},{"@type":"BreadcrumbList","@id":"https:\/\/abaa.mx\/tienda\/cm4374-hioki-amperimetro-2000-ac-dc-true-rms-bluetooth\/#breadcrumb","itemListElement":[{"@type":"ListItem","position":1,"name":"Inicio","item":"https:\/\/abaa.mx\/tienda\/"},{"@type":"ListItem","position":2,"name":"Tienda","item":"https:\/\/abaa.mx\/tienda\/"},{"@type":"ListItem","position":3,"name":"CM4374 Hioki Amper\u00edmetro 2000 AC-DC True RMS Bluetooth"}]},{"@type":"WebSite","@id":"https:\/\/abaa.mx\/tienda\/#website","url":"https:\/\/abaa.mx\/tienda\/","name":"Abaa tienda online","description":"Instrumentos de medici\u00f3n","publisher":{"@id":"https:\/\/abaa.mx\/tienda\/#organization"},"potentialAction":[{"@type":"SearchAction","target":{"@type":"EntryPoint","urlTemplate":"https:\/\/abaa.mx\/tienda\/?s={search_term_string}"},"query-input":{"@type":"PropertyValueSpecification","valueRequired":true,"valueName":"search_term_string"}}],"inLanguage":"es"},{"@type":"Organization","@id":"https:\/\/abaa.mx\/tienda\/#organization","name":"Abaa tienda online","url":"https:\/\/abaa.mx\/tienda\/","logo":{"@type":"ImageObject","inLanguage":"es","@id":"https:\/\/abaa.mx\/tienda\/#\/schema\/logo\/image\/","url":"https:\/\/abaa.mx\/tienda\/wp-content\/uploads\/2024\/01\/abaa-metrologia-tienda.png","contentUrl":"https:\/\/abaa.mx\/tienda\/wp-content\/uploads\/2024\/01\/abaa-metrologia-tienda.png","width":300,"height":141,"caption":"Abaa tienda online"},"image":{"@id":"https:\/\/abaa.mx\/tienda\/#\/schema\/logo\/image\/"}}]}},"_links":{"self":[{"href":"https:\/\/abaa.mx\/tienda\/wp-json\/wp\/v2\/product\/7830","targetHints":{"allow":["GET"]}}],"collection":[{"href":"https:\/\/abaa.mx\/tienda\/wp-json\/wp\/v2\/product"}],"about":[{"href":"https:\/\/abaa.mx\/tienda\/wp-json\/wp\/v2\/types\/product"}],"replies":[{"embeddable":true,"href":"https:\/\/abaa.mx\/tienda\/wp-json\/wp\/v2\/comments?post=7830"}],"wp:featuredmedia":[{"embeddable":true,"href":"https:\/\/abaa.mx\/tienda\/wp-json\/wp\/v2\/media\/7838"}],"wp:attachment":[{"href":"https:\/\/abaa.mx\/tienda\/wp-json\/wp\/v2\/media?parent=7830"}],"wp:term":[{"taxonomy":"product_brand","embeddable":true,"href":"https:\/\/abaa.mx\/tienda\/wp-json\/wp\/v2\/product_brand?post=7830"},{"taxonomy":"product_cat","embeddable":true,"href":"https:\/\/abaa.mx\/tienda\/wp-json\/wp\/v2\/product_cat?post=7830"},{"taxonomy":"product_tag","embeddable":true,"href":"https:\/\/abaa.mx\/tienda\/wp-json\/wp\/v2\/product_tag?post=7830"}],"curies":[{"name":"wp","href":"https:\/\/api.w.org\/{rel}","templated":true}]}}