{"id":7828,"date":"2023-10-25T15:36:43","date_gmt":"2023-10-25T15:36:43","guid":{"rendered":"https:\/\/abaa.mx\/tienda\/?post_type=product&#038;p=7828"},"modified":"2023-10-25T15:36:55","modified_gmt":"2023-10-25T15:36:55","slug":"amperimetro-ac-hioki-3280-10f","status":"publish","type":"product","link":"https:\/\/abaa.mx\/tienda\/amperimetro-ac-hioki-3280-10f\/","title":{"rendered":"Amper\u00edmetro AC, Hioki &#8211; 3280-10F"},"content":{"rendered":"<p>Amper\u00edmetro AC, Hioki &#8211; 3280-10F<\/p>\n","protected":false},"excerpt":{"rendered":"<p><b>Especificaciones basicas<\/b>\u00a0(Precisi\u00f3n garantizada por 1 a\u00f1o, precisi\u00f3n post-ajuste garantizada por 1 a\u00f1o)<\/p>\n<p>Accesorios: Caja de transporte 9398\u00d71, Plomo de prueba L9208\u00d71, Bater\u00eda de litio tipo moneda (CR2032)\u00d71, Manual de instrucciones \u00d7 1<br \/>\nOtras funciones Continuidad: El zumbador suena a 50 ? \u00b1 40 ? o menos, retenci\u00f3n de datos, ahorro autom\u00e1tico de energ\u00eda, a prueba de ca\u00eddas desde la altura de 1 metro<br \/>\nFactor de cresta: NA<br \/>\nPantalla: LCD, m\u00e1x. 4199 dgt., Frecuencia de actualizaci\u00f3n de pantalla: 400 ms<br \/>\nDi\u00e1metro de mand\u00edbula n\u00facleo: ? 33 mm (1.30 in)<br \/>\nCorriente AC: AC 41.99 a 1000 A, 3 rangos (50 a 60 Hz, promedio rectificado)<br \/>\nVoltaje DC: 419.9 mV a 600 V, 5 rangos, Precisi\u00f3n b\u00e1sica: \u00b1 1.0% rdg. \u00b1 3 dgt.<br \/>\nProtecci\u00f3n del medio ambiente: IP40 a prueba de polvo e impermeable<br \/>\nFuente de alimentaci\u00f3n: Bater\u00eda de litio tipo moneda (CR2032) \u00d7 1, uso continuo 120 horas<br \/>\nResistencia: 419.9 ? a 41.99 M?, 6 rangos, Precisi\u00f3n b\u00e1sica: \u00b1 2% rdg. \u00b1 4 dgt<br \/>\nDimensiones y peso: 57 mm (2.24 in) W \u00d7 175 mm (6.89 in) Alt \u00d7 16 mm (0.63 in) D, 100 g (3.5 oz)<br \/>\nPrecisi\u00f3n b\u00e1sica: \u00b1 1.5% rdg. \u00b1 5 dgt.<br \/>\nVoltaje CA: 4.199 V a 600 V, 4 rangos 45 a 500 Hz, promedio rectificado)<br \/>\nPrecisi\u00f3n b\u00e1sica: \u00b1 1.8% rdg. \u00b1 7 dgt.<\/p>\n","protected":false},"featured_media":7831,"comment_status":"open","ping_status":"closed","template":"","meta":{"_joinchat":[]},"product_brand":[],"product_cat":[86],"product_tag":[],"class_list":{"0":"post-7828","1":"product","2":"type-product","3":"status-publish","4":"has-post-thumbnail","6":"product_cat-amperimetros","8":"first","9":"instock","10":"shipping-taxable","11":"product-type-simple"},"yoast_head":"<!-- This site is optimized with the Yoast SEO plugin v26.4 - https:\/\/yoast.com\/wordpress\/plugins\/seo\/ -->\n<title>Amper\u00edmetro AC, Hioki - 3280-10F - Abaa tienda online<\/title>\n<meta name=\"robots\" content=\"index, follow, max-snippet:-1, max-image-preview:large, max-video-preview:-1\" \/>\n<link rel=\"canonical\" href=\"https:\/\/abaa.mx\/tienda\/amperimetro-ac-hioki-3280-10f\/\" \/>\n<meta property=\"og:locale\" content=\"es_MX\" \/>\n<meta property=\"og:type\" content=\"article\" \/>\n<meta property=\"og:title\" content=\"Amper\u00edmetro AC, Hioki - 3280-10F - Abaa tienda online\" \/>\n<meta property=\"og:description\" content=\"Especificaciones basicas\u00a0(Precisi\u00f3n garantizada por 1 a\u00f1o, precisi\u00f3n post-ajuste garantizada por 1 a\u00f1o)  Accesorios: Caja de transporte 9398\u00d71, Plomo de prueba L9208\u00d71, Bater\u00eda de litio tipo moneda (CR2032)\u00d71, Manual de instrucciones \u00d7 1 Otras funciones Continuidad: El zumbador suena a 50 ? \u00b1 40 ? o menos, retenci\u00f3n de datos, ahorro autom\u00e1tico de energ\u00eda, a prueba de ca\u00eddas desde la altura de 1 metro Factor de cresta: NA Pantalla: LCD, m\u00e1x. 4199 dgt., Frecuencia de actualizaci\u00f3n de pantalla: 400 ms Di\u00e1metro de mand\u00edbula n\u00facleo: ? 33 mm (1.30 in) Corriente AC: AC 41.99 a 1000 A, 3 rangos (50 a 60 Hz, promedio rectificado) Voltaje DC: 419.9 mV a 600 V, 5 rangos, Precisi\u00f3n b\u00e1sica: \u00b1 1.0% rdg. \u00b1 3 dgt. Protecci\u00f3n del medio ambiente: IP40 a prueba de polvo e impermeable Fuente de alimentaci\u00f3n: Bater\u00eda de litio tipo moneda (CR2032) \u00d7 1, uso continuo 120 horas Resistencia: 419.9 ? a 41.99 M?, 6 rangos, Precisi\u00f3n b\u00e1sica: \u00b1 2% rdg. \u00b1 4 dgt Dimensiones y peso: 57 mm (2.24 in) W \u00d7 175 mm (6.89 in) Alt \u00d7 16 mm (0.63 in) D, 100 g (3.5 oz) Precisi\u00f3n b\u00e1sica: \u00b1 1.5% rdg. \u00b1 5 dgt. Voltaje CA: 4.199 V a 600 V, 4 rangos 45 a 500 Hz, promedio rectificado) Precisi\u00f3n b\u00e1sica: \u00b1 1.8% rdg. \u00b1 7 dgt.\" \/>\n<meta property=\"og:url\" content=\"https:\/\/abaa.mx\/tienda\/amperimetro-ac-hioki-3280-10f\/\" \/>\n<meta property=\"og:site_name\" content=\"Abaa tienda online\" \/>\n<meta property=\"article:modified_time\" content=\"2023-10-25T15:36:55+00:00\" \/>\n<meta property=\"og:image\" content=\"https:\/\/abaa.mx\/tienda\/wp-content\/uploads\/2023\/10\/HIOKI-3280-10F.jpg\" \/>\n\t<meta property=\"og:image:width\" content=\"640\" \/>\n\t<meta property=\"og:image:height\" content=\"800\" \/>\n\t<meta property=\"og:image:type\" content=\"image\/jpeg\" \/>\n<meta name=\"twitter:card\" content=\"summary_large_image\" \/>\n<meta name=\"twitter:label1\" content=\"Tiempo de lectura\" \/>\n\t<meta name=\"twitter:data1\" content=\"1 minuto\" \/>\n<script type=\"application\/ld+json\" class=\"yoast-schema-graph\">{\"@context\":\"https:\/\/schema.org\",\"@graph\":[{\"@type\":\"WebPage\",\"@id\":\"https:\/\/abaa.mx\/tienda\/amperimetro-ac-hioki-3280-10f\/\",\"url\":\"https:\/\/abaa.mx\/tienda\/amperimetro-ac-hioki-3280-10f\/\",\"name\":\"Amper\u00edmetro AC, Hioki - 3280-10F - Abaa tienda online\",\"isPartOf\":{\"@id\":\"https:\/\/abaa.mx\/tienda\/#website\"},\"primaryImageOfPage\":{\"@id\":\"https:\/\/abaa.mx\/tienda\/amperimetro-ac-hioki-3280-10f\/#primaryimage\"},\"image\":{\"@id\":\"https:\/\/abaa.mx\/tienda\/amperimetro-ac-hioki-3280-10f\/#primaryimage\"},\"thumbnailUrl\":\"https:\/\/abaa.mx\/tienda\/wp-content\/uploads\/2023\/10\/HIOKI-3280-10F.jpg\",\"datePublished\":\"2023-10-25T15:36:43+00:00\",\"dateModified\":\"2023-10-25T15:36:55+00:00\",\"breadcrumb\":{\"@id\":\"https:\/\/abaa.mx\/tienda\/amperimetro-ac-hioki-3280-10f\/#breadcrumb\"},\"inLanguage\":\"es\",\"potentialAction\":[{\"@type\":\"ReadAction\",\"target\":[\"https:\/\/abaa.mx\/tienda\/amperimetro-ac-hioki-3280-10f\/\"]}]},{\"@type\":\"ImageObject\",\"inLanguage\":\"es\",\"@id\":\"https:\/\/abaa.mx\/tienda\/amperimetro-ac-hioki-3280-10f\/#primaryimage\",\"url\":\"https:\/\/abaa.mx\/tienda\/wp-content\/uploads\/2023\/10\/HIOKI-3280-10F.jpg\",\"contentUrl\":\"https:\/\/abaa.mx\/tienda\/wp-content\/uploads\/2023\/10\/HIOKI-3280-10F.jpg\",\"width\":640,\"height\":800,\"caption\":\"HIOKI-3280-10F\"},{\"@type\":\"BreadcrumbList\",\"@id\":\"https:\/\/abaa.mx\/tienda\/amperimetro-ac-hioki-3280-10f\/#breadcrumb\",\"itemListElement\":[{\"@type\":\"ListItem\",\"position\":1,\"name\":\"Inicio\",\"item\":\"https:\/\/abaa.mx\/tienda\/\"},{\"@type\":\"ListItem\",\"position\":2,\"name\":\"Tienda\",\"item\":\"https:\/\/abaa.mx\/tienda\/\"},{\"@type\":\"ListItem\",\"position\":3,\"name\":\"Amper\u00edmetro AC, Hioki &#8211; 3280-10F\"}]},{\"@type\":\"WebSite\",\"@id\":\"https:\/\/abaa.mx\/tienda\/#website\",\"url\":\"https:\/\/abaa.mx\/tienda\/\",\"name\":\"Abaa tienda online\",\"description\":\"Instrumentos de medici\u00f3n\",\"publisher\":{\"@id\":\"https:\/\/abaa.mx\/tienda\/#organization\"},\"potentialAction\":[{\"@type\":\"SearchAction\",\"target\":{\"@type\":\"EntryPoint\",\"urlTemplate\":\"https:\/\/abaa.mx\/tienda\/?s={search_term_string}\"},\"query-input\":{\"@type\":\"PropertyValueSpecification\",\"valueRequired\":true,\"valueName\":\"search_term_string\"}}],\"inLanguage\":\"es\"},{\"@type\":\"Organization\",\"@id\":\"https:\/\/abaa.mx\/tienda\/#organization\",\"name\":\"Abaa tienda online\",\"url\":\"https:\/\/abaa.mx\/tienda\/\",\"logo\":{\"@type\":\"ImageObject\",\"inLanguage\":\"es\",\"@id\":\"https:\/\/abaa.mx\/tienda\/#\/schema\/logo\/image\/\",\"url\":\"https:\/\/abaa.mx\/tienda\/wp-content\/uploads\/2024\/01\/abaa-metrologia-tienda.png\",\"contentUrl\":\"https:\/\/abaa.mx\/tienda\/wp-content\/uploads\/2024\/01\/abaa-metrologia-tienda.png\",\"width\":300,\"height\":141,\"caption\":\"Abaa tienda online\"},\"image\":{\"@id\":\"https:\/\/abaa.mx\/tienda\/#\/schema\/logo\/image\/\"}}]}<\/script>\n<!-- \/ Yoast SEO plugin. -->","yoast_head_json":{"title":"Amper\u00edmetro AC, Hioki - 3280-10F - Abaa tienda online","robots":{"index":"index","follow":"follow","max-snippet":"max-snippet:-1","max-image-preview":"max-image-preview:large","max-video-preview":"max-video-preview:-1"},"canonical":"https:\/\/abaa.mx\/tienda\/amperimetro-ac-hioki-3280-10f\/","og_locale":"es_MX","og_type":"article","og_title":"Amper\u00edmetro AC, Hioki - 3280-10F - Abaa tienda online","og_description":"Especificaciones basicas\u00a0(Precisi\u00f3n garantizada por 1 a\u00f1o, precisi\u00f3n post-ajuste garantizada por 1 a\u00f1o)  Accesorios: Caja de transporte 9398\u00d71, Plomo de prueba L9208\u00d71, Bater\u00eda de litio tipo moneda (CR2032)\u00d71, Manual de instrucciones \u00d7 1 Otras funciones Continuidad: El zumbador suena a 50 ? \u00b1 40 ? o menos, retenci\u00f3n de datos, ahorro autom\u00e1tico de energ\u00eda, a prueba de ca\u00eddas desde la altura de 1 metro Factor de cresta: NA Pantalla: LCD, m\u00e1x. 4199 dgt., Frecuencia de actualizaci\u00f3n de pantalla: 400 ms Di\u00e1metro de mand\u00edbula n\u00facleo: ? 33 mm (1.30 in) Corriente AC: AC 41.99 a 1000 A, 3 rangos (50 a 60 Hz, promedio rectificado) Voltaje DC: 419.9 mV a 600 V, 5 rangos, Precisi\u00f3n b\u00e1sica: \u00b1 1.0% rdg. \u00b1 3 dgt. Protecci\u00f3n del medio ambiente: IP40 a prueba de polvo e impermeable Fuente de alimentaci\u00f3n: Bater\u00eda de litio tipo moneda (CR2032) \u00d7 1, uso continuo 120 horas Resistencia: 419.9 ? a 41.99 M?, 6 rangos, Precisi\u00f3n b\u00e1sica: \u00b1 2% rdg. \u00b1 4 dgt Dimensiones y peso: 57 mm (2.24 in) W \u00d7 175 mm (6.89 in) Alt \u00d7 16 mm (0.63 in) D, 100 g (3.5 oz) Precisi\u00f3n b\u00e1sica: \u00b1 1.5% rdg. \u00b1 5 dgt. Voltaje CA: 4.199 V a 600 V, 4 rangos 45 a 500 Hz, promedio rectificado) Precisi\u00f3n b\u00e1sica: \u00b1 1.8% rdg. \u00b1 7 dgt.","og_url":"https:\/\/abaa.mx\/tienda\/amperimetro-ac-hioki-3280-10f\/","og_site_name":"Abaa tienda online","article_modified_time":"2023-10-25T15:36:55+00:00","og_image":[{"width":640,"height":800,"url":"https:\/\/abaa.mx\/tienda\/wp-content\/uploads\/2023\/10\/HIOKI-3280-10F.jpg","type":"image\/jpeg"}],"twitter_card":"summary_large_image","twitter_misc":{"Tiempo de lectura":"1 minuto"},"schema":{"@context":"https:\/\/schema.org","@graph":[{"@type":"WebPage","@id":"https:\/\/abaa.mx\/tienda\/amperimetro-ac-hioki-3280-10f\/","url":"https:\/\/abaa.mx\/tienda\/amperimetro-ac-hioki-3280-10f\/","name":"Amper\u00edmetro AC, Hioki - 3280-10F - Abaa tienda online","isPartOf":{"@id":"https:\/\/abaa.mx\/tienda\/#website"},"primaryImageOfPage":{"@id":"https:\/\/abaa.mx\/tienda\/amperimetro-ac-hioki-3280-10f\/#primaryimage"},"image":{"@id":"https:\/\/abaa.mx\/tienda\/amperimetro-ac-hioki-3280-10f\/#primaryimage"},"thumbnailUrl":"https:\/\/abaa.mx\/tienda\/wp-content\/uploads\/2023\/10\/HIOKI-3280-10F.jpg","datePublished":"2023-10-25T15:36:43+00:00","dateModified":"2023-10-25T15:36:55+00:00","breadcrumb":{"@id":"https:\/\/abaa.mx\/tienda\/amperimetro-ac-hioki-3280-10f\/#breadcrumb"},"inLanguage":"es","potentialAction":[{"@type":"ReadAction","target":["https:\/\/abaa.mx\/tienda\/amperimetro-ac-hioki-3280-10f\/"]}]},{"@type":"ImageObject","inLanguage":"es","@id":"https:\/\/abaa.mx\/tienda\/amperimetro-ac-hioki-3280-10f\/#primaryimage","url":"https:\/\/abaa.mx\/tienda\/wp-content\/uploads\/2023\/10\/HIOKI-3280-10F.jpg","contentUrl":"https:\/\/abaa.mx\/tienda\/wp-content\/uploads\/2023\/10\/HIOKI-3280-10F.jpg","width":640,"height":800,"caption":"HIOKI-3280-10F"},{"@type":"BreadcrumbList","@id":"https:\/\/abaa.mx\/tienda\/amperimetro-ac-hioki-3280-10f\/#breadcrumb","itemListElement":[{"@type":"ListItem","position":1,"name":"Inicio","item":"https:\/\/abaa.mx\/tienda\/"},{"@type":"ListItem","position":2,"name":"Tienda","item":"https:\/\/abaa.mx\/tienda\/"},{"@type":"ListItem","position":3,"name":"Amper\u00edmetro AC, Hioki &#8211; 3280-10F"}]},{"@type":"WebSite","@id":"https:\/\/abaa.mx\/tienda\/#website","url":"https:\/\/abaa.mx\/tienda\/","name":"Abaa tienda online","description":"Instrumentos de medici\u00f3n","publisher":{"@id":"https:\/\/abaa.mx\/tienda\/#organization"},"potentialAction":[{"@type":"SearchAction","target":{"@type":"EntryPoint","urlTemplate":"https:\/\/abaa.mx\/tienda\/?s={search_term_string}"},"query-input":{"@type":"PropertyValueSpecification","valueRequired":true,"valueName":"search_term_string"}}],"inLanguage":"es"},{"@type":"Organization","@id":"https:\/\/abaa.mx\/tienda\/#organization","name":"Abaa tienda online","url":"https:\/\/abaa.mx\/tienda\/","logo":{"@type":"ImageObject","inLanguage":"es","@id":"https:\/\/abaa.mx\/tienda\/#\/schema\/logo\/image\/","url":"https:\/\/abaa.mx\/tienda\/wp-content\/uploads\/2024\/01\/abaa-metrologia-tienda.png","contentUrl":"https:\/\/abaa.mx\/tienda\/wp-content\/uploads\/2024\/01\/abaa-metrologia-tienda.png","width":300,"height":141,"caption":"Abaa tienda online"},"image":{"@id":"https:\/\/abaa.mx\/tienda\/#\/schema\/logo\/image\/"}}]}},"_links":{"self":[{"href":"https:\/\/abaa.mx\/tienda\/wp-json\/wp\/v2\/product\/7828","targetHints":{"allow":["GET"]}}],"collection":[{"href":"https:\/\/abaa.mx\/tienda\/wp-json\/wp\/v2\/product"}],"about":[{"href":"https:\/\/abaa.mx\/tienda\/wp-json\/wp\/v2\/types\/product"}],"replies":[{"embeddable":true,"href":"https:\/\/abaa.mx\/tienda\/wp-json\/wp\/v2\/comments?post=7828"}],"wp:featuredmedia":[{"embeddable":true,"href":"https:\/\/abaa.mx\/tienda\/wp-json\/wp\/v2\/media\/7831"}],"wp:attachment":[{"href":"https:\/\/abaa.mx\/tienda\/wp-json\/wp\/v2\/media?parent=7828"}],"wp:term":[{"taxonomy":"product_brand","embeddable":true,"href":"https:\/\/abaa.mx\/tienda\/wp-json\/wp\/v2\/product_brand?post=7828"},{"taxonomy":"product_cat","embeddable":true,"href":"https:\/\/abaa.mx\/tienda\/wp-json\/wp\/v2\/product_cat?post=7828"},{"taxonomy":"product_tag","embeddable":true,"href":"https:\/\/abaa.mx\/tienda\/wp-json\/wp\/v2\/product_tag?post=7828"}],"curies":[{"name":"wp","href":"https:\/\/api.w.org\/{rel}","templated":true}]}}