{"id":7819,"date":"2023-10-25T15:30:30","date_gmt":"2023-10-25T15:30:30","guid":{"rendered":"https:\/\/abaa.mx\/tienda\/?post_type=product&#038;p=7819"},"modified":"2023-12-01T15:52:15","modified_gmt":"2023-12-01T15:52:15","slug":"amperimetro-ac-dc-true-rms-hioki-cm4371","status":"publish","type":"product","link":"https:\/\/abaa.mx\/tienda\/amperimetro-ac-dc-true-rms-hioki-cm4371\/","title":{"rendered":"Amper\u00edmetro AC-DC True RMS, Hioki &#8211; CM4371"},"content":{"rendered":"<p>Amper\u00edmetro AC\/DC True RMS, Hioki &#8211; CM4371<\/p>\n","protected":false},"excerpt":{"rendered":"<p><b>Caracter\u00edsticas principales<\/b>\u00a0Especificaciones b\u00e1sicas (Precisi\u00f3n garantizada por 1 a\u00f1o, precisi\u00f3n post-ajuste garantizada por 1 a\u00f1o)<\/p>\n<ul>\n<li>Fuente de alimentaci\u00f3n: LR03 Bater\u00eda alcalina \u00d7 2, uso continuo 45 horas (Luz de fondo apagada)<\/li>\n<li>Capacidad electrost\u00e1tica: 1.000 ?F a 1000 ?F, 4 rangos, Precisi\u00f3n b\u00e1sica: \u00b1 1.9% rdg. \u00b1 5 dgt.<\/li>\n<li>Di\u00e1metro de la mand\u00edbula del n\u00facleo: 69 mm (2.72 in) W \u00d7 14 mm (0.55 in) D, ?33 mm (1.30 in)<\/li>\n<li>A prueba de polvo, resistente al agua<\/li>\n<li>Temperatura:(K) -40.0 a 400.0 ?C, agregue la precisi\u00f3n de la sonda de temperatura a la precisi\u00f3n b\u00e1sica de \u00b1 0.5% rdg. \u00b1 3.0 ?C<\/li>\n<li>Corriente CC+CA: 20.00A \/600.0 A (10 Hz a 1 kHz, RMS verdadero), Precisi\u00f3n b\u00e1sica: \u00b1 1.3% rdg. \u00b1 0.13 A (a 20A)<\/li>\n<li>Agarre: IP54 (cuando se mide solo un conductor aislado), Mand\u00edbula (la parte del sensor de corriente del instrumento) \/ barrera: P50 * El riesgo de descarga el\u00e9ctrica del conductor que se mide aumenta cuando est\u00e1 h\u00famedo.<\/li>\n<li>Detecci\u00f3n de voltaje: Hi: 40 V a 600 V AC, Lo: 80 V a 600 V AC, 50\/60 Hz<\/li>\n<li>Detecci\u00f3n autom\u00e1tica de AC \/ DC, funci\u00f3n de juicio Plus \/ Minus de DC A, DC V, M\u00e1x \/ M\u00edn \/ Promedio \/ PEAK MAX \/ PEAK Pantalla de valor MIN, funci\u00f3n de filtro, retenci\u00f3n del valor de la pantalla, retenci\u00f3n autom\u00e1tica, luz de fondo, auto-potencia guardar, zumbido suena, ajuste cero<\/li>\n<li>Corriente AC: 20.00 A \/ 600.0 A (10 Hz a 1 kHz, RMS verdadero), Precisi\u00f3n b\u00e1sica: \u00b1 1.3% rdg. \u00b1 0.08 A (a 20 A) Factor de cresta 20.00 A rango: 7.5 &#8211; 600.0 Un rango: 3 o menos<\/li>\n<li>Otras funciones<\/li>\n<li>Frecuencia: 9.999 Hz a 999.9 Hz, Precisi\u00f3n b\u00e1sica: \u00b1 0.1% rdg. \u00b1 1 dgt<\/li>\n<li>Voltaje CA: 6.000 V a 1000 V, 4 rangos (15 Hz a 1 kHz, RMS verdadero), Precisi\u00f3n b\u00e1sica: \u00b1 0.9% rdg. \u00b1 3 dgt<\/li>\n<li>Voltaje CC + CA: 6.000 V a 1000 V, 4 rangos, Precisi\u00f3n b\u00e1sica: \u00b1 1.0% rdg. \u00b1 7 dgt.<\/li>\n<li>Voltaje DC: 600.0 mV a 1500 V, 5 rangos, Precisi\u00f3n b\u00e1sica: \u00b1 0.5% rdg. \u00b1 3 dgt.<\/li>\n<li>Accesorios: Cables de Prueba L9207-10, Malet\u00edn de Prueba C0203, LR03 Bater\u00eda Alcalina \u00d7 2, Manual de instrucciones \u00d7 1<\/li>\n<li>Corriente DC: 20.00 A \/ 600.0 A, Precisi\u00f3n b\u00e1sica: \u00b1 1.3% rdg. \u00b1 0.08 A (rango de 20 A)<\/li>\n<li>Resistencia: 600.0 ? a 600.0 k?, 4 rangos, Precisi\u00f3n b\u00e1sica: \u00b1 0.7% rdg. \u00b1 5 dgt.<\/li>\n<li>Dimensiones y peso: 65 mm (2.56 in) ancho x 215 mm (8.46 in) alto x 35 mm (1.38 in) mm D, 340 g (12.0 oz)<\/li>\n<\/ul>\n","protected":false},"featured_media":9524,"comment_status":"open","ping_status":"closed","template":"","meta":{"_joinchat":[]},"product_brand":[],"product_cat":[86],"product_tag":[],"class_list":{"0":"post-7819","1":"product","2":"type-product","3":"status-publish","4":"has-post-thumbnail","6":"product_cat-amperimetros","8":"first","9":"instock","10":"shipping-taxable","11":"product-type-simple"},"yoast_head":"<!-- This site is optimized with the Yoast SEO plugin v26.4 - https:\/\/yoast.com\/wordpress\/plugins\/seo\/ -->\n<title>Amper\u00edmetro AC-DC True RMS, Hioki - CM4371 - Abaa tienda online<\/title>\n<meta name=\"robots\" content=\"index, follow, max-snippet:-1, max-image-preview:large, max-video-preview:-1\" \/>\n<link rel=\"canonical\" href=\"https:\/\/abaa.mx\/tienda\/amperimetro-ac-dc-true-rms-hioki-cm4371\/\" \/>\n<meta property=\"og:locale\" content=\"es_MX\" \/>\n<meta property=\"og:type\" content=\"article\" \/>\n<meta property=\"og:title\" content=\"Amper\u00edmetro AC-DC True RMS, Hioki - CM4371 - Abaa tienda online\" \/>\n<meta property=\"og:description\" content=\"Caracter\u00edsticas principales\u00a0Especificaciones b\u00e1sicas (Precisi\u00f3n garantizada por 1 a\u00f1o, precisi\u00f3n post-ajuste garantizada por 1 a\u00f1o)   Fuente de alimentaci\u00f3n: LR03 Bater\u00eda alcalina \u00d7 2, uso continuo 45 horas (Luz de fondo apagada)  Capacidad electrost\u00e1tica: 1.000 ?F a 1000 ?F, 4 rangos, Precisi\u00f3n b\u00e1sica: \u00b1 1.9% rdg. \u00b1 5 dgt.  Di\u00e1metro de la mand\u00edbula del n\u00facleo: 69 mm (2.72 in) W \u00d7 14 mm (0.55 in) D, ?33 mm (1.30 in)  A prueba de polvo, resistente al agua  Temperatura:(K) -40.0 a 400.0 ?C, agregue la precisi\u00f3n de la sonda de temperatura a la precisi\u00f3n b\u00e1sica de \u00b1 0.5% rdg. \u00b1 3.0 ?C  Corriente CC+CA: 20.00A \/600.0 A (10 Hz a 1 kHz, RMS verdadero), Precisi\u00f3n b\u00e1sica: \u00b1 1.3% rdg. \u00b1 0.13 A (a 20A)  Agarre: IP54 (cuando se mide solo un conductor aislado), Mand\u00edbula (la parte del sensor de corriente del instrumento) \/ barrera: P50 * El riesgo de descarga el\u00e9ctrica del conductor que se mide aumenta cuando est\u00e1 h\u00famedo.  Detecci\u00f3n de voltaje: Hi: 40 V a 600 V AC, Lo: 80 V a 600 V AC, 50\/60 Hz  Detecci\u00f3n autom\u00e1tica de AC \/ DC, funci\u00f3n de juicio Plus \/ Minus de DC A, DC V, M\u00e1x \/ M\u00edn \/ Promedio \/ PEAK MAX \/ PEAK Pantalla de valor MIN, funci\u00f3n de filtro, retenci\u00f3n del valor de la pantalla, retenci\u00f3n autom\u00e1tica, luz de fondo, auto-potencia guardar, zumbido suena, ajuste cero  Corriente AC: 20.00 A \/ 600.0 A (10 Hz a 1 kHz, RMS verdadero), Precisi\u00f3n b\u00e1sica: \u00b1 1.3% rdg. \u00b1 0.08 A (a 20 A) Factor de cresta 20.00 A rango: 7.5 - 600.0 Un rango: 3 o menos  Otras funciones  Frecuencia: 9.999 Hz a 999.9 Hz, Precisi\u00f3n b\u00e1sica: \u00b1 0.1% rdg. \u00b1 1 dgt  Voltaje CA: 6.000 V a 1000 V, 4 rangos (15 Hz a 1 kHz, RMS verdadero), Precisi\u00f3n b\u00e1sica: \u00b1 0.9% rdg. \u00b1 3 dgt  Voltaje CC + CA: 6.000 V a 1000 V, 4 rangos, Precisi\u00f3n b\u00e1sica: \u00b1 1.0% rdg. \u00b1 7 dgt.  Voltaje DC: 600.0 mV a 1500 V, 5 rangos, Precisi\u00f3n b\u00e1sica: \u00b1 0.5% rdg. \u00b1 3 dgt.  Accesorios: Cables de Prueba L9207-10, Malet\u00edn de Prueba C0203, LR03 Bater\u00eda Alcalina \u00d7 2, Manual de instrucciones \u00d7 1  Corriente DC: 20.00 A \/ 600.0 A, Precisi\u00f3n b\u00e1sica: \u00b1 1.3% rdg. \u00b1 0.08 A (rango de 20 A)  Resistencia: 600.0 ? a 600.0 k?, 4 rangos, Precisi\u00f3n b\u00e1sica: \u00b1 0.7% rdg. \u00b1 5 dgt.  Dimensiones y peso: 65 mm (2.56 in) ancho x 215 mm (8.46 in) alto x 35 mm (1.38 in) mm D, 340 g (12.0 oz)\" \/>\n<meta property=\"og:url\" content=\"https:\/\/abaa.mx\/tienda\/amperimetro-ac-dc-true-rms-hioki-cm4371\/\" \/>\n<meta property=\"og:site_name\" content=\"Abaa tienda online\" \/>\n<meta property=\"article:modified_time\" content=\"2023-12-01T15:52:15+00:00\" \/>\n<meta property=\"og:image\" content=\"https:\/\/abaa.mx\/tienda\/wp-content\/uploads\/2023\/10\/HIOKI-CM4371.jpg\" \/>\n\t<meta property=\"og:image:width\" content=\"217\" \/>\n\t<meta property=\"og:image:height\" content=\"299\" \/>\n\t<meta property=\"og:image:type\" content=\"image\/jpeg\" \/>\n<meta name=\"twitter:card\" content=\"summary_large_image\" \/>\n<meta name=\"twitter:label1\" content=\"Tiempo de lectura\" \/>\n\t<meta name=\"twitter:data1\" content=\"1 minuto\" \/>\n<script type=\"application\/ld+json\" class=\"yoast-schema-graph\">{\"@context\":\"https:\/\/schema.org\",\"@graph\":[{\"@type\":\"WebPage\",\"@id\":\"https:\/\/abaa.mx\/tienda\/amperimetro-ac-dc-true-rms-hioki-cm4371\/\",\"url\":\"https:\/\/abaa.mx\/tienda\/amperimetro-ac-dc-true-rms-hioki-cm4371\/\",\"name\":\"Amper\u00edmetro AC-DC True RMS, Hioki - CM4371 - Abaa tienda online\",\"isPartOf\":{\"@id\":\"https:\/\/abaa.mx\/tienda\/#website\"},\"primaryImageOfPage\":{\"@id\":\"https:\/\/abaa.mx\/tienda\/amperimetro-ac-dc-true-rms-hioki-cm4371\/#primaryimage\"},\"image\":{\"@id\":\"https:\/\/abaa.mx\/tienda\/amperimetro-ac-dc-true-rms-hioki-cm4371\/#primaryimage\"},\"thumbnailUrl\":\"https:\/\/abaa.mx\/tienda\/wp-content\/uploads\/2023\/10\/HIOKI-CM4371.jpg\",\"datePublished\":\"2023-10-25T15:30:30+00:00\",\"dateModified\":\"2023-12-01T15:52:15+00:00\",\"breadcrumb\":{\"@id\":\"https:\/\/abaa.mx\/tienda\/amperimetro-ac-dc-true-rms-hioki-cm4371\/#breadcrumb\"},\"inLanguage\":\"es\",\"potentialAction\":[{\"@type\":\"ReadAction\",\"target\":[\"https:\/\/abaa.mx\/tienda\/amperimetro-ac-dc-true-rms-hioki-cm4371\/\"]}]},{\"@type\":\"ImageObject\",\"inLanguage\":\"es\",\"@id\":\"https:\/\/abaa.mx\/tienda\/amperimetro-ac-dc-true-rms-hioki-cm4371\/#primaryimage\",\"url\":\"https:\/\/abaa.mx\/tienda\/wp-content\/uploads\/2023\/10\/HIOKI-CM4371.jpg\",\"contentUrl\":\"https:\/\/abaa.mx\/tienda\/wp-content\/uploads\/2023\/10\/HIOKI-CM4371.jpg\",\"width\":217,\"height\":299,\"caption\":\"HIOKI-CM4371\"},{\"@type\":\"BreadcrumbList\",\"@id\":\"https:\/\/abaa.mx\/tienda\/amperimetro-ac-dc-true-rms-hioki-cm4371\/#breadcrumb\",\"itemListElement\":[{\"@type\":\"ListItem\",\"position\":1,\"name\":\"Inicio\",\"item\":\"https:\/\/abaa.mx\/tienda\/\"},{\"@type\":\"ListItem\",\"position\":2,\"name\":\"Tienda\",\"item\":\"https:\/\/abaa.mx\/tienda\/\"},{\"@type\":\"ListItem\",\"position\":3,\"name\":\"Amper\u00edmetro AC-DC True RMS, Hioki &#8211; CM4371\"}]},{\"@type\":\"WebSite\",\"@id\":\"https:\/\/abaa.mx\/tienda\/#website\",\"url\":\"https:\/\/abaa.mx\/tienda\/\",\"name\":\"Abaa tienda online\",\"description\":\"Instrumentos de medici\u00f3n\",\"publisher\":{\"@id\":\"https:\/\/abaa.mx\/tienda\/#organization\"},\"potentialAction\":[{\"@type\":\"SearchAction\",\"target\":{\"@type\":\"EntryPoint\",\"urlTemplate\":\"https:\/\/abaa.mx\/tienda\/?s={search_term_string}\"},\"query-input\":{\"@type\":\"PropertyValueSpecification\",\"valueRequired\":true,\"valueName\":\"search_term_string\"}}],\"inLanguage\":\"es\"},{\"@type\":\"Organization\",\"@id\":\"https:\/\/abaa.mx\/tienda\/#organization\",\"name\":\"Abaa tienda online\",\"url\":\"https:\/\/abaa.mx\/tienda\/\",\"logo\":{\"@type\":\"ImageObject\",\"inLanguage\":\"es\",\"@id\":\"https:\/\/abaa.mx\/tienda\/#\/schema\/logo\/image\/\",\"url\":\"https:\/\/abaa.mx\/tienda\/wp-content\/uploads\/2024\/01\/abaa-metrologia-tienda.png\",\"contentUrl\":\"https:\/\/abaa.mx\/tienda\/wp-content\/uploads\/2024\/01\/abaa-metrologia-tienda.png\",\"width\":300,\"height\":141,\"caption\":\"Abaa tienda online\"},\"image\":{\"@id\":\"https:\/\/abaa.mx\/tienda\/#\/schema\/logo\/image\/\"}}]}<\/script>\n<!-- \/ Yoast SEO plugin. -->","yoast_head_json":{"title":"Amper\u00edmetro AC-DC True RMS, Hioki - CM4371 - Abaa tienda online","robots":{"index":"index","follow":"follow","max-snippet":"max-snippet:-1","max-image-preview":"max-image-preview:large","max-video-preview":"max-video-preview:-1"},"canonical":"https:\/\/abaa.mx\/tienda\/amperimetro-ac-dc-true-rms-hioki-cm4371\/","og_locale":"es_MX","og_type":"article","og_title":"Amper\u00edmetro AC-DC True RMS, Hioki - CM4371 - Abaa tienda online","og_description":"Caracter\u00edsticas principales\u00a0Especificaciones b\u00e1sicas (Precisi\u00f3n garantizada por 1 a\u00f1o, precisi\u00f3n post-ajuste garantizada por 1 a\u00f1o)   Fuente de alimentaci\u00f3n: LR03 Bater\u00eda alcalina \u00d7 2, uso continuo 45 horas (Luz de fondo apagada)  Capacidad electrost\u00e1tica: 1.000 ?F a 1000 ?F, 4 rangos, Precisi\u00f3n b\u00e1sica: \u00b1 1.9% rdg. \u00b1 5 dgt.  Di\u00e1metro de la mand\u00edbula del n\u00facleo: 69 mm (2.72 in) W \u00d7 14 mm (0.55 in) D, ?33 mm (1.30 in)  A prueba de polvo, resistente al agua  Temperatura:(K) -40.0 a 400.0 ?C, agregue la precisi\u00f3n de la sonda de temperatura a la precisi\u00f3n b\u00e1sica de \u00b1 0.5% rdg. \u00b1 3.0 ?C  Corriente CC+CA: 20.00A \/600.0 A (10 Hz a 1 kHz, RMS verdadero), Precisi\u00f3n b\u00e1sica: \u00b1 1.3% rdg. \u00b1 0.13 A (a 20A)  Agarre: IP54 (cuando se mide solo un conductor aislado), Mand\u00edbula (la parte del sensor de corriente del instrumento) \/ barrera: P50 * El riesgo de descarga el\u00e9ctrica del conductor que se mide aumenta cuando est\u00e1 h\u00famedo.  Detecci\u00f3n de voltaje: Hi: 40 V a 600 V AC, Lo: 80 V a 600 V AC, 50\/60 Hz  Detecci\u00f3n autom\u00e1tica de AC \/ DC, funci\u00f3n de juicio Plus \/ Minus de DC A, DC V, M\u00e1x \/ M\u00edn \/ Promedio \/ PEAK MAX \/ PEAK Pantalla de valor MIN, funci\u00f3n de filtro, retenci\u00f3n del valor de la pantalla, retenci\u00f3n autom\u00e1tica, luz de fondo, auto-potencia guardar, zumbido suena, ajuste cero  Corriente AC: 20.00 A \/ 600.0 A (10 Hz a 1 kHz, RMS verdadero), Precisi\u00f3n b\u00e1sica: \u00b1 1.3% rdg. \u00b1 0.08 A (a 20 A) Factor de cresta 20.00 A rango: 7.5 - 600.0 Un rango: 3 o menos  Otras funciones  Frecuencia: 9.999 Hz a 999.9 Hz, Precisi\u00f3n b\u00e1sica: \u00b1 0.1% rdg. \u00b1 1 dgt  Voltaje CA: 6.000 V a 1000 V, 4 rangos (15 Hz a 1 kHz, RMS verdadero), Precisi\u00f3n b\u00e1sica: \u00b1 0.9% rdg. \u00b1 3 dgt  Voltaje CC + CA: 6.000 V a 1000 V, 4 rangos, Precisi\u00f3n b\u00e1sica: \u00b1 1.0% rdg. \u00b1 7 dgt.  Voltaje DC: 600.0 mV a 1500 V, 5 rangos, Precisi\u00f3n b\u00e1sica: \u00b1 0.5% rdg. \u00b1 3 dgt.  Accesorios: Cables de Prueba L9207-10, Malet\u00edn de Prueba C0203, LR03 Bater\u00eda Alcalina \u00d7 2, Manual de instrucciones \u00d7 1  Corriente DC: 20.00 A \/ 600.0 A, Precisi\u00f3n b\u00e1sica: \u00b1 1.3% rdg. \u00b1 0.08 A (rango de 20 A)  Resistencia: 600.0 ? a 600.0 k?, 4 rangos, Precisi\u00f3n b\u00e1sica: \u00b1 0.7% rdg. \u00b1 5 dgt.  Dimensiones y peso: 65 mm (2.56 in) ancho x 215 mm (8.46 in) alto x 35 mm (1.38 in) mm D, 340 g (12.0 oz)","og_url":"https:\/\/abaa.mx\/tienda\/amperimetro-ac-dc-true-rms-hioki-cm4371\/","og_site_name":"Abaa tienda online","article_modified_time":"2023-12-01T15:52:15+00:00","og_image":[{"width":217,"height":299,"url":"https:\/\/abaa.mx\/tienda\/wp-content\/uploads\/2023\/10\/HIOKI-CM4371.jpg","type":"image\/jpeg"}],"twitter_card":"summary_large_image","twitter_misc":{"Tiempo de lectura":"1 minuto"},"schema":{"@context":"https:\/\/schema.org","@graph":[{"@type":"WebPage","@id":"https:\/\/abaa.mx\/tienda\/amperimetro-ac-dc-true-rms-hioki-cm4371\/","url":"https:\/\/abaa.mx\/tienda\/amperimetro-ac-dc-true-rms-hioki-cm4371\/","name":"Amper\u00edmetro AC-DC True RMS, Hioki - CM4371 - Abaa tienda online","isPartOf":{"@id":"https:\/\/abaa.mx\/tienda\/#website"},"primaryImageOfPage":{"@id":"https:\/\/abaa.mx\/tienda\/amperimetro-ac-dc-true-rms-hioki-cm4371\/#primaryimage"},"image":{"@id":"https:\/\/abaa.mx\/tienda\/amperimetro-ac-dc-true-rms-hioki-cm4371\/#primaryimage"},"thumbnailUrl":"https:\/\/abaa.mx\/tienda\/wp-content\/uploads\/2023\/10\/HIOKI-CM4371.jpg","datePublished":"2023-10-25T15:30:30+00:00","dateModified":"2023-12-01T15:52:15+00:00","breadcrumb":{"@id":"https:\/\/abaa.mx\/tienda\/amperimetro-ac-dc-true-rms-hioki-cm4371\/#breadcrumb"},"inLanguage":"es","potentialAction":[{"@type":"ReadAction","target":["https:\/\/abaa.mx\/tienda\/amperimetro-ac-dc-true-rms-hioki-cm4371\/"]}]},{"@type":"ImageObject","inLanguage":"es","@id":"https:\/\/abaa.mx\/tienda\/amperimetro-ac-dc-true-rms-hioki-cm4371\/#primaryimage","url":"https:\/\/abaa.mx\/tienda\/wp-content\/uploads\/2023\/10\/HIOKI-CM4371.jpg","contentUrl":"https:\/\/abaa.mx\/tienda\/wp-content\/uploads\/2023\/10\/HIOKI-CM4371.jpg","width":217,"height":299,"caption":"HIOKI-CM4371"},{"@type":"BreadcrumbList","@id":"https:\/\/abaa.mx\/tienda\/amperimetro-ac-dc-true-rms-hioki-cm4371\/#breadcrumb","itemListElement":[{"@type":"ListItem","position":1,"name":"Inicio","item":"https:\/\/abaa.mx\/tienda\/"},{"@type":"ListItem","position":2,"name":"Tienda","item":"https:\/\/abaa.mx\/tienda\/"},{"@type":"ListItem","position":3,"name":"Amper\u00edmetro AC-DC True RMS, Hioki &#8211; CM4371"}]},{"@type":"WebSite","@id":"https:\/\/abaa.mx\/tienda\/#website","url":"https:\/\/abaa.mx\/tienda\/","name":"Abaa tienda online","description":"Instrumentos de medici\u00f3n","publisher":{"@id":"https:\/\/abaa.mx\/tienda\/#organization"},"potentialAction":[{"@type":"SearchAction","target":{"@type":"EntryPoint","urlTemplate":"https:\/\/abaa.mx\/tienda\/?s={search_term_string}"},"query-input":{"@type":"PropertyValueSpecification","valueRequired":true,"valueName":"search_term_string"}}],"inLanguage":"es"},{"@type":"Organization","@id":"https:\/\/abaa.mx\/tienda\/#organization","name":"Abaa tienda online","url":"https:\/\/abaa.mx\/tienda\/","logo":{"@type":"ImageObject","inLanguage":"es","@id":"https:\/\/abaa.mx\/tienda\/#\/schema\/logo\/image\/","url":"https:\/\/abaa.mx\/tienda\/wp-content\/uploads\/2024\/01\/abaa-metrologia-tienda.png","contentUrl":"https:\/\/abaa.mx\/tienda\/wp-content\/uploads\/2024\/01\/abaa-metrologia-tienda.png","width":300,"height":141,"caption":"Abaa tienda online"},"image":{"@id":"https:\/\/abaa.mx\/tienda\/#\/schema\/logo\/image\/"}}]}},"_links":{"self":[{"href":"https:\/\/abaa.mx\/tienda\/wp-json\/wp\/v2\/product\/7819","targetHints":{"allow":["GET"]}}],"collection":[{"href":"https:\/\/abaa.mx\/tienda\/wp-json\/wp\/v2\/product"}],"about":[{"href":"https:\/\/abaa.mx\/tienda\/wp-json\/wp\/v2\/types\/product"}],"replies":[{"embeddable":true,"href":"https:\/\/abaa.mx\/tienda\/wp-json\/wp\/v2\/comments?post=7819"}],"wp:featuredmedia":[{"embeddable":true,"href":"https:\/\/abaa.mx\/tienda\/wp-json\/wp\/v2\/media\/9524"}],"wp:attachment":[{"href":"https:\/\/abaa.mx\/tienda\/wp-json\/wp\/v2\/media?parent=7819"}],"wp:term":[{"taxonomy":"product_brand","embeddable":true,"href":"https:\/\/abaa.mx\/tienda\/wp-json\/wp\/v2\/product_brand?post=7819"},{"taxonomy":"product_cat","embeddable":true,"href":"https:\/\/abaa.mx\/tienda\/wp-json\/wp\/v2\/product_cat?post=7819"},{"taxonomy":"product_tag","embeddable":true,"href":"https:\/\/abaa.mx\/tienda\/wp-json\/wp\/v2\/product_tag?post=7819"}],"curies":[{"name":"wp","href":"https:\/\/api.w.org\/{rel}","templated":true}]}}