{"id":7818,"date":"2023-10-25T15:26:53","date_gmt":"2023-10-25T15:26:53","guid":{"rendered":"https:\/\/abaa.mx\/tienda\/?post_type=product&#038;p=7818"},"modified":"2023-12-01T15:49:18","modified_gmt":"2023-12-01T15:49:18","slug":"amperimetro-ac-dc-true-rms-hioki-cm4373","status":"publish","type":"product","link":"https:\/\/abaa.mx\/tienda\/amperimetro-ac-dc-true-rms-hioki-cm4373\/","title":{"rendered":"Amper\u00edmetro AC-DC True RMS, Hioki &#8211; CM4373"},"content":{"rendered":"<p>Amper\u00edmetro AC\/DC True RMS, Hioki &#8211; CM4373<\/p>\n","protected":false},"excerpt":{"rendered":"<p>Los medidores de pinzas Hioki son los mejores dispositivos de medici\u00f3n que integran la experiencia de Hioki en tecnolog\u00eda de detecci\u00f3n de corriente. El CM4373 es un medidor de abrazadera True RMS 2000A que muestra mand\u00edbulas mucho m\u00e1s resistentes, un rango de temperatura de funcionamiento m\u00e1s extenso de -25? a 65 and y un gabinete a prueba de polvo y tambi\u00e9n impermeable IP54 para aceptar a los expertos trabajar de manera r\u00e1pida en ocasiones dif\u00edciles , introduciendo el desarrollo , reparaci\u00f3n y cuidado de equipos y gadgets as\u00ed como autom\u00f3viles el\u00e9ctricos. Adem\u00e1s de esto , la capacidad de medici\u00f3n de CC de alta tensi\u00f3n de hasta 1700 V es ideal para las inspecciones de cuidado de abrazaderas de equipos el\u00e9ctricos y de energ\u00eda solar. CAT IV 600 V, CAT III 1000 V Caracter\u00edsticas principales.<\/p>\n<ul>\n<li>M\u00faltiples funciones de medici\u00f3n tales como detecci\u00f3n de corriente, voltaje, resistencia, frecuencia y voltaje<\/li>\n<li>Mant\u00e9ngase alerta a los peligros con una luz de fondo roja y tono de pitido<\/li>\n<li>La funci\u00f3n autom\u00e1tica de CA \/ CC ayuda a aumentar la eficiencia del trabajo<\/li>\n<li>Carcasa IP54 a prueba de polvo e impermeable<\/li>\n<li>Rango de temperatura de funcionamiento ampliado de -25 \u00b0 C a 65 \u00b0 C<\/li>\n<li>Mide simult\u00e1neamente la corriente de entrada en valores de RMS y cresta<\/li>\n<li>Mida voltajes de CC de hasta 1700 V<\/li>\n<li>Las mordazas resistentes a da\u00f1os (sensor de corriente) proporcionan incluso m\u00e1s a\u00f1os de uso confiable.<\/li>\n<li>Mordazas (parte del sensor de corriente): IP50<\/li>\n<\/ul>\n","protected":false},"featured_media":7820,"comment_status":"open","ping_status":"closed","template":"","meta":{"_joinchat":[]},"product_brand":[],"product_cat":[86],"product_tag":[],"class_list":{"0":"post-7818","1":"product","2":"type-product","3":"status-publish","4":"has-post-thumbnail","6":"product_cat-amperimetros","8":"first","9":"instock","10":"shipping-taxable","11":"product-type-simple"},"yoast_head":"<!-- This site is optimized with the Yoast SEO plugin v26.4 - https:\/\/yoast.com\/wordpress\/plugins\/seo\/ -->\n<title>Amper\u00edmetro AC-DC True RMS, Hioki - CM4373 - Abaa tienda online<\/title>\n<meta name=\"robots\" content=\"index, follow, max-snippet:-1, max-image-preview:large, max-video-preview:-1\" \/>\n<link rel=\"canonical\" href=\"https:\/\/abaa.mx\/tienda\/amperimetro-ac-dc-true-rms-hioki-cm4373\/\" \/>\n<meta property=\"og:locale\" content=\"es_MX\" \/>\n<meta property=\"og:type\" content=\"article\" \/>\n<meta property=\"og:title\" content=\"Amper\u00edmetro AC-DC True RMS, Hioki - CM4373 - Abaa tienda online\" \/>\n<meta property=\"og:description\" content=\"Los medidores de pinzas Hioki son los mejores dispositivos de medici\u00f3n que integran la experiencia de Hioki en tecnolog\u00eda de detecci\u00f3n de corriente. El CM4373 es un medidor de abrazadera True RMS 2000A que muestra mand\u00edbulas mucho m\u00e1s resistentes, un rango de temperatura de funcionamiento m\u00e1s extenso de -25? a 65 and y un gabinete a prueba de polvo y tambi\u00e9n impermeable IP54 para aceptar a los expertos trabajar de manera r\u00e1pida en ocasiones dif\u00edciles , introduciendo el desarrollo , reparaci\u00f3n y cuidado de equipos y gadgets as\u00ed como autom\u00f3viles el\u00e9ctricos. Adem\u00e1s de esto , la capacidad de medici\u00f3n de CC de alta tensi\u00f3n de hasta 1700 V es ideal para las inspecciones de cuidado de abrazaderas de equipos el\u00e9ctricos y de energ\u00eda solar. CAT IV 600 V, CAT III 1000 V Caracter\u00edsticas principales.   M\u00faltiples funciones de medici\u00f3n tales como detecci\u00f3n de corriente, voltaje, resistencia, frecuencia y voltaje  Mant\u00e9ngase alerta a los peligros con una luz de fondo roja y tono de pitido  La funci\u00f3n autom\u00e1tica de CA \/ CC ayuda a aumentar la eficiencia del trabajo  Carcasa IP54 a prueba de polvo e impermeable  Rango de temperatura de funcionamiento ampliado de -25 \u00b0 C a 65 \u00b0 C  Mide simult\u00e1neamente la corriente de entrada en valores de RMS y cresta  Mida voltajes de CC de hasta 1700 V  Las mordazas resistentes a da\u00f1os (sensor de corriente) proporcionan incluso m\u00e1s a\u00f1os de uso confiable.  Mordazas (parte del sensor de corriente): IP50\" \/>\n<meta property=\"og:url\" content=\"https:\/\/abaa.mx\/tienda\/amperimetro-ac-dc-true-rms-hioki-cm4373\/\" \/>\n<meta property=\"og:site_name\" content=\"Abaa tienda online\" \/>\n<meta property=\"article:modified_time\" content=\"2023-12-01T15:49:18+00:00\" \/>\n<meta property=\"og:image\" content=\"https:\/\/abaa.mx\/tienda\/wp-content\/uploads\/2023\/10\/HIOKI-CM4373.jpg\" \/>\n\t<meta property=\"og:image:width\" content=\"657\" \/>\n\t<meta property=\"og:image:height\" content=\"492\" \/>\n\t<meta property=\"og:image:type\" content=\"image\/jpeg\" \/>\n<meta name=\"twitter:card\" content=\"summary_large_image\" \/>\n<meta name=\"twitter:label1\" content=\"Tiempo de lectura\" \/>\n\t<meta name=\"twitter:data1\" content=\"1 minuto\" \/>\n<script type=\"application\/ld+json\" class=\"yoast-schema-graph\">{\"@context\":\"https:\/\/schema.org\",\"@graph\":[{\"@type\":\"WebPage\",\"@id\":\"https:\/\/abaa.mx\/tienda\/amperimetro-ac-dc-true-rms-hioki-cm4373\/\",\"url\":\"https:\/\/abaa.mx\/tienda\/amperimetro-ac-dc-true-rms-hioki-cm4373\/\",\"name\":\"Amper\u00edmetro AC-DC True RMS, Hioki - CM4373 - Abaa tienda online\",\"isPartOf\":{\"@id\":\"https:\/\/abaa.mx\/tienda\/#website\"},\"primaryImageOfPage\":{\"@id\":\"https:\/\/abaa.mx\/tienda\/amperimetro-ac-dc-true-rms-hioki-cm4373\/#primaryimage\"},\"image\":{\"@id\":\"https:\/\/abaa.mx\/tienda\/amperimetro-ac-dc-true-rms-hioki-cm4373\/#primaryimage\"},\"thumbnailUrl\":\"https:\/\/abaa.mx\/tienda\/wp-content\/uploads\/2023\/10\/HIOKI-CM4373.jpg\",\"datePublished\":\"2023-10-25T15:26:53+00:00\",\"dateModified\":\"2023-12-01T15:49:18+00:00\",\"breadcrumb\":{\"@id\":\"https:\/\/abaa.mx\/tienda\/amperimetro-ac-dc-true-rms-hioki-cm4373\/#breadcrumb\"},\"inLanguage\":\"es\",\"potentialAction\":[{\"@type\":\"ReadAction\",\"target\":[\"https:\/\/abaa.mx\/tienda\/amperimetro-ac-dc-true-rms-hioki-cm4373\/\"]}]},{\"@type\":\"ImageObject\",\"inLanguage\":\"es\",\"@id\":\"https:\/\/abaa.mx\/tienda\/amperimetro-ac-dc-true-rms-hioki-cm4373\/#primaryimage\",\"url\":\"https:\/\/abaa.mx\/tienda\/wp-content\/uploads\/2023\/10\/HIOKI-CM4373.jpg\",\"contentUrl\":\"https:\/\/abaa.mx\/tienda\/wp-content\/uploads\/2023\/10\/HIOKI-CM4373.jpg\",\"width\":657,\"height\":492,\"caption\":\"HIOKI-CM4373\"},{\"@type\":\"BreadcrumbList\",\"@id\":\"https:\/\/abaa.mx\/tienda\/amperimetro-ac-dc-true-rms-hioki-cm4373\/#breadcrumb\",\"itemListElement\":[{\"@type\":\"ListItem\",\"position\":1,\"name\":\"Inicio\",\"item\":\"https:\/\/abaa.mx\/tienda\/\"},{\"@type\":\"ListItem\",\"position\":2,\"name\":\"Tienda\",\"item\":\"https:\/\/abaa.mx\/tienda\/\"},{\"@type\":\"ListItem\",\"position\":3,\"name\":\"Amper\u00edmetro AC-DC True RMS, Hioki &#8211; CM4373\"}]},{\"@type\":\"WebSite\",\"@id\":\"https:\/\/abaa.mx\/tienda\/#website\",\"url\":\"https:\/\/abaa.mx\/tienda\/\",\"name\":\"Abaa tienda online\",\"description\":\"Instrumentos de medici\u00f3n\",\"publisher\":{\"@id\":\"https:\/\/abaa.mx\/tienda\/#organization\"},\"potentialAction\":[{\"@type\":\"SearchAction\",\"target\":{\"@type\":\"EntryPoint\",\"urlTemplate\":\"https:\/\/abaa.mx\/tienda\/?s={search_term_string}\"},\"query-input\":{\"@type\":\"PropertyValueSpecification\",\"valueRequired\":true,\"valueName\":\"search_term_string\"}}],\"inLanguage\":\"es\"},{\"@type\":\"Organization\",\"@id\":\"https:\/\/abaa.mx\/tienda\/#organization\",\"name\":\"Abaa tienda online\",\"url\":\"https:\/\/abaa.mx\/tienda\/\",\"logo\":{\"@type\":\"ImageObject\",\"inLanguage\":\"es\",\"@id\":\"https:\/\/abaa.mx\/tienda\/#\/schema\/logo\/image\/\",\"url\":\"https:\/\/abaa.mx\/tienda\/wp-content\/uploads\/2024\/01\/abaa-metrologia-tienda.png\",\"contentUrl\":\"https:\/\/abaa.mx\/tienda\/wp-content\/uploads\/2024\/01\/abaa-metrologia-tienda.png\",\"width\":300,\"height\":141,\"caption\":\"Abaa tienda online\"},\"image\":{\"@id\":\"https:\/\/abaa.mx\/tienda\/#\/schema\/logo\/image\/\"}}]}<\/script>\n<!-- \/ Yoast SEO plugin. -->","yoast_head_json":{"title":"Amper\u00edmetro AC-DC True RMS, Hioki - CM4373 - Abaa tienda online","robots":{"index":"index","follow":"follow","max-snippet":"max-snippet:-1","max-image-preview":"max-image-preview:large","max-video-preview":"max-video-preview:-1"},"canonical":"https:\/\/abaa.mx\/tienda\/amperimetro-ac-dc-true-rms-hioki-cm4373\/","og_locale":"es_MX","og_type":"article","og_title":"Amper\u00edmetro AC-DC True RMS, Hioki - CM4373 - Abaa tienda online","og_description":"Los medidores de pinzas Hioki son los mejores dispositivos de medici\u00f3n que integran la experiencia de Hioki en tecnolog\u00eda de detecci\u00f3n de corriente. El CM4373 es un medidor de abrazadera True RMS 2000A que muestra mand\u00edbulas mucho m\u00e1s resistentes, un rango de temperatura de funcionamiento m\u00e1s extenso de -25? a 65 and y un gabinete a prueba de polvo y tambi\u00e9n impermeable IP54 para aceptar a los expertos trabajar de manera r\u00e1pida en ocasiones dif\u00edciles , introduciendo el desarrollo , reparaci\u00f3n y cuidado de equipos y gadgets as\u00ed como autom\u00f3viles el\u00e9ctricos. Adem\u00e1s de esto , la capacidad de medici\u00f3n de CC de alta tensi\u00f3n de hasta 1700 V es ideal para las inspecciones de cuidado de abrazaderas de equipos el\u00e9ctricos y de energ\u00eda solar. CAT IV 600 V, CAT III 1000 V Caracter\u00edsticas principales.   M\u00faltiples funciones de medici\u00f3n tales como detecci\u00f3n de corriente, voltaje, resistencia, frecuencia y voltaje  Mant\u00e9ngase alerta a los peligros con una luz de fondo roja y tono de pitido  La funci\u00f3n autom\u00e1tica de CA \/ CC ayuda a aumentar la eficiencia del trabajo  Carcasa IP54 a prueba de polvo e impermeable  Rango de temperatura de funcionamiento ampliado de -25 \u00b0 C a 65 \u00b0 C  Mide simult\u00e1neamente la corriente de entrada en valores de RMS y cresta  Mida voltajes de CC de hasta 1700 V  Las mordazas resistentes a da\u00f1os (sensor de corriente) proporcionan incluso m\u00e1s a\u00f1os de uso confiable.  Mordazas (parte del sensor de corriente): IP50","og_url":"https:\/\/abaa.mx\/tienda\/amperimetro-ac-dc-true-rms-hioki-cm4373\/","og_site_name":"Abaa tienda online","article_modified_time":"2023-12-01T15:49:18+00:00","og_image":[{"width":657,"height":492,"url":"https:\/\/abaa.mx\/tienda\/wp-content\/uploads\/2023\/10\/HIOKI-CM4373.jpg","type":"image\/jpeg"}],"twitter_card":"summary_large_image","twitter_misc":{"Tiempo de lectura":"1 minuto"},"schema":{"@context":"https:\/\/schema.org","@graph":[{"@type":"WebPage","@id":"https:\/\/abaa.mx\/tienda\/amperimetro-ac-dc-true-rms-hioki-cm4373\/","url":"https:\/\/abaa.mx\/tienda\/amperimetro-ac-dc-true-rms-hioki-cm4373\/","name":"Amper\u00edmetro AC-DC True RMS, Hioki - CM4373 - Abaa tienda online","isPartOf":{"@id":"https:\/\/abaa.mx\/tienda\/#website"},"primaryImageOfPage":{"@id":"https:\/\/abaa.mx\/tienda\/amperimetro-ac-dc-true-rms-hioki-cm4373\/#primaryimage"},"image":{"@id":"https:\/\/abaa.mx\/tienda\/amperimetro-ac-dc-true-rms-hioki-cm4373\/#primaryimage"},"thumbnailUrl":"https:\/\/abaa.mx\/tienda\/wp-content\/uploads\/2023\/10\/HIOKI-CM4373.jpg","datePublished":"2023-10-25T15:26:53+00:00","dateModified":"2023-12-01T15:49:18+00:00","breadcrumb":{"@id":"https:\/\/abaa.mx\/tienda\/amperimetro-ac-dc-true-rms-hioki-cm4373\/#breadcrumb"},"inLanguage":"es","potentialAction":[{"@type":"ReadAction","target":["https:\/\/abaa.mx\/tienda\/amperimetro-ac-dc-true-rms-hioki-cm4373\/"]}]},{"@type":"ImageObject","inLanguage":"es","@id":"https:\/\/abaa.mx\/tienda\/amperimetro-ac-dc-true-rms-hioki-cm4373\/#primaryimage","url":"https:\/\/abaa.mx\/tienda\/wp-content\/uploads\/2023\/10\/HIOKI-CM4373.jpg","contentUrl":"https:\/\/abaa.mx\/tienda\/wp-content\/uploads\/2023\/10\/HIOKI-CM4373.jpg","width":657,"height":492,"caption":"HIOKI-CM4373"},{"@type":"BreadcrumbList","@id":"https:\/\/abaa.mx\/tienda\/amperimetro-ac-dc-true-rms-hioki-cm4373\/#breadcrumb","itemListElement":[{"@type":"ListItem","position":1,"name":"Inicio","item":"https:\/\/abaa.mx\/tienda\/"},{"@type":"ListItem","position":2,"name":"Tienda","item":"https:\/\/abaa.mx\/tienda\/"},{"@type":"ListItem","position":3,"name":"Amper\u00edmetro AC-DC True RMS, Hioki &#8211; CM4373"}]},{"@type":"WebSite","@id":"https:\/\/abaa.mx\/tienda\/#website","url":"https:\/\/abaa.mx\/tienda\/","name":"Abaa tienda online","description":"Instrumentos de medici\u00f3n","publisher":{"@id":"https:\/\/abaa.mx\/tienda\/#organization"},"potentialAction":[{"@type":"SearchAction","target":{"@type":"EntryPoint","urlTemplate":"https:\/\/abaa.mx\/tienda\/?s={search_term_string}"},"query-input":{"@type":"PropertyValueSpecification","valueRequired":true,"valueName":"search_term_string"}}],"inLanguage":"es"},{"@type":"Organization","@id":"https:\/\/abaa.mx\/tienda\/#organization","name":"Abaa tienda online","url":"https:\/\/abaa.mx\/tienda\/","logo":{"@type":"ImageObject","inLanguage":"es","@id":"https:\/\/abaa.mx\/tienda\/#\/schema\/logo\/image\/","url":"https:\/\/abaa.mx\/tienda\/wp-content\/uploads\/2024\/01\/abaa-metrologia-tienda.png","contentUrl":"https:\/\/abaa.mx\/tienda\/wp-content\/uploads\/2024\/01\/abaa-metrologia-tienda.png","width":300,"height":141,"caption":"Abaa tienda online"},"image":{"@id":"https:\/\/abaa.mx\/tienda\/#\/schema\/logo\/image\/"}}]}},"_links":{"self":[{"href":"https:\/\/abaa.mx\/tienda\/wp-json\/wp\/v2\/product\/7818","targetHints":{"allow":["GET"]}}],"collection":[{"href":"https:\/\/abaa.mx\/tienda\/wp-json\/wp\/v2\/product"}],"about":[{"href":"https:\/\/abaa.mx\/tienda\/wp-json\/wp\/v2\/types\/product"}],"replies":[{"embeddable":true,"href":"https:\/\/abaa.mx\/tienda\/wp-json\/wp\/v2\/comments?post=7818"}],"wp:featuredmedia":[{"embeddable":true,"href":"https:\/\/abaa.mx\/tienda\/wp-json\/wp\/v2\/media\/7820"}],"wp:attachment":[{"href":"https:\/\/abaa.mx\/tienda\/wp-json\/wp\/v2\/media?parent=7818"}],"wp:term":[{"taxonomy":"product_brand","embeddable":true,"href":"https:\/\/abaa.mx\/tienda\/wp-json\/wp\/v2\/product_brand?post=7818"},{"taxonomy":"product_cat","embeddable":true,"href":"https:\/\/abaa.mx\/tienda\/wp-json\/wp\/v2\/product_cat?post=7818"},{"taxonomy":"product_tag","embeddable":true,"href":"https:\/\/abaa.mx\/tienda\/wp-json\/wp\/v2\/product_tag?post=7818"}],"curies":[{"name":"wp","href":"https:\/\/api.w.org\/{rel}","templated":true}]}}