{"id":7813,"date":"2023-10-25T15:16:10","date_gmt":"2023-10-25T15:16:10","guid":{"rendered":"https:\/\/abaa.mx\/tienda\/?post_type=product&#038;p=7813"},"modified":"2023-10-25T15:16:10","modified_gmt":"2023-10-25T15:16:10","slug":"amperimetro-digital-de-gancho-1000a-cm6146","status":"publish","type":"product","link":"https:\/\/abaa.mx\/tienda\/amperimetro-digital-de-gancho-1000a-cm6146\/","title":{"rendered":"Amper\u00edmetro Digital de Gancho 1000A -CM6146"},"content":{"rendered":"<p>Amper\u00edmetro Digital de Gancho 1000A -CM6146<\/p>\n","protected":false},"excerpt":{"rendered":"<p>Tiene rango autom\u00e1tico para mediciones de voltaje, corriente y resistencia. El equipo escoge el rango y se configura de forma autom\u00e1tica para CA\/CD respectivamente. Tiene un nivel de seguridad IEC 1010, CAT III, 1000 V.<\/p>\n<p>El amper\u00edmetro de gancho modelo LT-CM6146 da un alcance doble de 600A y 1000 A en mediciones en circuitos de hasta 1,000 VCA\/VCD. Cuenta con funcionalidades de tipo mult\u00edmetro que complementan su app a otras mediciones como Voltaje, corriente, verificaci\u00f3n de diodo, capacitancia, continuidad y frecuencia. Adem\u00e1s incorpora funciones de encendido y apagado autom\u00e1tico y protecci\u00f3n de sobrecarga en la mayor parte de sus rangos.<\/p>\n","protected":false},"featured_media":7815,"comment_status":"open","ping_status":"closed","template":"","meta":{"_joinchat":[]},"product_brand":[],"product_cat":[86],"product_tag":[],"class_list":{"0":"post-7813","1":"product","2":"type-product","3":"status-publish","4":"has-post-thumbnail","6":"product_cat-amperimetros","8":"first","9":"instock","10":"shipping-taxable","11":"product-type-simple"},"yoast_head":"<!-- This site is optimized with the Yoast SEO plugin v26.4 - https:\/\/yoast.com\/wordpress\/plugins\/seo\/ -->\n<title>Amper\u00edmetro Digital de Gancho 1000A -CM6146 - Abaa tienda online<\/title>\n<meta name=\"robots\" content=\"index, follow, max-snippet:-1, max-image-preview:large, max-video-preview:-1\" \/>\n<link rel=\"canonical\" href=\"https:\/\/abaa.mx\/tienda\/amperimetro-digital-de-gancho-1000a-cm6146\/\" \/>\n<meta property=\"og:locale\" content=\"es_MX\" \/>\n<meta property=\"og:type\" content=\"article\" \/>\n<meta property=\"og:title\" content=\"Amper\u00edmetro Digital de Gancho 1000A -CM6146 - Abaa tienda online\" \/>\n<meta property=\"og:description\" content=\"Tiene rango autom\u00e1tico para mediciones de voltaje, corriente y resistencia. El equipo escoge el rango y se configura de forma autom\u00e1tica para CA\/CD respectivamente. Tiene un nivel de seguridad IEC 1010, CAT III, 1000 V.  El amper\u00edmetro de gancho modelo LT-CM6146 da un alcance doble de 600A y 1000 A en mediciones en circuitos de hasta 1,000 VCA\/VCD. Cuenta con funcionalidades de tipo mult\u00edmetro que complementan su app a otras mediciones como Voltaje, corriente, verificaci\u00f3n de diodo, capacitancia, continuidad y frecuencia. Adem\u00e1s incorpora funciones de encendido y apagado autom\u00e1tico y protecci\u00f3n de sobrecarga en la mayor parte de sus rangos.\" \/>\n<meta property=\"og:url\" content=\"https:\/\/abaa.mx\/tienda\/amperimetro-digital-de-gancho-1000a-cm6146\/\" \/>\n<meta property=\"og:site_name\" content=\"Abaa tienda online\" \/>\n<meta property=\"og:image\" content=\"https:\/\/abaa.mx\/tienda\/wp-content\/uploads\/2023\/10\/LUTRON-1000A-CM6146-1.jpg\" \/>\n\t<meta property=\"og:image:width\" content=\"542\" \/>\n\t<meta property=\"og:image:height\" content=\"362\" \/>\n\t<meta property=\"og:image:type\" content=\"image\/jpeg\" \/>\n<meta name=\"twitter:card\" content=\"summary_large_image\" \/>\n<meta name=\"twitter:label1\" content=\"Tiempo de lectura\" \/>\n\t<meta name=\"twitter:data1\" content=\"1 minuto\" \/>\n<script type=\"application\/ld+json\" class=\"yoast-schema-graph\">{\"@context\":\"https:\/\/schema.org\",\"@graph\":[{\"@type\":\"WebPage\",\"@id\":\"https:\/\/abaa.mx\/tienda\/amperimetro-digital-de-gancho-1000a-cm6146\/\",\"url\":\"https:\/\/abaa.mx\/tienda\/amperimetro-digital-de-gancho-1000a-cm6146\/\",\"name\":\"Amper\u00edmetro Digital de Gancho 1000A -CM6146 - Abaa tienda online\",\"isPartOf\":{\"@id\":\"https:\/\/abaa.mx\/tienda\/#website\"},\"primaryImageOfPage\":{\"@id\":\"https:\/\/abaa.mx\/tienda\/amperimetro-digital-de-gancho-1000a-cm6146\/#primaryimage\"},\"image\":{\"@id\":\"https:\/\/abaa.mx\/tienda\/amperimetro-digital-de-gancho-1000a-cm6146\/#primaryimage\"},\"thumbnailUrl\":\"https:\/\/abaa.mx\/tienda\/wp-content\/uploads\/2023\/10\/LUTRON-1000A-CM6146-1.jpg\",\"datePublished\":\"2023-10-25T15:16:10+00:00\",\"breadcrumb\":{\"@id\":\"https:\/\/abaa.mx\/tienda\/amperimetro-digital-de-gancho-1000a-cm6146\/#breadcrumb\"},\"inLanguage\":\"es\",\"potentialAction\":[{\"@type\":\"ReadAction\",\"target\":[\"https:\/\/abaa.mx\/tienda\/amperimetro-digital-de-gancho-1000a-cm6146\/\"]}]},{\"@type\":\"ImageObject\",\"inLanguage\":\"es\",\"@id\":\"https:\/\/abaa.mx\/tienda\/amperimetro-digital-de-gancho-1000a-cm6146\/#primaryimage\",\"url\":\"https:\/\/abaa.mx\/tienda\/wp-content\/uploads\/2023\/10\/LUTRON-1000A-CM6146-1.jpg\",\"contentUrl\":\"https:\/\/abaa.mx\/tienda\/wp-content\/uploads\/2023\/10\/LUTRON-1000A-CM6146-1.jpg\",\"width\":542,\"height\":362,\"caption\":\"LUTRON-1000A-CM6146\"},{\"@type\":\"BreadcrumbList\",\"@id\":\"https:\/\/abaa.mx\/tienda\/amperimetro-digital-de-gancho-1000a-cm6146\/#breadcrumb\",\"itemListElement\":[{\"@type\":\"ListItem\",\"position\":1,\"name\":\"Inicio\",\"item\":\"https:\/\/abaa.mx\/tienda\/\"},{\"@type\":\"ListItem\",\"position\":2,\"name\":\"Tienda\",\"item\":\"https:\/\/abaa.mx\/tienda\/\"},{\"@type\":\"ListItem\",\"position\":3,\"name\":\"Amper\u00edmetro Digital de Gancho 1000A -CM6146\"}]},{\"@type\":\"WebSite\",\"@id\":\"https:\/\/abaa.mx\/tienda\/#website\",\"url\":\"https:\/\/abaa.mx\/tienda\/\",\"name\":\"Abaa tienda online\",\"description\":\"Instrumentos de medici\u00f3n\",\"publisher\":{\"@id\":\"https:\/\/abaa.mx\/tienda\/#organization\"},\"potentialAction\":[{\"@type\":\"SearchAction\",\"target\":{\"@type\":\"EntryPoint\",\"urlTemplate\":\"https:\/\/abaa.mx\/tienda\/?s={search_term_string}\"},\"query-input\":{\"@type\":\"PropertyValueSpecification\",\"valueRequired\":true,\"valueName\":\"search_term_string\"}}],\"inLanguage\":\"es\"},{\"@type\":\"Organization\",\"@id\":\"https:\/\/abaa.mx\/tienda\/#organization\",\"name\":\"Abaa tienda online\",\"url\":\"https:\/\/abaa.mx\/tienda\/\",\"logo\":{\"@type\":\"ImageObject\",\"inLanguage\":\"es\",\"@id\":\"https:\/\/abaa.mx\/tienda\/#\/schema\/logo\/image\/\",\"url\":\"https:\/\/abaa.mx\/tienda\/wp-content\/uploads\/2024\/01\/abaa-metrologia-tienda.png\",\"contentUrl\":\"https:\/\/abaa.mx\/tienda\/wp-content\/uploads\/2024\/01\/abaa-metrologia-tienda.png\",\"width\":300,\"height\":141,\"caption\":\"Abaa tienda online\"},\"image\":{\"@id\":\"https:\/\/abaa.mx\/tienda\/#\/schema\/logo\/image\/\"}}]}<\/script>\n<!-- \/ Yoast SEO plugin. -->","yoast_head_json":{"title":"Amper\u00edmetro Digital de Gancho 1000A -CM6146 - Abaa tienda online","robots":{"index":"index","follow":"follow","max-snippet":"max-snippet:-1","max-image-preview":"max-image-preview:large","max-video-preview":"max-video-preview:-1"},"canonical":"https:\/\/abaa.mx\/tienda\/amperimetro-digital-de-gancho-1000a-cm6146\/","og_locale":"es_MX","og_type":"article","og_title":"Amper\u00edmetro Digital de Gancho 1000A -CM6146 - Abaa tienda online","og_description":"Tiene rango autom\u00e1tico para mediciones de voltaje, corriente y resistencia. El equipo escoge el rango y se configura de forma autom\u00e1tica para CA\/CD respectivamente. Tiene un nivel de seguridad IEC 1010, CAT III, 1000 V.  El amper\u00edmetro de gancho modelo LT-CM6146 da un alcance doble de 600A y 1000 A en mediciones en circuitos de hasta 1,000 VCA\/VCD. Cuenta con funcionalidades de tipo mult\u00edmetro que complementan su app a otras mediciones como Voltaje, corriente, verificaci\u00f3n de diodo, capacitancia, continuidad y frecuencia. Adem\u00e1s incorpora funciones de encendido y apagado autom\u00e1tico y protecci\u00f3n de sobrecarga en la mayor parte de sus rangos.","og_url":"https:\/\/abaa.mx\/tienda\/amperimetro-digital-de-gancho-1000a-cm6146\/","og_site_name":"Abaa tienda online","og_image":[{"width":542,"height":362,"url":"https:\/\/abaa.mx\/tienda\/wp-content\/uploads\/2023\/10\/LUTRON-1000A-CM6146-1.jpg","type":"image\/jpeg"}],"twitter_card":"summary_large_image","twitter_misc":{"Tiempo de lectura":"1 minuto"},"schema":{"@context":"https:\/\/schema.org","@graph":[{"@type":"WebPage","@id":"https:\/\/abaa.mx\/tienda\/amperimetro-digital-de-gancho-1000a-cm6146\/","url":"https:\/\/abaa.mx\/tienda\/amperimetro-digital-de-gancho-1000a-cm6146\/","name":"Amper\u00edmetro Digital de Gancho 1000A -CM6146 - Abaa tienda online","isPartOf":{"@id":"https:\/\/abaa.mx\/tienda\/#website"},"primaryImageOfPage":{"@id":"https:\/\/abaa.mx\/tienda\/amperimetro-digital-de-gancho-1000a-cm6146\/#primaryimage"},"image":{"@id":"https:\/\/abaa.mx\/tienda\/amperimetro-digital-de-gancho-1000a-cm6146\/#primaryimage"},"thumbnailUrl":"https:\/\/abaa.mx\/tienda\/wp-content\/uploads\/2023\/10\/LUTRON-1000A-CM6146-1.jpg","datePublished":"2023-10-25T15:16:10+00:00","breadcrumb":{"@id":"https:\/\/abaa.mx\/tienda\/amperimetro-digital-de-gancho-1000a-cm6146\/#breadcrumb"},"inLanguage":"es","potentialAction":[{"@type":"ReadAction","target":["https:\/\/abaa.mx\/tienda\/amperimetro-digital-de-gancho-1000a-cm6146\/"]}]},{"@type":"ImageObject","inLanguage":"es","@id":"https:\/\/abaa.mx\/tienda\/amperimetro-digital-de-gancho-1000a-cm6146\/#primaryimage","url":"https:\/\/abaa.mx\/tienda\/wp-content\/uploads\/2023\/10\/LUTRON-1000A-CM6146-1.jpg","contentUrl":"https:\/\/abaa.mx\/tienda\/wp-content\/uploads\/2023\/10\/LUTRON-1000A-CM6146-1.jpg","width":542,"height":362,"caption":"LUTRON-1000A-CM6146"},{"@type":"BreadcrumbList","@id":"https:\/\/abaa.mx\/tienda\/amperimetro-digital-de-gancho-1000a-cm6146\/#breadcrumb","itemListElement":[{"@type":"ListItem","position":1,"name":"Inicio","item":"https:\/\/abaa.mx\/tienda\/"},{"@type":"ListItem","position":2,"name":"Tienda","item":"https:\/\/abaa.mx\/tienda\/"},{"@type":"ListItem","position":3,"name":"Amper\u00edmetro Digital de Gancho 1000A -CM6146"}]},{"@type":"WebSite","@id":"https:\/\/abaa.mx\/tienda\/#website","url":"https:\/\/abaa.mx\/tienda\/","name":"Abaa tienda online","description":"Instrumentos de medici\u00f3n","publisher":{"@id":"https:\/\/abaa.mx\/tienda\/#organization"},"potentialAction":[{"@type":"SearchAction","target":{"@type":"EntryPoint","urlTemplate":"https:\/\/abaa.mx\/tienda\/?s={search_term_string}"},"query-input":{"@type":"PropertyValueSpecification","valueRequired":true,"valueName":"search_term_string"}}],"inLanguage":"es"},{"@type":"Organization","@id":"https:\/\/abaa.mx\/tienda\/#organization","name":"Abaa tienda online","url":"https:\/\/abaa.mx\/tienda\/","logo":{"@type":"ImageObject","inLanguage":"es","@id":"https:\/\/abaa.mx\/tienda\/#\/schema\/logo\/image\/","url":"https:\/\/abaa.mx\/tienda\/wp-content\/uploads\/2024\/01\/abaa-metrologia-tienda.png","contentUrl":"https:\/\/abaa.mx\/tienda\/wp-content\/uploads\/2024\/01\/abaa-metrologia-tienda.png","width":300,"height":141,"caption":"Abaa tienda online"},"image":{"@id":"https:\/\/abaa.mx\/tienda\/#\/schema\/logo\/image\/"}}]}},"_links":{"self":[{"href":"https:\/\/abaa.mx\/tienda\/wp-json\/wp\/v2\/product\/7813","targetHints":{"allow":["GET"]}}],"collection":[{"href":"https:\/\/abaa.mx\/tienda\/wp-json\/wp\/v2\/product"}],"about":[{"href":"https:\/\/abaa.mx\/tienda\/wp-json\/wp\/v2\/types\/product"}],"replies":[{"embeddable":true,"href":"https:\/\/abaa.mx\/tienda\/wp-json\/wp\/v2\/comments?post=7813"}],"wp:featuredmedia":[{"embeddable":true,"href":"https:\/\/abaa.mx\/tienda\/wp-json\/wp\/v2\/media\/7815"}],"wp:attachment":[{"href":"https:\/\/abaa.mx\/tienda\/wp-json\/wp\/v2\/media?parent=7813"}],"wp:term":[{"taxonomy":"product_brand","embeddable":true,"href":"https:\/\/abaa.mx\/tienda\/wp-json\/wp\/v2\/product_brand?post=7813"},{"taxonomy":"product_cat","embeddable":true,"href":"https:\/\/abaa.mx\/tienda\/wp-json\/wp\/v2\/product_cat?post=7813"},{"taxonomy":"product_tag","embeddable":true,"href":"https:\/\/abaa.mx\/tienda\/wp-json\/wp\/v2\/product_tag?post=7813"}],"curies":[{"name":"wp","href":"https:\/\/api.w.org\/{rel}","templated":true}]}}