{"id":7811,"date":"2023-10-25T15:18:51","date_gmt":"2023-10-25T15:18:51","guid":{"rendered":"https:\/\/abaa.mx\/tienda\/?post_type=product&#038;p=7811"},"modified":"2023-10-25T15:18:52","modified_gmt":"2023-10-25T15:18:52","slug":"amperimetro-de-gancho-2000-amperes-cm9930","status":"publish","type":"product","link":"https:\/\/abaa.mx\/tienda\/amperimetro-de-gancho-2000-amperes-cm9930\/","title":{"rendered":"Amper\u00edmetro de Gancho 2000 Amperes &#8211; CM9930"},"content":{"rendered":"<p>Amper\u00edmetro de Gancho 2000 Amperes &#8211; CM9930<\/p>\n","protected":false},"excerpt":{"rendered":"<p>Caracter\u00edsticas : Cumple con los requisitos de seguridad IEC 1010 CATIII 1000V. Lectura RMS real para mediciones ACV y ACA. Contador de 4000 digitos, rango autom\u00e1tico, multi-funci\u00f3n para ACA, DCA, ACV, DCV, Ohmios, Capacitancia, Hz, Diodo, Per\u00edodo de trabajo y verificaci\u00f3n de continuidad. Amplia y extensa rango de medici\u00f3n, 4 rangos (400 uA, 4000 uA, 40 mA, 400 mA) medici\u00f3n de medici\u00f3n de corriente de entrada (ACD y ACD). Circuito de protecci\u00f3n de sobrecarga para todos y cada uno de los rangos. Retenci\u00f3n de datos, tecla relativa, luz de fondo. Cuerpo de ABS compacto y resistente.<\/p>\n","protected":false},"featured_media":7816,"comment_status":"open","ping_status":"closed","template":"","meta":{"_joinchat":[]},"product_brand":[],"product_cat":[86],"product_tag":[],"class_list":{"0":"post-7811","1":"product","2":"type-product","3":"status-publish","4":"has-post-thumbnail","6":"product_cat-amperimetros","8":"first","9":"instock","10":"shipping-taxable","11":"product-type-simple"},"yoast_head":"<!-- This site is optimized with the Yoast SEO plugin v26.4 - https:\/\/yoast.com\/wordpress\/plugins\/seo\/ -->\n<title>Amper\u00edmetro de Gancho 2000 Amperes - CM9930 - Abaa tienda online<\/title>\n<meta name=\"robots\" content=\"index, follow, max-snippet:-1, max-image-preview:large, max-video-preview:-1\" \/>\n<link rel=\"canonical\" href=\"https:\/\/abaa.mx\/tienda\/amperimetro-de-gancho-2000-amperes-cm9930\/\" \/>\n<meta property=\"og:locale\" content=\"es_MX\" \/>\n<meta property=\"og:type\" content=\"article\" \/>\n<meta property=\"og:title\" content=\"Amper\u00edmetro de Gancho 2000 Amperes - CM9930 - Abaa tienda online\" \/>\n<meta property=\"og:description\" content=\"Caracter\u00edsticas : Cumple con los requisitos de seguridad IEC 1010 CATIII 1000V. Lectura RMS real para mediciones ACV y ACA. Contador de 4000 digitos, rango autom\u00e1tico, multi-funci\u00f3n para ACA, DCA, ACV, DCV, Ohmios, Capacitancia, Hz, Diodo, Per\u00edodo de trabajo y verificaci\u00f3n de continuidad. Amplia y extensa rango de medici\u00f3n, 4 rangos (400 uA, 4000 uA, 40 mA, 400 mA) medici\u00f3n de medici\u00f3n de corriente de entrada (ACD y ACD). Circuito de protecci\u00f3n de sobrecarga para todos y cada uno de los rangos. Retenci\u00f3n de datos, tecla relativa, luz de fondo. Cuerpo de ABS compacto y resistente.\" \/>\n<meta property=\"og:url\" content=\"https:\/\/abaa.mx\/tienda\/amperimetro-de-gancho-2000-amperes-cm9930\/\" \/>\n<meta property=\"og:site_name\" content=\"Abaa tienda online\" \/>\n<meta property=\"article:modified_time\" content=\"2023-10-25T15:18:52+00:00\" \/>\n<meta property=\"og:image\" content=\"https:\/\/abaa.mx\/tienda\/wp-content\/uploads\/2023\/10\/LUTRON-2000-CM9930.jpg\" \/>\n\t<meta property=\"og:image:width\" content=\"609\" \/>\n\t<meta property=\"og:image:height\" content=\"400\" \/>\n\t<meta property=\"og:image:type\" content=\"image\/jpeg\" \/>\n<meta name=\"twitter:card\" content=\"summary_large_image\" \/>\n<meta name=\"twitter:label1\" content=\"Tiempo de lectura\" \/>\n\t<meta name=\"twitter:data1\" content=\"1 minuto\" \/>\n<script type=\"application\/ld+json\" class=\"yoast-schema-graph\">{\"@context\":\"https:\/\/schema.org\",\"@graph\":[{\"@type\":\"WebPage\",\"@id\":\"https:\/\/abaa.mx\/tienda\/amperimetro-de-gancho-2000-amperes-cm9930\/\",\"url\":\"https:\/\/abaa.mx\/tienda\/amperimetro-de-gancho-2000-amperes-cm9930\/\",\"name\":\"Amper\u00edmetro de Gancho 2000 Amperes - CM9930 - Abaa tienda online\",\"isPartOf\":{\"@id\":\"https:\/\/abaa.mx\/tienda\/#website\"},\"primaryImageOfPage\":{\"@id\":\"https:\/\/abaa.mx\/tienda\/amperimetro-de-gancho-2000-amperes-cm9930\/#primaryimage\"},\"image\":{\"@id\":\"https:\/\/abaa.mx\/tienda\/amperimetro-de-gancho-2000-amperes-cm9930\/#primaryimage\"},\"thumbnailUrl\":\"https:\/\/abaa.mx\/tienda\/wp-content\/uploads\/2023\/10\/LUTRON-2000-CM9930.jpg\",\"datePublished\":\"2023-10-25T15:18:51+00:00\",\"dateModified\":\"2023-10-25T15:18:52+00:00\",\"breadcrumb\":{\"@id\":\"https:\/\/abaa.mx\/tienda\/amperimetro-de-gancho-2000-amperes-cm9930\/#breadcrumb\"},\"inLanguage\":\"es\",\"potentialAction\":[{\"@type\":\"ReadAction\",\"target\":[\"https:\/\/abaa.mx\/tienda\/amperimetro-de-gancho-2000-amperes-cm9930\/\"]}]},{\"@type\":\"ImageObject\",\"inLanguage\":\"es\",\"@id\":\"https:\/\/abaa.mx\/tienda\/amperimetro-de-gancho-2000-amperes-cm9930\/#primaryimage\",\"url\":\"https:\/\/abaa.mx\/tienda\/wp-content\/uploads\/2023\/10\/LUTRON-2000-CM9930.jpg\",\"contentUrl\":\"https:\/\/abaa.mx\/tienda\/wp-content\/uploads\/2023\/10\/LUTRON-2000-CM9930.jpg\",\"width\":609,\"height\":400,\"caption\":\"LUTRON-2000-CM9930\"},{\"@type\":\"BreadcrumbList\",\"@id\":\"https:\/\/abaa.mx\/tienda\/amperimetro-de-gancho-2000-amperes-cm9930\/#breadcrumb\",\"itemListElement\":[{\"@type\":\"ListItem\",\"position\":1,\"name\":\"Inicio\",\"item\":\"https:\/\/abaa.mx\/tienda\/\"},{\"@type\":\"ListItem\",\"position\":2,\"name\":\"Tienda\",\"item\":\"https:\/\/abaa.mx\/tienda\/\"},{\"@type\":\"ListItem\",\"position\":3,\"name\":\"Amper\u00edmetro de Gancho 2000 Amperes &#8211; CM9930\"}]},{\"@type\":\"WebSite\",\"@id\":\"https:\/\/abaa.mx\/tienda\/#website\",\"url\":\"https:\/\/abaa.mx\/tienda\/\",\"name\":\"Abaa tienda online\",\"description\":\"Instrumentos de medici\u00f3n\",\"publisher\":{\"@id\":\"https:\/\/abaa.mx\/tienda\/#organization\"},\"potentialAction\":[{\"@type\":\"SearchAction\",\"target\":{\"@type\":\"EntryPoint\",\"urlTemplate\":\"https:\/\/abaa.mx\/tienda\/?s={search_term_string}\"},\"query-input\":{\"@type\":\"PropertyValueSpecification\",\"valueRequired\":true,\"valueName\":\"search_term_string\"}}],\"inLanguage\":\"es\"},{\"@type\":\"Organization\",\"@id\":\"https:\/\/abaa.mx\/tienda\/#organization\",\"name\":\"Abaa tienda online\",\"url\":\"https:\/\/abaa.mx\/tienda\/\",\"logo\":{\"@type\":\"ImageObject\",\"inLanguage\":\"es\",\"@id\":\"https:\/\/abaa.mx\/tienda\/#\/schema\/logo\/image\/\",\"url\":\"https:\/\/abaa.mx\/tienda\/wp-content\/uploads\/2024\/01\/abaa-metrologia-tienda.png\",\"contentUrl\":\"https:\/\/abaa.mx\/tienda\/wp-content\/uploads\/2024\/01\/abaa-metrologia-tienda.png\",\"width\":300,\"height\":141,\"caption\":\"Abaa tienda online\"},\"image\":{\"@id\":\"https:\/\/abaa.mx\/tienda\/#\/schema\/logo\/image\/\"}}]}<\/script>\n<!-- \/ Yoast SEO plugin. -->","yoast_head_json":{"title":"Amper\u00edmetro de Gancho 2000 Amperes - CM9930 - Abaa tienda online","robots":{"index":"index","follow":"follow","max-snippet":"max-snippet:-1","max-image-preview":"max-image-preview:large","max-video-preview":"max-video-preview:-1"},"canonical":"https:\/\/abaa.mx\/tienda\/amperimetro-de-gancho-2000-amperes-cm9930\/","og_locale":"es_MX","og_type":"article","og_title":"Amper\u00edmetro de Gancho 2000 Amperes - CM9930 - Abaa tienda online","og_description":"Caracter\u00edsticas : Cumple con los requisitos de seguridad IEC 1010 CATIII 1000V. Lectura RMS real para mediciones ACV y ACA. Contador de 4000 digitos, rango autom\u00e1tico, multi-funci\u00f3n para ACA, DCA, ACV, DCV, Ohmios, Capacitancia, Hz, Diodo, Per\u00edodo de trabajo y verificaci\u00f3n de continuidad. Amplia y extensa rango de medici\u00f3n, 4 rangos (400 uA, 4000 uA, 40 mA, 400 mA) medici\u00f3n de medici\u00f3n de corriente de entrada (ACD y ACD). Circuito de protecci\u00f3n de sobrecarga para todos y cada uno de los rangos. Retenci\u00f3n de datos, tecla relativa, luz de fondo. Cuerpo de ABS compacto y resistente.","og_url":"https:\/\/abaa.mx\/tienda\/amperimetro-de-gancho-2000-amperes-cm9930\/","og_site_name":"Abaa tienda online","article_modified_time":"2023-10-25T15:18:52+00:00","og_image":[{"width":609,"height":400,"url":"https:\/\/abaa.mx\/tienda\/wp-content\/uploads\/2023\/10\/LUTRON-2000-CM9930.jpg","type":"image\/jpeg"}],"twitter_card":"summary_large_image","twitter_misc":{"Tiempo de lectura":"1 minuto"},"schema":{"@context":"https:\/\/schema.org","@graph":[{"@type":"WebPage","@id":"https:\/\/abaa.mx\/tienda\/amperimetro-de-gancho-2000-amperes-cm9930\/","url":"https:\/\/abaa.mx\/tienda\/amperimetro-de-gancho-2000-amperes-cm9930\/","name":"Amper\u00edmetro de Gancho 2000 Amperes - CM9930 - Abaa tienda online","isPartOf":{"@id":"https:\/\/abaa.mx\/tienda\/#website"},"primaryImageOfPage":{"@id":"https:\/\/abaa.mx\/tienda\/amperimetro-de-gancho-2000-amperes-cm9930\/#primaryimage"},"image":{"@id":"https:\/\/abaa.mx\/tienda\/amperimetro-de-gancho-2000-amperes-cm9930\/#primaryimage"},"thumbnailUrl":"https:\/\/abaa.mx\/tienda\/wp-content\/uploads\/2023\/10\/LUTRON-2000-CM9930.jpg","datePublished":"2023-10-25T15:18:51+00:00","dateModified":"2023-10-25T15:18:52+00:00","breadcrumb":{"@id":"https:\/\/abaa.mx\/tienda\/amperimetro-de-gancho-2000-amperes-cm9930\/#breadcrumb"},"inLanguage":"es","potentialAction":[{"@type":"ReadAction","target":["https:\/\/abaa.mx\/tienda\/amperimetro-de-gancho-2000-amperes-cm9930\/"]}]},{"@type":"ImageObject","inLanguage":"es","@id":"https:\/\/abaa.mx\/tienda\/amperimetro-de-gancho-2000-amperes-cm9930\/#primaryimage","url":"https:\/\/abaa.mx\/tienda\/wp-content\/uploads\/2023\/10\/LUTRON-2000-CM9930.jpg","contentUrl":"https:\/\/abaa.mx\/tienda\/wp-content\/uploads\/2023\/10\/LUTRON-2000-CM9930.jpg","width":609,"height":400,"caption":"LUTRON-2000-CM9930"},{"@type":"BreadcrumbList","@id":"https:\/\/abaa.mx\/tienda\/amperimetro-de-gancho-2000-amperes-cm9930\/#breadcrumb","itemListElement":[{"@type":"ListItem","position":1,"name":"Inicio","item":"https:\/\/abaa.mx\/tienda\/"},{"@type":"ListItem","position":2,"name":"Tienda","item":"https:\/\/abaa.mx\/tienda\/"},{"@type":"ListItem","position":3,"name":"Amper\u00edmetro de Gancho 2000 Amperes &#8211; CM9930"}]},{"@type":"WebSite","@id":"https:\/\/abaa.mx\/tienda\/#website","url":"https:\/\/abaa.mx\/tienda\/","name":"Abaa tienda online","description":"Instrumentos de medici\u00f3n","publisher":{"@id":"https:\/\/abaa.mx\/tienda\/#organization"},"potentialAction":[{"@type":"SearchAction","target":{"@type":"EntryPoint","urlTemplate":"https:\/\/abaa.mx\/tienda\/?s={search_term_string}"},"query-input":{"@type":"PropertyValueSpecification","valueRequired":true,"valueName":"search_term_string"}}],"inLanguage":"es"},{"@type":"Organization","@id":"https:\/\/abaa.mx\/tienda\/#organization","name":"Abaa tienda online","url":"https:\/\/abaa.mx\/tienda\/","logo":{"@type":"ImageObject","inLanguage":"es","@id":"https:\/\/abaa.mx\/tienda\/#\/schema\/logo\/image\/","url":"https:\/\/abaa.mx\/tienda\/wp-content\/uploads\/2024\/01\/abaa-metrologia-tienda.png","contentUrl":"https:\/\/abaa.mx\/tienda\/wp-content\/uploads\/2024\/01\/abaa-metrologia-tienda.png","width":300,"height":141,"caption":"Abaa tienda online"},"image":{"@id":"https:\/\/abaa.mx\/tienda\/#\/schema\/logo\/image\/"}}]}},"_links":{"self":[{"href":"https:\/\/abaa.mx\/tienda\/wp-json\/wp\/v2\/product\/7811","targetHints":{"allow":["GET"]}}],"collection":[{"href":"https:\/\/abaa.mx\/tienda\/wp-json\/wp\/v2\/product"}],"about":[{"href":"https:\/\/abaa.mx\/tienda\/wp-json\/wp\/v2\/types\/product"}],"replies":[{"embeddable":true,"href":"https:\/\/abaa.mx\/tienda\/wp-json\/wp\/v2\/comments?post=7811"}],"wp:featuredmedia":[{"embeddable":true,"href":"https:\/\/abaa.mx\/tienda\/wp-json\/wp\/v2\/media\/7816"}],"wp:attachment":[{"href":"https:\/\/abaa.mx\/tienda\/wp-json\/wp\/v2\/media?parent=7811"}],"wp:term":[{"taxonomy":"product_brand","embeddable":true,"href":"https:\/\/abaa.mx\/tienda\/wp-json\/wp\/v2\/product_brand?post=7811"},{"taxonomy":"product_cat","embeddable":true,"href":"https:\/\/abaa.mx\/tienda\/wp-json\/wp\/v2\/product_cat?post=7811"},{"taxonomy":"product_tag","embeddable":true,"href":"https:\/\/abaa.mx\/tienda\/wp-json\/wp\/v2\/product_tag?post=7811"}],"curies":[{"name":"wp","href":"https:\/\/api.w.org\/{rel}","templated":true}]}}