{"id":7805,"date":"2023-10-25T15:30:32","date_gmt":"2023-10-25T15:30:32","guid":{"rendered":"https:\/\/abaa.mx\/tienda\/?post_type=product&#038;p=7805"},"modified":"2023-12-04T19:42:19","modified_gmt":"2023-12-04T19:42:19","slug":"reed-lm-81lx-medidor-de-luz-compacto-velas-de-20000-lux-1860-pies-fc","status":"publish","type":"product","link":"https:\/\/abaa.mx\/tienda\/reed-lm-81lx-medidor-de-luz-compacto-velas-de-20000-lux-1860-pies-fc\/","title":{"rendered":"Reed lm-81lx medidor de luz compacto, velas de 20,000 lux &#8211; 1,860 pies (fc)"},"content":{"rendered":"<p>Este fot\u00f3metro compacto es capaz de realizar mediciones de Foot-candle (Fc) y Lux. El LM-81LX es un instrumento de rango autom\u00e1tico que realiza un seguimiento de las lecturas m\u00ednimas y m\u00e1ximas y cuenta con una funci\u00f3n de retenci\u00f3n de datos y un bot\u00f3n de ajuste de cero.<\/p>\n<h5><strong>Funciones<\/strong><\/h5>\n<ul>\n<li>Dise\u00f1o compacto y f\u00e1cil de operar<\/li>\n<li>Pantalla LCD de 5 d\u00edgitos<\/li>\n<li>Rango autom\u00e1tico<\/li>\n<li>Medidas de Lux \/ Pie-vela seleccionables por el usuario<\/li>\n<li>Funciones de M\u00edn.\/M\u00e1x. y retenci\u00f3n de datos<\/li>\n<li>Bot\u00f3n de ajuste de cero<\/li>\n<li>Indicadores de autonom\u00eda excesiva y bater\u00eda baja<\/li>\n<\/ul>\n<h4>\u00a0Especificaciones<\/h4>\n<table class=\"table table-striped\">\n<tbody>\n<tr>\n<td>Rangos de medici\u00f3n<\/td>\n<td>Lux: 0 a 20.000 Fc: 0 a 1.860<\/td>\n<\/tr>\n<tr>\n<td>Exactitud<\/td>\n<td>\u00b1(5% rdg.+ 8 dgt)<\/td>\n<\/tr>\n<tr>\n<td>Resoluci\u00f3n<\/td>\n<td>De 0 a 2.200 lux: 1<br \/>\nDe 1.800 a 20.000 lux: 10<br \/>\nfc: 0,1<\/td>\n<\/tr>\n<tr>\n<td>Tiempo de respuesta<\/td>\n<td>&lt;1 seg.<\/td>\n<\/tr>\n<tr>\n<td>Tipo de sensor<\/td>\n<td>Fotodiodo y filtro de correcci\u00f3n de color<\/td>\n<\/tr>\n<tr>\n<td>Rango autom\u00e1tico<\/td>\n<td>S\u00ed<\/td>\n<\/tr>\n<tr>\n<td>Monitor<\/td>\n<td>Pantalla LCD de 5 d\u00edgitos<\/td>\n<\/tr>\n<tr>\n<td>Retenci\u00f3n de datos<\/td>\n<td>S\u00ed<\/td>\n<\/tr>\n<tr>\n<td>Min<\/td>\n<td>S\u00ed<\/td>\n<\/tr>\n<tr>\n<td>M\u00e1ximo<\/td>\n<td>S\u00ed<\/td>\n<\/tr>\n<tr>\n<td>Cero autom\u00e1tico<\/td>\n<td>S\u00ed<\/td>\n<\/tr>\n<tr>\n<td>Indicador de rango excesivo<\/td>\n<td>S\u00ed<\/td>\n<\/tr>\n<tr>\n<td>Frecuencia de muestreo<\/td>\n<td>1 vez\/seg.<\/td>\n<\/tr>\n<tr>\n<td>Memoria interna<\/td>\n<td>S\u00ed<\/td>\n<\/tr>\n<tr>\n<td>Apagado autom\u00e1tico<\/td>\n<td>S\u00ed (despu\u00e9s de 10 minutos)<\/td>\n<\/tr>\n<tr>\n<td>Indicador de bater\u00eda baja<\/td>\n<td>S\u00ed<\/td>\n<\/tr>\n<tr>\n<td>Fuente de alimentaci\u00f3n<\/td>\n<td>Bater\u00eda de 9V<\/td>\n<\/tr>\n<tr>\n<td>Certificaciones de productos<\/td>\n<td>Despu\u00e9s de Cristo<\/td>\n<\/tr>\n<tr>\n<td>Temperatura de funcionamiento<\/td>\n<td>De 32 a 122 \u00b0C (de 0 a 50 \u00b0F)<\/td>\n<\/tr>\n<tr>\n<td>Temperatura de almacenamiento<\/td>\n<td>De -14 a 140 \u00b0C (de 10 a 60 \u00b0F)<\/td>\n<\/tr>\n<tr>\n<td>Rango de humedad de funcionamiento<\/td>\n<td>10-80%<\/td>\n<\/tr>\n<tr>\n<td>Dimensiones<\/td>\n<td>6,1 x 2,4 x 1,3&#8243; (156 x 60 x 33 mm)<\/td>\n<\/tr>\n<tr>\n<td>Peso<\/td>\n<td>5 g (6,160 onzas)<\/td>\n<\/tr>\n<\/tbody>\n<\/table>\n","protected":false},"excerpt":{"rendered":"<p class=\"short-description mhide ipad-view-setting\">Medidor de luz de rango autom\u00e1tico dise\u00f1ado para operar con una sola mano.<\/p>\n<div class=\"row-fluid\">\n<div class=\"span12 mobile-pricing-box-padding\">\n<form id=\"60565\" accept-charset=\"utf-8\" action=\"https:\/\/www.globaltestsupply.com\/shop\/add\" method=\"post\" name=\"addTocartFunction\">\n<div><\/div>\n<\/form>\n<\/div>\n<\/div>\n","protected":false},"featured_media":7824,"comment_status":"open","ping_status":"closed","template":"","meta":{"_joinchat":[]},"product_brand":[],"product_cat":[15],"product_tag":[],"class_list":{"0":"post-7805","1":"product","2":"type-product","3":"status-publish","4":"has-post-thumbnail","6":"product_cat-sin-categorizar","8":"first","9":"instock","10":"shipping-taxable","11":"product-type-simple"},"yoast_head":"<!-- This site is optimized with the Yoast SEO plugin v26.4 - https:\/\/yoast.com\/wordpress\/plugins\/seo\/ -->\n<title>Reed lm-81lx medidor de luz compacto, velas de 20,000 lux - 1,860 pies (fc) - Abaa tienda online<\/title>\n<meta name=\"robots\" content=\"index, follow, max-snippet:-1, max-image-preview:large, max-video-preview:-1\" \/>\n<link rel=\"canonical\" href=\"https:\/\/abaa.mx\/tienda\/reed-lm-81lx-medidor-de-luz-compacto-velas-de-20000-lux-1860-pies-fc\/\" \/>\n<meta property=\"og:locale\" content=\"es_MX\" \/>\n<meta property=\"og:type\" content=\"article\" \/>\n<meta property=\"og:title\" content=\"Reed lm-81lx medidor de luz compacto, velas de 20,000 lux - 1,860 pies (fc) - Abaa tienda online\" \/>\n<meta property=\"og:description\" content=\"Medidor de luz de rango autom\u00e1tico dise\u00f1ado para operar con una sola mano.\" \/>\n<meta property=\"og:url\" content=\"https:\/\/abaa.mx\/tienda\/reed-lm-81lx-medidor-de-luz-compacto-velas-de-20000-lux-1860-pies-fc\/\" \/>\n<meta property=\"og:site_name\" content=\"Abaa tienda online\" \/>\n<meta property=\"article:modified_time\" content=\"2023-12-04T19:42:19+00:00\" \/>\n<meta property=\"og:image\" content=\"https:\/\/abaa.mx\/tienda\/wp-content\/uploads\/2023\/10\/LM-81LX-NIST.jpg\" \/>\n\t<meta property=\"og:image:width\" content=\"300\" \/>\n\t<meta property=\"og:image:height\" content=\"550\" \/>\n\t<meta property=\"og:image:type\" content=\"image\/jpeg\" \/>\n<meta name=\"twitter:card\" content=\"summary_large_image\" \/>\n<meta name=\"twitter:label1\" content=\"Tiempo de lectura\" \/>\n\t<meta name=\"twitter:data1\" content=\"2 minutos\" \/>\n<script type=\"application\/ld+json\" class=\"yoast-schema-graph\">{\"@context\":\"https:\/\/schema.org\",\"@graph\":[{\"@type\":\"WebPage\",\"@id\":\"https:\/\/abaa.mx\/tienda\/reed-lm-81lx-medidor-de-luz-compacto-velas-de-20000-lux-1860-pies-fc\/\",\"url\":\"https:\/\/abaa.mx\/tienda\/reed-lm-81lx-medidor-de-luz-compacto-velas-de-20000-lux-1860-pies-fc\/\",\"name\":\"Reed lm-81lx medidor de luz compacto, velas de 20,000 lux - 1,860 pies (fc) - Abaa tienda online\",\"isPartOf\":{\"@id\":\"https:\/\/abaa.mx\/tienda\/#website\"},\"primaryImageOfPage\":{\"@id\":\"https:\/\/abaa.mx\/tienda\/reed-lm-81lx-medidor-de-luz-compacto-velas-de-20000-lux-1860-pies-fc\/#primaryimage\"},\"image\":{\"@id\":\"https:\/\/abaa.mx\/tienda\/reed-lm-81lx-medidor-de-luz-compacto-velas-de-20000-lux-1860-pies-fc\/#primaryimage\"},\"thumbnailUrl\":\"https:\/\/abaa.mx\/tienda\/wp-content\/uploads\/2023\/10\/LM-81LX-NIST.jpg\",\"datePublished\":\"2023-10-25T15:30:32+00:00\",\"dateModified\":\"2023-12-04T19:42:19+00:00\",\"breadcrumb\":{\"@id\":\"https:\/\/abaa.mx\/tienda\/reed-lm-81lx-medidor-de-luz-compacto-velas-de-20000-lux-1860-pies-fc\/#breadcrumb\"},\"inLanguage\":\"es\",\"potentialAction\":[{\"@type\":\"ReadAction\",\"target\":[\"https:\/\/abaa.mx\/tienda\/reed-lm-81lx-medidor-de-luz-compacto-velas-de-20000-lux-1860-pies-fc\/\"]}]},{\"@type\":\"ImageObject\",\"inLanguage\":\"es\",\"@id\":\"https:\/\/abaa.mx\/tienda\/reed-lm-81lx-medidor-de-luz-compacto-velas-de-20000-lux-1860-pies-fc\/#primaryimage\",\"url\":\"https:\/\/abaa.mx\/tienda\/wp-content\/uploads\/2023\/10\/LM-81LX-NIST.jpg\",\"contentUrl\":\"https:\/\/abaa.mx\/tienda\/wp-content\/uploads\/2023\/10\/LM-81LX-NIST.jpg\",\"width\":300,\"height\":550,\"caption\":\"reed-lm-81lx-medidor-de-luz-compacto-velas-de-20000-lux-1860-pies-fc\"},{\"@type\":\"BreadcrumbList\",\"@id\":\"https:\/\/abaa.mx\/tienda\/reed-lm-81lx-medidor-de-luz-compacto-velas-de-20000-lux-1860-pies-fc\/#breadcrumb\",\"itemListElement\":[{\"@type\":\"ListItem\",\"position\":1,\"name\":\"Inicio\",\"item\":\"https:\/\/abaa.mx\/tienda\/\"},{\"@type\":\"ListItem\",\"position\":2,\"name\":\"Tienda\",\"item\":\"https:\/\/abaa.mx\/tienda\/\"},{\"@type\":\"ListItem\",\"position\":3,\"name\":\"Reed lm-81lx medidor de luz compacto, velas de 20,000 lux &#8211; 1,860 pies (fc)\"}]},{\"@type\":\"WebSite\",\"@id\":\"https:\/\/abaa.mx\/tienda\/#website\",\"url\":\"https:\/\/abaa.mx\/tienda\/\",\"name\":\"Abaa tienda online\",\"description\":\"Instrumentos de medici\u00f3n\",\"publisher\":{\"@id\":\"https:\/\/abaa.mx\/tienda\/#organization\"},\"potentialAction\":[{\"@type\":\"SearchAction\",\"target\":{\"@type\":\"EntryPoint\",\"urlTemplate\":\"https:\/\/abaa.mx\/tienda\/?s={search_term_string}\"},\"query-input\":{\"@type\":\"PropertyValueSpecification\",\"valueRequired\":true,\"valueName\":\"search_term_string\"}}],\"inLanguage\":\"es\"},{\"@type\":\"Organization\",\"@id\":\"https:\/\/abaa.mx\/tienda\/#organization\",\"name\":\"Abaa tienda online\",\"url\":\"https:\/\/abaa.mx\/tienda\/\",\"logo\":{\"@type\":\"ImageObject\",\"inLanguage\":\"es\",\"@id\":\"https:\/\/abaa.mx\/tienda\/#\/schema\/logo\/image\/\",\"url\":\"https:\/\/abaa.mx\/tienda\/wp-content\/uploads\/2024\/01\/abaa-metrologia-tienda.png\",\"contentUrl\":\"https:\/\/abaa.mx\/tienda\/wp-content\/uploads\/2024\/01\/abaa-metrologia-tienda.png\",\"width\":300,\"height\":141,\"caption\":\"Abaa tienda online\"},\"image\":{\"@id\":\"https:\/\/abaa.mx\/tienda\/#\/schema\/logo\/image\/\"}}]}<\/script>\n<!-- \/ Yoast SEO plugin. -->","yoast_head_json":{"title":"Reed lm-81lx medidor de luz compacto, velas de 20,000 lux - 1,860 pies (fc) - Abaa tienda online","robots":{"index":"index","follow":"follow","max-snippet":"max-snippet:-1","max-image-preview":"max-image-preview:large","max-video-preview":"max-video-preview:-1"},"canonical":"https:\/\/abaa.mx\/tienda\/reed-lm-81lx-medidor-de-luz-compacto-velas-de-20000-lux-1860-pies-fc\/","og_locale":"es_MX","og_type":"article","og_title":"Reed lm-81lx medidor de luz compacto, velas de 20,000 lux - 1,860 pies (fc) - Abaa tienda online","og_description":"Medidor de luz de rango autom\u00e1tico dise\u00f1ado para operar con una sola mano.","og_url":"https:\/\/abaa.mx\/tienda\/reed-lm-81lx-medidor-de-luz-compacto-velas-de-20000-lux-1860-pies-fc\/","og_site_name":"Abaa tienda online","article_modified_time":"2023-12-04T19:42:19+00:00","og_image":[{"width":300,"height":550,"url":"https:\/\/abaa.mx\/tienda\/wp-content\/uploads\/2023\/10\/LM-81LX-NIST.jpg","type":"image\/jpeg"}],"twitter_card":"summary_large_image","twitter_misc":{"Tiempo de lectura":"2 minutos"},"schema":{"@context":"https:\/\/schema.org","@graph":[{"@type":"WebPage","@id":"https:\/\/abaa.mx\/tienda\/reed-lm-81lx-medidor-de-luz-compacto-velas-de-20000-lux-1860-pies-fc\/","url":"https:\/\/abaa.mx\/tienda\/reed-lm-81lx-medidor-de-luz-compacto-velas-de-20000-lux-1860-pies-fc\/","name":"Reed lm-81lx medidor de luz compacto, velas de 20,000 lux - 1,860 pies (fc) - Abaa tienda online","isPartOf":{"@id":"https:\/\/abaa.mx\/tienda\/#website"},"primaryImageOfPage":{"@id":"https:\/\/abaa.mx\/tienda\/reed-lm-81lx-medidor-de-luz-compacto-velas-de-20000-lux-1860-pies-fc\/#primaryimage"},"image":{"@id":"https:\/\/abaa.mx\/tienda\/reed-lm-81lx-medidor-de-luz-compacto-velas-de-20000-lux-1860-pies-fc\/#primaryimage"},"thumbnailUrl":"https:\/\/abaa.mx\/tienda\/wp-content\/uploads\/2023\/10\/LM-81LX-NIST.jpg","datePublished":"2023-10-25T15:30:32+00:00","dateModified":"2023-12-04T19:42:19+00:00","breadcrumb":{"@id":"https:\/\/abaa.mx\/tienda\/reed-lm-81lx-medidor-de-luz-compacto-velas-de-20000-lux-1860-pies-fc\/#breadcrumb"},"inLanguage":"es","potentialAction":[{"@type":"ReadAction","target":["https:\/\/abaa.mx\/tienda\/reed-lm-81lx-medidor-de-luz-compacto-velas-de-20000-lux-1860-pies-fc\/"]}]},{"@type":"ImageObject","inLanguage":"es","@id":"https:\/\/abaa.mx\/tienda\/reed-lm-81lx-medidor-de-luz-compacto-velas-de-20000-lux-1860-pies-fc\/#primaryimage","url":"https:\/\/abaa.mx\/tienda\/wp-content\/uploads\/2023\/10\/LM-81LX-NIST.jpg","contentUrl":"https:\/\/abaa.mx\/tienda\/wp-content\/uploads\/2023\/10\/LM-81LX-NIST.jpg","width":300,"height":550,"caption":"reed-lm-81lx-medidor-de-luz-compacto-velas-de-20000-lux-1860-pies-fc"},{"@type":"BreadcrumbList","@id":"https:\/\/abaa.mx\/tienda\/reed-lm-81lx-medidor-de-luz-compacto-velas-de-20000-lux-1860-pies-fc\/#breadcrumb","itemListElement":[{"@type":"ListItem","position":1,"name":"Inicio","item":"https:\/\/abaa.mx\/tienda\/"},{"@type":"ListItem","position":2,"name":"Tienda","item":"https:\/\/abaa.mx\/tienda\/"},{"@type":"ListItem","position":3,"name":"Reed lm-81lx medidor de luz compacto, velas de 20,000 lux &#8211; 1,860 pies (fc)"}]},{"@type":"WebSite","@id":"https:\/\/abaa.mx\/tienda\/#website","url":"https:\/\/abaa.mx\/tienda\/","name":"Abaa tienda online","description":"Instrumentos de medici\u00f3n","publisher":{"@id":"https:\/\/abaa.mx\/tienda\/#organization"},"potentialAction":[{"@type":"SearchAction","target":{"@type":"EntryPoint","urlTemplate":"https:\/\/abaa.mx\/tienda\/?s={search_term_string}"},"query-input":{"@type":"PropertyValueSpecification","valueRequired":true,"valueName":"search_term_string"}}],"inLanguage":"es"},{"@type":"Organization","@id":"https:\/\/abaa.mx\/tienda\/#organization","name":"Abaa tienda online","url":"https:\/\/abaa.mx\/tienda\/","logo":{"@type":"ImageObject","inLanguage":"es","@id":"https:\/\/abaa.mx\/tienda\/#\/schema\/logo\/image\/","url":"https:\/\/abaa.mx\/tienda\/wp-content\/uploads\/2024\/01\/abaa-metrologia-tienda.png","contentUrl":"https:\/\/abaa.mx\/tienda\/wp-content\/uploads\/2024\/01\/abaa-metrologia-tienda.png","width":300,"height":141,"caption":"Abaa tienda online"},"image":{"@id":"https:\/\/abaa.mx\/tienda\/#\/schema\/logo\/image\/"}}]}},"_links":{"self":[{"href":"https:\/\/abaa.mx\/tienda\/wp-json\/wp\/v2\/product\/7805","targetHints":{"allow":["GET"]}}],"collection":[{"href":"https:\/\/abaa.mx\/tienda\/wp-json\/wp\/v2\/product"}],"about":[{"href":"https:\/\/abaa.mx\/tienda\/wp-json\/wp\/v2\/types\/product"}],"replies":[{"embeddable":true,"href":"https:\/\/abaa.mx\/tienda\/wp-json\/wp\/v2\/comments?post=7805"}],"wp:featuredmedia":[{"embeddable":true,"href":"https:\/\/abaa.mx\/tienda\/wp-json\/wp\/v2\/media\/7824"}],"wp:attachment":[{"href":"https:\/\/abaa.mx\/tienda\/wp-json\/wp\/v2\/media?parent=7805"}],"wp:term":[{"taxonomy":"product_brand","embeddable":true,"href":"https:\/\/abaa.mx\/tienda\/wp-json\/wp\/v2\/product_brand?post=7805"},{"taxonomy":"product_cat","embeddable":true,"href":"https:\/\/abaa.mx\/tienda\/wp-json\/wp\/v2\/product_cat?post=7805"},{"taxonomy":"product_tag","embeddable":true,"href":"https:\/\/abaa.mx\/tienda\/wp-json\/wp\/v2\/product_tag?post=7805"}],"curies":[{"name":"wp","href":"https:\/\/api.w.org\/{rel}","templated":true}]}}