{"id":7803,"date":"2023-10-25T15:30:25","date_gmt":"2023-10-25T15:30:25","guid":{"rendered":"https:\/\/abaa.mx\/tienda\/?post_type=product&#038;p=7803"},"modified":"2023-10-25T15:30:26","modified_gmt":"2023-10-25T15:30:26","slug":"reed-r9450-nist-monitor-de-monoxido-de-carbono-con-temperatura-y-humedad","status":"publish","type":"product","link":"https:\/\/abaa.mx\/tienda\/reed-r9450-nist-monitor-de-monoxido-de-carbono-con-temperatura-y-humedad\/","title":{"rendered":"Reed r9450-nist monitor de mon\u00f3xido de carbono con temperatura y humedad"},"content":{"rendered":"<p>Este medidor de mon\u00f3xido de carbono es capaz de detectar concentraciones de hasta 999 ppm. El R9450 cuenta con una gran pantalla LCD, reloj y calendario incorporados, funci\u00f3n de retenci\u00f3n m\u00e1xima y l\u00edmite de alarma ajustable por el usuario.<\/p>\n<p><strong>Funciones<\/strong><\/p>\n<ul>\n<li>Mide el mon\u00f3xido de carbono (CO), la temperatura del aire y la humedad relativa<\/li>\n<li>L\u00edmite de alarma ajustable por el usuario<\/li>\n<li>Reloj y calendario incorporados<\/li>\n<li>Funci\u00f3n de retenci\u00f3n m\u00e1xima<\/li>\n<li>Se puede montar en una pared o colocar en el escritorio<\/li>\n<li>Calibraci\u00f3n manual de CO a cero<\/li>\n<li>Indicador de bater\u00eda baja<\/li>\n<\/ul>\n<h4>Especificaciones de REED R9450-NIST<\/h4>\n<table class=\"table table-striped\">\n<tbody>\n<tr>\n<td>Rango de medici\u00f3n<\/td>\n<td>De 0 a 999 ppm<\/td>\n<\/tr>\n<tr>\n<td>Exactitud<\/td>\n<td>\u00b15% de la lectura o \u00b110 ppm<\/td>\n<\/tr>\n<tr>\n<td>Resoluci\u00f3n<\/td>\n<td>1 ppm<\/td>\n<\/tr>\n<tr>\n<td>Tipo de sensor<\/td>\n<td>Sensor electroqu\u00edmico estabilizado<\/td>\n<\/tr>\n<tr>\n<td>Rango de medici\u00f3n<\/td>\n<td>De 32 a 122 \u00b0C (de 0 a 50 \u00b0F)<\/td>\n<\/tr>\n<tr>\n<td>Exactitud<\/td>\n<td>\u00b11.2 \u00b0F (0.6 \u00b0C)<\/td>\n<\/tr>\n<tr>\n<td>Resoluci\u00f3n<\/td>\n<td>0.1 \u00b0F (0.1 \u00b0C)<\/td>\n<\/tr>\n<tr>\n<td>Rango de medici\u00f3n<\/td>\n<td>Del 10 al 90 % de humedad relativa<\/td>\n<\/tr>\n<tr>\n<td>Exactitud<\/td>\n<td>\u00b13 % de humedad relativa (a 25 \u00b0C, de lo contrario \u00b15 %)<\/td>\n<\/tr>\n<tr>\n<td>Resoluci\u00f3n<\/td>\n<td>0.1% HR<\/td>\n<\/tr>\n<tr>\n<td>Monitor<\/td>\n<td>LCD<\/td>\n<\/tr>\n<tr>\n<td>F\/C conmutable<\/td>\n<td>S\u00ed<\/td>\n<\/tr>\n<tr>\n<td>Alarma<\/td>\n<td>Audible (zumbador), visible (LED)<\/td>\n<\/tr>\n<tr>\n<td>L\u00edmite de alarma de CO ajustable<\/td>\n<td>S\u00ed<\/td>\n<\/tr>\n<tr>\n<td>Retenci\u00f3n m\u00e1xima<\/td>\n<td>S\u00ed<\/td>\n<\/tr>\n<tr>\n<td>Fecha y hora<\/td>\n<td>S\u00ed<\/td>\n<\/tr>\n<tr>\n<td>Tiempo de calentamiento<\/td>\n<td>60 segundos<\/td>\n<\/tr>\n<tr>\n<td>Soporte de escritorio<\/td>\n<td>S\u00ed<\/td>\n<\/tr>\n<tr>\n<td>Montaje en pared<\/td>\n<td>S\u00ed<\/td>\n<\/tr>\n<tr>\n<td>Fuente de alimentaci\u00f3n<\/td>\n<td>4 pilas AAA, adaptador de CA (opcional)<\/td>\n<\/tr>\n<tr>\n<td>Certificaciones de productos<\/td>\n<td>Despu\u00e9s de Cristo<\/td>\n<\/tr>\n<tr>\n<td>Temperatura de funcionamiento<\/td>\n<td>De 32 a 122 \u00b0C (de 0 a 50 \u00b0F)<\/td>\n<\/tr>\n<tr>\n<td>Temperatura de almacenamiento<\/td>\n<td>-4 a 122 \u00b0F (-20 a 50 \u00b0C)<\/td>\n<\/tr>\n<tr>\n<td>Rango de humedad de funcionamiento<\/td>\n<td>De 0 a 90 % (sin condensaci\u00f3n)<\/td>\n<\/tr>\n<tr>\n<td>Dimensiones<\/td>\n<td>4,4 x 4,3 x 1,1&#8243; (113 x 108 x 28 mm)<\/td>\n<\/tr>\n<tr>\n<td>Peso<\/td>\n<td>5 g (6,159 onzas)<\/td>\n<\/tr>\n<\/tbody>\n<\/table>\n","protected":false},"excerpt":{"rendered":"<p class=\"short-description mhide ipad-view-setting\">La gran pantalla LCD multil\u00ednea muestra simult\u00e1neamente el mon\u00f3xido de carbono (CO), la temperatura ambiente, la humedad relativa, la hora y la fecha.<\/p>\n<div class=\"row-fluid\">\n<div class=\"span12 mobile-pricing-box-padding\">\n<form id=\"99073\" accept-charset=\"utf-8\" action=\"https:\/\/www.globaltestsupply.com\/shop\/add\" method=\"post\" name=\"addTocartFunction\">\n<div><\/div>\n<\/form>\n<\/div>\n<\/div>\n","protected":false},"featured_media":7822,"comment_status":"open","ping_status":"closed","template":"","meta":{"_joinchat":[]},"product_brand":[],"product_cat":[15],"product_tag":[],"class_list":{"0":"post-7803","1":"product","2":"type-product","3":"status-publish","4":"has-post-thumbnail","6":"product_cat-sin-categorizar","8":"first","9":"instock","10":"shipping-taxable","11":"product-type-simple"},"yoast_head":"<!-- This site is optimized with the Yoast SEO plugin v26.4 - https:\/\/yoast.com\/wordpress\/plugins\/seo\/ -->\n<title>Reed r9450-nist monitor de mon\u00f3xido de carbono con temperatura y humedad - Abaa tienda online<\/title>\n<meta name=\"robots\" content=\"index, follow, max-snippet:-1, max-image-preview:large, max-video-preview:-1\" \/>\n<link rel=\"canonical\" href=\"https:\/\/abaa.mx\/tienda\/reed-r9450-nist-monitor-de-monoxido-de-carbono-con-temperatura-y-humedad\/\" \/>\n<meta property=\"og:locale\" content=\"es_MX\" \/>\n<meta property=\"og:type\" content=\"article\" \/>\n<meta property=\"og:title\" content=\"Reed r9450-nist monitor de mon\u00f3xido de carbono con temperatura y humedad - Abaa tienda online\" \/>\n<meta property=\"og:description\" content=\"La gran pantalla LCD multil\u00ednea muestra simult\u00e1neamente el mon\u00f3xido de carbono (CO), la temperatura ambiente, la humedad relativa, la hora y la fecha.\" \/>\n<meta property=\"og:url\" content=\"https:\/\/abaa.mx\/tienda\/reed-r9450-nist-monitor-de-monoxido-de-carbono-con-temperatura-y-humedad\/\" \/>\n<meta property=\"og:site_name\" content=\"Abaa tienda online\" \/>\n<meta property=\"article:modified_time\" content=\"2023-10-25T15:30:26+00:00\" \/>\n<meta property=\"og:image\" content=\"https:\/\/abaa.mx\/tienda\/wp-content\/uploads\/2023\/10\/R9450-NIST.jpg\" \/>\n\t<meta property=\"og:image:width\" content=\"500\" \/>\n\t<meta property=\"og:image:height\" content=\"500\" \/>\n\t<meta property=\"og:image:type\" content=\"image\/jpeg\" \/>\n<meta name=\"twitter:card\" content=\"summary_large_image\" \/>\n<meta name=\"twitter:label1\" content=\"Tiempo de lectura\" \/>\n\t<meta name=\"twitter:data1\" content=\"2 minutos\" \/>\n<script type=\"application\/ld+json\" class=\"yoast-schema-graph\">{\"@context\":\"https:\/\/schema.org\",\"@graph\":[{\"@type\":\"WebPage\",\"@id\":\"https:\/\/abaa.mx\/tienda\/reed-r9450-nist-monitor-de-monoxido-de-carbono-con-temperatura-y-humedad\/\",\"url\":\"https:\/\/abaa.mx\/tienda\/reed-r9450-nist-monitor-de-monoxido-de-carbono-con-temperatura-y-humedad\/\",\"name\":\"Reed r9450-nist monitor de mon\u00f3xido de carbono con temperatura y humedad - Abaa tienda online\",\"isPartOf\":{\"@id\":\"https:\/\/abaa.mx\/tienda\/#website\"},\"primaryImageOfPage\":{\"@id\":\"https:\/\/abaa.mx\/tienda\/reed-r9450-nist-monitor-de-monoxido-de-carbono-con-temperatura-y-humedad\/#primaryimage\"},\"image\":{\"@id\":\"https:\/\/abaa.mx\/tienda\/reed-r9450-nist-monitor-de-monoxido-de-carbono-con-temperatura-y-humedad\/#primaryimage\"},\"thumbnailUrl\":\"https:\/\/abaa.mx\/tienda\/wp-content\/uploads\/2023\/10\/R9450-NIST.jpg\",\"datePublished\":\"2023-10-25T15:30:25+00:00\",\"dateModified\":\"2023-10-25T15:30:26+00:00\",\"breadcrumb\":{\"@id\":\"https:\/\/abaa.mx\/tienda\/reed-r9450-nist-monitor-de-monoxido-de-carbono-con-temperatura-y-humedad\/#breadcrumb\"},\"inLanguage\":\"es\",\"potentialAction\":[{\"@type\":\"ReadAction\",\"target\":[\"https:\/\/abaa.mx\/tienda\/reed-r9450-nist-monitor-de-monoxido-de-carbono-con-temperatura-y-humedad\/\"]}]},{\"@type\":\"ImageObject\",\"inLanguage\":\"es\",\"@id\":\"https:\/\/abaa.mx\/tienda\/reed-r9450-nist-monitor-de-monoxido-de-carbono-con-temperatura-y-humedad\/#primaryimage\",\"url\":\"https:\/\/abaa.mx\/tienda\/wp-content\/uploads\/2023\/10\/R9450-NIST.jpg\",\"contentUrl\":\"https:\/\/abaa.mx\/tienda\/wp-content\/uploads\/2023\/10\/R9450-NIST.jpg\",\"width\":500,\"height\":500,\"caption\":\"reed-r9450-nist-monitor-de-monoxido-de-carbono-con-temperatura-y-humedad\"},{\"@type\":\"BreadcrumbList\",\"@id\":\"https:\/\/abaa.mx\/tienda\/reed-r9450-nist-monitor-de-monoxido-de-carbono-con-temperatura-y-humedad\/#breadcrumb\",\"itemListElement\":[{\"@type\":\"ListItem\",\"position\":1,\"name\":\"Inicio\",\"item\":\"https:\/\/abaa.mx\/tienda\/\"},{\"@type\":\"ListItem\",\"position\":2,\"name\":\"Tienda\",\"item\":\"https:\/\/abaa.mx\/tienda\/\"},{\"@type\":\"ListItem\",\"position\":3,\"name\":\"Reed r9450-nist monitor de mon\u00f3xido de carbono con temperatura y humedad\"}]},{\"@type\":\"WebSite\",\"@id\":\"https:\/\/abaa.mx\/tienda\/#website\",\"url\":\"https:\/\/abaa.mx\/tienda\/\",\"name\":\"Abaa tienda online\",\"description\":\"Instrumentos de medici\u00f3n\",\"publisher\":{\"@id\":\"https:\/\/abaa.mx\/tienda\/#organization\"},\"potentialAction\":[{\"@type\":\"SearchAction\",\"target\":{\"@type\":\"EntryPoint\",\"urlTemplate\":\"https:\/\/abaa.mx\/tienda\/?s={search_term_string}\"},\"query-input\":{\"@type\":\"PropertyValueSpecification\",\"valueRequired\":true,\"valueName\":\"search_term_string\"}}],\"inLanguage\":\"es\"},{\"@type\":\"Organization\",\"@id\":\"https:\/\/abaa.mx\/tienda\/#organization\",\"name\":\"Abaa tienda online\",\"url\":\"https:\/\/abaa.mx\/tienda\/\",\"logo\":{\"@type\":\"ImageObject\",\"inLanguage\":\"es\",\"@id\":\"https:\/\/abaa.mx\/tienda\/#\/schema\/logo\/image\/\",\"url\":\"https:\/\/abaa.mx\/tienda\/wp-content\/uploads\/2024\/01\/abaa-metrologia-tienda.png\",\"contentUrl\":\"https:\/\/abaa.mx\/tienda\/wp-content\/uploads\/2024\/01\/abaa-metrologia-tienda.png\",\"width\":300,\"height\":141,\"caption\":\"Abaa tienda online\"},\"image\":{\"@id\":\"https:\/\/abaa.mx\/tienda\/#\/schema\/logo\/image\/\"}}]}<\/script>\n<!-- \/ Yoast SEO plugin. -->","yoast_head_json":{"title":"Reed r9450-nist monitor de mon\u00f3xido de carbono con temperatura y humedad - Abaa tienda online","robots":{"index":"index","follow":"follow","max-snippet":"max-snippet:-1","max-image-preview":"max-image-preview:large","max-video-preview":"max-video-preview:-1"},"canonical":"https:\/\/abaa.mx\/tienda\/reed-r9450-nist-monitor-de-monoxido-de-carbono-con-temperatura-y-humedad\/","og_locale":"es_MX","og_type":"article","og_title":"Reed r9450-nist monitor de mon\u00f3xido de carbono con temperatura y humedad - Abaa tienda online","og_description":"La gran pantalla LCD multil\u00ednea muestra simult\u00e1neamente el mon\u00f3xido de carbono (CO), la temperatura ambiente, la humedad relativa, la hora y la fecha.","og_url":"https:\/\/abaa.mx\/tienda\/reed-r9450-nist-monitor-de-monoxido-de-carbono-con-temperatura-y-humedad\/","og_site_name":"Abaa tienda online","article_modified_time":"2023-10-25T15:30:26+00:00","og_image":[{"width":500,"height":500,"url":"https:\/\/abaa.mx\/tienda\/wp-content\/uploads\/2023\/10\/R9450-NIST.jpg","type":"image\/jpeg"}],"twitter_card":"summary_large_image","twitter_misc":{"Tiempo de lectura":"2 minutos"},"schema":{"@context":"https:\/\/schema.org","@graph":[{"@type":"WebPage","@id":"https:\/\/abaa.mx\/tienda\/reed-r9450-nist-monitor-de-monoxido-de-carbono-con-temperatura-y-humedad\/","url":"https:\/\/abaa.mx\/tienda\/reed-r9450-nist-monitor-de-monoxido-de-carbono-con-temperatura-y-humedad\/","name":"Reed r9450-nist monitor de mon\u00f3xido de carbono con temperatura y humedad - Abaa tienda online","isPartOf":{"@id":"https:\/\/abaa.mx\/tienda\/#website"},"primaryImageOfPage":{"@id":"https:\/\/abaa.mx\/tienda\/reed-r9450-nist-monitor-de-monoxido-de-carbono-con-temperatura-y-humedad\/#primaryimage"},"image":{"@id":"https:\/\/abaa.mx\/tienda\/reed-r9450-nist-monitor-de-monoxido-de-carbono-con-temperatura-y-humedad\/#primaryimage"},"thumbnailUrl":"https:\/\/abaa.mx\/tienda\/wp-content\/uploads\/2023\/10\/R9450-NIST.jpg","datePublished":"2023-10-25T15:30:25+00:00","dateModified":"2023-10-25T15:30:26+00:00","breadcrumb":{"@id":"https:\/\/abaa.mx\/tienda\/reed-r9450-nist-monitor-de-monoxido-de-carbono-con-temperatura-y-humedad\/#breadcrumb"},"inLanguage":"es","potentialAction":[{"@type":"ReadAction","target":["https:\/\/abaa.mx\/tienda\/reed-r9450-nist-monitor-de-monoxido-de-carbono-con-temperatura-y-humedad\/"]}]},{"@type":"ImageObject","inLanguage":"es","@id":"https:\/\/abaa.mx\/tienda\/reed-r9450-nist-monitor-de-monoxido-de-carbono-con-temperatura-y-humedad\/#primaryimage","url":"https:\/\/abaa.mx\/tienda\/wp-content\/uploads\/2023\/10\/R9450-NIST.jpg","contentUrl":"https:\/\/abaa.mx\/tienda\/wp-content\/uploads\/2023\/10\/R9450-NIST.jpg","width":500,"height":500,"caption":"reed-r9450-nist-monitor-de-monoxido-de-carbono-con-temperatura-y-humedad"},{"@type":"BreadcrumbList","@id":"https:\/\/abaa.mx\/tienda\/reed-r9450-nist-monitor-de-monoxido-de-carbono-con-temperatura-y-humedad\/#breadcrumb","itemListElement":[{"@type":"ListItem","position":1,"name":"Inicio","item":"https:\/\/abaa.mx\/tienda\/"},{"@type":"ListItem","position":2,"name":"Tienda","item":"https:\/\/abaa.mx\/tienda\/"},{"@type":"ListItem","position":3,"name":"Reed r9450-nist monitor de mon\u00f3xido de carbono con temperatura y humedad"}]},{"@type":"WebSite","@id":"https:\/\/abaa.mx\/tienda\/#website","url":"https:\/\/abaa.mx\/tienda\/","name":"Abaa tienda online","description":"Instrumentos de medici\u00f3n","publisher":{"@id":"https:\/\/abaa.mx\/tienda\/#organization"},"potentialAction":[{"@type":"SearchAction","target":{"@type":"EntryPoint","urlTemplate":"https:\/\/abaa.mx\/tienda\/?s={search_term_string}"},"query-input":{"@type":"PropertyValueSpecification","valueRequired":true,"valueName":"search_term_string"}}],"inLanguage":"es"},{"@type":"Organization","@id":"https:\/\/abaa.mx\/tienda\/#organization","name":"Abaa tienda online","url":"https:\/\/abaa.mx\/tienda\/","logo":{"@type":"ImageObject","inLanguage":"es","@id":"https:\/\/abaa.mx\/tienda\/#\/schema\/logo\/image\/","url":"https:\/\/abaa.mx\/tienda\/wp-content\/uploads\/2024\/01\/abaa-metrologia-tienda.png","contentUrl":"https:\/\/abaa.mx\/tienda\/wp-content\/uploads\/2024\/01\/abaa-metrologia-tienda.png","width":300,"height":141,"caption":"Abaa tienda online"},"image":{"@id":"https:\/\/abaa.mx\/tienda\/#\/schema\/logo\/image\/"}}]}},"_links":{"self":[{"href":"https:\/\/abaa.mx\/tienda\/wp-json\/wp\/v2\/product\/7803","targetHints":{"allow":["GET"]}}],"collection":[{"href":"https:\/\/abaa.mx\/tienda\/wp-json\/wp\/v2\/product"}],"about":[{"href":"https:\/\/abaa.mx\/tienda\/wp-json\/wp\/v2\/types\/product"}],"replies":[{"embeddable":true,"href":"https:\/\/abaa.mx\/tienda\/wp-json\/wp\/v2\/comments?post=7803"}],"wp:featuredmedia":[{"embeddable":true,"href":"https:\/\/abaa.mx\/tienda\/wp-json\/wp\/v2\/media\/7822"}],"wp:attachment":[{"href":"https:\/\/abaa.mx\/tienda\/wp-json\/wp\/v2\/media?parent=7803"}],"wp:term":[{"taxonomy":"product_brand","embeddable":true,"href":"https:\/\/abaa.mx\/tienda\/wp-json\/wp\/v2\/product_brand?post=7803"},{"taxonomy":"product_cat","embeddable":true,"href":"https:\/\/abaa.mx\/tienda\/wp-json\/wp\/v2\/product_cat?post=7803"},{"taxonomy":"product_tag","embeddable":true,"href":"https:\/\/abaa.mx\/tienda\/wp-json\/wp\/v2\/product_tag?post=7803"}],"curies":[{"name":"wp","href":"https:\/\/api.w.org\/{rel}","templated":true}]}}