{"id":7790,"date":"2023-10-25T15:10:24","date_gmt":"2023-10-25T15:10:24","guid":{"rendered":"https:\/\/abaa.mx\/tienda\/?post_type=product&#038;p=7790"},"modified":"2023-10-25T15:15:46","modified_gmt":"2023-10-25T15:15:46","slug":"amperimetro-digital-de-gancho-hioki-cm3289","status":"publish","type":"product","link":"https:\/\/abaa.mx\/tienda\/amperimetro-digital-de-gancho-hioki-cm3289\/","title":{"rendered":"Amper\u00edmetro digital de Gancho, Hioki &#8211; CM3289"},"content":{"rendered":"<p>Amper\u00edmetro digital de Gancho, Hioki &#8211; CM3289<\/p>\n","protected":false},"excerpt":{"rendered":"<p>Las pinzas amperim\u00e9tricas Hioki son los m\u00e1s destacados gadgets de medici\u00f3n de su clase que incorporan la experiencia de Hioki en tecnolog\u00eda de detecci\u00f3n de corriente. El CM3289 es una pinza amperim\u00e9trica de 1000A CA rectificadora de valor eficiente verdadero que tiene un amplio rango de temperatura de funcionamiento de -25 \u00b0 C a 65 \u00b0 C, un n\u00facleo de pinza delgado y compacto y un sensor de corriente maleable opcional que puede conectar para permitirle ingresar en los lugares m\u00e1s estrechos.<\/p>\n<ul>\n<li>Nuevo sensor redise\u00f1ado para una sujeci\u00f3n a\u00fan m\u00e1s f\u00e1cil<\/li>\n<li>CAT III 300 V (voltaje)<\/li>\n<li>CAT II 600 V (voltaje)<\/li>\n<li>Mida incluso componentes de forma de onda arm\u00f3nica utilizando el m\u00e9todo True RMS<\/li>\n<li>CAT III 600 V (corriente)<\/li>\n<li>Caracter\u00edsticas clave:<\/li>\n<li>CAT IV 300 V (corriente)<\/li>\n<li>Conecte el sensor flexible CT6280 para medir hasta 4199 A en cables gruesos o emparejados<\/li>\n<li>Rango de temperatura de funcionamiento ampliado de -25 \u00b0 C a 65 \u00b0 C<\/li>\n<li>El CM3289 es el sucesor del popular 3280-20F con un sensor m\u00e1s delgado redise\u00f1ado para ayudarlo a entrar en los espacios m\u00e1s reducidos.<\/li>\n<\/ul>\n","protected":false},"featured_media":7810,"comment_status":"open","ping_status":"closed","template":"","meta":{"_joinchat":[]},"product_brand":[],"product_cat":[86],"product_tag":[],"class_list":{"0":"post-7790","1":"product","2":"type-product","3":"status-publish","4":"has-post-thumbnail","6":"product_cat-amperimetros","8":"first","9":"instock","10":"shipping-taxable","11":"product-type-simple"},"yoast_head":"<!-- This site is optimized with the Yoast SEO plugin v26.4 - https:\/\/yoast.com\/wordpress\/plugins\/seo\/ -->\n<title>Amper\u00edmetro digital de Gancho, Hioki - CM3289 - Abaa tienda online<\/title>\n<meta name=\"robots\" content=\"index, follow, max-snippet:-1, max-image-preview:large, max-video-preview:-1\" \/>\n<link rel=\"canonical\" href=\"https:\/\/abaa.mx\/tienda\/amperimetro-digital-de-gancho-hioki-cm3289\/\" \/>\n<meta property=\"og:locale\" content=\"es_MX\" \/>\n<meta property=\"og:type\" content=\"article\" \/>\n<meta property=\"og:title\" content=\"Amper\u00edmetro digital de Gancho, Hioki - CM3289 - Abaa tienda online\" \/>\n<meta property=\"og:description\" content=\"Las pinzas amperim\u00e9tricas Hioki son los m\u00e1s destacados gadgets de medici\u00f3n de su clase que incorporan la experiencia de Hioki en tecnolog\u00eda de detecci\u00f3n de corriente. El CM3289 es una pinza amperim\u00e9trica de 1000A CA rectificadora de valor eficiente verdadero que tiene un amplio rango de temperatura de funcionamiento de -25 \u00b0 C a 65 \u00b0 C, un n\u00facleo de pinza delgado y compacto y un sensor de corriente maleable opcional que puede conectar para permitirle ingresar en los lugares m\u00e1s estrechos.   Nuevo sensor redise\u00f1ado para una sujeci\u00f3n a\u00fan m\u00e1s f\u00e1cil  CAT III 300 V (voltaje)  CAT II 600 V (voltaje)  Mida incluso componentes de forma de onda arm\u00f3nica utilizando el m\u00e9todo True RMS  CAT III 600 V (corriente)  Caracter\u00edsticas clave:  CAT IV 300 V (corriente)  Conecte el sensor flexible CT6280 para medir hasta 4199 A en cables gruesos o emparejados  Rango de temperatura de funcionamiento ampliado de -25 \u00b0 C a 65 \u00b0 C  El CM3289 es el sucesor del popular 3280-20F con un sensor m\u00e1s delgado redise\u00f1ado para ayudarlo a entrar en los espacios m\u00e1s reducidos.\" \/>\n<meta property=\"og:url\" content=\"https:\/\/abaa.mx\/tienda\/amperimetro-digital-de-gancho-hioki-cm3289\/\" \/>\n<meta property=\"og:site_name\" content=\"Abaa tienda online\" \/>\n<meta property=\"article:modified_time\" content=\"2023-10-25T15:15:46+00:00\" \/>\n<meta property=\"og:image\" content=\"https:\/\/abaa.mx\/tienda\/wp-content\/uploads\/2023\/10\/HIOKI-CM3289.jpg\" \/>\n\t<meta property=\"og:image:width\" content=\"529\" \/>\n\t<meta property=\"og:image:height\" content=\"671\" \/>\n\t<meta property=\"og:image:type\" content=\"image\/jpeg\" \/>\n<meta name=\"twitter:card\" content=\"summary_large_image\" \/>\n<meta name=\"twitter:label1\" content=\"Tiempo de lectura\" \/>\n\t<meta name=\"twitter:data1\" content=\"1 minuto\" \/>\n<script type=\"application\/ld+json\" class=\"yoast-schema-graph\">{\"@context\":\"https:\/\/schema.org\",\"@graph\":[{\"@type\":\"WebPage\",\"@id\":\"https:\/\/abaa.mx\/tienda\/amperimetro-digital-de-gancho-hioki-cm3289\/\",\"url\":\"https:\/\/abaa.mx\/tienda\/amperimetro-digital-de-gancho-hioki-cm3289\/\",\"name\":\"Amper\u00edmetro digital de Gancho, Hioki - CM3289 - Abaa tienda online\",\"isPartOf\":{\"@id\":\"https:\/\/abaa.mx\/tienda\/#website\"},\"primaryImageOfPage\":{\"@id\":\"https:\/\/abaa.mx\/tienda\/amperimetro-digital-de-gancho-hioki-cm3289\/#primaryimage\"},\"image\":{\"@id\":\"https:\/\/abaa.mx\/tienda\/amperimetro-digital-de-gancho-hioki-cm3289\/#primaryimage\"},\"thumbnailUrl\":\"https:\/\/abaa.mx\/tienda\/wp-content\/uploads\/2023\/10\/HIOKI-CM3289.jpg\",\"datePublished\":\"2023-10-25T15:10:24+00:00\",\"dateModified\":\"2023-10-25T15:15:46+00:00\",\"breadcrumb\":{\"@id\":\"https:\/\/abaa.mx\/tienda\/amperimetro-digital-de-gancho-hioki-cm3289\/#breadcrumb\"},\"inLanguage\":\"es\",\"potentialAction\":[{\"@type\":\"ReadAction\",\"target\":[\"https:\/\/abaa.mx\/tienda\/amperimetro-digital-de-gancho-hioki-cm3289\/\"]}]},{\"@type\":\"ImageObject\",\"inLanguage\":\"es\",\"@id\":\"https:\/\/abaa.mx\/tienda\/amperimetro-digital-de-gancho-hioki-cm3289\/#primaryimage\",\"url\":\"https:\/\/abaa.mx\/tienda\/wp-content\/uploads\/2023\/10\/HIOKI-CM3289.jpg\",\"contentUrl\":\"https:\/\/abaa.mx\/tienda\/wp-content\/uploads\/2023\/10\/HIOKI-CM3289.jpg\",\"width\":529,\"height\":671,\"caption\":\"HIOKI-CM3289\"},{\"@type\":\"BreadcrumbList\",\"@id\":\"https:\/\/abaa.mx\/tienda\/amperimetro-digital-de-gancho-hioki-cm3289\/#breadcrumb\",\"itemListElement\":[{\"@type\":\"ListItem\",\"position\":1,\"name\":\"Inicio\",\"item\":\"https:\/\/abaa.mx\/tienda\/\"},{\"@type\":\"ListItem\",\"position\":2,\"name\":\"Tienda\",\"item\":\"https:\/\/abaa.mx\/tienda\/\"},{\"@type\":\"ListItem\",\"position\":3,\"name\":\"Amper\u00edmetro digital de Gancho, Hioki &#8211; CM3289\"}]},{\"@type\":\"WebSite\",\"@id\":\"https:\/\/abaa.mx\/tienda\/#website\",\"url\":\"https:\/\/abaa.mx\/tienda\/\",\"name\":\"Abaa tienda online\",\"description\":\"Instrumentos de medici\u00f3n\",\"publisher\":{\"@id\":\"https:\/\/abaa.mx\/tienda\/#organization\"},\"potentialAction\":[{\"@type\":\"SearchAction\",\"target\":{\"@type\":\"EntryPoint\",\"urlTemplate\":\"https:\/\/abaa.mx\/tienda\/?s={search_term_string}\"},\"query-input\":{\"@type\":\"PropertyValueSpecification\",\"valueRequired\":true,\"valueName\":\"search_term_string\"}}],\"inLanguage\":\"es\"},{\"@type\":\"Organization\",\"@id\":\"https:\/\/abaa.mx\/tienda\/#organization\",\"name\":\"Abaa tienda online\",\"url\":\"https:\/\/abaa.mx\/tienda\/\",\"logo\":{\"@type\":\"ImageObject\",\"inLanguage\":\"es\",\"@id\":\"https:\/\/abaa.mx\/tienda\/#\/schema\/logo\/image\/\",\"url\":\"https:\/\/abaa.mx\/tienda\/wp-content\/uploads\/2024\/01\/abaa-metrologia-tienda.png\",\"contentUrl\":\"https:\/\/abaa.mx\/tienda\/wp-content\/uploads\/2024\/01\/abaa-metrologia-tienda.png\",\"width\":300,\"height\":141,\"caption\":\"Abaa tienda online\"},\"image\":{\"@id\":\"https:\/\/abaa.mx\/tienda\/#\/schema\/logo\/image\/\"}}]}<\/script>\n<!-- \/ Yoast SEO plugin. -->","yoast_head_json":{"title":"Amper\u00edmetro digital de Gancho, Hioki - CM3289 - Abaa tienda online","robots":{"index":"index","follow":"follow","max-snippet":"max-snippet:-1","max-image-preview":"max-image-preview:large","max-video-preview":"max-video-preview:-1"},"canonical":"https:\/\/abaa.mx\/tienda\/amperimetro-digital-de-gancho-hioki-cm3289\/","og_locale":"es_MX","og_type":"article","og_title":"Amper\u00edmetro digital de Gancho, Hioki - CM3289 - Abaa tienda online","og_description":"Las pinzas amperim\u00e9tricas Hioki son los m\u00e1s destacados gadgets de medici\u00f3n de su clase que incorporan la experiencia de Hioki en tecnolog\u00eda de detecci\u00f3n de corriente. El CM3289 es una pinza amperim\u00e9trica de 1000A CA rectificadora de valor eficiente verdadero que tiene un amplio rango de temperatura de funcionamiento de -25 \u00b0 C a 65 \u00b0 C, un n\u00facleo de pinza delgado y compacto y un sensor de corriente maleable opcional que puede conectar para permitirle ingresar en los lugares m\u00e1s estrechos.   Nuevo sensor redise\u00f1ado para una sujeci\u00f3n a\u00fan m\u00e1s f\u00e1cil  CAT III 300 V (voltaje)  CAT II 600 V (voltaje)  Mida incluso componentes de forma de onda arm\u00f3nica utilizando el m\u00e9todo True RMS  CAT III 600 V (corriente)  Caracter\u00edsticas clave:  CAT IV 300 V (corriente)  Conecte el sensor flexible CT6280 para medir hasta 4199 A en cables gruesos o emparejados  Rango de temperatura de funcionamiento ampliado de -25 \u00b0 C a 65 \u00b0 C  El CM3289 es el sucesor del popular 3280-20F con un sensor m\u00e1s delgado redise\u00f1ado para ayudarlo a entrar en los espacios m\u00e1s reducidos.","og_url":"https:\/\/abaa.mx\/tienda\/amperimetro-digital-de-gancho-hioki-cm3289\/","og_site_name":"Abaa tienda online","article_modified_time":"2023-10-25T15:15:46+00:00","og_image":[{"width":529,"height":671,"url":"https:\/\/abaa.mx\/tienda\/wp-content\/uploads\/2023\/10\/HIOKI-CM3289.jpg","type":"image\/jpeg"}],"twitter_card":"summary_large_image","twitter_misc":{"Tiempo de lectura":"1 minuto"},"schema":{"@context":"https:\/\/schema.org","@graph":[{"@type":"WebPage","@id":"https:\/\/abaa.mx\/tienda\/amperimetro-digital-de-gancho-hioki-cm3289\/","url":"https:\/\/abaa.mx\/tienda\/amperimetro-digital-de-gancho-hioki-cm3289\/","name":"Amper\u00edmetro digital de Gancho, Hioki - CM3289 - Abaa tienda online","isPartOf":{"@id":"https:\/\/abaa.mx\/tienda\/#website"},"primaryImageOfPage":{"@id":"https:\/\/abaa.mx\/tienda\/amperimetro-digital-de-gancho-hioki-cm3289\/#primaryimage"},"image":{"@id":"https:\/\/abaa.mx\/tienda\/amperimetro-digital-de-gancho-hioki-cm3289\/#primaryimage"},"thumbnailUrl":"https:\/\/abaa.mx\/tienda\/wp-content\/uploads\/2023\/10\/HIOKI-CM3289.jpg","datePublished":"2023-10-25T15:10:24+00:00","dateModified":"2023-10-25T15:15:46+00:00","breadcrumb":{"@id":"https:\/\/abaa.mx\/tienda\/amperimetro-digital-de-gancho-hioki-cm3289\/#breadcrumb"},"inLanguage":"es","potentialAction":[{"@type":"ReadAction","target":["https:\/\/abaa.mx\/tienda\/amperimetro-digital-de-gancho-hioki-cm3289\/"]}]},{"@type":"ImageObject","inLanguage":"es","@id":"https:\/\/abaa.mx\/tienda\/amperimetro-digital-de-gancho-hioki-cm3289\/#primaryimage","url":"https:\/\/abaa.mx\/tienda\/wp-content\/uploads\/2023\/10\/HIOKI-CM3289.jpg","contentUrl":"https:\/\/abaa.mx\/tienda\/wp-content\/uploads\/2023\/10\/HIOKI-CM3289.jpg","width":529,"height":671,"caption":"HIOKI-CM3289"},{"@type":"BreadcrumbList","@id":"https:\/\/abaa.mx\/tienda\/amperimetro-digital-de-gancho-hioki-cm3289\/#breadcrumb","itemListElement":[{"@type":"ListItem","position":1,"name":"Inicio","item":"https:\/\/abaa.mx\/tienda\/"},{"@type":"ListItem","position":2,"name":"Tienda","item":"https:\/\/abaa.mx\/tienda\/"},{"@type":"ListItem","position":3,"name":"Amper\u00edmetro digital de Gancho, Hioki &#8211; CM3289"}]},{"@type":"WebSite","@id":"https:\/\/abaa.mx\/tienda\/#website","url":"https:\/\/abaa.mx\/tienda\/","name":"Abaa tienda online","description":"Instrumentos de medici\u00f3n","publisher":{"@id":"https:\/\/abaa.mx\/tienda\/#organization"},"potentialAction":[{"@type":"SearchAction","target":{"@type":"EntryPoint","urlTemplate":"https:\/\/abaa.mx\/tienda\/?s={search_term_string}"},"query-input":{"@type":"PropertyValueSpecification","valueRequired":true,"valueName":"search_term_string"}}],"inLanguage":"es"},{"@type":"Organization","@id":"https:\/\/abaa.mx\/tienda\/#organization","name":"Abaa tienda online","url":"https:\/\/abaa.mx\/tienda\/","logo":{"@type":"ImageObject","inLanguage":"es","@id":"https:\/\/abaa.mx\/tienda\/#\/schema\/logo\/image\/","url":"https:\/\/abaa.mx\/tienda\/wp-content\/uploads\/2024\/01\/abaa-metrologia-tienda.png","contentUrl":"https:\/\/abaa.mx\/tienda\/wp-content\/uploads\/2024\/01\/abaa-metrologia-tienda.png","width":300,"height":141,"caption":"Abaa tienda online"},"image":{"@id":"https:\/\/abaa.mx\/tienda\/#\/schema\/logo\/image\/"}}]}},"_links":{"self":[{"href":"https:\/\/abaa.mx\/tienda\/wp-json\/wp\/v2\/product\/7790","targetHints":{"allow":["GET"]}}],"collection":[{"href":"https:\/\/abaa.mx\/tienda\/wp-json\/wp\/v2\/product"}],"about":[{"href":"https:\/\/abaa.mx\/tienda\/wp-json\/wp\/v2\/types\/product"}],"replies":[{"embeddable":true,"href":"https:\/\/abaa.mx\/tienda\/wp-json\/wp\/v2\/comments?post=7790"}],"wp:featuredmedia":[{"embeddable":true,"href":"https:\/\/abaa.mx\/tienda\/wp-json\/wp\/v2\/media\/7810"}],"wp:attachment":[{"href":"https:\/\/abaa.mx\/tienda\/wp-json\/wp\/v2\/media?parent=7790"}],"wp:term":[{"taxonomy":"product_brand","embeddable":true,"href":"https:\/\/abaa.mx\/tienda\/wp-json\/wp\/v2\/product_brand?post=7790"},{"taxonomy":"product_cat","embeddable":true,"href":"https:\/\/abaa.mx\/tienda\/wp-json\/wp\/v2\/product_cat?post=7790"},{"taxonomy":"product_tag","embeddable":true,"href":"https:\/\/abaa.mx\/tienda\/wp-json\/wp\/v2\/product_tag?post=7790"}],"curies":[{"name":"wp","href":"https:\/\/api.w.org\/{rel}","templated":true}]}}