{"id":7784,"date":"2023-10-25T14:57:42","date_gmt":"2023-10-25T14:57:42","guid":{"rendered":"https:\/\/abaa.mx\/tienda\/?post_type=product&#038;p=7784"},"modified":"2023-10-25T14:57:43","modified_gmt":"2023-10-25T14:57:43","slug":"reed-r9400-medidor-de-monoxido-de-carbono-con-temperatura","status":"publish","type":"product","link":"https:\/\/abaa.mx\/tienda\/reed-r9400-medidor-de-monoxido-de-carbono-con-temperatura\/","title":{"rendered":"Reed r9400 medidor de mon\u00f3xido de carbono con temperatura"},"content":{"rendered":"<p>Este medidor de mon\u00f3xido de carbono es capaz de detectar concentraciones de hasta 1000 ppm. El R9400 cuenta con una pantalla LCD retroiluminada con funciones de retenci\u00f3n de datos\/m\u00e1x. y l\u00edmite de alarma ajustable por el usuario.<\/p>\n<h5><strong>Funciones<\/strong><\/h5>\n<ul>\n<li>La pantalla LCD retroiluminada muestra los niveles de CO de 0 a 1000 ppm y la temperatura ambiente<\/li>\n<li>L\u00edmite de alarma ajustable por el usuario (la frecuencia del pitido audible aumenta a medida que aumenta el nivel de CO)<\/li>\n<li>Respuesta r\u00e1pida y alta precisi\u00f3n<\/li>\n<li>Retenci\u00f3n de datos y funciones m\u00e1ximas<\/li>\n<li>Secuencia de autocomprobaci\u00f3n en la puesta en marcha<\/li>\n<li>Indicador de bater\u00eda baja y apagado autom\u00e1tico<\/li>\n<\/ul>\n<h4>Especificaciones de REED R9400<\/h4>\n<table class=\"table table-striped\">\n<tbody>\n<tr>\n<td colspan=\"2\"><strong>Mon\u00f3xido de carbono<\/strong><\/td>\n<\/tr>\n<tr>\n<td>Rango de medici\u00f3n<\/td>\n<td>De 1 a 1000 ppm<\/td>\n<\/tr>\n<tr>\n<td>Exactitud<\/td>\n<td>\u00b15% o \u00b15 ppm<\/td>\n<\/tr>\n<tr>\n<td>Resoluci\u00f3n<\/td>\n<td>1 ppm<\/td>\n<\/tr>\n<tr>\n<td>Tipo de sensor<\/td>\n<td>Sensor electroqu\u00edmico estabilizado<\/td>\n<\/tr>\n<tr>\n<td colspan=\"2\"><strong>Temperatura<\/strong><\/td>\n<\/tr>\n<tr>\n<td>Rango de medici\u00f3n<\/td>\n<td>-4 a 158 \u00b0F (-20 a 70 \u00b0C)<\/td>\n<\/tr>\n<tr>\n<td>Exactitud<\/td>\n<td>\u00b11.5 \u00b0F (0.8 \u00b0C)<\/td>\n<\/tr>\n<tr>\n<td>Resoluci\u00f3n<\/td>\n<td>0.1 \u00b0F (0.1 \u00b0C)<\/td>\n<\/tr>\n<tr>\n<td>Tipo de sensor<\/td>\n<td>Termistor<\/td>\n<\/tr>\n<tr>\n<td colspan=\"2\"><strong>Especificaciones generales<\/strong><\/td>\n<\/tr>\n<tr>\n<td>Monitor<\/td>\n<td>Pantalla LCD doble de 4 d\u00edgitos<\/td>\n<\/tr>\n<tr>\n<td>Pantalla retroiluminada<\/td>\n<td>S\u00ed<\/td>\n<\/tr>\n<tr>\n<td>F\/C conmutable<\/td>\n<td>S\u00ed<\/td>\n<\/tr>\n<tr>\n<td>Alarma<\/td>\n<td>Audible (zumbador)<\/td>\n<\/tr>\n<tr>\n<td>L\u00edmite de alarma<\/td>\n<td>Ajustable por el usuario<\/td>\n<\/tr>\n<tr>\n<td>Retenci\u00f3n m\u00e1xima<\/td>\n<td>S\u00ed<\/td>\n<\/tr>\n<tr>\n<td>Retenci\u00f3n de pantalla<\/td>\n<td>S\u00ed<\/td>\n<\/tr>\n<tr>\n<td>Tiempo de calentamiento<\/td>\n<td>60 segundos<\/td>\n<\/tr>\n<tr>\n<td>Tiempo de respuesta<\/td>\n<td>2 veces por segundo.<\/td>\n<\/tr>\n<tr>\n<td>Apagado autom\u00e1tico<\/td>\n<td>S\u00ed (despu\u00e9s de 30 minutos, apagado)<\/td>\n<\/tr>\n<tr>\n<td>Fuente de alimentaci\u00f3n<\/td>\n<td>4 pilas AA<\/td>\n<\/tr>\n<tr>\n<td>Duraci\u00f3n de la bater\u00eda<\/td>\n<td>Aprox. 200 horas<\/td>\n<\/tr>\n<tr>\n<td>Indicador de bater\u00eda baja<\/td>\n<td>S\u00ed<\/td>\n<\/tr>\n<tr>\n<td>Certificaciones de productos<\/td>\n<td>Despu\u00e9s de Cristo<\/td>\n<\/tr>\n<tr>\n<td>Temperatura de funcionamiento<\/td>\n<td>De 32 a 122 \u00b0C (de 0 a 50 \u00b0F)<\/td>\n<\/tr>\n<tr>\n<td>Temperatura de almacenamiento<\/td>\n<td>De -14 a 140 \u00b0C (de 10 a 60 \u00b0F)<\/td>\n<\/tr>\n<tr>\n<td>Rango de humedad de funcionamiento<\/td>\n<td>10-90%<\/td>\n<\/tr>\n<tr>\n<td>Dimensiones<\/td>\n<td>7,5 x 2,6 x 1,7&#8243; (190 x 65 x 45 mm)<\/td>\n<\/tr>\n<tr>\n<td>Peso<\/td>\n<td>8 g (3,235 onzas)<\/td>\n<\/tr>\n<\/tbody>\n<\/table>\n","protected":false},"excerpt":{"rendered":"<p class=\"short-description mhide ipad-view-setting\">La pantalla LCD dual muestra simult\u00e1neamente el mon\u00f3xido de carbono (CO) y la temperatura ambiente.<\/p>\n<p class=\"comment-tag-product\">\n<div class=\"row-fluid\">\n<div class=\"span12 mobile-pricing-box-padding\">\n<form id=\"84514\" accept-charset=\"utf-8\" action=\"https:\/\/www.globaltestsupply.com\/shop\/add\" method=\"post\" name=\"addTocartFunction\">\n<div><\/div>\n<\/form>\n<\/div>\n<\/div>\n","protected":false},"featured_media":7795,"comment_status":"open","ping_status":"closed","template":"","meta":{"_joinchat":[]},"product_brand":[],"product_cat":[15],"product_tag":[],"class_list":{"0":"post-7784","1":"product","2":"type-product","3":"status-publish","4":"has-post-thumbnail","6":"product_cat-sin-categorizar","8":"first","9":"instock","10":"shipping-taxable","11":"product-type-simple"},"yoast_head":"<!-- This site is optimized with the Yoast SEO plugin v26.4 - https:\/\/yoast.com\/wordpress\/plugins\/seo\/ -->\n<title>Reed r9400 medidor de mon\u00f3xido de carbono con temperatura - Abaa tienda online<\/title>\n<meta name=\"robots\" content=\"index, follow, max-snippet:-1, max-image-preview:large, max-video-preview:-1\" \/>\n<link rel=\"canonical\" href=\"https:\/\/abaa.mx\/tienda\/reed-r9400-medidor-de-monoxido-de-carbono-con-temperatura\/\" \/>\n<meta property=\"og:locale\" content=\"es_MX\" \/>\n<meta property=\"og:type\" content=\"article\" \/>\n<meta property=\"og:title\" content=\"Reed r9400 medidor de mon\u00f3xido de carbono con temperatura - Abaa tienda online\" \/>\n<meta property=\"og:description\" content=\"La pantalla LCD dual muestra simult\u00e1neamente el mon\u00f3xido de carbono (CO) y la temperatura ambiente.\" \/>\n<meta property=\"og:url\" content=\"https:\/\/abaa.mx\/tienda\/reed-r9400-medidor-de-monoxido-de-carbono-con-temperatura\/\" \/>\n<meta property=\"og:site_name\" content=\"Abaa tienda online\" \/>\n<meta property=\"article:modified_time\" content=\"2023-10-25T14:57:43+00:00\" \/>\n<meta property=\"og:image\" content=\"https:\/\/abaa.mx\/tienda\/wp-content\/uploads\/2023\/10\/R9400.jpg\" \/>\n\t<meta property=\"og:image:width\" content=\"500\" \/>\n\t<meta property=\"og:image:height\" content=\"500\" \/>\n\t<meta property=\"og:image:type\" content=\"image\/jpeg\" \/>\n<meta name=\"twitter:card\" content=\"summary_large_image\" \/>\n<meta name=\"twitter:label1\" content=\"Tiempo de lectura\" \/>\n\t<meta name=\"twitter:data1\" content=\"2 minutos\" \/>\n<script type=\"application\/ld+json\" class=\"yoast-schema-graph\">{\"@context\":\"https:\/\/schema.org\",\"@graph\":[{\"@type\":\"WebPage\",\"@id\":\"https:\/\/abaa.mx\/tienda\/reed-r9400-medidor-de-monoxido-de-carbono-con-temperatura\/\",\"url\":\"https:\/\/abaa.mx\/tienda\/reed-r9400-medidor-de-monoxido-de-carbono-con-temperatura\/\",\"name\":\"Reed r9400 medidor de mon\u00f3xido de carbono con temperatura - Abaa tienda online\",\"isPartOf\":{\"@id\":\"https:\/\/abaa.mx\/tienda\/#website\"},\"primaryImageOfPage\":{\"@id\":\"https:\/\/abaa.mx\/tienda\/reed-r9400-medidor-de-monoxido-de-carbono-con-temperatura\/#primaryimage\"},\"image\":{\"@id\":\"https:\/\/abaa.mx\/tienda\/reed-r9400-medidor-de-monoxido-de-carbono-con-temperatura\/#primaryimage\"},\"thumbnailUrl\":\"https:\/\/abaa.mx\/tienda\/wp-content\/uploads\/2023\/10\/R9400.jpg\",\"datePublished\":\"2023-10-25T14:57:42+00:00\",\"dateModified\":\"2023-10-25T14:57:43+00:00\",\"breadcrumb\":{\"@id\":\"https:\/\/abaa.mx\/tienda\/reed-r9400-medidor-de-monoxido-de-carbono-con-temperatura\/#breadcrumb\"},\"inLanguage\":\"es\",\"potentialAction\":[{\"@type\":\"ReadAction\",\"target\":[\"https:\/\/abaa.mx\/tienda\/reed-r9400-medidor-de-monoxido-de-carbono-con-temperatura\/\"]}]},{\"@type\":\"ImageObject\",\"inLanguage\":\"es\",\"@id\":\"https:\/\/abaa.mx\/tienda\/reed-r9400-medidor-de-monoxido-de-carbono-con-temperatura\/#primaryimage\",\"url\":\"https:\/\/abaa.mx\/tienda\/wp-content\/uploads\/2023\/10\/R9400.jpg\",\"contentUrl\":\"https:\/\/abaa.mx\/tienda\/wp-content\/uploads\/2023\/10\/R9400.jpg\",\"width\":500,\"height\":500,\"caption\":\"R9400\"},{\"@type\":\"BreadcrumbList\",\"@id\":\"https:\/\/abaa.mx\/tienda\/reed-r9400-medidor-de-monoxido-de-carbono-con-temperatura\/#breadcrumb\",\"itemListElement\":[{\"@type\":\"ListItem\",\"position\":1,\"name\":\"Inicio\",\"item\":\"https:\/\/abaa.mx\/tienda\/\"},{\"@type\":\"ListItem\",\"position\":2,\"name\":\"Tienda\",\"item\":\"https:\/\/abaa.mx\/tienda\/\"},{\"@type\":\"ListItem\",\"position\":3,\"name\":\"Reed r9400 medidor de mon\u00f3xido de carbono con temperatura\"}]},{\"@type\":\"WebSite\",\"@id\":\"https:\/\/abaa.mx\/tienda\/#website\",\"url\":\"https:\/\/abaa.mx\/tienda\/\",\"name\":\"Abaa tienda online\",\"description\":\"Instrumentos de medici\u00f3n\",\"publisher\":{\"@id\":\"https:\/\/abaa.mx\/tienda\/#organization\"},\"potentialAction\":[{\"@type\":\"SearchAction\",\"target\":{\"@type\":\"EntryPoint\",\"urlTemplate\":\"https:\/\/abaa.mx\/tienda\/?s={search_term_string}\"},\"query-input\":{\"@type\":\"PropertyValueSpecification\",\"valueRequired\":true,\"valueName\":\"search_term_string\"}}],\"inLanguage\":\"es\"},{\"@type\":\"Organization\",\"@id\":\"https:\/\/abaa.mx\/tienda\/#organization\",\"name\":\"Abaa tienda online\",\"url\":\"https:\/\/abaa.mx\/tienda\/\",\"logo\":{\"@type\":\"ImageObject\",\"inLanguage\":\"es\",\"@id\":\"https:\/\/abaa.mx\/tienda\/#\/schema\/logo\/image\/\",\"url\":\"https:\/\/abaa.mx\/tienda\/wp-content\/uploads\/2024\/01\/abaa-metrologia-tienda.png\",\"contentUrl\":\"https:\/\/abaa.mx\/tienda\/wp-content\/uploads\/2024\/01\/abaa-metrologia-tienda.png\",\"width\":300,\"height\":141,\"caption\":\"Abaa tienda online\"},\"image\":{\"@id\":\"https:\/\/abaa.mx\/tienda\/#\/schema\/logo\/image\/\"}}]}<\/script>\n<!-- \/ Yoast SEO plugin. -->","yoast_head_json":{"title":"Reed r9400 medidor de mon\u00f3xido de carbono con temperatura - Abaa tienda online","robots":{"index":"index","follow":"follow","max-snippet":"max-snippet:-1","max-image-preview":"max-image-preview:large","max-video-preview":"max-video-preview:-1"},"canonical":"https:\/\/abaa.mx\/tienda\/reed-r9400-medidor-de-monoxido-de-carbono-con-temperatura\/","og_locale":"es_MX","og_type":"article","og_title":"Reed r9400 medidor de mon\u00f3xido de carbono con temperatura - Abaa tienda online","og_description":"La pantalla LCD dual muestra simult\u00e1neamente el mon\u00f3xido de carbono (CO) y la temperatura ambiente.","og_url":"https:\/\/abaa.mx\/tienda\/reed-r9400-medidor-de-monoxido-de-carbono-con-temperatura\/","og_site_name":"Abaa tienda online","article_modified_time":"2023-10-25T14:57:43+00:00","og_image":[{"width":500,"height":500,"url":"https:\/\/abaa.mx\/tienda\/wp-content\/uploads\/2023\/10\/R9400.jpg","type":"image\/jpeg"}],"twitter_card":"summary_large_image","twitter_misc":{"Tiempo de lectura":"2 minutos"},"schema":{"@context":"https:\/\/schema.org","@graph":[{"@type":"WebPage","@id":"https:\/\/abaa.mx\/tienda\/reed-r9400-medidor-de-monoxido-de-carbono-con-temperatura\/","url":"https:\/\/abaa.mx\/tienda\/reed-r9400-medidor-de-monoxido-de-carbono-con-temperatura\/","name":"Reed r9400 medidor de mon\u00f3xido de carbono con temperatura - Abaa tienda online","isPartOf":{"@id":"https:\/\/abaa.mx\/tienda\/#website"},"primaryImageOfPage":{"@id":"https:\/\/abaa.mx\/tienda\/reed-r9400-medidor-de-monoxido-de-carbono-con-temperatura\/#primaryimage"},"image":{"@id":"https:\/\/abaa.mx\/tienda\/reed-r9400-medidor-de-monoxido-de-carbono-con-temperatura\/#primaryimage"},"thumbnailUrl":"https:\/\/abaa.mx\/tienda\/wp-content\/uploads\/2023\/10\/R9400.jpg","datePublished":"2023-10-25T14:57:42+00:00","dateModified":"2023-10-25T14:57:43+00:00","breadcrumb":{"@id":"https:\/\/abaa.mx\/tienda\/reed-r9400-medidor-de-monoxido-de-carbono-con-temperatura\/#breadcrumb"},"inLanguage":"es","potentialAction":[{"@type":"ReadAction","target":["https:\/\/abaa.mx\/tienda\/reed-r9400-medidor-de-monoxido-de-carbono-con-temperatura\/"]}]},{"@type":"ImageObject","inLanguage":"es","@id":"https:\/\/abaa.mx\/tienda\/reed-r9400-medidor-de-monoxido-de-carbono-con-temperatura\/#primaryimage","url":"https:\/\/abaa.mx\/tienda\/wp-content\/uploads\/2023\/10\/R9400.jpg","contentUrl":"https:\/\/abaa.mx\/tienda\/wp-content\/uploads\/2023\/10\/R9400.jpg","width":500,"height":500,"caption":"R9400"},{"@type":"BreadcrumbList","@id":"https:\/\/abaa.mx\/tienda\/reed-r9400-medidor-de-monoxido-de-carbono-con-temperatura\/#breadcrumb","itemListElement":[{"@type":"ListItem","position":1,"name":"Inicio","item":"https:\/\/abaa.mx\/tienda\/"},{"@type":"ListItem","position":2,"name":"Tienda","item":"https:\/\/abaa.mx\/tienda\/"},{"@type":"ListItem","position":3,"name":"Reed r9400 medidor de mon\u00f3xido de carbono con temperatura"}]},{"@type":"WebSite","@id":"https:\/\/abaa.mx\/tienda\/#website","url":"https:\/\/abaa.mx\/tienda\/","name":"Abaa tienda online","description":"Instrumentos de medici\u00f3n","publisher":{"@id":"https:\/\/abaa.mx\/tienda\/#organization"},"potentialAction":[{"@type":"SearchAction","target":{"@type":"EntryPoint","urlTemplate":"https:\/\/abaa.mx\/tienda\/?s={search_term_string}"},"query-input":{"@type":"PropertyValueSpecification","valueRequired":true,"valueName":"search_term_string"}}],"inLanguage":"es"},{"@type":"Organization","@id":"https:\/\/abaa.mx\/tienda\/#organization","name":"Abaa tienda online","url":"https:\/\/abaa.mx\/tienda\/","logo":{"@type":"ImageObject","inLanguage":"es","@id":"https:\/\/abaa.mx\/tienda\/#\/schema\/logo\/image\/","url":"https:\/\/abaa.mx\/tienda\/wp-content\/uploads\/2024\/01\/abaa-metrologia-tienda.png","contentUrl":"https:\/\/abaa.mx\/tienda\/wp-content\/uploads\/2024\/01\/abaa-metrologia-tienda.png","width":300,"height":141,"caption":"Abaa tienda online"},"image":{"@id":"https:\/\/abaa.mx\/tienda\/#\/schema\/logo\/image\/"}}]}},"_links":{"self":[{"href":"https:\/\/abaa.mx\/tienda\/wp-json\/wp\/v2\/product\/7784","targetHints":{"allow":["GET"]}}],"collection":[{"href":"https:\/\/abaa.mx\/tienda\/wp-json\/wp\/v2\/product"}],"about":[{"href":"https:\/\/abaa.mx\/tienda\/wp-json\/wp\/v2\/types\/product"}],"replies":[{"embeddable":true,"href":"https:\/\/abaa.mx\/tienda\/wp-json\/wp\/v2\/comments?post=7784"}],"wp:featuredmedia":[{"embeddable":true,"href":"https:\/\/abaa.mx\/tienda\/wp-json\/wp\/v2\/media\/7795"}],"wp:attachment":[{"href":"https:\/\/abaa.mx\/tienda\/wp-json\/wp\/v2\/media?parent=7784"}],"wp:term":[{"taxonomy":"product_brand","embeddable":true,"href":"https:\/\/abaa.mx\/tienda\/wp-json\/wp\/v2\/product_brand?post=7784"},{"taxonomy":"product_cat","embeddable":true,"href":"https:\/\/abaa.mx\/tienda\/wp-json\/wp\/v2\/product_cat?post=7784"},{"taxonomy":"product_tag","embeddable":true,"href":"https:\/\/abaa.mx\/tienda\/wp-json\/wp\/v2\/product_tag?post=7784"}],"curies":[{"name":"wp","href":"https:\/\/api.w.org\/{rel}","templated":true}]}}