{"id":7782,"date":"2023-10-25T14:57:39","date_gmt":"2023-10-25T14:57:39","guid":{"rendered":"https:\/\/abaa.mx\/tienda\/?post_type=product&#038;p=7782"},"modified":"2025-08-08T18:21:55","modified_gmt":"2025-08-08T18:21:55","slug":"reed-r9905-medidor-de-calidad-del-aire-interior-con-registro-de-datos","status":"publish","type":"product","link":"https:\/\/abaa.mx\/tienda\/reed-r9905-medidor-de-calidad-del-aire-interior-con-registro-de-datos\/","title":{"rendered":"Reed r9905 medidor de calidad del aire interior con registro de datos"},"content":{"rendered":"<p><span>Este medidor de calidad del aire interior (IAQ) de registro de datos tiene la capacidad de registrar muestras en la memoria interna y realizar un seguimiento de las lecturas registradas con un sello de fecha y hora. El R9905 cuenta con un CO infrarrojo no dispersivo (NDIR)<\/span><sub>2<\/sub><span>\u00a0sensor para lecturas estables y precisas y la opci\u00f3n de realizar un seguimiento de las mediciones en vivo a trav\u00e9s del software.<\/span><\/p>\n<h5><strong>Funciones<\/strong><\/h5>\n<ul>\n<li><span>La triple pantalla LCD monitorea simult\u00e1neamente el di\u00f3xido de carbono (CO<\/span><sub>2<\/sub><span>), temperatura y humedad relativa<\/span><\/li>\n<li>Calcula la media ponderada en el tiempo (TWA) y el l\u00edmite de exposici\u00f3n a corto plazo (STEL)<\/li>\n<li><span>NDIR CO de baja deriva<\/span><sub>2<\/sub><span>\u00a0Sensor para lecturas estables y precisas<\/span><\/li>\n<li>Las mediciones de temperatura y humedad relativa ayudan a determinar el confort t\u00e9rmico<\/li>\n<li>Pantalla LCD retroiluminada de f\u00e1cil lectura<\/li>\n<li>Alarma sonora ajustable por el usuario<\/li>\n<li>Funciones de retenci\u00f3n de datos, m\u00e1x.\/m\u00edn. y promedio<\/li>\n<li>Registre hasta 32.000 puntos de datos y realice un seguimiento con la marca de fecha y hora interna<\/li>\n<li>Frecuencia de muestreo seleccionable por el usuario de 1 a 60 minutos<\/li>\n<li>Indicador de bater\u00eda baja y apagado autom\u00e1tico<\/li>\n<\/ul>\n<h4>Especificaciones de REED R9905<\/h4>\n<table class=\"table table-striped\">\n<tbody>\n<tr>\n<td colspan=\"2\"><strong>Temperatura<\/strong><\/td>\n<\/tr>\n<tr>\n<td>Rango de medici\u00f3n<\/td>\n<td>-4 a 140 \u00b0F (-20 a 60 \u00b0C)<\/td>\n<\/tr>\n<tr>\n<td>Exactitud<\/td>\n<td>\u00b11.5 \u00b0F (\u00b10.8 \u00b0C)<\/td>\n<\/tr>\n<tr>\n<td>Resoluci\u00f3n<\/td>\n<td>0.1\u00b0F\/\u00b0C<\/td>\n<\/tr>\n<tr>\n<td colspan=\"2\"><strong>Humedad<\/strong><\/td>\n<\/tr>\n<tr>\n<td>Rango de medici\u00f3n<\/td>\n<td>De 0 a 100 % de humedad relativa<\/td>\n<\/tr>\n<tr>\n<td>Exactitud<\/td>\n<td>10 a 90% HR: \u00b13% &lt;10% y &gt;90% HR: \u00b15%<\/td>\n<\/tr>\n<tr>\n<td>Resoluci\u00f3n<\/td>\n<td>0.1% HR<\/td>\n<\/tr>\n<tr>\n<td colspan=\"2\"><strong><span>CO<\/span><sub>2<\/sub><span>\u00a0(Di\u00f3xido de carbono)<\/span><\/strong><\/td>\n<\/tr>\n<tr>\n<td>Tipo de sensor<\/td>\n<td>Infrarrojo no dispersivo (NDIR)<\/td>\n<\/tr>\n<tr>\n<td>Rango de medici\u00f3n<\/td>\n<td>De 0 a 30.000 ppm<\/td>\n<\/tr>\n<tr>\n<td>Exactitud<\/td>\n<td>De 0 a 5000 ppm: \u00b1 (75 ppm +3 % rdg.)<br \/>\nDe 5001 a 30.000 ppm: \u00b1 (150 ppm +5 % rdg.)<\/td>\n<\/tr>\n<tr>\n<td>Resoluci\u00f3n<\/td>\n<td>1 ppm<\/td>\n<\/tr>\n<tr>\n<td>Tiempo de calentamiento<\/td>\n<td>20s<\/td>\n<\/tr>\n<tr>\n<td>Frecuencia de muestreo<\/td>\n<td>2s<\/td>\n<\/tr>\n<tr>\n<td colspan=\"2\"><strong>Especificaciones generales<\/strong><\/td>\n<\/tr>\n<tr>\n<td>Monitor<\/td>\n<td>LCD<\/td>\n<\/tr>\n<tr>\n<td>Pantalla retroiluminada<\/td>\n<td>S\u00ed<\/td>\n<\/tr>\n<tr>\n<td>Retenci\u00f3n de datos<\/td>\n<td>S\u00ed<\/td>\n<\/tr>\n<tr>\n<td>Funciones m\u00ednimas, m\u00e1ximas y medias<\/td>\n<td>S\u00ed<\/td>\n<\/tr>\n<tr>\n<td><span>CO<\/span><sub>2<\/sub><span>\u00a0L\u00edmite de exposici\u00f3n a corto plazo (STEL)<\/span><\/td>\n<td>S\u00ed (15 minutos)<\/td>\n<\/tr>\n<tr>\n<td><span>CO<\/span><sub>2<\/sub><span>\u00a0Promedio ponderado en el tiempo (TWA)<\/span><\/td>\n<td>S\u00ed (8 horas)<\/td>\n<\/tr>\n<tr>\n<td>Capacidades de registro de datos<\/td>\n<td>S\u00ed<\/td>\n<\/tr>\n<tr>\n<td>Reloj en tiempo real y sello de fecha<\/td>\n<td>S\u00ed<\/td>\n<\/tr>\n<tr>\n<td>Frecuencia de muestreo seleccionable<\/td>\n<td>S\u00ed (entre 1s y 60m59s)<\/td>\n<\/tr>\n<tr>\n<td>Memoria interna<\/td>\n<td>S\u00ed (32.000 puntos de datos)<\/td>\n<\/tr>\n<tr>\n<td>Alarmas<\/td>\n<td>S\u00ed (Baja y Alta)<\/td>\n<\/tr>\n<tr>\n<td>Apagado autom\u00e1tico<\/td>\n<td>S\u00ed (ajustable)<\/td>\n<\/tr>\n<tr>\n<td>Pata de cabra<\/td>\n<td>S\u00ed<\/td>\n<\/tr>\n<tr>\n<td>Indicador de bater\u00eda baja<\/td>\n<td>S\u00ed<\/td>\n<\/tr>\n<tr>\n<td>Fuente de alimentaci\u00f3n<\/td>\n<td>Bater\u00eda de 9V<\/td>\n<\/tr>\n<tr>\n<td>Duraci\u00f3n de la bater\u00eda<\/td>\n<td>Aprox. 10 horas (uso continuo)<\/td>\n<\/tr>\n<tr>\n<td>Conectividad de PC<\/td>\n<td>USB<\/td>\n<\/tr>\n<tr>\n<td>Compatibilidad con el sistema operativo de software<\/td>\n<td>Windows 7 \/ 8 \/ 10 \/ 11<\/td>\n<\/tr>\n<tr>\n<td>Certificaciones de productos<\/td>\n<td>Despu\u00e9s de Cristo<\/td>\n<\/tr>\n<tr>\n<td>Temperatura de funcionamiento<\/td>\n<td>De 32 a 122 \u00b0C (de 0 a 50 \u00b0F)<\/td>\n<\/tr>\n<tr>\n<td>Temperatura de almacenamiento<\/td>\n<td>-4 a 140 \u00b0F (-20 a 60 \u00b0C)<\/td>\n<\/tr>\n<tr>\n<td>Rango de humedad de funcionamiento<\/td>\n<td>Del 0 al 90%<\/td>\n<\/tr>\n<tr>\n<td>Rango de humedad de almacenamiento<\/td>\n<td>Del 10 al 75%<\/td>\n<\/tr>\n<tr>\n<td>Altitud m\u00e1xima de funcionamiento<\/td>\n<td>6561 metros (2000 pies)<\/td>\n<\/tr>\n<tr>\n<td>Dimensiones<\/td>\n<td>11,2 x 2,6 x 1,5&#8243; (284 x 65 x 39 mm)<\/td>\n<\/tr>\n<tr>\n<td>Peso<\/td>\n<td>10 g (7,304 onzas)<\/td>\n<\/tr>\n<\/tbody>\n<\/table>\n","protected":false},"excerpt":{"rendered":"<p class=\"short-description mhide ipad-view-setting\"><span>Mide el di\u00f3xido de carbono (CO<\/span><sub>2<\/sub><span>), temperatura, humedad y calcula autom\u00e1ticamente la media ponderada en el tiempo (TWA) y el l\u00edmite de exposici\u00f3n a corto plazo (STEL).<\/span><\/p>\n<p class=\"comment-tag-product\">\n<div class=\"row-fluid\">\n<div class=\"span12 mobile-pricing-box-padding\">\n<form id=\"178755\" accept-charset=\"utf-8\" action=\"https:\/\/www.globaltestsupply.com\/shop\/add\" method=\"post\" name=\"addTocartFunction\">\n<div><\/div>\n<\/form>\n<\/div>\n<\/div>\n","protected":false},"featured_media":7793,"comment_status":"open","ping_status":"closed","template":"","meta":{"_joinchat":[]},"product_brand":[],"product_cat":[15],"product_tag":[],"class_list":{"0":"post-7782","1":"product","2":"type-product","3":"status-publish","4":"has-post-thumbnail","6":"product_cat-sin-categorizar","8":"first","9":"instock","10":"shipping-taxable","11":"product-type-simple"},"yoast_head":"<!-- This site is optimized with the Yoast SEO plugin v26.4 - https:\/\/yoast.com\/wordpress\/plugins\/seo\/ -->\n<title>Reed r9905 medidor de calidad del aire interior con registro de datos - Abaa tienda online<\/title>\n<meta name=\"robots\" content=\"index, follow, max-snippet:-1, max-image-preview:large, max-video-preview:-1\" \/>\n<link rel=\"canonical\" href=\"https:\/\/abaa.mx\/tienda\/reed-r9905-medidor-de-calidad-del-aire-interior-con-registro-de-datos\/\" \/>\n<meta property=\"og:locale\" content=\"es_MX\" \/>\n<meta property=\"og:type\" content=\"article\" \/>\n<meta property=\"og:title\" content=\"Reed r9905 medidor de calidad del aire interior con registro de datos - Abaa tienda online\" \/>\n<meta property=\"og:description\" content=\"Mide el di\u00f3xido de carbono (CO2), temperatura, humedad y calcula autom\u00e1ticamente la media ponderada en el tiempo (TWA) y el l\u00edmite de exposici\u00f3n a corto plazo (STEL).\" \/>\n<meta property=\"og:url\" content=\"https:\/\/abaa.mx\/tienda\/reed-r9905-medidor-de-calidad-del-aire-interior-con-registro-de-datos\/\" \/>\n<meta property=\"og:site_name\" content=\"Abaa tienda online\" \/>\n<meta property=\"article:modified_time\" content=\"2025-08-08T18:21:55+00:00\" \/>\n<meta property=\"og:image\" content=\"https:\/\/abaa.mx\/tienda\/wp-content\/uploads\/2023\/10\/R9905.jpg\" \/>\n\t<meta property=\"og:image:width\" content=\"300\" \/>\n\t<meta property=\"og:image:height\" content=\"550\" \/>\n\t<meta property=\"og:image:type\" content=\"image\/jpeg\" \/>\n<meta name=\"twitter:card\" content=\"summary_large_image\" \/>\n<meta name=\"twitter:label1\" content=\"Tiempo de lectura\" \/>\n\t<meta name=\"twitter:data1\" content=\"3 minutos\" \/>\n<script type=\"application\/ld+json\" class=\"yoast-schema-graph\">{\"@context\":\"https:\/\/schema.org\",\"@graph\":[{\"@type\":\"WebPage\",\"@id\":\"https:\/\/abaa.mx\/tienda\/reed-r9905-medidor-de-calidad-del-aire-interior-con-registro-de-datos\/\",\"url\":\"https:\/\/abaa.mx\/tienda\/reed-r9905-medidor-de-calidad-del-aire-interior-con-registro-de-datos\/\",\"name\":\"Reed r9905 medidor de calidad del aire interior con registro de datos - Abaa tienda online\",\"isPartOf\":{\"@id\":\"https:\/\/abaa.mx\/tienda\/#website\"},\"primaryImageOfPage\":{\"@id\":\"https:\/\/abaa.mx\/tienda\/reed-r9905-medidor-de-calidad-del-aire-interior-con-registro-de-datos\/#primaryimage\"},\"image\":{\"@id\":\"https:\/\/abaa.mx\/tienda\/reed-r9905-medidor-de-calidad-del-aire-interior-con-registro-de-datos\/#primaryimage\"},\"thumbnailUrl\":\"https:\/\/abaa.mx\/tienda\/wp-content\/uploads\/2023\/10\/R9905.jpg\",\"datePublished\":\"2023-10-25T14:57:39+00:00\",\"dateModified\":\"2025-08-08T18:21:55+00:00\",\"breadcrumb\":{\"@id\":\"https:\/\/abaa.mx\/tienda\/reed-r9905-medidor-de-calidad-del-aire-interior-con-registro-de-datos\/#breadcrumb\"},\"inLanguage\":\"es\",\"potentialAction\":[{\"@type\":\"ReadAction\",\"target\":[\"https:\/\/abaa.mx\/tienda\/reed-r9905-medidor-de-calidad-del-aire-interior-con-registro-de-datos\/\"]}]},{\"@type\":\"ImageObject\",\"inLanguage\":\"es\",\"@id\":\"https:\/\/abaa.mx\/tienda\/reed-r9905-medidor-de-calidad-del-aire-interior-con-registro-de-datos\/#primaryimage\",\"url\":\"https:\/\/abaa.mx\/tienda\/wp-content\/uploads\/2023\/10\/R9905.jpg\",\"contentUrl\":\"https:\/\/abaa.mx\/tienda\/wp-content\/uploads\/2023\/10\/R9905.jpg\",\"width\":300,\"height\":550,\"caption\":\"reed-r9905-medidor-de-calidad-del-aire-interior-con-registro-de-datos\"},{\"@type\":\"BreadcrumbList\",\"@id\":\"https:\/\/abaa.mx\/tienda\/reed-r9905-medidor-de-calidad-del-aire-interior-con-registro-de-datos\/#breadcrumb\",\"itemListElement\":[{\"@type\":\"ListItem\",\"position\":1,\"name\":\"Inicio\",\"item\":\"https:\/\/abaa.mx\/tienda\/\"},{\"@type\":\"ListItem\",\"position\":2,\"name\":\"Tienda\",\"item\":\"https:\/\/abaa.mx\/tienda\/\"},{\"@type\":\"ListItem\",\"position\":3,\"name\":\"Reed r9905 medidor de calidad del aire interior con registro de datos\"}]},{\"@type\":\"WebSite\",\"@id\":\"https:\/\/abaa.mx\/tienda\/#website\",\"url\":\"https:\/\/abaa.mx\/tienda\/\",\"name\":\"Abaa tienda online\",\"description\":\"Instrumentos de medici\u00f3n\",\"publisher\":{\"@id\":\"https:\/\/abaa.mx\/tienda\/#organization\"},\"potentialAction\":[{\"@type\":\"SearchAction\",\"target\":{\"@type\":\"EntryPoint\",\"urlTemplate\":\"https:\/\/abaa.mx\/tienda\/?s={search_term_string}\"},\"query-input\":{\"@type\":\"PropertyValueSpecification\",\"valueRequired\":true,\"valueName\":\"search_term_string\"}}],\"inLanguage\":\"es\"},{\"@type\":\"Organization\",\"@id\":\"https:\/\/abaa.mx\/tienda\/#organization\",\"name\":\"Abaa tienda online\",\"url\":\"https:\/\/abaa.mx\/tienda\/\",\"logo\":{\"@type\":\"ImageObject\",\"inLanguage\":\"es\",\"@id\":\"https:\/\/abaa.mx\/tienda\/#\/schema\/logo\/image\/\",\"url\":\"https:\/\/abaa.mx\/tienda\/wp-content\/uploads\/2024\/01\/abaa-metrologia-tienda.png\",\"contentUrl\":\"https:\/\/abaa.mx\/tienda\/wp-content\/uploads\/2024\/01\/abaa-metrologia-tienda.png\",\"width\":300,\"height\":141,\"caption\":\"Abaa tienda online\"},\"image\":{\"@id\":\"https:\/\/abaa.mx\/tienda\/#\/schema\/logo\/image\/\"}}]}<\/script>\n<!-- \/ Yoast SEO plugin. -->","yoast_head_json":{"title":"Reed r9905 medidor de calidad del aire interior con registro de datos - Abaa tienda online","robots":{"index":"index","follow":"follow","max-snippet":"max-snippet:-1","max-image-preview":"max-image-preview:large","max-video-preview":"max-video-preview:-1"},"canonical":"https:\/\/abaa.mx\/tienda\/reed-r9905-medidor-de-calidad-del-aire-interior-con-registro-de-datos\/","og_locale":"es_MX","og_type":"article","og_title":"Reed r9905 medidor de calidad del aire interior con registro de datos - Abaa tienda online","og_description":"Mide el di\u00f3xido de carbono (CO2), temperatura, humedad y calcula autom\u00e1ticamente la media ponderada en el tiempo (TWA) y el l\u00edmite de exposici\u00f3n a corto plazo (STEL).","og_url":"https:\/\/abaa.mx\/tienda\/reed-r9905-medidor-de-calidad-del-aire-interior-con-registro-de-datos\/","og_site_name":"Abaa tienda online","article_modified_time":"2025-08-08T18:21:55+00:00","og_image":[{"width":300,"height":550,"url":"https:\/\/abaa.mx\/tienda\/wp-content\/uploads\/2023\/10\/R9905.jpg","type":"image\/jpeg"}],"twitter_card":"summary_large_image","twitter_misc":{"Tiempo de lectura":"3 minutos"},"schema":{"@context":"https:\/\/schema.org","@graph":[{"@type":"WebPage","@id":"https:\/\/abaa.mx\/tienda\/reed-r9905-medidor-de-calidad-del-aire-interior-con-registro-de-datos\/","url":"https:\/\/abaa.mx\/tienda\/reed-r9905-medidor-de-calidad-del-aire-interior-con-registro-de-datos\/","name":"Reed r9905 medidor de calidad del aire interior con registro de datos - Abaa tienda online","isPartOf":{"@id":"https:\/\/abaa.mx\/tienda\/#website"},"primaryImageOfPage":{"@id":"https:\/\/abaa.mx\/tienda\/reed-r9905-medidor-de-calidad-del-aire-interior-con-registro-de-datos\/#primaryimage"},"image":{"@id":"https:\/\/abaa.mx\/tienda\/reed-r9905-medidor-de-calidad-del-aire-interior-con-registro-de-datos\/#primaryimage"},"thumbnailUrl":"https:\/\/abaa.mx\/tienda\/wp-content\/uploads\/2023\/10\/R9905.jpg","datePublished":"2023-10-25T14:57:39+00:00","dateModified":"2025-08-08T18:21:55+00:00","breadcrumb":{"@id":"https:\/\/abaa.mx\/tienda\/reed-r9905-medidor-de-calidad-del-aire-interior-con-registro-de-datos\/#breadcrumb"},"inLanguage":"es","potentialAction":[{"@type":"ReadAction","target":["https:\/\/abaa.mx\/tienda\/reed-r9905-medidor-de-calidad-del-aire-interior-con-registro-de-datos\/"]}]},{"@type":"ImageObject","inLanguage":"es","@id":"https:\/\/abaa.mx\/tienda\/reed-r9905-medidor-de-calidad-del-aire-interior-con-registro-de-datos\/#primaryimage","url":"https:\/\/abaa.mx\/tienda\/wp-content\/uploads\/2023\/10\/R9905.jpg","contentUrl":"https:\/\/abaa.mx\/tienda\/wp-content\/uploads\/2023\/10\/R9905.jpg","width":300,"height":550,"caption":"reed-r9905-medidor-de-calidad-del-aire-interior-con-registro-de-datos"},{"@type":"BreadcrumbList","@id":"https:\/\/abaa.mx\/tienda\/reed-r9905-medidor-de-calidad-del-aire-interior-con-registro-de-datos\/#breadcrumb","itemListElement":[{"@type":"ListItem","position":1,"name":"Inicio","item":"https:\/\/abaa.mx\/tienda\/"},{"@type":"ListItem","position":2,"name":"Tienda","item":"https:\/\/abaa.mx\/tienda\/"},{"@type":"ListItem","position":3,"name":"Reed r9905 medidor de calidad del aire interior con registro de datos"}]},{"@type":"WebSite","@id":"https:\/\/abaa.mx\/tienda\/#website","url":"https:\/\/abaa.mx\/tienda\/","name":"Abaa tienda online","description":"Instrumentos de medici\u00f3n","publisher":{"@id":"https:\/\/abaa.mx\/tienda\/#organization"},"potentialAction":[{"@type":"SearchAction","target":{"@type":"EntryPoint","urlTemplate":"https:\/\/abaa.mx\/tienda\/?s={search_term_string}"},"query-input":{"@type":"PropertyValueSpecification","valueRequired":true,"valueName":"search_term_string"}}],"inLanguage":"es"},{"@type":"Organization","@id":"https:\/\/abaa.mx\/tienda\/#organization","name":"Abaa tienda online","url":"https:\/\/abaa.mx\/tienda\/","logo":{"@type":"ImageObject","inLanguage":"es","@id":"https:\/\/abaa.mx\/tienda\/#\/schema\/logo\/image\/","url":"https:\/\/abaa.mx\/tienda\/wp-content\/uploads\/2024\/01\/abaa-metrologia-tienda.png","contentUrl":"https:\/\/abaa.mx\/tienda\/wp-content\/uploads\/2024\/01\/abaa-metrologia-tienda.png","width":300,"height":141,"caption":"Abaa tienda online"},"image":{"@id":"https:\/\/abaa.mx\/tienda\/#\/schema\/logo\/image\/"}}]}},"_links":{"self":[{"href":"https:\/\/abaa.mx\/tienda\/wp-json\/wp\/v2\/product\/7782","targetHints":{"allow":["GET"]}}],"collection":[{"href":"https:\/\/abaa.mx\/tienda\/wp-json\/wp\/v2\/product"}],"about":[{"href":"https:\/\/abaa.mx\/tienda\/wp-json\/wp\/v2\/types\/product"}],"replies":[{"embeddable":true,"href":"https:\/\/abaa.mx\/tienda\/wp-json\/wp\/v2\/comments?post=7782"}],"wp:featuredmedia":[{"embeddable":true,"href":"https:\/\/abaa.mx\/tienda\/wp-json\/wp\/v2\/media\/7793"}],"wp:attachment":[{"href":"https:\/\/abaa.mx\/tienda\/wp-json\/wp\/v2\/media?parent=7782"}],"wp:term":[{"taxonomy":"product_brand","embeddable":true,"href":"https:\/\/abaa.mx\/tienda\/wp-json\/wp\/v2\/product_brand?post=7782"},{"taxonomy":"product_cat","embeddable":true,"href":"https:\/\/abaa.mx\/tienda\/wp-json\/wp\/v2\/product_cat?post=7782"},{"taxonomy":"product_tag","embeddable":true,"href":"https:\/\/abaa.mx\/tienda\/wp-json\/wp\/v2\/product_tag?post=7782"}],"curies":[{"name":"wp","href":"https:\/\/api.w.org\/{rel}","templated":true}]}}