{"id":7768,"date":"2023-10-25T14:32:21","date_gmt":"2023-10-25T14:32:21","guid":{"rendered":"https:\/\/abaa.mx\/tienda\/?post_type=product&#038;p=7768"},"modified":"2023-10-25T14:32:21","modified_gmt":"2023-10-25T14:32:21","slug":"reed-r8060-sonometro-con-grafico-de-barras-tipo-2-30-a-130-db","status":"publish","type":"product","link":"https:\/\/abaa.mx\/tienda\/reed-r8060-sonometro-con-grafico-de-barras-tipo-2-30-a-130-db\/","title":{"rendered":"Reed r8060 son\u00f3metro con gr\u00e1fico de barras, tipo 2, 30 a 130 db"},"content":{"rendered":"<p>Este son\u00f3metro cumple con los requisitos de IEC Tipo 2 y ofrece una alta precisi\u00f3n para mediciones cr\u00edticas. El R8060 cuenta con indicadores de rango por encima\/por debajo para cada uno de los 3 rangos de medici\u00f3n, un gr\u00e1fico de barras anal\u00f3gico digital y la capacidad de realizar un seguimiento de las lecturas m\u00ednimas y m\u00e1ximas.<\/p>\n<h5><strong>Funciones<\/strong><\/h5>\n<ul>\n<li>La alta precisi\u00f3n de \u00b11,4 dB cumple con los est\u00e1ndares de tipo 2<\/li>\n<li>Medici\u00f3n de triple rango (rango din\u00e1mico de 60 dB)<\/li>\n<li>Ponderaci\u00f3n de frecuencia A y C<\/li>\n<li>Ponderaci\u00f3n de tiempo r\u00e1pido y lento<\/li>\n<li>Pantalla LCD grande y f\u00e1cil de leer<\/li>\n<li>Gr\u00e1fico de barras anal\u00f3gico digital<\/li>\n<li>Retenci\u00f3n m\u00edn.\/m\u00e1x.<\/li>\n<li>Se\u00f1al de salida AC\/DC para uso con registradores de datos<\/li>\n<li>Montaje en tr\u00edpode para monitorizaci\u00f3n a largo plazo<\/li>\n<li>Indicador de bater\u00eda baja y apagado autom\u00e1tico<\/li>\n<\/ul>\n<h4>Especificaciones de REED R8060<\/h4>\n<table class=\"table table-striped\">\n<tbody>\n<tr>\n<td>Rangos de medici\u00f3n<\/td>\n<td><span>De 30 a 130 dB Bajo: 30 a 90 dB Medio: 50 a 110 dB Alto: 70 a 130 dB<\/p>\n<p><\/span><\/td>\n<\/tr>\n<tr>\n<td>Rango din\u00e1mico<\/td>\n<td>60dB (en cada rango)<\/td>\n<\/tr>\n<tr>\n<td>Exactitud<\/td>\n<td>\u00b11,4 dB<\/td>\n<\/tr>\n<tr>\n<td>Resoluci\u00f3n<\/td>\n<td>Digital: 0,1 dB Anal\u00f3gico: 2 dB<\/td>\n<\/tr>\n<tr>\n<td>Tiempo de respuesta<\/td>\n<td>Digital: 500 ms Anal\u00f3gico: 100 ms<\/td>\n<\/tr>\n<tr>\n<td>Rango de frecuencia<\/td>\n<td>De 20 Hz a 8 kHz<\/td>\n<\/tr>\n<tr>\n<td>Ponderaci\u00f3n de frecuencia<\/td>\n<td>A, C<\/td>\n<\/tr>\n<tr>\n<td>Ponderaci\u00f3n de tiempo<\/td>\n<td>R\u00e1pido\/lento (125 ms y 1 s)<\/td>\n<\/tr>\n<tr>\n<td>Micr\u00f3fono<\/td>\n<td>Condensador electret de 0,5&#8243; (12,7 mm)<\/td>\n<\/tr>\n<tr>\n<td>Gr\u00e1fico de barras anal\u00f3gico digital<\/td>\n<td>S\u00ed (30 segmentos)<\/td>\n<\/tr>\n<tr>\n<td>Monitor<\/td>\n<td>Pantalla LCD de 4 d\u00edgitos<\/td>\n<\/tr>\n<tr>\n<td>Min<\/td>\n<td>S\u00ed<\/td>\n<\/tr>\n<tr>\n<td>M\u00e1ximo<\/td>\n<td>S\u00ed<\/td>\n<\/tr>\n<tr>\n<td>Indicadores de alarma<\/td>\n<td>Debajo y encima (visual en pantalla)<\/td>\n<\/tr>\n<tr>\n<td>Apagado autom\u00e1tico<\/td>\n<td>S\u00ed (despu\u00e9s de 30 minutos\/apagado)<\/td>\n<\/tr>\n<tr>\n<td>Montaje en tr\u00edpode<\/td>\n<td>S\u00ed<\/td>\n<\/tr>\n<tr>\n<td>Indicador de bater\u00eda baja<\/td>\n<td>S\u00ed<\/td>\n<\/tr>\n<tr>\n<td>Fuente de alimentaci\u00f3n<\/td>\n<td>Bater\u00eda de 9V<\/td>\n<\/tr>\n<tr>\n<td>Salida<\/td>\n<td>S\u00ed (CA\/CC)<\/td>\n<\/tr>\n<tr>\n<td>Duraci\u00f3n de la bater\u00eda<\/td>\n<td>Aprox. 50 horas<\/td>\n<\/tr>\n<tr>\n<td>Certificaciones de productos<\/td>\n<td>CE, IEC 61672-1 Clase 2<\/td>\n<\/tr>\n<tr>\n<td>Temperatura de funcionamiento<\/td>\n<td>De 32 a 104 \u00b0C (de 0 a 40 \u00b0F)<\/td>\n<\/tr>\n<tr>\n<td>Temperatura de almacenamiento<\/td>\n<td>De -14 a 140 \u00b0C (de 10 a 60 \u00b0F)<\/td>\n<\/tr>\n<tr>\n<td>Rango de humedad de funcionamiento<\/td>\n<td>Del 10 al 90%<\/td>\n<\/tr>\n<tr>\n<td>Dimensiones<\/td>\n<td>10,2 x 2,2 x 1&#8243; (258 x 55 x 25 mm)<\/td>\n<\/tr>\n<tr>\n<td>Peso<\/td>\n<td>6 g (5,185 onzas)<\/td>\n<\/tr>\n<\/tbody>\n<\/table>\n","protected":false},"excerpt":{"rendered":"<p class=\"short-description mhide ipad-view-setting\">Son\u00f3metro de triple rango con gran pantalla LCD, gr\u00e1fico de barras anal\u00f3gico digital en pantalla y salida AC\/DC para conexi\u00f3n a registradores gr\u00e1ficos y registradores de datos.<\/p>\n<div class=\"row-fluid\">\n<div class=\"span12 mobile-pricing-box-padding\">\n<form id=\"84606\" accept-charset=\"utf-8\" action=\"https:\/\/www.globaltestsupply.com\/shop\/add\" method=\"post\" name=\"addTocartFunction\">\n<div><\/div>\n<\/form>\n<\/div>\n<\/div>\n","protected":false},"featured_media":7776,"comment_status":"open","ping_status":"closed","template":"","meta":{"_joinchat":[]},"product_brand":[],"product_cat":[15],"product_tag":[],"class_list":{"0":"post-7768","1":"product","2":"type-product","3":"status-publish","4":"has-post-thumbnail","6":"product_cat-sin-categorizar","8":"first","9":"instock","10":"shipping-taxable","11":"product-type-simple"},"yoast_head":"<!-- This site is optimized with the Yoast SEO plugin v26.4 - https:\/\/yoast.com\/wordpress\/plugins\/seo\/ -->\n<title>Reed r8060 son\u00f3metro con gr\u00e1fico de barras, tipo 2, 30 a 130 db - Abaa tienda online<\/title>\n<meta name=\"robots\" content=\"index, follow, max-snippet:-1, max-image-preview:large, max-video-preview:-1\" \/>\n<link rel=\"canonical\" href=\"https:\/\/abaa.mx\/tienda\/reed-r8060-sonometro-con-grafico-de-barras-tipo-2-30-a-130-db\/\" \/>\n<meta property=\"og:locale\" content=\"es_MX\" \/>\n<meta property=\"og:type\" content=\"article\" \/>\n<meta property=\"og:title\" content=\"Reed r8060 son\u00f3metro con gr\u00e1fico de barras, tipo 2, 30 a 130 db - Abaa tienda online\" \/>\n<meta property=\"og:description\" content=\"Son\u00f3metro de triple rango con gran pantalla LCD, gr\u00e1fico de barras anal\u00f3gico digital en pantalla y salida AC\/DC para conexi\u00f3n a registradores gr\u00e1ficos y registradores de datos.\" \/>\n<meta property=\"og:url\" content=\"https:\/\/abaa.mx\/tienda\/reed-r8060-sonometro-con-grafico-de-barras-tipo-2-30-a-130-db\/\" \/>\n<meta property=\"og:site_name\" content=\"Abaa tienda online\" \/>\n<meta property=\"og:image\" content=\"https:\/\/abaa.mx\/tienda\/wp-content\/uploads\/2023\/10\/R8060-NIST.jpg\" \/>\n\t<meta property=\"og:image:width\" content=\"256\" \/>\n\t<meta property=\"og:image:height\" content=\"536\" \/>\n\t<meta property=\"og:image:type\" content=\"image\/jpeg\" \/>\n<meta name=\"twitter:card\" content=\"summary_large_image\" \/>\n<meta name=\"twitter:label1\" content=\"Tiempo de lectura\" \/>\n\t<meta name=\"twitter:data1\" content=\"2 minutos\" \/>\n<script type=\"application\/ld+json\" class=\"yoast-schema-graph\">{\"@context\":\"https:\/\/schema.org\",\"@graph\":[{\"@type\":\"WebPage\",\"@id\":\"https:\/\/abaa.mx\/tienda\/reed-r8060-sonometro-con-grafico-de-barras-tipo-2-30-a-130-db\/\",\"url\":\"https:\/\/abaa.mx\/tienda\/reed-r8060-sonometro-con-grafico-de-barras-tipo-2-30-a-130-db\/\",\"name\":\"Reed r8060 son\u00f3metro con gr\u00e1fico de barras, tipo 2, 30 a 130 db - Abaa tienda online\",\"isPartOf\":{\"@id\":\"https:\/\/abaa.mx\/tienda\/#website\"},\"primaryImageOfPage\":{\"@id\":\"https:\/\/abaa.mx\/tienda\/reed-r8060-sonometro-con-grafico-de-barras-tipo-2-30-a-130-db\/#primaryimage\"},\"image\":{\"@id\":\"https:\/\/abaa.mx\/tienda\/reed-r8060-sonometro-con-grafico-de-barras-tipo-2-30-a-130-db\/#primaryimage\"},\"thumbnailUrl\":\"https:\/\/abaa.mx\/tienda\/wp-content\/uploads\/2023\/10\/R8060-NIST.jpg\",\"datePublished\":\"2023-10-25T14:32:21+00:00\",\"breadcrumb\":{\"@id\":\"https:\/\/abaa.mx\/tienda\/reed-r8060-sonometro-con-grafico-de-barras-tipo-2-30-a-130-db\/#breadcrumb\"},\"inLanguage\":\"es\",\"potentialAction\":[{\"@type\":\"ReadAction\",\"target\":[\"https:\/\/abaa.mx\/tienda\/reed-r8060-sonometro-con-grafico-de-barras-tipo-2-30-a-130-db\/\"]}]},{\"@type\":\"ImageObject\",\"inLanguage\":\"es\",\"@id\":\"https:\/\/abaa.mx\/tienda\/reed-r8060-sonometro-con-grafico-de-barras-tipo-2-30-a-130-db\/#primaryimage\",\"url\":\"https:\/\/abaa.mx\/tienda\/wp-content\/uploads\/2023\/10\/R8060-NIST.jpg\",\"contentUrl\":\"https:\/\/abaa.mx\/tienda\/wp-content\/uploads\/2023\/10\/R8060-NIST.jpg\",\"width\":256,\"height\":536,\"caption\":\"reed-r8060-sonometro-con-grafico-de-barras-tipo-2-30-a-130-db\"},{\"@type\":\"BreadcrumbList\",\"@id\":\"https:\/\/abaa.mx\/tienda\/reed-r8060-sonometro-con-grafico-de-barras-tipo-2-30-a-130-db\/#breadcrumb\",\"itemListElement\":[{\"@type\":\"ListItem\",\"position\":1,\"name\":\"Inicio\",\"item\":\"https:\/\/abaa.mx\/tienda\/\"},{\"@type\":\"ListItem\",\"position\":2,\"name\":\"Tienda\",\"item\":\"https:\/\/abaa.mx\/tienda\/\"},{\"@type\":\"ListItem\",\"position\":3,\"name\":\"Reed r8060 son\u00f3metro con gr\u00e1fico de barras, tipo 2, 30 a 130 db\"}]},{\"@type\":\"WebSite\",\"@id\":\"https:\/\/abaa.mx\/tienda\/#website\",\"url\":\"https:\/\/abaa.mx\/tienda\/\",\"name\":\"Abaa tienda online\",\"description\":\"Instrumentos de medici\u00f3n\",\"publisher\":{\"@id\":\"https:\/\/abaa.mx\/tienda\/#organization\"},\"potentialAction\":[{\"@type\":\"SearchAction\",\"target\":{\"@type\":\"EntryPoint\",\"urlTemplate\":\"https:\/\/abaa.mx\/tienda\/?s={search_term_string}\"},\"query-input\":{\"@type\":\"PropertyValueSpecification\",\"valueRequired\":true,\"valueName\":\"search_term_string\"}}],\"inLanguage\":\"es\"},{\"@type\":\"Organization\",\"@id\":\"https:\/\/abaa.mx\/tienda\/#organization\",\"name\":\"Abaa tienda online\",\"url\":\"https:\/\/abaa.mx\/tienda\/\",\"logo\":{\"@type\":\"ImageObject\",\"inLanguage\":\"es\",\"@id\":\"https:\/\/abaa.mx\/tienda\/#\/schema\/logo\/image\/\",\"url\":\"https:\/\/abaa.mx\/tienda\/wp-content\/uploads\/2024\/01\/abaa-metrologia-tienda.png\",\"contentUrl\":\"https:\/\/abaa.mx\/tienda\/wp-content\/uploads\/2024\/01\/abaa-metrologia-tienda.png\",\"width\":300,\"height\":141,\"caption\":\"Abaa tienda online\"},\"image\":{\"@id\":\"https:\/\/abaa.mx\/tienda\/#\/schema\/logo\/image\/\"}}]}<\/script>\n<!-- \/ Yoast SEO plugin. -->","yoast_head_json":{"title":"Reed r8060 son\u00f3metro con gr\u00e1fico de barras, tipo 2, 30 a 130 db - Abaa tienda online","robots":{"index":"index","follow":"follow","max-snippet":"max-snippet:-1","max-image-preview":"max-image-preview:large","max-video-preview":"max-video-preview:-1"},"canonical":"https:\/\/abaa.mx\/tienda\/reed-r8060-sonometro-con-grafico-de-barras-tipo-2-30-a-130-db\/","og_locale":"es_MX","og_type":"article","og_title":"Reed r8060 son\u00f3metro con gr\u00e1fico de barras, tipo 2, 30 a 130 db - Abaa tienda online","og_description":"Son\u00f3metro de triple rango con gran pantalla LCD, gr\u00e1fico de barras anal\u00f3gico digital en pantalla y salida AC\/DC para conexi\u00f3n a registradores gr\u00e1ficos y registradores de datos.","og_url":"https:\/\/abaa.mx\/tienda\/reed-r8060-sonometro-con-grafico-de-barras-tipo-2-30-a-130-db\/","og_site_name":"Abaa tienda online","og_image":[{"width":256,"height":536,"url":"https:\/\/abaa.mx\/tienda\/wp-content\/uploads\/2023\/10\/R8060-NIST.jpg","type":"image\/jpeg"}],"twitter_card":"summary_large_image","twitter_misc":{"Tiempo de lectura":"2 minutos"},"schema":{"@context":"https:\/\/schema.org","@graph":[{"@type":"WebPage","@id":"https:\/\/abaa.mx\/tienda\/reed-r8060-sonometro-con-grafico-de-barras-tipo-2-30-a-130-db\/","url":"https:\/\/abaa.mx\/tienda\/reed-r8060-sonometro-con-grafico-de-barras-tipo-2-30-a-130-db\/","name":"Reed r8060 son\u00f3metro con gr\u00e1fico de barras, tipo 2, 30 a 130 db - Abaa tienda online","isPartOf":{"@id":"https:\/\/abaa.mx\/tienda\/#website"},"primaryImageOfPage":{"@id":"https:\/\/abaa.mx\/tienda\/reed-r8060-sonometro-con-grafico-de-barras-tipo-2-30-a-130-db\/#primaryimage"},"image":{"@id":"https:\/\/abaa.mx\/tienda\/reed-r8060-sonometro-con-grafico-de-barras-tipo-2-30-a-130-db\/#primaryimage"},"thumbnailUrl":"https:\/\/abaa.mx\/tienda\/wp-content\/uploads\/2023\/10\/R8060-NIST.jpg","datePublished":"2023-10-25T14:32:21+00:00","breadcrumb":{"@id":"https:\/\/abaa.mx\/tienda\/reed-r8060-sonometro-con-grafico-de-barras-tipo-2-30-a-130-db\/#breadcrumb"},"inLanguage":"es","potentialAction":[{"@type":"ReadAction","target":["https:\/\/abaa.mx\/tienda\/reed-r8060-sonometro-con-grafico-de-barras-tipo-2-30-a-130-db\/"]}]},{"@type":"ImageObject","inLanguage":"es","@id":"https:\/\/abaa.mx\/tienda\/reed-r8060-sonometro-con-grafico-de-barras-tipo-2-30-a-130-db\/#primaryimage","url":"https:\/\/abaa.mx\/tienda\/wp-content\/uploads\/2023\/10\/R8060-NIST.jpg","contentUrl":"https:\/\/abaa.mx\/tienda\/wp-content\/uploads\/2023\/10\/R8060-NIST.jpg","width":256,"height":536,"caption":"reed-r8060-sonometro-con-grafico-de-barras-tipo-2-30-a-130-db"},{"@type":"BreadcrumbList","@id":"https:\/\/abaa.mx\/tienda\/reed-r8060-sonometro-con-grafico-de-barras-tipo-2-30-a-130-db\/#breadcrumb","itemListElement":[{"@type":"ListItem","position":1,"name":"Inicio","item":"https:\/\/abaa.mx\/tienda\/"},{"@type":"ListItem","position":2,"name":"Tienda","item":"https:\/\/abaa.mx\/tienda\/"},{"@type":"ListItem","position":3,"name":"Reed r8060 son\u00f3metro con gr\u00e1fico de barras, tipo 2, 30 a 130 db"}]},{"@type":"WebSite","@id":"https:\/\/abaa.mx\/tienda\/#website","url":"https:\/\/abaa.mx\/tienda\/","name":"Abaa tienda online","description":"Instrumentos de medici\u00f3n","publisher":{"@id":"https:\/\/abaa.mx\/tienda\/#organization"},"potentialAction":[{"@type":"SearchAction","target":{"@type":"EntryPoint","urlTemplate":"https:\/\/abaa.mx\/tienda\/?s={search_term_string}"},"query-input":{"@type":"PropertyValueSpecification","valueRequired":true,"valueName":"search_term_string"}}],"inLanguage":"es"},{"@type":"Organization","@id":"https:\/\/abaa.mx\/tienda\/#organization","name":"Abaa tienda online","url":"https:\/\/abaa.mx\/tienda\/","logo":{"@type":"ImageObject","inLanguage":"es","@id":"https:\/\/abaa.mx\/tienda\/#\/schema\/logo\/image\/","url":"https:\/\/abaa.mx\/tienda\/wp-content\/uploads\/2024\/01\/abaa-metrologia-tienda.png","contentUrl":"https:\/\/abaa.mx\/tienda\/wp-content\/uploads\/2024\/01\/abaa-metrologia-tienda.png","width":300,"height":141,"caption":"Abaa tienda online"},"image":{"@id":"https:\/\/abaa.mx\/tienda\/#\/schema\/logo\/image\/"}}]}},"_links":{"self":[{"href":"https:\/\/abaa.mx\/tienda\/wp-json\/wp\/v2\/product\/7768","targetHints":{"allow":["GET"]}}],"collection":[{"href":"https:\/\/abaa.mx\/tienda\/wp-json\/wp\/v2\/product"}],"about":[{"href":"https:\/\/abaa.mx\/tienda\/wp-json\/wp\/v2\/types\/product"}],"replies":[{"embeddable":true,"href":"https:\/\/abaa.mx\/tienda\/wp-json\/wp\/v2\/comments?post=7768"}],"wp:featuredmedia":[{"embeddable":true,"href":"https:\/\/abaa.mx\/tienda\/wp-json\/wp\/v2\/media\/7776"}],"wp:attachment":[{"href":"https:\/\/abaa.mx\/tienda\/wp-json\/wp\/v2\/media?parent=7768"}],"wp:term":[{"taxonomy":"product_brand","embeddable":true,"href":"https:\/\/abaa.mx\/tienda\/wp-json\/wp\/v2\/product_brand?post=7768"},{"taxonomy":"product_cat","embeddable":true,"href":"https:\/\/abaa.mx\/tienda\/wp-json\/wp\/v2\/product_cat?post=7768"},{"taxonomy":"product_tag","embeddable":true,"href":"https:\/\/abaa.mx\/tienda\/wp-json\/wp\/v2\/product_tag?post=7768"}],"curies":[{"name":"wp","href":"https:\/\/api.w.org\/{rel}","templated":true}]}}