{"id":7763,"date":"2023-10-25T14:32:11","date_gmt":"2023-10-25T14:32:11","guid":{"rendered":"https:\/\/abaa.mx\/tienda\/?post_type=product&#038;p=7763"},"modified":"2023-10-25T14:32:12","modified_gmt":"2023-10-25T14:32:12","slug":"medidor-de-nivel-de-sonido-reed-r8050-tipo-2-30-a-130-db-2","status":"publish","type":"product","link":"https:\/\/abaa.mx\/tienda\/medidor-de-nivel-de-sonido-reed-r8050-tipo-2-30-a-130-db-2\/","title":{"rendered":"Medidor de nivel de sonido reed r8050, tipo 2, 30 a 130 db"},"content":{"rendered":"<p>Este son\u00f3metro cumple con los est\u00e1ndares ANSI e IEC Tipo 2 y cuenta con medici\u00f3n de doble rango, ponderaci\u00f3n de tiempo r\u00e1pido y lento, funciones de retenci\u00f3n de datos\/m\u00e1xima y un soporte de tr\u00edpode para monitoreo a largo plazo.<\/p>\n<h5><strong>Funciones<\/strong><\/h5>\n<ul>\n<li>La alta precisi\u00f3n de \u00b11,4 dB cumple con los est\u00e1ndares de tipo 2<\/li>\n<li>Medici\u00f3n de doble rango (alto y bajo)<\/li>\n<li>Ponderaci\u00f3n de frecuencia A y C<\/li>\n<li>Ponderaci\u00f3n de tiempo r\u00e1pido y lento<\/li>\n<li>Pantalla LCD retroiluminada de f\u00e1cil lectura<\/li>\n<li>Funciones de retenci\u00f3n de datos y retenci\u00f3n m\u00e1xima<\/li>\n<li>Montaje en tr\u00edpode para monitorizaci\u00f3n a largo plazo<\/li>\n<li>Indicador de bater\u00eda baja y apagado autom\u00e1tico<\/li>\n<\/ul>\n<h4>Especificaciones de REED R8050<\/h4>\n<table class=\"table table-striped\">\n<tbody>\n<tr>\n<td>Rangos de medici\u00f3n<\/td>\n<td>30-130 dB Bajo: 30-100 dB Alto: 60-130 dB<\/td>\n<\/tr>\n<tr>\n<td>Rango din\u00e1mico<\/td>\n<td>70 dB (en cada rango)<\/td>\n<\/tr>\n<tr>\n<td>Exactitud<\/td>\n<td>\u00b11,4 dB<\/td>\n<\/tr>\n<tr>\n<td>Resoluci\u00f3n<\/td>\n<td>0,1 dB<\/td>\n<\/tr>\n<tr>\n<td>Tiempo de respuesta<\/td>\n<td>500mS<\/td>\n<\/tr>\n<tr>\n<td>Rango de frecuencia<\/td>\n<td>De 31,5 Hz a 8 kHz<\/td>\n<\/tr>\n<tr>\n<td>Ponderaci\u00f3n de frecuencia<\/td>\n<td>A, C<\/td>\n<\/tr>\n<tr>\n<td>Ponderaci\u00f3n de tiempo<\/td>\n<td>R\u00e1pido\/lento (125 ms y 1 s)<\/td>\n<\/tr>\n<tr>\n<td>Micr\u00f3fono<\/td>\n<td>Condensador electret de 0,5&#8243; (12,7 mm)<\/td>\n<\/tr>\n<tr>\n<td>Monitor<\/td>\n<td>Pantalla LCD de 4 d\u00edgitos<\/td>\n<\/tr>\n<tr>\n<td>Pantalla retroiluminada<\/td>\n<td>S\u00ed<\/td>\n<\/tr>\n<tr>\n<td>Retenci\u00f3n de datos<\/td>\n<td>S\u00ed<\/td>\n<\/tr>\n<tr>\n<td>M\u00e1ximo<\/td>\n<td>S\u00ed<\/td>\n<\/tr>\n<tr>\n<td>Indicadores de alarma<\/td>\n<td>Over (visual en pantalla)<\/td>\n<\/tr>\n<tr>\n<td>Apagado autom\u00e1tico<\/td>\n<td>S\u00ed (despu\u00e9s de 15 minutos)<\/td>\n<\/tr>\n<tr>\n<td>Montaje en tr\u00edpode<\/td>\n<td>S\u00ed<\/td>\n<\/tr>\n<tr>\n<td>Indicador de bater\u00eda baja<\/td>\n<td>S\u00ed<\/td>\n<\/tr>\n<tr>\n<td>Fuente de alimentaci\u00f3n<\/td>\n<td>Bater\u00eda de 9V<\/td>\n<\/tr>\n<tr>\n<td>Duraci\u00f3n de la bater\u00eda<\/td>\n<td>Aprox. 50 horas<\/td>\n<\/tr>\n<tr>\n<td>Certificaciones de productos<\/td>\n<td>CE, IEC 61672-1 Clase 2, ANSI S1.4-1983<\/td>\n<\/tr>\n<tr>\n<td>Temperatura de funcionamiento<\/td>\n<td>De 32 a 104 \u00b0C (de 0 a 40 \u00b0F)<\/td>\n<\/tr>\n<tr>\n<td>Temperatura de almacenamiento<\/td>\n<td>De -14 a 140 \u00b0C (de 10 a 60 \u00b0F)<\/td>\n<\/tr>\n<tr>\n<td>Humedad de funcionamiento<\/td>\n<td>10-90%<\/td>\n<\/tr>\n<tr>\n<td>Dimensiones<\/td>\n<td>8,3 x 2,2 x 1,3&#8243; (210 x 55 x 32 mm)<\/td>\n<\/tr>\n<tr>\n<td>Peso<\/td>\n<td>8 g (1,230 onzas)<\/td>\n<\/tr>\n<\/tbody>\n<\/table>\n","protected":false},"excerpt":{"rendered":"<p class=\"short-description mhide ipad-view-setting\">Son\u00f3metro de dos rangos preciso y de respuesta r\u00e1pida con pantalla LCD retroiluminada.<\/p>\n<p class=\"comment-tag-product\">\n<div class=\"row-fluid\">\n<div class=\"span12 mobile-pricing-box-padding\">\n<form id=\"61029\" accept-charset=\"utf-8\" action=\"https:\/\/www.globaltestsupply.com\/shop\/add\" method=\"post\" name=\"addTocartFunction\">\n<div><\/div>\n<\/form>\n<\/div>\n<\/div>\n","protected":false},"featured_media":7772,"comment_status":"open","ping_status":"closed","template":"","meta":{"_joinchat":[]},"product_brand":[],"product_cat":[15],"product_tag":[],"class_list":{"0":"post-7763","1":"product","2":"type-product","3":"status-publish","4":"has-post-thumbnail","6":"product_cat-sin-categorizar","8":"first","9":"instock","10":"shipping-taxable","11":"product-type-simple"},"yoast_head":"<!-- This site is optimized with the Yoast SEO plugin v26.4 - https:\/\/yoast.com\/wordpress\/plugins\/seo\/ -->\n<title>Medidor de nivel de sonido reed r8050, tipo 2, 30 a 130 db - Abaa tienda online<\/title>\n<meta name=\"robots\" content=\"index, follow, max-snippet:-1, max-image-preview:large, max-video-preview:-1\" \/>\n<link rel=\"canonical\" href=\"https:\/\/abaa.mx\/tienda\/medidor-de-nivel-de-sonido-reed-r8050-tipo-2-30-a-130-db-2\/\" \/>\n<meta property=\"og:locale\" content=\"es_MX\" \/>\n<meta property=\"og:type\" content=\"article\" \/>\n<meta property=\"og:title\" content=\"Medidor de nivel de sonido reed r8050, tipo 2, 30 a 130 db - Abaa tienda online\" \/>\n<meta property=\"og:description\" content=\"Son\u00f3metro de dos rangos preciso y de respuesta r\u00e1pida con pantalla LCD retroiluminada.\" \/>\n<meta property=\"og:url\" content=\"https:\/\/abaa.mx\/tienda\/medidor-de-nivel-de-sonido-reed-r8050-tipo-2-30-a-130-db-2\/\" \/>\n<meta property=\"og:site_name\" content=\"Abaa tienda online\" \/>\n<meta property=\"article:modified_time\" content=\"2023-10-25T14:32:12+00:00\" \/>\n<meta property=\"og:image\" content=\"https:\/\/abaa.mx\/tienda\/wp-content\/uploads\/2023\/10\/R8050-NIST-2.jpg\" \/>\n\t<meta property=\"og:image:width\" content=\"474\" \/>\n\t<meta property=\"og:image:height\" content=\"448\" \/>\n\t<meta property=\"og:image:type\" content=\"image\/jpeg\" \/>\n<meta name=\"twitter:card\" content=\"summary_large_image\" \/>\n<meta name=\"twitter:label1\" content=\"Tiempo de lectura\" \/>\n\t<meta name=\"twitter:data1\" content=\"2 minutos\" \/>\n<script type=\"application\/ld+json\" class=\"yoast-schema-graph\">{\"@context\":\"https:\/\/schema.org\",\"@graph\":[{\"@type\":\"WebPage\",\"@id\":\"https:\/\/abaa.mx\/tienda\/medidor-de-nivel-de-sonido-reed-r8050-tipo-2-30-a-130-db-2\/\",\"url\":\"https:\/\/abaa.mx\/tienda\/medidor-de-nivel-de-sonido-reed-r8050-tipo-2-30-a-130-db-2\/\",\"name\":\"Medidor de nivel de sonido reed r8050, tipo 2, 30 a 130 db - Abaa tienda online\",\"isPartOf\":{\"@id\":\"https:\/\/abaa.mx\/tienda\/#website\"},\"primaryImageOfPage\":{\"@id\":\"https:\/\/abaa.mx\/tienda\/medidor-de-nivel-de-sonido-reed-r8050-tipo-2-30-a-130-db-2\/#primaryimage\"},\"image\":{\"@id\":\"https:\/\/abaa.mx\/tienda\/medidor-de-nivel-de-sonido-reed-r8050-tipo-2-30-a-130-db-2\/#primaryimage\"},\"thumbnailUrl\":\"https:\/\/abaa.mx\/tienda\/wp-content\/uploads\/2023\/10\/R8050-NIST-2.jpg\",\"datePublished\":\"2023-10-25T14:32:11+00:00\",\"dateModified\":\"2023-10-25T14:32:12+00:00\",\"breadcrumb\":{\"@id\":\"https:\/\/abaa.mx\/tienda\/medidor-de-nivel-de-sonido-reed-r8050-tipo-2-30-a-130-db-2\/#breadcrumb\"},\"inLanguage\":\"es\",\"potentialAction\":[{\"@type\":\"ReadAction\",\"target\":[\"https:\/\/abaa.mx\/tienda\/medidor-de-nivel-de-sonido-reed-r8050-tipo-2-30-a-130-db-2\/\"]}]},{\"@type\":\"ImageObject\",\"inLanguage\":\"es\",\"@id\":\"https:\/\/abaa.mx\/tienda\/medidor-de-nivel-de-sonido-reed-r8050-tipo-2-30-a-130-db-2\/#primaryimage\",\"url\":\"https:\/\/abaa.mx\/tienda\/wp-content\/uploads\/2023\/10\/R8050-NIST-2.jpg\",\"contentUrl\":\"https:\/\/abaa.mx\/tienda\/wp-content\/uploads\/2023\/10\/R8050-NIST-2.jpg\",\"width\":474,\"height\":448,\"caption\":\"medidor-de-nivel-de-sonido-reed-r8050-tipo-2-30-a-130-db-2\"},{\"@type\":\"BreadcrumbList\",\"@id\":\"https:\/\/abaa.mx\/tienda\/medidor-de-nivel-de-sonido-reed-r8050-tipo-2-30-a-130-db-2\/#breadcrumb\",\"itemListElement\":[{\"@type\":\"ListItem\",\"position\":1,\"name\":\"Inicio\",\"item\":\"https:\/\/abaa.mx\/tienda\/\"},{\"@type\":\"ListItem\",\"position\":2,\"name\":\"Tienda\",\"item\":\"https:\/\/abaa.mx\/tienda\/\"},{\"@type\":\"ListItem\",\"position\":3,\"name\":\"Medidor de nivel de sonido reed r8050, tipo 2, 30 a 130 db\"}]},{\"@type\":\"WebSite\",\"@id\":\"https:\/\/abaa.mx\/tienda\/#website\",\"url\":\"https:\/\/abaa.mx\/tienda\/\",\"name\":\"Abaa tienda online\",\"description\":\"Instrumentos de medici\u00f3n\",\"publisher\":{\"@id\":\"https:\/\/abaa.mx\/tienda\/#organization\"},\"potentialAction\":[{\"@type\":\"SearchAction\",\"target\":{\"@type\":\"EntryPoint\",\"urlTemplate\":\"https:\/\/abaa.mx\/tienda\/?s={search_term_string}\"},\"query-input\":{\"@type\":\"PropertyValueSpecification\",\"valueRequired\":true,\"valueName\":\"search_term_string\"}}],\"inLanguage\":\"es\"},{\"@type\":\"Organization\",\"@id\":\"https:\/\/abaa.mx\/tienda\/#organization\",\"name\":\"Abaa tienda online\",\"url\":\"https:\/\/abaa.mx\/tienda\/\",\"logo\":{\"@type\":\"ImageObject\",\"inLanguage\":\"es\",\"@id\":\"https:\/\/abaa.mx\/tienda\/#\/schema\/logo\/image\/\",\"url\":\"https:\/\/abaa.mx\/tienda\/wp-content\/uploads\/2024\/01\/abaa-metrologia-tienda.png\",\"contentUrl\":\"https:\/\/abaa.mx\/tienda\/wp-content\/uploads\/2024\/01\/abaa-metrologia-tienda.png\",\"width\":300,\"height\":141,\"caption\":\"Abaa tienda online\"},\"image\":{\"@id\":\"https:\/\/abaa.mx\/tienda\/#\/schema\/logo\/image\/\"}}]}<\/script>\n<!-- \/ Yoast SEO plugin. -->","yoast_head_json":{"title":"Medidor de nivel de sonido reed r8050, tipo 2, 30 a 130 db - Abaa tienda online","robots":{"index":"index","follow":"follow","max-snippet":"max-snippet:-1","max-image-preview":"max-image-preview:large","max-video-preview":"max-video-preview:-1"},"canonical":"https:\/\/abaa.mx\/tienda\/medidor-de-nivel-de-sonido-reed-r8050-tipo-2-30-a-130-db-2\/","og_locale":"es_MX","og_type":"article","og_title":"Medidor de nivel de sonido reed r8050, tipo 2, 30 a 130 db - Abaa tienda online","og_description":"Son\u00f3metro de dos rangos preciso y de respuesta r\u00e1pida con pantalla LCD retroiluminada.","og_url":"https:\/\/abaa.mx\/tienda\/medidor-de-nivel-de-sonido-reed-r8050-tipo-2-30-a-130-db-2\/","og_site_name":"Abaa tienda online","article_modified_time":"2023-10-25T14:32:12+00:00","og_image":[{"width":474,"height":448,"url":"https:\/\/abaa.mx\/tienda\/wp-content\/uploads\/2023\/10\/R8050-NIST-2.jpg","type":"image\/jpeg"}],"twitter_card":"summary_large_image","twitter_misc":{"Tiempo de lectura":"2 minutos"},"schema":{"@context":"https:\/\/schema.org","@graph":[{"@type":"WebPage","@id":"https:\/\/abaa.mx\/tienda\/medidor-de-nivel-de-sonido-reed-r8050-tipo-2-30-a-130-db-2\/","url":"https:\/\/abaa.mx\/tienda\/medidor-de-nivel-de-sonido-reed-r8050-tipo-2-30-a-130-db-2\/","name":"Medidor de nivel de sonido reed r8050, tipo 2, 30 a 130 db - Abaa tienda online","isPartOf":{"@id":"https:\/\/abaa.mx\/tienda\/#website"},"primaryImageOfPage":{"@id":"https:\/\/abaa.mx\/tienda\/medidor-de-nivel-de-sonido-reed-r8050-tipo-2-30-a-130-db-2\/#primaryimage"},"image":{"@id":"https:\/\/abaa.mx\/tienda\/medidor-de-nivel-de-sonido-reed-r8050-tipo-2-30-a-130-db-2\/#primaryimage"},"thumbnailUrl":"https:\/\/abaa.mx\/tienda\/wp-content\/uploads\/2023\/10\/R8050-NIST-2.jpg","datePublished":"2023-10-25T14:32:11+00:00","dateModified":"2023-10-25T14:32:12+00:00","breadcrumb":{"@id":"https:\/\/abaa.mx\/tienda\/medidor-de-nivel-de-sonido-reed-r8050-tipo-2-30-a-130-db-2\/#breadcrumb"},"inLanguage":"es","potentialAction":[{"@type":"ReadAction","target":["https:\/\/abaa.mx\/tienda\/medidor-de-nivel-de-sonido-reed-r8050-tipo-2-30-a-130-db-2\/"]}]},{"@type":"ImageObject","inLanguage":"es","@id":"https:\/\/abaa.mx\/tienda\/medidor-de-nivel-de-sonido-reed-r8050-tipo-2-30-a-130-db-2\/#primaryimage","url":"https:\/\/abaa.mx\/tienda\/wp-content\/uploads\/2023\/10\/R8050-NIST-2.jpg","contentUrl":"https:\/\/abaa.mx\/tienda\/wp-content\/uploads\/2023\/10\/R8050-NIST-2.jpg","width":474,"height":448,"caption":"medidor-de-nivel-de-sonido-reed-r8050-tipo-2-30-a-130-db-2"},{"@type":"BreadcrumbList","@id":"https:\/\/abaa.mx\/tienda\/medidor-de-nivel-de-sonido-reed-r8050-tipo-2-30-a-130-db-2\/#breadcrumb","itemListElement":[{"@type":"ListItem","position":1,"name":"Inicio","item":"https:\/\/abaa.mx\/tienda\/"},{"@type":"ListItem","position":2,"name":"Tienda","item":"https:\/\/abaa.mx\/tienda\/"},{"@type":"ListItem","position":3,"name":"Medidor de nivel de sonido reed r8050, tipo 2, 30 a 130 db"}]},{"@type":"WebSite","@id":"https:\/\/abaa.mx\/tienda\/#website","url":"https:\/\/abaa.mx\/tienda\/","name":"Abaa tienda online","description":"Instrumentos de medici\u00f3n","publisher":{"@id":"https:\/\/abaa.mx\/tienda\/#organization"},"potentialAction":[{"@type":"SearchAction","target":{"@type":"EntryPoint","urlTemplate":"https:\/\/abaa.mx\/tienda\/?s={search_term_string}"},"query-input":{"@type":"PropertyValueSpecification","valueRequired":true,"valueName":"search_term_string"}}],"inLanguage":"es"},{"@type":"Organization","@id":"https:\/\/abaa.mx\/tienda\/#organization","name":"Abaa tienda online","url":"https:\/\/abaa.mx\/tienda\/","logo":{"@type":"ImageObject","inLanguage":"es","@id":"https:\/\/abaa.mx\/tienda\/#\/schema\/logo\/image\/","url":"https:\/\/abaa.mx\/tienda\/wp-content\/uploads\/2024\/01\/abaa-metrologia-tienda.png","contentUrl":"https:\/\/abaa.mx\/tienda\/wp-content\/uploads\/2024\/01\/abaa-metrologia-tienda.png","width":300,"height":141,"caption":"Abaa tienda online"},"image":{"@id":"https:\/\/abaa.mx\/tienda\/#\/schema\/logo\/image\/"}}]}},"_links":{"self":[{"href":"https:\/\/abaa.mx\/tienda\/wp-json\/wp\/v2\/product\/7763","targetHints":{"allow":["GET"]}}],"collection":[{"href":"https:\/\/abaa.mx\/tienda\/wp-json\/wp\/v2\/product"}],"about":[{"href":"https:\/\/abaa.mx\/tienda\/wp-json\/wp\/v2\/types\/product"}],"replies":[{"embeddable":true,"href":"https:\/\/abaa.mx\/tienda\/wp-json\/wp\/v2\/comments?post=7763"}],"wp:featuredmedia":[{"embeddable":true,"href":"https:\/\/abaa.mx\/tienda\/wp-json\/wp\/v2\/media\/7772"}],"wp:attachment":[{"href":"https:\/\/abaa.mx\/tienda\/wp-json\/wp\/v2\/media?parent=7763"}],"wp:term":[{"taxonomy":"product_brand","embeddable":true,"href":"https:\/\/abaa.mx\/tienda\/wp-json\/wp\/v2\/product_brand?post=7763"},{"taxonomy":"product_cat","embeddable":true,"href":"https:\/\/abaa.mx\/tienda\/wp-json\/wp\/v2\/product_cat?post=7763"},{"taxonomy":"product_tag","embeddable":true,"href":"https:\/\/abaa.mx\/tienda\/wp-json\/wp\/v2\/product_tag?post=7763"}],"curies":[{"name":"wp","href":"https:\/\/api.w.org\/{rel}","templated":true}]}}