{"id":7757,"date":"2023-10-24T20:58:24","date_gmt":"2023-10-24T20:58:24","guid":{"rendered":"https:\/\/abaa.mx\/tienda\/?post_type=product&#038;p=7757"},"modified":"2023-10-25T14:05:54","modified_gmt":"2023-10-25T14:05:54","slug":"kit-hioki-kithpk3","status":"publish","type":"product","link":"https:\/\/abaa.mx\/tienda\/kit-hioki-kithpk3\/","title":{"rendered":"Kit Hioki -KITHPK3"},"content":{"rendered":"<p>Kit Hioki -KITHPK3<\/p>\n","protected":false},"excerpt":{"rendered":"<p>Kit de 6 Instrumentos Hioki -HPK-3 Este modelo de uso general a\u00f1ade la medici\u00f3n de capacitancia a las funcionalidades b\u00e1sicas de medici\u00f3n del mult\u00edmetro, y tambi\u00e9n incluye la aptitud de registrar valores m\u00e1ximos, m\u00ednimos y promedio para un favorable an\u00e1lisis de datos de medici\u00f3n. Incluye:<\/p>\n<p>HK-3280-10F Medidor de abrazadera-HK-FT3700-20 Pistola de Infrarrojo<br \/>\nMalet\u00edn para HPK3<br \/>\nHK-PD3129-10 Medidor de rotaci\u00f3n de fase<br \/>\nHK-3120 Detector de Voltaje Cat IV 1000V<br \/>\nHK-DT4255 Mult\u00edmetro Digital<br \/>\nHK-IR4056-20 Medidor de Aislamiento<\/p>\n","protected":false},"featured_media":7759,"comment_status":"open","ping_status":"closed","template":"","meta":{"_joinchat":[]},"product_brand":[],"product_cat":[86],"product_tag":[],"class_list":{"0":"post-7757","1":"product","2":"type-product","3":"status-publish","4":"has-post-thumbnail","6":"product_cat-amperimetros","8":"first","9":"instock","10":"shipping-taxable","11":"product-type-simple"},"yoast_head":"<!-- This site is optimized with the Yoast SEO plugin v26.4 - https:\/\/yoast.com\/wordpress\/plugins\/seo\/ -->\n<title>Kit Hioki -KITHPK3 - Abaa tienda online<\/title>\n<meta name=\"robots\" content=\"index, follow, max-snippet:-1, max-image-preview:large, max-video-preview:-1\" \/>\n<link rel=\"canonical\" href=\"https:\/\/abaa.mx\/tienda\/kit-hioki-kithpk3\/\" \/>\n<meta property=\"og:locale\" content=\"es_MX\" \/>\n<meta property=\"og:type\" content=\"article\" \/>\n<meta property=\"og:title\" content=\"Kit Hioki -KITHPK3 - Abaa tienda online\" \/>\n<meta property=\"og:description\" content=\"Kit de 6 Instrumentos Hioki -HPK-3 Este modelo de uso general a\u00f1ade la medici\u00f3n de capacitancia a las funcionalidades b\u00e1sicas de medici\u00f3n del mult\u00edmetro, y tambi\u00e9n incluye la aptitud de registrar valores m\u00e1ximos, m\u00ednimos y promedio para un favorable an\u00e1lisis de datos de medici\u00f3n. Incluye:  HK-3280-10F Medidor de abrazadera-HK-FT3700-20 Pistola de Infrarrojo Malet\u00edn para HPK3 HK-PD3129-10 Medidor de rotaci\u00f3n de fase HK-3120 Detector de Voltaje Cat IV 1000V HK-DT4255 Mult\u00edmetro Digital HK-IR4056-20 Medidor de Aislamiento\" \/>\n<meta property=\"og:url\" content=\"https:\/\/abaa.mx\/tienda\/kit-hioki-kithpk3\/\" \/>\n<meta property=\"og:site_name\" content=\"Abaa tienda online\" \/>\n<meta property=\"article:modified_time\" content=\"2023-10-25T14:05:54+00:00\" \/>\n<meta property=\"og:image\" content=\"https:\/\/abaa.mx\/tienda\/wp-content\/uploads\/2023\/10\/HIOKI-KITHPK3.jpg\" \/>\n\t<meta property=\"og:image:width\" content=\"486\" \/>\n\t<meta property=\"og:image:height\" content=\"328\" \/>\n\t<meta property=\"og:image:type\" content=\"image\/jpeg\" \/>\n<meta name=\"twitter:card\" content=\"summary_large_image\" \/>\n<meta name=\"twitter:label1\" content=\"Tiempo de lectura\" \/>\n\t<meta name=\"twitter:data1\" content=\"1 minuto\" \/>\n<script type=\"application\/ld+json\" class=\"yoast-schema-graph\">{\"@context\":\"https:\/\/schema.org\",\"@graph\":[{\"@type\":\"WebPage\",\"@id\":\"https:\/\/abaa.mx\/tienda\/kit-hioki-kithpk3\/\",\"url\":\"https:\/\/abaa.mx\/tienda\/kit-hioki-kithpk3\/\",\"name\":\"Kit Hioki -KITHPK3 - Abaa tienda online\",\"isPartOf\":{\"@id\":\"https:\/\/abaa.mx\/tienda\/#website\"},\"primaryImageOfPage\":{\"@id\":\"https:\/\/abaa.mx\/tienda\/kit-hioki-kithpk3\/#primaryimage\"},\"image\":{\"@id\":\"https:\/\/abaa.mx\/tienda\/kit-hioki-kithpk3\/#primaryimage\"},\"thumbnailUrl\":\"https:\/\/abaa.mx\/tienda\/wp-content\/uploads\/2023\/10\/HIOKI-KITHPK3.jpg\",\"datePublished\":\"2023-10-24T20:58:24+00:00\",\"dateModified\":\"2023-10-25T14:05:54+00:00\",\"breadcrumb\":{\"@id\":\"https:\/\/abaa.mx\/tienda\/kit-hioki-kithpk3\/#breadcrumb\"},\"inLanguage\":\"es\",\"potentialAction\":[{\"@type\":\"ReadAction\",\"target\":[\"https:\/\/abaa.mx\/tienda\/kit-hioki-kithpk3\/\"]}]},{\"@type\":\"ImageObject\",\"inLanguage\":\"es\",\"@id\":\"https:\/\/abaa.mx\/tienda\/kit-hioki-kithpk3\/#primaryimage\",\"url\":\"https:\/\/abaa.mx\/tienda\/wp-content\/uploads\/2023\/10\/HIOKI-KITHPK3.jpg\",\"contentUrl\":\"https:\/\/abaa.mx\/tienda\/wp-content\/uploads\/2023\/10\/HIOKI-KITHPK3.jpg\",\"width\":486,\"height\":328,\"caption\":\"HIOKI-KITHPK3\"},{\"@type\":\"BreadcrumbList\",\"@id\":\"https:\/\/abaa.mx\/tienda\/kit-hioki-kithpk3\/#breadcrumb\",\"itemListElement\":[{\"@type\":\"ListItem\",\"position\":1,\"name\":\"Inicio\",\"item\":\"https:\/\/abaa.mx\/tienda\/\"},{\"@type\":\"ListItem\",\"position\":2,\"name\":\"Tienda\",\"item\":\"https:\/\/abaa.mx\/tienda\/\"},{\"@type\":\"ListItem\",\"position\":3,\"name\":\"Kit Hioki -KITHPK3\"}]},{\"@type\":\"WebSite\",\"@id\":\"https:\/\/abaa.mx\/tienda\/#website\",\"url\":\"https:\/\/abaa.mx\/tienda\/\",\"name\":\"Abaa tienda online\",\"description\":\"Instrumentos de medici\u00f3n\",\"publisher\":{\"@id\":\"https:\/\/abaa.mx\/tienda\/#organization\"},\"potentialAction\":[{\"@type\":\"SearchAction\",\"target\":{\"@type\":\"EntryPoint\",\"urlTemplate\":\"https:\/\/abaa.mx\/tienda\/?s={search_term_string}\"},\"query-input\":{\"@type\":\"PropertyValueSpecification\",\"valueRequired\":true,\"valueName\":\"search_term_string\"}}],\"inLanguage\":\"es\"},{\"@type\":\"Organization\",\"@id\":\"https:\/\/abaa.mx\/tienda\/#organization\",\"name\":\"Abaa tienda online\",\"url\":\"https:\/\/abaa.mx\/tienda\/\",\"logo\":{\"@type\":\"ImageObject\",\"inLanguage\":\"es\",\"@id\":\"https:\/\/abaa.mx\/tienda\/#\/schema\/logo\/image\/\",\"url\":\"https:\/\/abaa.mx\/tienda\/wp-content\/uploads\/2024\/01\/abaa-metrologia-tienda.png\",\"contentUrl\":\"https:\/\/abaa.mx\/tienda\/wp-content\/uploads\/2024\/01\/abaa-metrologia-tienda.png\",\"width\":300,\"height\":141,\"caption\":\"Abaa tienda online\"},\"image\":{\"@id\":\"https:\/\/abaa.mx\/tienda\/#\/schema\/logo\/image\/\"}}]}<\/script>\n<!-- \/ Yoast SEO plugin. -->","yoast_head_json":{"title":"Kit Hioki -KITHPK3 - Abaa tienda online","robots":{"index":"index","follow":"follow","max-snippet":"max-snippet:-1","max-image-preview":"max-image-preview:large","max-video-preview":"max-video-preview:-1"},"canonical":"https:\/\/abaa.mx\/tienda\/kit-hioki-kithpk3\/","og_locale":"es_MX","og_type":"article","og_title":"Kit Hioki -KITHPK3 - Abaa tienda online","og_description":"Kit de 6 Instrumentos Hioki -HPK-3 Este modelo de uso general a\u00f1ade la medici\u00f3n de capacitancia a las funcionalidades b\u00e1sicas de medici\u00f3n del mult\u00edmetro, y tambi\u00e9n incluye la aptitud de registrar valores m\u00e1ximos, m\u00ednimos y promedio para un favorable an\u00e1lisis de datos de medici\u00f3n. Incluye:  HK-3280-10F Medidor de abrazadera-HK-FT3700-20 Pistola de Infrarrojo Malet\u00edn para HPK3 HK-PD3129-10 Medidor de rotaci\u00f3n de fase HK-3120 Detector de Voltaje Cat IV 1000V HK-DT4255 Mult\u00edmetro Digital HK-IR4056-20 Medidor de Aislamiento","og_url":"https:\/\/abaa.mx\/tienda\/kit-hioki-kithpk3\/","og_site_name":"Abaa tienda online","article_modified_time":"2023-10-25T14:05:54+00:00","og_image":[{"width":486,"height":328,"url":"https:\/\/abaa.mx\/tienda\/wp-content\/uploads\/2023\/10\/HIOKI-KITHPK3.jpg","type":"image\/jpeg"}],"twitter_card":"summary_large_image","twitter_misc":{"Tiempo de lectura":"1 minuto"},"schema":{"@context":"https:\/\/schema.org","@graph":[{"@type":"WebPage","@id":"https:\/\/abaa.mx\/tienda\/kit-hioki-kithpk3\/","url":"https:\/\/abaa.mx\/tienda\/kit-hioki-kithpk3\/","name":"Kit Hioki -KITHPK3 - Abaa tienda online","isPartOf":{"@id":"https:\/\/abaa.mx\/tienda\/#website"},"primaryImageOfPage":{"@id":"https:\/\/abaa.mx\/tienda\/kit-hioki-kithpk3\/#primaryimage"},"image":{"@id":"https:\/\/abaa.mx\/tienda\/kit-hioki-kithpk3\/#primaryimage"},"thumbnailUrl":"https:\/\/abaa.mx\/tienda\/wp-content\/uploads\/2023\/10\/HIOKI-KITHPK3.jpg","datePublished":"2023-10-24T20:58:24+00:00","dateModified":"2023-10-25T14:05:54+00:00","breadcrumb":{"@id":"https:\/\/abaa.mx\/tienda\/kit-hioki-kithpk3\/#breadcrumb"},"inLanguage":"es","potentialAction":[{"@type":"ReadAction","target":["https:\/\/abaa.mx\/tienda\/kit-hioki-kithpk3\/"]}]},{"@type":"ImageObject","inLanguage":"es","@id":"https:\/\/abaa.mx\/tienda\/kit-hioki-kithpk3\/#primaryimage","url":"https:\/\/abaa.mx\/tienda\/wp-content\/uploads\/2023\/10\/HIOKI-KITHPK3.jpg","contentUrl":"https:\/\/abaa.mx\/tienda\/wp-content\/uploads\/2023\/10\/HIOKI-KITHPK3.jpg","width":486,"height":328,"caption":"HIOKI-KITHPK3"},{"@type":"BreadcrumbList","@id":"https:\/\/abaa.mx\/tienda\/kit-hioki-kithpk3\/#breadcrumb","itemListElement":[{"@type":"ListItem","position":1,"name":"Inicio","item":"https:\/\/abaa.mx\/tienda\/"},{"@type":"ListItem","position":2,"name":"Tienda","item":"https:\/\/abaa.mx\/tienda\/"},{"@type":"ListItem","position":3,"name":"Kit Hioki -KITHPK3"}]},{"@type":"WebSite","@id":"https:\/\/abaa.mx\/tienda\/#website","url":"https:\/\/abaa.mx\/tienda\/","name":"Abaa tienda online","description":"Instrumentos de medici\u00f3n","publisher":{"@id":"https:\/\/abaa.mx\/tienda\/#organization"},"potentialAction":[{"@type":"SearchAction","target":{"@type":"EntryPoint","urlTemplate":"https:\/\/abaa.mx\/tienda\/?s={search_term_string}"},"query-input":{"@type":"PropertyValueSpecification","valueRequired":true,"valueName":"search_term_string"}}],"inLanguage":"es"},{"@type":"Organization","@id":"https:\/\/abaa.mx\/tienda\/#organization","name":"Abaa tienda online","url":"https:\/\/abaa.mx\/tienda\/","logo":{"@type":"ImageObject","inLanguage":"es","@id":"https:\/\/abaa.mx\/tienda\/#\/schema\/logo\/image\/","url":"https:\/\/abaa.mx\/tienda\/wp-content\/uploads\/2024\/01\/abaa-metrologia-tienda.png","contentUrl":"https:\/\/abaa.mx\/tienda\/wp-content\/uploads\/2024\/01\/abaa-metrologia-tienda.png","width":300,"height":141,"caption":"Abaa tienda online"},"image":{"@id":"https:\/\/abaa.mx\/tienda\/#\/schema\/logo\/image\/"}}]}},"_links":{"self":[{"href":"https:\/\/abaa.mx\/tienda\/wp-json\/wp\/v2\/product\/7757","targetHints":{"allow":["GET"]}}],"collection":[{"href":"https:\/\/abaa.mx\/tienda\/wp-json\/wp\/v2\/product"}],"about":[{"href":"https:\/\/abaa.mx\/tienda\/wp-json\/wp\/v2\/types\/product"}],"replies":[{"embeddable":true,"href":"https:\/\/abaa.mx\/tienda\/wp-json\/wp\/v2\/comments?post=7757"}],"wp:featuredmedia":[{"embeddable":true,"href":"https:\/\/abaa.mx\/tienda\/wp-json\/wp\/v2\/media\/7759"}],"wp:attachment":[{"href":"https:\/\/abaa.mx\/tienda\/wp-json\/wp\/v2\/media?parent=7757"}],"wp:term":[{"taxonomy":"product_brand","embeddable":true,"href":"https:\/\/abaa.mx\/tienda\/wp-json\/wp\/v2\/product_brand?post=7757"},{"taxonomy":"product_cat","embeddable":true,"href":"https:\/\/abaa.mx\/tienda\/wp-json\/wp\/v2\/product_cat?post=7757"},{"taxonomy":"product_tag","embeddable":true,"href":"https:\/\/abaa.mx\/tienda\/wp-json\/wp\/v2\/product_tag?post=7757"}],"curies":[{"name":"wp","href":"https:\/\/api.w.org\/{rel}","templated":true}]}}