{"id":7743,"date":"2023-10-24T20:40:03","date_gmt":"2023-10-24T20:40:03","guid":{"rendered":"https:\/\/abaa.mx\/tienda\/?post_type=product&#038;p=7743"},"modified":"2023-11-28T15:23:34","modified_gmt":"2023-11-28T15:23:34","slug":"alcoscan-alcoholimetro-pasivo-no-utiliza-boquillas","status":"publish","type":"product","link":"https:\/\/abaa.mx\/tienda\/alcoscan-alcoholimetro-pasivo-no-utiliza-boquillas\/","title":{"rendered":"Alcoscan Alcoholimetro Pasivo no utiliza boquillas"},"content":{"rendered":"<p><strong>ESPECIFICACIONES TECNICAS:<\/strong><\/p>\n<div class=\"scrollable-wrapper\">\n<table width=\"482\">\n<tbody>\n<tr>\n<td colspan=\"2\" width=\"482\"><strong>ALCOSCAN\u2122<\/strong><\/td>\n<\/tr>\n<tr>\n<td><strong>Tama\u00f1o:<\/strong><\/td>\n<td width=\"178\"><strong>220 mm x 47 mm x 35 mm<\/strong><\/td>\n<\/tr>\n<tr>\n<td><strong>Peso:<\/strong><\/td>\n<td width=\"178\"><strong>223 gramos<\/strong><\/td>\n<\/tr>\n<tr>\n<td><strong>Sensor:<\/strong><\/td>\n<td width=\"178\"><strong>Electroqu\u00edmico (c\u00e9lula de combustible)<\/strong><\/td>\n<\/tr>\n<tr>\n<td><strong>Especificidad:<\/strong><\/td>\n<td width=\"178\"><strong>S\u00f3lo alcohol, sin respuesta a cetonas o hidrocarburo<\/strong><\/td>\n<\/tr>\n<tr>\n<td><strong>Temperatura ambiente:<\/strong><\/td>\n<td width=\"178\"><strong>5\u00b0C a 50\u00b0C<\/strong><\/td>\n<\/tr>\n<tr>\n<td><strong>Ciclo de purga (prueba inicial):<\/strong><\/td>\n<td width=\"178\"><strong>&lt; 30 segundos<\/strong><\/td>\n<\/tr>\n<tr>\n<td><strong>Muestra de aliento:<\/strong><\/td>\n<td width=\"178\"><strong>Muestra de aliento de 5 segundos moderada y continua<\/strong><\/td>\n<\/tr>\n<tr>\n<td><strong>Tiempo de an\u00e1lisis:<\/strong><\/td>\n<td width=\"178\"><strong>&lt; 10 segundos<\/strong><\/td>\n<\/tr>\n<tr>\n<td><strong>Listo para un nuevo ciclo (tiempo de recuperaci\u00f3n):<\/strong><\/td>\n<td width=\"178\"><strong>15 a 45 segundos<\/strong><\/td>\n<\/tr>\n<tr>\n<td><strong>Rango de medici\u00f3n:<\/strong><\/td>\n<td width=\"178\"><strong>0 a 2.00 mg\/L<\/strong><\/td>\n<\/tr>\n<tr>\n<td><strong>Pantalla:<\/strong><\/td>\n<td width=\"178\"><strong>Interfaz LED<\/strong><\/td>\n<\/tr>\n<tr>\n<td><strong>Bater\u00eda:<\/strong><\/td>\n<td width=\"178\"><strong>4 bater\u00edas AA<\/strong><\/td>\n<\/tr>\n<tr>\n<td><strong>N\u00famero de pruebas:<\/strong><\/td>\n<td width=\"178\"><strong>5.000 (con nuevas bater\u00edas)<\/strong><\/td>\n<\/tr>\n<tr>\n<td><strong>Calibraci\u00f3n:<\/strong><\/td>\n<td width=\"178\"><strong>ALCOSIM\u2122 o equivalente<\/strong><\/td>\n<\/tr>\n<\/tbody>\n<\/table>\n<\/div>\n","protected":false},"excerpt":{"rendered":"<p>Este dise\u00f1o asegura inferiores fallos y elimina la necesidad de convertir los valores en entidades de medici\u00f3n elecciones. Verde \u2022 Tasa de alcohol en sangre descubierta cero o insignificante entre 0,00 y 0,019% \u00c1mbar \u2022 Tasa de alcohol en sangre detectada entre 0,02 y 0,05 %.<\/p>\n<p>ALCOSCAN es un medidor pasivo de aliento et\u00edlico f\u00e1cil de emplear con un sensor electroqu\u00edmico de alta sensibilidad. No necesita de una boquilla o de la participaci\u00f3n activa del usuario. Es con la capacidad de \u201colisquear \u201d el \u00e1mbito para advertir la existencia de alcohol.<\/p>\n<p>Apps ALCOSCAN puede utilizarse con o sin participaci\u00f3n activa del sujeto sometido a la prueba. Para la utilizaci\u00f3n activo, solicite al sujeto que espire en el orificio de entrada. Para realizar una prueba pasiva, s\u00f3lo tiene que sostener el ALCOSCAN en el medioambiente , como por poner un ejemplo el interior de un autom\u00f3vil o por encima de una bebida que probablemente contenga alcohol. La flexibilidad de ALCOSCAN hace que sea perfecto para las academias , los hospitales y las aplicaciones de seguridad industrial.<\/p>\n<p>Caracter\u00edsticas Funcionamiento con un bot\u00f3n Tanto si emplea el ALCOSCAN con una mano, con guantes o en entornos oscuros, agradecer\u00e1 el desempe\u00f1o simple de un solo bot\u00f3n. Sensor electroqu\u00edmico La \u00faltima tecnolog\u00eda de detecci\u00f3n de Alcohol Countermeasure Systems garantiza resultados fiables y repetitivos. El ALCOSCAN utiliza un sensor electroqu\u00edmico redise\u00f1ado (pila de combustible ) que es muy resistente a la desviaci\u00f3n y necesita una calibraci\u00f3n considerablemente menor que otras tecnolog\u00edas de detecci\u00f3n del alcohol. Pantalla LED El ALCOSCAN utiliza una simple green screen -\u00e1mbar-roja y los valores reales de la tasa de alcoholemia (BAC) para indicar los niveles de alcohol.<\/p>\n","protected":false},"featured_media":7754,"comment_status":"open","ping_status":"closed","template":"","meta":{"_joinchat":[]},"product_brand":[],"product_cat":[85],"product_tag":[],"class_list":{"0":"post-7743","1":"product","2":"type-product","3":"status-publish","4":"has-post-thumbnail","6":"product_cat-alcoholimetros","8":"first","9":"instock","10":"shipping-taxable","11":"product-type-simple"},"yoast_head":"<!-- This site is optimized with the Yoast SEO plugin v26.4 - https:\/\/yoast.com\/wordpress\/plugins\/seo\/ -->\n<title>Alcoscan Alcoholimetro Pasivo no utiliza boquillas - Abaa tienda online<\/title>\n<meta name=\"robots\" content=\"index, follow, max-snippet:-1, max-image-preview:large, max-video-preview:-1\" \/>\n<link rel=\"canonical\" href=\"https:\/\/abaa.mx\/tienda\/alcoscan-alcoholimetro-pasivo-no-utiliza-boquillas\/\" \/>\n<meta property=\"og:locale\" content=\"es_MX\" \/>\n<meta property=\"og:type\" content=\"article\" \/>\n<meta property=\"og:title\" content=\"Alcoscan Alcoholimetro Pasivo no utiliza boquillas - Abaa tienda online\" \/>\n<meta property=\"og:description\" content=\"Este dise\u00f1o asegura inferiores fallos y elimina la necesidad de convertir los valores en entidades de medici\u00f3n elecciones. Verde \u2022 Tasa de alcohol en sangre descubierta cero o insignificante entre 0,00 y 0,019% \u00c1mbar \u2022 Tasa de alcohol en sangre detectada entre 0,02 y 0,05 %.  ALCOSCAN es un medidor pasivo de aliento et\u00edlico f\u00e1cil de emplear con un sensor electroqu\u00edmico de alta sensibilidad. No necesita de una boquilla o de la participaci\u00f3n activa del usuario. Es con la capacidad de \u201colisquear \u201d el \u00e1mbito para advertir la existencia de alcohol.  Apps ALCOSCAN puede utilizarse con o sin participaci\u00f3n activa del sujeto sometido a la prueba. Para la utilizaci\u00f3n activo, solicite al sujeto que espire en el orificio de entrada. Para realizar una prueba pasiva, s\u00f3lo tiene que sostener el ALCOSCAN en el medioambiente , como por poner un ejemplo el interior de un autom\u00f3vil o por encima de una bebida que probablemente contenga alcohol. La flexibilidad de ALCOSCAN hace que sea perfecto para las academias , los hospitales y las aplicaciones de seguridad industrial.  Caracter\u00edsticas Funcionamiento con un bot\u00f3n Tanto si emplea el ALCOSCAN con una mano, con guantes o en entornos oscuros, agradecer\u00e1 el desempe\u00f1o simple de un solo bot\u00f3n. Sensor electroqu\u00edmico La \u00faltima tecnolog\u00eda de detecci\u00f3n de Alcohol Countermeasure Systems garantiza resultados fiables y repetitivos. El ALCOSCAN utiliza un sensor electroqu\u00edmico redise\u00f1ado (pila de combustible ) que es muy resistente a la desviaci\u00f3n y necesita una calibraci\u00f3n considerablemente menor que otras tecnolog\u00edas de detecci\u00f3n del alcohol. Pantalla LED El ALCOSCAN utiliza una simple green screen -\u00e1mbar-roja y los valores reales de la tasa de alcoholemia (BAC) para indicar los niveles de alcohol.\" \/>\n<meta property=\"og:url\" content=\"https:\/\/abaa.mx\/tienda\/alcoscan-alcoholimetro-pasivo-no-utiliza-boquillas\/\" \/>\n<meta property=\"og:site_name\" content=\"Abaa tienda online\" \/>\n<meta property=\"article:modified_time\" content=\"2023-11-28T15:23:34+00:00\" \/>\n<meta property=\"og:image\" content=\"https:\/\/abaa.mx\/tienda\/wp-content\/uploads\/2023\/10\/Alcosan.jpg\" \/>\n\t<meta property=\"og:image:width\" content=\"533\" \/>\n\t<meta property=\"og:image:height\" content=\"536\" \/>\n\t<meta property=\"og:image:type\" content=\"image\/jpeg\" \/>\n<meta name=\"twitter:card\" content=\"summary_large_image\" \/>\n<meta name=\"twitter:label1\" content=\"Tiempo de lectura\" \/>\n\t<meta name=\"twitter:data1\" content=\"1 minuto\" \/>\n<script type=\"application\/ld+json\" class=\"yoast-schema-graph\">{\"@context\":\"https:\/\/schema.org\",\"@graph\":[{\"@type\":\"WebPage\",\"@id\":\"https:\/\/abaa.mx\/tienda\/alcoscan-alcoholimetro-pasivo-no-utiliza-boquillas\/\",\"url\":\"https:\/\/abaa.mx\/tienda\/alcoscan-alcoholimetro-pasivo-no-utiliza-boquillas\/\",\"name\":\"Alcoscan Alcoholimetro Pasivo no utiliza boquillas - Abaa tienda online\",\"isPartOf\":{\"@id\":\"https:\/\/abaa.mx\/tienda\/#website\"},\"primaryImageOfPage\":{\"@id\":\"https:\/\/abaa.mx\/tienda\/alcoscan-alcoholimetro-pasivo-no-utiliza-boquillas\/#primaryimage\"},\"image\":{\"@id\":\"https:\/\/abaa.mx\/tienda\/alcoscan-alcoholimetro-pasivo-no-utiliza-boquillas\/#primaryimage\"},\"thumbnailUrl\":\"https:\/\/abaa.mx\/tienda\/wp-content\/uploads\/2023\/10\/Alcosan.jpg\",\"datePublished\":\"2023-10-24T20:40:03+00:00\",\"dateModified\":\"2023-11-28T15:23:34+00:00\",\"breadcrumb\":{\"@id\":\"https:\/\/abaa.mx\/tienda\/alcoscan-alcoholimetro-pasivo-no-utiliza-boquillas\/#breadcrumb\"},\"inLanguage\":\"es\",\"potentialAction\":[{\"@type\":\"ReadAction\",\"target\":[\"https:\/\/abaa.mx\/tienda\/alcoscan-alcoholimetro-pasivo-no-utiliza-boquillas\/\"]}]},{\"@type\":\"ImageObject\",\"inLanguage\":\"es\",\"@id\":\"https:\/\/abaa.mx\/tienda\/alcoscan-alcoholimetro-pasivo-no-utiliza-boquillas\/#primaryimage\",\"url\":\"https:\/\/abaa.mx\/tienda\/wp-content\/uploads\/2023\/10\/Alcosan.jpg\",\"contentUrl\":\"https:\/\/abaa.mx\/tienda\/wp-content\/uploads\/2023\/10\/Alcosan.jpg\",\"width\":533,\"height\":536,\"caption\":\"Alcosan\"},{\"@type\":\"BreadcrumbList\",\"@id\":\"https:\/\/abaa.mx\/tienda\/alcoscan-alcoholimetro-pasivo-no-utiliza-boquillas\/#breadcrumb\",\"itemListElement\":[{\"@type\":\"ListItem\",\"position\":1,\"name\":\"Inicio\",\"item\":\"https:\/\/abaa.mx\/tienda\/\"},{\"@type\":\"ListItem\",\"position\":2,\"name\":\"Tienda\",\"item\":\"https:\/\/abaa.mx\/tienda\/\"},{\"@type\":\"ListItem\",\"position\":3,\"name\":\"Alcoscan Alcoholimetro Pasivo no utiliza boquillas\"}]},{\"@type\":\"WebSite\",\"@id\":\"https:\/\/abaa.mx\/tienda\/#website\",\"url\":\"https:\/\/abaa.mx\/tienda\/\",\"name\":\"Abaa tienda online\",\"description\":\"Instrumentos de medici\u00f3n\",\"publisher\":{\"@id\":\"https:\/\/abaa.mx\/tienda\/#organization\"},\"potentialAction\":[{\"@type\":\"SearchAction\",\"target\":{\"@type\":\"EntryPoint\",\"urlTemplate\":\"https:\/\/abaa.mx\/tienda\/?s={search_term_string}\"},\"query-input\":{\"@type\":\"PropertyValueSpecification\",\"valueRequired\":true,\"valueName\":\"search_term_string\"}}],\"inLanguage\":\"es\"},{\"@type\":\"Organization\",\"@id\":\"https:\/\/abaa.mx\/tienda\/#organization\",\"name\":\"Abaa tienda online\",\"url\":\"https:\/\/abaa.mx\/tienda\/\",\"logo\":{\"@type\":\"ImageObject\",\"inLanguage\":\"es\",\"@id\":\"https:\/\/abaa.mx\/tienda\/#\/schema\/logo\/image\/\",\"url\":\"https:\/\/abaa.mx\/tienda\/wp-content\/uploads\/2024\/01\/abaa-metrologia-tienda.png\",\"contentUrl\":\"https:\/\/abaa.mx\/tienda\/wp-content\/uploads\/2024\/01\/abaa-metrologia-tienda.png\",\"width\":300,\"height\":141,\"caption\":\"Abaa tienda online\"},\"image\":{\"@id\":\"https:\/\/abaa.mx\/tienda\/#\/schema\/logo\/image\/\"}}]}<\/script>\n<!-- \/ Yoast SEO plugin. -->","yoast_head_json":{"title":"Alcoscan Alcoholimetro Pasivo no utiliza boquillas - Abaa tienda online","robots":{"index":"index","follow":"follow","max-snippet":"max-snippet:-1","max-image-preview":"max-image-preview:large","max-video-preview":"max-video-preview:-1"},"canonical":"https:\/\/abaa.mx\/tienda\/alcoscan-alcoholimetro-pasivo-no-utiliza-boquillas\/","og_locale":"es_MX","og_type":"article","og_title":"Alcoscan Alcoholimetro Pasivo no utiliza boquillas - Abaa tienda online","og_description":"Este dise\u00f1o asegura inferiores fallos y elimina la necesidad de convertir los valores en entidades de medici\u00f3n elecciones. Verde \u2022 Tasa de alcohol en sangre descubierta cero o insignificante entre 0,00 y 0,019% \u00c1mbar \u2022 Tasa de alcohol en sangre detectada entre 0,02 y 0,05 %.  ALCOSCAN es un medidor pasivo de aliento et\u00edlico f\u00e1cil de emplear con un sensor electroqu\u00edmico de alta sensibilidad. No necesita de una boquilla o de la participaci\u00f3n activa del usuario. Es con la capacidad de \u201colisquear \u201d el \u00e1mbito para advertir la existencia de alcohol.  Apps ALCOSCAN puede utilizarse con o sin participaci\u00f3n activa del sujeto sometido a la prueba. Para la utilizaci\u00f3n activo, solicite al sujeto que espire en el orificio de entrada. Para realizar una prueba pasiva, s\u00f3lo tiene que sostener el ALCOSCAN en el medioambiente , como por poner un ejemplo el interior de un autom\u00f3vil o por encima de una bebida que probablemente contenga alcohol. La flexibilidad de ALCOSCAN hace que sea perfecto para las academias , los hospitales y las aplicaciones de seguridad industrial.  Caracter\u00edsticas Funcionamiento con un bot\u00f3n Tanto si emplea el ALCOSCAN con una mano, con guantes o en entornos oscuros, agradecer\u00e1 el desempe\u00f1o simple de un solo bot\u00f3n. Sensor electroqu\u00edmico La \u00faltima tecnolog\u00eda de detecci\u00f3n de Alcohol Countermeasure Systems garantiza resultados fiables y repetitivos. El ALCOSCAN utiliza un sensor electroqu\u00edmico redise\u00f1ado (pila de combustible ) que es muy resistente a la desviaci\u00f3n y necesita una calibraci\u00f3n considerablemente menor que otras tecnolog\u00edas de detecci\u00f3n del alcohol. Pantalla LED El ALCOSCAN utiliza una simple green screen -\u00e1mbar-roja y los valores reales de la tasa de alcoholemia (BAC) para indicar los niveles de alcohol.","og_url":"https:\/\/abaa.mx\/tienda\/alcoscan-alcoholimetro-pasivo-no-utiliza-boquillas\/","og_site_name":"Abaa tienda online","article_modified_time":"2023-11-28T15:23:34+00:00","og_image":[{"width":533,"height":536,"url":"https:\/\/abaa.mx\/tienda\/wp-content\/uploads\/2023\/10\/Alcosan.jpg","type":"image\/jpeg"}],"twitter_card":"summary_large_image","twitter_misc":{"Tiempo de lectura":"1 minuto"},"schema":{"@context":"https:\/\/schema.org","@graph":[{"@type":"WebPage","@id":"https:\/\/abaa.mx\/tienda\/alcoscan-alcoholimetro-pasivo-no-utiliza-boquillas\/","url":"https:\/\/abaa.mx\/tienda\/alcoscan-alcoholimetro-pasivo-no-utiliza-boquillas\/","name":"Alcoscan Alcoholimetro Pasivo no utiliza boquillas - Abaa tienda online","isPartOf":{"@id":"https:\/\/abaa.mx\/tienda\/#website"},"primaryImageOfPage":{"@id":"https:\/\/abaa.mx\/tienda\/alcoscan-alcoholimetro-pasivo-no-utiliza-boquillas\/#primaryimage"},"image":{"@id":"https:\/\/abaa.mx\/tienda\/alcoscan-alcoholimetro-pasivo-no-utiliza-boquillas\/#primaryimage"},"thumbnailUrl":"https:\/\/abaa.mx\/tienda\/wp-content\/uploads\/2023\/10\/Alcosan.jpg","datePublished":"2023-10-24T20:40:03+00:00","dateModified":"2023-11-28T15:23:34+00:00","breadcrumb":{"@id":"https:\/\/abaa.mx\/tienda\/alcoscan-alcoholimetro-pasivo-no-utiliza-boquillas\/#breadcrumb"},"inLanguage":"es","potentialAction":[{"@type":"ReadAction","target":["https:\/\/abaa.mx\/tienda\/alcoscan-alcoholimetro-pasivo-no-utiliza-boquillas\/"]}]},{"@type":"ImageObject","inLanguage":"es","@id":"https:\/\/abaa.mx\/tienda\/alcoscan-alcoholimetro-pasivo-no-utiliza-boquillas\/#primaryimage","url":"https:\/\/abaa.mx\/tienda\/wp-content\/uploads\/2023\/10\/Alcosan.jpg","contentUrl":"https:\/\/abaa.mx\/tienda\/wp-content\/uploads\/2023\/10\/Alcosan.jpg","width":533,"height":536,"caption":"Alcosan"},{"@type":"BreadcrumbList","@id":"https:\/\/abaa.mx\/tienda\/alcoscan-alcoholimetro-pasivo-no-utiliza-boquillas\/#breadcrumb","itemListElement":[{"@type":"ListItem","position":1,"name":"Inicio","item":"https:\/\/abaa.mx\/tienda\/"},{"@type":"ListItem","position":2,"name":"Tienda","item":"https:\/\/abaa.mx\/tienda\/"},{"@type":"ListItem","position":3,"name":"Alcoscan Alcoholimetro Pasivo no utiliza boquillas"}]},{"@type":"WebSite","@id":"https:\/\/abaa.mx\/tienda\/#website","url":"https:\/\/abaa.mx\/tienda\/","name":"Abaa tienda online","description":"Instrumentos de medici\u00f3n","publisher":{"@id":"https:\/\/abaa.mx\/tienda\/#organization"},"potentialAction":[{"@type":"SearchAction","target":{"@type":"EntryPoint","urlTemplate":"https:\/\/abaa.mx\/tienda\/?s={search_term_string}"},"query-input":{"@type":"PropertyValueSpecification","valueRequired":true,"valueName":"search_term_string"}}],"inLanguage":"es"},{"@type":"Organization","@id":"https:\/\/abaa.mx\/tienda\/#organization","name":"Abaa tienda online","url":"https:\/\/abaa.mx\/tienda\/","logo":{"@type":"ImageObject","inLanguage":"es","@id":"https:\/\/abaa.mx\/tienda\/#\/schema\/logo\/image\/","url":"https:\/\/abaa.mx\/tienda\/wp-content\/uploads\/2024\/01\/abaa-metrologia-tienda.png","contentUrl":"https:\/\/abaa.mx\/tienda\/wp-content\/uploads\/2024\/01\/abaa-metrologia-tienda.png","width":300,"height":141,"caption":"Abaa tienda online"},"image":{"@id":"https:\/\/abaa.mx\/tienda\/#\/schema\/logo\/image\/"}}]}},"_links":{"self":[{"href":"https:\/\/abaa.mx\/tienda\/wp-json\/wp\/v2\/product\/7743","targetHints":{"allow":["GET"]}}],"collection":[{"href":"https:\/\/abaa.mx\/tienda\/wp-json\/wp\/v2\/product"}],"about":[{"href":"https:\/\/abaa.mx\/tienda\/wp-json\/wp\/v2\/types\/product"}],"replies":[{"embeddable":true,"href":"https:\/\/abaa.mx\/tienda\/wp-json\/wp\/v2\/comments?post=7743"}],"wp:featuredmedia":[{"embeddable":true,"href":"https:\/\/abaa.mx\/tienda\/wp-json\/wp\/v2\/media\/7754"}],"wp:attachment":[{"href":"https:\/\/abaa.mx\/tienda\/wp-json\/wp\/v2\/media?parent=7743"}],"wp:term":[{"taxonomy":"product_brand","embeddable":true,"href":"https:\/\/abaa.mx\/tienda\/wp-json\/wp\/v2\/product_brand?post=7743"},{"taxonomy":"product_cat","embeddable":true,"href":"https:\/\/abaa.mx\/tienda\/wp-json\/wp\/v2\/product_cat?post=7743"},{"taxonomy":"product_tag","embeddable":true,"href":"https:\/\/abaa.mx\/tienda\/wp-json\/wp\/v2\/product_tag?post=7743"}],"curies":[{"name":"wp","href":"https:\/\/api.w.org\/{rel}","templated":true}]}}