{"id":7742,"date":"2023-10-24T20:50:17","date_gmt":"2023-10-24T20:50:17","guid":{"rendered":"https:\/\/abaa.mx\/tienda\/?post_type=product&#038;p=7742"},"modified":"2023-10-24T20:55:30","modified_gmt":"2023-10-24T20:55:30","slug":"alcoholimetro-digital-no-requiere-boquillas-modelo-fc5","status":"publish","type":"product","link":"https:\/\/abaa.mx\/tienda\/alcoholimetro-digital-no-requiere-boquillas-modelo-fc5\/","title":{"rendered":"Alcohol\u00edmetro Digital No Requiere Boquillas Modelo FC5"},"content":{"rendered":"<p><b>MODO DE USO QUE ALFAMETRIC RECOMIENDA<\/b><\/p>\n<ul>\n<li>Indique al sujeto a soplar constantemente hacia la boquilla.<\/li>\n<li>Lea los resultados.<\/li>\n<li>La prueba se activar\u00e1 autom\u00e1ticamente una vez que el sujeto ha proporcionado una muestra adecuada.<\/li>\n<li>Coloque la boquilla de muestreo a 4\u2019\u2019 o 10 cm de la boca del sujeto.<\/li>\n<\/ul>\n","protected":false},"excerpt":{"rendered":"<p>El alcohol\u00edmetro LF-FC5 para detecci\u00f3n de alcohol en aliento, es el mucho m\u00e1s reciente lanzamiento. El equipo LF-FC5 deja al usuario detectar de forma r\u00e1pida , sin usar boquillas, la existencia de contenido alcoh\u00f3lico en una exhibe de aliento, consiguiendo desenlaces cualitativos enormemente fiables. Este aparato es ideal para entornos de tolerancia cero. Simple de interpretar los iconos e indicadores de nivel de bater\u00eda. Modo de niveles cambiantes para un muestreo mucho m\u00e1s exacto y modo especial abrir contenedor para bebidas y derrames. Exhibe la curva de alcohol mientras que da normas para asegurarse de tomar la prueba correcta. Contestaci\u00f3n inmediata en negativos y &lt;diez segundos en positivos. Recuperaci\u00f3n inmediata en negativos y &lt;30 segundos en positivos. El mejor alcohol\u00edmetro de su clase en temperatura de operaci\u00f3n.<\/p>\n","protected":false},"featured_media":7756,"comment_status":"open","ping_status":"closed","template":"","meta":{"_joinchat":[]},"product_brand":[],"product_cat":[85],"product_tag":[],"class_list":{"0":"post-7742","1":"product","2":"type-product","3":"status-publish","4":"has-post-thumbnail","6":"product_cat-alcoholimetros","8":"first","9":"instock","10":"shipping-taxable","11":"product-type-simple"},"yoast_head":"<!-- This site is optimized with the Yoast SEO plugin v26.4 - https:\/\/yoast.com\/wordpress\/plugins\/seo\/ -->\n<title>Alcohol\u00edmetro Digital No Requiere Boquillas Modelo FC5 - Abaa tienda online<\/title>\n<meta name=\"robots\" content=\"index, follow, max-snippet:-1, max-image-preview:large, max-video-preview:-1\" \/>\n<link rel=\"canonical\" href=\"https:\/\/abaa.mx\/tienda\/alcoholimetro-digital-no-requiere-boquillas-modelo-fc5\/\" \/>\n<meta property=\"og:locale\" content=\"es_MX\" \/>\n<meta property=\"og:type\" content=\"article\" \/>\n<meta property=\"og:title\" content=\"Alcohol\u00edmetro Digital No Requiere Boquillas Modelo FC5 - Abaa tienda online\" \/>\n<meta property=\"og:description\" content=\"El alcohol\u00edmetro LF-FC5 para detecci\u00f3n de alcohol en aliento, es el mucho m\u00e1s reciente lanzamiento. El equipo LF-FC5 deja al usuario detectar de forma r\u00e1pida , sin usar boquillas, la existencia de contenido alcoh\u00f3lico en una exhibe de aliento, consiguiendo desenlaces cualitativos enormemente fiables. Este aparato es ideal para entornos de tolerancia cero. Simple de interpretar los iconos e indicadores de nivel de bater\u00eda. Modo de niveles cambiantes para un muestreo mucho m\u00e1s exacto y modo especial abrir contenedor para bebidas y derrames. Exhibe la curva de alcohol mientras que da normas para asegurarse de tomar la prueba correcta. Contestaci\u00f3n inmediata en negativos y &lt;diez segundos en positivos. Recuperaci\u00f3n inmediata en negativos y &lt;30 segundos en positivos. El mejor alcohol\u00edmetro de su clase en temperatura de operaci\u00f3n.\" \/>\n<meta property=\"og:url\" content=\"https:\/\/abaa.mx\/tienda\/alcoholimetro-digital-no-requiere-boquillas-modelo-fc5\/\" \/>\n<meta property=\"og:site_name\" content=\"Abaa tienda online\" \/>\n<meta property=\"article:modified_time\" content=\"2023-10-24T20:55:30+00:00\" \/>\n<meta property=\"og:image\" content=\"https:\/\/abaa.mx\/tienda\/wp-content\/uploads\/2023\/10\/Lifefloc-FC5.jpg\" \/>\n\t<meta property=\"og:image:width\" content=\"472\" \/>\n\t<meta property=\"og:image:height\" content=\"475\" \/>\n\t<meta property=\"og:image:type\" content=\"image\/jpeg\" \/>\n<meta name=\"twitter:card\" content=\"summary_large_image\" \/>\n<meta name=\"twitter:label1\" content=\"Tiempo de lectura\" \/>\n\t<meta name=\"twitter:data1\" content=\"1 minuto\" \/>\n<script type=\"application\/ld+json\" class=\"yoast-schema-graph\">{\"@context\":\"https:\/\/schema.org\",\"@graph\":[{\"@type\":\"WebPage\",\"@id\":\"https:\/\/abaa.mx\/tienda\/alcoholimetro-digital-no-requiere-boquillas-modelo-fc5\/\",\"url\":\"https:\/\/abaa.mx\/tienda\/alcoholimetro-digital-no-requiere-boquillas-modelo-fc5\/\",\"name\":\"Alcohol\u00edmetro Digital No Requiere Boquillas Modelo FC5 - Abaa tienda online\",\"isPartOf\":{\"@id\":\"https:\/\/abaa.mx\/tienda\/#website\"},\"primaryImageOfPage\":{\"@id\":\"https:\/\/abaa.mx\/tienda\/alcoholimetro-digital-no-requiere-boquillas-modelo-fc5\/#primaryimage\"},\"image\":{\"@id\":\"https:\/\/abaa.mx\/tienda\/alcoholimetro-digital-no-requiere-boquillas-modelo-fc5\/#primaryimage\"},\"thumbnailUrl\":\"https:\/\/abaa.mx\/tienda\/wp-content\/uploads\/2023\/10\/Lifefloc-FC5.jpg\",\"datePublished\":\"2023-10-24T20:50:17+00:00\",\"dateModified\":\"2023-10-24T20:55:30+00:00\",\"breadcrumb\":{\"@id\":\"https:\/\/abaa.mx\/tienda\/alcoholimetro-digital-no-requiere-boquillas-modelo-fc5\/#breadcrumb\"},\"inLanguage\":\"es\",\"potentialAction\":[{\"@type\":\"ReadAction\",\"target\":[\"https:\/\/abaa.mx\/tienda\/alcoholimetro-digital-no-requiere-boquillas-modelo-fc5\/\"]}]},{\"@type\":\"ImageObject\",\"inLanguage\":\"es\",\"@id\":\"https:\/\/abaa.mx\/tienda\/alcoholimetro-digital-no-requiere-boquillas-modelo-fc5\/#primaryimage\",\"url\":\"https:\/\/abaa.mx\/tienda\/wp-content\/uploads\/2023\/10\/Lifefloc-FC5.jpg\",\"contentUrl\":\"https:\/\/abaa.mx\/tienda\/wp-content\/uploads\/2023\/10\/Lifefloc-FC5.jpg\",\"width\":472,\"height\":475,\"caption\":\"Lifefloc FC5\"},{\"@type\":\"BreadcrumbList\",\"@id\":\"https:\/\/abaa.mx\/tienda\/alcoholimetro-digital-no-requiere-boquillas-modelo-fc5\/#breadcrumb\",\"itemListElement\":[{\"@type\":\"ListItem\",\"position\":1,\"name\":\"Inicio\",\"item\":\"https:\/\/abaa.mx\/tienda\/\"},{\"@type\":\"ListItem\",\"position\":2,\"name\":\"Tienda\",\"item\":\"https:\/\/abaa.mx\/tienda\/\"},{\"@type\":\"ListItem\",\"position\":3,\"name\":\"Alcohol\u00edmetro Digital No Requiere Boquillas Modelo FC5\"}]},{\"@type\":\"WebSite\",\"@id\":\"https:\/\/abaa.mx\/tienda\/#website\",\"url\":\"https:\/\/abaa.mx\/tienda\/\",\"name\":\"Abaa tienda online\",\"description\":\"Instrumentos de medici\u00f3n\",\"publisher\":{\"@id\":\"https:\/\/abaa.mx\/tienda\/#organization\"},\"potentialAction\":[{\"@type\":\"SearchAction\",\"target\":{\"@type\":\"EntryPoint\",\"urlTemplate\":\"https:\/\/abaa.mx\/tienda\/?s={search_term_string}\"},\"query-input\":{\"@type\":\"PropertyValueSpecification\",\"valueRequired\":true,\"valueName\":\"search_term_string\"}}],\"inLanguage\":\"es\"},{\"@type\":\"Organization\",\"@id\":\"https:\/\/abaa.mx\/tienda\/#organization\",\"name\":\"Abaa tienda online\",\"url\":\"https:\/\/abaa.mx\/tienda\/\",\"logo\":{\"@type\":\"ImageObject\",\"inLanguage\":\"es\",\"@id\":\"https:\/\/abaa.mx\/tienda\/#\/schema\/logo\/image\/\",\"url\":\"https:\/\/abaa.mx\/tienda\/wp-content\/uploads\/2024\/01\/abaa-metrologia-tienda.png\",\"contentUrl\":\"https:\/\/abaa.mx\/tienda\/wp-content\/uploads\/2024\/01\/abaa-metrologia-tienda.png\",\"width\":300,\"height\":141,\"caption\":\"Abaa tienda online\"},\"image\":{\"@id\":\"https:\/\/abaa.mx\/tienda\/#\/schema\/logo\/image\/\"}}]}<\/script>\n<!-- \/ Yoast SEO plugin. -->","yoast_head_json":{"title":"Alcohol\u00edmetro Digital No Requiere Boquillas Modelo FC5 - Abaa tienda online","robots":{"index":"index","follow":"follow","max-snippet":"max-snippet:-1","max-image-preview":"max-image-preview:large","max-video-preview":"max-video-preview:-1"},"canonical":"https:\/\/abaa.mx\/tienda\/alcoholimetro-digital-no-requiere-boquillas-modelo-fc5\/","og_locale":"es_MX","og_type":"article","og_title":"Alcohol\u00edmetro Digital No Requiere Boquillas Modelo FC5 - Abaa tienda online","og_description":"El alcohol\u00edmetro LF-FC5 para detecci\u00f3n de alcohol en aliento, es el mucho m\u00e1s reciente lanzamiento. El equipo LF-FC5 deja al usuario detectar de forma r\u00e1pida , sin usar boquillas, la existencia de contenido alcoh\u00f3lico en una exhibe de aliento, consiguiendo desenlaces cualitativos enormemente fiables. Este aparato es ideal para entornos de tolerancia cero. Simple de interpretar los iconos e indicadores de nivel de bater\u00eda. Modo de niveles cambiantes para un muestreo mucho m\u00e1s exacto y modo especial abrir contenedor para bebidas y derrames. Exhibe la curva de alcohol mientras que da normas para asegurarse de tomar la prueba correcta. Contestaci\u00f3n inmediata en negativos y &lt;diez segundos en positivos. Recuperaci\u00f3n inmediata en negativos y &lt;30 segundos en positivos. El mejor alcohol\u00edmetro de su clase en temperatura de operaci\u00f3n.","og_url":"https:\/\/abaa.mx\/tienda\/alcoholimetro-digital-no-requiere-boquillas-modelo-fc5\/","og_site_name":"Abaa tienda online","article_modified_time":"2023-10-24T20:55:30+00:00","og_image":[{"width":472,"height":475,"url":"https:\/\/abaa.mx\/tienda\/wp-content\/uploads\/2023\/10\/Lifefloc-FC5.jpg","type":"image\/jpeg"}],"twitter_card":"summary_large_image","twitter_misc":{"Tiempo de lectura":"1 minuto"},"schema":{"@context":"https:\/\/schema.org","@graph":[{"@type":"WebPage","@id":"https:\/\/abaa.mx\/tienda\/alcoholimetro-digital-no-requiere-boquillas-modelo-fc5\/","url":"https:\/\/abaa.mx\/tienda\/alcoholimetro-digital-no-requiere-boquillas-modelo-fc5\/","name":"Alcohol\u00edmetro Digital No Requiere Boquillas Modelo FC5 - Abaa tienda online","isPartOf":{"@id":"https:\/\/abaa.mx\/tienda\/#website"},"primaryImageOfPage":{"@id":"https:\/\/abaa.mx\/tienda\/alcoholimetro-digital-no-requiere-boquillas-modelo-fc5\/#primaryimage"},"image":{"@id":"https:\/\/abaa.mx\/tienda\/alcoholimetro-digital-no-requiere-boquillas-modelo-fc5\/#primaryimage"},"thumbnailUrl":"https:\/\/abaa.mx\/tienda\/wp-content\/uploads\/2023\/10\/Lifefloc-FC5.jpg","datePublished":"2023-10-24T20:50:17+00:00","dateModified":"2023-10-24T20:55:30+00:00","breadcrumb":{"@id":"https:\/\/abaa.mx\/tienda\/alcoholimetro-digital-no-requiere-boquillas-modelo-fc5\/#breadcrumb"},"inLanguage":"es","potentialAction":[{"@type":"ReadAction","target":["https:\/\/abaa.mx\/tienda\/alcoholimetro-digital-no-requiere-boquillas-modelo-fc5\/"]}]},{"@type":"ImageObject","inLanguage":"es","@id":"https:\/\/abaa.mx\/tienda\/alcoholimetro-digital-no-requiere-boquillas-modelo-fc5\/#primaryimage","url":"https:\/\/abaa.mx\/tienda\/wp-content\/uploads\/2023\/10\/Lifefloc-FC5.jpg","contentUrl":"https:\/\/abaa.mx\/tienda\/wp-content\/uploads\/2023\/10\/Lifefloc-FC5.jpg","width":472,"height":475,"caption":"Lifefloc FC5"},{"@type":"BreadcrumbList","@id":"https:\/\/abaa.mx\/tienda\/alcoholimetro-digital-no-requiere-boquillas-modelo-fc5\/#breadcrumb","itemListElement":[{"@type":"ListItem","position":1,"name":"Inicio","item":"https:\/\/abaa.mx\/tienda\/"},{"@type":"ListItem","position":2,"name":"Tienda","item":"https:\/\/abaa.mx\/tienda\/"},{"@type":"ListItem","position":3,"name":"Alcohol\u00edmetro Digital No Requiere Boquillas Modelo FC5"}]},{"@type":"WebSite","@id":"https:\/\/abaa.mx\/tienda\/#website","url":"https:\/\/abaa.mx\/tienda\/","name":"Abaa tienda online","description":"Instrumentos de medici\u00f3n","publisher":{"@id":"https:\/\/abaa.mx\/tienda\/#organization"},"potentialAction":[{"@type":"SearchAction","target":{"@type":"EntryPoint","urlTemplate":"https:\/\/abaa.mx\/tienda\/?s={search_term_string}"},"query-input":{"@type":"PropertyValueSpecification","valueRequired":true,"valueName":"search_term_string"}}],"inLanguage":"es"},{"@type":"Organization","@id":"https:\/\/abaa.mx\/tienda\/#organization","name":"Abaa tienda online","url":"https:\/\/abaa.mx\/tienda\/","logo":{"@type":"ImageObject","inLanguage":"es","@id":"https:\/\/abaa.mx\/tienda\/#\/schema\/logo\/image\/","url":"https:\/\/abaa.mx\/tienda\/wp-content\/uploads\/2024\/01\/abaa-metrologia-tienda.png","contentUrl":"https:\/\/abaa.mx\/tienda\/wp-content\/uploads\/2024\/01\/abaa-metrologia-tienda.png","width":300,"height":141,"caption":"Abaa tienda online"},"image":{"@id":"https:\/\/abaa.mx\/tienda\/#\/schema\/logo\/image\/"}}]}},"_links":{"self":[{"href":"https:\/\/abaa.mx\/tienda\/wp-json\/wp\/v2\/product\/7742","targetHints":{"allow":["GET"]}}],"collection":[{"href":"https:\/\/abaa.mx\/tienda\/wp-json\/wp\/v2\/product"}],"about":[{"href":"https:\/\/abaa.mx\/tienda\/wp-json\/wp\/v2\/types\/product"}],"replies":[{"embeddable":true,"href":"https:\/\/abaa.mx\/tienda\/wp-json\/wp\/v2\/comments?post=7742"}],"wp:featuredmedia":[{"embeddable":true,"href":"https:\/\/abaa.mx\/tienda\/wp-json\/wp\/v2\/media\/7756"}],"wp:attachment":[{"href":"https:\/\/abaa.mx\/tienda\/wp-json\/wp\/v2\/media?parent=7742"}],"wp:term":[{"taxonomy":"product_brand","embeddable":true,"href":"https:\/\/abaa.mx\/tienda\/wp-json\/wp\/v2\/product_brand?post=7742"},{"taxonomy":"product_cat","embeddable":true,"href":"https:\/\/abaa.mx\/tienda\/wp-json\/wp\/v2\/product_cat?post=7742"},{"taxonomy":"product_tag","embeddable":true,"href":"https:\/\/abaa.mx\/tienda\/wp-json\/wp\/v2\/product_tag?post=7742"}],"curies":[{"name":"wp","href":"https:\/\/api.w.org\/{rel}","templated":true}]}}