{"id":7735,"date":"2023-10-24T20:06:59","date_gmt":"2023-10-24T20:06:59","guid":{"rendered":"https:\/\/abaa.mx\/tienda\/?post_type=product&#038;p=7735"},"modified":"2023-10-24T20:07:00","modified_gmt":"2023-10-24T20:07:00","slug":"medidor-de-nivel-de-sonido-reed-r1620-serie-bluetooth-smart","status":"publish","type":"product","link":"https:\/\/abaa.mx\/tienda\/medidor-de-nivel-de-sonido-reed-r1620-serie-bluetooth-smart\/","title":{"rendered":"Medidor de nivel de sonido reed r1620, serie bluetooth smart"},"content":{"rendered":"<p>El R1620 es un son\u00f3metro compacto que se puede utilizar de forma independiente o con la aplicaci\u00f3n REED Smart Series (disponible para descargar en Android e iOS). Cuando se conecta a la aplicaci\u00f3n, el R1620 se puede configurar para registrar mediciones de datos durante un per\u00edodo determinado.<\/p>\n<h5><strong>Funciones<\/strong><\/h5>\n<ul>\n<li>Alta precisi\u00f3n de \u00b11,5 dB<\/li>\n<li>Ponderaci\u00f3n de frecuencia A y C<\/li>\n<li>Ponderaci\u00f3n de tiempo r\u00e1pido y lento<\/li>\n<li>F\u00e1cil de operar, dise\u00f1ado para operar con una sola mano<\/li>\n<li>La pantalla integrada proporciona flexibilidad para su uso sin un dispositivo m\u00f3vil<\/li>\n<li>El respaldo magn\u00e9tico permite que el instrumento se monte en superficies met\u00e1licas<\/li>\n<li>Funci\u00f3n de retenci\u00f3n de datos<\/li>\n<li>Indicador de bater\u00eda baja y apagado autom\u00e1tico<\/li>\n<li>Montaje en tr\u00edpode para monitorizaci\u00f3n a largo plazo<\/li>\n<\/ul>\n<p><strong>Cuando se usa con la aplicaci\u00f3n REED Smart Series:<\/strong><\/p>\n<ul>\n<li>Registrador de datos en tiempo real<\/li>\n<li>Frecuencia de muestreo seleccionable por el usuario de 1 a 120 segundos<\/li>\n<li>Bluetooth 5.0 proporciona conectividad a instrumentos a una distancia de hasta 246 pies (75 m)<\/li>\n<li>Conecte, mida y registre datos de hasta 6 instrumentos, simult\u00e1neamente<\/li>\n<li>F\u00e1cil configuraci\u00f3n con integraci\u00f3n autom\u00e1tica de aplicaciones para instrumentos compatibles de la serie REED Smart<\/li>\n<li>Exporte datos a trav\u00e9s de Excel o PDF y cree informes personalizados que se pueden enviar por correo electr\u00f3nico desde un dispositivo m\u00f3vil<\/li>\n<\/ul>\n<h4>Especificaciones de REED R1620<\/h4>\n<table class=\"table table-striped\">\n<tbody>\n<tr>\n<td>Rango de medici\u00f3n<\/td>\n<td>De 30 a 130 dB<\/td>\n<\/tr>\n<tr>\n<td>Exactitud<\/td>\n<td>\u00b11,5 dB (a 1 kHz)<\/td>\n<\/tr>\n<tr>\n<td>Resoluci\u00f3n<\/td>\n<td>0.1dB<\/td>\n<\/tr>\n<tr>\n<td>Monitor<\/td>\n<td>Pantalla LCD Nem\u00e1tica Retorcida Negra (EBTN) mejorada<\/td>\n<\/tr>\n<tr>\n<td>Tama\u00f1o de la pantalla<\/td>\n<td>1,3&#8243; (34 mm)<\/td>\n<\/tr>\n<tr>\n<td>Pantalla retroiluminada<\/td>\n<td>S\u00ed<\/td>\n<\/tr>\n<tr>\n<td>Retenci\u00f3n de datos<\/td>\n<td>S\u00ed<\/td>\n<\/tr>\n<tr>\n<td>Ponderaci\u00f3n de tiempo<\/td>\n<td>R\u00e1pido\/lento (125 mS y 1 s)<\/td>\n<\/tr>\n<tr>\n<td>Rango de frecuencia<\/td>\n<td>De 31,5 Hz a 8 kHz<\/td>\n<\/tr>\n<tr>\n<td>Frecuencia de actualizaci\u00f3n<\/td>\n<td>R\u00e1pido 0,5 veces\/segundo,<br \/>\nlento 1 veces\/segundo<\/td>\n<\/tr>\n<tr>\n<td>Ponderaci\u00f3n de frecuencia<\/td>\n<td>Aire acondicionado<\/td>\n<\/tr>\n<tr>\n<td>Micr\u00f3fono<\/td>\n<td>Condensador electret de 0,5&#8243; (12,7 mm)<\/td>\n<\/tr>\n<tr>\n<td>Capacidades de registro de datos<\/td>\n<td>S\u00ed (con la aplicaci\u00f3n Smart Series)<\/td>\n<\/tr>\n<tr>\n<td>Reloj en tiempo real y sello de fecha<\/td>\n<td>S\u00ed (con la aplicaci\u00f3n Smart Series)<\/td>\n<\/tr>\n<tr>\n<td>Frecuencia de muestreo personalizable<\/td>\n<td>S\u00ed<\/td>\n<\/tr>\n<tr>\n<td>Indicador de rango excesivo<\/td>\n<td>S\u00ed<\/td>\n<\/tr>\n<tr>\n<td>Apagado autom\u00e1tico<\/td>\n<td>S\u00ed (ajustable)<\/td>\n<\/tr>\n<tr>\n<td>Montaje en tr\u00edpode<\/td>\n<td>S\u00ed<\/td>\n<\/tr>\n<tr>\n<td>Respaldo magn\u00e9tico<\/td>\n<td>S\u00ed<\/td>\n<\/tr>\n<tr>\n<td>Indicador de bater\u00eda baja<\/td>\n<td>S\u00ed<\/td>\n<\/tr>\n<tr>\n<td>Fuente de alimentaci\u00f3n<\/td>\n<td>4 pilas AAA<\/td>\n<\/tr>\n<tr>\n<td>Duraci\u00f3n de la bater\u00eda<\/td>\n<td>Aprox. 50 horas (depende del tiempo de muestreo)<\/td>\n<\/tr>\n<tr>\n<td>Conectividad<\/td>\n<td>Bluetooth 5.0<\/td>\n<\/tr>\n<tr>\n<td>Alcance de Bluetooth<\/td>\n<td>Hasta 246&#8242; (75 m)<\/td>\n<\/tr>\n<tr>\n<td>M\u00e1x. # de dispositivos conectados<\/td>\n<td>6<\/td>\n<\/tr>\n<tr>\n<td>Software<\/td>\n<td>Aplicaci\u00f3n REED Smart Series (iOS y Android)<\/td>\n<\/tr>\n<tr>\n<td>Idiomas admitidos por la aplicaci\u00f3n<\/td>\n<td>Ingl\u00e9s, Franc\u00e9s<\/td>\n<\/tr>\n<tr>\n<td>Certificaciones de productos<\/td>\n<td>CE, UKCA, FCC, IC ID<\/td>\n<\/tr>\n<tr>\n<td>Altitud m\u00e1xima de funcionamiento<\/td>\n<td>6561 metros (2000 pies)<\/td>\n<\/tr>\n<tr>\n<td>Temperatura de funcionamiento<\/td>\n<td>De 32 a 104 \u00b0C (de 0 a 40 \u00b0F)<\/td>\n<\/tr>\n<tr>\n<td>Temperatura de almacenamiento<\/td>\n<td>-4 a 140 \u00b0F (-20 a 60 \u00b0C)<\/td>\n<\/tr>\n<tr>\n<td>Rango de humedad de funcionamiento<\/td>\n<td>Del 10 al 90%<\/td>\n<\/tr>\n<tr>\n<td>Rango de humedad de almacenamiento<\/td>\n<td>Del 10 al 90%<\/td>\n<\/tr>\n<tr>\n<td>Dimensiones<\/td>\n<td>7,1 x 1,5 x 1&#8243; (180 x 38 x 25 mm)<\/td>\n<\/tr>\n<tr>\n<td>Peso<\/td>\n<td>3 g (5,100 onzas)<\/td>\n<\/tr>\n<\/tbody>\n<\/table>\n","protected":false},"excerpt":{"rendered":"<p class=\"short-description mhide ipad-view-setting\">El son\u00f3metro de registro de datos en tiempo real con conectividad Bluetooth 5.0 se conecta de forma inal\u00e1mbrica a la aplicaci\u00f3n REED Smart Series.<\/p>\n<p class=\"comment-tag-product\">\n<div class=\"row-fluid\">\n<div class=\"span12 mobile-pricing-box-padding\">\n<form id=\"142188753\" accept-charset=\"utf-8\" action=\"https:\/\/www.globaltestsupply.com\/shop\/add\" method=\"post\" name=\"addTocartFunction\">\n<div><\/div>\n<\/form>\n<\/div>\n<\/div>\n","protected":false},"featured_media":7745,"comment_status":"open","ping_status":"closed","template":"","meta":{"_joinchat":[]},"product_brand":[],"product_cat":[15],"product_tag":[],"class_list":{"0":"post-7735","1":"product","2":"type-product","3":"status-publish","4":"has-post-thumbnail","6":"product_cat-sin-categorizar","8":"first","9":"instock","10":"shipping-taxable","11":"product-type-simple"},"yoast_head":"<!-- This site is optimized with the Yoast SEO plugin v26.4 - https:\/\/yoast.com\/wordpress\/plugins\/seo\/ -->\n<title>Medidor de nivel de sonido reed r1620, serie bluetooth smart - Abaa tienda online<\/title>\n<meta name=\"robots\" content=\"index, follow, max-snippet:-1, max-image-preview:large, max-video-preview:-1\" \/>\n<link rel=\"canonical\" href=\"https:\/\/abaa.mx\/tienda\/medidor-de-nivel-de-sonido-reed-r1620-serie-bluetooth-smart\/\" \/>\n<meta property=\"og:locale\" content=\"es_MX\" \/>\n<meta property=\"og:type\" content=\"article\" \/>\n<meta property=\"og:title\" content=\"Medidor de nivel de sonido reed r1620, serie bluetooth smart - Abaa tienda online\" \/>\n<meta property=\"og:description\" content=\"El son\u00f3metro de registro de datos en tiempo real con conectividad Bluetooth 5.0 se conecta de forma inal\u00e1mbrica a la aplicaci\u00f3n REED Smart Series.\" \/>\n<meta property=\"og:url\" content=\"https:\/\/abaa.mx\/tienda\/medidor-de-nivel-de-sonido-reed-r1620-serie-bluetooth-smart\/\" \/>\n<meta property=\"og:site_name\" content=\"Abaa tienda online\" \/>\n<meta property=\"article:modified_time\" content=\"2023-10-24T20:07:00+00:00\" \/>\n<meta property=\"og:image\" content=\"https:\/\/abaa.mx\/tienda\/wp-content\/uploads\/2023\/10\/R1620.jpg\" \/>\n\t<meta property=\"og:image:width\" content=\"270\" \/>\n\t<meta property=\"og:image:height\" content=\"500\" \/>\n\t<meta property=\"og:image:type\" content=\"image\/jpeg\" \/>\n<meta name=\"twitter:card\" content=\"summary_large_image\" \/>\n<meta name=\"twitter:label1\" content=\"Tiempo de lectura\" \/>\n\t<meta name=\"twitter:data1\" content=\"3 minutos\" \/>\n<script type=\"application\/ld+json\" class=\"yoast-schema-graph\">{\"@context\":\"https:\/\/schema.org\",\"@graph\":[{\"@type\":\"WebPage\",\"@id\":\"https:\/\/abaa.mx\/tienda\/medidor-de-nivel-de-sonido-reed-r1620-serie-bluetooth-smart\/\",\"url\":\"https:\/\/abaa.mx\/tienda\/medidor-de-nivel-de-sonido-reed-r1620-serie-bluetooth-smart\/\",\"name\":\"Medidor de nivel de sonido reed r1620, serie bluetooth smart - Abaa tienda online\",\"isPartOf\":{\"@id\":\"https:\/\/abaa.mx\/tienda\/#website\"},\"primaryImageOfPage\":{\"@id\":\"https:\/\/abaa.mx\/tienda\/medidor-de-nivel-de-sonido-reed-r1620-serie-bluetooth-smart\/#primaryimage\"},\"image\":{\"@id\":\"https:\/\/abaa.mx\/tienda\/medidor-de-nivel-de-sonido-reed-r1620-serie-bluetooth-smart\/#primaryimage\"},\"thumbnailUrl\":\"https:\/\/abaa.mx\/tienda\/wp-content\/uploads\/2023\/10\/R1620.jpg\",\"datePublished\":\"2023-10-24T20:06:59+00:00\",\"dateModified\":\"2023-10-24T20:07:00+00:00\",\"breadcrumb\":{\"@id\":\"https:\/\/abaa.mx\/tienda\/medidor-de-nivel-de-sonido-reed-r1620-serie-bluetooth-smart\/#breadcrumb\"},\"inLanguage\":\"es\",\"potentialAction\":[{\"@type\":\"ReadAction\",\"target\":[\"https:\/\/abaa.mx\/tienda\/medidor-de-nivel-de-sonido-reed-r1620-serie-bluetooth-smart\/\"]}]},{\"@type\":\"ImageObject\",\"inLanguage\":\"es\",\"@id\":\"https:\/\/abaa.mx\/tienda\/medidor-de-nivel-de-sonido-reed-r1620-serie-bluetooth-smart\/#primaryimage\",\"url\":\"https:\/\/abaa.mx\/tienda\/wp-content\/uploads\/2023\/10\/R1620.jpg\",\"contentUrl\":\"https:\/\/abaa.mx\/tienda\/wp-content\/uploads\/2023\/10\/R1620.jpg\",\"width\":270,\"height\":500,\"caption\":\"medidor-de-nivel-de-sonido-reed-r1620-serie-bluetooth-smart\"},{\"@type\":\"BreadcrumbList\",\"@id\":\"https:\/\/abaa.mx\/tienda\/medidor-de-nivel-de-sonido-reed-r1620-serie-bluetooth-smart\/#breadcrumb\",\"itemListElement\":[{\"@type\":\"ListItem\",\"position\":1,\"name\":\"Inicio\",\"item\":\"https:\/\/abaa.mx\/tienda\/\"},{\"@type\":\"ListItem\",\"position\":2,\"name\":\"Tienda\",\"item\":\"https:\/\/abaa.mx\/tienda\/\"},{\"@type\":\"ListItem\",\"position\":3,\"name\":\"Medidor de nivel de sonido reed r1620, serie bluetooth smart\"}]},{\"@type\":\"WebSite\",\"@id\":\"https:\/\/abaa.mx\/tienda\/#website\",\"url\":\"https:\/\/abaa.mx\/tienda\/\",\"name\":\"Abaa tienda online\",\"description\":\"Instrumentos de medici\u00f3n\",\"publisher\":{\"@id\":\"https:\/\/abaa.mx\/tienda\/#organization\"},\"potentialAction\":[{\"@type\":\"SearchAction\",\"target\":{\"@type\":\"EntryPoint\",\"urlTemplate\":\"https:\/\/abaa.mx\/tienda\/?s={search_term_string}\"},\"query-input\":{\"@type\":\"PropertyValueSpecification\",\"valueRequired\":true,\"valueName\":\"search_term_string\"}}],\"inLanguage\":\"es\"},{\"@type\":\"Organization\",\"@id\":\"https:\/\/abaa.mx\/tienda\/#organization\",\"name\":\"Abaa tienda online\",\"url\":\"https:\/\/abaa.mx\/tienda\/\",\"logo\":{\"@type\":\"ImageObject\",\"inLanguage\":\"es\",\"@id\":\"https:\/\/abaa.mx\/tienda\/#\/schema\/logo\/image\/\",\"url\":\"https:\/\/abaa.mx\/tienda\/wp-content\/uploads\/2024\/01\/abaa-metrologia-tienda.png\",\"contentUrl\":\"https:\/\/abaa.mx\/tienda\/wp-content\/uploads\/2024\/01\/abaa-metrologia-tienda.png\",\"width\":300,\"height\":141,\"caption\":\"Abaa tienda online\"},\"image\":{\"@id\":\"https:\/\/abaa.mx\/tienda\/#\/schema\/logo\/image\/\"}}]}<\/script>\n<!-- \/ Yoast SEO plugin. -->","yoast_head_json":{"title":"Medidor de nivel de sonido reed r1620, serie bluetooth smart - Abaa tienda online","robots":{"index":"index","follow":"follow","max-snippet":"max-snippet:-1","max-image-preview":"max-image-preview:large","max-video-preview":"max-video-preview:-1"},"canonical":"https:\/\/abaa.mx\/tienda\/medidor-de-nivel-de-sonido-reed-r1620-serie-bluetooth-smart\/","og_locale":"es_MX","og_type":"article","og_title":"Medidor de nivel de sonido reed r1620, serie bluetooth smart - Abaa tienda online","og_description":"El son\u00f3metro de registro de datos en tiempo real con conectividad Bluetooth 5.0 se conecta de forma inal\u00e1mbrica a la aplicaci\u00f3n REED Smart Series.","og_url":"https:\/\/abaa.mx\/tienda\/medidor-de-nivel-de-sonido-reed-r1620-serie-bluetooth-smart\/","og_site_name":"Abaa tienda online","article_modified_time":"2023-10-24T20:07:00+00:00","og_image":[{"width":270,"height":500,"url":"https:\/\/abaa.mx\/tienda\/wp-content\/uploads\/2023\/10\/R1620.jpg","type":"image\/jpeg"}],"twitter_card":"summary_large_image","twitter_misc":{"Tiempo de lectura":"3 minutos"},"schema":{"@context":"https:\/\/schema.org","@graph":[{"@type":"WebPage","@id":"https:\/\/abaa.mx\/tienda\/medidor-de-nivel-de-sonido-reed-r1620-serie-bluetooth-smart\/","url":"https:\/\/abaa.mx\/tienda\/medidor-de-nivel-de-sonido-reed-r1620-serie-bluetooth-smart\/","name":"Medidor de nivel de sonido reed r1620, serie bluetooth smart - Abaa tienda online","isPartOf":{"@id":"https:\/\/abaa.mx\/tienda\/#website"},"primaryImageOfPage":{"@id":"https:\/\/abaa.mx\/tienda\/medidor-de-nivel-de-sonido-reed-r1620-serie-bluetooth-smart\/#primaryimage"},"image":{"@id":"https:\/\/abaa.mx\/tienda\/medidor-de-nivel-de-sonido-reed-r1620-serie-bluetooth-smart\/#primaryimage"},"thumbnailUrl":"https:\/\/abaa.mx\/tienda\/wp-content\/uploads\/2023\/10\/R1620.jpg","datePublished":"2023-10-24T20:06:59+00:00","dateModified":"2023-10-24T20:07:00+00:00","breadcrumb":{"@id":"https:\/\/abaa.mx\/tienda\/medidor-de-nivel-de-sonido-reed-r1620-serie-bluetooth-smart\/#breadcrumb"},"inLanguage":"es","potentialAction":[{"@type":"ReadAction","target":["https:\/\/abaa.mx\/tienda\/medidor-de-nivel-de-sonido-reed-r1620-serie-bluetooth-smart\/"]}]},{"@type":"ImageObject","inLanguage":"es","@id":"https:\/\/abaa.mx\/tienda\/medidor-de-nivel-de-sonido-reed-r1620-serie-bluetooth-smart\/#primaryimage","url":"https:\/\/abaa.mx\/tienda\/wp-content\/uploads\/2023\/10\/R1620.jpg","contentUrl":"https:\/\/abaa.mx\/tienda\/wp-content\/uploads\/2023\/10\/R1620.jpg","width":270,"height":500,"caption":"medidor-de-nivel-de-sonido-reed-r1620-serie-bluetooth-smart"},{"@type":"BreadcrumbList","@id":"https:\/\/abaa.mx\/tienda\/medidor-de-nivel-de-sonido-reed-r1620-serie-bluetooth-smart\/#breadcrumb","itemListElement":[{"@type":"ListItem","position":1,"name":"Inicio","item":"https:\/\/abaa.mx\/tienda\/"},{"@type":"ListItem","position":2,"name":"Tienda","item":"https:\/\/abaa.mx\/tienda\/"},{"@type":"ListItem","position":3,"name":"Medidor de nivel de sonido reed r1620, serie bluetooth smart"}]},{"@type":"WebSite","@id":"https:\/\/abaa.mx\/tienda\/#website","url":"https:\/\/abaa.mx\/tienda\/","name":"Abaa tienda online","description":"Instrumentos de medici\u00f3n","publisher":{"@id":"https:\/\/abaa.mx\/tienda\/#organization"},"potentialAction":[{"@type":"SearchAction","target":{"@type":"EntryPoint","urlTemplate":"https:\/\/abaa.mx\/tienda\/?s={search_term_string}"},"query-input":{"@type":"PropertyValueSpecification","valueRequired":true,"valueName":"search_term_string"}}],"inLanguage":"es"},{"@type":"Organization","@id":"https:\/\/abaa.mx\/tienda\/#organization","name":"Abaa tienda online","url":"https:\/\/abaa.mx\/tienda\/","logo":{"@type":"ImageObject","inLanguage":"es","@id":"https:\/\/abaa.mx\/tienda\/#\/schema\/logo\/image\/","url":"https:\/\/abaa.mx\/tienda\/wp-content\/uploads\/2024\/01\/abaa-metrologia-tienda.png","contentUrl":"https:\/\/abaa.mx\/tienda\/wp-content\/uploads\/2024\/01\/abaa-metrologia-tienda.png","width":300,"height":141,"caption":"Abaa tienda online"},"image":{"@id":"https:\/\/abaa.mx\/tienda\/#\/schema\/logo\/image\/"}}]}},"_links":{"self":[{"href":"https:\/\/abaa.mx\/tienda\/wp-json\/wp\/v2\/product\/7735","targetHints":{"allow":["GET"]}}],"collection":[{"href":"https:\/\/abaa.mx\/tienda\/wp-json\/wp\/v2\/product"}],"about":[{"href":"https:\/\/abaa.mx\/tienda\/wp-json\/wp\/v2\/types\/product"}],"replies":[{"embeddable":true,"href":"https:\/\/abaa.mx\/tienda\/wp-json\/wp\/v2\/comments?post=7735"}],"wp:featuredmedia":[{"embeddable":true,"href":"https:\/\/abaa.mx\/tienda\/wp-json\/wp\/v2\/media\/7745"}],"wp:attachment":[{"href":"https:\/\/abaa.mx\/tienda\/wp-json\/wp\/v2\/media?parent=7735"}],"wp:term":[{"taxonomy":"product_brand","embeddable":true,"href":"https:\/\/abaa.mx\/tienda\/wp-json\/wp\/v2\/product_brand?post=7735"},{"taxonomy":"product_cat","embeddable":true,"href":"https:\/\/abaa.mx\/tienda\/wp-json\/wp\/v2\/product_cat?post=7735"},{"taxonomy":"product_tag","embeddable":true,"href":"https:\/\/abaa.mx\/tienda\/wp-json\/wp\/v2\/product_tag?post=7735"}],"curies":[{"name":"wp","href":"https:\/\/api.w.org\/{rel}","templated":true}]}}