{"id":7733,"date":"2023-10-24T20:07:02","date_gmt":"2023-10-24T20:07:02","guid":{"rendered":"https:\/\/abaa.mx\/tienda\/?post_type=product&#038;p=7733"},"modified":"2023-12-20T19:42:45","modified_gmt":"2023-12-20T19:42:45","slug":"sdl720-manometro-para-presion-diferencial-y-servicio-pesado-datalogger","status":"publish","type":"product","link":"https:\/\/abaa.mx\/tienda\/sdl720-manometro-para-presion-diferencial-y-servicio-pesado-datalogger\/","title":{"rendered":"Sdl720-man\u00f3metro para presi\u00f3n diferencial y servicio pesado-datalogger"},"content":{"rendered":"<p>Sdl720-man\u00f3metro para presi\u00f3n diferencial y servicio pesado-datalogger<\/p>\n","protected":false},"excerpt":{"rendered":"<p><strong>Caracter\u00edsticas:<\/strong><\/p>\n<ul id=\"features\">\n<li>Rango de medici\u00f3n medio: \u00b1 29psi (2000mbar)<\/li>\n<li>10 unidades de medida seleccionables.<\/li>\n<li>Almacena 99 lecturas manualmente.<\/li>\n<li>El registrador de datos marca la fecha \/ hora y almacena las lecturas en una tarjeta SD en formato Excel para una f\u00e1cil transferencia a una PC.<\/li>\n<li>Registrar \/ recuperar lecturas m\u00e1ximas \/ m\u00ednimas.<\/li>\n<li>Retenci\u00f3n de datos y apagado autom\u00e1tico con desactivaci\u00f3n.<\/li>\n<li>Gran pantalla LCD con retroiluminaci\u00f3n.<\/li>\n<li>Funci\u00f3n cero para correcci\u00f3n o medici\u00f3n de compensaci\u00f3n.<\/li>\n<li>Incluye seis bater\u00edas AA, adaptador de CA universal con enchufes (EE. UU., UE, Reino Unido, AUS), tarjeta de memoria SD, dos enchufes de acoplamiento r\u00e1pido y estuche r\u00edgido de transporte.<\/li>\n<\/ul>\n","protected":false},"featured_media":9836,"comment_status":"open","ping_status":"closed","template":"","meta":{"_joinchat":[]},"product_brand":[],"product_cat":[15],"product_tag":[],"class_list":{"0":"post-7733","1":"product","2":"type-product","3":"status-publish","4":"has-post-thumbnail","6":"product_cat-sin-categorizar","8":"first","9":"instock","10":"shipping-taxable","11":"product-type-simple"},"yoast_head":"<!-- This site is optimized with the Yoast SEO plugin v26.4 - https:\/\/yoast.com\/wordpress\/plugins\/seo\/ -->\n<title>Sdl720-man\u00f3metro para presi\u00f3n diferencial y servicio pesado-datalogger - Abaa tienda online<\/title>\n<meta name=\"robots\" content=\"index, follow, max-snippet:-1, max-image-preview:large, max-video-preview:-1\" \/>\n<link rel=\"canonical\" href=\"https:\/\/abaa.mx\/tienda\/sdl720-manometro-para-presion-diferencial-y-servicio-pesado-datalogger\/\" \/>\n<meta property=\"og:locale\" content=\"es_MX\" \/>\n<meta property=\"og:type\" content=\"article\" \/>\n<meta property=\"og:title\" content=\"Sdl720-man\u00f3metro para presi\u00f3n diferencial y servicio pesado-datalogger - Abaa tienda online\" \/>\n<meta property=\"og:description\" content=\"Caracter\u00edsticas:   Rango de medici\u00f3n medio: \u00b1 29psi (2000mbar)  10 unidades de medida seleccionables.  Almacena 99 lecturas manualmente.  El registrador de datos marca la fecha \/ hora y almacena las lecturas en una tarjeta SD en formato Excel para una f\u00e1cil transferencia a una PC.  Registrar \/ recuperar lecturas m\u00e1ximas \/ m\u00ednimas.  Retenci\u00f3n de datos y apagado autom\u00e1tico con desactivaci\u00f3n.  Gran pantalla LCD con retroiluminaci\u00f3n.  Funci\u00f3n cero para correcci\u00f3n o medici\u00f3n de compensaci\u00f3n.  Incluye seis bater\u00edas AA, adaptador de CA universal con enchufes (EE. UU., UE, Reino Unido, AUS), tarjeta de memoria SD, dos enchufes de acoplamiento r\u00e1pido y estuche r\u00edgido de transporte.\" \/>\n<meta property=\"og:url\" content=\"https:\/\/abaa.mx\/tienda\/sdl720-manometro-para-presion-diferencial-y-servicio-pesado-datalogger\/\" \/>\n<meta property=\"og:site_name\" content=\"Abaa tienda online\" \/>\n<meta property=\"article:modified_time\" content=\"2023-12-20T19:42:45+00:00\" \/>\n<meta property=\"og:image\" content=\"https:\/\/abaa.mx\/tienda\/wp-content\/uploads\/2023\/10\/Datalogger-SDL720.jpg\" \/>\n\t<meta property=\"og:image:width\" content=\"1024\" \/>\n\t<meta property=\"og:image:height\" content=\"1024\" \/>\n\t<meta property=\"og:image:type\" content=\"image\/jpeg\" \/>\n<meta name=\"twitter:card\" content=\"summary_large_image\" \/>\n<meta name=\"twitter:label1\" content=\"Tiempo de lectura\" \/>\n\t<meta name=\"twitter:data1\" content=\"1 minuto\" \/>\n<script type=\"application\/ld+json\" class=\"yoast-schema-graph\">{\"@context\":\"https:\/\/schema.org\",\"@graph\":[{\"@type\":\"WebPage\",\"@id\":\"https:\/\/abaa.mx\/tienda\/sdl720-manometro-para-presion-diferencial-y-servicio-pesado-datalogger\/\",\"url\":\"https:\/\/abaa.mx\/tienda\/sdl720-manometro-para-presion-diferencial-y-servicio-pesado-datalogger\/\",\"name\":\"Sdl720-man\u00f3metro para presi\u00f3n diferencial y servicio pesado-datalogger - Abaa tienda online\",\"isPartOf\":{\"@id\":\"https:\/\/abaa.mx\/tienda\/#website\"},\"primaryImageOfPage\":{\"@id\":\"https:\/\/abaa.mx\/tienda\/sdl720-manometro-para-presion-diferencial-y-servicio-pesado-datalogger\/#primaryimage\"},\"image\":{\"@id\":\"https:\/\/abaa.mx\/tienda\/sdl720-manometro-para-presion-diferencial-y-servicio-pesado-datalogger\/#primaryimage\"},\"thumbnailUrl\":\"https:\/\/abaa.mx\/tienda\/wp-content\/uploads\/2023\/10\/Datalogger-SDL720.jpg\",\"datePublished\":\"2023-10-24T20:07:02+00:00\",\"dateModified\":\"2023-12-20T19:42:45+00:00\",\"breadcrumb\":{\"@id\":\"https:\/\/abaa.mx\/tienda\/sdl720-manometro-para-presion-diferencial-y-servicio-pesado-datalogger\/#breadcrumb\"},\"inLanguage\":\"es\",\"potentialAction\":[{\"@type\":\"ReadAction\",\"target\":[\"https:\/\/abaa.mx\/tienda\/sdl720-manometro-para-presion-diferencial-y-servicio-pesado-datalogger\/\"]}]},{\"@type\":\"ImageObject\",\"inLanguage\":\"es\",\"@id\":\"https:\/\/abaa.mx\/tienda\/sdl720-manometro-para-presion-diferencial-y-servicio-pesado-datalogger\/#primaryimage\",\"url\":\"https:\/\/abaa.mx\/tienda\/wp-content\/uploads\/2023\/10\/Datalogger-SDL720.jpg\",\"contentUrl\":\"https:\/\/abaa.mx\/tienda\/wp-content\/uploads\/2023\/10\/Datalogger-SDL720.jpg\",\"width\":1024,\"height\":1024,\"caption\":\"Datalogger SDL720\"},{\"@type\":\"BreadcrumbList\",\"@id\":\"https:\/\/abaa.mx\/tienda\/sdl720-manometro-para-presion-diferencial-y-servicio-pesado-datalogger\/#breadcrumb\",\"itemListElement\":[{\"@type\":\"ListItem\",\"position\":1,\"name\":\"Inicio\",\"item\":\"https:\/\/abaa.mx\/tienda\/\"},{\"@type\":\"ListItem\",\"position\":2,\"name\":\"Tienda\",\"item\":\"https:\/\/abaa.mx\/tienda\/\"},{\"@type\":\"ListItem\",\"position\":3,\"name\":\"Sdl720-man\u00f3metro para presi\u00f3n diferencial y servicio pesado-datalogger\"}]},{\"@type\":\"WebSite\",\"@id\":\"https:\/\/abaa.mx\/tienda\/#website\",\"url\":\"https:\/\/abaa.mx\/tienda\/\",\"name\":\"Abaa tienda online\",\"description\":\"Instrumentos de medici\u00f3n\",\"publisher\":{\"@id\":\"https:\/\/abaa.mx\/tienda\/#organization\"},\"potentialAction\":[{\"@type\":\"SearchAction\",\"target\":{\"@type\":\"EntryPoint\",\"urlTemplate\":\"https:\/\/abaa.mx\/tienda\/?s={search_term_string}\"},\"query-input\":{\"@type\":\"PropertyValueSpecification\",\"valueRequired\":true,\"valueName\":\"search_term_string\"}}],\"inLanguage\":\"es\"},{\"@type\":\"Organization\",\"@id\":\"https:\/\/abaa.mx\/tienda\/#organization\",\"name\":\"Abaa tienda online\",\"url\":\"https:\/\/abaa.mx\/tienda\/\",\"logo\":{\"@type\":\"ImageObject\",\"inLanguage\":\"es\",\"@id\":\"https:\/\/abaa.mx\/tienda\/#\/schema\/logo\/image\/\",\"url\":\"https:\/\/abaa.mx\/tienda\/wp-content\/uploads\/2024\/01\/abaa-metrologia-tienda.png\",\"contentUrl\":\"https:\/\/abaa.mx\/tienda\/wp-content\/uploads\/2024\/01\/abaa-metrologia-tienda.png\",\"width\":300,\"height\":141,\"caption\":\"Abaa tienda online\"},\"image\":{\"@id\":\"https:\/\/abaa.mx\/tienda\/#\/schema\/logo\/image\/\"}}]}<\/script>\n<!-- \/ Yoast SEO plugin. -->","yoast_head_json":{"title":"Sdl720-man\u00f3metro para presi\u00f3n diferencial y servicio pesado-datalogger - Abaa tienda online","robots":{"index":"index","follow":"follow","max-snippet":"max-snippet:-1","max-image-preview":"max-image-preview:large","max-video-preview":"max-video-preview:-1"},"canonical":"https:\/\/abaa.mx\/tienda\/sdl720-manometro-para-presion-diferencial-y-servicio-pesado-datalogger\/","og_locale":"es_MX","og_type":"article","og_title":"Sdl720-man\u00f3metro para presi\u00f3n diferencial y servicio pesado-datalogger - Abaa tienda online","og_description":"Caracter\u00edsticas:   Rango de medici\u00f3n medio: \u00b1 29psi (2000mbar)  10 unidades de medida seleccionables.  Almacena 99 lecturas manualmente.  El registrador de datos marca la fecha \/ hora y almacena las lecturas en una tarjeta SD en formato Excel para una f\u00e1cil transferencia a una PC.  Registrar \/ recuperar lecturas m\u00e1ximas \/ m\u00ednimas.  Retenci\u00f3n de datos y apagado autom\u00e1tico con desactivaci\u00f3n.  Gran pantalla LCD con retroiluminaci\u00f3n.  Funci\u00f3n cero para correcci\u00f3n o medici\u00f3n de compensaci\u00f3n.  Incluye seis bater\u00edas AA, adaptador de CA universal con enchufes (EE. UU., UE, Reino Unido, AUS), tarjeta de memoria SD, dos enchufes de acoplamiento r\u00e1pido y estuche r\u00edgido de transporte.","og_url":"https:\/\/abaa.mx\/tienda\/sdl720-manometro-para-presion-diferencial-y-servicio-pesado-datalogger\/","og_site_name":"Abaa tienda online","article_modified_time":"2023-12-20T19:42:45+00:00","og_image":[{"width":1024,"height":1024,"url":"https:\/\/abaa.mx\/tienda\/wp-content\/uploads\/2023\/10\/Datalogger-SDL720.jpg","type":"image\/jpeg"}],"twitter_card":"summary_large_image","twitter_misc":{"Tiempo de lectura":"1 minuto"},"schema":{"@context":"https:\/\/schema.org","@graph":[{"@type":"WebPage","@id":"https:\/\/abaa.mx\/tienda\/sdl720-manometro-para-presion-diferencial-y-servicio-pesado-datalogger\/","url":"https:\/\/abaa.mx\/tienda\/sdl720-manometro-para-presion-diferencial-y-servicio-pesado-datalogger\/","name":"Sdl720-man\u00f3metro para presi\u00f3n diferencial y servicio pesado-datalogger - Abaa tienda online","isPartOf":{"@id":"https:\/\/abaa.mx\/tienda\/#website"},"primaryImageOfPage":{"@id":"https:\/\/abaa.mx\/tienda\/sdl720-manometro-para-presion-diferencial-y-servicio-pesado-datalogger\/#primaryimage"},"image":{"@id":"https:\/\/abaa.mx\/tienda\/sdl720-manometro-para-presion-diferencial-y-servicio-pesado-datalogger\/#primaryimage"},"thumbnailUrl":"https:\/\/abaa.mx\/tienda\/wp-content\/uploads\/2023\/10\/Datalogger-SDL720.jpg","datePublished":"2023-10-24T20:07:02+00:00","dateModified":"2023-12-20T19:42:45+00:00","breadcrumb":{"@id":"https:\/\/abaa.mx\/tienda\/sdl720-manometro-para-presion-diferencial-y-servicio-pesado-datalogger\/#breadcrumb"},"inLanguage":"es","potentialAction":[{"@type":"ReadAction","target":["https:\/\/abaa.mx\/tienda\/sdl720-manometro-para-presion-diferencial-y-servicio-pesado-datalogger\/"]}]},{"@type":"ImageObject","inLanguage":"es","@id":"https:\/\/abaa.mx\/tienda\/sdl720-manometro-para-presion-diferencial-y-servicio-pesado-datalogger\/#primaryimage","url":"https:\/\/abaa.mx\/tienda\/wp-content\/uploads\/2023\/10\/Datalogger-SDL720.jpg","contentUrl":"https:\/\/abaa.mx\/tienda\/wp-content\/uploads\/2023\/10\/Datalogger-SDL720.jpg","width":1024,"height":1024,"caption":"Datalogger SDL720"},{"@type":"BreadcrumbList","@id":"https:\/\/abaa.mx\/tienda\/sdl720-manometro-para-presion-diferencial-y-servicio-pesado-datalogger\/#breadcrumb","itemListElement":[{"@type":"ListItem","position":1,"name":"Inicio","item":"https:\/\/abaa.mx\/tienda\/"},{"@type":"ListItem","position":2,"name":"Tienda","item":"https:\/\/abaa.mx\/tienda\/"},{"@type":"ListItem","position":3,"name":"Sdl720-man\u00f3metro para presi\u00f3n diferencial y servicio pesado-datalogger"}]},{"@type":"WebSite","@id":"https:\/\/abaa.mx\/tienda\/#website","url":"https:\/\/abaa.mx\/tienda\/","name":"Abaa tienda online","description":"Instrumentos de medici\u00f3n","publisher":{"@id":"https:\/\/abaa.mx\/tienda\/#organization"},"potentialAction":[{"@type":"SearchAction","target":{"@type":"EntryPoint","urlTemplate":"https:\/\/abaa.mx\/tienda\/?s={search_term_string}"},"query-input":{"@type":"PropertyValueSpecification","valueRequired":true,"valueName":"search_term_string"}}],"inLanguage":"es"},{"@type":"Organization","@id":"https:\/\/abaa.mx\/tienda\/#organization","name":"Abaa tienda online","url":"https:\/\/abaa.mx\/tienda\/","logo":{"@type":"ImageObject","inLanguage":"es","@id":"https:\/\/abaa.mx\/tienda\/#\/schema\/logo\/image\/","url":"https:\/\/abaa.mx\/tienda\/wp-content\/uploads\/2024\/01\/abaa-metrologia-tienda.png","contentUrl":"https:\/\/abaa.mx\/tienda\/wp-content\/uploads\/2024\/01\/abaa-metrologia-tienda.png","width":300,"height":141,"caption":"Abaa tienda online"},"image":{"@id":"https:\/\/abaa.mx\/tienda\/#\/schema\/logo\/image\/"}}]}},"_links":{"self":[{"href":"https:\/\/abaa.mx\/tienda\/wp-json\/wp\/v2\/product\/7733","targetHints":{"allow":["GET"]}}],"collection":[{"href":"https:\/\/abaa.mx\/tienda\/wp-json\/wp\/v2\/product"}],"about":[{"href":"https:\/\/abaa.mx\/tienda\/wp-json\/wp\/v2\/types\/product"}],"replies":[{"embeddable":true,"href":"https:\/\/abaa.mx\/tienda\/wp-json\/wp\/v2\/comments?post=7733"}],"wp:featuredmedia":[{"embeddable":true,"href":"https:\/\/abaa.mx\/tienda\/wp-json\/wp\/v2\/media\/9836"}],"wp:attachment":[{"href":"https:\/\/abaa.mx\/tienda\/wp-json\/wp\/v2\/media?parent=7733"}],"wp:term":[{"taxonomy":"product_brand","embeddable":true,"href":"https:\/\/abaa.mx\/tienda\/wp-json\/wp\/v2\/product_brand?post=7733"},{"taxonomy":"product_cat","embeddable":true,"href":"https:\/\/abaa.mx\/tienda\/wp-json\/wp\/v2\/product_cat?post=7733"},{"taxonomy":"product_tag","embeddable":true,"href":"https:\/\/abaa.mx\/tienda\/wp-json\/wp\/v2\/product_tag?post=7733"}],"curies":[{"name":"wp","href":"https:\/\/api.w.org\/{rel}","templated":true}]}}