{"id":7721,"date":"2023-10-24T20:03:36","date_gmt":"2023-10-24T20:03:36","guid":{"rendered":"https:\/\/abaa.mx\/tienda\/?post_type=product&#038;p=7721"},"modified":"2023-10-24T20:03:37","modified_gmt":"2023-10-24T20:03:37","slug":"alcoholimetro-digital-no-utiliza-boquillas-am1","status":"publish","type":"product","link":"https:\/\/abaa.mx\/tienda\/alcoholimetro-digital-no-utiliza-boquillas-am1\/","title":{"rendered":"Alcoholimetro digital no utiliza boquillas AM1"},"content":{"rendered":"<p>Alcoholimetro digital no utiliza boquillas AM1<\/p>\n","protected":false},"excerpt":{"rendered":"<p><strong>CARACTERISTICAS:<\/strong><\/p>\n<ul>\n<li>Corriente de funcionamiento: MA (m\u00e1x.)<\/li>\n<li>Material de la carcasa: pl\u00e1stico ABS<\/li>\n<li>Tiempo de respuesta: menos de 5 segundos<\/li>\n<li>Tiempo de soplado: en 10 segundos, el requisito es superior a 4 segundos<\/li>\n<li>Bater\u00eda de uso: 3,7 V 140MAH puede probar 150 veces continuamente<\/li>\n<li>Requisitos del adaptador de corriente: DC5V 1A<\/li>\n<li>Modo de medici\u00f3n: investigaci\u00f3n r\u00e1pida, Detecci\u00f3n autom\u00e1tica<\/li>\n<li>Tiempo de medici\u00f3n: 20 segundos<\/li>\n<li>Pantalla: pantalla LCD de cristal l\u00edquido (blanco y negro)<\/li>\n<li>Tipo de Sensor: sensor semiconductor<\/li>\n<li>Unidad de medida: mg\/l (BrAC) mg\/ml (BAC).<\/li>\n<li>Temperatura de trabajo: 0-45 \u2103<\/li>\n<li>Corriente en espera: menos de 20UA<\/li>\n<li>Fuente de alimentaci\u00f3n: Bater\u00eda de pol\u00edmero de litio recargable integrada<\/li>\n<li>Rango de prueba: 0,00-0.19% BAC (0-1,9g\/l)<\/li>\n<li>Tiempo de calentamiento: 10 segundos<\/li>\n<\/ul>\n","protected":false},"featured_media":7740,"comment_status":"open","ping_status":"closed","template":"","meta":{"_joinchat":[]},"product_brand":[],"product_cat":[85],"product_tag":[],"class_list":{"0":"post-7721","1":"product","2":"type-product","3":"status-publish","4":"has-post-thumbnail","6":"product_cat-alcoholimetros","8":"first","9":"instock","10":"shipping-taxable","11":"product-type-simple"},"yoast_head":"<!-- This site is optimized with the Yoast SEO plugin v26.4 - https:\/\/yoast.com\/wordpress\/plugins\/seo\/ -->\n<title>Alcoholimetro digital no utiliza boquillas AM1 - Abaa tienda online<\/title>\n<meta name=\"robots\" content=\"index, follow, max-snippet:-1, max-image-preview:large, max-video-preview:-1\" \/>\n<link rel=\"canonical\" href=\"https:\/\/abaa.mx\/tienda\/alcoholimetro-digital-no-utiliza-boquillas-am1\/\" \/>\n<meta property=\"og:locale\" content=\"es_MX\" \/>\n<meta property=\"og:type\" content=\"article\" \/>\n<meta property=\"og:title\" content=\"Alcoholimetro digital no utiliza boquillas AM1 - Abaa tienda online\" \/>\n<meta property=\"og:description\" content=\"CARACTERISTICAS:   Corriente de funcionamiento: MA (m\u00e1x.)  Material de la carcasa: pl\u00e1stico ABS  Tiempo de respuesta: menos de 5 segundos  Tiempo de soplado: en 10 segundos, el requisito es superior a 4 segundos  Bater\u00eda de uso: 3,7 V 140MAH puede probar 150 veces continuamente  Requisitos del adaptador de corriente: DC5V 1A  Modo de medici\u00f3n: investigaci\u00f3n r\u00e1pida, Detecci\u00f3n autom\u00e1tica  Tiempo de medici\u00f3n: 20 segundos  Pantalla: pantalla LCD de cristal l\u00edquido (blanco y negro)  Tipo de Sensor: sensor semiconductor  Unidad de medida: mg\/l (BrAC) mg\/ml (BAC).  Temperatura de trabajo: 0-45 \u2103  Corriente en espera: menos de 20UA  Fuente de alimentaci\u00f3n: Bater\u00eda de pol\u00edmero de litio recargable integrada  Rango de prueba: 0,00-0.19% BAC (0-1,9g\/l)  Tiempo de calentamiento: 10 segundos\" \/>\n<meta property=\"og:url\" content=\"https:\/\/abaa.mx\/tienda\/alcoholimetro-digital-no-utiliza-boquillas-am1\/\" \/>\n<meta property=\"og:site_name\" content=\"Abaa tienda online\" \/>\n<meta property=\"article:modified_time\" content=\"2023-10-24T20:03:37+00:00\" \/>\n<meta property=\"og:image\" content=\"https:\/\/abaa.mx\/tienda\/wp-content\/uploads\/2023\/10\/alcoholimetro-AM1.jpg\" \/>\n\t<meta property=\"og:image:width\" content=\"467\" \/>\n\t<meta property=\"og:image:height\" content=\"479\" \/>\n\t<meta property=\"og:image:type\" content=\"image\/jpeg\" \/>\n<meta name=\"twitter:card\" content=\"summary_large_image\" \/>\n<meta name=\"twitter:label1\" content=\"Tiempo de lectura\" \/>\n\t<meta name=\"twitter:data1\" content=\"1 minuto\" \/>\n<script type=\"application\/ld+json\" class=\"yoast-schema-graph\">{\"@context\":\"https:\/\/schema.org\",\"@graph\":[{\"@type\":\"WebPage\",\"@id\":\"https:\/\/abaa.mx\/tienda\/alcoholimetro-digital-no-utiliza-boquillas-am1\/\",\"url\":\"https:\/\/abaa.mx\/tienda\/alcoholimetro-digital-no-utiliza-boquillas-am1\/\",\"name\":\"Alcoholimetro digital no utiliza boquillas AM1 - Abaa tienda online\",\"isPartOf\":{\"@id\":\"https:\/\/abaa.mx\/tienda\/#website\"},\"primaryImageOfPage\":{\"@id\":\"https:\/\/abaa.mx\/tienda\/alcoholimetro-digital-no-utiliza-boquillas-am1\/#primaryimage\"},\"image\":{\"@id\":\"https:\/\/abaa.mx\/tienda\/alcoholimetro-digital-no-utiliza-boquillas-am1\/#primaryimage\"},\"thumbnailUrl\":\"https:\/\/abaa.mx\/tienda\/wp-content\/uploads\/2023\/10\/alcoholimetro-AM1.jpg\",\"datePublished\":\"2023-10-24T20:03:36+00:00\",\"dateModified\":\"2023-10-24T20:03:37+00:00\",\"breadcrumb\":{\"@id\":\"https:\/\/abaa.mx\/tienda\/alcoholimetro-digital-no-utiliza-boquillas-am1\/#breadcrumb\"},\"inLanguage\":\"es\",\"potentialAction\":[{\"@type\":\"ReadAction\",\"target\":[\"https:\/\/abaa.mx\/tienda\/alcoholimetro-digital-no-utiliza-boquillas-am1\/\"]}]},{\"@type\":\"ImageObject\",\"inLanguage\":\"es\",\"@id\":\"https:\/\/abaa.mx\/tienda\/alcoholimetro-digital-no-utiliza-boquillas-am1\/#primaryimage\",\"url\":\"https:\/\/abaa.mx\/tienda\/wp-content\/uploads\/2023\/10\/alcoholimetro-AM1.jpg\",\"contentUrl\":\"https:\/\/abaa.mx\/tienda\/wp-content\/uploads\/2023\/10\/alcoholimetro-AM1.jpg\",\"width\":467,\"height\":479,\"caption\":\"alcoholimetro AM1\"},{\"@type\":\"BreadcrumbList\",\"@id\":\"https:\/\/abaa.mx\/tienda\/alcoholimetro-digital-no-utiliza-boquillas-am1\/#breadcrumb\",\"itemListElement\":[{\"@type\":\"ListItem\",\"position\":1,\"name\":\"Inicio\",\"item\":\"https:\/\/abaa.mx\/tienda\/\"},{\"@type\":\"ListItem\",\"position\":2,\"name\":\"Tienda\",\"item\":\"https:\/\/abaa.mx\/tienda\/\"},{\"@type\":\"ListItem\",\"position\":3,\"name\":\"Alcoholimetro digital no utiliza boquillas AM1\"}]},{\"@type\":\"WebSite\",\"@id\":\"https:\/\/abaa.mx\/tienda\/#website\",\"url\":\"https:\/\/abaa.mx\/tienda\/\",\"name\":\"Abaa tienda online\",\"description\":\"Instrumentos de medici\u00f3n\",\"publisher\":{\"@id\":\"https:\/\/abaa.mx\/tienda\/#organization\"},\"potentialAction\":[{\"@type\":\"SearchAction\",\"target\":{\"@type\":\"EntryPoint\",\"urlTemplate\":\"https:\/\/abaa.mx\/tienda\/?s={search_term_string}\"},\"query-input\":{\"@type\":\"PropertyValueSpecification\",\"valueRequired\":true,\"valueName\":\"search_term_string\"}}],\"inLanguage\":\"es\"},{\"@type\":\"Organization\",\"@id\":\"https:\/\/abaa.mx\/tienda\/#organization\",\"name\":\"Abaa tienda online\",\"url\":\"https:\/\/abaa.mx\/tienda\/\",\"logo\":{\"@type\":\"ImageObject\",\"inLanguage\":\"es\",\"@id\":\"https:\/\/abaa.mx\/tienda\/#\/schema\/logo\/image\/\",\"url\":\"https:\/\/abaa.mx\/tienda\/wp-content\/uploads\/2024\/01\/abaa-metrologia-tienda.png\",\"contentUrl\":\"https:\/\/abaa.mx\/tienda\/wp-content\/uploads\/2024\/01\/abaa-metrologia-tienda.png\",\"width\":300,\"height\":141,\"caption\":\"Abaa tienda online\"},\"image\":{\"@id\":\"https:\/\/abaa.mx\/tienda\/#\/schema\/logo\/image\/\"}}]}<\/script>\n<!-- \/ Yoast SEO plugin. -->","yoast_head_json":{"title":"Alcoholimetro digital no utiliza boquillas AM1 - Abaa tienda online","robots":{"index":"index","follow":"follow","max-snippet":"max-snippet:-1","max-image-preview":"max-image-preview:large","max-video-preview":"max-video-preview:-1"},"canonical":"https:\/\/abaa.mx\/tienda\/alcoholimetro-digital-no-utiliza-boquillas-am1\/","og_locale":"es_MX","og_type":"article","og_title":"Alcoholimetro digital no utiliza boquillas AM1 - Abaa tienda online","og_description":"CARACTERISTICAS:   Corriente de funcionamiento: MA (m\u00e1x.)  Material de la carcasa: pl\u00e1stico ABS  Tiempo de respuesta: menos de 5 segundos  Tiempo de soplado: en 10 segundos, el requisito es superior a 4 segundos  Bater\u00eda de uso: 3,7 V 140MAH puede probar 150 veces continuamente  Requisitos del adaptador de corriente: DC5V 1A  Modo de medici\u00f3n: investigaci\u00f3n r\u00e1pida, Detecci\u00f3n autom\u00e1tica  Tiempo de medici\u00f3n: 20 segundos  Pantalla: pantalla LCD de cristal l\u00edquido (blanco y negro)  Tipo de Sensor: sensor semiconductor  Unidad de medida: mg\/l (BrAC) mg\/ml (BAC).  Temperatura de trabajo: 0-45 \u2103  Corriente en espera: menos de 20UA  Fuente de alimentaci\u00f3n: Bater\u00eda de pol\u00edmero de litio recargable integrada  Rango de prueba: 0,00-0.19% BAC (0-1,9g\/l)  Tiempo de calentamiento: 10 segundos","og_url":"https:\/\/abaa.mx\/tienda\/alcoholimetro-digital-no-utiliza-boquillas-am1\/","og_site_name":"Abaa tienda online","article_modified_time":"2023-10-24T20:03:37+00:00","og_image":[{"width":467,"height":479,"url":"https:\/\/abaa.mx\/tienda\/wp-content\/uploads\/2023\/10\/alcoholimetro-AM1.jpg","type":"image\/jpeg"}],"twitter_card":"summary_large_image","twitter_misc":{"Tiempo de lectura":"1 minuto"},"schema":{"@context":"https:\/\/schema.org","@graph":[{"@type":"WebPage","@id":"https:\/\/abaa.mx\/tienda\/alcoholimetro-digital-no-utiliza-boquillas-am1\/","url":"https:\/\/abaa.mx\/tienda\/alcoholimetro-digital-no-utiliza-boquillas-am1\/","name":"Alcoholimetro digital no utiliza boquillas AM1 - Abaa tienda online","isPartOf":{"@id":"https:\/\/abaa.mx\/tienda\/#website"},"primaryImageOfPage":{"@id":"https:\/\/abaa.mx\/tienda\/alcoholimetro-digital-no-utiliza-boquillas-am1\/#primaryimage"},"image":{"@id":"https:\/\/abaa.mx\/tienda\/alcoholimetro-digital-no-utiliza-boquillas-am1\/#primaryimage"},"thumbnailUrl":"https:\/\/abaa.mx\/tienda\/wp-content\/uploads\/2023\/10\/alcoholimetro-AM1.jpg","datePublished":"2023-10-24T20:03:36+00:00","dateModified":"2023-10-24T20:03:37+00:00","breadcrumb":{"@id":"https:\/\/abaa.mx\/tienda\/alcoholimetro-digital-no-utiliza-boquillas-am1\/#breadcrumb"},"inLanguage":"es","potentialAction":[{"@type":"ReadAction","target":["https:\/\/abaa.mx\/tienda\/alcoholimetro-digital-no-utiliza-boquillas-am1\/"]}]},{"@type":"ImageObject","inLanguage":"es","@id":"https:\/\/abaa.mx\/tienda\/alcoholimetro-digital-no-utiliza-boquillas-am1\/#primaryimage","url":"https:\/\/abaa.mx\/tienda\/wp-content\/uploads\/2023\/10\/alcoholimetro-AM1.jpg","contentUrl":"https:\/\/abaa.mx\/tienda\/wp-content\/uploads\/2023\/10\/alcoholimetro-AM1.jpg","width":467,"height":479,"caption":"alcoholimetro AM1"},{"@type":"BreadcrumbList","@id":"https:\/\/abaa.mx\/tienda\/alcoholimetro-digital-no-utiliza-boquillas-am1\/#breadcrumb","itemListElement":[{"@type":"ListItem","position":1,"name":"Inicio","item":"https:\/\/abaa.mx\/tienda\/"},{"@type":"ListItem","position":2,"name":"Tienda","item":"https:\/\/abaa.mx\/tienda\/"},{"@type":"ListItem","position":3,"name":"Alcoholimetro digital no utiliza boquillas AM1"}]},{"@type":"WebSite","@id":"https:\/\/abaa.mx\/tienda\/#website","url":"https:\/\/abaa.mx\/tienda\/","name":"Abaa tienda online","description":"Instrumentos de medici\u00f3n","publisher":{"@id":"https:\/\/abaa.mx\/tienda\/#organization"},"potentialAction":[{"@type":"SearchAction","target":{"@type":"EntryPoint","urlTemplate":"https:\/\/abaa.mx\/tienda\/?s={search_term_string}"},"query-input":{"@type":"PropertyValueSpecification","valueRequired":true,"valueName":"search_term_string"}}],"inLanguage":"es"},{"@type":"Organization","@id":"https:\/\/abaa.mx\/tienda\/#organization","name":"Abaa tienda online","url":"https:\/\/abaa.mx\/tienda\/","logo":{"@type":"ImageObject","inLanguage":"es","@id":"https:\/\/abaa.mx\/tienda\/#\/schema\/logo\/image\/","url":"https:\/\/abaa.mx\/tienda\/wp-content\/uploads\/2024\/01\/abaa-metrologia-tienda.png","contentUrl":"https:\/\/abaa.mx\/tienda\/wp-content\/uploads\/2024\/01\/abaa-metrologia-tienda.png","width":300,"height":141,"caption":"Abaa tienda online"},"image":{"@id":"https:\/\/abaa.mx\/tienda\/#\/schema\/logo\/image\/"}}]}},"_links":{"self":[{"href":"https:\/\/abaa.mx\/tienda\/wp-json\/wp\/v2\/product\/7721","targetHints":{"allow":["GET"]}}],"collection":[{"href":"https:\/\/abaa.mx\/tienda\/wp-json\/wp\/v2\/product"}],"about":[{"href":"https:\/\/abaa.mx\/tienda\/wp-json\/wp\/v2\/types\/product"}],"replies":[{"embeddable":true,"href":"https:\/\/abaa.mx\/tienda\/wp-json\/wp\/v2\/comments?post=7721"}],"wp:featuredmedia":[{"embeddable":true,"href":"https:\/\/abaa.mx\/tienda\/wp-json\/wp\/v2\/media\/7740"}],"wp:attachment":[{"href":"https:\/\/abaa.mx\/tienda\/wp-json\/wp\/v2\/media?parent=7721"}],"wp:term":[{"taxonomy":"product_brand","embeddable":true,"href":"https:\/\/abaa.mx\/tienda\/wp-json\/wp\/v2\/product_brand?post=7721"},{"taxonomy":"product_cat","embeddable":true,"href":"https:\/\/abaa.mx\/tienda\/wp-json\/wp\/v2\/product_cat?post=7721"},{"taxonomy":"product_tag","embeddable":true,"href":"https:\/\/abaa.mx\/tienda\/wp-json\/wp\/v2\/product_tag?post=7721"}],"curies":[{"name":"wp","href":"https:\/\/api.w.org\/{rel}","templated":true}]}}