{"id":7708,"date":"2023-10-24T19:21:18","date_gmt":"2023-10-24T19:21:18","guid":{"rendered":"https:\/\/abaa.mx\/tienda\/?post_type=product&#038;p=7708"},"modified":"2023-10-24T19:21:19","modified_gmt":"2023-10-24T19:21:19","slug":"multimetro-digital-testo-760-3-con-capacitancia-trms-lpf-configuracion-automatica-ciclo-de-trabajo-temperatura-1000-v-2","status":"publish","type":"product","link":"https:\/\/abaa.mx\/tienda\/multimetro-digital-testo-760-3-con-capacitancia-trms-lpf-configuracion-automatica-ciclo-de-trabajo-temperatura-1000-v-2\/","title":{"rendered":"Mult\u00edmetro digital testo 760-3 con capacitancia, trms, lpf, configuraci\u00f3n autom\u00e1tica, ciclo de trabajo, temperatura, 1000 v"},"content":{"rendered":"<p><strong>Funciones<\/strong><\/p>\n<ul>\n<li>Rango de medici\u00f3n de voltaje de 1000 V CA\/CC, TRMS y filtro de paso bajo<\/li>\n<li>La configuraci\u00f3n autom\u00e1tica de la prueba basada en la conexi\u00f3n de cables evita que se quemen fusibles en el medidor<\/li>\n<li>El medidor detecta autom\u00e1ticamente las pruebas en proceso y selecciona la configuraci\u00f3n correcta del medidor para ahorrar tiempo y optimizar la precisi\u00f3n<\/li>\n<li>Mida hasta 400 A con el adaptador de sonda de abrazadera opcional<\/li>\n<\/ul>\n<p><strong>Aplicaciones<\/strong><\/p>\n<p>Contratistas El\u00e9ctricos, T\u00e9cnicos de HVAC\/R, Mantenimiento de Plantas<\/p>\n<h4>Especificaciones de Testo 760-3<\/h4>\n<table class=\"table table-striped\">\n<tbody>\n<tr>\n<td colspan=\"2\"><strong>Tipo de temperatura K TC<\/strong><\/td>\n<\/tr>\n<tr>\n<td>Rango de medici\u00f3n<\/td>\n<td>De -4,0 \u00b0F a 932,0 \u00b0F\/de -20 a +500 \u00b0C<\/td>\n<\/tr>\n<tr>\n<td>Exactitud<\/td>\n<td>\u00b133,8 \u00b0F (32,0 \u00b0F a 212,0 \u00b0F)\/\u00b11 \u00b0C (0 a +100 \u00b0C)<\/td>\n<\/tr>\n<tr>\n<td>Resoluci\u00f3n<\/td>\n<td>0.1\u00b0F<\/td>\n<\/tr>\n<tr>\n<td colspan=\"2\"><strong>Voltaje de CC<\/strong><\/td>\n<\/tr>\n<tr>\n<td>Resoluci\u00f3n<\/td>\n<td>600 mV\/0,1 mV<br \/>\n, 6,000 V\/1 mV, 60,00 V\/10 mV, 600,0 V\/100 mV<\/p>\n<p>,<\/td>\n<\/tr>\n<tr>\n<td>Exactitud<\/td>\n<td>\u00b1(0,8% de mv + 3 d\u00edgitos)<\/td>\n<\/tr>\n<tr>\n<td colspan=\"2\"><strong>Voltaje de CA<\/strong><\/td>\n<\/tr>\n<tr>\n<td>Resoluci\u00f3n<\/td>\n<td>600 mV\/0,1 mV<br \/>\n, 6,000 V\/1 mV, 60,00 V\/10 mV, 600,0 V\/100 mV<\/p>\n<p>,<\/td>\n<\/tr>\n<tr>\n<td>Exactitud<\/td>\n<td>\u00b1(0,8% de mv + 3 d\u00edgitos)<\/td>\n<\/tr>\n<tr>\n<td colspan=\"2\"><strong>Corriente continua<\/strong><\/td>\n<\/tr>\n<tr>\n<td>Resoluci\u00f3n<\/td>\n<td>600 \u03bcA \/ 0,1 \u03bcA 6000 \u03bcA \/ 1 \u03bcA 60,00 mA \/ 10 \u03bcA 600,0 mA \/ 100 \u03bcA 6 A \/ 1 mA 10 A \/ 10 mA<\/td>\n<\/tr>\n<tr>\n<td>Exactitud<\/td>\n<td>\u00b1(1,5% de mv + 5 d\u00edgitos)<\/td>\n<\/tr>\n<tr>\n<td colspan=\"2\"><strong>Corriente alterna<\/strong><\/td>\n<\/tr>\n<tr>\n<td>Resoluci\u00f3n<\/td>\n<td>600 \u03bcA \/ 0,1 \u03bcA 6000 \u03bcA \/ 1 \u03bcA 60,00 mA \/ 10 \u03bcA 600,0 mA \/ 100 \u03bcA 6 A \/ 1 mA 10 A \/ 10 mA<\/td>\n<\/tr>\n<tr>\n<td>Exactitud<\/td>\n<td>\u00b1(1,5% de mv + 5 d\u00edgitos)<\/td>\n<\/tr>\n<tr>\n<td colspan=\"2\"><strong>Resistencia<\/strong><\/td>\n<\/tr>\n<tr>\n<td>Resoluci\u00f3n<\/td>\n<td>60.00Ohm\/0.01Ohm 600.0Ohm\/0.1Ohm 6.000kOhm\/1Ohm 60.00kOhm\/10Ohm 600.0kOhm\/100Ohm 6.000MOhm\/1kOhm 60.00MOhm\/10kOhm<\/td>\n<\/tr>\n<tr>\n<td>Exactitud<\/td>\n<td>\u00b1 (1,5% de mv + 3 d\u00edgitos)<\/td>\n<\/tr>\n<tr>\n<td colspan=\"2\"><strong>Capacitancia<\/strong><\/td>\n<\/tr>\n<tr>\n<td>Resoluci\u00f3n<\/td>\n<td>6.000nF\/0.001nF 60.00nF\/0.01nF 600.0nF\/0.1nF 6.000\u03bcF\/0.001\u03bcF 60.00\u03bcF\/0.01\u03bcF 600.0\u03bcF\/0.1\u03bcF 6.000m\/1\u03bcF 30.00mF\/10\u03bcF<\/td>\n<\/tr>\n<tr>\n<td>Exactitud<\/td>\n<td>\u00b1 (0,5% de mv + 3 d\u00edgitos)<\/td>\n<\/tr>\n<tr>\n<td colspan=\"2\"><strong>Frecuencia<\/strong><\/td>\n<\/tr>\n<tr>\n<td>Resoluci\u00f3n<\/td>\n<td>600,0 Hz\/0,1 Hz 6,000 kHz\/1 Hz 60,00 kHz\/10 Hz 600,0 kHz\/100 Hz 6,000 MHz\/1 kHz 30,00 MHz\/10 kHz<\/td>\n<\/tr>\n<tr>\n<td>Exactitud<\/td>\n<td>\u00b1(0,1% de mv + 1 d\u00edgito)<\/td>\n<\/tr>\n<tr>\n<td colspan=\"2\"><strong>Datos t\u00e9cnicos generales<\/strong><\/td>\n<\/tr>\n<tr>\n<td>Clase de protecci\u00f3n<\/td>\n<td>IP64<\/td>\n<\/tr>\n<tr>\n<td>Temperatura de almacenamiento<\/td>\n<td>De 5 \u00b0F a 140 \u00b0F\/de -15 a +60 \u00b0C<\/td>\n<\/tr>\n<tr>\n<td>Categor\u00eda de sobretensi\u00f3n<\/td>\n<td>CAT III 1000V; CAT IV 600V<\/td>\n<\/tr>\n<tr>\n<td>Temperatura de funcionamiento<\/td>\n<td>De 14 \u00b0F a 122 \u00b0F\/de -10 a +50 \u00b0C<\/td>\n<\/tr>\n<\/tbody>\n<\/table>\n","protected":false},"excerpt":{"rendered":"<p class=\"short-description mhide ipad-view-setting\">El Testo 760-3 tiene un rango de medici\u00f3n de tensi\u00f3n AC\/DC de 1000 V, TRMS, ciclo de trabajo, filtro de paso bajo y medici\u00f3n de temperatura. La exclusiva configuraci\u00f3n de autocomprobaci\u00f3n de Testo permite al usuario encender la unidad, conectar los cables y comenzar a medir. El mult\u00edmetro digital Testo 760 detecta la conexi\u00f3n de los cables y evita el cambio de V a A o de A a V si los cables no est\u00e1n en el enchufe adecuado.<\/p>\n<p class=\"comment-tag-product\">\n<div class=\"row-fluid\">\n<div class=\"span12 mobile-pricing-box-padding\">\n<form id=\"90045\" accept-charset=\"utf-8\" action=\"https:\/\/www.globaltestsupply.com\/shop\/add\" method=\"post\" name=\"addTocartFunction\">\n<div><\/div>\n<\/form>\n<\/div>\n<\/div>\n","protected":false},"featured_media":7717,"comment_status":"open","ping_status":"closed","template":"","meta":{"_joinchat":[]},"product_brand":[],"product_cat":[15],"product_tag":[],"class_list":{"0":"post-7708","1":"product","2":"type-product","3":"status-publish","4":"has-post-thumbnail","6":"product_cat-sin-categorizar","8":"first","9":"instock","10":"shipping-taxable","11":"product-type-simple"},"yoast_head":"<!-- This site is optimized with the Yoast SEO plugin v26.4 - https:\/\/yoast.com\/wordpress\/plugins\/seo\/ -->\n<title>Mult\u00edmetro digital testo 760-3 con capacitancia, trms, lpf, configuraci\u00f3n autom\u00e1tica, ciclo de trabajo, temperatura, 1000 v - Abaa tienda online<\/title>\n<meta name=\"robots\" content=\"index, follow, max-snippet:-1, max-image-preview:large, max-video-preview:-1\" \/>\n<link rel=\"canonical\" href=\"https:\/\/abaa.mx\/tienda\/multimetro-digital-testo-760-3-con-capacitancia-trms-lpf-configuracion-automatica-ciclo-de-trabajo-temperatura-1000-v-2\/\" \/>\n<meta property=\"og:locale\" content=\"es_MX\" \/>\n<meta property=\"og:type\" content=\"article\" \/>\n<meta property=\"og:title\" content=\"Mult\u00edmetro digital testo 760-3 con capacitancia, trms, lpf, configuraci\u00f3n autom\u00e1tica, ciclo de trabajo, temperatura, 1000 v - Abaa tienda online\" \/>\n<meta property=\"og:description\" content=\"El Testo 760-3 tiene un rango de medici\u00f3n de tensi\u00f3n AC\/DC de 1000 V, TRMS, ciclo de trabajo, filtro de paso bajo y medici\u00f3n de temperatura. La exclusiva configuraci\u00f3n de autocomprobaci\u00f3n de Testo permite al usuario encender la unidad, conectar los cables y comenzar a medir. El mult\u00edmetro digital Testo 760 detecta la conexi\u00f3n de los cables y evita el cambio de V a A o de A a V si los cables no est\u00e1n en el enchufe adecuado.\" \/>\n<meta property=\"og:url\" content=\"https:\/\/abaa.mx\/tienda\/multimetro-digital-testo-760-3-con-capacitancia-trms-lpf-configuracion-automatica-ciclo-de-trabajo-temperatura-1000-v-2\/\" \/>\n<meta property=\"og:site_name\" content=\"Abaa tienda online\" \/>\n<meta property=\"article:modified_time\" content=\"2023-10-24T19:21:19+00:00\" \/>\n<meta property=\"og:image\" content=\"https:\/\/abaa.mx\/tienda\/wp-content\/uploads\/2023\/10\/760-3-1.jpg\" \/>\n\t<meta property=\"og:image:width\" content=\"270\" \/>\n\t<meta property=\"og:image:height\" content=\"331\" \/>\n\t<meta property=\"og:image:type\" content=\"image\/jpeg\" \/>\n<meta name=\"twitter:card\" content=\"summary_large_image\" \/>\n<meta name=\"twitter:label1\" content=\"Tiempo de lectura\" \/>\n\t<meta name=\"twitter:data1\" content=\"2 minutos\" \/>\n<script type=\"application\/ld+json\" class=\"yoast-schema-graph\">{\"@context\":\"https:\/\/schema.org\",\"@graph\":[{\"@type\":\"WebPage\",\"@id\":\"https:\/\/abaa.mx\/tienda\/multimetro-digital-testo-760-3-con-capacitancia-trms-lpf-configuracion-automatica-ciclo-de-trabajo-temperatura-1000-v-2\/\",\"url\":\"https:\/\/abaa.mx\/tienda\/multimetro-digital-testo-760-3-con-capacitancia-trms-lpf-configuracion-automatica-ciclo-de-trabajo-temperatura-1000-v-2\/\",\"name\":\"Mult\u00edmetro digital testo 760-3 con capacitancia, trms, lpf, configuraci\u00f3n autom\u00e1tica, ciclo de trabajo, temperatura, 1000 v - Abaa tienda online\",\"isPartOf\":{\"@id\":\"https:\/\/abaa.mx\/tienda\/#website\"},\"primaryImageOfPage\":{\"@id\":\"https:\/\/abaa.mx\/tienda\/multimetro-digital-testo-760-3-con-capacitancia-trms-lpf-configuracion-automatica-ciclo-de-trabajo-temperatura-1000-v-2\/#primaryimage\"},\"image\":{\"@id\":\"https:\/\/abaa.mx\/tienda\/multimetro-digital-testo-760-3-con-capacitancia-trms-lpf-configuracion-automatica-ciclo-de-trabajo-temperatura-1000-v-2\/#primaryimage\"},\"thumbnailUrl\":\"https:\/\/abaa.mx\/tienda\/wp-content\/uploads\/2023\/10\/760-3-1.jpg\",\"datePublished\":\"2023-10-24T19:21:18+00:00\",\"dateModified\":\"2023-10-24T19:21:19+00:00\",\"breadcrumb\":{\"@id\":\"https:\/\/abaa.mx\/tienda\/multimetro-digital-testo-760-3-con-capacitancia-trms-lpf-configuracion-automatica-ciclo-de-trabajo-temperatura-1000-v-2\/#breadcrumb\"},\"inLanguage\":\"es\",\"potentialAction\":[{\"@type\":\"ReadAction\",\"target\":[\"https:\/\/abaa.mx\/tienda\/multimetro-digital-testo-760-3-con-capacitancia-trms-lpf-configuracion-automatica-ciclo-de-trabajo-temperatura-1000-v-2\/\"]}]},{\"@type\":\"ImageObject\",\"inLanguage\":\"es\",\"@id\":\"https:\/\/abaa.mx\/tienda\/multimetro-digital-testo-760-3-con-capacitancia-trms-lpf-configuracion-automatica-ciclo-de-trabajo-temperatura-1000-v-2\/#primaryimage\",\"url\":\"https:\/\/abaa.mx\/tienda\/wp-content\/uploads\/2023\/10\/760-3-1.jpg\",\"contentUrl\":\"https:\/\/abaa.mx\/tienda\/wp-content\/uploads\/2023\/10\/760-3-1.jpg\",\"width\":270,\"height\":331,\"caption\":\"760-3\"},{\"@type\":\"BreadcrumbList\",\"@id\":\"https:\/\/abaa.mx\/tienda\/multimetro-digital-testo-760-3-con-capacitancia-trms-lpf-configuracion-automatica-ciclo-de-trabajo-temperatura-1000-v-2\/#breadcrumb\",\"itemListElement\":[{\"@type\":\"ListItem\",\"position\":1,\"name\":\"Inicio\",\"item\":\"https:\/\/abaa.mx\/tienda\/\"},{\"@type\":\"ListItem\",\"position\":2,\"name\":\"Tienda\",\"item\":\"https:\/\/abaa.mx\/tienda\/\"},{\"@type\":\"ListItem\",\"position\":3,\"name\":\"Mult\u00edmetro digital testo 760-3 con capacitancia, trms, lpf, configuraci\u00f3n autom\u00e1tica, ciclo de trabajo, temperatura, 1000 v\"}]},{\"@type\":\"WebSite\",\"@id\":\"https:\/\/abaa.mx\/tienda\/#website\",\"url\":\"https:\/\/abaa.mx\/tienda\/\",\"name\":\"Abaa tienda online\",\"description\":\"Instrumentos de medici\u00f3n\",\"publisher\":{\"@id\":\"https:\/\/abaa.mx\/tienda\/#organization\"},\"potentialAction\":[{\"@type\":\"SearchAction\",\"target\":{\"@type\":\"EntryPoint\",\"urlTemplate\":\"https:\/\/abaa.mx\/tienda\/?s={search_term_string}\"},\"query-input\":{\"@type\":\"PropertyValueSpecification\",\"valueRequired\":true,\"valueName\":\"search_term_string\"}}],\"inLanguage\":\"es\"},{\"@type\":\"Organization\",\"@id\":\"https:\/\/abaa.mx\/tienda\/#organization\",\"name\":\"Abaa tienda online\",\"url\":\"https:\/\/abaa.mx\/tienda\/\",\"logo\":{\"@type\":\"ImageObject\",\"inLanguage\":\"es\",\"@id\":\"https:\/\/abaa.mx\/tienda\/#\/schema\/logo\/image\/\",\"url\":\"https:\/\/abaa.mx\/tienda\/wp-content\/uploads\/2024\/01\/abaa-metrologia-tienda.png\",\"contentUrl\":\"https:\/\/abaa.mx\/tienda\/wp-content\/uploads\/2024\/01\/abaa-metrologia-tienda.png\",\"width\":300,\"height\":141,\"caption\":\"Abaa tienda online\"},\"image\":{\"@id\":\"https:\/\/abaa.mx\/tienda\/#\/schema\/logo\/image\/\"}}]}<\/script>\n<!-- \/ Yoast SEO plugin. -->","yoast_head_json":{"title":"Mult\u00edmetro digital testo 760-3 con capacitancia, trms, lpf, configuraci\u00f3n autom\u00e1tica, ciclo de trabajo, temperatura, 1000 v - Abaa tienda online","robots":{"index":"index","follow":"follow","max-snippet":"max-snippet:-1","max-image-preview":"max-image-preview:large","max-video-preview":"max-video-preview:-1"},"canonical":"https:\/\/abaa.mx\/tienda\/multimetro-digital-testo-760-3-con-capacitancia-trms-lpf-configuracion-automatica-ciclo-de-trabajo-temperatura-1000-v-2\/","og_locale":"es_MX","og_type":"article","og_title":"Mult\u00edmetro digital testo 760-3 con capacitancia, trms, lpf, configuraci\u00f3n autom\u00e1tica, ciclo de trabajo, temperatura, 1000 v - Abaa tienda online","og_description":"El Testo 760-3 tiene un rango de medici\u00f3n de tensi\u00f3n AC\/DC de 1000 V, TRMS, ciclo de trabajo, filtro de paso bajo y medici\u00f3n de temperatura. La exclusiva configuraci\u00f3n de autocomprobaci\u00f3n de Testo permite al usuario encender la unidad, conectar los cables y comenzar a medir. El mult\u00edmetro digital Testo 760 detecta la conexi\u00f3n de los cables y evita el cambio de V a A o de A a V si los cables no est\u00e1n en el enchufe adecuado.","og_url":"https:\/\/abaa.mx\/tienda\/multimetro-digital-testo-760-3-con-capacitancia-trms-lpf-configuracion-automatica-ciclo-de-trabajo-temperatura-1000-v-2\/","og_site_name":"Abaa tienda online","article_modified_time":"2023-10-24T19:21:19+00:00","og_image":[{"width":270,"height":331,"url":"https:\/\/abaa.mx\/tienda\/wp-content\/uploads\/2023\/10\/760-3-1.jpg","type":"image\/jpeg"}],"twitter_card":"summary_large_image","twitter_misc":{"Tiempo de lectura":"2 minutos"},"schema":{"@context":"https:\/\/schema.org","@graph":[{"@type":"WebPage","@id":"https:\/\/abaa.mx\/tienda\/multimetro-digital-testo-760-3-con-capacitancia-trms-lpf-configuracion-automatica-ciclo-de-trabajo-temperatura-1000-v-2\/","url":"https:\/\/abaa.mx\/tienda\/multimetro-digital-testo-760-3-con-capacitancia-trms-lpf-configuracion-automatica-ciclo-de-trabajo-temperatura-1000-v-2\/","name":"Mult\u00edmetro digital testo 760-3 con capacitancia, trms, lpf, configuraci\u00f3n autom\u00e1tica, ciclo de trabajo, temperatura, 1000 v - Abaa tienda online","isPartOf":{"@id":"https:\/\/abaa.mx\/tienda\/#website"},"primaryImageOfPage":{"@id":"https:\/\/abaa.mx\/tienda\/multimetro-digital-testo-760-3-con-capacitancia-trms-lpf-configuracion-automatica-ciclo-de-trabajo-temperatura-1000-v-2\/#primaryimage"},"image":{"@id":"https:\/\/abaa.mx\/tienda\/multimetro-digital-testo-760-3-con-capacitancia-trms-lpf-configuracion-automatica-ciclo-de-trabajo-temperatura-1000-v-2\/#primaryimage"},"thumbnailUrl":"https:\/\/abaa.mx\/tienda\/wp-content\/uploads\/2023\/10\/760-3-1.jpg","datePublished":"2023-10-24T19:21:18+00:00","dateModified":"2023-10-24T19:21:19+00:00","breadcrumb":{"@id":"https:\/\/abaa.mx\/tienda\/multimetro-digital-testo-760-3-con-capacitancia-trms-lpf-configuracion-automatica-ciclo-de-trabajo-temperatura-1000-v-2\/#breadcrumb"},"inLanguage":"es","potentialAction":[{"@type":"ReadAction","target":["https:\/\/abaa.mx\/tienda\/multimetro-digital-testo-760-3-con-capacitancia-trms-lpf-configuracion-automatica-ciclo-de-trabajo-temperatura-1000-v-2\/"]}]},{"@type":"ImageObject","inLanguage":"es","@id":"https:\/\/abaa.mx\/tienda\/multimetro-digital-testo-760-3-con-capacitancia-trms-lpf-configuracion-automatica-ciclo-de-trabajo-temperatura-1000-v-2\/#primaryimage","url":"https:\/\/abaa.mx\/tienda\/wp-content\/uploads\/2023\/10\/760-3-1.jpg","contentUrl":"https:\/\/abaa.mx\/tienda\/wp-content\/uploads\/2023\/10\/760-3-1.jpg","width":270,"height":331,"caption":"760-3"},{"@type":"BreadcrumbList","@id":"https:\/\/abaa.mx\/tienda\/multimetro-digital-testo-760-3-con-capacitancia-trms-lpf-configuracion-automatica-ciclo-de-trabajo-temperatura-1000-v-2\/#breadcrumb","itemListElement":[{"@type":"ListItem","position":1,"name":"Inicio","item":"https:\/\/abaa.mx\/tienda\/"},{"@type":"ListItem","position":2,"name":"Tienda","item":"https:\/\/abaa.mx\/tienda\/"},{"@type":"ListItem","position":3,"name":"Mult\u00edmetro digital testo 760-3 con capacitancia, trms, lpf, configuraci\u00f3n autom\u00e1tica, ciclo de trabajo, temperatura, 1000 v"}]},{"@type":"WebSite","@id":"https:\/\/abaa.mx\/tienda\/#website","url":"https:\/\/abaa.mx\/tienda\/","name":"Abaa tienda online","description":"Instrumentos de medici\u00f3n","publisher":{"@id":"https:\/\/abaa.mx\/tienda\/#organization"},"potentialAction":[{"@type":"SearchAction","target":{"@type":"EntryPoint","urlTemplate":"https:\/\/abaa.mx\/tienda\/?s={search_term_string}"},"query-input":{"@type":"PropertyValueSpecification","valueRequired":true,"valueName":"search_term_string"}}],"inLanguage":"es"},{"@type":"Organization","@id":"https:\/\/abaa.mx\/tienda\/#organization","name":"Abaa tienda online","url":"https:\/\/abaa.mx\/tienda\/","logo":{"@type":"ImageObject","inLanguage":"es","@id":"https:\/\/abaa.mx\/tienda\/#\/schema\/logo\/image\/","url":"https:\/\/abaa.mx\/tienda\/wp-content\/uploads\/2024\/01\/abaa-metrologia-tienda.png","contentUrl":"https:\/\/abaa.mx\/tienda\/wp-content\/uploads\/2024\/01\/abaa-metrologia-tienda.png","width":300,"height":141,"caption":"Abaa tienda online"},"image":{"@id":"https:\/\/abaa.mx\/tienda\/#\/schema\/logo\/image\/"}}]}},"_links":{"self":[{"href":"https:\/\/abaa.mx\/tienda\/wp-json\/wp\/v2\/product\/7708","targetHints":{"allow":["GET"]}}],"collection":[{"href":"https:\/\/abaa.mx\/tienda\/wp-json\/wp\/v2\/product"}],"about":[{"href":"https:\/\/abaa.mx\/tienda\/wp-json\/wp\/v2\/types\/product"}],"replies":[{"embeddable":true,"href":"https:\/\/abaa.mx\/tienda\/wp-json\/wp\/v2\/comments?post=7708"}],"wp:featuredmedia":[{"embeddable":true,"href":"https:\/\/abaa.mx\/tienda\/wp-json\/wp\/v2\/media\/7717"}],"wp:attachment":[{"href":"https:\/\/abaa.mx\/tienda\/wp-json\/wp\/v2\/media?parent=7708"}],"wp:term":[{"taxonomy":"product_brand","embeddable":true,"href":"https:\/\/abaa.mx\/tienda\/wp-json\/wp\/v2\/product_brand?post=7708"},{"taxonomy":"product_cat","embeddable":true,"href":"https:\/\/abaa.mx\/tienda\/wp-json\/wp\/v2\/product_cat?post=7708"},{"taxonomy":"product_tag","embeddable":true,"href":"https:\/\/abaa.mx\/tienda\/wp-json\/wp\/v2\/product_tag?post=7708"}],"curies":[{"name":"wp","href":"https:\/\/api.w.org\/{rel}","templated":true}]}}