{"id":7703,"date":"2023-10-24T19:23:46","date_gmt":"2023-10-24T19:23:46","guid":{"rendered":"https:\/\/abaa.mx\/tienda\/?post_type=product&#038;p=7703"},"modified":"2023-10-24T19:23:47","modified_gmt":"2023-10-24T19:23:47","slug":"cronometro-de-estres-termico-reed-sw700-nist-3","status":"publish","type":"product","link":"https:\/\/abaa.mx\/tienda\/cronometro-de-estres-termico-reed-sw700-nist-3\/","title":{"rendered":"Cron\u00f3metro de estr\u00e9s t\u00e9rmico reed sw700-nist"},"content":{"rendered":"<p>Este cron\u00f3metro resistente al agua (IPX4) cuenta con un temporizador de cuenta regresiva de 10 horas y un calendario incorporado que muestra el d\u00eda, el mes y la fecha. El SW700 funciona con bater\u00eda y energ\u00eda solar y tiene la capacidad de medir la temperatura, la humedad, el \u00edndice de calor y el punto de roc\u00edo. Este cron\u00f3metro combina mediciones de la temperatura del aire y la humedad relativa en un intento de determinar la temperatura equivalente percibida por el ser humano o &#8220;qu\u00e9 tan caliente se siente&#8221;.<\/p>\n<p><strong>Funciones<\/strong><\/p>\n<ul>\n<li>Mide la temperatura y la humedad, calcula el \u00edndice de calor y el punto de roc\u00edo<\/li>\n<li>Modo cron\u00f3metro\/cron\u00f3grafo con resoluci\u00f3n de 1\/100 segundos<\/li>\n<li>El modo de calendario muestra el d\u00eda, el mes y la fecha<\/li>\n<li>Contador de 99 vueltas con memoria de 30 vueltas\/split<\/li>\n<li>Recuperaci\u00f3n de vuelta m\u00e1s r\u00e1pida\/m\u00e1s lenta\/media<\/li>\n<li>Temporizador de cuenta regresiva de 10 horas con advertencia sonora para los \u00faltimos 5 segundos<\/li>\n<li>Alarma programable<\/li>\n<li>Funcionamiento del reloj de 12 o 24 horas<\/li>\n<li>Cord\u00f3n de nailon de 48&#8243;<\/li>\n<li>Pantalla LCD retroiluminada<\/li>\n<li>Opci\u00f3n de funcionamiento silencioso<\/li>\n<li>Bater\u00eda y energ\u00eda solar<\/li>\n<\/ul>\n<h4>Especificaciones de REED SW700-NIST<\/h4>\n<table class=\"table table-striped\">\n<tbody>\n<tr>\n<td colspan=\"2\"><strong>Temperatura<\/strong><\/td>\n<\/tr>\n<tr>\n<td>Rangos de medici\u00f3n<\/td>\n<td>Temperatura: 23 a 122 \u00b0F (-5 a 50 \u00b0C) \u00cdndice de calor: 70 a 122 \u00b0F (22 a 50 \u00b0C)<\/td>\n<\/tr>\n<tr>\n<td>Exactitud<\/td>\n<td>\u00b11,8 \u00b0F (1,0 \u00b0C)(32 a 104 \u00b0F (0 a 40 \u00b0C))<br \/>\n\u00b13 \u00b0C (6,2 \u00b0F)<\/td>\n<\/tr>\n<tr>\n<td>Resoluci\u00f3n<\/td>\n<td>0.1\u00b0F\/\u00b0C<\/td>\n<\/tr>\n<tr>\n<td colspan=\"2\"><strong>Humedad<\/strong><\/td>\n<\/tr>\n<tr>\n<td>Rango de medici\u00f3n<\/td>\n<td>Del 1 al 99 % de humedad relativa<\/td>\n<\/tr>\n<tr>\n<td>Exactitud<\/td>\n<td>\u00b15% HR (40% a 70%)<br \/>\n\u00b18% HR (Otros)<\/td>\n<\/tr>\n<tr>\n<td>Resoluci\u00f3n<\/td>\n<td>0.1% HR<\/td>\n<\/tr>\n<tr>\n<td colspan=\"2\"><strong>Especificaciones generales<\/strong><\/td>\n<\/tr>\n<tr>\n<td>Capacidad de temporizaci\u00f3n<\/td>\n<td>9 horas, 59 minutos y 59 segundos<\/td>\n<\/tr>\n<tr>\n<td>Exactitud<\/td>\n<td>\u00b13 segundos\/d\u00eda<\/td>\n<\/tr>\n<tr>\n<td>Memoria de regazo<\/td>\n<td>30 vueltas<\/td>\n<\/tr>\n<tr>\n<td>Reloj de 12 o 24 horas<\/td>\n<td>S\u00ed<\/td>\n<\/tr>\n<tr>\n<td>Alarma de tiempo<\/td>\n<td>S\u00ed<\/td>\n<\/tr>\n<tr>\n<td>Monitor<\/td>\n<td>LCD<\/td>\n<\/tr>\n<tr>\n<td>Pantalla retroiluminada<\/td>\n<td>S\u00ed<\/td>\n<\/tr>\n<tr>\n<td>Fuente de alimentaci\u00f3n<\/td>\n<td>Bater\u00eda CR2032 o panel solar<\/td>\n<\/tr>\n<tr>\n<td>Duraci\u00f3n de la bater\u00eda<\/td>\n<td>Aprox. 1000 horas (alcalinas)<\/td>\n<\/tr>\n<tr>\n<td>Certificaciones de productos<\/td>\n<td>CE, IPX4<\/td>\n<\/tr>\n<tr>\n<td>Temperatura de funcionamiento<\/td>\n<td>De -14 a 140 \u00b0C (de 10 a 60 \u00b0F)<\/td>\n<\/tr>\n<tr>\n<td>Temperatura de almacenamiento<\/td>\n<td>De -14 a 140 \u00b0C (de 10 a 60 \u00b0F)<\/td>\n<\/tr>\n<tr>\n<td>Rango de humedad de funcionamiento<\/td>\n<td>De 0 a 99%<\/td>\n<\/tr>\n<tr>\n<td>Dimensiones<\/td>\n<td>2 x 7 x 3 mm (6,1 x 0,68 x 92,23&#8243;)<\/td>\n<\/tr>\n<tr>\n<td>Peso<\/td>\n<td>2 g (9,83 onzas)<\/td>\n<\/tr>\n<\/tbody>\n<\/table>\n","protected":false},"excerpt":{"rendered":"<p class=\"short-description mhide ipad-view-setting\">El cron\u00f3metro alimentado por energ\u00eda solar mide la temperatura, la humedad y calcula el \u00edndice de calor y el punto de roc\u00edo.<\/p>\n<div class=\"row-fluid\">\n<div class=\"span12 mobile-pricing-box-padding\">\n<form id=\"61041\" accept-charset=\"utf-8\" action=\"https:\/\/www.globaltestsupply.com\/shop\/add\" method=\"post\" name=\"addTocartFunction\">\n<div><\/div>\n<\/form>\n<\/div>\n<\/div>\n","protected":false},"featured_media":7720,"comment_status":"open","ping_status":"closed","template":"","meta":{"_joinchat":[]},"product_brand":[],"product_cat":[15],"product_tag":[],"class_list":{"0":"post-7703","1":"product","2":"type-product","3":"status-publish","4":"has-post-thumbnail","6":"product_cat-sin-categorizar","8":"first","9":"instock","10":"shipping-taxable","11":"product-type-simple"},"yoast_head":"<!-- This site is optimized with the Yoast SEO plugin v26.4 - https:\/\/yoast.com\/wordpress\/plugins\/seo\/ -->\n<title>Cron\u00f3metro de estr\u00e9s t\u00e9rmico reed sw700-nist - Abaa tienda online<\/title>\n<meta name=\"robots\" content=\"index, follow, max-snippet:-1, max-image-preview:large, max-video-preview:-1\" \/>\n<link rel=\"canonical\" href=\"https:\/\/abaa.mx\/tienda\/cronometro-de-estres-termico-reed-sw700-nist-3\/\" \/>\n<meta property=\"og:locale\" content=\"es_MX\" \/>\n<meta property=\"og:type\" content=\"article\" \/>\n<meta property=\"og:title\" content=\"Cron\u00f3metro de estr\u00e9s t\u00e9rmico reed sw700-nist - Abaa tienda online\" \/>\n<meta property=\"og:description\" content=\"El cron\u00f3metro alimentado por energ\u00eda solar mide la temperatura, la humedad y calcula el \u00edndice de calor y el punto de roc\u00edo.\" \/>\n<meta property=\"og:url\" content=\"https:\/\/abaa.mx\/tienda\/cronometro-de-estres-termico-reed-sw700-nist-3\/\" \/>\n<meta property=\"og:site_name\" content=\"Abaa tienda online\" \/>\n<meta property=\"article:modified_time\" content=\"2023-10-24T19:23:47+00:00\" \/>\n<meta property=\"og:image\" content=\"https:\/\/abaa.mx\/tienda\/wp-content\/uploads\/2023\/10\/SW700-NIST-2.jpg\" \/>\n\t<meta property=\"og:image:width\" content=\"500\" \/>\n\t<meta property=\"og:image:height\" content=\"500\" \/>\n\t<meta property=\"og:image:type\" content=\"image\/jpeg\" \/>\n<meta name=\"twitter:card\" content=\"summary_large_image\" \/>\n<meta name=\"twitter:label1\" content=\"Tiempo de lectura\" \/>\n\t<meta name=\"twitter:data1\" content=\"2 minutos\" \/>\n<script type=\"application\/ld+json\" class=\"yoast-schema-graph\">{\"@context\":\"https:\/\/schema.org\",\"@graph\":[{\"@type\":\"WebPage\",\"@id\":\"https:\/\/abaa.mx\/tienda\/cronometro-de-estres-termico-reed-sw700-nist-3\/\",\"url\":\"https:\/\/abaa.mx\/tienda\/cronometro-de-estres-termico-reed-sw700-nist-3\/\",\"name\":\"Cron\u00f3metro de estr\u00e9s t\u00e9rmico reed sw700-nist - Abaa tienda online\",\"isPartOf\":{\"@id\":\"https:\/\/abaa.mx\/tienda\/#website\"},\"primaryImageOfPage\":{\"@id\":\"https:\/\/abaa.mx\/tienda\/cronometro-de-estres-termico-reed-sw700-nist-3\/#primaryimage\"},\"image\":{\"@id\":\"https:\/\/abaa.mx\/tienda\/cronometro-de-estres-termico-reed-sw700-nist-3\/#primaryimage\"},\"thumbnailUrl\":\"https:\/\/abaa.mx\/tienda\/wp-content\/uploads\/2023\/10\/SW700-NIST-2.jpg\",\"datePublished\":\"2023-10-24T19:23:46+00:00\",\"dateModified\":\"2023-10-24T19:23:47+00:00\",\"breadcrumb\":{\"@id\":\"https:\/\/abaa.mx\/tienda\/cronometro-de-estres-termico-reed-sw700-nist-3\/#breadcrumb\"},\"inLanguage\":\"es\",\"potentialAction\":[{\"@type\":\"ReadAction\",\"target\":[\"https:\/\/abaa.mx\/tienda\/cronometro-de-estres-termico-reed-sw700-nist-3\/\"]}]},{\"@type\":\"ImageObject\",\"inLanguage\":\"es\",\"@id\":\"https:\/\/abaa.mx\/tienda\/cronometro-de-estres-termico-reed-sw700-nist-3\/#primaryimage\",\"url\":\"https:\/\/abaa.mx\/tienda\/wp-content\/uploads\/2023\/10\/SW700-NIST-2.jpg\",\"contentUrl\":\"https:\/\/abaa.mx\/tienda\/wp-content\/uploads\/2023\/10\/SW700-NIST-2.jpg\",\"width\":500,\"height\":500,\"caption\":\"SW700-NIST\"},{\"@type\":\"BreadcrumbList\",\"@id\":\"https:\/\/abaa.mx\/tienda\/cronometro-de-estres-termico-reed-sw700-nist-3\/#breadcrumb\",\"itemListElement\":[{\"@type\":\"ListItem\",\"position\":1,\"name\":\"Inicio\",\"item\":\"https:\/\/abaa.mx\/tienda\/\"},{\"@type\":\"ListItem\",\"position\":2,\"name\":\"Tienda\",\"item\":\"https:\/\/abaa.mx\/tienda\/\"},{\"@type\":\"ListItem\",\"position\":3,\"name\":\"Cron\u00f3metro de estr\u00e9s t\u00e9rmico reed sw700-nist\"}]},{\"@type\":\"WebSite\",\"@id\":\"https:\/\/abaa.mx\/tienda\/#website\",\"url\":\"https:\/\/abaa.mx\/tienda\/\",\"name\":\"Abaa tienda online\",\"description\":\"Instrumentos de medici\u00f3n\",\"publisher\":{\"@id\":\"https:\/\/abaa.mx\/tienda\/#organization\"},\"potentialAction\":[{\"@type\":\"SearchAction\",\"target\":{\"@type\":\"EntryPoint\",\"urlTemplate\":\"https:\/\/abaa.mx\/tienda\/?s={search_term_string}\"},\"query-input\":{\"@type\":\"PropertyValueSpecification\",\"valueRequired\":true,\"valueName\":\"search_term_string\"}}],\"inLanguage\":\"es\"},{\"@type\":\"Organization\",\"@id\":\"https:\/\/abaa.mx\/tienda\/#organization\",\"name\":\"Abaa tienda online\",\"url\":\"https:\/\/abaa.mx\/tienda\/\",\"logo\":{\"@type\":\"ImageObject\",\"inLanguage\":\"es\",\"@id\":\"https:\/\/abaa.mx\/tienda\/#\/schema\/logo\/image\/\",\"url\":\"https:\/\/abaa.mx\/tienda\/wp-content\/uploads\/2024\/01\/abaa-metrologia-tienda.png\",\"contentUrl\":\"https:\/\/abaa.mx\/tienda\/wp-content\/uploads\/2024\/01\/abaa-metrologia-tienda.png\",\"width\":300,\"height\":141,\"caption\":\"Abaa tienda online\"},\"image\":{\"@id\":\"https:\/\/abaa.mx\/tienda\/#\/schema\/logo\/image\/\"}}]}<\/script>\n<!-- \/ Yoast SEO plugin. -->","yoast_head_json":{"title":"Cron\u00f3metro de estr\u00e9s t\u00e9rmico reed sw700-nist - Abaa tienda online","robots":{"index":"index","follow":"follow","max-snippet":"max-snippet:-1","max-image-preview":"max-image-preview:large","max-video-preview":"max-video-preview:-1"},"canonical":"https:\/\/abaa.mx\/tienda\/cronometro-de-estres-termico-reed-sw700-nist-3\/","og_locale":"es_MX","og_type":"article","og_title":"Cron\u00f3metro de estr\u00e9s t\u00e9rmico reed sw700-nist - Abaa tienda online","og_description":"El cron\u00f3metro alimentado por energ\u00eda solar mide la temperatura, la humedad y calcula el \u00edndice de calor y el punto de roc\u00edo.","og_url":"https:\/\/abaa.mx\/tienda\/cronometro-de-estres-termico-reed-sw700-nist-3\/","og_site_name":"Abaa tienda online","article_modified_time":"2023-10-24T19:23:47+00:00","og_image":[{"width":500,"height":500,"url":"https:\/\/abaa.mx\/tienda\/wp-content\/uploads\/2023\/10\/SW700-NIST-2.jpg","type":"image\/jpeg"}],"twitter_card":"summary_large_image","twitter_misc":{"Tiempo de lectura":"2 minutos"},"schema":{"@context":"https:\/\/schema.org","@graph":[{"@type":"WebPage","@id":"https:\/\/abaa.mx\/tienda\/cronometro-de-estres-termico-reed-sw700-nist-3\/","url":"https:\/\/abaa.mx\/tienda\/cronometro-de-estres-termico-reed-sw700-nist-3\/","name":"Cron\u00f3metro de estr\u00e9s t\u00e9rmico reed sw700-nist - Abaa tienda online","isPartOf":{"@id":"https:\/\/abaa.mx\/tienda\/#website"},"primaryImageOfPage":{"@id":"https:\/\/abaa.mx\/tienda\/cronometro-de-estres-termico-reed-sw700-nist-3\/#primaryimage"},"image":{"@id":"https:\/\/abaa.mx\/tienda\/cronometro-de-estres-termico-reed-sw700-nist-3\/#primaryimage"},"thumbnailUrl":"https:\/\/abaa.mx\/tienda\/wp-content\/uploads\/2023\/10\/SW700-NIST-2.jpg","datePublished":"2023-10-24T19:23:46+00:00","dateModified":"2023-10-24T19:23:47+00:00","breadcrumb":{"@id":"https:\/\/abaa.mx\/tienda\/cronometro-de-estres-termico-reed-sw700-nist-3\/#breadcrumb"},"inLanguage":"es","potentialAction":[{"@type":"ReadAction","target":["https:\/\/abaa.mx\/tienda\/cronometro-de-estres-termico-reed-sw700-nist-3\/"]}]},{"@type":"ImageObject","inLanguage":"es","@id":"https:\/\/abaa.mx\/tienda\/cronometro-de-estres-termico-reed-sw700-nist-3\/#primaryimage","url":"https:\/\/abaa.mx\/tienda\/wp-content\/uploads\/2023\/10\/SW700-NIST-2.jpg","contentUrl":"https:\/\/abaa.mx\/tienda\/wp-content\/uploads\/2023\/10\/SW700-NIST-2.jpg","width":500,"height":500,"caption":"SW700-NIST"},{"@type":"BreadcrumbList","@id":"https:\/\/abaa.mx\/tienda\/cronometro-de-estres-termico-reed-sw700-nist-3\/#breadcrumb","itemListElement":[{"@type":"ListItem","position":1,"name":"Inicio","item":"https:\/\/abaa.mx\/tienda\/"},{"@type":"ListItem","position":2,"name":"Tienda","item":"https:\/\/abaa.mx\/tienda\/"},{"@type":"ListItem","position":3,"name":"Cron\u00f3metro de estr\u00e9s t\u00e9rmico reed sw700-nist"}]},{"@type":"WebSite","@id":"https:\/\/abaa.mx\/tienda\/#website","url":"https:\/\/abaa.mx\/tienda\/","name":"Abaa tienda online","description":"Instrumentos de medici\u00f3n","publisher":{"@id":"https:\/\/abaa.mx\/tienda\/#organization"},"potentialAction":[{"@type":"SearchAction","target":{"@type":"EntryPoint","urlTemplate":"https:\/\/abaa.mx\/tienda\/?s={search_term_string}"},"query-input":{"@type":"PropertyValueSpecification","valueRequired":true,"valueName":"search_term_string"}}],"inLanguage":"es"},{"@type":"Organization","@id":"https:\/\/abaa.mx\/tienda\/#organization","name":"Abaa tienda online","url":"https:\/\/abaa.mx\/tienda\/","logo":{"@type":"ImageObject","inLanguage":"es","@id":"https:\/\/abaa.mx\/tienda\/#\/schema\/logo\/image\/","url":"https:\/\/abaa.mx\/tienda\/wp-content\/uploads\/2024\/01\/abaa-metrologia-tienda.png","contentUrl":"https:\/\/abaa.mx\/tienda\/wp-content\/uploads\/2024\/01\/abaa-metrologia-tienda.png","width":300,"height":141,"caption":"Abaa tienda online"},"image":{"@id":"https:\/\/abaa.mx\/tienda\/#\/schema\/logo\/image\/"}}]}},"_links":{"self":[{"href":"https:\/\/abaa.mx\/tienda\/wp-json\/wp\/v2\/product\/7703","targetHints":{"allow":["GET"]}}],"collection":[{"href":"https:\/\/abaa.mx\/tienda\/wp-json\/wp\/v2\/product"}],"about":[{"href":"https:\/\/abaa.mx\/tienda\/wp-json\/wp\/v2\/types\/product"}],"replies":[{"embeddable":true,"href":"https:\/\/abaa.mx\/tienda\/wp-json\/wp\/v2\/comments?post=7703"}],"wp:featuredmedia":[{"embeddable":true,"href":"https:\/\/abaa.mx\/tienda\/wp-json\/wp\/v2\/media\/7720"}],"wp:attachment":[{"href":"https:\/\/abaa.mx\/tienda\/wp-json\/wp\/v2\/media?parent=7703"}],"wp:term":[{"taxonomy":"product_brand","embeddable":true,"href":"https:\/\/abaa.mx\/tienda\/wp-json\/wp\/v2\/product_brand?post=7703"},{"taxonomy":"product_cat","embeddable":true,"href":"https:\/\/abaa.mx\/tienda\/wp-json\/wp\/v2\/product_cat?post=7703"},{"taxonomy":"product_tag","embeddable":true,"href":"https:\/\/abaa.mx\/tienda\/wp-json\/wp\/v2\/product_tag?post=7703"}],"curies":[{"name":"wp","href":"https:\/\/api.w.org\/{rel}","templated":true}]}}