{"id":7701,"date":"2023-10-24T19:16:06","date_gmt":"2023-10-24T19:16:06","guid":{"rendered":"https:\/\/abaa.mx\/tienda\/?post_type=product&#038;p=7701"},"modified":"2023-10-24T19:16:55","modified_gmt":"2023-10-24T19:16:55","slug":"testo-750-3-probador-digital-de-tension-continuidad-y-secuencia-de-fases-con-prueba-gfci-linterna-y-pantalla-lcd-de-3-digitos-2","status":"publish","type":"product","link":"https:\/\/abaa.mx\/tienda\/testo-750-3-probador-digital-de-tension-continuidad-y-secuencia-de-fases-con-prueba-gfci-linterna-y-pantalla-lcd-de-3-digitos-2\/","title":{"rendered":"Testo 750-3 probador digital de tensi\u00f3n, continuidad y secuencia de fases con prueba gfci, linterna y pantalla lcd de 3 d\u00edgitos"},"content":{"rendered":"<p>Los probadores de tensi\u00f3n testo 750 son los primeros instrumentos que incluyen una indicaci\u00f3n de tensi\u00f3n LED visible en todo el per\u00edmetro.<\/p>\n<p><strong>Funciones<\/strong><\/p>\n<ul>\n<li>Funci\u00f3n de prueba GFCI<\/li>\n<li>Pantalla LCD de 3 d\u00edgitos que muestra las mediciones de voltaje reales<\/li>\n<li>Indicaci\u00f3n patentada de barra de voltaje LED visible en todo el per\u00edmetro<\/li>\n<li>Linterna incorporada para realizar pruebas en lugares oscuros<\/li>\n<\/ul>\n<p><strong>Aplicaciones<\/strong><\/p>\n<p>Contratistas El\u00e9ctricos, T\u00e9cnicos de HVAC\/R, Mantenimiento de Plantas<\/p>\n<h4>Especificaciones de Testo 750-3<\/h4>\n<table class=\"table table-striped\">\n<tbody>\n<tr>\n<td colspan=\"2\"><strong>Voltaje de CC<\/strong><\/td>\n<\/tr>\n<tr>\n<td>Resoluci\u00f3n<\/td>\n<td>De 12 a 690 V\/12 V, 24 V, 50 V, 120 V, 230 V, 400 V, 690 V<\/td>\n<\/tr>\n<tr>\n<td>Exactitud<\/td>\n<td>Seg\u00fan DIN EN 61243-3:2010<\/td>\n<\/tr>\n<tr>\n<td colspan=\"2\"><strong>Voltaje de CA<\/strong><\/td>\n<\/tr>\n<tr>\n<td>Resoluci\u00f3n<\/td>\n<td>De 12 a 690 V\/12 V, 24 V, 50 V, 120 V, 230 V, 400 V, 690 V<\/td>\n<\/tr>\n<tr>\n<td>Exactitud<\/td>\n<td>seg\u00fan DIN EN 61243-3:2010<\/td>\n<\/tr>\n<tr>\n<td colspan=\"2\"><strong>Datos t\u00e9cnicos generales<\/strong><\/td>\n<\/tr>\n<tr>\n<td>Clase de protecci\u00f3n<\/td>\n<td>IP64<\/td>\n<\/tr>\n<tr>\n<td>Temperatura de almacenamiento<\/td>\n<td>De 5,0 a 140,0 \u00b0F\/de -15 a +60 \u00b0C<\/td>\n<\/tr>\n<tr>\n<td>Categor\u00eda de sobretensi\u00f3n<\/td>\n<td>CAT IV 600V; CAT III 1000V<\/td>\n<\/tr>\n<tr>\n<td>Temperatura de funcionamiento<\/td>\n<td>De 14 a +122 \u00b0F\/de -10 a +50 \u00b0C<\/td>\n<\/tr>\n<\/tbody>\n<\/table>\n","protected":false},"excerpt":{"rendered":"<p class=\"short-description mhide ipad-view-setting\">Capaz de realizar pruebas de circuito GFCI en tomacorrientes de CA. Al realizar una prueba de circuito GFCI, se aplica una carga de 35 mA al circuito. El Testo 750 vibra para garantizar que la prueba del circuito GFCI est\u00e9 activa.<\/p>\n<div class=\"row-fluid\">\n<div class=\"span12 mobile-pricing-box-padding\">\n<form id=\"90040\" accept-charset=\"utf-8\" action=\"https:\/\/www.globaltestsupply.com\/shop\/add\" method=\"post\" name=\"addTocartFunction\">\n<div><\/div>\n<\/form>\n<\/div>\n<\/div>\n","protected":false},"featured_media":7709,"comment_status":"open","ping_status":"closed","template":"","meta":{"_joinchat":[]},"product_brand":[],"product_cat":[15],"product_tag":[],"class_list":{"0":"post-7701","1":"product","2":"type-product","3":"status-publish","4":"has-post-thumbnail","6":"product_cat-sin-categorizar","8":"first","9":"instock","10":"shipping-taxable","11":"product-type-simple"},"yoast_head":"<!-- This site is optimized with the Yoast SEO plugin v26.4 - https:\/\/yoast.com\/wordpress\/plugins\/seo\/ -->\n<title>Testo 750-3 probador digital de tensi\u00f3n, continuidad y secuencia de fases con prueba gfci, linterna y pantalla lcd de 3 d\u00edgitos - Abaa tienda online<\/title>\n<meta name=\"robots\" content=\"index, follow, max-snippet:-1, max-image-preview:large, max-video-preview:-1\" \/>\n<link rel=\"canonical\" href=\"https:\/\/abaa.mx\/tienda\/testo-750-3-probador-digital-de-tension-continuidad-y-secuencia-de-fases-con-prueba-gfci-linterna-y-pantalla-lcd-de-3-digitos-2\/\" \/>\n<meta property=\"og:locale\" content=\"es_MX\" \/>\n<meta property=\"og:type\" content=\"article\" \/>\n<meta property=\"og:title\" content=\"Testo 750-3 probador digital de tensi\u00f3n, continuidad y secuencia de fases con prueba gfci, linterna y pantalla lcd de 3 d\u00edgitos - Abaa tienda online\" \/>\n<meta property=\"og:description\" content=\"Capaz de realizar pruebas de circuito GFCI en tomacorrientes de CA. Al realizar una prueba de circuito GFCI, se aplica una carga de 35 mA al circuito. El Testo 750 vibra para garantizar que la prueba del circuito GFCI est\u00e9 activa.\" \/>\n<meta property=\"og:url\" content=\"https:\/\/abaa.mx\/tienda\/testo-750-3-probador-digital-de-tension-continuidad-y-secuencia-de-fases-con-prueba-gfci-linterna-y-pantalla-lcd-de-3-digitos-2\/\" \/>\n<meta property=\"og:site_name\" content=\"Abaa tienda online\" \/>\n<meta property=\"article:modified_time\" content=\"2023-10-24T19:16:55+00:00\" \/>\n<meta property=\"og:image\" content=\"https:\/\/abaa.mx\/tienda\/wp-content\/uploads\/2023\/10\/750-3-1.jpg\" \/>\n\t<meta property=\"og:image:width\" content=\"270\" \/>\n\t<meta property=\"og:image:height\" content=\"332\" \/>\n\t<meta property=\"og:image:type\" content=\"image\/jpeg\" \/>\n<meta name=\"twitter:card\" content=\"summary_large_image\" \/>\n<meta name=\"twitter:label1\" content=\"Tiempo de lectura\" \/>\n\t<meta name=\"twitter:data1\" content=\"1 minuto\" \/>\n<script type=\"application\/ld+json\" class=\"yoast-schema-graph\">{\"@context\":\"https:\/\/schema.org\",\"@graph\":[{\"@type\":\"WebPage\",\"@id\":\"https:\/\/abaa.mx\/tienda\/testo-750-3-probador-digital-de-tension-continuidad-y-secuencia-de-fases-con-prueba-gfci-linterna-y-pantalla-lcd-de-3-digitos-2\/\",\"url\":\"https:\/\/abaa.mx\/tienda\/testo-750-3-probador-digital-de-tension-continuidad-y-secuencia-de-fases-con-prueba-gfci-linterna-y-pantalla-lcd-de-3-digitos-2\/\",\"name\":\"Testo 750-3 probador digital de tensi\u00f3n, continuidad y secuencia de fases con prueba gfci, linterna y pantalla lcd de 3 d\u00edgitos - Abaa tienda online\",\"isPartOf\":{\"@id\":\"https:\/\/abaa.mx\/tienda\/#website\"},\"primaryImageOfPage\":{\"@id\":\"https:\/\/abaa.mx\/tienda\/testo-750-3-probador-digital-de-tension-continuidad-y-secuencia-de-fases-con-prueba-gfci-linterna-y-pantalla-lcd-de-3-digitos-2\/#primaryimage\"},\"image\":{\"@id\":\"https:\/\/abaa.mx\/tienda\/testo-750-3-probador-digital-de-tension-continuidad-y-secuencia-de-fases-con-prueba-gfci-linterna-y-pantalla-lcd-de-3-digitos-2\/#primaryimage\"},\"thumbnailUrl\":\"https:\/\/abaa.mx\/tienda\/wp-content\/uploads\/2023\/10\/750-3-1.jpg\",\"datePublished\":\"2023-10-24T19:16:06+00:00\",\"dateModified\":\"2023-10-24T19:16:55+00:00\",\"breadcrumb\":{\"@id\":\"https:\/\/abaa.mx\/tienda\/testo-750-3-probador-digital-de-tension-continuidad-y-secuencia-de-fases-con-prueba-gfci-linterna-y-pantalla-lcd-de-3-digitos-2\/#breadcrumb\"},\"inLanguage\":\"es\",\"potentialAction\":[{\"@type\":\"ReadAction\",\"target\":[\"https:\/\/abaa.mx\/tienda\/testo-750-3-probador-digital-de-tension-continuidad-y-secuencia-de-fases-con-prueba-gfci-linterna-y-pantalla-lcd-de-3-digitos-2\/\"]}]},{\"@type\":\"ImageObject\",\"inLanguage\":\"es\",\"@id\":\"https:\/\/abaa.mx\/tienda\/testo-750-3-probador-digital-de-tension-continuidad-y-secuencia-de-fases-con-prueba-gfci-linterna-y-pantalla-lcd-de-3-digitos-2\/#primaryimage\",\"url\":\"https:\/\/abaa.mx\/tienda\/wp-content\/uploads\/2023\/10\/750-3-1.jpg\",\"contentUrl\":\"https:\/\/abaa.mx\/tienda\/wp-content\/uploads\/2023\/10\/750-3-1.jpg\",\"width\":270,\"height\":332,\"caption\":\"750-3\"},{\"@type\":\"BreadcrumbList\",\"@id\":\"https:\/\/abaa.mx\/tienda\/testo-750-3-probador-digital-de-tension-continuidad-y-secuencia-de-fases-con-prueba-gfci-linterna-y-pantalla-lcd-de-3-digitos-2\/#breadcrumb\",\"itemListElement\":[{\"@type\":\"ListItem\",\"position\":1,\"name\":\"Inicio\",\"item\":\"https:\/\/abaa.mx\/tienda\/\"},{\"@type\":\"ListItem\",\"position\":2,\"name\":\"Tienda\",\"item\":\"https:\/\/abaa.mx\/tienda\/\"},{\"@type\":\"ListItem\",\"position\":3,\"name\":\"Testo 750-3 probador digital de tensi\u00f3n, continuidad y secuencia de fases con prueba gfci, linterna y pantalla lcd de 3 d\u00edgitos\"}]},{\"@type\":\"WebSite\",\"@id\":\"https:\/\/abaa.mx\/tienda\/#website\",\"url\":\"https:\/\/abaa.mx\/tienda\/\",\"name\":\"Abaa tienda online\",\"description\":\"Instrumentos de medici\u00f3n\",\"publisher\":{\"@id\":\"https:\/\/abaa.mx\/tienda\/#organization\"},\"potentialAction\":[{\"@type\":\"SearchAction\",\"target\":{\"@type\":\"EntryPoint\",\"urlTemplate\":\"https:\/\/abaa.mx\/tienda\/?s={search_term_string}\"},\"query-input\":{\"@type\":\"PropertyValueSpecification\",\"valueRequired\":true,\"valueName\":\"search_term_string\"}}],\"inLanguage\":\"es\"},{\"@type\":\"Organization\",\"@id\":\"https:\/\/abaa.mx\/tienda\/#organization\",\"name\":\"Abaa tienda online\",\"url\":\"https:\/\/abaa.mx\/tienda\/\",\"logo\":{\"@type\":\"ImageObject\",\"inLanguage\":\"es\",\"@id\":\"https:\/\/abaa.mx\/tienda\/#\/schema\/logo\/image\/\",\"url\":\"https:\/\/abaa.mx\/tienda\/wp-content\/uploads\/2024\/01\/abaa-metrologia-tienda.png\",\"contentUrl\":\"https:\/\/abaa.mx\/tienda\/wp-content\/uploads\/2024\/01\/abaa-metrologia-tienda.png\",\"width\":300,\"height\":141,\"caption\":\"Abaa tienda online\"},\"image\":{\"@id\":\"https:\/\/abaa.mx\/tienda\/#\/schema\/logo\/image\/\"}}]}<\/script>\n<!-- \/ Yoast SEO plugin. -->","yoast_head_json":{"title":"Testo 750-3 probador digital de tensi\u00f3n, continuidad y secuencia de fases con prueba gfci, linterna y pantalla lcd de 3 d\u00edgitos - Abaa tienda online","robots":{"index":"index","follow":"follow","max-snippet":"max-snippet:-1","max-image-preview":"max-image-preview:large","max-video-preview":"max-video-preview:-1"},"canonical":"https:\/\/abaa.mx\/tienda\/testo-750-3-probador-digital-de-tension-continuidad-y-secuencia-de-fases-con-prueba-gfci-linterna-y-pantalla-lcd-de-3-digitos-2\/","og_locale":"es_MX","og_type":"article","og_title":"Testo 750-3 probador digital de tensi\u00f3n, continuidad y secuencia de fases con prueba gfci, linterna y pantalla lcd de 3 d\u00edgitos - Abaa tienda online","og_description":"Capaz de realizar pruebas de circuito GFCI en tomacorrientes de CA. Al realizar una prueba de circuito GFCI, se aplica una carga de 35 mA al circuito. El Testo 750 vibra para garantizar que la prueba del circuito GFCI est\u00e9 activa.","og_url":"https:\/\/abaa.mx\/tienda\/testo-750-3-probador-digital-de-tension-continuidad-y-secuencia-de-fases-con-prueba-gfci-linterna-y-pantalla-lcd-de-3-digitos-2\/","og_site_name":"Abaa tienda online","article_modified_time":"2023-10-24T19:16:55+00:00","og_image":[{"width":270,"height":332,"url":"https:\/\/abaa.mx\/tienda\/wp-content\/uploads\/2023\/10\/750-3-1.jpg","type":"image\/jpeg"}],"twitter_card":"summary_large_image","twitter_misc":{"Tiempo de lectura":"1 minuto"},"schema":{"@context":"https:\/\/schema.org","@graph":[{"@type":"WebPage","@id":"https:\/\/abaa.mx\/tienda\/testo-750-3-probador-digital-de-tension-continuidad-y-secuencia-de-fases-con-prueba-gfci-linterna-y-pantalla-lcd-de-3-digitos-2\/","url":"https:\/\/abaa.mx\/tienda\/testo-750-3-probador-digital-de-tension-continuidad-y-secuencia-de-fases-con-prueba-gfci-linterna-y-pantalla-lcd-de-3-digitos-2\/","name":"Testo 750-3 probador digital de tensi\u00f3n, continuidad y secuencia de fases con prueba gfci, linterna y pantalla lcd de 3 d\u00edgitos - Abaa tienda online","isPartOf":{"@id":"https:\/\/abaa.mx\/tienda\/#website"},"primaryImageOfPage":{"@id":"https:\/\/abaa.mx\/tienda\/testo-750-3-probador-digital-de-tension-continuidad-y-secuencia-de-fases-con-prueba-gfci-linterna-y-pantalla-lcd-de-3-digitos-2\/#primaryimage"},"image":{"@id":"https:\/\/abaa.mx\/tienda\/testo-750-3-probador-digital-de-tension-continuidad-y-secuencia-de-fases-con-prueba-gfci-linterna-y-pantalla-lcd-de-3-digitos-2\/#primaryimage"},"thumbnailUrl":"https:\/\/abaa.mx\/tienda\/wp-content\/uploads\/2023\/10\/750-3-1.jpg","datePublished":"2023-10-24T19:16:06+00:00","dateModified":"2023-10-24T19:16:55+00:00","breadcrumb":{"@id":"https:\/\/abaa.mx\/tienda\/testo-750-3-probador-digital-de-tension-continuidad-y-secuencia-de-fases-con-prueba-gfci-linterna-y-pantalla-lcd-de-3-digitos-2\/#breadcrumb"},"inLanguage":"es","potentialAction":[{"@type":"ReadAction","target":["https:\/\/abaa.mx\/tienda\/testo-750-3-probador-digital-de-tension-continuidad-y-secuencia-de-fases-con-prueba-gfci-linterna-y-pantalla-lcd-de-3-digitos-2\/"]}]},{"@type":"ImageObject","inLanguage":"es","@id":"https:\/\/abaa.mx\/tienda\/testo-750-3-probador-digital-de-tension-continuidad-y-secuencia-de-fases-con-prueba-gfci-linterna-y-pantalla-lcd-de-3-digitos-2\/#primaryimage","url":"https:\/\/abaa.mx\/tienda\/wp-content\/uploads\/2023\/10\/750-3-1.jpg","contentUrl":"https:\/\/abaa.mx\/tienda\/wp-content\/uploads\/2023\/10\/750-3-1.jpg","width":270,"height":332,"caption":"750-3"},{"@type":"BreadcrumbList","@id":"https:\/\/abaa.mx\/tienda\/testo-750-3-probador-digital-de-tension-continuidad-y-secuencia-de-fases-con-prueba-gfci-linterna-y-pantalla-lcd-de-3-digitos-2\/#breadcrumb","itemListElement":[{"@type":"ListItem","position":1,"name":"Inicio","item":"https:\/\/abaa.mx\/tienda\/"},{"@type":"ListItem","position":2,"name":"Tienda","item":"https:\/\/abaa.mx\/tienda\/"},{"@type":"ListItem","position":3,"name":"Testo 750-3 probador digital de tensi\u00f3n, continuidad y secuencia de fases con prueba gfci, linterna y pantalla lcd de 3 d\u00edgitos"}]},{"@type":"WebSite","@id":"https:\/\/abaa.mx\/tienda\/#website","url":"https:\/\/abaa.mx\/tienda\/","name":"Abaa tienda online","description":"Instrumentos de medici\u00f3n","publisher":{"@id":"https:\/\/abaa.mx\/tienda\/#organization"},"potentialAction":[{"@type":"SearchAction","target":{"@type":"EntryPoint","urlTemplate":"https:\/\/abaa.mx\/tienda\/?s={search_term_string}"},"query-input":{"@type":"PropertyValueSpecification","valueRequired":true,"valueName":"search_term_string"}}],"inLanguage":"es"},{"@type":"Organization","@id":"https:\/\/abaa.mx\/tienda\/#organization","name":"Abaa tienda online","url":"https:\/\/abaa.mx\/tienda\/","logo":{"@type":"ImageObject","inLanguage":"es","@id":"https:\/\/abaa.mx\/tienda\/#\/schema\/logo\/image\/","url":"https:\/\/abaa.mx\/tienda\/wp-content\/uploads\/2024\/01\/abaa-metrologia-tienda.png","contentUrl":"https:\/\/abaa.mx\/tienda\/wp-content\/uploads\/2024\/01\/abaa-metrologia-tienda.png","width":300,"height":141,"caption":"Abaa tienda online"},"image":{"@id":"https:\/\/abaa.mx\/tienda\/#\/schema\/logo\/image\/"}}]}},"_links":{"self":[{"href":"https:\/\/abaa.mx\/tienda\/wp-json\/wp\/v2\/product\/7701","targetHints":{"allow":["GET"]}}],"collection":[{"href":"https:\/\/abaa.mx\/tienda\/wp-json\/wp\/v2\/product"}],"about":[{"href":"https:\/\/abaa.mx\/tienda\/wp-json\/wp\/v2\/types\/product"}],"replies":[{"embeddable":true,"href":"https:\/\/abaa.mx\/tienda\/wp-json\/wp\/v2\/comments?post=7701"}],"wp:featuredmedia":[{"embeddable":true,"href":"https:\/\/abaa.mx\/tienda\/wp-json\/wp\/v2\/media\/7709"}],"wp:attachment":[{"href":"https:\/\/abaa.mx\/tienda\/wp-json\/wp\/v2\/media?parent=7701"}],"wp:term":[{"taxonomy":"product_brand","embeddable":true,"href":"https:\/\/abaa.mx\/tienda\/wp-json\/wp\/v2\/product_brand?post=7701"},{"taxonomy":"product_cat","embeddable":true,"href":"https:\/\/abaa.mx\/tienda\/wp-json\/wp\/v2\/product_cat?post=7701"},{"taxonomy":"product_tag","embeddable":true,"href":"https:\/\/abaa.mx\/tienda\/wp-json\/wp\/v2\/product_tag?post=7701"}],"curies":[{"name":"wp","href":"https:\/\/api.w.org\/{rel}","templated":true}]}}