{"id":7690,"date":"2023-10-24T19:23:37","date_gmt":"2023-10-24T19:23:37","guid":{"rendered":"https:\/\/abaa.mx\/tienda\/?post_type=product&#038;p=7690"},"modified":"2023-12-04T20:02:16","modified_gmt":"2023-12-04T20:02:16","slug":"camara-de-inspeccion-de-video-grabable-reed-r8500","status":"publish","type":"product","link":"https:\/\/abaa.mx\/tienda\/camara-de-inspeccion-de-video-grabable-reed-r8500\/","title":{"rendered":"C\u00e1mara de inspecci\u00f3n de video grabable reed r8500"},"content":{"rendered":"<p>Esta c\u00e1mara de inspecci\u00f3n de video de alta resoluci\u00f3n cuenta con un cable de cuello de cisne de 39&#8243; (1 m) con c\u00e1mara de 8 mm. El R8500 es capaz de guardar im\u00e1genes y grabar v\u00eddeo en una tarjeta de memoria externa (se vende por separado). El R8500 incluye un im\u00e1n montable en c\u00e1mara, un gancho y un espejo para ayudar con aplicaciones espec\u00edficas.<\/p>\n<p><strong>Funciones<\/strong><\/p>\n<ul>\n<li>Las funciones de c\u00e1mara y v\u00eddeo guardan im\u00e1genes y v\u00eddeos de alta resoluci\u00f3n<\/li>\n<li>C\u00f3modo dise\u00f1o de empu\u00f1adura de pistola<\/li>\n<li>Monitor LCD a color de 2,7&#8243; de alta resoluci\u00f3n<\/li>\n<li>Cabezal de c\u00e1mara resistente al agua (IP8) de 67 mm<\/li>\n<li>El cable de cuello de cisne conserva la forma configurada<\/li>\n<li>Cable expandible hasta 30 pies (~9 m) con extensiones (opcional)<\/li>\n<li>Seis luces LED de alta visibilidad proporcionan iluminaci\u00f3n en entornos con poca luz<\/li>\n<li>Memoria ampliable hasta 32 Gb (la tarjeta SD se vende por separado)<\/li>\n<li>Rotaci\u00f3n del espejo y funciones Picture-in-Picture<\/li>\n<li>Indicador de bater\u00eda baja y apagado autom\u00e1tico<\/li>\n<\/ul>\n<h4>Especificaciones de REED R8500<\/h4>\n<table class=\"table table-striped\">\n<tbody>\n<tr>\n<td colspan=\"2\"><strong>C\u00e1mara<\/strong><\/td>\n<\/tr>\n<tr>\n<td>Resoluci\u00f3n del sensor de lente<\/td>\n<td>640 x 480<\/td>\n<\/tr>\n<tr>\n<td>Di\u00e1metro de la c\u00e1mara<\/td>\n<td>0,31&#8243; (8 mm)<\/td>\n<\/tr>\n<tr>\n<td>Enfoque de corta distancia<\/td>\n<td>De 1 a 18 cm (3,15 a 3,8&#8243;)<\/td>\n<\/tr>\n<tr>\n<td>Profundidad de campo<\/td>\n<td>De 10 mm al infinito<\/td>\n<\/tr>\n<tr>\n<td>\u00c1ngulo<\/td>\n<td>De 30 mm a 80 mm<\/td>\n<\/tr>\n<tr>\n<td colspan=\"2\"><strong>Especificaciones generales<\/strong><\/td>\n<\/tr>\n<tr>\n<td>Monitor<\/td>\n<td>Pantalla LCD TFT a color de 2,7&#8243;<\/td>\n<\/tr>\n<tr>\n<td>Resoluci\u00f3n de pantalla<\/td>\n<td>320 x 240<\/td>\n<\/tr>\n<tr>\n<td>Ajuste de brillo de la pantalla LCD<\/td>\n<td>S\u00ed (12 niveles)<\/td>\n<\/tr>\n<tr>\n<td>Fotogramas por segundo (FPS)<\/td>\n<td>30<\/td>\n<\/tr>\n<tr>\n<td>Cuello de cisne\/longitud de cable est\u00e1ndar<\/td>\n<td>39&#8243; (1m)<\/td>\n<\/tr>\n<tr>\n<td>Rotar pantalla<\/td>\n<td>S\u00ed (180\u00b0)<\/td>\n<\/tr>\n<tr>\n<td>Reproducci\u00f3n<\/td>\n<td>Foto (JPEG) y v\u00eddeo (AVI)<\/td>\n<\/tr>\n<tr>\n<td>Digital Zoom<\/td>\n<td>6 veces<\/td>\n<\/tr>\n<tr>\n<td>Memoria<\/td>\n<td>Tarjeta SD (hasta 32 Gb)<\/td>\n<\/tr>\n<tr>\n<td>Modo Picture-in-Picture<\/td>\n<td>S\u00ed<\/td>\n<\/tr>\n<tr>\n<td>Sello de fecha y hora<\/td>\n<td>S\u00ed<\/td>\n<\/tr>\n<tr>\n<td>Salida de datos<\/td>\n<td>Tarjeta USB \/ SD<\/td>\n<\/tr>\n<tr>\n<td>LEDs de la c\u00e1mara<\/td>\n<td>S\u00ed (6 LEDs blancos)<\/td>\n<\/tr>\n<tr>\n<td>Ajuste de brillo del LED de la c\u00e1mara<\/td>\n<td>S\u00ed (12 niveles)<\/td>\n<\/tr>\n<tr>\n<td>Indicador de bater\u00eda baja<\/td>\n<td>S\u00ed<\/td>\n<\/tr>\n<tr>\n<td>Fuente de alimentaci\u00f3n<\/td>\n<td>4 pilas AA<\/td>\n<\/tr>\n<tr>\n<td>Apagado autom\u00e1tico<\/td>\n<td>S\u00ed (ajustable 5, 10, 15, 20min)<\/td>\n<\/tr>\n<tr>\n<td>Certificaciones de productos<\/td>\n<td>CE, IP67<\/td>\n<\/tr>\n<tr>\n<td>Temperatura de funcionamiento<\/td>\n<td>-4 a 158 \u00b0F (-20 a 70 \u00b0C)<\/td>\n<\/tr>\n<tr>\n<td>Temperatura de almacenamiento<\/td>\n<td>-4 a 158 \u00b0F (-20 a 70 \u00b0C)<\/td>\n<\/tr>\n<tr>\n<td>Dimensiones<\/td>\n<td>9 x 3,5 x 1,7&#8243; (230 x 90 x 42 mm)<\/td>\n<\/tr>\n<tr>\n<td>Peso<\/td>\n<td>7 g (4,210 onzas)<\/td>\n<\/tr>\n<\/tbody>\n<\/table>\n","protected":false},"excerpt":{"rendered":"<p class=\"short-description mhide ipad-view-setting\">C\u00e1mara de 8 mm de di\u00e1metro y monitor LCD TFT a color de 2,7&#8243;. Guarda im\u00e1genes de alta resoluci\u00f3n y graba v\u00eddeo.<\/p>\n<div class=\"row-fluid\">\n<div class=\"span12 mobile-pricing-box-padding\">\n<form id=\"99044\" accept-charset=\"utf-8\" action=\"https:\/\/www.globaltestsupply.com\/shop\/add\" method=\"post\" name=\"addTocartFunction\">\n<div><\/div>\n<\/form>\n<\/div>\n<\/div>\n","protected":false},"featured_media":9616,"comment_status":"open","ping_status":"closed","template":"","meta":{"_joinchat":[]},"product_brand":[],"product_cat":[15],"product_tag":[],"class_list":{"0":"post-7690","1":"product","2":"type-product","3":"status-publish","4":"has-post-thumbnail","6":"product_cat-sin-categorizar","8":"first","9":"instock","10":"shipping-taxable","11":"product-type-simple"},"yoast_head":"<!-- This site is optimized with the Yoast SEO plugin v26.4 - https:\/\/yoast.com\/wordpress\/plugins\/seo\/ -->\n<title>C\u00e1mara de inspecci\u00f3n de video grabable reed r8500 - Abaa tienda online<\/title>\n<meta name=\"robots\" content=\"index, follow, max-snippet:-1, max-image-preview:large, max-video-preview:-1\" \/>\n<link rel=\"canonical\" href=\"https:\/\/abaa.mx\/tienda\/camara-de-inspeccion-de-video-grabable-reed-r8500\/\" \/>\n<meta property=\"og:locale\" content=\"es_MX\" \/>\n<meta property=\"og:type\" content=\"article\" \/>\n<meta property=\"og:title\" content=\"C\u00e1mara de inspecci\u00f3n de video grabable reed r8500 - Abaa tienda online\" \/>\n<meta property=\"og:description\" content=\"C\u00e1mara de 8 mm de di\u00e1metro y monitor LCD TFT a color de 2,7&quot;. Guarda im\u00e1genes de alta resoluci\u00f3n y graba v\u00eddeo.\" \/>\n<meta property=\"og:url\" content=\"https:\/\/abaa.mx\/tienda\/camara-de-inspeccion-de-video-grabable-reed-r8500\/\" \/>\n<meta property=\"og:site_name\" content=\"Abaa tienda online\" \/>\n<meta property=\"article:modified_time\" content=\"2023-12-04T20:02:16+00:00\" \/>\n<meta property=\"og:image\" content=\"https:\/\/abaa.mx\/tienda\/wp-content\/uploads\/2023\/10\/Camara-1.jpg\" \/>\n\t<meta property=\"og:image:width\" content=\"800\" \/>\n\t<meta property=\"og:image:height\" content=\"678\" \/>\n\t<meta property=\"og:image:type\" content=\"image\/jpeg\" \/>\n<meta name=\"twitter:card\" content=\"summary_large_image\" \/>\n<meta name=\"twitter:label1\" content=\"Tiempo de lectura\" \/>\n\t<meta name=\"twitter:data1\" content=\"2 minutos\" \/>\n<script type=\"application\/ld+json\" class=\"yoast-schema-graph\">{\"@context\":\"https:\/\/schema.org\",\"@graph\":[{\"@type\":\"WebPage\",\"@id\":\"https:\/\/abaa.mx\/tienda\/camara-de-inspeccion-de-video-grabable-reed-r8500\/\",\"url\":\"https:\/\/abaa.mx\/tienda\/camara-de-inspeccion-de-video-grabable-reed-r8500\/\",\"name\":\"C\u00e1mara de inspecci\u00f3n de video grabable reed r8500 - Abaa tienda online\",\"isPartOf\":{\"@id\":\"https:\/\/abaa.mx\/tienda\/#website\"},\"primaryImageOfPage\":{\"@id\":\"https:\/\/abaa.mx\/tienda\/camara-de-inspeccion-de-video-grabable-reed-r8500\/#primaryimage\"},\"image\":{\"@id\":\"https:\/\/abaa.mx\/tienda\/camara-de-inspeccion-de-video-grabable-reed-r8500\/#primaryimage\"},\"thumbnailUrl\":\"https:\/\/abaa.mx\/tienda\/wp-content\/uploads\/2023\/10\/Camara-1.jpg\",\"datePublished\":\"2023-10-24T19:23:37+00:00\",\"dateModified\":\"2023-12-04T20:02:16+00:00\",\"breadcrumb\":{\"@id\":\"https:\/\/abaa.mx\/tienda\/camara-de-inspeccion-de-video-grabable-reed-r8500\/#breadcrumb\"},\"inLanguage\":\"es\",\"potentialAction\":[{\"@type\":\"ReadAction\",\"target\":[\"https:\/\/abaa.mx\/tienda\/camara-de-inspeccion-de-video-grabable-reed-r8500\/\"]}]},{\"@type\":\"ImageObject\",\"inLanguage\":\"es\",\"@id\":\"https:\/\/abaa.mx\/tienda\/camara-de-inspeccion-de-video-grabable-reed-r8500\/#primaryimage\",\"url\":\"https:\/\/abaa.mx\/tienda\/wp-content\/uploads\/2023\/10\/Camara-1.jpg\",\"contentUrl\":\"https:\/\/abaa.mx\/tienda\/wp-content\/uploads\/2023\/10\/Camara-1.jpg\",\"width\":800,\"height\":678,\"caption\":\"Camara\"},{\"@type\":\"BreadcrumbList\",\"@id\":\"https:\/\/abaa.mx\/tienda\/camara-de-inspeccion-de-video-grabable-reed-r8500\/#breadcrumb\",\"itemListElement\":[{\"@type\":\"ListItem\",\"position\":1,\"name\":\"Inicio\",\"item\":\"https:\/\/abaa.mx\/tienda\/\"},{\"@type\":\"ListItem\",\"position\":2,\"name\":\"Tienda\",\"item\":\"https:\/\/abaa.mx\/tienda\/\"},{\"@type\":\"ListItem\",\"position\":3,\"name\":\"C\u00e1mara de inspecci\u00f3n de video grabable reed r8500\"}]},{\"@type\":\"WebSite\",\"@id\":\"https:\/\/abaa.mx\/tienda\/#website\",\"url\":\"https:\/\/abaa.mx\/tienda\/\",\"name\":\"Abaa tienda online\",\"description\":\"Instrumentos de medici\u00f3n\",\"publisher\":{\"@id\":\"https:\/\/abaa.mx\/tienda\/#organization\"},\"potentialAction\":[{\"@type\":\"SearchAction\",\"target\":{\"@type\":\"EntryPoint\",\"urlTemplate\":\"https:\/\/abaa.mx\/tienda\/?s={search_term_string}\"},\"query-input\":{\"@type\":\"PropertyValueSpecification\",\"valueRequired\":true,\"valueName\":\"search_term_string\"}}],\"inLanguage\":\"es\"},{\"@type\":\"Organization\",\"@id\":\"https:\/\/abaa.mx\/tienda\/#organization\",\"name\":\"Abaa tienda online\",\"url\":\"https:\/\/abaa.mx\/tienda\/\",\"logo\":{\"@type\":\"ImageObject\",\"inLanguage\":\"es\",\"@id\":\"https:\/\/abaa.mx\/tienda\/#\/schema\/logo\/image\/\",\"url\":\"https:\/\/abaa.mx\/tienda\/wp-content\/uploads\/2024\/01\/abaa-metrologia-tienda.png\",\"contentUrl\":\"https:\/\/abaa.mx\/tienda\/wp-content\/uploads\/2024\/01\/abaa-metrologia-tienda.png\",\"width\":300,\"height\":141,\"caption\":\"Abaa tienda online\"},\"image\":{\"@id\":\"https:\/\/abaa.mx\/tienda\/#\/schema\/logo\/image\/\"}}]}<\/script>\n<!-- \/ Yoast SEO plugin. -->","yoast_head_json":{"title":"C\u00e1mara de inspecci\u00f3n de video grabable reed r8500 - Abaa tienda online","robots":{"index":"index","follow":"follow","max-snippet":"max-snippet:-1","max-image-preview":"max-image-preview:large","max-video-preview":"max-video-preview:-1"},"canonical":"https:\/\/abaa.mx\/tienda\/camara-de-inspeccion-de-video-grabable-reed-r8500\/","og_locale":"es_MX","og_type":"article","og_title":"C\u00e1mara de inspecci\u00f3n de video grabable reed r8500 - Abaa tienda online","og_description":"C\u00e1mara de 8 mm de di\u00e1metro y monitor LCD TFT a color de 2,7\". Guarda im\u00e1genes de alta resoluci\u00f3n y graba v\u00eddeo.","og_url":"https:\/\/abaa.mx\/tienda\/camara-de-inspeccion-de-video-grabable-reed-r8500\/","og_site_name":"Abaa tienda online","article_modified_time":"2023-12-04T20:02:16+00:00","og_image":[{"width":800,"height":678,"url":"https:\/\/abaa.mx\/tienda\/wp-content\/uploads\/2023\/10\/Camara-1.jpg","type":"image\/jpeg"}],"twitter_card":"summary_large_image","twitter_misc":{"Tiempo de lectura":"2 minutos"},"schema":{"@context":"https:\/\/schema.org","@graph":[{"@type":"WebPage","@id":"https:\/\/abaa.mx\/tienda\/camara-de-inspeccion-de-video-grabable-reed-r8500\/","url":"https:\/\/abaa.mx\/tienda\/camara-de-inspeccion-de-video-grabable-reed-r8500\/","name":"C\u00e1mara de inspecci\u00f3n de video grabable reed r8500 - Abaa tienda online","isPartOf":{"@id":"https:\/\/abaa.mx\/tienda\/#website"},"primaryImageOfPage":{"@id":"https:\/\/abaa.mx\/tienda\/camara-de-inspeccion-de-video-grabable-reed-r8500\/#primaryimage"},"image":{"@id":"https:\/\/abaa.mx\/tienda\/camara-de-inspeccion-de-video-grabable-reed-r8500\/#primaryimage"},"thumbnailUrl":"https:\/\/abaa.mx\/tienda\/wp-content\/uploads\/2023\/10\/Camara-1.jpg","datePublished":"2023-10-24T19:23:37+00:00","dateModified":"2023-12-04T20:02:16+00:00","breadcrumb":{"@id":"https:\/\/abaa.mx\/tienda\/camara-de-inspeccion-de-video-grabable-reed-r8500\/#breadcrumb"},"inLanguage":"es","potentialAction":[{"@type":"ReadAction","target":["https:\/\/abaa.mx\/tienda\/camara-de-inspeccion-de-video-grabable-reed-r8500\/"]}]},{"@type":"ImageObject","inLanguage":"es","@id":"https:\/\/abaa.mx\/tienda\/camara-de-inspeccion-de-video-grabable-reed-r8500\/#primaryimage","url":"https:\/\/abaa.mx\/tienda\/wp-content\/uploads\/2023\/10\/Camara-1.jpg","contentUrl":"https:\/\/abaa.mx\/tienda\/wp-content\/uploads\/2023\/10\/Camara-1.jpg","width":800,"height":678,"caption":"Camara"},{"@type":"BreadcrumbList","@id":"https:\/\/abaa.mx\/tienda\/camara-de-inspeccion-de-video-grabable-reed-r8500\/#breadcrumb","itemListElement":[{"@type":"ListItem","position":1,"name":"Inicio","item":"https:\/\/abaa.mx\/tienda\/"},{"@type":"ListItem","position":2,"name":"Tienda","item":"https:\/\/abaa.mx\/tienda\/"},{"@type":"ListItem","position":3,"name":"C\u00e1mara de inspecci\u00f3n de video grabable reed r8500"}]},{"@type":"WebSite","@id":"https:\/\/abaa.mx\/tienda\/#website","url":"https:\/\/abaa.mx\/tienda\/","name":"Abaa tienda online","description":"Instrumentos de medici\u00f3n","publisher":{"@id":"https:\/\/abaa.mx\/tienda\/#organization"},"potentialAction":[{"@type":"SearchAction","target":{"@type":"EntryPoint","urlTemplate":"https:\/\/abaa.mx\/tienda\/?s={search_term_string}"},"query-input":{"@type":"PropertyValueSpecification","valueRequired":true,"valueName":"search_term_string"}}],"inLanguage":"es"},{"@type":"Organization","@id":"https:\/\/abaa.mx\/tienda\/#organization","name":"Abaa tienda online","url":"https:\/\/abaa.mx\/tienda\/","logo":{"@type":"ImageObject","inLanguage":"es","@id":"https:\/\/abaa.mx\/tienda\/#\/schema\/logo\/image\/","url":"https:\/\/abaa.mx\/tienda\/wp-content\/uploads\/2024\/01\/abaa-metrologia-tienda.png","contentUrl":"https:\/\/abaa.mx\/tienda\/wp-content\/uploads\/2024\/01\/abaa-metrologia-tienda.png","width":300,"height":141,"caption":"Abaa tienda online"},"image":{"@id":"https:\/\/abaa.mx\/tienda\/#\/schema\/logo\/image\/"}}]}},"_links":{"self":[{"href":"https:\/\/abaa.mx\/tienda\/wp-json\/wp\/v2\/product\/7690","targetHints":{"allow":["GET"]}}],"collection":[{"href":"https:\/\/abaa.mx\/tienda\/wp-json\/wp\/v2\/product"}],"about":[{"href":"https:\/\/abaa.mx\/tienda\/wp-json\/wp\/v2\/types\/product"}],"replies":[{"embeddable":true,"href":"https:\/\/abaa.mx\/tienda\/wp-json\/wp\/v2\/comments?post=7690"}],"wp:featuredmedia":[{"embeddable":true,"href":"https:\/\/abaa.mx\/tienda\/wp-json\/wp\/v2\/media\/9616"}],"wp:attachment":[{"href":"https:\/\/abaa.mx\/tienda\/wp-json\/wp\/v2\/media?parent=7690"}],"wp:term":[{"taxonomy":"product_brand","embeddable":true,"href":"https:\/\/abaa.mx\/tienda\/wp-json\/wp\/v2\/product_brand?post=7690"},{"taxonomy":"product_cat","embeddable":true,"href":"https:\/\/abaa.mx\/tienda\/wp-json\/wp\/v2\/product_cat?post=7690"},{"taxonomy":"product_tag","embeddable":true,"href":"https:\/\/abaa.mx\/tienda\/wp-json\/wp\/v2\/product_tag?post=7690"}],"curies":[{"name":"wp","href":"https:\/\/api.w.org\/{rel}","templated":true}]}}