{"id":7664,"date":"2023-10-24T17:35:08","date_gmt":"2023-10-24T17:35:08","guid":{"rendered":"https:\/\/abaa.mx\/tienda\/?post_type=product&#038;p=7664"},"modified":"2023-12-22T17:31:10","modified_gmt":"2023-12-22T17:31:10","slug":"kit-analizador-de-combustion-testo-300-smoke-edition-con-bluetooth-4000-ppm","status":"publish","type":"product","link":"https:\/\/abaa.mx\/tienda\/kit-analizador-de-combustion-testo-300-smoke-edition-con-bluetooth-4000-ppm\/","title":{"rendered":"Kit analizador de combusti\u00f3n testo 300 smoke edition con bluetooth, 4000 ppm"},"content":{"rendered":"<p>Fiable y vers\u00e1til, este kit de analizador de combusti\u00f3n comercial\/industrial cuenta con una pantalla t\u00e1ctil HD de 5&#8243; (12,7 cm), modo de espera de encendido r\u00e1pido e informes in situ a trav\u00e9s de conectividad Wi-Fi.<\/p>\n<p>Dise\u00f1ado para el lugar de trabajo y para el contratista que espera m\u00e1s, este analizador de combusti\u00f3n permite que todas las mediciones aparezcan autom\u00e1ticamente en la pantalla y se pueden iniciar y detener en paralelo.<\/p>\n<p>Al utilizar la aplicaci\u00f3n inteligente y la funci\u00f3n de segunda pantalla, puede vigilar constantemente todos los datos de medici\u00f3n relevantes, incluso a largas distancias entre el instrumento de medici\u00f3n y el control del quemador. Los informes se pueden crear y enviar directamente in situ a trav\u00e9s del analizador y la integraci\u00f3n en la aplicaci\u00f3n inteligente. Adem\u00e1s, puede acceder f\u00e1cilmente a las mediciones almacenadas en su analizador y transferirlas a su software interno (a trav\u00e9s de la interfaz previamente programada) utilizando la nueva funci\u00f3n de c\u00f3digo QR.<\/p>\n<p><strong>Funciones<\/strong><\/p>\n<ul>\n<li>Conectividad Bluetooth<sup>*<\/sup><\/li>\n<li>Gran pantalla HD de 5&#8243; resistente a los ara\u00f1azos con funcionamiento t\u00e1ctil inteligente y pel\u00edcula protectora reemplazable<\/li>\n<li>Men\u00fas almacenados e intuitivos para todas las mediciones relevantes<\/li>\n<li>Cuatro potentes imanes con revestimiento de goma para un montaje respetuoso con el material<\/li>\n<li>Listo para medir con solo tocar un bot\u00f3n en modo de espera<\/li>\n<li>Env\u00edo de informes por correo electr\u00f3nico directamente in situ<\/li>\n<li>Obtenga el resultado de la medici\u00f3n m\u00e1s r\u00e1pido: men\u00fas de medici\u00f3n claramente estructurados para todas las mediciones relevantes<\/li>\n<li>Cree documentaci\u00f3n (incluido el valor de medici\u00f3n, la ubicaci\u00f3n de medici\u00f3n, los datos del cliente) f\u00e1cilmente en el sitio<\/li>\n<li>Guarde los informes de medici\u00f3n en PDF directamente en el instrumento y t\u00e9ngalos siempre disponibles<\/li>\n<li>Soporte magn\u00e9tico para asegurar el instrumento (mano de obra robusta)<\/li>\n<li>Listo para medir inmediatamente desde el modo de espera con solo tocar un bot\u00f3n<\/li>\n<li>El informe de medici\u00f3n se puede firmar en el propio instrumento<\/li>\n<li>Pantalla a color de alta resoluci\u00f3n<\/li>\n<\/ul>\n<p><strong>Men\u00fas de medici\u00f3n intuitivos con pantalla Smart-Touch de respuesta r\u00e1pida<\/strong><\/p>\n<p>Este analizador de combusti\u00f3n de \u00faltima generaci\u00f3n hace que la medici\u00f3n de los gases de combusti\u00f3n sea incre\u00edblemente f\u00e1cil gracias a su funcionamiento intuitivo. La pantalla SmartTouch responde inmediatamente sin demora. El manejo intuitivo es tan sencillo como en tu smartphone.<\/p>\n<p><strong>Pr\u00e1ctica funci\u00f3n de segunda pantalla y f\u00e1cil integraci\u00f3n de datos en el software espec\u00edfico del usuario<\/strong><\/p>\n<p>Gracias a la pr\u00e1ctica funci\u00f3n de segunda pantalla y a la integraci\u00f3n en la Smart App, puede vigilar constantemente todos los datos de medici\u00f3n relevantes, incluso a largas distancias entre el instrumento de medici\u00f3n y el control del quemador, lo que ahorra tiempo y desplazamientos innecesarios. Integrar los datos de todas las lecturas en su software espec\u00edfico para el usuario es f\u00e1cil:<\/p>\n<ul>\n<li>Opci\u00f3n 1: a trav\u00e9s de un c\u00f3digo QR universal (compatible con ZIV)<\/li>\n<li>Opci\u00f3n 2: a trav\u00e9s de Wi-Fi\/Bluetooth\/App-to-app con este analizador de combusti\u00f3n<\/li>\n<\/ul>\n<p><strong>\u00bfPor qu\u00e9 complicar las mediciones cuando puedes mantenerlas simples?<\/strong><\/p>\n<p>La rutina diaria de trabajo es cada vez m\u00e1s exigente. El tiempo es cada vez m\u00e1s escaso, mientras que los procesos son cada vez m\u00e1s complejos. Por otro lado, algunas cosas lamentablemente no cambian: el funcionamiento y la documentaci\u00f3n del instrumento son engorrosos y requieren mucho tiempo. \u00a1Pero no tiene por qu\u00e9 ser as\u00ed! Medici\u00f3n eficiente e inal\u00e1mbrica de hasta cuatro par\u00e1metros adicionales en paralelo a trav\u00e9s de las sondas inteligentes, \u00a1gracias al nuevo analizador de combusti\u00f3n de \u00faltima generaci\u00f3n! Con una pr\u00e1ctica segunda pantalla y un manejo intuitivo, el an\u00e1lisis de la combusti\u00f3n no podr\u00eda ser m\u00e1s f\u00e1cil.<\/p>\n<p><strong>Aplicaciones<\/strong><\/p>\n<ul>\n<li>Comercial<\/li>\n<li>An\u00e1lisis de combusti\u00f3n<\/li>\n<li>Probar y poner a punto todo tipo de calderas, calentadores u hornos<\/li>\n<li>Corriente de aire<\/li>\n<li>Temperatura<\/li>\n<li>Presi\u00f3n<\/li>\n<li>Eficiencia de combusti\u00f3n<\/li>\n<\/ul>\n<p>Fiable y vers\u00e1til, este kit de analizador de combusti\u00f3n comercial\/industrial cuenta con una pantalla t\u00e1ctil HD de 5&#8243; (12,7 cm), modo de espera de encendido r\u00e1pido e informes in situ a trav\u00e9s de conectividad Wi-Fi.<\/p>\n<p>Dise\u00f1ado para el lugar de trabajo y para el contratista que espera m\u00e1s, este analizador de combusti\u00f3n permite que todas las mediciones aparezcan autom\u00e1ticamente en la pantalla y se pueden iniciar y detener en paralelo.<\/p>\n<p>Al utilizar la aplicaci\u00f3n inteligente y la funci\u00f3n de segunda pantalla, puede vigilar constantemente todos los datos de medici\u00f3n relevantes, incluso a largas distancias entre el instrumento de medici\u00f3n y el control del quemador. Los informes se pueden crear y enviar directamente in situ a trav\u00e9s del analizador y la integraci\u00f3n en la aplicaci\u00f3n inteligente. Adem\u00e1s, puede acceder f\u00e1cilmente a las mediciones almacenadas en su analizador y transferirlas a su software interno (a trav\u00e9s de la interfaz previamente programada) utilizando la nueva funci\u00f3n de c\u00f3digo QR.<\/p>\n<p><strong>Funciones<\/strong><\/p>\n<ul>\n<li>Conectividad Bluetooth<sup>*<\/sup><\/li>\n<li>Gran pantalla HD de 5&#8243; resistente a los ara\u00f1azos con funcionamiento t\u00e1ctil inteligente y pel\u00edcula protectora reemplazable<\/li>\n<li>Men\u00fas almacenados e intuitivos para todas las mediciones relevantes<\/li>\n<li>Cuatro potentes imanes con revestimiento de goma para un montaje respetuoso con el material<\/li>\n<li>Listo para medir con solo tocar un bot\u00f3n en modo de espera<\/li>\n<li>Env\u00edo de informes por correo electr\u00f3nico directamente in situ<\/li>\n<li>Obtenga el resultado de la medici\u00f3n m\u00e1s r\u00e1pido: men\u00fas de medici\u00f3n claramente estructurados para todas las mediciones relevantes<\/li>\n<li>Cree documentaci\u00f3n (incluido el valor de medici\u00f3n, la ubicaci\u00f3n de medici\u00f3n, los datos del cliente) f\u00e1cilmente en el sitio<\/li>\n<li>Guarde los informes de medici\u00f3n en PDF directamente en el instrumento y t\u00e9ngalos siempre disponibles<\/li>\n<li>Soporte magn\u00e9tico para asegurar el instrumento (mano de obra robusta)<\/li>\n<li>Listo para medir inmediatamente desde el modo de espera con solo tocar un bot\u00f3n<\/li>\n<li>El informe de medici\u00f3n se puede firmar en el propio instrumento<\/li>\n<li>Pantalla a color de alta resoluci\u00f3n<\/li>\n<\/ul>\n<p><small><sup>*<\/sup>Las unidades compradas antes del 12 de agosto de 2022 necesitar\u00e1n el conector Bluetooth<\/small><\/p>\n<p><strong>Men\u00fas de medici\u00f3n intuitivos con pantalla Smart-Touch de respuesta r\u00e1pida<\/strong><\/p>\n<p>Este analizador de combusti\u00f3n de \u00faltima generaci\u00f3n hace que la medici\u00f3n de los gases de combusti\u00f3n sea incre\u00edblemente f\u00e1cil gracias a su funcionamiento intuitivo. La pantalla SmartTouch responde inmediatamente sin demora. El manejo intuitivo es tan sencillo como en tu smartphone.<\/p>\n<p><strong>Pr\u00e1ctica funci\u00f3n de segunda pantalla y f\u00e1cil integraci\u00f3n de datos en el software espec\u00edfico del usuario<\/strong><\/p>\n<p>Gracias a la pr\u00e1ctica funci\u00f3n de segunda pantalla y a la integraci\u00f3n en la Smart App, puede vigilar constantemente todos los datos de medici\u00f3n relevantes, incluso a largas distancias entre el instrumento de medici\u00f3n y el control del quemador, lo que ahorra tiempo y desplazamientos innecesarios. Integrar los datos de todas las lecturas en su software espec\u00edfico para el usuario es f\u00e1cil:<\/p>\n<ul>\n<li>Opci\u00f3n 1: a trav\u00e9s de un c\u00f3digo QR universal (compatible con ZIV)<\/li>\n<li>Opci\u00f3n 2: a trav\u00e9s de Wi-Fi\/Bluetooth\/App-to-app con este analizador de combusti\u00f3n<\/li>\n<\/ul>\n<p><strong>\u00bfPor qu\u00e9 complicar las mediciones cuando puedes mantenerlas simples?<\/strong><\/p>\n<p>La rutina diaria de trabajo es cada vez m\u00e1s exigente. El tiempo es cada vez m\u00e1s escaso, mientras que los procesos son cada vez m\u00e1s complejos. Por otro lado, algunas cosas lamentablemente no cambian: el funcionamiento y la documentaci\u00f3n del instrumento son engorrosos y requieren mucho tiempo. \u00a1Pero no tiene por qu\u00e9 ser as\u00ed! Medici\u00f3n eficiente e inal\u00e1mbrica de hasta cuatro par\u00e1metros adicionales en paralelo a trav\u00e9s de las sondas inteligentes, \u00a1gracias al nuevo analizador de combusti\u00f3n de \u00faltima generaci\u00f3n! Con una pr\u00e1ctica segunda pantalla y un manejo intuitivo, el an\u00e1lisis de la combusti\u00f3n no podr\u00eda ser m\u00e1s f\u00e1cil.<\/p>\n<p><strong>Aplicaciones<\/strong><\/p>\n<ul>\n<li>Comercial<\/li>\n<li>An\u00e1lisis de combusti\u00f3n<\/li>\n<li>Probar y poner a punto todo tipo de calderas, calentadores u hornos<\/li>\n<li>Corriente de aire<\/li>\n<li>Temperatura<\/li>\n<li>Presi\u00f3n<\/li>\n<li>Eficiencia de combusti\u00f3n<\/li>\n<\/ul>\n","protected":false},"excerpt":{"rendered":"<p class=\"short-description mhide ipad-view-setting\">Compacto y resistente a los ara\u00f1azos, este analizador de combusti\u00f3n se maneja a trav\u00e9s de la gran pantalla t\u00e1ctil de 5&#8243; (12,7 cm) integrada en una robusta carcasa de pl\u00e1stico que resiste de forma fiable los rigores del uso diario. Adem\u00e1s, tiene un rango de medici\u00f3n de 0 a 21 % volum\u00e9trico para O<sub>2<\/sub>\u00a0y de 0 a 4000 ppm para CO.<\/p>\n<div class=\"row-fluid\">\n<div class=\"span12 mobile-pricing-box-padding\">\n<form id=\"125683\" accept-charset=\"utf-8\" action=\"https:\/\/www.globaltestsupply.com\/shop\/add\" method=\"post\" name=\"addTocartFunction\">\n<div><\/div>\n<\/form>\n<\/div>\n<\/div>\n","protected":false},"featured_media":7675,"comment_status":"open","ping_status":"closed","template":"","meta":{"_joinchat":[]},"product_brand":[],"product_cat":[15],"product_tag":[],"class_list":{"0":"post-7664","1":"product","2":"type-product","3":"status-publish","4":"has-post-thumbnail","6":"product_cat-sin-categorizar","8":"first","9":"instock","10":"shipping-taxable","11":"product-type-simple"},"yoast_head":"<!-- This site is optimized with the Yoast SEO plugin v26.4 - https:\/\/yoast.com\/wordpress\/plugins\/seo\/ -->\n<title>Kit analizador de combusti\u00f3n testo 300 smoke edition con bluetooth, 4000 ppm - Abaa tienda online<\/title>\n<meta name=\"robots\" content=\"index, follow, max-snippet:-1, max-image-preview:large, max-video-preview:-1\" \/>\n<link rel=\"canonical\" href=\"https:\/\/abaa.mx\/tienda\/kit-analizador-de-combustion-testo-300-smoke-edition-con-bluetooth-4000-ppm\/\" \/>\n<meta property=\"og:locale\" content=\"es_MX\" \/>\n<meta property=\"og:type\" content=\"article\" \/>\n<meta property=\"og:title\" content=\"Kit analizador de combusti\u00f3n testo 300 smoke edition con bluetooth, 4000 ppm - Abaa tienda online\" \/>\n<meta property=\"og:description\" content=\"Compacto y resistente a los ara\u00f1azos, este analizador de combusti\u00f3n se maneja a trav\u00e9s de la gran pantalla t\u00e1ctil de 5&quot; (12,7 cm) integrada en una robusta carcasa de pl\u00e1stico que resiste de forma fiable los rigores del uso diario. Adem\u00e1s, tiene un rango de medici\u00f3n de 0 a 21 % volum\u00e9trico para O2\u00a0y de 0 a 4000 ppm para CO.\" \/>\n<meta property=\"og:url\" content=\"https:\/\/abaa.mx\/tienda\/kit-analizador-de-combustion-testo-300-smoke-edition-con-bluetooth-4000-ppm\/\" \/>\n<meta property=\"og:site_name\" content=\"Abaa tienda online\" \/>\n<meta property=\"article:modified_time\" content=\"2023-12-22T17:31:10+00:00\" \/>\n<meta property=\"og:image\" content=\"https:\/\/abaa.mx\/tienda\/wp-content\/uploads\/2023\/10\/300-2.jpg\" \/>\n\t<meta property=\"og:image:width\" content=\"270\" \/>\n\t<meta property=\"og:image:height\" content=\"500\" \/>\n\t<meta property=\"og:image:type\" content=\"image\/jpeg\" \/>\n<meta name=\"twitter:card\" content=\"summary_large_image\" \/>\n<meta name=\"twitter:label1\" content=\"Tiempo de lectura\" \/>\n\t<meta name=\"twitter:data1\" content=\"6 minutos\" \/>\n<script type=\"application\/ld+json\" class=\"yoast-schema-graph\">{\"@context\":\"https:\/\/schema.org\",\"@graph\":[{\"@type\":\"WebPage\",\"@id\":\"https:\/\/abaa.mx\/tienda\/kit-analizador-de-combustion-testo-300-smoke-edition-con-bluetooth-4000-ppm\/\",\"url\":\"https:\/\/abaa.mx\/tienda\/kit-analizador-de-combustion-testo-300-smoke-edition-con-bluetooth-4000-ppm\/\",\"name\":\"Kit analizador de combusti\u00f3n testo 300 smoke edition con bluetooth, 4000 ppm - Abaa tienda online\",\"isPartOf\":{\"@id\":\"https:\/\/abaa.mx\/tienda\/#website\"},\"primaryImageOfPage\":{\"@id\":\"https:\/\/abaa.mx\/tienda\/kit-analizador-de-combustion-testo-300-smoke-edition-con-bluetooth-4000-ppm\/#primaryimage\"},\"image\":{\"@id\":\"https:\/\/abaa.mx\/tienda\/kit-analizador-de-combustion-testo-300-smoke-edition-con-bluetooth-4000-ppm\/#primaryimage\"},\"thumbnailUrl\":\"https:\/\/abaa.mx\/tienda\/wp-content\/uploads\/2023\/10\/300-2.jpg\",\"datePublished\":\"2023-10-24T17:35:08+00:00\",\"dateModified\":\"2023-12-22T17:31:10+00:00\",\"breadcrumb\":{\"@id\":\"https:\/\/abaa.mx\/tienda\/kit-analizador-de-combustion-testo-300-smoke-edition-con-bluetooth-4000-ppm\/#breadcrumb\"},\"inLanguage\":\"es\",\"potentialAction\":[{\"@type\":\"ReadAction\",\"target\":[\"https:\/\/abaa.mx\/tienda\/kit-analizador-de-combustion-testo-300-smoke-edition-con-bluetooth-4000-ppm\/\"]}]},{\"@type\":\"ImageObject\",\"inLanguage\":\"es\",\"@id\":\"https:\/\/abaa.mx\/tienda\/kit-analizador-de-combustion-testo-300-smoke-edition-con-bluetooth-4000-ppm\/#primaryimage\",\"url\":\"https:\/\/abaa.mx\/tienda\/wp-content\/uploads\/2023\/10\/300-2.jpg\",\"contentUrl\":\"https:\/\/abaa.mx\/tienda\/wp-content\/uploads\/2023\/10\/300-2.jpg\",\"width\":270,\"height\":500,\"caption\":\"300-2\"},{\"@type\":\"BreadcrumbList\",\"@id\":\"https:\/\/abaa.mx\/tienda\/kit-analizador-de-combustion-testo-300-smoke-edition-con-bluetooth-4000-ppm\/#breadcrumb\",\"itemListElement\":[{\"@type\":\"ListItem\",\"position\":1,\"name\":\"Inicio\",\"item\":\"https:\/\/abaa.mx\/tienda\/\"},{\"@type\":\"ListItem\",\"position\":2,\"name\":\"Tienda\",\"item\":\"https:\/\/abaa.mx\/tienda\/\"},{\"@type\":\"ListItem\",\"position\":3,\"name\":\"Kit analizador de combusti\u00f3n testo 300 smoke edition con bluetooth, 4000 ppm\"}]},{\"@type\":\"WebSite\",\"@id\":\"https:\/\/abaa.mx\/tienda\/#website\",\"url\":\"https:\/\/abaa.mx\/tienda\/\",\"name\":\"Abaa tienda online\",\"description\":\"Instrumentos de medici\u00f3n\",\"publisher\":{\"@id\":\"https:\/\/abaa.mx\/tienda\/#organization\"},\"potentialAction\":[{\"@type\":\"SearchAction\",\"target\":{\"@type\":\"EntryPoint\",\"urlTemplate\":\"https:\/\/abaa.mx\/tienda\/?s={search_term_string}\"},\"query-input\":{\"@type\":\"PropertyValueSpecification\",\"valueRequired\":true,\"valueName\":\"search_term_string\"}}],\"inLanguage\":\"es\"},{\"@type\":\"Organization\",\"@id\":\"https:\/\/abaa.mx\/tienda\/#organization\",\"name\":\"Abaa tienda online\",\"url\":\"https:\/\/abaa.mx\/tienda\/\",\"logo\":{\"@type\":\"ImageObject\",\"inLanguage\":\"es\",\"@id\":\"https:\/\/abaa.mx\/tienda\/#\/schema\/logo\/image\/\",\"url\":\"https:\/\/abaa.mx\/tienda\/wp-content\/uploads\/2024\/01\/abaa-metrologia-tienda.png\",\"contentUrl\":\"https:\/\/abaa.mx\/tienda\/wp-content\/uploads\/2024\/01\/abaa-metrologia-tienda.png\",\"width\":300,\"height\":141,\"caption\":\"Abaa tienda online\"},\"image\":{\"@id\":\"https:\/\/abaa.mx\/tienda\/#\/schema\/logo\/image\/\"}}]}<\/script>\n<!-- \/ Yoast SEO plugin. -->","yoast_head_json":{"title":"Kit analizador de combusti\u00f3n testo 300 smoke edition con bluetooth, 4000 ppm - Abaa tienda online","robots":{"index":"index","follow":"follow","max-snippet":"max-snippet:-1","max-image-preview":"max-image-preview:large","max-video-preview":"max-video-preview:-1"},"canonical":"https:\/\/abaa.mx\/tienda\/kit-analizador-de-combustion-testo-300-smoke-edition-con-bluetooth-4000-ppm\/","og_locale":"es_MX","og_type":"article","og_title":"Kit analizador de combusti\u00f3n testo 300 smoke edition con bluetooth, 4000 ppm - Abaa tienda online","og_description":"Compacto y resistente a los ara\u00f1azos, este analizador de combusti\u00f3n se maneja a trav\u00e9s de la gran pantalla t\u00e1ctil de 5\" (12,7 cm) integrada en una robusta carcasa de pl\u00e1stico que resiste de forma fiable los rigores del uso diario. Adem\u00e1s, tiene un rango de medici\u00f3n de 0 a 21 % volum\u00e9trico para O2\u00a0y de 0 a 4000 ppm para CO.","og_url":"https:\/\/abaa.mx\/tienda\/kit-analizador-de-combustion-testo-300-smoke-edition-con-bluetooth-4000-ppm\/","og_site_name":"Abaa tienda online","article_modified_time":"2023-12-22T17:31:10+00:00","og_image":[{"width":270,"height":500,"url":"https:\/\/abaa.mx\/tienda\/wp-content\/uploads\/2023\/10\/300-2.jpg","type":"image\/jpeg"}],"twitter_card":"summary_large_image","twitter_misc":{"Tiempo de lectura":"6 minutos"},"schema":{"@context":"https:\/\/schema.org","@graph":[{"@type":"WebPage","@id":"https:\/\/abaa.mx\/tienda\/kit-analizador-de-combustion-testo-300-smoke-edition-con-bluetooth-4000-ppm\/","url":"https:\/\/abaa.mx\/tienda\/kit-analizador-de-combustion-testo-300-smoke-edition-con-bluetooth-4000-ppm\/","name":"Kit analizador de combusti\u00f3n testo 300 smoke edition con bluetooth, 4000 ppm - Abaa tienda online","isPartOf":{"@id":"https:\/\/abaa.mx\/tienda\/#website"},"primaryImageOfPage":{"@id":"https:\/\/abaa.mx\/tienda\/kit-analizador-de-combustion-testo-300-smoke-edition-con-bluetooth-4000-ppm\/#primaryimage"},"image":{"@id":"https:\/\/abaa.mx\/tienda\/kit-analizador-de-combustion-testo-300-smoke-edition-con-bluetooth-4000-ppm\/#primaryimage"},"thumbnailUrl":"https:\/\/abaa.mx\/tienda\/wp-content\/uploads\/2023\/10\/300-2.jpg","datePublished":"2023-10-24T17:35:08+00:00","dateModified":"2023-12-22T17:31:10+00:00","breadcrumb":{"@id":"https:\/\/abaa.mx\/tienda\/kit-analizador-de-combustion-testo-300-smoke-edition-con-bluetooth-4000-ppm\/#breadcrumb"},"inLanguage":"es","potentialAction":[{"@type":"ReadAction","target":["https:\/\/abaa.mx\/tienda\/kit-analizador-de-combustion-testo-300-smoke-edition-con-bluetooth-4000-ppm\/"]}]},{"@type":"ImageObject","inLanguage":"es","@id":"https:\/\/abaa.mx\/tienda\/kit-analizador-de-combustion-testo-300-smoke-edition-con-bluetooth-4000-ppm\/#primaryimage","url":"https:\/\/abaa.mx\/tienda\/wp-content\/uploads\/2023\/10\/300-2.jpg","contentUrl":"https:\/\/abaa.mx\/tienda\/wp-content\/uploads\/2023\/10\/300-2.jpg","width":270,"height":500,"caption":"300-2"},{"@type":"BreadcrumbList","@id":"https:\/\/abaa.mx\/tienda\/kit-analizador-de-combustion-testo-300-smoke-edition-con-bluetooth-4000-ppm\/#breadcrumb","itemListElement":[{"@type":"ListItem","position":1,"name":"Inicio","item":"https:\/\/abaa.mx\/tienda\/"},{"@type":"ListItem","position":2,"name":"Tienda","item":"https:\/\/abaa.mx\/tienda\/"},{"@type":"ListItem","position":3,"name":"Kit analizador de combusti\u00f3n testo 300 smoke edition con bluetooth, 4000 ppm"}]},{"@type":"WebSite","@id":"https:\/\/abaa.mx\/tienda\/#website","url":"https:\/\/abaa.mx\/tienda\/","name":"Abaa tienda online","description":"Instrumentos de medici\u00f3n","publisher":{"@id":"https:\/\/abaa.mx\/tienda\/#organization"},"potentialAction":[{"@type":"SearchAction","target":{"@type":"EntryPoint","urlTemplate":"https:\/\/abaa.mx\/tienda\/?s={search_term_string}"},"query-input":{"@type":"PropertyValueSpecification","valueRequired":true,"valueName":"search_term_string"}}],"inLanguage":"es"},{"@type":"Organization","@id":"https:\/\/abaa.mx\/tienda\/#organization","name":"Abaa tienda online","url":"https:\/\/abaa.mx\/tienda\/","logo":{"@type":"ImageObject","inLanguage":"es","@id":"https:\/\/abaa.mx\/tienda\/#\/schema\/logo\/image\/","url":"https:\/\/abaa.mx\/tienda\/wp-content\/uploads\/2024\/01\/abaa-metrologia-tienda.png","contentUrl":"https:\/\/abaa.mx\/tienda\/wp-content\/uploads\/2024\/01\/abaa-metrologia-tienda.png","width":300,"height":141,"caption":"Abaa tienda online"},"image":{"@id":"https:\/\/abaa.mx\/tienda\/#\/schema\/logo\/image\/"}}]}},"_links":{"self":[{"href":"https:\/\/abaa.mx\/tienda\/wp-json\/wp\/v2\/product\/7664","targetHints":{"allow":["GET"]}}],"collection":[{"href":"https:\/\/abaa.mx\/tienda\/wp-json\/wp\/v2\/product"}],"about":[{"href":"https:\/\/abaa.mx\/tienda\/wp-json\/wp\/v2\/types\/product"}],"replies":[{"embeddable":true,"href":"https:\/\/abaa.mx\/tienda\/wp-json\/wp\/v2\/comments?post=7664"}],"wp:featuredmedia":[{"embeddable":true,"href":"https:\/\/abaa.mx\/tienda\/wp-json\/wp\/v2\/media\/7675"}],"wp:attachment":[{"href":"https:\/\/abaa.mx\/tienda\/wp-json\/wp\/v2\/media?parent=7664"}],"wp:term":[{"taxonomy":"product_brand","embeddable":true,"href":"https:\/\/abaa.mx\/tienda\/wp-json\/wp\/v2\/product_brand?post=7664"},{"taxonomy":"product_cat","embeddable":true,"href":"https:\/\/abaa.mx\/tienda\/wp-json\/wp\/v2\/product_cat?post=7664"},{"taxonomy":"product_tag","embeddable":true,"href":"https:\/\/abaa.mx\/tienda\/wp-json\/wp\/v2\/product_tag?post=7664"}],"curies":[{"name":"wp","href":"https:\/\/api.w.org\/{rel}","templated":true}]}}