{"id":7658,"date":"2023-10-24T17:25:30","date_gmt":"2023-10-24T17:25:30","guid":{"rendered":"https:\/\/abaa.mx\/tienda\/?post_type=product&#038;p=7658"},"modified":"2023-10-24T17:25:30","modified_gmt":"2023-10-24T17:25:30","slug":"bascula-de-refrigerante-digital-testo-560i-con-bluetooth-de-0-a-220-lb","status":"publish","type":"product","link":"https:\/\/abaa.mx\/tienda\/bascula-de-refrigerante-digital-testo-560i-con-bluetooth-de-0-a-220-lb\/","title":{"rendered":"B\u00e1scula de refrigerante digital testo 560i con bluetooth, de 0 a 220 lb"},"content":{"rendered":"<p>Con una carcasa compacta, un peso reducido, un pr\u00e1ctico asa de transporte y una bolsa de pl\u00e1stico resistente, esta b\u00e1scula digital puede funcionar junto con un colector digital (se vende por separado) y la aplicaci\u00f3n Smart para facilitar el manejo, y mostrar los valores medidos despu\u00e9s de que la b\u00e1scula se haya conectado autom\u00e1ticamente a ambos a trav\u00e9s de Bluetooth.<\/p>\n<p><strong>Funciones<\/strong><\/p>\n<ul>\n<li>Medici\u00f3n inal\u00e1mbrica del peso del refrigerante y funcionamiento con colectores y aplicaci\u00f3n inteligente a trav\u00e9s de bluetooth<\/li>\n<li>Carga autom\u00e1tica y precisa de refrigerante seg\u00fan el objetivo de sobrecalentamiento, subenfriamiento y peso en combinaci\u00f3n con v\u00e1lvula inteligente (se vende por separado)<\/li>\n<li>Todos los valores medidos para el proceso de carga de un vistazo en el colector y la aplicaci\u00f3n con almacenamiento de los datos medidos en la aplicaci\u00f3n<\/li>\n<li>Especialmente pr\u00e1ctico gracias a la carcasa compacta, el bajo peso, el pr\u00e1ctico asa de transporte y la robusta bolsa de pl\u00e1stico<\/li>\n<\/ul>\n<p><strong>Mide el peso del refrigerante de forma r\u00e1pida, precisa y c\u00f3moda<\/strong><\/p>\n<ul>\n<li>El manejo y la visualizaci\u00f3n de los valores medidos son completamente inal\u00e1mbricos mediante un colector y la aplicaci\u00f3n smart. Para ello, la b\u00e1scula se conecta autom\u00e1ticamente a trav\u00e9s de bluetooth con un colector y un smartphone o tableta<\/li>\n<li>Vers\u00e1til en todas las situaciones: alcance bluetooth de hasta 100&#8242; (30 m)<\/li>\n<li>Compatible con colectores digitales inteligentes (550s\/557s\/550i), colectores digitales con bluetooth (550bt\/557bt) y sondas inteligentes (115i\/549i\/605i), todos conectados a la aplicaci\u00f3n inteligente para Android e iOS<\/li>\n<\/ul>\n<p><strong>Ventajas de la b\u00e1scula de refrigerante<\/strong><\/p>\n<ul>\n<li>Alta precisi\u00f3n de medici\u00f3n con una resoluci\u00f3n de 0,02 lbs (10 g) y salida en lbs o kg<\/li>\n<li>Carga m\u00e1xima de 220 lb (100 kg) para todos los contenedores de refrigerante comunes<\/li>\n<li>Alto alcance de Bluetooth de hasta 100&#8242; (30 m)<\/li>\n<li>Carga totalmente autom\u00e1tica seg\u00fan el valor objetivo<\/li>\n<li>Manejo seguro: esquinas 3D para un posicionamiento preciso del recipiente de refrigerante y superficie de goma texturizada para un agarre estable<\/li>\n<li>Alta robustez gracias a la protecci\u00f3n contra el polvo y las salpicaduras de agua (IP44)<\/li>\n<li>Especialmente pr\u00e1ctico gracias a la carcasa compacta, el bajo peso, el pr\u00e1ctico asa de transporte y la robusta bolsa de hombro<\/li>\n<li>Bater\u00eda de larga duraci\u00f3n de hasta 70 horas gracias a las pilas AA reemplazables y a la funci\u00f3n de apagado autom\u00e1tico<\/li>\n<li>Alta flexibilidad en uso en exteriores a temperaturas de 14 a 122 \u00b0F (-10 a 50 \u00b0C)<\/li>\n<\/ul>\n<p><strong>Aplicaciones<\/strong><\/p>\n<ul>\n<li>Sistemas de refrigeraci\u00f3n<\/li>\n<li>Bombas de calor<\/li>\n<\/ul>\n<h4>Especificaciones del testo 560i<\/h4>\n<table class=\"table table-striped\">\n<tbody>\n<tr>\n<td>Rango de medici\u00f3n<\/td>\n<td>0 a 220 lb (0 a 100 kg)<\/td>\n<\/tr>\n<tr>\n<td>Precisi\u00f3n (71,6 \u00b0F, \u00b11 d\u00edgito)<\/td>\n<td>A 77 \u00b0F (22 \u00b0C) \u00b15 \u00b0F (el \u00e1ngulo de inclinaci\u00f3n es de aproximadamente 0 \u00b0): \u2264\u00b1(0,02 libras + 0,03 % rdg) (0 a 66 libras) \/ \u2264\u00b1 (10 g + 0,03 % rdg) (0 a 30 kg) \u2264\u00b1 (0,02 libras + 0,05 % rdg) (66 a 220 libras) \/ \u2264\u00b1 (10 g + 0,05 % rdg) (30 a 100 kg)<\/p>\n<p>Otras temperaturas de trabajo (\u00e1ngulo de inclinaci\u00f3n de aproximadamente 0\u00b0):<\/p>\n<p>\u2264\u00b1(.04 libras) (0 a 22 libras) \u2264\u00b1(.04 libras + 0.15% rdg) (22 a 220 libras)<\/td>\n<\/tr>\n<tr>\n<td>Resoluci\u00f3n<\/td>\n<td>0.01 libras (0.01 kg)<\/td>\n<\/tr>\n<tr>\n<td>Humedad ambiental<\/td>\n<td>De 0 a 80 % de humedad relativa<\/td>\n<\/tr>\n<tr>\n<td>Temperatura de funcionamiento\/almacenamiento<\/td>\n<td>De -10 a 50 \u00b0C (de 14 a 122 \u00b0F)<\/td>\n<\/tr>\n<tr>\n<td>Conexi\u00f3n<\/td>\n<td>Bluetooth 4.2<\/td>\n<\/tr>\n<tr>\n<td>Alcance de Bluetooth<\/td>\n<td>100&#8242; (30 m) de campo libre<\/td>\n<\/tr>\n<tr>\n<td>Bater\u00eda<\/td>\n<td>Vida \u00fatil: &gt;70 horas (a 77 \u00b0F [25 \u00b0C])<br \/>\nTipo: 4 pilas AA<\/td>\n<\/tr>\n<tr>\n<td>Clase de protecci\u00f3n<\/td>\n<td>IP44<\/td>\n<\/tr>\n<tr>\n<td>Dimensiones<\/td>\n<td>310 x 287 x 58 mm (12,2 x 11,3 x 2,3&#8243;)<\/td>\n<\/tr>\n<tr>\n<td>Peso<\/td>\n<td>4,36 kg (7,6 lb), incluidas las bater\u00edas y la bolsa<\/td>\n<\/tr>\n<\/tbody>\n<\/table>\n","protected":false},"excerpt":{"rendered":"<p class=\"short-description mhide ipad-view-setting\">Ideal para sistemas de refrigeraci\u00f3n, mini splits sin conductos y bombas de calor, esta b\u00e1scula digital le permite medir el peso del refrigerante de forma r\u00e1pida, precisa y c\u00f3moda. Adem\u00e1s, cuenta con una carga m\u00e1xima de 220 lb (100 kg) para contenedores de refrigerante comunes y un alto alcance de Bluetooth de hasta 100&#8242; (30 m).<\/p>\n<p class=\"comment-tag-product\">\n<div class=\"row-fluid\">\n<div class=\"span12 mobile-pricing-box-padding\">\n<form id=\"234183891\" accept-charset=\"utf-8\" action=\"https:\/\/www.globaltestsupply.com\/shop\/add\" method=\"post\" name=\"addTocartFunction\">\n<div><\/div>\n<\/form>\n<\/div>\n<\/div>\n","protected":false},"featured_media":7665,"comment_status":"open","ping_status":"closed","template":"","meta":{"_joinchat":[]},"product_brand":[],"product_cat":[15],"product_tag":[],"class_list":{"0":"post-7658","1":"product","2":"type-product","3":"status-publish","4":"has-post-thumbnail","6":"product_cat-sin-categorizar","8":"first","9":"instock","10":"shipping-taxable","11":"product-type-simple"},"yoast_head":"<!-- This site is optimized with the Yoast SEO plugin v26.4 - https:\/\/yoast.com\/wordpress\/plugins\/seo\/ -->\n<title>B\u00e1scula de refrigerante digital testo 560i con bluetooth, de 0 a 220 lb - Abaa tienda online<\/title>\n<meta name=\"robots\" content=\"index, follow, max-snippet:-1, max-image-preview:large, max-video-preview:-1\" \/>\n<link rel=\"canonical\" href=\"https:\/\/abaa.mx\/tienda\/bascula-de-refrigerante-digital-testo-560i-con-bluetooth-de-0-a-220-lb\/\" \/>\n<meta property=\"og:locale\" content=\"es_MX\" \/>\n<meta property=\"og:type\" content=\"article\" \/>\n<meta property=\"og:title\" content=\"B\u00e1scula de refrigerante digital testo 560i con bluetooth, de 0 a 220 lb - Abaa tienda online\" \/>\n<meta property=\"og:description\" content=\"Ideal para sistemas de refrigeraci\u00f3n, mini splits sin conductos y bombas de calor, esta b\u00e1scula digital le permite medir el peso del refrigerante de forma r\u00e1pida, precisa y c\u00f3moda. Adem\u00e1s, cuenta con una carga m\u00e1xima de 220 lb (100 kg) para contenedores de refrigerante comunes y un alto alcance de Bluetooth de hasta 100&#039; (30 m).\" \/>\n<meta property=\"og:url\" content=\"https:\/\/abaa.mx\/tienda\/bascula-de-refrigerante-digital-testo-560i-con-bluetooth-de-0-a-220-lb\/\" \/>\n<meta property=\"og:site_name\" content=\"Abaa tienda online\" \/>\n<meta property=\"og:image\" content=\"https:\/\/abaa.mx\/tienda\/wp-content\/uploads\/2023\/10\/560i.jpeg\" \/>\n\t<meta property=\"og:image:width\" content=\"2000\" \/>\n\t<meta property=\"og:image:height\" content=\"1500\" \/>\n\t<meta property=\"og:image:type\" content=\"image\/jpeg\" \/>\n<meta name=\"twitter:card\" content=\"summary_large_image\" \/>\n<meta name=\"twitter:label1\" content=\"Tiempo de lectura\" \/>\n\t<meta name=\"twitter:data1\" content=\"3 minutos\" \/>\n<script type=\"application\/ld+json\" class=\"yoast-schema-graph\">{\"@context\":\"https:\/\/schema.org\",\"@graph\":[{\"@type\":\"WebPage\",\"@id\":\"https:\/\/abaa.mx\/tienda\/bascula-de-refrigerante-digital-testo-560i-con-bluetooth-de-0-a-220-lb\/\",\"url\":\"https:\/\/abaa.mx\/tienda\/bascula-de-refrigerante-digital-testo-560i-con-bluetooth-de-0-a-220-lb\/\",\"name\":\"B\u00e1scula de refrigerante digital testo 560i con bluetooth, de 0 a 220 lb - Abaa tienda online\",\"isPartOf\":{\"@id\":\"https:\/\/abaa.mx\/tienda\/#website\"},\"primaryImageOfPage\":{\"@id\":\"https:\/\/abaa.mx\/tienda\/bascula-de-refrigerante-digital-testo-560i-con-bluetooth-de-0-a-220-lb\/#primaryimage\"},\"image\":{\"@id\":\"https:\/\/abaa.mx\/tienda\/bascula-de-refrigerante-digital-testo-560i-con-bluetooth-de-0-a-220-lb\/#primaryimage\"},\"thumbnailUrl\":\"https:\/\/abaa.mx\/tienda\/wp-content\/uploads\/2023\/10\/560i.jpeg\",\"datePublished\":\"2023-10-24T17:25:30+00:00\",\"breadcrumb\":{\"@id\":\"https:\/\/abaa.mx\/tienda\/bascula-de-refrigerante-digital-testo-560i-con-bluetooth-de-0-a-220-lb\/#breadcrumb\"},\"inLanguage\":\"es\",\"potentialAction\":[{\"@type\":\"ReadAction\",\"target\":[\"https:\/\/abaa.mx\/tienda\/bascula-de-refrigerante-digital-testo-560i-con-bluetooth-de-0-a-220-lb\/\"]}]},{\"@type\":\"ImageObject\",\"inLanguage\":\"es\",\"@id\":\"https:\/\/abaa.mx\/tienda\/bascula-de-refrigerante-digital-testo-560i-con-bluetooth-de-0-a-220-lb\/#primaryimage\",\"url\":\"https:\/\/abaa.mx\/tienda\/wp-content\/uploads\/2023\/10\/560i.jpeg\",\"contentUrl\":\"https:\/\/abaa.mx\/tienda\/wp-content\/uploads\/2023\/10\/560i.jpeg\",\"width\":2000,\"height\":1500,\"caption\":\"560i\"},{\"@type\":\"BreadcrumbList\",\"@id\":\"https:\/\/abaa.mx\/tienda\/bascula-de-refrigerante-digital-testo-560i-con-bluetooth-de-0-a-220-lb\/#breadcrumb\",\"itemListElement\":[{\"@type\":\"ListItem\",\"position\":1,\"name\":\"Inicio\",\"item\":\"https:\/\/abaa.mx\/tienda\/\"},{\"@type\":\"ListItem\",\"position\":2,\"name\":\"Tienda\",\"item\":\"https:\/\/abaa.mx\/tienda\/\"},{\"@type\":\"ListItem\",\"position\":3,\"name\":\"B\u00e1scula de refrigerante digital testo 560i con bluetooth, de 0 a 220 lb\"}]},{\"@type\":\"WebSite\",\"@id\":\"https:\/\/abaa.mx\/tienda\/#website\",\"url\":\"https:\/\/abaa.mx\/tienda\/\",\"name\":\"Abaa tienda online\",\"description\":\"Instrumentos de medici\u00f3n\",\"publisher\":{\"@id\":\"https:\/\/abaa.mx\/tienda\/#organization\"},\"potentialAction\":[{\"@type\":\"SearchAction\",\"target\":{\"@type\":\"EntryPoint\",\"urlTemplate\":\"https:\/\/abaa.mx\/tienda\/?s={search_term_string}\"},\"query-input\":{\"@type\":\"PropertyValueSpecification\",\"valueRequired\":true,\"valueName\":\"search_term_string\"}}],\"inLanguage\":\"es\"},{\"@type\":\"Organization\",\"@id\":\"https:\/\/abaa.mx\/tienda\/#organization\",\"name\":\"Abaa tienda online\",\"url\":\"https:\/\/abaa.mx\/tienda\/\",\"logo\":{\"@type\":\"ImageObject\",\"inLanguage\":\"es\",\"@id\":\"https:\/\/abaa.mx\/tienda\/#\/schema\/logo\/image\/\",\"url\":\"https:\/\/abaa.mx\/tienda\/wp-content\/uploads\/2024\/01\/abaa-metrologia-tienda.png\",\"contentUrl\":\"https:\/\/abaa.mx\/tienda\/wp-content\/uploads\/2024\/01\/abaa-metrologia-tienda.png\",\"width\":300,\"height\":141,\"caption\":\"Abaa tienda online\"},\"image\":{\"@id\":\"https:\/\/abaa.mx\/tienda\/#\/schema\/logo\/image\/\"}}]}<\/script>\n<!-- \/ Yoast SEO plugin. -->","yoast_head_json":{"title":"B\u00e1scula de refrigerante digital testo 560i con bluetooth, de 0 a 220 lb - Abaa tienda online","robots":{"index":"index","follow":"follow","max-snippet":"max-snippet:-1","max-image-preview":"max-image-preview:large","max-video-preview":"max-video-preview:-1"},"canonical":"https:\/\/abaa.mx\/tienda\/bascula-de-refrigerante-digital-testo-560i-con-bluetooth-de-0-a-220-lb\/","og_locale":"es_MX","og_type":"article","og_title":"B\u00e1scula de refrigerante digital testo 560i con bluetooth, de 0 a 220 lb - Abaa tienda online","og_description":"Ideal para sistemas de refrigeraci\u00f3n, mini splits sin conductos y bombas de calor, esta b\u00e1scula digital le permite medir el peso del refrigerante de forma r\u00e1pida, precisa y c\u00f3moda. Adem\u00e1s, cuenta con una carga m\u00e1xima de 220 lb (100 kg) para contenedores de refrigerante comunes y un alto alcance de Bluetooth de hasta 100' (30 m).","og_url":"https:\/\/abaa.mx\/tienda\/bascula-de-refrigerante-digital-testo-560i-con-bluetooth-de-0-a-220-lb\/","og_site_name":"Abaa tienda online","og_image":[{"width":2000,"height":1500,"url":"https:\/\/abaa.mx\/tienda\/wp-content\/uploads\/2023\/10\/560i.jpeg","type":"image\/jpeg"}],"twitter_card":"summary_large_image","twitter_misc":{"Tiempo de lectura":"3 minutos"},"schema":{"@context":"https:\/\/schema.org","@graph":[{"@type":"WebPage","@id":"https:\/\/abaa.mx\/tienda\/bascula-de-refrigerante-digital-testo-560i-con-bluetooth-de-0-a-220-lb\/","url":"https:\/\/abaa.mx\/tienda\/bascula-de-refrigerante-digital-testo-560i-con-bluetooth-de-0-a-220-lb\/","name":"B\u00e1scula de refrigerante digital testo 560i con bluetooth, de 0 a 220 lb - Abaa tienda online","isPartOf":{"@id":"https:\/\/abaa.mx\/tienda\/#website"},"primaryImageOfPage":{"@id":"https:\/\/abaa.mx\/tienda\/bascula-de-refrigerante-digital-testo-560i-con-bluetooth-de-0-a-220-lb\/#primaryimage"},"image":{"@id":"https:\/\/abaa.mx\/tienda\/bascula-de-refrigerante-digital-testo-560i-con-bluetooth-de-0-a-220-lb\/#primaryimage"},"thumbnailUrl":"https:\/\/abaa.mx\/tienda\/wp-content\/uploads\/2023\/10\/560i.jpeg","datePublished":"2023-10-24T17:25:30+00:00","breadcrumb":{"@id":"https:\/\/abaa.mx\/tienda\/bascula-de-refrigerante-digital-testo-560i-con-bluetooth-de-0-a-220-lb\/#breadcrumb"},"inLanguage":"es","potentialAction":[{"@type":"ReadAction","target":["https:\/\/abaa.mx\/tienda\/bascula-de-refrigerante-digital-testo-560i-con-bluetooth-de-0-a-220-lb\/"]}]},{"@type":"ImageObject","inLanguage":"es","@id":"https:\/\/abaa.mx\/tienda\/bascula-de-refrigerante-digital-testo-560i-con-bluetooth-de-0-a-220-lb\/#primaryimage","url":"https:\/\/abaa.mx\/tienda\/wp-content\/uploads\/2023\/10\/560i.jpeg","contentUrl":"https:\/\/abaa.mx\/tienda\/wp-content\/uploads\/2023\/10\/560i.jpeg","width":2000,"height":1500,"caption":"560i"},{"@type":"BreadcrumbList","@id":"https:\/\/abaa.mx\/tienda\/bascula-de-refrigerante-digital-testo-560i-con-bluetooth-de-0-a-220-lb\/#breadcrumb","itemListElement":[{"@type":"ListItem","position":1,"name":"Inicio","item":"https:\/\/abaa.mx\/tienda\/"},{"@type":"ListItem","position":2,"name":"Tienda","item":"https:\/\/abaa.mx\/tienda\/"},{"@type":"ListItem","position":3,"name":"B\u00e1scula de refrigerante digital testo 560i con bluetooth, de 0 a 220 lb"}]},{"@type":"WebSite","@id":"https:\/\/abaa.mx\/tienda\/#website","url":"https:\/\/abaa.mx\/tienda\/","name":"Abaa tienda online","description":"Instrumentos de medici\u00f3n","publisher":{"@id":"https:\/\/abaa.mx\/tienda\/#organization"},"potentialAction":[{"@type":"SearchAction","target":{"@type":"EntryPoint","urlTemplate":"https:\/\/abaa.mx\/tienda\/?s={search_term_string}"},"query-input":{"@type":"PropertyValueSpecification","valueRequired":true,"valueName":"search_term_string"}}],"inLanguage":"es"},{"@type":"Organization","@id":"https:\/\/abaa.mx\/tienda\/#organization","name":"Abaa tienda online","url":"https:\/\/abaa.mx\/tienda\/","logo":{"@type":"ImageObject","inLanguage":"es","@id":"https:\/\/abaa.mx\/tienda\/#\/schema\/logo\/image\/","url":"https:\/\/abaa.mx\/tienda\/wp-content\/uploads\/2024\/01\/abaa-metrologia-tienda.png","contentUrl":"https:\/\/abaa.mx\/tienda\/wp-content\/uploads\/2024\/01\/abaa-metrologia-tienda.png","width":300,"height":141,"caption":"Abaa tienda online"},"image":{"@id":"https:\/\/abaa.mx\/tienda\/#\/schema\/logo\/image\/"}}]}},"_links":{"self":[{"href":"https:\/\/abaa.mx\/tienda\/wp-json\/wp\/v2\/product\/7658","targetHints":{"allow":["GET"]}}],"collection":[{"href":"https:\/\/abaa.mx\/tienda\/wp-json\/wp\/v2\/product"}],"about":[{"href":"https:\/\/abaa.mx\/tienda\/wp-json\/wp\/v2\/types\/product"}],"replies":[{"embeddable":true,"href":"https:\/\/abaa.mx\/tienda\/wp-json\/wp\/v2\/comments?post=7658"}],"wp:featuredmedia":[{"embeddable":true,"href":"https:\/\/abaa.mx\/tienda\/wp-json\/wp\/v2\/media\/7665"}],"wp:attachment":[{"href":"https:\/\/abaa.mx\/tienda\/wp-json\/wp\/v2\/media?parent=7658"}],"wp:term":[{"taxonomy":"product_brand","embeddable":true,"href":"https:\/\/abaa.mx\/tienda\/wp-json\/wp\/v2\/product_brand?post=7658"},{"taxonomy":"product_cat","embeddable":true,"href":"https:\/\/abaa.mx\/tienda\/wp-json\/wp\/v2\/product_cat?post=7658"},{"taxonomy":"product_tag","embeddable":true,"href":"https:\/\/abaa.mx\/tienda\/wp-json\/wp\/v2\/product_tag?post=7658"}],"curies":[{"name":"wp","href":"https:\/\/api.w.org\/{rel}","templated":true}]}}