{"id":7656,"date":"2023-10-24T17:15:24","date_gmt":"2023-10-24T17:15:24","guid":{"rendered":"https:\/\/abaa.mx\/tienda\/?post_type=product&#038;p=7656"},"modified":"2023-10-24T17:15:24","modified_gmt":"2023-10-24T17:15:24","slug":"kit-analizador-de-combustion-testo-310","status":"publish","type":"product","link":"https:\/\/abaa.mx\/tienda\/kit-analizador-de-combustion-testo-310\/","title":{"rendered":"Kit analizador de combusti\u00f3n testo 310"},"content":{"rendered":"<p>Con cinco combustibles diferentes para elegir, este analizador de combusti\u00f3n proporciona flexibilidad para aplicaciones que incluyen la comprobaci\u00f3n de la eficiencia del horno, el ajuste de la caldera y las comprobaciones del calentador de agua. Adem\u00e1s, establece un nuevo est\u00e1ndar en el an\u00e1lisis de combusti\u00f3n asequible con su carcasa resistente, dise\u00f1o simple y tecnolog\u00eda de sensores avanzada.<\/p>\n<p><strong>Funciones<\/strong><\/p>\n<ul>\n<li>O directo<sub>2<\/sub>, CO, gases de combusti\u00f3n y mediciones de temperatura ambiente<\/li>\n<li>Men\u00fa de medici\u00f3n integrado para gases de combusti\u00f3n\/tiro\/CO, aire ambiente y presi\u00f3n<\/li>\n<li>Sensor r\u00e1pido cero en solo 30 segundos<\/li>\n<li>Gran pantalla digital retroiluminada, bater\u00eda de litio recargable con hasta 10 horas de duraci\u00f3n<\/li>\n<\/ul>\n<p><strong>Medidas<\/strong><\/p>\n<ul>\n<li>O<sub>2<\/sub>, CO (con filtro de NOx incorporado), CO<sub>2<\/sub><\/li>\n<li>CO sin diluir (CO libre de aire)<\/li>\n<li>CO ambiente<\/li>\n<li>Calado y presi\u00f3n<\/li>\n<li>Temperatura (chimenea y ambiente)<\/li>\n<li>Eficiencia de la combusti\u00f3n\/gases de combusti\u00f3n y exceso de aire<\/li>\n<\/ul>\n<p><strong>Aplicaciones<\/strong><\/p>\n<ul>\n<li>Horno residencial<\/li>\n<li>Caldera<\/li>\n<li>Calentador de agua<\/li>\n<\/ul>\n<h4>Especificaciones de Testo 310<\/h4>\n<table class=\"table table-striped\">\n<tbody>\n<tr>\n<th colspan=\"2\">Temperatura &#8211; Tipo K TC<\/th>\n<\/tr>\n<tr>\n<td>Rango de medici\u00f3n<\/td>\n<td>-4 a 212 \u00b0F (-20 a 100 \u00b0C)<\/td>\n<\/tr>\n<tr>\n<td>Resoluci\u00f3n<\/td>\n<td>0.1 \u00b0F (0.1 \u00b0C)<\/td>\n<\/tr>\n<tr>\n<td>Tiempo de reacci\u00f3n<\/td>\n<td>&lt;50 segundos<\/td>\n<\/tr>\n<tr>\n<th colspan=\"2\">Temperatura &#8211; Tipo J TC<\/th>\n<\/tr>\n<tr>\n<td>Rango de medici\u00f3n<\/td>\n<td>De 0 a 400 \u00b0C (de 32 a 752 \u00b0F)<\/td>\n<\/tr>\n<tr>\n<td>Exactitud<\/td>\n<td>\u00b11.8 \u00b0F; 32 a 212 \u00b0F (\u00b11 \u00b0C; 0 a 100 \u00b0C)<br \/>\n\u00b11.5% de mv; &gt;212 \u00b0F (\u00b11,5 % de mv; &gt;100 \u00b0C)<\/td>\n<\/tr>\n<tr>\n<td>Resoluci\u00f3n<\/td>\n<td>0.1 \u00b0F (0.1 \u00b0C)<\/td>\n<\/tr>\n<tr>\n<td>Tiempo de reacci\u00f3n<\/td>\n<td>&lt;50 segundos<\/td>\n<\/tr>\n<tr>\n<th colspan=\"2\">Gases de combusti\u00f3n O<sub>2<\/sub><\/th>\n<\/tr>\n<tr>\n<td>Rango de medici\u00f3n<\/td>\n<td>0 a 21 Vol.%<\/td>\n<\/tr>\n<tr>\n<td>Exactitud<\/td>\n<td>\u00b10.2 % vol.<\/td>\n<\/tr>\n<tr>\n<td>Resoluci\u00f3n<\/td>\n<td>0.1 % vol.<\/td>\n<\/tr>\n<tr>\n<td>Tiempo de reacci\u00f3n t<sub>90<\/sub><\/td>\n<td>30 segundos<\/td>\n<\/tr>\n<tr>\n<th colspan=\"2\">Tiro de gases de combusti\u00f3n<\/th>\n<\/tr>\n<tr>\n<td>Rango de medici\u00f3n<\/td>\n<td>De -8 a 8 pulgadas<sub>2<\/sub>O (-20 a 20 hPa)<\/td>\n<\/tr>\n<tr>\n<td>Exactitud<\/td>\n<td>\u00b10.01 pulgadas<sub>2<\/sub>O (-1,20 a 1,20 inH<sub>2<\/sub>O) \u00b10,03 hPa (-3,00 a 3,00 hPa) \u00b11,5% de mv (rango restante)<\/td>\n<\/tr>\n<tr>\n<td>Resoluci\u00f3n<\/td>\n<td>0.01 pulg.H<sub>2<\/sub>\u00d8 (0,01 hPa)<\/td>\n<\/tr>\n<tr>\n<th colspan=\"2\">Eficacia<\/th>\n<\/tr>\n<tr>\n<td>Rango de medici\u00f3n<\/td>\n<td>De 0 a 120%<\/td>\n<\/tr>\n<tr>\n<td>Resoluci\u00f3n<\/td>\n<td>0.1%<\/td>\n<\/tr>\n<tr>\n<th colspan=\"2\">Especificaciones generales<\/th>\n<\/tr>\n<tr>\n<td>Temperatura<\/td>\n<td>En funcionamiento: 23 a 113 \u00b0F (-5 a 45 \u00b0C) Almacenamiento: -4 a 122 \u00b0F (-20 a 50 \u00b0C)<\/td>\n<\/tr>\n<tr>\n<td>Monitor<\/td>\n<td>Tipo: LCD<br \/>\nFunci\u00f3n: Pantalla retroiluminada de 2 l\u00edneas<\/td>\n<\/tr>\n<tr>\n<td>Fuente de alimentaci\u00f3n<\/td>\n<td>Bater\u00eda: 1500 mAh, unidad de red 5 V\/1 A<\/td>\n<\/tr>\n<tr>\n<td>Dimensiones<\/td>\n<td>8 x 3 x 2&#8243; (201 x 83 x 44 mm)<\/td>\n<\/tr>\n<tr>\n<td>Peso<\/td>\n<td>Aproximadamente 25 oz (700 g) con sonda<\/td>\n<\/tr>\n<\/tbody>\n<\/table>\n","protected":false},"excerpt":{"rendered":"<p class=\"short-description mhide ipad-view-setting\">Con un dise\u00f1o elegante, este kit de analizador de combusti\u00f3n cuenta con tecnolog\u00eda de sensores avanzada. Con cinco combustibles diferentes para elegir, el sensor proporciona la flexibilidad que necesita para varias aplicaciones, como la comprobaci\u00f3n de la eficiencia del horno, el ajuste de la caldera y las comprobaciones del calentador de agua.<\/p>\n<p class=\"comment-tag-product\">\n<div class=\"row-fluid\">\n<div class=\"span12 mobile-pricing-box-padding\">\n<form id=\"55137\" accept-charset=\"utf-8\" action=\"https:\/\/www.globaltestsupply.com\/shop\/add\" method=\"post\" name=\"addTocartFunction\">\n<div><\/div>\n<\/form>\n<\/div>\n<\/div>\n","protected":false},"featured_media":7657,"comment_status":"open","ping_status":"closed","template":"","meta":{"_joinchat":[]},"product_brand":[],"product_cat":[15],"product_tag":[],"class_list":{"0":"post-7656","1":"product","2":"type-product","3":"status-publish","4":"has-post-thumbnail","6":"product_cat-sin-categorizar","8":"first","9":"instock","10":"shipping-taxable","11":"product-type-simple"},"yoast_head":"<!-- This site is optimized with the Yoast SEO plugin v26.4 - https:\/\/yoast.com\/wordpress\/plugins\/seo\/ -->\n<title>Kit analizador de combusti\u00f3n testo 310 - Abaa tienda online<\/title>\n<meta name=\"robots\" content=\"index, follow, max-snippet:-1, max-image-preview:large, max-video-preview:-1\" \/>\n<link rel=\"canonical\" href=\"https:\/\/abaa.mx\/tienda\/kit-analizador-de-combustion-testo-310\/\" \/>\n<meta property=\"og:locale\" content=\"es_MX\" \/>\n<meta property=\"og:type\" content=\"article\" \/>\n<meta property=\"og:title\" content=\"Kit analizador de combusti\u00f3n testo 310 - Abaa tienda online\" \/>\n<meta property=\"og:description\" content=\"Con un dise\u00f1o elegante, este kit de analizador de combusti\u00f3n cuenta con tecnolog\u00eda de sensores avanzada. Con cinco combustibles diferentes para elegir, el sensor proporciona la flexibilidad que necesita para varias aplicaciones, como la comprobaci\u00f3n de la eficiencia del horno, el ajuste de la caldera y las comprobaciones del calentador de agua.\" \/>\n<meta property=\"og:url\" content=\"https:\/\/abaa.mx\/tienda\/kit-analizador-de-combustion-testo-310\/\" \/>\n<meta property=\"og:site_name\" content=\"Abaa tienda online\" \/>\n<meta property=\"og:image\" content=\"https:\/\/abaa.mx\/tienda\/wp-content\/uploads\/2023\/10\/310.jpg\" \/>\n\t<meta property=\"og:image:width\" content=\"474\" \/>\n\t<meta property=\"og:image:height\" content=\"733\" \/>\n\t<meta property=\"og:image:type\" content=\"image\/jpeg\" \/>\n<meta name=\"twitter:card\" content=\"summary_large_image\" \/>\n<meta name=\"twitter:label1\" content=\"Tiempo de lectura\" \/>\n\t<meta name=\"twitter:data1\" content=\"2 minutos\" \/>\n<script type=\"application\/ld+json\" class=\"yoast-schema-graph\">{\"@context\":\"https:\/\/schema.org\",\"@graph\":[{\"@type\":\"WebPage\",\"@id\":\"https:\/\/abaa.mx\/tienda\/kit-analizador-de-combustion-testo-310\/\",\"url\":\"https:\/\/abaa.mx\/tienda\/kit-analizador-de-combustion-testo-310\/\",\"name\":\"Kit analizador de combusti\u00f3n testo 310 - Abaa tienda online\",\"isPartOf\":{\"@id\":\"https:\/\/abaa.mx\/tienda\/#website\"},\"primaryImageOfPage\":{\"@id\":\"https:\/\/abaa.mx\/tienda\/kit-analizador-de-combustion-testo-310\/#primaryimage\"},\"image\":{\"@id\":\"https:\/\/abaa.mx\/tienda\/kit-analizador-de-combustion-testo-310\/#primaryimage\"},\"thumbnailUrl\":\"https:\/\/abaa.mx\/tienda\/wp-content\/uploads\/2023\/10\/310.jpg\",\"datePublished\":\"2023-10-24T17:15:24+00:00\",\"breadcrumb\":{\"@id\":\"https:\/\/abaa.mx\/tienda\/kit-analizador-de-combustion-testo-310\/#breadcrumb\"},\"inLanguage\":\"es\",\"potentialAction\":[{\"@type\":\"ReadAction\",\"target\":[\"https:\/\/abaa.mx\/tienda\/kit-analizador-de-combustion-testo-310\/\"]}]},{\"@type\":\"ImageObject\",\"inLanguage\":\"es\",\"@id\":\"https:\/\/abaa.mx\/tienda\/kit-analizador-de-combustion-testo-310\/#primaryimage\",\"url\":\"https:\/\/abaa.mx\/tienda\/wp-content\/uploads\/2023\/10\/310.jpg\",\"contentUrl\":\"https:\/\/abaa.mx\/tienda\/wp-content\/uploads\/2023\/10\/310.jpg\",\"width\":474,\"height\":733,\"caption\":\"310\"},{\"@type\":\"BreadcrumbList\",\"@id\":\"https:\/\/abaa.mx\/tienda\/kit-analizador-de-combustion-testo-310\/#breadcrumb\",\"itemListElement\":[{\"@type\":\"ListItem\",\"position\":1,\"name\":\"Inicio\",\"item\":\"https:\/\/abaa.mx\/tienda\/\"},{\"@type\":\"ListItem\",\"position\":2,\"name\":\"Tienda\",\"item\":\"https:\/\/abaa.mx\/tienda\/\"},{\"@type\":\"ListItem\",\"position\":3,\"name\":\"Kit analizador de combusti\u00f3n testo 310\"}]},{\"@type\":\"WebSite\",\"@id\":\"https:\/\/abaa.mx\/tienda\/#website\",\"url\":\"https:\/\/abaa.mx\/tienda\/\",\"name\":\"Abaa tienda online\",\"description\":\"Instrumentos de medici\u00f3n\",\"publisher\":{\"@id\":\"https:\/\/abaa.mx\/tienda\/#organization\"},\"potentialAction\":[{\"@type\":\"SearchAction\",\"target\":{\"@type\":\"EntryPoint\",\"urlTemplate\":\"https:\/\/abaa.mx\/tienda\/?s={search_term_string}\"},\"query-input\":{\"@type\":\"PropertyValueSpecification\",\"valueRequired\":true,\"valueName\":\"search_term_string\"}}],\"inLanguage\":\"es\"},{\"@type\":\"Organization\",\"@id\":\"https:\/\/abaa.mx\/tienda\/#organization\",\"name\":\"Abaa tienda online\",\"url\":\"https:\/\/abaa.mx\/tienda\/\",\"logo\":{\"@type\":\"ImageObject\",\"inLanguage\":\"es\",\"@id\":\"https:\/\/abaa.mx\/tienda\/#\/schema\/logo\/image\/\",\"url\":\"https:\/\/abaa.mx\/tienda\/wp-content\/uploads\/2024\/01\/abaa-metrologia-tienda.png\",\"contentUrl\":\"https:\/\/abaa.mx\/tienda\/wp-content\/uploads\/2024\/01\/abaa-metrologia-tienda.png\",\"width\":300,\"height\":141,\"caption\":\"Abaa tienda online\"},\"image\":{\"@id\":\"https:\/\/abaa.mx\/tienda\/#\/schema\/logo\/image\/\"}}]}<\/script>\n<!-- \/ Yoast SEO plugin. -->","yoast_head_json":{"title":"Kit analizador de combusti\u00f3n testo 310 - Abaa tienda online","robots":{"index":"index","follow":"follow","max-snippet":"max-snippet:-1","max-image-preview":"max-image-preview:large","max-video-preview":"max-video-preview:-1"},"canonical":"https:\/\/abaa.mx\/tienda\/kit-analizador-de-combustion-testo-310\/","og_locale":"es_MX","og_type":"article","og_title":"Kit analizador de combusti\u00f3n testo 310 - Abaa tienda online","og_description":"Con un dise\u00f1o elegante, este kit de analizador de combusti\u00f3n cuenta con tecnolog\u00eda de sensores avanzada. Con cinco combustibles diferentes para elegir, el sensor proporciona la flexibilidad que necesita para varias aplicaciones, como la comprobaci\u00f3n de la eficiencia del horno, el ajuste de la caldera y las comprobaciones del calentador de agua.","og_url":"https:\/\/abaa.mx\/tienda\/kit-analizador-de-combustion-testo-310\/","og_site_name":"Abaa tienda online","og_image":[{"width":474,"height":733,"url":"https:\/\/abaa.mx\/tienda\/wp-content\/uploads\/2023\/10\/310.jpg","type":"image\/jpeg"}],"twitter_card":"summary_large_image","twitter_misc":{"Tiempo de lectura":"2 minutos"},"schema":{"@context":"https:\/\/schema.org","@graph":[{"@type":"WebPage","@id":"https:\/\/abaa.mx\/tienda\/kit-analizador-de-combustion-testo-310\/","url":"https:\/\/abaa.mx\/tienda\/kit-analizador-de-combustion-testo-310\/","name":"Kit analizador de combusti\u00f3n testo 310 - Abaa tienda online","isPartOf":{"@id":"https:\/\/abaa.mx\/tienda\/#website"},"primaryImageOfPage":{"@id":"https:\/\/abaa.mx\/tienda\/kit-analizador-de-combustion-testo-310\/#primaryimage"},"image":{"@id":"https:\/\/abaa.mx\/tienda\/kit-analizador-de-combustion-testo-310\/#primaryimage"},"thumbnailUrl":"https:\/\/abaa.mx\/tienda\/wp-content\/uploads\/2023\/10\/310.jpg","datePublished":"2023-10-24T17:15:24+00:00","breadcrumb":{"@id":"https:\/\/abaa.mx\/tienda\/kit-analizador-de-combustion-testo-310\/#breadcrumb"},"inLanguage":"es","potentialAction":[{"@type":"ReadAction","target":["https:\/\/abaa.mx\/tienda\/kit-analizador-de-combustion-testo-310\/"]}]},{"@type":"ImageObject","inLanguage":"es","@id":"https:\/\/abaa.mx\/tienda\/kit-analizador-de-combustion-testo-310\/#primaryimage","url":"https:\/\/abaa.mx\/tienda\/wp-content\/uploads\/2023\/10\/310.jpg","contentUrl":"https:\/\/abaa.mx\/tienda\/wp-content\/uploads\/2023\/10\/310.jpg","width":474,"height":733,"caption":"310"},{"@type":"BreadcrumbList","@id":"https:\/\/abaa.mx\/tienda\/kit-analizador-de-combustion-testo-310\/#breadcrumb","itemListElement":[{"@type":"ListItem","position":1,"name":"Inicio","item":"https:\/\/abaa.mx\/tienda\/"},{"@type":"ListItem","position":2,"name":"Tienda","item":"https:\/\/abaa.mx\/tienda\/"},{"@type":"ListItem","position":3,"name":"Kit analizador de combusti\u00f3n testo 310"}]},{"@type":"WebSite","@id":"https:\/\/abaa.mx\/tienda\/#website","url":"https:\/\/abaa.mx\/tienda\/","name":"Abaa tienda online","description":"Instrumentos de medici\u00f3n","publisher":{"@id":"https:\/\/abaa.mx\/tienda\/#organization"},"potentialAction":[{"@type":"SearchAction","target":{"@type":"EntryPoint","urlTemplate":"https:\/\/abaa.mx\/tienda\/?s={search_term_string}"},"query-input":{"@type":"PropertyValueSpecification","valueRequired":true,"valueName":"search_term_string"}}],"inLanguage":"es"},{"@type":"Organization","@id":"https:\/\/abaa.mx\/tienda\/#organization","name":"Abaa tienda online","url":"https:\/\/abaa.mx\/tienda\/","logo":{"@type":"ImageObject","inLanguage":"es","@id":"https:\/\/abaa.mx\/tienda\/#\/schema\/logo\/image\/","url":"https:\/\/abaa.mx\/tienda\/wp-content\/uploads\/2024\/01\/abaa-metrologia-tienda.png","contentUrl":"https:\/\/abaa.mx\/tienda\/wp-content\/uploads\/2024\/01\/abaa-metrologia-tienda.png","width":300,"height":141,"caption":"Abaa tienda online"},"image":{"@id":"https:\/\/abaa.mx\/tienda\/#\/schema\/logo\/image\/"}}]}},"_links":{"self":[{"href":"https:\/\/abaa.mx\/tienda\/wp-json\/wp\/v2\/product\/7656","targetHints":{"allow":["GET"]}}],"collection":[{"href":"https:\/\/abaa.mx\/tienda\/wp-json\/wp\/v2\/product"}],"about":[{"href":"https:\/\/abaa.mx\/tienda\/wp-json\/wp\/v2\/types\/product"}],"replies":[{"embeddable":true,"href":"https:\/\/abaa.mx\/tienda\/wp-json\/wp\/v2\/comments?post=7656"}],"wp:featuredmedia":[{"embeddable":true,"href":"https:\/\/abaa.mx\/tienda\/wp-json\/wp\/v2\/media\/7657"}],"wp:attachment":[{"href":"https:\/\/abaa.mx\/tienda\/wp-json\/wp\/v2\/media?parent=7656"}],"wp:term":[{"taxonomy":"product_brand","embeddable":true,"href":"https:\/\/abaa.mx\/tienda\/wp-json\/wp\/v2\/product_brand?post=7656"},{"taxonomy":"product_cat","embeddable":true,"href":"https:\/\/abaa.mx\/tienda\/wp-json\/wp\/v2\/product_cat?post=7656"},{"taxonomy":"product_tag","embeddable":true,"href":"https:\/\/abaa.mx\/tienda\/wp-json\/wp\/v2\/product_tag?post=7656"}],"curies":[{"name":"wp","href":"https:\/\/api.w.org\/{rel}","templated":true}]}}