{"id":7650,"date":"2023-10-24T17:16:51","date_gmt":"2023-10-24T17:16:51","guid":{"rendered":"https:\/\/abaa.mx\/tienda\/?post_type=product&#038;p=7650"},"modified":"2023-10-24T17:16:51","modified_gmt":"2023-10-24T17:16:51","slug":"detector-de-fugas-de-refrigerante-testo-316-3","status":"publish","type":"product","link":"https:\/\/abaa.mx\/tienda\/detector-de-fugas-de-refrigerante-testo-316-3\/","title":{"rendered":"Detector de fugas de refrigerante testo 316-3"},"content":{"rendered":"<p>Simplemente enci\u00e9ndalo y comience a obtener lecturas de inmediato. Gracias a la puesta a cero autom\u00e1tica, el testo 316-3 es extremadamente r\u00e1pido y puede utilizarse incluso en zonas previamente contaminadas. La unidad tiene un indicador LED, puesta a cero autom\u00e1tica y alarma audible, todo en una carcasa resistente. Ofrece un rendimiento fiable y robusto a un gran precio. El sensor de diodo calentado proporciona una sensibilidad de hasta 0,15 onzas\/a\u00f1o, incluidas las nuevas mezclas de refrigerantes como R-410A, R-407C y R134-a, lo que le permite localizar r\u00e1pidamente las fugas de refrigerante<\/p>\n<p><strong>Funciones<\/strong><\/p>\n<ul>\n<li>El sensor de diodo calentado patentado proporciona una excelente sensibilidad<\/li>\n<li>Ajuste de sensibilidad alta\/baja y puesta a cero autom\u00e1tica<\/li>\n<li>Nuestro mejor detector de fugas de refrigerante hasta la fecha para encontrar la mayor cantidad de fugas de refrigerante<\/li>\n<li>F\u00e1cil operaci\u00f3n con un solo bot\u00f3n<\/li>\n<li>Dise\u00f1ado para su uso incluso en refrigerantes y mezclas nuevos<\/li>\n<li>Indicador LED y alarma sonora<\/li>\n<li>Carcasa robusta<\/li>\n<\/ul>\n<h4>Datos t\u00e9cnicos de Testo 316-3<\/h4>\n<table class=\"table table-striped\">\n<tbody>\n<tr>\n<td>Detectable<\/td>\n<td>R22; R134a; R404A; R410A; R507; R438A; y todos los CFC, HFC y HCFC<\/td>\n<\/tr>\n<tr>\n<td>Sensor de tiempo de vida<\/td>\n<td>Aprox. 80 a 100 h (corresponde a aprox. 1 a\u00f1o)<\/td>\n<\/tr>\n<tr>\n<td>Sensibilidad<\/td>\n<td>4 g\/a (0,15 oz\/a)<\/td>\n<\/tr>\n<tr>\n<td>Humedad de funcionamiento<\/td>\n<td>Del 20 al 80 %rH<\/td>\n<\/tr>\n<tr>\n<td>Normas<\/td>\n<td>EN 14624:2012; SAE J1627<\/td>\n<\/tr>\n<tr>\n<td>Directrices de la UE y la UE<\/td>\n<td>2004\/108\/CE<\/td>\n<\/tr>\n<tr>\n<td>Garant\u00eda<\/td>\n<td>2 a\u00f1os<\/td>\n<\/tr>\n<tr>\n<td>Tipo de bater\u00eda<\/td>\n<td>2 x D<\/td>\n<\/tr>\n<tr>\n<td>Duraci\u00f3n de la bater\u00eda<\/td>\n<td>16h de funcionamiento permanente<\/td>\n<\/tr>\n<tr>\n<td>Temperatura de funcionamiento<\/td>\n<td>De -4,0\u00b0 a 122,0 {\u066aS2} \/ De -20 a +50 \u00b0C<\/td>\n<\/tr>\n<tr>\n<td>Temperatura de almacenamiento<\/td>\n<td>De 32,0\u00b0 a 122,0 {\u066aS2} \/ De 0 a +50 \u00b0C<\/td>\n<\/tr>\n<tr>\n<td>Peso<\/td>\n<td>18 onzas (incluidas las pilas) \/ 500 g (incluidas las pilas)<\/td>\n<\/tr>\n<\/tbody>\n<\/table>\n","protected":false},"excerpt":{"rendered":"<p class=\"short-description mhide ipad-view-setting\">El sensor de diodo calentado probado proporciona una gran sensibilidad de hasta 0.15 onzas \/ a\u00f1o, incluidas las nuevas mezclas de refrigerantes como R-410A, R-407C y R134-a, lo que le permite encontrar la mayor cantidad de fugas de refrigerante.<\/p>\n<p class=\"comment-tag-product\">\n<div class=\"row-fluid\">\n<div class=\"span12 mobile-pricing-box-padding\">\n<form id=\"86538\" accept-charset=\"utf-8\" action=\"https:\/\/www.globaltestsupply.com\/shop\/add\" method=\"post\" name=\"addTocartFunction\">\n<div><\/div>\n<\/form>\n<\/div>\n<\/div>\n","protected":false},"featured_media":7660,"comment_status":"open","ping_status":"closed","template":"","meta":{"_joinchat":[]},"product_brand":[],"product_cat":[15],"product_tag":[],"class_list":{"0":"post-7650","1":"product","2":"type-product","3":"status-publish","4":"has-post-thumbnail","6":"product_cat-sin-categorizar","8":"first","9":"instock","10":"shipping-taxable","11":"product-type-simple"},"yoast_head":"<!-- This site is optimized with the Yoast SEO plugin v26.4 - https:\/\/yoast.com\/wordpress\/plugins\/seo\/ -->\n<title>Detector de fugas de refrigerante testo 316-3 - Abaa tienda online<\/title>\n<meta name=\"robots\" content=\"index, follow, max-snippet:-1, max-image-preview:large, max-video-preview:-1\" \/>\n<link rel=\"canonical\" href=\"https:\/\/abaa.mx\/tienda\/detector-de-fugas-de-refrigerante-testo-316-3\/\" \/>\n<meta property=\"og:locale\" content=\"es_MX\" \/>\n<meta property=\"og:type\" content=\"article\" \/>\n<meta property=\"og:title\" content=\"Detector de fugas de refrigerante testo 316-3 - Abaa tienda online\" \/>\n<meta property=\"og:description\" content=\"El sensor de diodo calentado probado proporciona una gran sensibilidad de hasta 0.15 onzas \/ a\u00f1o, incluidas las nuevas mezclas de refrigerantes como R-410A, R-407C y R134-a, lo que le permite encontrar la mayor cantidad de fugas de refrigerante.\" \/>\n<meta property=\"og:url\" content=\"https:\/\/abaa.mx\/tienda\/detector-de-fugas-de-refrigerante-testo-316-3\/\" \/>\n<meta property=\"og:site_name\" content=\"Abaa tienda online\" \/>\n<meta property=\"og:image\" content=\"https:\/\/abaa.mx\/tienda\/wp-content\/uploads\/2023\/10\/316-3.jpg\" \/>\n\t<meta property=\"og:image:width\" content=\"474\" \/>\n\t<meta property=\"og:image:height\" content=\"474\" \/>\n\t<meta property=\"og:image:type\" content=\"image\/jpeg\" \/>\n<meta name=\"twitter:card\" content=\"summary_large_image\" \/>\n<meta name=\"twitter:label1\" content=\"Tiempo de lectura\" \/>\n\t<meta name=\"twitter:data1\" content=\"2 minutos\" \/>\n<script type=\"application\/ld+json\" class=\"yoast-schema-graph\">{\"@context\":\"https:\/\/schema.org\",\"@graph\":[{\"@type\":\"WebPage\",\"@id\":\"https:\/\/abaa.mx\/tienda\/detector-de-fugas-de-refrigerante-testo-316-3\/\",\"url\":\"https:\/\/abaa.mx\/tienda\/detector-de-fugas-de-refrigerante-testo-316-3\/\",\"name\":\"Detector de fugas de refrigerante testo 316-3 - Abaa tienda online\",\"isPartOf\":{\"@id\":\"https:\/\/abaa.mx\/tienda\/#website\"},\"primaryImageOfPage\":{\"@id\":\"https:\/\/abaa.mx\/tienda\/detector-de-fugas-de-refrigerante-testo-316-3\/#primaryimage\"},\"image\":{\"@id\":\"https:\/\/abaa.mx\/tienda\/detector-de-fugas-de-refrigerante-testo-316-3\/#primaryimage\"},\"thumbnailUrl\":\"https:\/\/abaa.mx\/tienda\/wp-content\/uploads\/2023\/10\/316-3.jpg\",\"datePublished\":\"2023-10-24T17:16:51+00:00\",\"breadcrumb\":{\"@id\":\"https:\/\/abaa.mx\/tienda\/detector-de-fugas-de-refrigerante-testo-316-3\/#breadcrumb\"},\"inLanguage\":\"es\",\"potentialAction\":[{\"@type\":\"ReadAction\",\"target\":[\"https:\/\/abaa.mx\/tienda\/detector-de-fugas-de-refrigerante-testo-316-3\/\"]}]},{\"@type\":\"ImageObject\",\"inLanguage\":\"es\",\"@id\":\"https:\/\/abaa.mx\/tienda\/detector-de-fugas-de-refrigerante-testo-316-3\/#primaryimage\",\"url\":\"https:\/\/abaa.mx\/tienda\/wp-content\/uploads\/2023\/10\/316-3.jpg\",\"contentUrl\":\"https:\/\/abaa.mx\/tienda\/wp-content\/uploads\/2023\/10\/316-3.jpg\",\"width\":474,\"height\":474,\"caption\":\"316-3\"},{\"@type\":\"BreadcrumbList\",\"@id\":\"https:\/\/abaa.mx\/tienda\/detector-de-fugas-de-refrigerante-testo-316-3\/#breadcrumb\",\"itemListElement\":[{\"@type\":\"ListItem\",\"position\":1,\"name\":\"Inicio\",\"item\":\"https:\/\/abaa.mx\/tienda\/\"},{\"@type\":\"ListItem\",\"position\":2,\"name\":\"Tienda\",\"item\":\"https:\/\/abaa.mx\/tienda\/\"},{\"@type\":\"ListItem\",\"position\":3,\"name\":\"Detector de fugas de refrigerante testo 316-3\"}]},{\"@type\":\"WebSite\",\"@id\":\"https:\/\/abaa.mx\/tienda\/#website\",\"url\":\"https:\/\/abaa.mx\/tienda\/\",\"name\":\"Abaa tienda online\",\"description\":\"Instrumentos de medici\u00f3n\",\"publisher\":{\"@id\":\"https:\/\/abaa.mx\/tienda\/#organization\"},\"potentialAction\":[{\"@type\":\"SearchAction\",\"target\":{\"@type\":\"EntryPoint\",\"urlTemplate\":\"https:\/\/abaa.mx\/tienda\/?s={search_term_string}\"},\"query-input\":{\"@type\":\"PropertyValueSpecification\",\"valueRequired\":true,\"valueName\":\"search_term_string\"}}],\"inLanguage\":\"es\"},{\"@type\":\"Organization\",\"@id\":\"https:\/\/abaa.mx\/tienda\/#organization\",\"name\":\"Abaa tienda online\",\"url\":\"https:\/\/abaa.mx\/tienda\/\",\"logo\":{\"@type\":\"ImageObject\",\"inLanguage\":\"es\",\"@id\":\"https:\/\/abaa.mx\/tienda\/#\/schema\/logo\/image\/\",\"url\":\"https:\/\/abaa.mx\/tienda\/wp-content\/uploads\/2024\/01\/abaa-metrologia-tienda.png\",\"contentUrl\":\"https:\/\/abaa.mx\/tienda\/wp-content\/uploads\/2024\/01\/abaa-metrologia-tienda.png\",\"width\":300,\"height\":141,\"caption\":\"Abaa tienda online\"},\"image\":{\"@id\":\"https:\/\/abaa.mx\/tienda\/#\/schema\/logo\/image\/\"}}]}<\/script>\n<!-- \/ Yoast SEO plugin. -->","yoast_head_json":{"title":"Detector de fugas de refrigerante testo 316-3 - Abaa tienda online","robots":{"index":"index","follow":"follow","max-snippet":"max-snippet:-1","max-image-preview":"max-image-preview:large","max-video-preview":"max-video-preview:-1"},"canonical":"https:\/\/abaa.mx\/tienda\/detector-de-fugas-de-refrigerante-testo-316-3\/","og_locale":"es_MX","og_type":"article","og_title":"Detector de fugas de refrigerante testo 316-3 - Abaa tienda online","og_description":"El sensor de diodo calentado probado proporciona una gran sensibilidad de hasta 0.15 onzas \/ a\u00f1o, incluidas las nuevas mezclas de refrigerantes como R-410A, R-407C y R134-a, lo que le permite encontrar la mayor cantidad de fugas de refrigerante.","og_url":"https:\/\/abaa.mx\/tienda\/detector-de-fugas-de-refrigerante-testo-316-3\/","og_site_name":"Abaa tienda online","og_image":[{"width":474,"height":474,"url":"https:\/\/abaa.mx\/tienda\/wp-content\/uploads\/2023\/10\/316-3.jpg","type":"image\/jpeg"}],"twitter_card":"summary_large_image","twitter_misc":{"Tiempo de lectura":"2 minutos"},"schema":{"@context":"https:\/\/schema.org","@graph":[{"@type":"WebPage","@id":"https:\/\/abaa.mx\/tienda\/detector-de-fugas-de-refrigerante-testo-316-3\/","url":"https:\/\/abaa.mx\/tienda\/detector-de-fugas-de-refrigerante-testo-316-3\/","name":"Detector de fugas de refrigerante testo 316-3 - Abaa tienda online","isPartOf":{"@id":"https:\/\/abaa.mx\/tienda\/#website"},"primaryImageOfPage":{"@id":"https:\/\/abaa.mx\/tienda\/detector-de-fugas-de-refrigerante-testo-316-3\/#primaryimage"},"image":{"@id":"https:\/\/abaa.mx\/tienda\/detector-de-fugas-de-refrigerante-testo-316-3\/#primaryimage"},"thumbnailUrl":"https:\/\/abaa.mx\/tienda\/wp-content\/uploads\/2023\/10\/316-3.jpg","datePublished":"2023-10-24T17:16:51+00:00","breadcrumb":{"@id":"https:\/\/abaa.mx\/tienda\/detector-de-fugas-de-refrigerante-testo-316-3\/#breadcrumb"},"inLanguage":"es","potentialAction":[{"@type":"ReadAction","target":["https:\/\/abaa.mx\/tienda\/detector-de-fugas-de-refrigerante-testo-316-3\/"]}]},{"@type":"ImageObject","inLanguage":"es","@id":"https:\/\/abaa.mx\/tienda\/detector-de-fugas-de-refrigerante-testo-316-3\/#primaryimage","url":"https:\/\/abaa.mx\/tienda\/wp-content\/uploads\/2023\/10\/316-3.jpg","contentUrl":"https:\/\/abaa.mx\/tienda\/wp-content\/uploads\/2023\/10\/316-3.jpg","width":474,"height":474,"caption":"316-3"},{"@type":"BreadcrumbList","@id":"https:\/\/abaa.mx\/tienda\/detector-de-fugas-de-refrigerante-testo-316-3\/#breadcrumb","itemListElement":[{"@type":"ListItem","position":1,"name":"Inicio","item":"https:\/\/abaa.mx\/tienda\/"},{"@type":"ListItem","position":2,"name":"Tienda","item":"https:\/\/abaa.mx\/tienda\/"},{"@type":"ListItem","position":3,"name":"Detector de fugas de refrigerante testo 316-3"}]},{"@type":"WebSite","@id":"https:\/\/abaa.mx\/tienda\/#website","url":"https:\/\/abaa.mx\/tienda\/","name":"Abaa tienda online","description":"Instrumentos de medici\u00f3n","publisher":{"@id":"https:\/\/abaa.mx\/tienda\/#organization"},"potentialAction":[{"@type":"SearchAction","target":{"@type":"EntryPoint","urlTemplate":"https:\/\/abaa.mx\/tienda\/?s={search_term_string}"},"query-input":{"@type":"PropertyValueSpecification","valueRequired":true,"valueName":"search_term_string"}}],"inLanguage":"es"},{"@type":"Organization","@id":"https:\/\/abaa.mx\/tienda\/#organization","name":"Abaa tienda online","url":"https:\/\/abaa.mx\/tienda\/","logo":{"@type":"ImageObject","inLanguage":"es","@id":"https:\/\/abaa.mx\/tienda\/#\/schema\/logo\/image\/","url":"https:\/\/abaa.mx\/tienda\/wp-content\/uploads\/2024\/01\/abaa-metrologia-tienda.png","contentUrl":"https:\/\/abaa.mx\/tienda\/wp-content\/uploads\/2024\/01\/abaa-metrologia-tienda.png","width":300,"height":141,"caption":"Abaa tienda online"},"image":{"@id":"https:\/\/abaa.mx\/tienda\/#\/schema\/logo\/image\/"}}]}},"_links":{"self":[{"href":"https:\/\/abaa.mx\/tienda\/wp-json\/wp\/v2\/product\/7650","targetHints":{"allow":["GET"]}}],"collection":[{"href":"https:\/\/abaa.mx\/tienda\/wp-json\/wp\/v2\/product"}],"about":[{"href":"https:\/\/abaa.mx\/tienda\/wp-json\/wp\/v2\/types\/product"}],"replies":[{"embeddable":true,"href":"https:\/\/abaa.mx\/tienda\/wp-json\/wp\/v2\/comments?post=7650"}],"wp:featuredmedia":[{"embeddable":true,"href":"https:\/\/abaa.mx\/tienda\/wp-json\/wp\/v2\/media\/7660"}],"wp:attachment":[{"href":"https:\/\/abaa.mx\/tienda\/wp-json\/wp\/v2\/media?parent=7650"}],"wp:term":[{"taxonomy":"product_brand","embeddable":true,"href":"https:\/\/abaa.mx\/tienda\/wp-json\/wp\/v2\/product_brand?post=7650"},{"taxonomy":"product_cat","embeddable":true,"href":"https:\/\/abaa.mx\/tienda\/wp-json\/wp\/v2\/product_cat?post=7650"},{"taxonomy":"product_tag","embeddable":true,"href":"https:\/\/abaa.mx\/tienda\/wp-json\/wp\/v2\/product_tag?post=7650"}],"curies":[{"name":"wp","href":"https:\/\/api.w.org\/{rel}","templated":true}]}}