{"id":7649,"date":"2023-10-24T17:12:43","date_gmt":"2023-10-24T17:12:43","guid":{"rendered":"https:\/\/abaa.mx\/tienda\/?post_type=product&#038;p=7649"},"modified":"2023-10-24T17:12:44","modified_gmt":"2023-10-24T17:12:44","slug":"kit-analizador-de-combustion-comercial-testo-300-pro-con-bluetooth-e-impresora-o2-de-0-a-4000-ppm-de-co","status":"publish","type":"product","link":"https:\/\/abaa.mx\/tienda\/kit-analizador-de-combustion-comercial-testo-300-pro-con-bluetooth-e-impresora-o2-de-0-a-4000-ppm-de-co\/","title":{"rendered":"Kit analizador de combusti\u00f3n comercial testo 300 pro con bluetooth e impresora, o2, de 0 a 4000 ppm de co"},"content":{"rendered":"<p>Fiable y vers\u00e1til, este kit de analizador de combusti\u00f3n comercial\/industrial cuenta con una pantalla t\u00e1ctil HD de 5&#8243; (12,7 cm), modo de espera de encendido r\u00e1pido e informes in situ a trav\u00e9s de conectividad Wi-Fi.<\/p>\n<p>Dise\u00f1ado para el lugar de trabajo y para el contratista que espera m\u00e1s, este analizador de combusti\u00f3n permite que todas las mediciones aparezcan autom\u00e1ticamente en la pantalla y se pueden iniciar y detener en paralelo.<\/p>\n<p>Al utilizar la aplicaci\u00f3n inteligente y la funci\u00f3n de segunda pantalla, puede vigilar constantemente todos los datos de medici\u00f3n relevantes, incluso a largas distancias entre el instrumento de medici\u00f3n y el control del quemador. Los informes se pueden crear y enviar directamente in situ a trav\u00e9s del analizador y la integraci\u00f3n en la aplicaci\u00f3n inteligente. Adem\u00e1s, puede acceder f\u00e1cilmente a las mediciones almacenadas en su analizador y transferirlas a su software interno (a trav\u00e9s de la interfaz previamente programada) utilizando la nueva funci\u00f3n de c\u00f3digo QR.<\/p>\n<p><strong>Funciones<\/strong><\/p>\n<ul>\n<li><span>Conectividad Bluetooth<\/span><sup>*<\/sup><\/li>\n<li><span>Incluyendo O<\/span><sub>2<\/sub><span>\u00a0y sensor de CO hasta 4000 ppm<\/span><\/li>\n<li>Gran pantalla t\u00e1ctil HD de 5&#8243; (12,7 cm)<\/li>\n<li>Men\u00fas de medici\u00f3n intuitivos con pantalla Smart-Touch de respuesta r\u00e1pida<\/li>\n<li>Medici\u00f3n simult\u00e1nea eficiente e inal\u00e1mbrica de hasta cuatro sondas inteligentes (115i, 510i, 915i) con conector Bluetooth<\/li>\n<li>Pr\u00e1ctica funci\u00f3n de segunda pantalla y f\u00e1cil integraci\u00f3n de datos en el software espec\u00edfico del usuario<\/li>\n<li>Documentaci\u00f3n in situ e informes enviados por correo electr\u00f3nico a trav\u00e9s de Smart App<\/li>\n<li>Amplia variedad de sondas intercambiables por el usuario disponibles<\/li>\n<li>Soporte magn\u00e9tico para asegurar el instrumento (mano de obra robusta)<\/li>\n<li>Listo para medir inmediatamente desde el modo de espera con solo tocar un bot\u00f3n<\/li>\n<li>El informe de medici\u00f3n se puede firmar en el propio instrumento<\/li>\n<li>Pantalla a color de alta resoluci\u00f3n<\/li>\n<\/ul>\n<p><small><sup>*<\/sup><span>Las unidades compradas antes del 12 de agosto de 2022 necesitar\u00e1n el conector Bluetooth<\/span><\/small><\/p>\n<p><strong>Men\u00fas de medici\u00f3n intuitivos con respuesta r\u00e1pida<\/strong><\/p>\n<p>Este analizador de combusti\u00f3n de \u00faltima generaci\u00f3n hace que la medici\u00f3n de los gases de combusti\u00f3n sea incre\u00edblemente f\u00e1cil gracias a su funcionamiento intuitivo. La pantalla SmartTouch responde inmediatamente sin demora. El manejo intuitivo es tan sencillo como en tu smartphone.<\/p>\n<p><strong>Pr\u00e1ctica funci\u00f3n de segunda pantalla y f\u00e1cil integraci\u00f3n de datos en el software espec\u00edfico del usuario<\/strong><\/p>\n<p>Gracias a la pr\u00e1ctica funci\u00f3n de segunda pantalla y a la integraci\u00f3n en la Smart App, puede tener un ojo constante de todos los datos de medici\u00f3n relevantes, incluso a largas distancias entre el instrumento de medici\u00f3n y el control del quemador, lo que ahorra tiempo y desplazamientos innecesarios. Integrar los datos de todas las lecturas en su software espec\u00edfico para el usuario es f\u00e1cil:<\/p>\n<ul>\n<li>Opci\u00f3n 1: a trav\u00e9s de un c\u00f3digo QR universal (compatible con ZIV)<\/li>\n<li>Opci\u00f3n 2: a trav\u00e9s de Wi-Fi\/Bluetooth\/App-to-app con este analizador de combusti\u00f3n<\/li>\n<\/ul>\n<p><strong>\u00bfPor qu\u00e9 complicar las mediciones cuando puedes mantenerlas simples?<\/strong><\/p>\n<p>La rutina diaria de trabajo es cada vez m\u00e1s exigente. El tiempo es cada vez m\u00e1s escaso, mientras que los procesos son cada vez m\u00e1s complejos. Por otro lado, algunas cosas desafortunadamente no cambian: el funcionamiento y la documentaci\u00f3n del instrumento son engorrosos y requieren mucho tiempo. \u00a1Pero no tiene por qu\u00e9 ser as\u00ed! Medici\u00f3n eficiente e inal\u00e1mbrica de hasta cuatro par\u00e1metros adicionales en paralelo a trav\u00e9s de las sondas inteligentes, \u00a1gracias al nuevo analizador de combusti\u00f3n de \u00faltima generaci\u00f3n! Con una pr\u00e1ctica segunda pantalla y un manejo intuitivo, el an\u00e1lisis de la combusti\u00f3n no podr\u00eda ser m\u00e1s f\u00e1cil.<\/p>\n<p><strong>Aplicaciones<\/strong><\/p>\n<ul>\n<li>Comercial<\/li>\n<li>An\u00e1lisis de combusti\u00f3n<\/li>\n<li>Probar y poner a punto todo tipo de calderas, calentadores u hornos<\/li>\n<li>Corriente de aire<\/li>\n<li>Temperatura<\/li>\n<li>Presi\u00f3n<\/li>\n<li>Eficiencia de combusti\u00f3n<\/li>\n<\/ul>\n<h4>Especificaciones de Testo 300 LL<\/h4>\n<table class=\"table table-striped\">\n<tbody>\n<tr>\n<td colspan=\"2\"><strong><span>O<\/span><sub>2<\/sub><span>\u00a0Medici\u00f3n<\/span><\/strong><\/td>\n<\/tr>\n<tr>\n<td>Rango de medici\u00f3n<\/td>\n<td>De 0 a 21 % en volumen<\/td>\n<\/tr>\n<tr>\n<td>Precisi\u00f3n (\u00b11 d\u00edgito)<\/td>\n<td>\u00b10.2 % de volumen<\/td>\n<\/tr>\n<tr>\n<td>Resoluci\u00f3n<\/td>\n<td>0.1 % de volumen<\/td>\n<\/tr>\n<tr>\n<td colspan=\"2\"><strong><span>Medici\u00f3n de CO (sin H<\/span><sub>2<\/sub><span>\u00a0Compensaci\u00f3n)<\/span><\/strong><\/td>\n<\/tr>\n<tr>\n<td>Rango de medici\u00f3n<\/td>\n<td>De 0 a 4000 ppm<\/td>\n<\/tr>\n<tr>\n<td>Precisi\u00f3n (\u00b11 d\u00edgito)<\/td>\n<td>\u00b120 ppm (0 a 400 ppm) \u00b15% de los m.v. (401 a 2000 ppm) \u00b110% de los m.v. (2001 a 4000 ppm)<\/td>\n<\/tr>\n<tr>\n<td>Resoluci\u00f3n<\/td>\n<td>1 ppm<\/td>\n<\/tr>\n<tr>\n<td colspan=\"2\"><strong>Pruebas de eficiencia (ETA)<\/strong><\/td>\n<\/tr>\n<tr>\n<td>Rango de medici\u00f3n<\/td>\n<td>De 0 a 120%<\/td>\n<\/tr>\n<tr>\n<td>Resoluci\u00f3n<\/td>\n<td>0.1%<\/td>\n<\/tr>\n<tr>\n<td colspan=\"2\"><strong>P\u00e9rdida de gases de combusti\u00f3n<\/strong><\/td>\n<\/tr>\n<tr>\n<td>Rango de medici\u00f3n<\/td>\n<td>De 0 a 99,9%<\/td>\n<\/tr>\n<tr>\n<td>Resoluci\u00f3n<\/td>\n<td>0.1%<\/td>\n<\/tr>\n<tr>\n<td colspan=\"2\"><strong><span>CO<\/span><sub>2<\/sub><span>\u00a0Determinaci\u00f3n (C\u00e1lculo Digital a partir de O<\/span><sub>2<\/sub>)<\/strong><\/td>\n<\/tr>\n<tr>\n<td>Rango de medici\u00f3n<\/td>\n<td><span>Rango de visualizaci\u00f3n de 0 a CO<\/span><sub>2<\/sub><span>\u00a0m\u00e1ximo<\/span><\/td>\n<\/tr>\n<tr>\n<td>Precisi\u00f3n (\u00b11 d\u00edgito)<\/td>\n<td>\u00b10.2 % de volumen<\/td>\n<\/tr>\n<tr>\n<td>Resoluci\u00f3n<\/td>\n<td>0.1 % de volumen<\/td>\n<\/tr>\n<tr>\n<td colspan=\"2\"><strong>Medici\u00f3n de calado<\/strong><\/td>\n<\/tr>\n<tr>\n<td>Rango de medici\u00f3n<\/td>\n<td><span>De -10 a 40 pulgadas<\/span><sub>2<\/sub><span>O<\/span><\/td>\n<\/tr>\n<tr>\n<td>Precisi\u00f3n (\u00b11 d\u00edgito)<\/td>\n<td><span>\u00b10.002 pulg.H<\/span><sub>2<\/sub><span>\u00d8 (0 a \u00b10,04 pulg.H<\/span><sub>2<\/sub><span>O)<br \/>\n\u00b10,02 hPa (\u00b10,04 a 1,2 pulg.\u00b3<\/span><sub>2<\/sub><span>O) \u00b11,5% de m.v. (rango de medici\u00f3n restante)<br \/>\n<\/span><\/td>\n<\/tr>\n<tr>\n<td>Resoluci\u00f3n<\/td>\n<td><span>0.0001 pulg.H<\/span><sub>2<\/sub><span>O (0,001 hPa)<\/span><\/td>\n<\/tr>\n<tr>\n<td colspan=\"2\"><strong>Medici\u00f3n de presi\u00f3n<\/strong><\/td>\n<\/tr>\n<tr>\n<td>Rango de medici\u00f3n<\/td>\n<td><span>De -40 a 80 pulgadas<\/span><sub>2<\/sub><span>O (-100 a 200 hPa)<\/span><\/td>\n<\/tr>\n<tr>\n<td>Precisi\u00f3n (\u00b11 d\u00edgito)<\/td>\n<td><span>\u00b10.2 pulgadas<\/span><sub>2<\/sub><span>O (0 a \u00b120 pulg.H<\/span><sub>2<\/sub><span>O\/\u00b10,5 hPa [0 a 50 hPa])<br \/>\n\u00b11% de m.v. (\u00b120,1 a \u00b140 inH<\/span><sub>2<\/sub><span>O\/50,1 a 100 hPa) \u00b11,5% de m.v. (rango de medici\u00f3n restante)<br \/>\n<\/span><\/td>\n<\/tr>\n<tr>\n<td>Resoluci\u00f3n<\/td>\n<td><span>0.01 pulg.H<\/span><sub>2<\/sub><span>O<\/span><\/td>\n<\/tr>\n<tr>\n<td colspan=\"2\"><strong>Temperatura<\/strong><\/td>\n<\/tr>\n<tr>\n<td>Rango de medici\u00f3n<\/td>\n<td>-40 a 2192 \u00b0F (-40 a 1200 \u00b0C)<\/td>\n<\/tr>\n<tr>\n<td>Precisi\u00f3n (\u00b11 d\u00edgito)<\/td>\n<td>\u00b11 \u00b0F (32 a 212 \u00b0F\/0 a 100 \u00b0C) \u00b10,5 % de m.v. (rango de medici\u00f3n restante)<\/td>\n<\/tr>\n<tr>\n<td>Resoluci\u00f3n<\/td>\n<td>0,1 \u00b0F (-40 a 1831,82 \u00b0F)\/0,1 \u00b0C (-40 a 999,9 \u00b0C) 1 \u00b0F\/C (rango de medici\u00f3n restante)<\/td>\n<\/tr>\n<tr>\n<td colspan=\"2\"><strong>NO Medici\u00f3n<\/strong><\/td>\n<\/tr>\n<tr>\n<td>Rango de medici\u00f3n<\/td>\n<td>De 0 a 3000 ppm<\/td>\n<\/tr>\n<tr>\n<td>Precisi\u00f3n (\u00b11 d\u00edgito)<\/td>\n<td>\u00b15 ppm (0 a 100 ppm) \u00b15% de los m.v. (101 a 2000 ppm) \u00b110% de los m.v. (2001 a 3000 ppm)<\/td>\n<\/tr>\n<tr>\n<td>Resoluci\u00f3n<\/td>\n<td>1 ppm<\/td>\n<\/tr>\n<\/tbody>\n<\/table>\n","protected":false},"excerpt":{"rendered":"<p class=\"short-description mhide ipad-view-setting\"><span>Compacto y resistente a los ara\u00f1azos, este analizador de combusti\u00f3n funciona completamente a trav\u00e9s de la gran pantalla t\u00e1ctil de 5&#8243; (12,7 cm) integrada en una robusta carcasa de pl\u00e1stico que resiste de forma fiable los rigores del uso diario. Adem\u00e1s, viene con una impresora y tiene un rango de medici\u00f3n de 0 a 21 % de volumen para O<\/span><sub>2<\/sub><span>\u00a0y de 0 a 4000 ppm para CO.<\/span><\/p>\n<p class=\"comment-tag-product\">\n<div class=\"row-fluid\">\n<div class=\"span12 mobile-pricing-box-padding\">\n<form id=\"125687\" accept-charset=\"utf-8\" action=\"https:\/\/www.globaltestsupply.com\/shop\/add\" method=\"post\" name=\"addTocartFunction\">\n<div><\/div>\n<\/form>\n<\/div>\n<\/div>\n","protected":false},"featured_media":7655,"comment_status":"open","ping_status":"closed","template":"","meta":{"_joinchat":[]},"product_brand":[],"product_cat":[15],"product_tag":[],"class_list":{"0":"post-7649","1":"product","2":"type-product","3":"status-publish","4":"has-post-thumbnail","6":"product_cat-sin-categorizar","8":"first","9":"instock","10":"shipping-taxable","11":"product-type-simple"},"yoast_head":"<!-- This site is optimized with the Yoast SEO plugin v26.4 - https:\/\/yoast.com\/wordpress\/plugins\/seo\/ -->\n<title>Kit analizador de combusti\u00f3n comercial testo 300 pro con bluetooth e impresora, o2, de 0 a 4000 ppm de co - Abaa tienda online<\/title>\n<meta name=\"robots\" content=\"index, follow, max-snippet:-1, max-image-preview:large, max-video-preview:-1\" \/>\n<link rel=\"canonical\" href=\"https:\/\/abaa.mx\/tienda\/kit-analizador-de-combustion-comercial-testo-300-pro-con-bluetooth-e-impresora-o2-de-0-a-4000-ppm-de-co\/\" \/>\n<meta property=\"og:locale\" content=\"es_MX\" \/>\n<meta property=\"og:type\" content=\"article\" \/>\n<meta property=\"og:title\" content=\"Kit analizador de combusti\u00f3n comercial testo 300 pro con bluetooth e impresora, o2, de 0 a 4000 ppm de co - Abaa tienda online\" \/>\n<meta property=\"og:description\" content=\"Compacto y resistente a los ara\u00f1azos, este analizador de combusti\u00f3n funciona completamente a trav\u00e9s de la gran pantalla t\u00e1ctil de 5&quot; (12,7 cm) integrada en una robusta carcasa de pl\u00e1stico que resiste de forma fiable los rigores del uso diario. Adem\u00e1s, viene con una impresora y tiene un rango de medici\u00f3n de 0 a 21 % de volumen para O2\u00a0y de 0 a 4000 ppm para CO.\" \/>\n<meta property=\"og:url\" content=\"https:\/\/abaa.mx\/tienda\/kit-analizador-de-combustion-comercial-testo-300-pro-con-bluetooth-e-impresora-o2-de-0-a-4000-ppm-de-co\/\" \/>\n<meta property=\"og:site_name\" content=\"Abaa tienda online\" \/>\n<meta property=\"article:modified_time\" content=\"2023-10-24T17:12:44+00:00\" \/>\n<meta property=\"og:image\" content=\"https:\/\/abaa.mx\/tienda\/wp-content\/uploads\/2023\/10\/300-LL.jpg\" \/>\n\t<meta property=\"og:image:width\" content=\"660\" \/>\n\t<meta property=\"og:image:height\" content=\"1500\" \/>\n\t<meta property=\"og:image:type\" content=\"image\/jpeg\" \/>\n<meta name=\"twitter:card\" content=\"summary_large_image\" \/>\n<meta name=\"twitter:label1\" content=\"Tiempo de lectura\" \/>\n\t<meta name=\"twitter:data1\" content=\"5 minutos\" \/>\n<script type=\"application\/ld+json\" class=\"yoast-schema-graph\">{\"@context\":\"https:\/\/schema.org\",\"@graph\":[{\"@type\":\"WebPage\",\"@id\":\"https:\/\/abaa.mx\/tienda\/kit-analizador-de-combustion-comercial-testo-300-pro-con-bluetooth-e-impresora-o2-de-0-a-4000-ppm-de-co\/\",\"url\":\"https:\/\/abaa.mx\/tienda\/kit-analizador-de-combustion-comercial-testo-300-pro-con-bluetooth-e-impresora-o2-de-0-a-4000-ppm-de-co\/\",\"name\":\"Kit analizador de combusti\u00f3n comercial testo 300 pro con bluetooth e impresora, o2, de 0 a 4000 ppm de co - Abaa tienda online\",\"isPartOf\":{\"@id\":\"https:\/\/abaa.mx\/tienda\/#website\"},\"primaryImageOfPage\":{\"@id\":\"https:\/\/abaa.mx\/tienda\/kit-analizador-de-combustion-comercial-testo-300-pro-con-bluetooth-e-impresora-o2-de-0-a-4000-ppm-de-co\/#primaryimage\"},\"image\":{\"@id\":\"https:\/\/abaa.mx\/tienda\/kit-analizador-de-combustion-comercial-testo-300-pro-con-bluetooth-e-impresora-o2-de-0-a-4000-ppm-de-co\/#primaryimage\"},\"thumbnailUrl\":\"https:\/\/abaa.mx\/tienda\/wp-content\/uploads\/2023\/10\/300-LL.jpg\",\"datePublished\":\"2023-10-24T17:12:43+00:00\",\"dateModified\":\"2023-10-24T17:12:44+00:00\",\"breadcrumb\":{\"@id\":\"https:\/\/abaa.mx\/tienda\/kit-analizador-de-combustion-comercial-testo-300-pro-con-bluetooth-e-impresora-o2-de-0-a-4000-ppm-de-co\/#breadcrumb\"},\"inLanguage\":\"es\",\"potentialAction\":[{\"@type\":\"ReadAction\",\"target\":[\"https:\/\/abaa.mx\/tienda\/kit-analizador-de-combustion-comercial-testo-300-pro-con-bluetooth-e-impresora-o2-de-0-a-4000-ppm-de-co\/\"]}]},{\"@type\":\"ImageObject\",\"inLanguage\":\"es\",\"@id\":\"https:\/\/abaa.mx\/tienda\/kit-analizador-de-combustion-comercial-testo-300-pro-con-bluetooth-e-impresora-o2-de-0-a-4000-ppm-de-co\/#primaryimage\",\"url\":\"https:\/\/abaa.mx\/tienda\/wp-content\/uploads\/2023\/10\/300-LL.jpg\",\"contentUrl\":\"https:\/\/abaa.mx\/tienda\/wp-content\/uploads\/2023\/10\/300-LL.jpg\",\"width\":660,\"height\":1500,\"caption\":\"300 LL\"},{\"@type\":\"BreadcrumbList\",\"@id\":\"https:\/\/abaa.mx\/tienda\/kit-analizador-de-combustion-comercial-testo-300-pro-con-bluetooth-e-impresora-o2-de-0-a-4000-ppm-de-co\/#breadcrumb\",\"itemListElement\":[{\"@type\":\"ListItem\",\"position\":1,\"name\":\"Inicio\",\"item\":\"https:\/\/abaa.mx\/tienda\/\"},{\"@type\":\"ListItem\",\"position\":2,\"name\":\"Tienda\",\"item\":\"https:\/\/abaa.mx\/tienda\/\"},{\"@type\":\"ListItem\",\"position\":3,\"name\":\"Kit analizador de combusti\u00f3n comercial testo 300 pro con bluetooth e impresora, o2, de 0 a 4000 ppm de co\"}]},{\"@type\":\"WebSite\",\"@id\":\"https:\/\/abaa.mx\/tienda\/#website\",\"url\":\"https:\/\/abaa.mx\/tienda\/\",\"name\":\"Abaa tienda online\",\"description\":\"Instrumentos de medici\u00f3n\",\"publisher\":{\"@id\":\"https:\/\/abaa.mx\/tienda\/#organization\"},\"potentialAction\":[{\"@type\":\"SearchAction\",\"target\":{\"@type\":\"EntryPoint\",\"urlTemplate\":\"https:\/\/abaa.mx\/tienda\/?s={search_term_string}\"},\"query-input\":{\"@type\":\"PropertyValueSpecification\",\"valueRequired\":true,\"valueName\":\"search_term_string\"}}],\"inLanguage\":\"es\"},{\"@type\":\"Organization\",\"@id\":\"https:\/\/abaa.mx\/tienda\/#organization\",\"name\":\"Abaa tienda online\",\"url\":\"https:\/\/abaa.mx\/tienda\/\",\"logo\":{\"@type\":\"ImageObject\",\"inLanguage\":\"es\",\"@id\":\"https:\/\/abaa.mx\/tienda\/#\/schema\/logo\/image\/\",\"url\":\"https:\/\/abaa.mx\/tienda\/wp-content\/uploads\/2024\/01\/abaa-metrologia-tienda.png\",\"contentUrl\":\"https:\/\/abaa.mx\/tienda\/wp-content\/uploads\/2024\/01\/abaa-metrologia-tienda.png\",\"width\":300,\"height\":141,\"caption\":\"Abaa tienda online\"},\"image\":{\"@id\":\"https:\/\/abaa.mx\/tienda\/#\/schema\/logo\/image\/\"}}]}<\/script>\n<!-- \/ Yoast SEO plugin. -->","yoast_head_json":{"title":"Kit analizador de combusti\u00f3n comercial testo 300 pro con bluetooth e impresora, o2, de 0 a 4000 ppm de co - Abaa tienda online","robots":{"index":"index","follow":"follow","max-snippet":"max-snippet:-1","max-image-preview":"max-image-preview:large","max-video-preview":"max-video-preview:-1"},"canonical":"https:\/\/abaa.mx\/tienda\/kit-analizador-de-combustion-comercial-testo-300-pro-con-bluetooth-e-impresora-o2-de-0-a-4000-ppm-de-co\/","og_locale":"es_MX","og_type":"article","og_title":"Kit analizador de combusti\u00f3n comercial testo 300 pro con bluetooth e impresora, o2, de 0 a 4000 ppm de co - Abaa tienda online","og_description":"Compacto y resistente a los ara\u00f1azos, este analizador de combusti\u00f3n funciona completamente a trav\u00e9s de la gran pantalla t\u00e1ctil de 5\" (12,7 cm) integrada en una robusta carcasa de pl\u00e1stico que resiste de forma fiable los rigores del uso diario. Adem\u00e1s, viene con una impresora y tiene un rango de medici\u00f3n de 0 a 21 % de volumen para O2\u00a0y de 0 a 4000 ppm para CO.","og_url":"https:\/\/abaa.mx\/tienda\/kit-analizador-de-combustion-comercial-testo-300-pro-con-bluetooth-e-impresora-o2-de-0-a-4000-ppm-de-co\/","og_site_name":"Abaa tienda online","article_modified_time":"2023-10-24T17:12:44+00:00","og_image":[{"width":660,"height":1500,"url":"https:\/\/abaa.mx\/tienda\/wp-content\/uploads\/2023\/10\/300-LL.jpg","type":"image\/jpeg"}],"twitter_card":"summary_large_image","twitter_misc":{"Tiempo de lectura":"5 minutos"},"schema":{"@context":"https:\/\/schema.org","@graph":[{"@type":"WebPage","@id":"https:\/\/abaa.mx\/tienda\/kit-analizador-de-combustion-comercial-testo-300-pro-con-bluetooth-e-impresora-o2-de-0-a-4000-ppm-de-co\/","url":"https:\/\/abaa.mx\/tienda\/kit-analizador-de-combustion-comercial-testo-300-pro-con-bluetooth-e-impresora-o2-de-0-a-4000-ppm-de-co\/","name":"Kit analizador de combusti\u00f3n comercial testo 300 pro con bluetooth e impresora, o2, de 0 a 4000 ppm de co - Abaa tienda online","isPartOf":{"@id":"https:\/\/abaa.mx\/tienda\/#website"},"primaryImageOfPage":{"@id":"https:\/\/abaa.mx\/tienda\/kit-analizador-de-combustion-comercial-testo-300-pro-con-bluetooth-e-impresora-o2-de-0-a-4000-ppm-de-co\/#primaryimage"},"image":{"@id":"https:\/\/abaa.mx\/tienda\/kit-analizador-de-combustion-comercial-testo-300-pro-con-bluetooth-e-impresora-o2-de-0-a-4000-ppm-de-co\/#primaryimage"},"thumbnailUrl":"https:\/\/abaa.mx\/tienda\/wp-content\/uploads\/2023\/10\/300-LL.jpg","datePublished":"2023-10-24T17:12:43+00:00","dateModified":"2023-10-24T17:12:44+00:00","breadcrumb":{"@id":"https:\/\/abaa.mx\/tienda\/kit-analizador-de-combustion-comercial-testo-300-pro-con-bluetooth-e-impresora-o2-de-0-a-4000-ppm-de-co\/#breadcrumb"},"inLanguage":"es","potentialAction":[{"@type":"ReadAction","target":["https:\/\/abaa.mx\/tienda\/kit-analizador-de-combustion-comercial-testo-300-pro-con-bluetooth-e-impresora-o2-de-0-a-4000-ppm-de-co\/"]}]},{"@type":"ImageObject","inLanguage":"es","@id":"https:\/\/abaa.mx\/tienda\/kit-analizador-de-combustion-comercial-testo-300-pro-con-bluetooth-e-impresora-o2-de-0-a-4000-ppm-de-co\/#primaryimage","url":"https:\/\/abaa.mx\/tienda\/wp-content\/uploads\/2023\/10\/300-LL.jpg","contentUrl":"https:\/\/abaa.mx\/tienda\/wp-content\/uploads\/2023\/10\/300-LL.jpg","width":660,"height":1500,"caption":"300 LL"},{"@type":"BreadcrumbList","@id":"https:\/\/abaa.mx\/tienda\/kit-analizador-de-combustion-comercial-testo-300-pro-con-bluetooth-e-impresora-o2-de-0-a-4000-ppm-de-co\/#breadcrumb","itemListElement":[{"@type":"ListItem","position":1,"name":"Inicio","item":"https:\/\/abaa.mx\/tienda\/"},{"@type":"ListItem","position":2,"name":"Tienda","item":"https:\/\/abaa.mx\/tienda\/"},{"@type":"ListItem","position":3,"name":"Kit analizador de combusti\u00f3n comercial testo 300 pro con bluetooth e impresora, o2, de 0 a 4000 ppm de co"}]},{"@type":"WebSite","@id":"https:\/\/abaa.mx\/tienda\/#website","url":"https:\/\/abaa.mx\/tienda\/","name":"Abaa tienda online","description":"Instrumentos de medici\u00f3n","publisher":{"@id":"https:\/\/abaa.mx\/tienda\/#organization"},"potentialAction":[{"@type":"SearchAction","target":{"@type":"EntryPoint","urlTemplate":"https:\/\/abaa.mx\/tienda\/?s={search_term_string}"},"query-input":{"@type":"PropertyValueSpecification","valueRequired":true,"valueName":"search_term_string"}}],"inLanguage":"es"},{"@type":"Organization","@id":"https:\/\/abaa.mx\/tienda\/#organization","name":"Abaa tienda online","url":"https:\/\/abaa.mx\/tienda\/","logo":{"@type":"ImageObject","inLanguage":"es","@id":"https:\/\/abaa.mx\/tienda\/#\/schema\/logo\/image\/","url":"https:\/\/abaa.mx\/tienda\/wp-content\/uploads\/2024\/01\/abaa-metrologia-tienda.png","contentUrl":"https:\/\/abaa.mx\/tienda\/wp-content\/uploads\/2024\/01\/abaa-metrologia-tienda.png","width":300,"height":141,"caption":"Abaa tienda online"},"image":{"@id":"https:\/\/abaa.mx\/tienda\/#\/schema\/logo\/image\/"}}]}},"_links":{"self":[{"href":"https:\/\/abaa.mx\/tienda\/wp-json\/wp\/v2\/product\/7649","targetHints":{"allow":["GET"]}}],"collection":[{"href":"https:\/\/abaa.mx\/tienda\/wp-json\/wp\/v2\/product"}],"about":[{"href":"https:\/\/abaa.mx\/tienda\/wp-json\/wp\/v2\/types\/product"}],"replies":[{"embeddable":true,"href":"https:\/\/abaa.mx\/tienda\/wp-json\/wp\/v2\/comments?post=7649"}],"wp:featuredmedia":[{"embeddable":true,"href":"https:\/\/abaa.mx\/tienda\/wp-json\/wp\/v2\/media\/7655"}],"wp:attachment":[{"href":"https:\/\/abaa.mx\/tienda\/wp-json\/wp\/v2\/media?parent=7649"}],"wp:term":[{"taxonomy":"product_brand","embeddable":true,"href":"https:\/\/abaa.mx\/tienda\/wp-json\/wp\/v2\/product_brand?post=7649"},{"taxonomy":"product_cat","embeddable":true,"href":"https:\/\/abaa.mx\/tienda\/wp-json\/wp\/v2\/product_cat?post=7649"},{"taxonomy":"product_tag","embeddable":true,"href":"https:\/\/abaa.mx\/tienda\/wp-json\/wp\/v2\/product_tag?post=7649"}],"curies":[{"name":"wp","href":"https:\/\/api.w.org\/{rel}","templated":true}]}}