{"id":7627,"date":"2023-10-24T16:35:44","date_gmt":"2023-10-24T16:35:44","guid":{"rendered":"https:\/\/abaa.mx\/tienda\/?post_type=product&#038;p=7627"},"modified":"2023-10-24T16:35:44","modified_gmt":"2023-10-24T16:35:44","slug":"termohigrometro-de-sonda-inteligente-testo-605i","status":"publish","type":"product","link":"https:\/\/abaa.mx\/tienda\/termohigrometro-de-sonda-inteligente-testo-605i\/","title":{"rendered":"Termohigr\u00f3metro de sonda inteligente testo 605i"},"content":{"rendered":"<p>El termohigr\u00f3metro de sonda inteligente es un instrumento de medici\u00f3n de humedad y temperatura que mide de forma r\u00e1pida y precisa la humedad relativa, el punto de roc\u00edo y la temperatura en habitaciones, conductos, registros y cajas\/c\u00e1maras ambientales.<\/p>\n<p>Los usuarios pueden leer las mediciones utilizando la aplicaci\u00f3n testo Smart Probes instalada en su dispositivo inteligente. Le permite leer de forma remota las mediciones de hasta seis sondas inteligentes y documentar\/informar f\u00e1cilmente los resultados, y todos los datos de medici\u00f3n se muestran como lecturas de instrumentos, tablas o gr\u00e1ficos. Las mediciones se pueden guardar r\u00e1pidamente como archivos PDF o Excel, y la aplicaci\u00f3n puede crear informes personalizados que se pueden guardar y\/o compartir por correo electr\u00f3nico.<\/p>\n<p><strong>Funciones<\/strong><\/p>\n<ul>\n<li>Mide de forma r\u00e1pida y precisa la humedad relativa y la temperatura en habitaciones, conductos y c\u00e1maras<\/li>\n<li>Calcula autom\u00e1ticamente el punto de roc\u00edo y la temperatura de bulbo h\u00famedo<\/li>\n<li>Sonda plegable a 90\u00b0<\/li>\n<li>Alcance Bluetooth de hasta 350&#8242;<\/li>\n<li>La sonda de di\u00e1metro peque\u00f1o es ideal para mediciones en conductos<\/li>\n<li>Resistente, preciso y f\u00e1cil de usar<\/li>\n<\/ul>\n<p><strong>Aplicaciones<\/strong><\/p>\n<ul>\n<li>HVAC\/R<\/li>\n<\/ul>\n<h4>Especificaciones de Testo 605i<\/h4>\n<table class=\"table table-striped\">\n<tbody>\n<tr>\n<td colspan=\"2\"><strong>Tipo de sensor &#8211; Humedad (capacitivo)<\/strong><\/td>\n<\/tr>\n<tr>\n<td>Rango de medici\u00f3n<\/td>\n<td>De 0 a 100 % de humedad relativa<\/td>\n<\/tr>\n<tr>\n<td>Exactitud<\/td>\n<td>\u00b13.0 % HR (10 a 35 % HR) \u00b12.0 % HR (35 a 65 % HR) \u00b13.0 % HR (65 a 90 % HR) \u00b15 % HR (&lt;10 % HR o &gt;90 % HR) (a 77 \u00b0F)<\/td>\n<\/tr>\n<tr>\n<td>Resoluci\u00f3n<\/td>\n<td>0.1% HR<\/td>\n<\/tr>\n<tr>\n<td colspan=\"2\"><strong>Tipo de sensor &#8211; NTC<\/strong><\/td>\n<\/tr>\n<tr>\n<td>Rango de medici\u00f3n<\/td>\n<td>-4 a 140 \u00b0F (-20 a 60 \u00b0C)<\/td>\n<\/tr>\n<tr>\n<td>Exactitud<\/td>\n<td>\u00b11.4 \u00b0F (-4 a 32 \u00b0F) \u00b10.9 \u00b0F (32 a 140 \u00b0F)<\/td>\n<\/tr>\n<tr>\n<td>Resoluci\u00f3n<\/td>\n<td>0.1\u00b0F<\/td>\n<\/tr>\n<tr>\n<td colspan=\"2\"><strong>Especificaciones generales<\/strong><\/td>\n<\/tr>\n<tr>\n<td>Compatibilidad<\/td>\n<td>Requiere iOS 8.3 (o posterior)\/Android 4.3 (o posterior); requiere un dispositivo m\u00f3vil con Bluetooth 4.0<\/td>\n<\/tr>\n<tr>\n<td>Temperatura de funcionamiento<\/td>\n<td>-4 a 122 \u00b0F (-20 a 50 \u00b0C)<\/td>\n<\/tr>\n<tr>\n<td>Temperatura de almacenamiento<\/td>\n<td>-4 a 140 \u00b0F (-20 a 60 \u00b0C)<\/td>\n<\/tr>\n<tr>\n<td>Unidades de medida<\/td>\n<td>\u00b0F, \u00b0C, %rF \/ %HR, \u00b0Ftd, \u00b0Ctd, bulbo h\u00famedo \u00b0F, bulbo h\u00famedo \u00b0C<\/td>\n<\/tr>\n<tr>\n<td>Bater\u00eda<\/td>\n<td>Tipo: 3 pilas<br \/>\nAAA Duraci\u00f3n: 150 horas<\/td>\n<\/tr>\n<tr>\n<td>Dimensiones<\/td>\n<td>8.6 x 1.2 x 1.0&#8243; Eje de la sonda: 2.9&#8243; (longitud), 0.5&#8243;<br \/>\n(di\u00e1metro)<\/td>\n<\/tr>\n<\/tbody>\n<\/table>\n","protected":false},"excerpt":{"rendered":"<p class=\"short-description mhide ipad-view-setting\">Cuenta con una sonda plegable a 90\u00b0 de di\u00e1metro peque\u00f1o que es ideal para mediciones en conductos, junto con un alcance Bluetooth de hasta 350&#8242;. Mida de forma r\u00e1pida y precisa la humedad relativa y la temperatura en habitaciones, conductos y c\u00e1maras, as\u00ed como calcule autom\u00e1ticamente el punto de roc\u00edo y la temperatura de bulbo h\u00famedo.<\/p>\n<p class=\"comment-tag-product\">\n<div class=\"row-fluid\">\n<div class=\"span12 mobile-pricing-box-padding\">\n<form id=\"124099\" accept-charset=\"utf-8\" action=\"https:\/\/www.globaltestsupply.com\/shop\/add\" method=\"post\" name=\"addTocartFunction\">\n<div><\/div>\n<\/form>\n<\/div>\n<\/div>\n","protected":false},"featured_media":7640,"comment_status":"open","ping_status":"closed","template":"","meta":{"_joinchat":[]},"product_brand":[],"product_cat":[15],"product_tag":[],"class_list":{"0":"post-7627","1":"product","2":"type-product","3":"status-publish","4":"has-post-thumbnail","6":"product_cat-sin-categorizar","8":"first","9":"instock","10":"shipping-taxable","11":"product-type-simple"},"yoast_head":"<!-- This site is optimized with the Yoast SEO plugin v26.4 - https:\/\/yoast.com\/wordpress\/plugins\/seo\/ -->\n<title>Termohigr\u00f3metro de sonda inteligente testo 605i - Abaa tienda online<\/title>\n<meta name=\"robots\" content=\"index, follow, max-snippet:-1, max-image-preview:large, max-video-preview:-1\" \/>\n<link rel=\"canonical\" href=\"https:\/\/abaa.mx\/tienda\/termohigrometro-de-sonda-inteligente-testo-605i\/\" \/>\n<meta property=\"og:locale\" content=\"es_MX\" \/>\n<meta property=\"og:type\" content=\"article\" \/>\n<meta property=\"og:title\" content=\"Termohigr\u00f3metro de sonda inteligente testo 605i - Abaa tienda online\" \/>\n<meta property=\"og:description\" content=\"Cuenta con una sonda plegable a 90\u00b0 de di\u00e1metro peque\u00f1o que es ideal para mediciones en conductos, junto con un alcance Bluetooth de hasta 350&#039;. Mida de forma r\u00e1pida y precisa la humedad relativa y la temperatura en habitaciones, conductos y c\u00e1maras, as\u00ed como calcule autom\u00e1ticamente el punto de roc\u00edo y la temperatura de bulbo h\u00famedo.\" \/>\n<meta property=\"og:url\" content=\"https:\/\/abaa.mx\/tienda\/termohigrometro-de-sonda-inteligente-testo-605i\/\" \/>\n<meta property=\"og:site_name\" content=\"Abaa tienda online\" \/>\n<meta property=\"og:image\" content=\"https:\/\/abaa.mx\/tienda\/wp-content\/uploads\/2023\/10\/605i.jpg\" \/>\n\t<meta property=\"og:image:width\" content=\"270\" \/>\n\t<meta property=\"og:image:height\" content=\"500\" \/>\n\t<meta property=\"og:image:type\" content=\"image\/jpeg\" \/>\n<meta name=\"twitter:card\" content=\"summary_large_image\" \/>\n<meta name=\"twitter:label1\" content=\"Tiempo de lectura\" \/>\n\t<meta name=\"twitter:data1\" content=\"2 minutos\" \/>\n<script type=\"application\/ld+json\" class=\"yoast-schema-graph\">{\"@context\":\"https:\/\/schema.org\",\"@graph\":[{\"@type\":\"WebPage\",\"@id\":\"https:\/\/abaa.mx\/tienda\/termohigrometro-de-sonda-inteligente-testo-605i\/\",\"url\":\"https:\/\/abaa.mx\/tienda\/termohigrometro-de-sonda-inteligente-testo-605i\/\",\"name\":\"Termohigr\u00f3metro de sonda inteligente testo 605i - Abaa tienda online\",\"isPartOf\":{\"@id\":\"https:\/\/abaa.mx\/tienda\/#website\"},\"primaryImageOfPage\":{\"@id\":\"https:\/\/abaa.mx\/tienda\/termohigrometro-de-sonda-inteligente-testo-605i\/#primaryimage\"},\"image\":{\"@id\":\"https:\/\/abaa.mx\/tienda\/termohigrometro-de-sonda-inteligente-testo-605i\/#primaryimage\"},\"thumbnailUrl\":\"https:\/\/abaa.mx\/tienda\/wp-content\/uploads\/2023\/10\/605i.jpg\",\"datePublished\":\"2023-10-24T16:35:44+00:00\",\"breadcrumb\":{\"@id\":\"https:\/\/abaa.mx\/tienda\/termohigrometro-de-sonda-inteligente-testo-605i\/#breadcrumb\"},\"inLanguage\":\"es\",\"potentialAction\":[{\"@type\":\"ReadAction\",\"target\":[\"https:\/\/abaa.mx\/tienda\/termohigrometro-de-sonda-inteligente-testo-605i\/\"]}]},{\"@type\":\"ImageObject\",\"inLanguage\":\"es\",\"@id\":\"https:\/\/abaa.mx\/tienda\/termohigrometro-de-sonda-inteligente-testo-605i\/#primaryimage\",\"url\":\"https:\/\/abaa.mx\/tienda\/wp-content\/uploads\/2023\/10\/605i.jpg\",\"contentUrl\":\"https:\/\/abaa.mx\/tienda\/wp-content\/uploads\/2023\/10\/605i.jpg\",\"width\":270,\"height\":500,\"caption\":\"605i\"},{\"@type\":\"BreadcrumbList\",\"@id\":\"https:\/\/abaa.mx\/tienda\/termohigrometro-de-sonda-inteligente-testo-605i\/#breadcrumb\",\"itemListElement\":[{\"@type\":\"ListItem\",\"position\":1,\"name\":\"Inicio\",\"item\":\"https:\/\/abaa.mx\/tienda\/\"},{\"@type\":\"ListItem\",\"position\":2,\"name\":\"Tienda\",\"item\":\"https:\/\/abaa.mx\/tienda\/\"},{\"@type\":\"ListItem\",\"position\":3,\"name\":\"Termohigr\u00f3metro de sonda inteligente testo 605i\"}]},{\"@type\":\"WebSite\",\"@id\":\"https:\/\/abaa.mx\/tienda\/#website\",\"url\":\"https:\/\/abaa.mx\/tienda\/\",\"name\":\"Abaa tienda online\",\"description\":\"Instrumentos de medici\u00f3n\",\"publisher\":{\"@id\":\"https:\/\/abaa.mx\/tienda\/#organization\"},\"potentialAction\":[{\"@type\":\"SearchAction\",\"target\":{\"@type\":\"EntryPoint\",\"urlTemplate\":\"https:\/\/abaa.mx\/tienda\/?s={search_term_string}\"},\"query-input\":{\"@type\":\"PropertyValueSpecification\",\"valueRequired\":true,\"valueName\":\"search_term_string\"}}],\"inLanguage\":\"es\"},{\"@type\":\"Organization\",\"@id\":\"https:\/\/abaa.mx\/tienda\/#organization\",\"name\":\"Abaa tienda online\",\"url\":\"https:\/\/abaa.mx\/tienda\/\",\"logo\":{\"@type\":\"ImageObject\",\"inLanguage\":\"es\",\"@id\":\"https:\/\/abaa.mx\/tienda\/#\/schema\/logo\/image\/\",\"url\":\"https:\/\/abaa.mx\/tienda\/wp-content\/uploads\/2024\/01\/abaa-metrologia-tienda.png\",\"contentUrl\":\"https:\/\/abaa.mx\/tienda\/wp-content\/uploads\/2024\/01\/abaa-metrologia-tienda.png\",\"width\":300,\"height\":141,\"caption\":\"Abaa tienda online\"},\"image\":{\"@id\":\"https:\/\/abaa.mx\/tienda\/#\/schema\/logo\/image\/\"}}]}<\/script>\n<!-- \/ Yoast SEO plugin. -->","yoast_head_json":{"title":"Termohigr\u00f3metro de sonda inteligente testo 605i - Abaa tienda online","robots":{"index":"index","follow":"follow","max-snippet":"max-snippet:-1","max-image-preview":"max-image-preview:large","max-video-preview":"max-video-preview:-1"},"canonical":"https:\/\/abaa.mx\/tienda\/termohigrometro-de-sonda-inteligente-testo-605i\/","og_locale":"es_MX","og_type":"article","og_title":"Termohigr\u00f3metro de sonda inteligente testo 605i - Abaa tienda online","og_description":"Cuenta con una sonda plegable a 90\u00b0 de di\u00e1metro peque\u00f1o que es ideal para mediciones en conductos, junto con un alcance Bluetooth de hasta 350'. Mida de forma r\u00e1pida y precisa la humedad relativa y la temperatura en habitaciones, conductos y c\u00e1maras, as\u00ed como calcule autom\u00e1ticamente el punto de roc\u00edo y la temperatura de bulbo h\u00famedo.","og_url":"https:\/\/abaa.mx\/tienda\/termohigrometro-de-sonda-inteligente-testo-605i\/","og_site_name":"Abaa tienda online","og_image":[{"width":270,"height":500,"url":"https:\/\/abaa.mx\/tienda\/wp-content\/uploads\/2023\/10\/605i.jpg","type":"image\/jpeg"}],"twitter_card":"summary_large_image","twitter_misc":{"Tiempo de lectura":"2 minutos"},"schema":{"@context":"https:\/\/schema.org","@graph":[{"@type":"WebPage","@id":"https:\/\/abaa.mx\/tienda\/termohigrometro-de-sonda-inteligente-testo-605i\/","url":"https:\/\/abaa.mx\/tienda\/termohigrometro-de-sonda-inteligente-testo-605i\/","name":"Termohigr\u00f3metro de sonda inteligente testo 605i - Abaa tienda online","isPartOf":{"@id":"https:\/\/abaa.mx\/tienda\/#website"},"primaryImageOfPage":{"@id":"https:\/\/abaa.mx\/tienda\/termohigrometro-de-sonda-inteligente-testo-605i\/#primaryimage"},"image":{"@id":"https:\/\/abaa.mx\/tienda\/termohigrometro-de-sonda-inteligente-testo-605i\/#primaryimage"},"thumbnailUrl":"https:\/\/abaa.mx\/tienda\/wp-content\/uploads\/2023\/10\/605i.jpg","datePublished":"2023-10-24T16:35:44+00:00","breadcrumb":{"@id":"https:\/\/abaa.mx\/tienda\/termohigrometro-de-sonda-inteligente-testo-605i\/#breadcrumb"},"inLanguage":"es","potentialAction":[{"@type":"ReadAction","target":["https:\/\/abaa.mx\/tienda\/termohigrometro-de-sonda-inteligente-testo-605i\/"]}]},{"@type":"ImageObject","inLanguage":"es","@id":"https:\/\/abaa.mx\/tienda\/termohigrometro-de-sonda-inteligente-testo-605i\/#primaryimage","url":"https:\/\/abaa.mx\/tienda\/wp-content\/uploads\/2023\/10\/605i.jpg","contentUrl":"https:\/\/abaa.mx\/tienda\/wp-content\/uploads\/2023\/10\/605i.jpg","width":270,"height":500,"caption":"605i"},{"@type":"BreadcrumbList","@id":"https:\/\/abaa.mx\/tienda\/termohigrometro-de-sonda-inteligente-testo-605i\/#breadcrumb","itemListElement":[{"@type":"ListItem","position":1,"name":"Inicio","item":"https:\/\/abaa.mx\/tienda\/"},{"@type":"ListItem","position":2,"name":"Tienda","item":"https:\/\/abaa.mx\/tienda\/"},{"@type":"ListItem","position":3,"name":"Termohigr\u00f3metro de sonda inteligente testo 605i"}]},{"@type":"WebSite","@id":"https:\/\/abaa.mx\/tienda\/#website","url":"https:\/\/abaa.mx\/tienda\/","name":"Abaa tienda online","description":"Instrumentos de medici\u00f3n","publisher":{"@id":"https:\/\/abaa.mx\/tienda\/#organization"},"potentialAction":[{"@type":"SearchAction","target":{"@type":"EntryPoint","urlTemplate":"https:\/\/abaa.mx\/tienda\/?s={search_term_string}"},"query-input":{"@type":"PropertyValueSpecification","valueRequired":true,"valueName":"search_term_string"}}],"inLanguage":"es"},{"@type":"Organization","@id":"https:\/\/abaa.mx\/tienda\/#organization","name":"Abaa tienda online","url":"https:\/\/abaa.mx\/tienda\/","logo":{"@type":"ImageObject","inLanguage":"es","@id":"https:\/\/abaa.mx\/tienda\/#\/schema\/logo\/image\/","url":"https:\/\/abaa.mx\/tienda\/wp-content\/uploads\/2024\/01\/abaa-metrologia-tienda.png","contentUrl":"https:\/\/abaa.mx\/tienda\/wp-content\/uploads\/2024\/01\/abaa-metrologia-tienda.png","width":300,"height":141,"caption":"Abaa tienda online"},"image":{"@id":"https:\/\/abaa.mx\/tienda\/#\/schema\/logo\/image\/"}}]}},"_links":{"self":[{"href":"https:\/\/abaa.mx\/tienda\/wp-json\/wp\/v2\/product\/7627","targetHints":{"allow":["GET"]}}],"collection":[{"href":"https:\/\/abaa.mx\/tienda\/wp-json\/wp\/v2\/product"}],"about":[{"href":"https:\/\/abaa.mx\/tienda\/wp-json\/wp\/v2\/types\/product"}],"replies":[{"embeddable":true,"href":"https:\/\/abaa.mx\/tienda\/wp-json\/wp\/v2\/comments?post=7627"}],"wp:featuredmedia":[{"embeddable":true,"href":"https:\/\/abaa.mx\/tienda\/wp-json\/wp\/v2\/media\/7640"}],"wp:attachment":[{"href":"https:\/\/abaa.mx\/tienda\/wp-json\/wp\/v2\/media?parent=7627"}],"wp:term":[{"taxonomy":"product_brand","embeddable":true,"href":"https:\/\/abaa.mx\/tienda\/wp-json\/wp\/v2\/product_brand?post=7627"},{"taxonomy":"product_cat","embeddable":true,"href":"https:\/\/abaa.mx\/tienda\/wp-json\/wp\/v2\/product_cat?post=7627"},{"taxonomy":"product_tag","embeddable":true,"href":"https:\/\/abaa.mx\/tienda\/wp-json\/wp\/v2\/product_tag?post=7627"}],"curies":[{"name":"wp","href":"https:\/\/api.w.org\/{rel}","templated":true}]}}