{"id":7626,"date":"2023-10-24T16:29:53","date_gmt":"2023-10-24T16:29:53","guid":{"rendered":"https:\/\/abaa.mx\/tienda\/?post_type=product&#038;p=7626"},"modified":"2023-10-24T16:29:53","modified_gmt":"2023-10-24T16:29:53","slug":"manometro-de-presion-diferencial-testo-510i-sonda-inteligente-e-inalambrica","status":"publish","type":"product","link":"https:\/\/abaa.mx\/tienda\/manometro-de-presion-diferencial-testo-510i-sonda-inteligente-e-inalambrica\/","title":{"rendered":"Man\u00f3metro de presi\u00f3n diferencial testo 510i sonda inteligente e inal\u00e1mbrica"},"content":{"rendered":"<p>La sonda inteligente testo 510i es una sonda de presi\u00f3n diferencial inal\u00e1mbrica que se utiliza para mediciones precisas de baja presi\u00f3n. El testo 510i es ideal para medir la presi\u00f3n en colectores, la presi\u00f3n est\u00e1tica y las ca\u00eddas de presi\u00f3n en edificios o sistemas de ventilaci\u00f3n. \u00dasalo para medir la ca\u00edda de presi\u00f3n a trav\u00e9s de serpentines y filtros o en conductos y sistemas. Los usuarios pueden leer las mediciones utilizando la aplicaci\u00f3n testo Smart Probes instalada en su dispositivo inteligente. Se puede utilizar para determinar la velocidad del aire y el flujo volum\u00e9trico cuando se usa con tubos de Pitot (no incluidos). El testo 510i funciona en dispositivos inteligentes con sistemas operativos Android o Apple.<\/p>\n<p>La aplicaci\u00f3n testo Smart Probes es una herramienta potente y f\u00e1cil de usar. Le permite leer de forma remota las mediciones de hasta seis (6) sondas inteligentes y documentar\/informar f\u00e1cilmente los resultados. \u00a1Los c\u00e1lculos autom\u00e1ticos hacen que sea muy f\u00e1cil! Todos los datos de medici\u00f3n se muestran como lecturas de instrumentos, tablas o gr\u00e1ficos. Las mediciones se pueden guardar r\u00e1pidamente como archivos PDF o Excel. La aplicaci\u00f3n crea informes personalizados que se pueden guardar y\/o compartir por correo electr\u00f3nico. \u00a1Todos sus datos se pueden almacenar y recuperar, lo que le ahorra horas de papeleo que consume mucho tiempo!<\/p>\n<p><strong>Funciones<\/strong><\/p>\n<ul>\n<li>La presi\u00f3n diferencial (man\u00f3metro) mide la presi\u00f3n est\u00e1tica, el flujo de aire y el flujo volum\u00e9trico (con tubo de Pitot no incluido)<\/li>\n<li>Mide la presi\u00f3n del colector y la ca\u00edda de presi\u00f3n a trav\u00e9s de filtros y bobinas<\/li>\n<li>El men\u00fa de medici\u00f3n en la aplicaci\u00f3n incluye alarmas de ca\u00edda de presi\u00f3n<\/li>\n<li>F\u00e1cil configuraci\u00f3n y c\u00e1lculo del caudal volum\u00e9trico (introduzca f\u00e1cilmente el factor y las dimensiones del tubo de pitot)<\/li>\n<li>La parte posterior magn\u00e9tica sostiene el instrumento para un funcionamiento manos libres<\/li>\n<li>Los datos de medici\u00f3n se transmiten a la c\u00f3moda y potente aplicaci\u00f3n testo Smart Probes de su dispositivo inteligente<\/li>\n<li>Resistente, preciso y f\u00e1cil de usar<\/li>\n<\/ul>\n<p><strong>Aplicaciones<\/strong><\/p>\n<p>Ideal para las siguientes aplicaciones: T\u00e9cnicos y contratistas de HVAC\/R<\/p>\n<h4>Especificaciones del testo 510i<\/h4>\n<table class=\"table table-striped\">\n<tbody>\n<tr>\n<td>Rango de medici\u00f3n del sensor de presi\u00f3n<\/td>\n<td>De -60 a 60 pulgadas WC<\/td>\n<\/tr>\n<tr>\n<td>Resoluci\u00f3n<\/td>\n<td>0.004 pulgadasWC<\/td>\n<\/tr>\n<tr>\n<td>Unidades de medida<\/td>\n<td>mbar, hPa, Pa, mmHg, inHg, inWC, psi, mmWC, m\/s, fpm, m3\/h, cfm, l\/s<\/td>\n<\/tr>\n<tr>\n<td>Compatibilidad<\/td>\n<td>requiere iOS 8.3 (o posterior) \/ Android 4.3 (o posterior) y requiere un dispositivo m\u00f3vil con Bluetooth 4.0<\/td>\n<\/tr>\n<tr>\n<td>Temperatura de almacenamiento<\/td>\n<td>De -4 a 140 \u00b0F<\/td>\n<\/tr>\n<tr>\n<td>Temperatura de funcionamiento<\/td>\n<td>De -4 a 122 \u00b0F<\/td>\n<\/tr>\n<\/tbody>\n<\/table>\n","protected":false},"excerpt":{"rendered":"<p class=\"short-description mhide ipad-view-setting\">Este man\u00f3metro de presi\u00f3n diferencial mide la presi\u00f3n est\u00e1tica, el flujo de aire y el flujo volum\u00e9trico si conecta un tubo de Pitot. Mide la presi\u00f3n del colector y la ca\u00edda de presi\u00f3n a trav\u00e9s de filtros y bobinas. La aplicaci\u00f3n inteligente le permite leer y documentar de forma remota las mediciones de hasta 6 sondas inteligentes.<\/p>\n<p class=\"comment-tag-product\">\n<div class=\"row-fluid\">\n<div class=\"span12 mobile-pricing-box-padding\">\n<form id=\"87681\" accept-charset=\"utf-8\" action=\"https:\/\/www.globaltestsupply.com\/shop\/add\" method=\"post\" name=\"addTocartFunction\">\n<div><\/div>\n<\/form>\n<\/div>\n<\/div>\n","protected":false},"featured_media":7636,"comment_status":"open","ping_status":"closed","template":"","meta":{"_joinchat":[]},"product_brand":[],"product_cat":[15],"product_tag":[],"class_list":{"0":"post-7626","1":"product","2":"type-product","3":"status-publish","4":"has-post-thumbnail","6":"product_cat-sin-categorizar","8":"first","9":"instock","10":"shipping-taxable","11":"product-type-simple"},"yoast_head":"<!-- This site is optimized with the Yoast SEO plugin v26.4 - https:\/\/yoast.com\/wordpress\/plugins\/seo\/ -->\n<title>Man\u00f3metro de presi\u00f3n diferencial testo 510i sonda inteligente e inal\u00e1mbrica - Abaa tienda online<\/title>\n<meta name=\"robots\" content=\"index, follow, max-snippet:-1, max-image-preview:large, max-video-preview:-1\" \/>\n<link rel=\"canonical\" href=\"https:\/\/abaa.mx\/tienda\/manometro-de-presion-diferencial-testo-510i-sonda-inteligente-e-inalambrica\/\" \/>\n<meta property=\"og:locale\" content=\"es_MX\" \/>\n<meta property=\"og:type\" content=\"article\" \/>\n<meta property=\"og:title\" content=\"Man\u00f3metro de presi\u00f3n diferencial testo 510i sonda inteligente e inal\u00e1mbrica - Abaa tienda online\" \/>\n<meta property=\"og:description\" content=\"Este man\u00f3metro de presi\u00f3n diferencial mide la presi\u00f3n est\u00e1tica, el flujo de aire y el flujo volum\u00e9trico si conecta un tubo de Pitot. Mide la presi\u00f3n del colector y la ca\u00edda de presi\u00f3n a trav\u00e9s de filtros y bobinas. La aplicaci\u00f3n inteligente le permite leer y documentar de forma remota las mediciones de hasta 6 sondas inteligentes.\" \/>\n<meta property=\"og:url\" content=\"https:\/\/abaa.mx\/tienda\/manometro-de-presion-diferencial-testo-510i-sonda-inteligente-e-inalambrica\/\" \/>\n<meta property=\"og:site_name\" content=\"Abaa tienda online\" \/>\n<meta property=\"og:image\" content=\"https:\/\/abaa.mx\/tienda\/wp-content\/uploads\/2023\/10\/510i.jpg\" \/>\n\t<meta property=\"og:image:width\" content=\"270\" \/>\n\t<meta property=\"og:image:height\" content=\"500\" \/>\n\t<meta property=\"og:image:type\" content=\"image\/jpeg\" \/>\n<meta name=\"twitter:card\" content=\"summary_large_image\" \/>\n<meta name=\"twitter:label1\" content=\"Tiempo de lectura\" \/>\n\t<meta name=\"twitter:data1\" content=\"2 minutos\" \/>\n<script type=\"application\/ld+json\" class=\"yoast-schema-graph\">{\"@context\":\"https:\/\/schema.org\",\"@graph\":[{\"@type\":\"WebPage\",\"@id\":\"https:\/\/abaa.mx\/tienda\/manometro-de-presion-diferencial-testo-510i-sonda-inteligente-e-inalambrica\/\",\"url\":\"https:\/\/abaa.mx\/tienda\/manometro-de-presion-diferencial-testo-510i-sonda-inteligente-e-inalambrica\/\",\"name\":\"Man\u00f3metro de presi\u00f3n diferencial testo 510i sonda inteligente e inal\u00e1mbrica - Abaa tienda online\",\"isPartOf\":{\"@id\":\"https:\/\/abaa.mx\/tienda\/#website\"},\"primaryImageOfPage\":{\"@id\":\"https:\/\/abaa.mx\/tienda\/manometro-de-presion-diferencial-testo-510i-sonda-inteligente-e-inalambrica\/#primaryimage\"},\"image\":{\"@id\":\"https:\/\/abaa.mx\/tienda\/manometro-de-presion-diferencial-testo-510i-sonda-inteligente-e-inalambrica\/#primaryimage\"},\"thumbnailUrl\":\"https:\/\/abaa.mx\/tienda\/wp-content\/uploads\/2023\/10\/510i.jpg\",\"datePublished\":\"2023-10-24T16:29:53+00:00\",\"breadcrumb\":{\"@id\":\"https:\/\/abaa.mx\/tienda\/manometro-de-presion-diferencial-testo-510i-sonda-inteligente-e-inalambrica\/#breadcrumb\"},\"inLanguage\":\"es\",\"potentialAction\":[{\"@type\":\"ReadAction\",\"target\":[\"https:\/\/abaa.mx\/tienda\/manometro-de-presion-diferencial-testo-510i-sonda-inteligente-e-inalambrica\/\"]}]},{\"@type\":\"ImageObject\",\"inLanguage\":\"es\",\"@id\":\"https:\/\/abaa.mx\/tienda\/manometro-de-presion-diferencial-testo-510i-sonda-inteligente-e-inalambrica\/#primaryimage\",\"url\":\"https:\/\/abaa.mx\/tienda\/wp-content\/uploads\/2023\/10\/510i.jpg\",\"contentUrl\":\"https:\/\/abaa.mx\/tienda\/wp-content\/uploads\/2023\/10\/510i.jpg\",\"width\":270,\"height\":500,\"caption\":\"510i\"},{\"@type\":\"BreadcrumbList\",\"@id\":\"https:\/\/abaa.mx\/tienda\/manometro-de-presion-diferencial-testo-510i-sonda-inteligente-e-inalambrica\/#breadcrumb\",\"itemListElement\":[{\"@type\":\"ListItem\",\"position\":1,\"name\":\"Inicio\",\"item\":\"https:\/\/abaa.mx\/tienda\/\"},{\"@type\":\"ListItem\",\"position\":2,\"name\":\"Tienda\",\"item\":\"https:\/\/abaa.mx\/tienda\/\"},{\"@type\":\"ListItem\",\"position\":3,\"name\":\"Man\u00f3metro de presi\u00f3n diferencial testo 510i sonda inteligente e inal\u00e1mbrica\"}]},{\"@type\":\"WebSite\",\"@id\":\"https:\/\/abaa.mx\/tienda\/#website\",\"url\":\"https:\/\/abaa.mx\/tienda\/\",\"name\":\"Abaa tienda online\",\"description\":\"Instrumentos de medici\u00f3n\",\"publisher\":{\"@id\":\"https:\/\/abaa.mx\/tienda\/#organization\"},\"potentialAction\":[{\"@type\":\"SearchAction\",\"target\":{\"@type\":\"EntryPoint\",\"urlTemplate\":\"https:\/\/abaa.mx\/tienda\/?s={search_term_string}\"},\"query-input\":{\"@type\":\"PropertyValueSpecification\",\"valueRequired\":true,\"valueName\":\"search_term_string\"}}],\"inLanguage\":\"es\"},{\"@type\":\"Organization\",\"@id\":\"https:\/\/abaa.mx\/tienda\/#organization\",\"name\":\"Abaa tienda online\",\"url\":\"https:\/\/abaa.mx\/tienda\/\",\"logo\":{\"@type\":\"ImageObject\",\"inLanguage\":\"es\",\"@id\":\"https:\/\/abaa.mx\/tienda\/#\/schema\/logo\/image\/\",\"url\":\"https:\/\/abaa.mx\/tienda\/wp-content\/uploads\/2024\/01\/abaa-metrologia-tienda.png\",\"contentUrl\":\"https:\/\/abaa.mx\/tienda\/wp-content\/uploads\/2024\/01\/abaa-metrologia-tienda.png\",\"width\":300,\"height\":141,\"caption\":\"Abaa tienda online\"},\"image\":{\"@id\":\"https:\/\/abaa.mx\/tienda\/#\/schema\/logo\/image\/\"}}]}<\/script>\n<!-- \/ Yoast SEO plugin. -->","yoast_head_json":{"title":"Man\u00f3metro de presi\u00f3n diferencial testo 510i sonda inteligente e inal\u00e1mbrica - Abaa tienda online","robots":{"index":"index","follow":"follow","max-snippet":"max-snippet:-1","max-image-preview":"max-image-preview:large","max-video-preview":"max-video-preview:-1"},"canonical":"https:\/\/abaa.mx\/tienda\/manometro-de-presion-diferencial-testo-510i-sonda-inteligente-e-inalambrica\/","og_locale":"es_MX","og_type":"article","og_title":"Man\u00f3metro de presi\u00f3n diferencial testo 510i sonda inteligente e inal\u00e1mbrica - Abaa tienda online","og_description":"Este man\u00f3metro de presi\u00f3n diferencial mide la presi\u00f3n est\u00e1tica, el flujo de aire y el flujo volum\u00e9trico si conecta un tubo de Pitot. Mide la presi\u00f3n del colector y la ca\u00edda de presi\u00f3n a trav\u00e9s de filtros y bobinas. La aplicaci\u00f3n inteligente le permite leer y documentar de forma remota las mediciones de hasta 6 sondas inteligentes.","og_url":"https:\/\/abaa.mx\/tienda\/manometro-de-presion-diferencial-testo-510i-sonda-inteligente-e-inalambrica\/","og_site_name":"Abaa tienda online","og_image":[{"width":270,"height":500,"url":"https:\/\/abaa.mx\/tienda\/wp-content\/uploads\/2023\/10\/510i.jpg","type":"image\/jpeg"}],"twitter_card":"summary_large_image","twitter_misc":{"Tiempo de lectura":"2 minutos"},"schema":{"@context":"https:\/\/schema.org","@graph":[{"@type":"WebPage","@id":"https:\/\/abaa.mx\/tienda\/manometro-de-presion-diferencial-testo-510i-sonda-inteligente-e-inalambrica\/","url":"https:\/\/abaa.mx\/tienda\/manometro-de-presion-diferencial-testo-510i-sonda-inteligente-e-inalambrica\/","name":"Man\u00f3metro de presi\u00f3n diferencial testo 510i sonda inteligente e inal\u00e1mbrica - Abaa tienda online","isPartOf":{"@id":"https:\/\/abaa.mx\/tienda\/#website"},"primaryImageOfPage":{"@id":"https:\/\/abaa.mx\/tienda\/manometro-de-presion-diferencial-testo-510i-sonda-inteligente-e-inalambrica\/#primaryimage"},"image":{"@id":"https:\/\/abaa.mx\/tienda\/manometro-de-presion-diferencial-testo-510i-sonda-inteligente-e-inalambrica\/#primaryimage"},"thumbnailUrl":"https:\/\/abaa.mx\/tienda\/wp-content\/uploads\/2023\/10\/510i.jpg","datePublished":"2023-10-24T16:29:53+00:00","breadcrumb":{"@id":"https:\/\/abaa.mx\/tienda\/manometro-de-presion-diferencial-testo-510i-sonda-inteligente-e-inalambrica\/#breadcrumb"},"inLanguage":"es","potentialAction":[{"@type":"ReadAction","target":["https:\/\/abaa.mx\/tienda\/manometro-de-presion-diferencial-testo-510i-sonda-inteligente-e-inalambrica\/"]}]},{"@type":"ImageObject","inLanguage":"es","@id":"https:\/\/abaa.mx\/tienda\/manometro-de-presion-diferencial-testo-510i-sonda-inteligente-e-inalambrica\/#primaryimage","url":"https:\/\/abaa.mx\/tienda\/wp-content\/uploads\/2023\/10\/510i.jpg","contentUrl":"https:\/\/abaa.mx\/tienda\/wp-content\/uploads\/2023\/10\/510i.jpg","width":270,"height":500,"caption":"510i"},{"@type":"BreadcrumbList","@id":"https:\/\/abaa.mx\/tienda\/manometro-de-presion-diferencial-testo-510i-sonda-inteligente-e-inalambrica\/#breadcrumb","itemListElement":[{"@type":"ListItem","position":1,"name":"Inicio","item":"https:\/\/abaa.mx\/tienda\/"},{"@type":"ListItem","position":2,"name":"Tienda","item":"https:\/\/abaa.mx\/tienda\/"},{"@type":"ListItem","position":3,"name":"Man\u00f3metro de presi\u00f3n diferencial testo 510i sonda inteligente e inal\u00e1mbrica"}]},{"@type":"WebSite","@id":"https:\/\/abaa.mx\/tienda\/#website","url":"https:\/\/abaa.mx\/tienda\/","name":"Abaa tienda online","description":"Instrumentos de medici\u00f3n","publisher":{"@id":"https:\/\/abaa.mx\/tienda\/#organization"},"potentialAction":[{"@type":"SearchAction","target":{"@type":"EntryPoint","urlTemplate":"https:\/\/abaa.mx\/tienda\/?s={search_term_string}"},"query-input":{"@type":"PropertyValueSpecification","valueRequired":true,"valueName":"search_term_string"}}],"inLanguage":"es"},{"@type":"Organization","@id":"https:\/\/abaa.mx\/tienda\/#organization","name":"Abaa tienda online","url":"https:\/\/abaa.mx\/tienda\/","logo":{"@type":"ImageObject","inLanguage":"es","@id":"https:\/\/abaa.mx\/tienda\/#\/schema\/logo\/image\/","url":"https:\/\/abaa.mx\/tienda\/wp-content\/uploads\/2024\/01\/abaa-metrologia-tienda.png","contentUrl":"https:\/\/abaa.mx\/tienda\/wp-content\/uploads\/2024\/01\/abaa-metrologia-tienda.png","width":300,"height":141,"caption":"Abaa tienda online"},"image":{"@id":"https:\/\/abaa.mx\/tienda\/#\/schema\/logo\/image\/"}}]}},"_links":{"self":[{"href":"https:\/\/abaa.mx\/tienda\/wp-json\/wp\/v2\/product\/7626","targetHints":{"allow":["GET"]}}],"collection":[{"href":"https:\/\/abaa.mx\/tienda\/wp-json\/wp\/v2\/product"}],"about":[{"href":"https:\/\/abaa.mx\/tienda\/wp-json\/wp\/v2\/types\/product"}],"replies":[{"embeddable":true,"href":"https:\/\/abaa.mx\/tienda\/wp-json\/wp\/v2\/comments?post=7626"}],"wp:featuredmedia":[{"embeddable":true,"href":"https:\/\/abaa.mx\/tienda\/wp-json\/wp\/v2\/media\/7636"}],"wp:attachment":[{"href":"https:\/\/abaa.mx\/tienda\/wp-json\/wp\/v2\/media?parent=7626"}],"wp:term":[{"taxonomy":"product_brand","embeddable":true,"href":"https:\/\/abaa.mx\/tienda\/wp-json\/wp\/v2\/product_brand?post=7626"},{"taxonomy":"product_cat","embeddable":true,"href":"https:\/\/abaa.mx\/tienda\/wp-json\/wp\/v2\/product_cat?post=7626"},{"taxonomy":"product_tag","embeddable":true,"href":"https:\/\/abaa.mx\/tienda\/wp-json\/wp\/v2\/product_tag?post=7626"}],"curies":[{"name":"wp","href":"https:\/\/api.w.org\/{rel}","templated":true}]}}