{"id":7625,"date":"2023-12-05T15:04:50","date_gmt":"2023-12-05T15:04:50","guid":{"rendered":"https:\/\/abaa.mx\/tienda\/?post_type=product&#038;p=7625"},"modified":"2023-12-05T15:04:50","modified_gmt":"2023-12-05T15:04:50","slug":"honeywell-bw-solo-nh3-honeywell-bwsa2y","status":"publish","type":"product","link":"https:\/\/abaa.mx\/tienda\/honeywell-bw-solo-nh3-honeywell-bwsa2y\/","title":{"rendered":"Honeywell BW Solo NH3, Honeywell &#8211; BWSA2Y"},"content":{"rendered":"<p>Honeywell BW Solo NH3, Honeywell &#8211; BWSA2Y.<\/p>\n","protected":false},"excerpt":{"rendered":"<p><b>Caracter\u00edsticas y beneficios:<\/b><\/p>\n<p>La nueva generaci\u00f3n de descubridor de un solo gas que asiste para achicar costes , garantizar el cumplimiento de las normas y comprender que tus trabajadores est\u00e1n protegidos. Honeywell BW\u2122 tiene todo lo que esperas, aparte de caracter\u00edsticas adicionales que hacen su desempe\u00f1o m\u00e1s simple y rentable que jam\u00e1s. Todo con una vida \u00fatil confiable , operaci\u00f3n a un bot\u00f3n y perfil peque\u00f1o y r\u00e1pido. El Honeywell BW Solo es:<\/p>\n<ul>\n<li>El primer detector de un solo gas con sensores Serie-1 para CO, H2S y C2. Lo que se traduce en mayor exactitud, reducci\u00f3n de costos, y una detecci\u00f3n m\u00e1s r\u00e1pida de aquellos gases que se monitorean con mayor frecuencia.<\/li>\n<li>El detector de un solo gas m\u00e1s f\u00e1cil para servicio, sin necesidad de desarmarlo para reemplazar sensores, bater\u00edas y filtros de sensor. Eso significa larga vida y bajo costo.<\/li>\n<li>Compatible con IntelliDoX. Ahorra tiempo y centraliza informaci\u00f3n con prueba de impacto, calibraci\u00f3n y administraci\u00f3n del instrumento automatizado. Usa las estaciones de muelle IntelliDoX con el dispositivo configurador de software SafetySuite.<\/li>\n<li>El m\u00e1s completo con una amplia selecci\u00f3n de opciones de sensores. Cuenta con detecci\u00f3n comprensiva, sin importar si est\u00e1s monitoreando peligros comunes o ex\u00f3ticos.<\/li>\n<\/ul>\n","protected":false},"featured_media":9629,"comment_status":"open","ping_status":"closed","template":"","meta":{"_joinchat":[]},"product_brand":[],"product_cat":[15],"product_tag":[],"class_list":{"0":"post-7625","1":"product","2":"type-product","3":"status-publish","4":"has-post-thumbnail","6":"product_cat-sin-categorizar","8":"first","9":"instock","10":"shipping-taxable","11":"product-type-simple"},"yoast_head":"<!-- This site is optimized with the Yoast SEO plugin v26.4 - https:\/\/yoast.com\/wordpress\/plugins\/seo\/ -->\n<title>Honeywell BW Solo NH3, Honeywell - BWSA2Y - Abaa tienda online<\/title>\n<meta name=\"robots\" content=\"index, follow, max-snippet:-1, max-image-preview:large, max-video-preview:-1\" \/>\n<link rel=\"canonical\" href=\"https:\/\/abaa.mx\/tienda\/honeywell-bw-solo-nh3-honeywell-bwsa2y\/\" \/>\n<meta property=\"og:locale\" content=\"es_MX\" \/>\n<meta property=\"og:type\" content=\"article\" \/>\n<meta property=\"og:title\" content=\"Honeywell BW Solo NH3, Honeywell - BWSA2Y - Abaa tienda online\" \/>\n<meta property=\"og:description\" content=\"Caracter\u00edsticas y beneficios:  La nueva generaci\u00f3n de descubridor de un solo gas que asiste para achicar costes , garantizar el cumplimiento de las normas y comprender que tus trabajadores est\u00e1n protegidos. Honeywell BW\u2122 tiene todo lo que esperas, aparte de caracter\u00edsticas adicionales que hacen su desempe\u00f1o m\u00e1s simple y rentable que jam\u00e1s. Todo con una vida \u00fatil confiable , operaci\u00f3n a un bot\u00f3n y perfil peque\u00f1o y r\u00e1pido. El Honeywell BW Solo es:   El primer detector de un solo gas con sensores Serie-1 para CO, H2S y C2. Lo que se traduce en mayor exactitud, reducci\u00f3n de costos, y una detecci\u00f3n m\u00e1s r\u00e1pida de aquellos gases que se monitorean con mayor frecuencia.  El detector de un solo gas m\u00e1s f\u00e1cil para servicio, sin necesidad de desarmarlo para reemplazar sensores, bater\u00edas y filtros de sensor. Eso significa larga vida y bajo costo.  Compatible con IntelliDoX. Ahorra tiempo y centraliza informaci\u00f3n con prueba de impacto, calibraci\u00f3n y administraci\u00f3n del instrumento automatizado. Usa las estaciones de muelle IntelliDoX con el dispositivo configurador de software SafetySuite.  El m\u00e1s completo con una amplia selecci\u00f3n de opciones de sensores. Cuenta con detecci\u00f3n comprensiva, sin importar si est\u00e1s monitoreando peligros comunes o ex\u00f3ticos.\" \/>\n<meta property=\"og:url\" content=\"https:\/\/abaa.mx\/tienda\/honeywell-bw-solo-nh3-honeywell-bwsa2y\/\" \/>\n<meta property=\"og:site_name\" content=\"Abaa tienda online\" \/>\n<meta property=\"og:image\" content=\"https:\/\/abaa.mx\/tienda\/wp-content\/uploads\/2023\/12\/HONEYWELL-BW-BWSA2Y.jpg\" \/>\n\t<meta property=\"og:image:width\" content=\"325\" \/>\n\t<meta property=\"og:image:height\" content=\"300\" \/>\n\t<meta property=\"og:image:type\" content=\"image\/jpeg\" \/>\n<meta name=\"twitter:card\" content=\"summary_large_image\" \/>\n<meta name=\"twitter:label1\" content=\"Tiempo de lectura\" \/>\n\t<meta name=\"twitter:data1\" content=\"1 minuto\" \/>\n<script type=\"application\/ld+json\" class=\"yoast-schema-graph\">{\"@context\":\"https:\/\/schema.org\",\"@graph\":[{\"@type\":\"WebPage\",\"@id\":\"https:\/\/abaa.mx\/tienda\/honeywell-bw-solo-nh3-honeywell-bwsa2y\/\",\"url\":\"https:\/\/abaa.mx\/tienda\/honeywell-bw-solo-nh3-honeywell-bwsa2y\/\",\"name\":\"Honeywell BW Solo NH3, Honeywell - BWSA2Y - Abaa tienda online\",\"isPartOf\":{\"@id\":\"https:\/\/abaa.mx\/tienda\/#website\"},\"primaryImageOfPage\":{\"@id\":\"https:\/\/abaa.mx\/tienda\/honeywell-bw-solo-nh3-honeywell-bwsa2y\/#primaryimage\"},\"image\":{\"@id\":\"https:\/\/abaa.mx\/tienda\/honeywell-bw-solo-nh3-honeywell-bwsa2y\/#primaryimage\"},\"thumbnailUrl\":\"https:\/\/abaa.mx\/tienda\/wp-content\/uploads\/2023\/12\/HONEYWELL-BW-BWSA2Y.jpg\",\"datePublished\":\"2023-12-05T15:04:50+00:00\",\"breadcrumb\":{\"@id\":\"https:\/\/abaa.mx\/tienda\/honeywell-bw-solo-nh3-honeywell-bwsa2y\/#breadcrumb\"},\"inLanguage\":\"es\",\"potentialAction\":[{\"@type\":\"ReadAction\",\"target\":[\"https:\/\/abaa.mx\/tienda\/honeywell-bw-solo-nh3-honeywell-bwsa2y\/\"]}]},{\"@type\":\"ImageObject\",\"inLanguage\":\"es\",\"@id\":\"https:\/\/abaa.mx\/tienda\/honeywell-bw-solo-nh3-honeywell-bwsa2y\/#primaryimage\",\"url\":\"https:\/\/abaa.mx\/tienda\/wp-content\/uploads\/2023\/12\/HONEYWELL-BW-BWSA2Y.jpg\",\"contentUrl\":\"https:\/\/abaa.mx\/tienda\/wp-content\/uploads\/2023\/12\/HONEYWELL-BW-BWSA2Y.jpg\",\"width\":325,\"height\":300,\"caption\":\"HONEYWELL BW-BWSA2Y\"},{\"@type\":\"BreadcrumbList\",\"@id\":\"https:\/\/abaa.mx\/tienda\/honeywell-bw-solo-nh3-honeywell-bwsa2y\/#breadcrumb\",\"itemListElement\":[{\"@type\":\"ListItem\",\"position\":1,\"name\":\"Inicio\",\"item\":\"https:\/\/abaa.mx\/tienda\/\"},{\"@type\":\"ListItem\",\"position\":2,\"name\":\"Tienda\",\"item\":\"https:\/\/abaa.mx\/tienda\/\"},{\"@type\":\"ListItem\",\"position\":3,\"name\":\"Honeywell BW Solo NH3, Honeywell &#8211; BWSA2Y\"}]},{\"@type\":\"WebSite\",\"@id\":\"https:\/\/abaa.mx\/tienda\/#website\",\"url\":\"https:\/\/abaa.mx\/tienda\/\",\"name\":\"Abaa tienda online\",\"description\":\"Instrumentos de medici\u00f3n\",\"publisher\":{\"@id\":\"https:\/\/abaa.mx\/tienda\/#organization\"},\"potentialAction\":[{\"@type\":\"SearchAction\",\"target\":{\"@type\":\"EntryPoint\",\"urlTemplate\":\"https:\/\/abaa.mx\/tienda\/?s={search_term_string}\"},\"query-input\":{\"@type\":\"PropertyValueSpecification\",\"valueRequired\":true,\"valueName\":\"search_term_string\"}}],\"inLanguage\":\"es\"},{\"@type\":\"Organization\",\"@id\":\"https:\/\/abaa.mx\/tienda\/#organization\",\"name\":\"Abaa tienda online\",\"url\":\"https:\/\/abaa.mx\/tienda\/\",\"logo\":{\"@type\":\"ImageObject\",\"inLanguage\":\"es\",\"@id\":\"https:\/\/abaa.mx\/tienda\/#\/schema\/logo\/image\/\",\"url\":\"https:\/\/abaa.mx\/tienda\/wp-content\/uploads\/2024\/01\/abaa-metrologia-tienda.png\",\"contentUrl\":\"https:\/\/abaa.mx\/tienda\/wp-content\/uploads\/2024\/01\/abaa-metrologia-tienda.png\",\"width\":300,\"height\":141,\"caption\":\"Abaa tienda online\"},\"image\":{\"@id\":\"https:\/\/abaa.mx\/tienda\/#\/schema\/logo\/image\/\"}}]}<\/script>\n<!-- \/ Yoast SEO plugin. -->","yoast_head_json":{"title":"Honeywell BW Solo NH3, Honeywell - BWSA2Y - Abaa tienda online","robots":{"index":"index","follow":"follow","max-snippet":"max-snippet:-1","max-image-preview":"max-image-preview:large","max-video-preview":"max-video-preview:-1"},"canonical":"https:\/\/abaa.mx\/tienda\/honeywell-bw-solo-nh3-honeywell-bwsa2y\/","og_locale":"es_MX","og_type":"article","og_title":"Honeywell BW Solo NH3, Honeywell - BWSA2Y - Abaa tienda online","og_description":"Caracter\u00edsticas y beneficios:  La nueva generaci\u00f3n de descubridor de un solo gas que asiste para achicar costes , garantizar el cumplimiento de las normas y comprender que tus trabajadores est\u00e1n protegidos. Honeywell BW\u2122 tiene todo lo que esperas, aparte de caracter\u00edsticas adicionales que hacen su desempe\u00f1o m\u00e1s simple y rentable que jam\u00e1s. Todo con una vida \u00fatil confiable , operaci\u00f3n a un bot\u00f3n y perfil peque\u00f1o y r\u00e1pido. El Honeywell BW Solo es:   El primer detector de un solo gas con sensores Serie-1 para CO, H2S y C2. Lo que se traduce en mayor exactitud, reducci\u00f3n de costos, y una detecci\u00f3n m\u00e1s r\u00e1pida de aquellos gases que se monitorean con mayor frecuencia.  El detector de un solo gas m\u00e1s f\u00e1cil para servicio, sin necesidad de desarmarlo para reemplazar sensores, bater\u00edas y filtros de sensor. Eso significa larga vida y bajo costo.  Compatible con IntelliDoX. Ahorra tiempo y centraliza informaci\u00f3n con prueba de impacto, calibraci\u00f3n y administraci\u00f3n del instrumento automatizado. Usa las estaciones de muelle IntelliDoX con el dispositivo configurador de software SafetySuite.  El m\u00e1s completo con una amplia selecci\u00f3n de opciones de sensores. Cuenta con detecci\u00f3n comprensiva, sin importar si est\u00e1s monitoreando peligros comunes o ex\u00f3ticos.","og_url":"https:\/\/abaa.mx\/tienda\/honeywell-bw-solo-nh3-honeywell-bwsa2y\/","og_site_name":"Abaa tienda online","og_image":[{"width":325,"height":300,"url":"https:\/\/abaa.mx\/tienda\/wp-content\/uploads\/2023\/12\/HONEYWELL-BW-BWSA2Y.jpg","type":"image\/jpeg"}],"twitter_card":"summary_large_image","twitter_misc":{"Tiempo de lectura":"1 minuto"},"schema":{"@context":"https:\/\/schema.org","@graph":[{"@type":"WebPage","@id":"https:\/\/abaa.mx\/tienda\/honeywell-bw-solo-nh3-honeywell-bwsa2y\/","url":"https:\/\/abaa.mx\/tienda\/honeywell-bw-solo-nh3-honeywell-bwsa2y\/","name":"Honeywell BW Solo NH3, Honeywell - BWSA2Y - Abaa tienda online","isPartOf":{"@id":"https:\/\/abaa.mx\/tienda\/#website"},"primaryImageOfPage":{"@id":"https:\/\/abaa.mx\/tienda\/honeywell-bw-solo-nh3-honeywell-bwsa2y\/#primaryimage"},"image":{"@id":"https:\/\/abaa.mx\/tienda\/honeywell-bw-solo-nh3-honeywell-bwsa2y\/#primaryimage"},"thumbnailUrl":"https:\/\/abaa.mx\/tienda\/wp-content\/uploads\/2023\/12\/HONEYWELL-BW-BWSA2Y.jpg","datePublished":"2023-12-05T15:04:50+00:00","breadcrumb":{"@id":"https:\/\/abaa.mx\/tienda\/honeywell-bw-solo-nh3-honeywell-bwsa2y\/#breadcrumb"},"inLanguage":"es","potentialAction":[{"@type":"ReadAction","target":["https:\/\/abaa.mx\/tienda\/honeywell-bw-solo-nh3-honeywell-bwsa2y\/"]}]},{"@type":"ImageObject","inLanguage":"es","@id":"https:\/\/abaa.mx\/tienda\/honeywell-bw-solo-nh3-honeywell-bwsa2y\/#primaryimage","url":"https:\/\/abaa.mx\/tienda\/wp-content\/uploads\/2023\/12\/HONEYWELL-BW-BWSA2Y.jpg","contentUrl":"https:\/\/abaa.mx\/tienda\/wp-content\/uploads\/2023\/12\/HONEYWELL-BW-BWSA2Y.jpg","width":325,"height":300,"caption":"HONEYWELL BW-BWSA2Y"},{"@type":"BreadcrumbList","@id":"https:\/\/abaa.mx\/tienda\/honeywell-bw-solo-nh3-honeywell-bwsa2y\/#breadcrumb","itemListElement":[{"@type":"ListItem","position":1,"name":"Inicio","item":"https:\/\/abaa.mx\/tienda\/"},{"@type":"ListItem","position":2,"name":"Tienda","item":"https:\/\/abaa.mx\/tienda\/"},{"@type":"ListItem","position":3,"name":"Honeywell BW Solo NH3, Honeywell &#8211; BWSA2Y"}]},{"@type":"WebSite","@id":"https:\/\/abaa.mx\/tienda\/#website","url":"https:\/\/abaa.mx\/tienda\/","name":"Abaa tienda online","description":"Instrumentos de medici\u00f3n","publisher":{"@id":"https:\/\/abaa.mx\/tienda\/#organization"},"potentialAction":[{"@type":"SearchAction","target":{"@type":"EntryPoint","urlTemplate":"https:\/\/abaa.mx\/tienda\/?s={search_term_string}"},"query-input":{"@type":"PropertyValueSpecification","valueRequired":true,"valueName":"search_term_string"}}],"inLanguage":"es"},{"@type":"Organization","@id":"https:\/\/abaa.mx\/tienda\/#organization","name":"Abaa tienda online","url":"https:\/\/abaa.mx\/tienda\/","logo":{"@type":"ImageObject","inLanguage":"es","@id":"https:\/\/abaa.mx\/tienda\/#\/schema\/logo\/image\/","url":"https:\/\/abaa.mx\/tienda\/wp-content\/uploads\/2024\/01\/abaa-metrologia-tienda.png","contentUrl":"https:\/\/abaa.mx\/tienda\/wp-content\/uploads\/2024\/01\/abaa-metrologia-tienda.png","width":300,"height":141,"caption":"Abaa tienda online"},"image":{"@id":"https:\/\/abaa.mx\/tienda\/#\/schema\/logo\/image\/"}}]}},"_links":{"self":[{"href":"https:\/\/abaa.mx\/tienda\/wp-json\/wp\/v2\/product\/7625","targetHints":{"allow":["GET"]}}],"collection":[{"href":"https:\/\/abaa.mx\/tienda\/wp-json\/wp\/v2\/product"}],"about":[{"href":"https:\/\/abaa.mx\/tienda\/wp-json\/wp\/v2\/types\/product"}],"replies":[{"embeddable":true,"href":"https:\/\/abaa.mx\/tienda\/wp-json\/wp\/v2\/comments?post=7625"}],"wp:featuredmedia":[{"embeddable":true,"href":"https:\/\/abaa.mx\/tienda\/wp-json\/wp\/v2\/media\/9629"}],"wp:attachment":[{"href":"https:\/\/abaa.mx\/tienda\/wp-json\/wp\/v2\/media?parent=7625"}],"wp:term":[{"taxonomy":"product_brand","embeddable":true,"href":"https:\/\/abaa.mx\/tienda\/wp-json\/wp\/v2\/product_brand?post=7625"},{"taxonomy":"product_cat","embeddable":true,"href":"https:\/\/abaa.mx\/tienda\/wp-json\/wp\/v2\/product_cat?post=7625"},{"taxonomy":"product_tag","embeddable":true,"href":"https:\/\/abaa.mx\/tienda\/wp-json\/wp\/v2\/product_tag?post=7625"}],"curies":[{"name":"wp","href":"https:\/\/api.w.org\/{rel}","templated":true}]}}