{"id":7617,"date":"2023-10-24T17:47:20","date_gmt":"2023-10-24T17:47:20","guid":{"rendered":"https:\/\/abaa.mx\/tienda\/?post_type=product&#038;p=7617"},"modified":"2023-10-24T17:47:21","modified_gmt":"2023-10-24T17:47:21","slug":"reed-sd-6020-nist-medidor-de-fuerza-de-registro-de-datos-44-libras-20-kg","status":"publish","type":"product","link":"https:\/\/abaa.mx\/tienda\/reed-sd-6020-nist-medidor-de-fuerza-de-registro-de-datos-44-libras-20-kg\/","title":{"rendered":"Reed sd-6020-nist medidor de fuerza de registro de datos, 44 libras (20 kg)"},"content":{"rendered":"<p>Este medidor tiene la capacidad de medir fuerzas de empuje y tracci\u00f3n de hasta 44 libras (20 kg) y cuenta con una pantalla reversible que garantiza que las mediciones se lean f\u00e1cilmente, independientemente de la direcci\u00f3n de la prueba. El SD-6100 cuenta con un registrador de datos en tiempo real con ranura para tarjetas de memoria. Usando una tarjeta SD (m\u00e1x. 16 Gb), un usuario puede seleccionar una frecuencia de muestreo deseada y generar r\u00e1pidamente un archivo de Excel en una tarjeta SD sin el uso de software. Los accesorios opcionales incluyen un adaptador de CA para un monitoreo continuo a largo plazo y un software de PC para realizar un seguimiento de las mediciones en tiempo real.<\/p>\n<h5><strong>Funciones<\/strong><\/h5>\n<ul>\n<li>Mide la tensi\u00f3n y la compresi\u00f3n<\/li>\n<li>Graba en modo de retenci\u00f3n de picos o normal<\/li>\n<li>Selecci\u00f3n de respuesta r\u00e1pida\/lenta<\/li>\n<li>Capacidad de tara (cero) a plena capacidad<\/li>\n<li>La fuerza se mide en kg, lb o Newtons<\/li>\n<li>Pantalla retroiluminada grande y f\u00e1cil de leer<\/li>\n<li>La pantalla reversible garantiza lecturas legibles independientemente de la direcci\u00f3n<\/li>\n<li>Registrador de datos en tiempo real con tarjeta de memoria SD integrada<\/li>\n<li>Frecuencia de muestreo seleccionable por el usuario de 1 a 3600 segundos<\/li>\n<li>El software opcional para PC cuenta con seguimiento en vivo a trav\u00e9s de una conexi\u00f3n USB<\/li>\n<li>Indicador de bater\u00eda baja y apagado autom\u00e1tico<\/li>\n<\/ul>\n<h4>Especificaciones<\/h4>\n<table class=\"table table-striped\">\n<tbody>\n<tr>\n<td>Rango de medici\u00f3n<\/td>\n<td>20.00 kg<br \/>\n44.10 lb<br \/>\n196.12 N<\/td>\n<\/tr>\n<tr>\n<td>Exactitud<\/td>\n<td>\u00b1(5% rdg + 2 dgt.)<\/td>\n<\/tr>\n<tr>\n<td>Resoluci\u00f3n<\/td>\n<td>0,01 kg \/ 0,01 lb \/ 0,02 N<\/td>\n<\/tr>\n<tr>\n<td>Tiempo de respuesta<\/td>\n<td>Menos de 1 seg.<\/td>\n<\/tr>\n<tr>\n<td>Deflexi\u00f3n a escala completa<\/td>\n<td>0,4 mm m\u00e1x.<\/td>\n<\/tr>\n<tr>\n<td>Monitor<\/td>\n<td>Pantalla LCD de 4 d\u00edgitos<\/td>\n<\/tr>\n<tr>\n<td>Pantalla retroiluminada<\/td>\n<td>S\u00ed<\/td>\n<\/tr>\n<tr>\n<td>Mediciones de retenci\u00f3n de picos<\/td>\n<td>S\u00ed<\/td>\n<\/tr>\n<tr>\n<td>Ajuste cero<\/td>\n<td>S\u00ed<\/td>\n<\/tr>\n<tr>\n<td>Indicador de rango excesivo<\/td>\n<td>S\u00ed (Alarma sonora a 20 kg)<\/td>\n<\/tr>\n<tr>\n<td>Capacidades de registro de datos<\/td>\n<td>S\u00ed<\/td>\n<\/tr>\n<tr>\n<td>Reloj en tiempo real y sello de fecha<\/td>\n<td>S\u00ed<\/td>\n<\/tr>\n<tr>\n<td>Frecuencia de muestreo seleccionable<\/td>\n<td>S\u00ed (1, 2, 5, 10, 30, 60, 120, 300, 600, 1800, 3600)<\/td>\n<\/tr>\n<tr>\n<td>Memoria externa<\/td>\n<td>S\u00ed, ampliable hasta 16 Gb con tarjeta SD (opcional)<\/td>\n<\/tr>\n<tr>\n<td>Apagado autom\u00e1tico<\/td>\n<td>S\u00ed (despu\u00e9s de 10 minutos\/apagado)<\/td>\n<\/tr>\n<tr>\n<td>Indicador de bater\u00eda baja<\/td>\n<td>S\u00ed<\/td>\n<\/tr>\n<tr>\n<td>Fuente de alimentaci\u00f3n<\/td>\n<td>6 pilas AA o adaptador de CA (opcional)<\/td>\n<\/tr>\n<tr>\n<td>Salida<\/td>\n<td>S\u00ed<\/td>\n<\/tr>\n<tr>\n<td>Duraci\u00f3n de la bater\u00eda<\/td>\n<td>Depende del tiempo de muestreo<\/td>\n<\/tr>\n<tr>\n<td>Conectividad de PC<\/td>\n<td>Cable USB (opcional)<\/td>\n<\/tr>\n<tr>\n<td>Software<\/td>\n<td>SW-U801-WIN (opcional)<\/td>\n<\/tr>\n<tr>\n<td>Compatibilidad con el sistema operativo de software<\/td>\n<td>Windows XP \/ Vista \/ 7<\/td>\n<\/tr>\n<tr>\n<td>Certificaciones de productos<\/td>\n<td>Despu\u00e9s de Cristo<\/td>\n<\/tr>\n<tr>\n<td>Temperatura de funcionamiento<\/td>\n<td>0 a 122 \u00b0F (0 a 50 \u00b0C)<\/td>\n<\/tr>\n<tr>\n<td>Temperatura de almacenamiento<\/td>\n<td>De -14 a 140 \u00b0C (de 10 a 60 \u00b0F)<\/td>\n<\/tr>\n<tr>\n<td>Rango de humedad de funcionamiento<\/td>\n<td>Del 10 al 85%<\/td>\n<\/tr>\n<tr>\n<td>Dimensiones<\/td>\n<td>215 x 90 x 45 mm (8,5 x 3,5 x 1,8&#8243;)<\/td>\n<\/tr>\n<tr>\n<td>Peso<\/td>\n<td>1 g (43,650 libras)<\/td>\n<\/tr>\n<\/tbody>\n<\/table>\n","protected":false},"excerpt":{"rendered":"<p class=\"short-description mhide ipad-view-setting\">El registrador de datos en tiempo real con tarjeta de memoria SD integrada (opcional) mide\/registra fuerzas de empuje y tracci\u00f3n de hasta 44 lb (20 kg) y cuenta con una pantalla reversible que garantiza que las mediciones se lean f\u00e1cilmente, independientemente de la direcci\u00f3n de la prueba.<\/p>\n<div class=\"row-fluid\">\n<div class=\"span12 mobile-pricing-box-padding\">\n<form id=\"60644\" accept-charset=\"utf-8\" action=\"https:\/\/www.globaltestsupply.com\/shop\/add\" method=\"post\" name=\"addTocartFunction\">\n<div><\/div>\n<\/form>\n<\/div>\n<\/div>\n","protected":false},"featured_media":7681,"comment_status":"open","ping_status":"closed","template":"","meta":{"_joinchat":[]},"product_brand":[],"product_cat":[15],"product_tag":[],"class_list":{"0":"post-7617","1":"product","2":"type-product","3":"status-publish","4":"has-post-thumbnail","6":"product_cat-sin-categorizar","8":"first","9":"instock","10":"shipping-taxable","11":"product-type-simple"},"yoast_head":"<!-- This site is optimized with the Yoast SEO plugin v26.4 - https:\/\/yoast.com\/wordpress\/plugins\/seo\/ -->\n<title>Reed sd-6020-nist medidor de fuerza de registro de datos, 44 libras (20 kg) - Abaa tienda online<\/title>\n<meta name=\"robots\" content=\"index, follow, max-snippet:-1, max-image-preview:large, max-video-preview:-1\" \/>\n<link rel=\"canonical\" href=\"https:\/\/abaa.mx\/tienda\/reed-sd-6020-nist-medidor-de-fuerza-de-registro-de-datos-44-libras-20-kg\/\" \/>\n<meta property=\"og:locale\" content=\"es_MX\" \/>\n<meta property=\"og:type\" content=\"article\" \/>\n<meta property=\"og:title\" content=\"Reed sd-6020-nist medidor de fuerza de registro de datos, 44 libras (20 kg) - Abaa tienda online\" \/>\n<meta property=\"og:description\" content=\"El registrador de datos en tiempo real con tarjeta de memoria SD integrada (opcional) mide\/registra fuerzas de empuje y tracci\u00f3n de hasta 44 lb (20 kg) y cuenta con una pantalla reversible que garantiza que las mediciones se lean f\u00e1cilmente, independientemente de la direcci\u00f3n de la prueba.\" \/>\n<meta property=\"og:url\" content=\"https:\/\/abaa.mx\/tienda\/reed-sd-6020-nist-medidor-de-fuerza-de-registro-de-datos-44-libras-20-kg\/\" \/>\n<meta property=\"og:site_name\" content=\"Abaa tienda online\" \/>\n<meta property=\"article:modified_time\" content=\"2023-10-24T17:47:21+00:00\" \/>\n<meta property=\"og:image\" content=\"https:\/\/abaa.mx\/tienda\/wp-content\/uploads\/2023\/10\/SD-6020-NIST.jpg\" \/>\n\t<meta property=\"og:image:width\" content=\"300\" \/>\n\t<meta property=\"og:image:height\" content=\"399\" \/>\n\t<meta property=\"og:image:type\" content=\"image\/jpeg\" \/>\n<meta name=\"twitter:card\" content=\"summary_large_image\" \/>\n<meta name=\"twitter:label1\" content=\"Tiempo de lectura\" \/>\n\t<meta name=\"twitter:data1\" content=\"3 minutos\" \/>\n<script type=\"application\/ld+json\" class=\"yoast-schema-graph\">{\"@context\":\"https:\/\/schema.org\",\"@graph\":[{\"@type\":\"WebPage\",\"@id\":\"https:\/\/abaa.mx\/tienda\/reed-sd-6020-nist-medidor-de-fuerza-de-registro-de-datos-44-libras-20-kg\/\",\"url\":\"https:\/\/abaa.mx\/tienda\/reed-sd-6020-nist-medidor-de-fuerza-de-registro-de-datos-44-libras-20-kg\/\",\"name\":\"Reed sd-6020-nist medidor de fuerza de registro de datos, 44 libras (20 kg) - Abaa tienda online\",\"isPartOf\":{\"@id\":\"https:\/\/abaa.mx\/tienda\/#website\"},\"primaryImageOfPage\":{\"@id\":\"https:\/\/abaa.mx\/tienda\/reed-sd-6020-nist-medidor-de-fuerza-de-registro-de-datos-44-libras-20-kg\/#primaryimage\"},\"image\":{\"@id\":\"https:\/\/abaa.mx\/tienda\/reed-sd-6020-nist-medidor-de-fuerza-de-registro-de-datos-44-libras-20-kg\/#primaryimage\"},\"thumbnailUrl\":\"https:\/\/abaa.mx\/tienda\/wp-content\/uploads\/2023\/10\/SD-6020-NIST.jpg\",\"datePublished\":\"2023-10-24T17:47:20+00:00\",\"dateModified\":\"2023-10-24T17:47:21+00:00\",\"breadcrumb\":{\"@id\":\"https:\/\/abaa.mx\/tienda\/reed-sd-6020-nist-medidor-de-fuerza-de-registro-de-datos-44-libras-20-kg\/#breadcrumb\"},\"inLanguage\":\"es\",\"potentialAction\":[{\"@type\":\"ReadAction\",\"target\":[\"https:\/\/abaa.mx\/tienda\/reed-sd-6020-nist-medidor-de-fuerza-de-registro-de-datos-44-libras-20-kg\/\"]}]},{\"@type\":\"ImageObject\",\"inLanguage\":\"es\",\"@id\":\"https:\/\/abaa.mx\/tienda\/reed-sd-6020-nist-medidor-de-fuerza-de-registro-de-datos-44-libras-20-kg\/#primaryimage\",\"url\":\"https:\/\/abaa.mx\/tienda\/wp-content\/uploads\/2023\/10\/SD-6020-NIST.jpg\",\"contentUrl\":\"https:\/\/abaa.mx\/tienda\/wp-content\/uploads\/2023\/10\/SD-6020-NIST.jpg\",\"width\":300,\"height\":399,\"caption\":\"reed-sd-6020-nist-medidor-de-fuerza-de-registro-de-datos-44-libras-20-kg\"},{\"@type\":\"BreadcrumbList\",\"@id\":\"https:\/\/abaa.mx\/tienda\/reed-sd-6020-nist-medidor-de-fuerza-de-registro-de-datos-44-libras-20-kg\/#breadcrumb\",\"itemListElement\":[{\"@type\":\"ListItem\",\"position\":1,\"name\":\"Inicio\",\"item\":\"https:\/\/abaa.mx\/tienda\/\"},{\"@type\":\"ListItem\",\"position\":2,\"name\":\"Tienda\",\"item\":\"https:\/\/abaa.mx\/tienda\/\"},{\"@type\":\"ListItem\",\"position\":3,\"name\":\"Reed sd-6020-nist medidor de fuerza de registro de datos, 44 libras (20 kg)\"}]},{\"@type\":\"WebSite\",\"@id\":\"https:\/\/abaa.mx\/tienda\/#website\",\"url\":\"https:\/\/abaa.mx\/tienda\/\",\"name\":\"Abaa tienda online\",\"description\":\"Instrumentos de medici\u00f3n\",\"publisher\":{\"@id\":\"https:\/\/abaa.mx\/tienda\/#organization\"},\"potentialAction\":[{\"@type\":\"SearchAction\",\"target\":{\"@type\":\"EntryPoint\",\"urlTemplate\":\"https:\/\/abaa.mx\/tienda\/?s={search_term_string}\"},\"query-input\":{\"@type\":\"PropertyValueSpecification\",\"valueRequired\":true,\"valueName\":\"search_term_string\"}}],\"inLanguage\":\"es\"},{\"@type\":\"Organization\",\"@id\":\"https:\/\/abaa.mx\/tienda\/#organization\",\"name\":\"Abaa tienda online\",\"url\":\"https:\/\/abaa.mx\/tienda\/\",\"logo\":{\"@type\":\"ImageObject\",\"inLanguage\":\"es\",\"@id\":\"https:\/\/abaa.mx\/tienda\/#\/schema\/logo\/image\/\",\"url\":\"https:\/\/abaa.mx\/tienda\/wp-content\/uploads\/2024\/01\/abaa-metrologia-tienda.png\",\"contentUrl\":\"https:\/\/abaa.mx\/tienda\/wp-content\/uploads\/2024\/01\/abaa-metrologia-tienda.png\",\"width\":300,\"height\":141,\"caption\":\"Abaa tienda online\"},\"image\":{\"@id\":\"https:\/\/abaa.mx\/tienda\/#\/schema\/logo\/image\/\"}}]}<\/script>\n<!-- \/ Yoast SEO plugin. -->","yoast_head_json":{"title":"Reed sd-6020-nist medidor de fuerza de registro de datos, 44 libras (20 kg) - Abaa tienda online","robots":{"index":"index","follow":"follow","max-snippet":"max-snippet:-1","max-image-preview":"max-image-preview:large","max-video-preview":"max-video-preview:-1"},"canonical":"https:\/\/abaa.mx\/tienda\/reed-sd-6020-nist-medidor-de-fuerza-de-registro-de-datos-44-libras-20-kg\/","og_locale":"es_MX","og_type":"article","og_title":"Reed sd-6020-nist medidor de fuerza de registro de datos, 44 libras (20 kg) - Abaa tienda online","og_description":"El registrador de datos en tiempo real con tarjeta de memoria SD integrada (opcional) mide\/registra fuerzas de empuje y tracci\u00f3n de hasta 44 lb (20 kg) y cuenta con una pantalla reversible que garantiza que las mediciones se lean f\u00e1cilmente, independientemente de la direcci\u00f3n de la prueba.","og_url":"https:\/\/abaa.mx\/tienda\/reed-sd-6020-nist-medidor-de-fuerza-de-registro-de-datos-44-libras-20-kg\/","og_site_name":"Abaa tienda online","article_modified_time":"2023-10-24T17:47:21+00:00","og_image":[{"width":300,"height":399,"url":"https:\/\/abaa.mx\/tienda\/wp-content\/uploads\/2023\/10\/SD-6020-NIST.jpg","type":"image\/jpeg"}],"twitter_card":"summary_large_image","twitter_misc":{"Tiempo de lectura":"3 minutos"},"schema":{"@context":"https:\/\/schema.org","@graph":[{"@type":"WebPage","@id":"https:\/\/abaa.mx\/tienda\/reed-sd-6020-nist-medidor-de-fuerza-de-registro-de-datos-44-libras-20-kg\/","url":"https:\/\/abaa.mx\/tienda\/reed-sd-6020-nist-medidor-de-fuerza-de-registro-de-datos-44-libras-20-kg\/","name":"Reed sd-6020-nist medidor de fuerza de registro de datos, 44 libras (20 kg) - Abaa tienda online","isPartOf":{"@id":"https:\/\/abaa.mx\/tienda\/#website"},"primaryImageOfPage":{"@id":"https:\/\/abaa.mx\/tienda\/reed-sd-6020-nist-medidor-de-fuerza-de-registro-de-datos-44-libras-20-kg\/#primaryimage"},"image":{"@id":"https:\/\/abaa.mx\/tienda\/reed-sd-6020-nist-medidor-de-fuerza-de-registro-de-datos-44-libras-20-kg\/#primaryimage"},"thumbnailUrl":"https:\/\/abaa.mx\/tienda\/wp-content\/uploads\/2023\/10\/SD-6020-NIST.jpg","datePublished":"2023-10-24T17:47:20+00:00","dateModified":"2023-10-24T17:47:21+00:00","breadcrumb":{"@id":"https:\/\/abaa.mx\/tienda\/reed-sd-6020-nist-medidor-de-fuerza-de-registro-de-datos-44-libras-20-kg\/#breadcrumb"},"inLanguage":"es","potentialAction":[{"@type":"ReadAction","target":["https:\/\/abaa.mx\/tienda\/reed-sd-6020-nist-medidor-de-fuerza-de-registro-de-datos-44-libras-20-kg\/"]}]},{"@type":"ImageObject","inLanguage":"es","@id":"https:\/\/abaa.mx\/tienda\/reed-sd-6020-nist-medidor-de-fuerza-de-registro-de-datos-44-libras-20-kg\/#primaryimage","url":"https:\/\/abaa.mx\/tienda\/wp-content\/uploads\/2023\/10\/SD-6020-NIST.jpg","contentUrl":"https:\/\/abaa.mx\/tienda\/wp-content\/uploads\/2023\/10\/SD-6020-NIST.jpg","width":300,"height":399,"caption":"reed-sd-6020-nist-medidor-de-fuerza-de-registro-de-datos-44-libras-20-kg"},{"@type":"BreadcrumbList","@id":"https:\/\/abaa.mx\/tienda\/reed-sd-6020-nist-medidor-de-fuerza-de-registro-de-datos-44-libras-20-kg\/#breadcrumb","itemListElement":[{"@type":"ListItem","position":1,"name":"Inicio","item":"https:\/\/abaa.mx\/tienda\/"},{"@type":"ListItem","position":2,"name":"Tienda","item":"https:\/\/abaa.mx\/tienda\/"},{"@type":"ListItem","position":3,"name":"Reed sd-6020-nist medidor de fuerza de registro de datos, 44 libras (20 kg)"}]},{"@type":"WebSite","@id":"https:\/\/abaa.mx\/tienda\/#website","url":"https:\/\/abaa.mx\/tienda\/","name":"Abaa tienda online","description":"Instrumentos de medici\u00f3n","publisher":{"@id":"https:\/\/abaa.mx\/tienda\/#organization"},"potentialAction":[{"@type":"SearchAction","target":{"@type":"EntryPoint","urlTemplate":"https:\/\/abaa.mx\/tienda\/?s={search_term_string}"},"query-input":{"@type":"PropertyValueSpecification","valueRequired":true,"valueName":"search_term_string"}}],"inLanguage":"es"},{"@type":"Organization","@id":"https:\/\/abaa.mx\/tienda\/#organization","name":"Abaa tienda online","url":"https:\/\/abaa.mx\/tienda\/","logo":{"@type":"ImageObject","inLanguage":"es","@id":"https:\/\/abaa.mx\/tienda\/#\/schema\/logo\/image\/","url":"https:\/\/abaa.mx\/tienda\/wp-content\/uploads\/2024\/01\/abaa-metrologia-tienda.png","contentUrl":"https:\/\/abaa.mx\/tienda\/wp-content\/uploads\/2024\/01\/abaa-metrologia-tienda.png","width":300,"height":141,"caption":"Abaa tienda online"},"image":{"@id":"https:\/\/abaa.mx\/tienda\/#\/schema\/logo\/image\/"}}]}},"_links":{"self":[{"href":"https:\/\/abaa.mx\/tienda\/wp-json\/wp\/v2\/product\/7617","targetHints":{"allow":["GET"]}}],"collection":[{"href":"https:\/\/abaa.mx\/tienda\/wp-json\/wp\/v2\/product"}],"about":[{"href":"https:\/\/abaa.mx\/tienda\/wp-json\/wp\/v2\/types\/product"}],"replies":[{"embeddable":true,"href":"https:\/\/abaa.mx\/tienda\/wp-json\/wp\/v2\/comments?post=7617"}],"wp:featuredmedia":[{"embeddable":true,"href":"https:\/\/abaa.mx\/tienda\/wp-json\/wp\/v2\/media\/7681"}],"wp:attachment":[{"href":"https:\/\/abaa.mx\/tienda\/wp-json\/wp\/v2\/media?parent=7617"}],"wp:term":[{"taxonomy":"product_brand","embeddable":true,"href":"https:\/\/abaa.mx\/tienda\/wp-json\/wp\/v2\/product_brand?post=7617"},{"taxonomy":"product_cat","embeddable":true,"href":"https:\/\/abaa.mx\/tienda\/wp-json\/wp\/v2\/product_cat?post=7617"},{"taxonomy":"product_tag","embeddable":true,"href":"https:\/\/abaa.mx\/tienda\/wp-json\/wp\/v2\/product_tag?post=7617"}],"curies":[{"name":"wp","href":"https:\/\/api.w.org\/{rel}","templated":true}]}}