{"id":7605,"date":"2023-10-24T16:31:11","date_gmt":"2023-10-24T16:31:11","guid":{"rendered":"https:\/\/abaa.mx\/tienda\/?post_type=product&#038;p=7605"},"modified":"2023-10-24T16:31:11","modified_gmt":"2023-10-24T16:31:11","slug":"termometro-de-abrazadera-de-tubo-con-sonda-inteligente-testo-115i","status":"publish","type":"product","link":"https:\/\/abaa.mx\/tienda\/termometro-de-abrazadera-de-tubo-con-sonda-inteligente-testo-115i\/","title":{"rendered":"Term\u00f3metro de abrazadera de tubo con sonda inteligente testo 115i"},"content":{"rendered":"<p>Esta sonda inteligente es una sonda de abrazadera de tuber\u00eda que mide la temperatura en las tuber\u00edas con mayor precisi\u00f3n que los termopares debido a la tecnolog\u00eda superior del sensor de temperatura NTC. El dise\u00f1o de la sonda agarra tuber\u00edas de hasta 1,5&#8243; y mantiene un contacto cr\u00edtico entre la sonda y la superficie de la tuber\u00eda para obtener las mejores lecturas.<\/p>\n<p>Los usuarios pueden leer las mediciones utilizando la aplicaci\u00f3n testo Smart Probes instalada en su dispositivo inteligente. Le permite leer de forma remota las mediciones de hasta seis sondas inteligentes y documentar\/informar f\u00e1cilmente los resultados, y todos los datos de medici\u00f3n se muestran como lecturas de instrumentos, tablas o gr\u00e1ficos. Las mediciones se pueden guardar r\u00e1pidamente como archivos PDF o Excel, y la aplicaci\u00f3n puede crear informes personalizados que se pueden guardar y\/o compartir por correo electr\u00f3nico.<\/p>\n<p><strong>Funciones<\/strong><\/p>\n<ul>\n<li>Mide la temperatura de las tuber\u00edas en los sistemas de calefacci\u00f3n y refrigeraci\u00f3n<\/li>\n<li>Alcance Bluetooth de hasta 350&#8242;<\/li>\n<li>Identifique r\u00e1pidamente los cambios de temperatura mediante la supervisi\u00f3n de las tendencias en tiempo real y el registro de datos<\/li>\n<li>El sensor de temperatura NTC es m\u00e1s preciso y estable que los termopares<\/li>\n<li>Resistente, preciso y f\u00e1cil de usar<\/li>\n<\/ul>\n<p><strong>Aplicaciones<\/strong><\/p>\n<ul>\n<li>HVAC\/R<\/li>\n<\/ul>\n<h4>Especificaciones de Testo 115i<\/h4>\n<table class=\"table table-striped\">\n<tbody>\n<tr>\n<td>Tipo de sensor<\/td>\n<td>NTC<\/td>\n<\/tr>\n<tr>\n<td>Rango de medici\u00f3n<\/td>\n<td>-58 a 302 \u00b0F (-50 a 150 \u00b0C)<\/td>\n<\/tr>\n<tr>\n<td>Exactitud<\/td>\n<td>\u00b12.3 \u00b0F (-4 a 185 \u00b0F)<\/td>\n<\/tr>\n<tr>\n<td>Resoluci\u00f3n<\/td>\n<td>0.1 \u00b0F<\/td>\n<\/tr>\n<tr>\n<td>Compatibilidad<\/td>\n<td>Requiere iOS 8.3 (o posterior)\/Android 4.3 (o posterior); requiere un dispositivo m\u00f3vil con Bluetooth 4.0<\/td>\n<\/tr>\n<tr>\n<td>Temperatura de funcionamiento<\/td>\n<td>-4 a 122 \u00b0F (-20 a 50 \u00b0C)<\/td>\n<\/tr>\n<tr>\n<td>Temperatura de almacenamiento<\/td>\n<td>-4 a 140 \u00b0F (-20 a 60 \u00b0C)<\/td>\n<\/tr>\n<tr>\n<td>Di\u00e1metro de la abertura de la abrazadera<\/td>\n<td>.25 a 1.5&#8243;<\/td>\n<\/tr>\n<tr>\n<td>Bater\u00eda<\/td>\n<td>Tipo: 3 pilas<br \/>\nAAA Duraci\u00f3n: 150 horas<\/td>\n<\/tr>\n<tr>\n<td>Unidades de medida<\/td>\n<td>\u00b0F, \u00b0C<\/td>\n<\/tr>\n<tr>\n<td>Dimensiones<\/td>\n<td>7.2 x 3.5 x 1.2&#8243;<\/td>\n<\/tr>\n<\/tbody>\n<\/table>\n","protected":false},"excerpt":{"rendered":"<p class=\"short-description mhide ipad-view-setting\">Identifica r\u00e1pidamente los cambios de temperatura mediante el monitoreo de tendencias en tiempo real y el registro de datos, este term\u00f3metro resistente, preciso y f\u00e1cil de usar tambi\u00e9n cuenta con un rango Bluetooth de hasta 350 &#8216;. Mide con precisi\u00f3n la temperatura de las tuber\u00edas en los sistemas de calefacci\u00f3n y refrigeraci\u00f3n con tecnolog\u00eda de sensor de temperatura NTC.<\/p>\n<p class=\"comment-tag-product\">\n<div class=\"row-fluid\">\n<div class=\"span12 mobile-pricing-box-padding\">\n<form id=\"124098\" accept-charset=\"utf-8\" action=\"https:\/\/www.globaltestsupply.com\/shop\/add\" method=\"post\" name=\"addTocartFunction\">\n<div><\/div>\n<\/form>\n<\/div>\n<\/div>\n","protected":false},"featured_media":7638,"comment_status":"open","ping_status":"closed","template":"","meta":{"_joinchat":[]},"product_brand":[],"product_cat":[15],"product_tag":[],"class_list":{"0":"post-7605","1":"product","2":"type-product","3":"status-publish","4":"has-post-thumbnail","6":"product_cat-sin-categorizar","8":"first","9":"instock","10":"shipping-taxable","11":"product-type-simple"},"yoast_head":"<!-- This site is optimized with the Yoast SEO plugin v26.4 - https:\/\/yoast.com\/wordpress\/plugins\/seo\/ -->\n<title>Term\u00f3metro de abrazadera de tubo con sonda inteligente testo 115i - Abaa tienda online<\/title>\n<meta name=\"robots\" content=\"index, follow, max-snippet:-1, max-image-preview:large, max-video-preview:-1\" \/>\n<link rel=\"canonical\" href=\"https:\/\/abaa.mx\/tienda\/termometro-de-abrazadera-de-tubo-con-sonda-inteligente-testo-115i\/\" \/>\n<meta property=\"og:locale\" content=\"es_MX\" \/>\n<meta property=\"og:type\" content=\"article\" \/>\n<meta property=\"og:title\" content=\"Term\u00f3metro de abrazadera de tubo con sonda inteligente testo 115i - Abaa tienda online\" \/>\n<meta property=\"og:description\" content=\"Identifica r\u00e1pidamente los cambios de temperatura mediante el monitoreo de tendencias en tiempo real y el registro de datos, este term\u00f3metro resistente, preciso y f\u00e1cil de usar tambi\u00e9n cuenta con un rango Bluetooth de hasta 350 &#039;. Mide con precisi\u00f3n la temperatura de las tuber\u00edas en los sistemas de calefacci\u00f3n y refrigeraci\u00f3n con tecnolog\u00eda de sensor de temperatura NTC.\" \/>\n<meta property=\"og:url\" content=\"https:\/\/abaa.mx\/tienda\/termometro-de-abrazadera-de-tubo-con-sonda-inteligente-testo-115i\/\" \/>\n<meta property=\"og:site_name\" content=\"Abaa tienda online\" \/>\n<meta property=\"og:image\" content=\"https:\/\/abaa.mx\/tienda\/wp-content\/uploads\/2023\/10\/115i.jpg\" \/>\n\t<meta property=\"og:image:width\" content=\"270\" \/>\n\t<meta property=\"og:image:height\" content=\"500\" \/>\n\t<meta property=\"og:image:type\" content=\"image\/jpeg\" \/>\n<meta name=\"twitter:card\" content=\"summary_large_image\" \/>\n<meta name=\"twitter:label1\" content=\"Tiempo de lectura\" \/>\n\t<meta name=\"twitter:data1\" content=\"2 minutos\" \/>\n<script type=\"application\/ld+json\" class=\"yoast-schema-graph\">{\"@context\":\"https:\/\/schema.org\",\"@graph\":[{\"@type\":\"WebPage\",\"@id\":\"https:\/\/abaa.mx\/tienda\/termometro-de-abrazadera-de-tubo-con-sonda-inteligente-testo-115i\/\",\"url\":\"https:\/\/abaa.mx\/tienda\/termometro-de-abrazadera-de-tubo-con-sonda-inteligente-testo-115i\/\",\"name\":\"Term\u00f3metro de abrazadera de tubo con sonda inteligente testo 115i - Abaa tienda online\",\"isPartOf\":{\"@id\":\"https:\/\/abaa.mx\/tienda\/#website\"},\"primaryImageOfPage\":{\"@id\":\"https:\/\/abaa.mx\/tienda\/termometro-de-abrazadera-de-tubo-con-sonda-inteligente-testo-115i\/#primaryimage\"},\"image\":{\"@id\":\"https:\/\/abaa.mx\/tienda\/termometro-de-abrazadera-de-tubo-con-sonda-inteligente-testo-115i\/#primaryimage\"},\"thumbnailUrl\":\"https:\/\/abaa.mx\/tienda\/wp-content\/uploads\/2023\/10\/115i.jpg\",\"datePublished\":\"2023-10-24T16:31:11+00:00\",\"breadcrumb\":{\"@id\":\"https:\/\/abaa.mx\/tienda\/termometro-de-abrazadera-de-tubo-con-sonda-inteligente-testo-115i\/#breadcrumb\"},\"inLanguage\":\"es\",\"potentialAction\":[{\"@type\":\"ReadAction\",\"target\":[\"https:\/\/abaa.mx\/tienda\/termometro-de-abrazadera-de-tubo-con-sonda-inteligente-testo-115i\/\"]}]},{\"@type\":\"ImageObject\",\"inLanguage\":\"es\",\"@id\":\"https:\/\/abaa.mx\/tienda\/termometro-de-abrazadera-de-tubo-con-sonda-inteligente-testo-115i\/#primaryimage\",\"url\":\"https:\/\/abaa.mx\/tienda\/wp-content\/uploads\/2023\/10\/115i.jpg\",\"contentUrl\":\"https:\/\/abaa.mx\/tienda\/wp-content\/uploads\/2023\/10\/115i.jpg\",\"width\":270,\"height\":500,\"caption\":\"115i\"},{\"@type\":\"BreadcrumbList\",\"@id\":\"https:\/\/abaa.mx\/tienda\/termometro-de-abrazadera-de-tubo-con-sonda-inteligente-testo-115i\/#breadcrumb\",\"itemListElement\":[{\"@type\":\"ListItem\",\"position\":1,\"name\":\"Inicio\",\"item\":\"https:\/\/abaa.mx\/tienda\/\"},{\"@type\":\"ListItem\",\"position\":2,\"name\":\"Tienda\",\"item\":\"https:\/\/abaa.mx\/tienda\/\"},{\"@type\":\"ListItem\",\"position\":3,\"name\":\"Term\u00f3metro de abrazadera de tubo con sonda inteligente testo 115i\"}]},{\"@type\":\"WebSite\",\"@id\":\"https:\/\/abaa.mx\/tienda\/#website\",\"url\":\"https:\/\/abaa.mx\/tienda\/\",\"name\":\"Abaa tienda online\",\"description\":\"Instrumentos de medici\u00f3n\",\"publisher\":{\"@id\":\"https:\/\/abaa.mx\/tienda\/#organization\"},\"potentialAction\":[{\"@type\":\"SearchAction\",\"target\":{\"@type\":\"EntryPoint\",\"urlTemplate\":\"https:\/\/abaa.mx\/tienda\/?s={search_term_string}\"},\"query-input\":{\"@type\":\"PropertyValueSpecification\",\"valueRequired\":true,\"valueName\":\"search_term_string\"}}],\"inLanguage\":\"es\"},{\"@type\":\"Organization\",\"@id\":\"https:\/\/abaa.mx\/tienda\/#organization\",\"name\":\"Abaa tienda online\",\"url\":\"https:\/\/abaa.mx\/tienda\/\",\"logo\":{\"@type\":\"ImageObject\",\"inLanguage\":\"es\",\"@id\":\"https:\/\/abaa.mx\/tienda\/#\/schema\/logo\/image\/\",\"url\":\"https:\/\/abaa.mx\/tienda\/wp-content\/uploads\/2024\/01\/abaa-metrologia-tienda.png\",\"contentUrl\":\"https:\/\/abaa.mx\/tienda\/wp-content\/uploads\/2024\/01\/abaa-metrologia-tienda.png\",\"width\":300,\"height\":141,\"caption\":\"Abaa tienda online\"},\"image\":{\"@id\":\"https:\/\/abaa.mx\/tienda\/#\/schema\/logo\/image\/\"}}]}<\/script>\n<!-- \/ Yoast SEO plugin. -->","yoast_head_json":{"title":"Term\u00f3metro de abrazadera de tubo con sonda inteligente testo 115i - Abaa tienda online","robots":{"index":"index","follow":"follow","max-snippet":"max-snippet:-1","max-image-preview":"max-image-preview:large","max-video-preview":"max-video-preview:-1"},"canonical":"https:\/\/abaa.mx\/tienda\/termometro-de-abrazadera-de-tubo-con-sonda-inteligente-testo-115i\/","og_locale":"es_MX","og_type":"article","og_title":"Term\u00f3metro de abrazadera de tubo con sonda inteligente testo 115i - Abaa tienda online","og_description":"Identifica r\u00e1pidamente los cambios de temperatura mediante el monitoreo de tendencias en tiempo real y el registro de datos, este term\u00f3metro resistente, preciso y f\u00e1cil de usar tambi\u00e9n cuenta con un rango Bluetooth de hasta 350 '. Mide con precisi\u00f3n la temperatura de las tuber\u00edas en los sistemas de calefacci\u00f3n y refrigeraci\u00f3n con tecnolog\u00eda de sensor de temperatura NTC.","og_url":"https:\/\/abaa.mx\/tienda\/termometro-de-abrazadera-de-tubo-con-sonda-inteligente-testo-115i\/","og_site_name":"Abaa tienda online","og_image":[{"width":270,"height":500,"url":"https:\/\/abaa.mx\/tienda\/wp-content\/uploads\/2023\/10\/115i.jpg","type":"image\/jpeg"}],"twitter_card":"summary_large_image","twitter_misc":{"Tiempo de lectura":"2 minutos"},"schema":{"@context":"https:\/\/schema.org","@graph":[{"@type":"WebPage","@id":"https:\/\/abaa.mx\/tienda\/termometro-de-abrazadera-de-tubo-con-sonda-inteligente-testo-115i\/","url":"https:\/\/abaa.mx\/tienda\/termometro-de-abrazadera-de-tubo-con-sonda-inteligente-testo-115i\/","name":"Term\u00f3metro de abrazadera de tubo con sonda inteligente testo 115i - Abaa tienda online","isPartOf":{"@id":"https:\/\/abaa.mx\/tienda\/#website"},"primaryImageOfPage":{"@id":"https:\/\/abaa.mx\/tienda\/termometro-de-abrazadera-de-tubo-con-sonda-inteligente-testo-115i\/#primaryimage"},"image":{"@id":"https:\/\/abaa.mx\/tienda\/termometro-de-abrazadera-de-tubo-con-sonda-inteligente-testo-115i\/#primaryimage"},"thumbnailUrl":"https:\/\/abaa.mx\/tienda\/wp-content\/uploads\/2023\/10\/115i.jpg","datePublished":"2023-10-24T16:31:11+00:00","breadcrumb":{"@id":"https:\/\/abaa.mx\/tienda\/termometro-de-abrazadera-de-tubo-con-sonda-inteligente-testo-115i\/#breadcrumb"},"inLanguage":"es","potentialAction":[{"@type":"ReadAction","target":["https:\/\/abaa.mx\/tienda\/termometro-de-abrazadera-de-tubo-con-sonda-inteligente-testo-115i\/"]}]},{"@type":"ImageObject","inLanguage":"es","@id":"https:\/\/abaa.mx\/tienda\/termometro-de-abrazadera-de-tubo-con-sonda-inteligente-testo-115i\/#primaryimage","url":"https:\/\/abaa.mx\/tienda\/wp-content\/uploads\/2023\/10\/115i.jpg","contentUrl":"https:\/\/abaa.mx\/tienda\/wp-content\/uploads\/2023\/10\/115i.jpg","width":270,"height":500,"caption":"115i"},{"@type":"BreadcrumbList","@id":"https:\/\/abaa.mx\/tienda\/termometro-de-abrazadera-de-tubo-con-sonda-inteligente-testo-115i\/#breadcrumb","itemListElement":[{"@type":"ListItem","position":1,"name":"Inicio","item":"https:\/\/abaa.mx\/tienda\/"},{"@type":"ListItem","position":2,"name":"Tienda","item":"https:\/\/abaa.mx\/tienda\/"},{"@type":"ListItem","position":3,"name":"Term\u00f3metro de abrazadera de tubo con sonda inteligente testo 115i"}]},{"@type":"WebSite","@id":"https:\/\/abaa.mx\/tienda\/#website","url":"https:\/\/abaa.mx\/tienda\/","name":"Abaa tienda online","description":"Instrumentos de medici\u00f3n","publisher":{"@id":"https:\/\/abaa.mx\/tienda\/#organization"},"potentialAction":[{"@type":"SearchAction","target":{"@type":"EntryPoint","urlTemplate":"https:\/\/abaa.mx\/tienda\/?s={search_term_string}"},"query-input":{"@type":"PropertyValueSpecification","valueRequired":true,"valueName":"search_term_string"}}],"inLanguage":"es"},{"@type":"Organization","@id":"https:\/\/abaa.mx\/tienda\/#organization","name":"Abaa tienda online","url":"https:\/\/abaa.mx\/tienda\/","logo":{"@type":"ImageObject","inLanguage":"es","@id":"https:\/\/abaa.mx\/tienda\/#\/schema\/logo\/image\/","url":"https:\/\/abaa.mx\/tienda\/wp-content\/uploads\/2024\/01\/abaa-metrologia-tienda.png","contentUrl":"https:\/\/abaa.mx\/tienda\/wp-content\/uploads\/2024\/01\/abaa-metrologia-tienda.png","width":300,"height":141,"caption":"Abaa tienda online"},"image":{"@id":"https:\/\/abaa.mx\/tienda\/#\/schema\/logo\/image\/"}}]}},"_links":{"self":[{"href":"https:\/\/abaa.mx\/tienda\/wp-json\/wp\/v2\/product\/7605","targetHints":{"allow":["GET"]}}],"collection":[{"href":"https:\/\/abaa.mx\/tienda\/wp-json\/wp\/v2\/product"}],"about":[{"href":"https:\/\/abaa.mx\/tienda\/wp-json\/wp\/v2\/types\/product"}],"replies":[{"embeddable":true,"href":"https:\/\/abaa.mx\/tienda\/wp-json\/wp\/v2\/comments?post=7605"}],"wp:featuredmedia":[{"embeddable":true,"href":"https:\/\/abaa.mx\/tienda\/wp-json\/wp\/v2\/media\/7638"}],"wp:attachment":[{"href":"https:\/\/abaa.mx\/tienda\/wp-json\/wp\/v2\/media?parent=7605"}],"wp:term":[{"taxonomy":"product_brand","embeddable":true,"href":"https:\/\/abaa.mx\/tienda\/wp-json\/wp\/v2\/product_brand?post=7605"},{"taxonomy":"product_cat","embeddable":true,"href":"https:\/\/abaa.mx\/tienda\/wp-json\/wp\/v2\/product_cat?post=7605"},{"taxonomy":"product_tag","embeddable":true,"href":"https:\/\/abaa.mx\/tienda\/wp-json\/wp\/v2\/product_tag?post=7605"}],"curies":[{"name":"wp","href":"https:\/\/api.w.org\/{rel}","templated":true}]}}