{"id":7602,"date":"2023-10-24T15:37:24","date_gmt":"2023-10-24T15:37:24","guid":{"rendered":"https:\/\/abaa.mx\/tienda\/?post_type=product&#038;p=7602"},"modified":"2023-12-22T19:29:31","modified_gmt":"2023-12-22T19:29:31","slug":"medidor-de-corriente-tension-testo-755-2-con-rotacion-de-fase-y-deteccion-de-tension-de-una-sola-sonda","status":"publish","type":"product","link":"https:\/\/abaa.mx\/tienda\/medidor-de-corriente-tension-testo-755-2-con-rotacion-de-fase-y-deteccion-de-tension-de-una-sola-sonda\/","title":{"rendered":"Dm66 &#8211; multimetro digital 600v ca-cd, corriente 10a ca-cd"},"content":{"rendered":"<div class=\"span10\">\n<div class=\"mhide ipad-view-setting\">\n<div class=\"row-fluid ProductTabs\">\n<div class=\"span12\">\n<div class=\"tab-content\">\n<div id=\"tab0\" class=\"product-tabs tab-pane active\">Dm66 &#8211; multimetro digital 600v ca-cd, corriente 10a ca-cd.<\/div>\n<\/div>\n<\/div>\n<\/div>\n<\/div>\n<\/div>\n","protected":false},"excerpt":{"rendered":"<h3>Caracter\u00edsticas:<\/h3>\n<div>\n<p>El mult\u00edmetro digital DM66 es ideal para t\u00e9cnicos de servicio de campo o de electr\u00f3nica de automatizaci\u00f3n, al ofrecer un completo conjunto de caracter\u00edsticas que incluye modo de baja impedancia (LoZ), frecuencia, diodo, capacitancia y una entrada de termopar tipo K para la medici\u00f3n de temperatura. El mult\u00edmetro combina muchas caracter\u00edsticas, mediciones precisas y una construcci\u00f3n de calidad en una herramienta de un valor excepcional. F\u00e1cil de usar y dise\u00f1ada para utilizar, la serie DM66 ofrece estabilidad a largo plazo para el uso diario.<\/p>\n<\/div>\n","protected":false},"featured_media":9961,"comment_status":"open","ping_status":"closed","template":"","meta":{"_joinchat":[]},"product_brand":[],"product_cat":[15],"product_tag":[],"class_list":{"0":"post-7602","1":"product","2":"type-product","3":"status-publish","4":"has-post-thumbnail","6":"product_cat-sin-categorizar","8":"first","9":"instock","10":"shipping-taxable","11":"product-type-simple"},"yoast_head":"<!-- This site is optimized with the Yoast SEO plugin v26.4 - https:\/\/yoast.com\/wordpress\/plugins\/seo\/ -->\n<title>Dm66 - multimetro digital 600v ca-cd, corriente 10a ca-cd - Abaa tienda online<\/title>\n<meta name=\"robots\" content=\"index, follow, max-snippet:-1, max-image-preview:large, max-video-preview:-1\" \/>\n<link rel=\"canonical\" href=\"https:\/\/abaa.mx\/tienda\/medidor-de-corriente-tension-testo-755-2-con-rotacion-de-fase-y-deteccion-de-tension-de-una-sola-sonda\/\" \/>\n<meta property=\"og:locale\" content=\"es_MX\" \/>\n<meta property=\"og:type\" content=\"article\" \/>\n<meta property=\"og:title\" content=\"Dm66 - multimetro digital 600v ca-cd, corriente 10a ca-cd - Abaa tienda online\" \/>\n<meta property=\"og:description\" content=\"Caracter\u00edsticas:   El mult\u00edmetro digital DM66 es ideal para t\u00e9cnicos de servicio de campo o de electr\u00f3nica de automatizaci\u00f3n, al ofrecer un completo conjunto de caracter\u00edsticas que incluye modo de baja impedancia (LoZ), frecuencia, diodo, capacitancia y una entrada de termopar tipo K para la medici\u00f3n de temperatura. El mult\u00edmetro combina muchas caracter\u00edsticas, mediciones precisas y una construcci\u00f3n de calidad en una herramienta de un valor excepcional. F\u00e1cil de usar y dise\u00f1ada para utilizar, la serie DM66 ofrece estabilidad a largo plazo para el uso diario.\" \/>\n<meta property=\"og:url\" content=\"https:\/\/abaa.mx\/tienda\/medidor-de-corriente-tension-testo-755-2-con-rotacion-de-fase-y-deteccion-de-tension-de-una-sola-sonda\/\" \/>\n<meta property=\"og:site_name\" content=\"Abaa tienda online\" \/>\n<meta property=\"article:modified_time\" content=\"2023-12-22T19:29:31+00:00\" \/>\n<meta property=\"og:image\" content=\"https:\/\/abaa.mx\/tienda\/wp-content\/uploads\/2023\/10\/FLIR-DM66.jpg\" \/>\n\t<meta property=\"og:image:width\" content=\"399\" \/>\n\t<meta property=\"og:image:height\" content=\"584\" \/>\n\t<meta property=\"og:image:type\" content=\"image\/jpeg\" \/>\n<meta name=\"twitter:card\" content=\"summary_large_image\" \/>\n<meta name=\"twitter:label1\" content=\"Tiempo de lectura\" \/>\n\t<meta name=\"twitter:data1\" content=\"1 minuto\" \/>\n<script type=\"application\/ld+json\" class=\"yoast-schema-graph\">{\"@context\":\"https:\/\/schema.org\",\"@graph\":[{\"@type\":\"WebPage\",\"@id\":\"https:\/\/abaa.mx\/tienda\/medidor-de-corriente-tension-testo-755-2-con-rotacion-de-fase-y-deteccion-de-tension-de-una-sola-sonda\/\",\"url\":\"https:\/\/abaa.mx\/tienda\/medidor-de-corriente-tension-testo-755-2-con-rotacion-de-fase-y-deteccion-de-tension-de-una-sola-sonda\/\",\"name\":\"Dm66 - multimetro digital 600v ca-cd, corriente 10a ca-cd - Abaa tienda online\",\"isPartOf\":{\"@id\":\"https:\/\/abaa.mx\/tienda\/#website\"},\"primaryImageOfPage\":{\"@id\":\"https:\/\/abaa.mx\/tienda\/medidor-de-corriente-tension-testo-755-2-con-rotacion-de-fase-y-deteccion-de-tension-de-una-sola-sonda\/#primaryimage\"},\"image\":{\"@id\":\"https:\/\/abaa.mx\/tienda\/medidor-de-corriente-tension-testo-755-2-con-rotacion-de-fase-y-deteccion-de-tension-de-una-sola-sonda\/#primaryimage\"},\"thumbnailUrl\":\"https:\/\/abaa.mx\/tienda\/wp-content\/uploads\/2023\/10\/FLIR-DM66.jpg\",\"datePublished\":\"2023-10-24T15:37:24+00:00\",\"dateModified\":\"2023-12-22T19:29:31+00:00\",\"breadcrumb\":{\"@id\":\"https:\/\/abaa.mx\/tienda\/medidor-de-corriente-tension-testo-755-2-con-rotacion-de-fase-y-deteccion-de-tension-de-una-sola-sonda\/#breadcrumb\"},\"inLanguage\":\"es\",\"potentialAction\":[{\"@type\":\"ReadAction\",\"target\":[\"https:\/\/abaa.mx\/tienda\/medidor-de-corriente-tension-testo-755-2-con-rotacion-de-fase-y-deteccion-de-tension-de-una-sola-sonda\/\"]}]},{\"@type\":\"ImageObject\",\"inLanguage\":\"es\",\"@id\":\"https:\/\/abaa.mx\/tienda\/medidor-de-corriente-tension-testo-755-2-con-rotacion-de-fase-y-deteccion-de-tension-de-una-sola-sonda\/#primaryimage\",\"url\":\"https:\/\/abaa.mx\/tienda\/wp-content\/uploads\/2023\/10\/FLIR-DM66.jpg\",\"contentUrl\":\"https:\/\/abaa.mx\/tienda\/wp-content\/uploads\/2023\/10\/FLIR-DM66.jpg\",\"width\":399,\"height\":584,\"caption\":\"FLIR-DM66\"},{\"@type\":\"BreadcrumbList\",\"@id\":\"https:\/\/abaa.mx\/tienda\/medidor-de-corriente-tension-testo-755-2-con-rotacion-de-fase-y-deteccion-de-tension-de-una-sola-sonda\/#breadcrumb\",\"itemListElement\":[{\"@type\":\"ListItem\",\"position\":1,\"name\":\"Inicio\",\"item\":\"https:\/\/abaa.mx\/tienda\/\"},{\"@type\":\"ListItem\",\"position\":2,\"name\":\"Tienda\",\"item\":\"https:\/\/abaa.mx\/tienda\/\"},{\"@type\":\"ListItem\",\"position\":3,\"name\":\"Dm66 &#8211; multimetro digital 600v ca-cd, corriente 10a ca-cd\"}]},{\"@type\":\"WebSite\",\"@id\":\"https:\/\/abaa.mx\/tienda\/#website\",\"url\":\"https:\/\/abaa.mx\/tienda\/\",\"name\":\"Abaa tienda online\",\"description\":\"Instrumentos de medici\u00f3n\",\"publisher\":{\"@id\":\"https:\/\/abaa.mx\/tienda\/#organization\"},\"potentialAction\":[{\"@type\":\"SearchAction\",\"target\":{\"@type\":\"EntryPoint\",\"urlTemplate\":\"https:\/\/abaa.mx\/tienda\/?s={search_term_string}\"},\"query-input\":{\"@type\":\"PropertyValueSpecification\",\"valueRequired\":true,\"valueName\":\"search_term_string\"}}],\"inLanguage\":\"es\"},{\"@type\":\"Organization\",\"@id\":\"https:\/\/abaa.mx\/tienda\/#organization\",\"name\":\"Abaa tienda online\",\"url\":\"https:\/\/abaa.mx\/tienda\/\",\"logo\":{\"@type\":\"ImageObject\",\"inLanguage\":\"es\",\"@id\":\"https:\/\/abaa.mx\/tienda\/#\/schema\/logo\/image\/\",\"url\":\"https:\/\/abaa.mx\/tienda\/wp-content\/uploads\/2024\/01\/abaa-metrologia-tienda.png\",\"contentUrl\":\"https:\/\/abaa.mx\/tienda\/wp-content\/uploads\/2024\/01\/abaa-metrologia-tienda.png\",\"width\":300,\"height\":141,\"caption\":\"Abaa tienda online\"},\"image\":{\"@id\":\"https:\/\/abaa.mx\/tienda\/#\/schema\/logo\/image\/\"}}]}<\/script>\n<!-- \/ Yoast SEO plugin. -->","yoast_head_json":{"title":"Dm66 - multimetro digital 600v ca-cd, corriente 10a ca-cd - Abaa tienda online","robots":{"index":"index","follow":"follow","max-snippet":"max-snippet:-1","max-image-preview":"max-image-preview:large","max-video-preview":"max-video-preview:-1"},"canonical":"https:\/\/abaa.mx\/tienda\/medidor-de-corriente-tension-testo-755-2-con-rotacion-de-fase-y-deteccion-de-tension-de-una-sola-sonda\/","og_locale":"es_MX","og_type":"article","og_title":"Dm66 - multimetro digital 600v ca-cd, corriente 10a ca-cd - Abaa tienda online","og_description":"Caracter\u00edsticas:   El mult\u00edmetro digital DM66 es ideal para t\u00e9cnicos de servicio de campo o de electr\u00f3nica de automatizaci\u00f3n, al ofrecer un completo conjunto de caracter\u00edsticas que incluye modo de baja impedancia (LoZ), frecuencia, diodo, capacitancia y una entrada de termopar tipo K para la medici\u00f3n de temperatura. El mult\u00edmetro combina muchas caracter\u00edsticas, mediciones precisas y una construcci\u00f3n de calidad en una herramienta de un valor excepcional. F\u00e1cil de usar y dise\u00f1ada para utilizar, la serie DM66 ofrece estabilidad a largo plazo para el uso diario.","og_url":"https:\/\/abaa.mx\/tienda\/medidor-de-corriente-tension-testo-755-2-con-rotacion-de-fase-y-deteccion-de-tension-de-una-sola-sonda\/","og_site_name":"Abaa tienda online","article_modified_time":"2023-12-22T19:29:31+00:00","og_image":[{"width":399,"height":584,"url":"https:\/\/abaa.mx\/tienda\/wp-content\/uploads\/2023\/10\/FLIR-DM66.jpg","type":"image\/jpeg"}],"twitter_card":"summary_large_image","twitter_misc":{"Tiempo de lectura":"1 minuto"},"schema":{"@context":"https:\/\/schema.org","@graph":[{"@type":"WebPage","@id":"https:\/\/abaa.mx\/tienda\/medidor-de-corriente-tension-testo-755-2-con-rotacion-de-fase-y-deteccion-de-tension-de-una-sola-sonda\/","url":"https:\/\/abaa.mx\/tienda\/medidor-de-corriente-tension-testo-755-2-con-rotacion-de-fase-y-deteccion-de-tension-de-una-sola-sonda\/","name":"Dm66 - multimetro digital 600v ca-cd, corriente 10a ca-cd - Abaa tienda online","isPartOf":{"@id":"https:\/\/abaa.mx\/tienda\/#website"},"primaryImageOfPage":{"@id":"https:\/\/abaa.mx\/tienda\/medidor-de-corriente-tension-testo-755-2-con-rotacion-de-fase-y-deteccion-de-tension-de-una-sola-sonda\/#primaryimage"},"image":{"@id":"https:\/\/abaa.mx\/tienda\/medidor-de-corriente-tension-testo-755-2-con-rotacion-de-fase-y-deteccion-de-tension-de-una-sola-sonda\/#primaryimage"},"thumbnailUrl":"https:\/\/abaa.mx\/tienda\/wp-content\/uploads\/2023\/10\/FLIR-DM66.jpg","datePublished":"2023-10-24T15:37:24+00:00","dateModified":"2023-12-22T19:29:31+00:00","breadcrumb":{"@id":"https:\/\/abaa.mx\/tienda\/medidor-de-corriente-tension-testo-755-2-con-rotacion-de-fase-y-deteccion-de-tension-de-una-sola-sonda\/#breadcrumb"},"inLanguage":"es","potentialAction":[{"@type":"ReadAction","target":["https:\/\/abaa.mx\/tienda\/medidor-de-corriente-tension-testo-755-2-con-rotacion-de-fase-y-deteccion-de-tension-de-una-sola-sonda\/"]}]},{"@type":"ImageObject","inLanguage":"es","@id":"https:\/\/abaa.mx\/tienda\/medidor-de-corriente-tension-testo-755-2-con-rotacion-de-fase-y-deteccion-de-tension-de-una-sola-sonda\/#primaryimage","url":"https:\/\/abaa.mx\/tienda\/wp-content\/uploads\/2023\/10\/FLIR-DM66.jpg","contentUrl":"https:\/\/abaa.mx\/tienda\/wp-content\/uploads\/2023\/10\/FLIR-DM66.jpg","width":399,"height":584,"caption":"FLIR-DM66"},{"@type":"BreadcrumbList","@id":"https:\/\/abaa.mx\/tienda\/medidor-de-corriente-tension-testo-755-2-con-rotacion-de-fase-y-deteccion-de-tension-de-una-sola-sonda\/#breadcrumb","itemListElement":[{"@type":"ListItem","position":1,"name":"Inicio","item":"https:\/\/abaa.mx\/tienda\/"},{"@type":"ListItem","position":2,"name":"Tienda","item":"https:\/\/abaa.mx\/tienda\/"},{"@type":"ListItem","position":3,"name":"Dm66 &#8211; multimetro digital 600v ca-cd, corriente 10a ca-cd"}]},{"@type":"WebSite","@id":"https:\/\/abaa.mx\/tienda\/#website","url":"https:\/\/abaa.mx\/tienda\/","name":"Abaa tienda online","description":"Instrumentos de medici\u00f3n","publisher":{"@id":"https:\/\/abaa.mx\/tienda\/#organization"},"potentialAction":[{"@type":"SearchAction","target":{"@type":"EntryPoint","urlTemplate":"https:\/\/abaa.mx\/tienda\/?s={search_term_string}"},"query-input":{"@type":"PropertyValueSpecification","valueRequired":true,"valueName":"search_term_string"}}],"inLanguage":"es"},{"@type":"Organization","@id":"https:\/\/abaa.mx\/tienda\/#organization","name":"Abaa tienda online","url":"https:\/\/abaa.mx\/tienda\/","logo":{"@type":"ImageObject","inLanguage":"es","@id":"https:\/\/abaa.mx\/tienda\/#\/schema\/logo\/image\/","url":"https:\/\/abaa.mx\/tienda\/wp-content\/uploads\/2024\/01\/abaa-metrologia-tienda.png","contentUrl":"https:\/\/abaa.mx\/tienda\/wp-content\/uploads\/2024\/01\/abaa-metrologia-tienda.png","width":300,"height":141,"caption":"Abaa tienda online"},"image":{"@id":"https:\/\/abaa.mx\/tienda\/#\/schema\/logo\/image\/"}}]}},"_links":{"self":[{"href":"https:\/\/abaa.mx\/tienda\/wp-json\/wp\/v2\/product\/7602","targetHints":{"allow":["GET"]}}],"collection":[{"href":"https:\/\/abaa.mx\/tienda\/wp-json\/wp\/v2\/product"}],"about":[{"href":"https:\/\/abaa.mx\/tienda\/wp-json\/wp\/v2\/types\/product"}],"replies":[{"embeddable":true,"href":"https:\/\/abaa.mx\/tienda\/wp-json\/wp\/v2\/comments?post=7602"}],"wp:featuredmedia":[{"embeddable":true,"href":"https:\/\/abaa.mx\/tienda\/wp-json\/wp\/v2\/media\/9961"}],"wp:attachment":[{"href":"https:\/\/abaa.mx\/tienda\/wp-json\/wp\/v2\/media?parent=7602"}],"wp:term":[{"taxonomy":"product_brand","embeddable":true,"href":"https:\/\/abaa.mx\/tienda\/wp-json\/wp\/v2\/product_brand?post=7602"},{"taxonomy":"product_cat","embeddable":true,"href":"https:\/\/abaa.mx\/tienda\/wp-json\/wp\/v2\/product_cat?post=7602"},{"taxonomy":"product_tag","embeddable":true,"href":"https:\/\/abaa.mx\/tienda\/wp-json\/wp\/v2\/product_tag?post=7602"}],"curies":[{"name":"wp","href":"https:\/\/api.w.org\/{rel}","templated":true}]}}