{"id":7599,"date":"2023-10-24T16:00:59","date_gmt":"2023-10-24T16:00:59","guid":{"rendered":"https:\/\/abaa.mx\/tienda\/?post_type=product&#038;p=7599"},"modified":"2023-10-24T16:00:59","modified_gmt":"2023-10-24T16:00:59","slug":"reed-cm-8822-nist-medidor-de-espesor-de-recubrimiento-0-a-40-milesimas-de-pulgada-0-a-1000-%ce%bcm","status":"publish","type":"product","link":"https:\/\/abaa.mx\/tienda\/reed-cm-8822-nist-medidor-de-espesor-de-recubrimiento-0-a-40-milesimas-de-pulgada-0-a-1000-%ce%bcm\/","title":{"rendered":"Reed cm-8822-nist medidor de espesor de recubrimiento, 0 a 40 mil\u00e9simas de pulgada (0 a 1000 \u03bcm)"},"content":{"rendered":"<p>Este medidor de espesor de recubrimiento incluye sondas ferrosas y no ferrosas y cuenta con un bot\u00f3n cero para un ajuste r\u00e1pido en el campo. El CM-8822 tiene una gran pantalla LCD f\u00e1cil de leer y una precisi\u00f3n b\u00e1sica del 3%.<\/p>\n<h5><strong>Funciones<\/strong><\/h5>\n<ul>\n<li>Mide el espesor de recubrimientos no magn\u00e9ticos en sustratos met\u00e1licos magn\u00e9ticos o no magn\u00e9ticos<\/li>\n<li>\u03bcm\/mil\u00e9simas de pulgada seleccionables por el usuario<\/li>\n<li>La sonda permite lecturas en espacios reducidos<\/li>\n<li>Pantalla LCD grande y f\u00e1cil de leer<\/li>\n<li>Reconocimiento autom\u00e1tico de la sonda<\/li>\n<li>Bot\u00f3n de ajuste de cero<\/li>\n<li>Calibraci\u00f3n autom\u00e1tica<\/li>\n<li>Indicador de bater\u00eda baja<\/li>\n<li>Dise\u00f1ado para cumplir con las normas ISO 2178 e ISO 2361<\/li>\n<\/ul>\n<h4>\u00a0Especificaciones<\/h4>\n<table class=\"table table-striped\">\n<tbody>\n<tr>\n<td>Rango de medici\u00f3n<\/td>\n<td>De 0 a 1000 \u03bcm<br \/>\nDe 0 a 40 mil\u00e9simas de pulgada<\/td>\n<\/tr>\n<tr>\n<td>Exactitud<\/td>\n<td>\u00b11 a 3 % o 2 \u03bcm, lo que sea mayor<\/td>\n<\/tr>\n<tr>\n<td>Resoluci\u00f3n<\/td>\n<td>0,1 \u03bcm (0 a 99,9 \u03bcm) 1 \u03bcm (&lt;100 \u03bcm)<\/td>\n<\/tr>\n<tr>\n<td>Tiempo de muestreo<\/td>\n<td>1 seg.<\/td>\n<\/tr>\n<tr>\n<td>Monitor<\/td>\n<td>LCD<\/td>\n<\/tr>\n<tr>\n<td>Bot\u00f3n cero<\/td>\n<td>S\u00ed<\/td>\n<\/tr>\n<tr>\n<td>Longitud de las sondas<\/td>\n<td>3&#8242; (36&#8243;)<\/td>\n<\/tr>\n<tr>\n<td>Fuente de alimentaci\u00f3n<\/td>\n<td>4 pilas AA<\/td>\n<\/tr>\n<tr>\n<td>Indicador de bater\u00eda baja<\/td>\n<td>S\u00ed<\/td>\n<\/tr>\n<tr>\n<td>Certificaciones de productos<\/td>\n<td>Despu\u00e9s de Cristo<\/td>\n<\/tr>\n<tr>\n<td>Temperatura de funcionamiento<\/td>\n<td>De 32 a 104 \u00b0C (de 0 a 40 \u00b0F)<\/td>\n<\/tr>\n<tr>\n<td>Temperatura de almacenamiento<\/td>\n<td>-4 a 140 \u00b0F (-20 a 60 \u00b0C)<\/td>\n<\/tr>\n<tr>\n<td>Rango de humedad de funcionamiento<\/td>\n<td>Del 20 al 90%<\/td>\n<\/tr>\n<tr>\n<td>Dimensiones<\/td>\n<td>6,3 x 2,7 x 1,25&#8243; (161 x 69 x 32 mm)<\/td>\n<\/tr>\n<tr>\n<td>Peso<\/td>\n<td>1,99 kg (0,9 libras)<\/td>\n<\/tr>\n<\/tbody>\n<\/table>\n","protected":false},"excerpt":{"rendered":"<p class=\"short-description mhide ipad-view-setting\">Respuesta r\u00e1pida, capaz de medir sustratos ferrosos y no ferrosos.<\/p>\n","protected":false},"featured_media":7614,"comment_status":"open","ping_status":"closed","template":"","meta":{"_joinchat":[]},"product_brand":[],"product_cat":[15],"product_tag":[],"class_list":{"0":"post-7599","1":"product","2":"type-product","3":"status-publish","4":"has-post-thumbnail","6":"product_cat-sin-categorizar","8":"first","9":"instock","10":"shipping-taxable","11":"product-type-simple"},"yoast_head":"<!-- This site is optimized with the Yoast SEO plugin v26.4 - https:\/\/yoast.com\/wordpress\/plugins\/seo\/ -->\n<title>Reed cm-8822-nist medidor de espesor de recubrimiento, 0 a 40 mil\u00e9simas de pulgada (0 a 1000 \u03bcm) - Abaa tienda online<\/title>\n<meta name=\"robots\" content=\"index, follow, max-snippet:-1, max-image-preview:large, max-video-preview:-1\" \/>\n<link rel=\"canonical\" href=\"https:\/\/abaa.mx\/tienda\/reed-cm-8822-nist-medidor-de-espesor-de-recubrimiento-0-a-40-milesimas-de-pulgada-0-a-1000-\u03bcm\/\" \/>\n<meta property=\"og:locale\" content=\"es_MX\" \/>\n<meta property=\"og:type\" content=\"article\" \/>\n<meta property=\"og:title\" content=\"Reed cm-8822-nist medidor de espesor de recubrimiento, 0 a 40 mil\u00e9simas de pulgada (0 a 1000 \u03bcm) - Abaa tienda online\" \/>\n<meta property=\"og:description\" content=\"Respuesta r\u00e1pida, capaz de medir sustratos ferrosos y no ferrosos.\" \/>\n<meta property=\"og:url\" content=\"https:\/\/abaa.mx\/tienda\/reed-cm-8822-nist-medidor-de-espesor-de-recubrimiento-0-a-40-milesimas-de-pulgada-0-a-1000-\u03bcm\/\" \/>\n<meta property=\"og:site_name\" content=\"Abaa tienda online\" \/>\n<meta property=\"og:image\" content=\"https:\/\/abaa.mx\/tienda\/wp-content\/uploads\/2023\/10\/CM-8822-NIST.jpg\" \/>\n\t<meta property=\"og:image:width\" content=\"500\" \/>\n\t<meta property=\"og:image:height\" content=\"500\" \/>\n\t<meta property=\"og:image:type\" content=\"image\/jpeg\" \/>\n<meta name=\"twitter:card\" content=\"summary_large_image\" \/>\n<meta name=\"twitter:label1\" content=\"Tiempo de lectura\" \/>\n\t<meta name=\"twitter:data1\" content=\"2 minutos\" \/>\n<script type=\"application\/ld+json\" class=\"yoast-schema-graph\">{\"@context\":\"https:\/\/schema.org\",\"@graph\":[{\"@type\":\"WebPage\",\"@id\":\"https:\/\/abaa.mx\/tienda\/reed-cm-8822-nist-medidor-de-espesor-de-recubrimiento-0-a-40-milesimas-de-pulgada-0-a-1000-%ce%bcm\/\",\"url\":\"https:\/\/abaa.mx\/tienda\/reed-cm-8822-nist-medidor-de-espesor-de-recubrimiento-0-a-40-milesimas-de-pulgada-0-a-1000-%ce%bcm\/\",\"name\":\"Reed cm-8822-nist medidor de espesor de recubrimiento, 0 a 40 mil\u00e9simas de pulgada (0 a 1000 \u03bcm) - Abaa tienda online\",\"isPartOf\":{\"@id\":\"https:\/\/abaa.mx\/tienda\/#website\"},\"primaryImageOfPage\":{\"@id\":\"https:\/\/abaa.mx\/tienda\/reed-cm-8822-nist-medidor-de-espesor-de-recubrimiento-0-a-40-milesimas-de-pulgada-0-a-1000-%ce%bcm\/#primaryimage\"},\"image\":{\"@id\":\"https:\/\/abaa.mx\/tienda\/reed-cm-8822-nist-medidor-de-espesor-de-recubrimiento-0-a-40-milesimas-de-pulgada-0-a-1000-%ce%bcm\/#primaryimage\"},\"thumbnailUrl\":\"https:\/\/abaa.mx\/tienda\/wp-content\/uploads\/2023\/10\/CM-8822-NIST.jpg\",\"datePublished\":\"2023-10-24T16:00:59+00:00\",\"breadcrumb\":{\"@id\":\"https:\/\/abaa.mx\/tienda\/reed-cm-8822-nist-medidor-de-espesor-de-recubrimiento-0-a-40-milesimas-de-pulgada-0-a-1000-%ce%bcm\/#breadcrumb\"},\"inLanguage\":\"es\",\"potentialAction\":[{\"@type\":\"ReadAction\",\"target\":[\"https:\/\/abaa.mx\/tienda\/reed-cm-8822-nist-medidor-de-espesor-de-recubrimiento-0-a-40-milesimas-de-pulgada-0-a-1000-%ce%bcm\/\"]}]},{\"@type\":\"ImageObject\",\"inLanguage\":\"es\",\"@id\":\"https:\/\/abaa.mx\/tienda\/reed-cm-8822-nist-medidor-de-espesor-de-recubrimiento-0-a-40-milesimas-de-pulgada-0-a-1000-%ce%bcm\/#primaryimage\",\"url\":\"https:\/\/abaa.mx\/tienda\/wp-content\/uploads\/2023\/10\/CM-8822-NIST.jpg\",\"contentUrl\":\"https:\/\/abaa.mx\/tienda\/wp-content\/uploads\/2023\/10\/CM-8822-NIST.jpg\",\"width\":500,\"height\":500,\"caption\":\"reed-cm-8822-nist-medidor-de-espesor-de-recubrimiento-0-a-40-milesimas-de-pulgada-0-a-1000-\u03bcm\"},{\"@type\":\"BreadcrumbList\",\"@id\":\"https:\/\/abaa.mx\/tienda\/reed-cm-8822-nist-medidor-de-espesor-de-recubrimiento-0-a-40-milesimas-de-pulgada-0-a-1000-%ce%bcm\/#breadcrumb\",\"itemListElement\":[{\"@type\":\"ListItem\",\"position\":1,\"name\":\"Inicio\",\"item\":\"https:\/\/abaa.mx\/tienda\/\"},{\"@type\":\"ListItem\",\"position\":2,\"name\":\"Tienda\",\"item\":\"https:\/\/abaa.mx\/tienda\/\"},{\"@type\":\"ListItem\",\"position\":3,\"name\":\"Reed cm-8822-nist medidor de espesor de recubrimiento, 0 a 40 mil\u00e9simas de pulgada (0 a 1000 \u03bcm)\"}]},{\"@type\":\"WebSite\",\"@id\":\"https:\/\/abaa.mx\/tienda\/#website\",\"url\":\"https:\/\/abaa.mx\/tienda\/\",\"name\":\"Abaa tienda online\",\"description\":\"Instrumentos de medici\u00f3n\",\"publisher\":{\"@id\":\"https:\/\/abaa.mx\/tienda\/#organization\"},\"potentialAction\":[{\"@type\":\"SearchAction\",\"target\":{\"@type\":\"EntryPoint\",\"urlTemplate\":\"https:\/\/abaa.mx\/tienda\/?s={search_term_string}\"},\"query-input\":{\"@type\":\"PropertyValueSpecification\",\"valueRequired\":true,\"valueName\":\"search_term_string\"}}],\"inLanguage\":\"es\"},{\"@type\":\"Organization\",\"@id\":\"https:\/\/abaa.mx\/tienda\/#organization\",\"name\":\"Abaa tienda online\",\"url\":\"https:\/\/abaa.mx\/tienda\/\",\"logo\":{\"@type\":\"ImageObject\",\"inLanguage\":\"es\",\"@id\":\"https:\/\/abaa.mx\/tienda\/#\/schema\/logo\/image\/\",\"url\":\"https:\/\/abaa.mx\/tienda\/wp-content\/uploads\/2024\/01\/abaa-metrologia-tienda.png\",\"contentUrl\":\"https:\/\/abaa.mx\/tienda\/wp-content\/uploads\/2024\/01\/abaa-metrologia-tienda.png\",\"width\":300,\"height\":141,\"caption\":\"Abaa tienda online\"},\"image\":{\"@id\":\"https:\/\/abaa.mx\/tienda\/#\/schema\/logo\/image\/\"}}]}<\/script>\n<!-- \/ Yoast SEO plugin. -->","yoast_head_json":{"title":"Reed cm-8822-nist medidor de espesor de recubrimiento, 0 a 40 mil\u00e9simas de pulgada (0 a 1000 \u03bcm) - Abaa tienda online","robots":{"index":"index","follow":"follow","max-snippet":"max-snippet:-1","max-image-preview":"max-image-preview:large","max-video-preview":"max-video-preview:-1"},"canonical":"https:\/\/abaa.mx\/tienda\/reed-cm-8822-nist-medidor-de-espesor-de-recubrimiento-0-a-40-milesimas-de-pulgada-0-a-1000-\u03bcm\/","og_locale":"es_MX","og_type":"article","og_title":"Reed cm-8822-nist medidor de espesor de recubrimiento, 0 a 40 mil\u00e9simas de pulgada (0 a 1000 \u03bcm) - Abaa tienda online","og_description":"Respuesta r\u00e1pida, capaz de medir sustratos ferrosos y no ferrosos.","og_url":"https:\/\/abaa.mx\/tienda\/reed-cm-8822-nist-medidor-de-espesor-de-recubrimiento-0-a-40-milesimas-de-pulgada-0-a-1000-\u03bcm\/","og_site_name":"Abaa tienda online","og_image":[{"width":500,"height":500,"url":"https:\/\/abaa.mx\/tienda\/wp-content\/uploads\/2023\/10\/CM-8822-NIST.jpg","type":"image\/jpeg"}],"twitter_card":"summary_large_image","twitter_misc":{"Tiempo de lectura":"2 minutos"},"schema":{"@context":"https:\/\/schema.org","@graph":[{"@type":"WebPage","@id":"https:\/\/abaa.mx\/tienda\/reed-cm-8822-nist-medidor-de-espesor-de-recubrimiento-0-a-40-milesimas-de-pulgada-0-a-1000-%ce%bcm\/","url":"https:\/\/abaa.mx\/tienda\/reed-cm-8822-nist-medidor-de-espesor-de-recubrimiento-0-a-40-milesimas-de-pulgada-0-a-1000-%ce%bcm\/","name":"Reed cm-8822-nist medidor de espesor de recubrimiento, 0 a 40 mil\u00e9simas de pulgada (0 a 1000 \u03bcm) - Abaa tienda online","isPartOf":{"@id":"https:\/\/abaa.mx\/tienda\/#website"},"primaryImageOfPage":{"@id":"https:\/\/abaa.mx\/tienda\/reed-cm-8822-nist-medidor-de-espesor-de-recubrimiento-0-a-40-milesimas-de-pulgada-0-a-1000-%ce%bcm\/#primaryimage"},"image":{"@id":"https:\/\/abaa.mx\/tienda\/reed-cm-8822-nist-medidor-de-espesor-de-recubrimiento-0-a-40-milesimas-de-pulgada-0-a-1000-%ce%bcm\/#primaryimage"},"thumbnailUrl":"https:\/\/abaa.mx\/tienda\/wp-content\/uploads\/2023\/10\/CM-8822-NIST.jpg","datePublished":"2023-10-24T16:00:59+00:00","breadcrumb":{"@id":"https:\/\/abaa.mx\/tienda\/reed-cm-8822-nist-medidor-de-espesor-de-recubrimiento-0-a-40-milesimas-de-pulgada-0-a-1000-%ce%bcm\/#breadcrumb"},"inLanguage":"es","potentialAction":[{"@type":"ReadAction","target":["https:\/\/abaa.mx\/tienda\/reed-cm-8822-nist-medidor-de-espesor-de-recubrimiento-0-a-40-milesimas-de-pulgada-0-a-1000-%ce%bcm\/"]}]},{"@type":"ImageObject","inLanguage":"es","@id":"https:\/\/abaa.mx\/tienda\/reed-cm-8822-nist-medidor-de-espesor-de-recubrimiento-0-a-40-milesimas-de-pulgada-0-a-1000-%ce%bcm\/#primaryimage","url":"https:\/\/abaa.mx\/tienda\/wp-content\/uploads\/2023\/10\/CM-8822-NIST.jpg","contentUrl":"https:\/\/abaa.mx\/tienda\/wp-content\/uploads\/2023\/10\/CM-8822-NIST.jpg","width":500,"height":500,"caption":"reed-cm-8822-nist-medidor-de-espesor-de-recubrimiento-0-a-40-milesimas-de-pulgada-0-a-1000-\u03bcm"},{"@type":"BreadcrumbList","@id":"https:\/\/abaa.mx\/tienda\/reed-cm-8822-nist-medidor-de-espesor-de-recubrimiento-0-a-40-milesimas-de-pulgada-0-a-1000-%ce%bcm\/#breadcrumb","itemListElement":[{"@type":"ListItem","position":1,"name":"Inicio","item":"https:\/\/abaa.mx\/tienda\/"},{"@type":"ListItem","position":2,"name":"Tienda","item":"https:\/\/abaa.mx\/tienda\/"},{"@type":"ListItem","position":3,"name":"Reed cm-8822-nist medidor de espesor de recubrimiento, 0 a 40 mil\u00e9simas de pulgada (0 a 1000 \u03bcm)"}]},{"@type":"WebSite","@id":"https:\/\/abaa.mx\/tienda\/#website","url":"https:\/\/abaa.mx\/tienda\/","name":"Abaa tienda online","description":"Instrumentos de medici\u00f3n","publisher":{"@id":"https:\/\/abaa.mx\/tienda\/#organization"},"potentialAction":[{"@type":"SearchAction","target":{"@type":"EntryPoint","urlTemplate":"https:\/\/abaa.mx\/tienda\/?s={search_term_string}"},"query-input":{"@type":"PropertyValueSpecification","valueRequired":true,"valueName":"search_term_string"}}],"inLanguage":"es"},{"@type":"Organization","@id":"https:\/\/abaa.mx\/tienda\/#organization","name":"Abaa tienda online","url":"https:\/\/abaa.mx\/tienda\/","logo":{"@type":"ImageObject","inLanguage":"es","@id":"https:\/\/abaa.mx\/tienda\/#\/schema\/logo\/image\/","url":"https:\/\/abaa.mx\/tienda\/wp-content\/uploads\/2024\/01\/abaa-metrologia-tienda.png","contentUrl":"https:\/\/abaa.mx\/tienda\/wp-content\/uploads\/2024\/01\/abaa-metrologia-tienda.png","width":300,"height":141,"caption":"Abaa tienda online"},"image":{"@id":"https:\/\/abaa.mx\/tienda\/#\/schema\/logo\/image\/"}}]}},"_links":{"self":[{"href":"https:\/\/abaa.mx\/tienda\/wp-json\/wp\/v2\/product\/7599","targetHints":{"allow":["GET"]}}],"collection":[{"href":"https:\/\/abaa.mx\/tienda\/wp-json\/wp\/v2\/product"}],"about":[{"href":"https:\/\/abaa.mx\/tienda\/wp-json\/wp\/v2\/types\/product"}],"replies":[{"embeddable":true,"href":"https:\/\/abaa.mx\/tienda\/wp-json\/wp\/v2\/comments?post=7599"}],"wp:featuredmedia":[{"embeddable":true,"href":"https:\/\/abaa.mx\/tienda\/wp-json\/wp\/v2\/media\/7614"}],"wp:attachment":[{"href":"https:\/\/abaa.mx\/tienda\/wp-json\/wp\/v2\/media?parent=7599"}],"wp:term":[{"taxonomy":"product_brand","embeddable":true,"href":"https:\/\/abaa.mx\/tienda\/wp-json\/wp\/v2\/product_brand?post=7599"},{"taxonomy":"product_cat","embeddable":true,"href":"https:\/\/abaa.mx\/tienda\/wp-json\/wp\/v2\/product_cat?post=7599"},{"taxonomy":"product_tag","embeddable":true,"href":"https:\/\/abaa.mx\/tienda\/wp-json\/wp\/v2\/product_tag?post=7599"}],"curies":[{"name":"wp","href":"https:\/\/api.w.org\/{rel}","templated":true}]}}