{"id":7569,"date":"2023-10-24T15:31:38","date_gmt":"2023-10-24T15:31:38","guid":{"rendered":"https:\/\/abaa.mx\/tienda\/?post_type=product&#038;p=7569"},"modified":"2023-12-22T20:06:57","modified_gmt":"2023-12-22T20:06:57","slug":"testo-750-2-probador-digital-de-tension-continuidad-y-secuencia-de-fases-con-prueba-gfci-y-linterna","status":"publish","type":"product","link":"https:\/\/abaa.mx\/tienda\/testo-750-2-probador-digital-de-tension-continuidad-y-secuencia-de-fases-con-prueba-gfci-y-linterna\/","title":{"rendered":"Ex505 &#8211; multimetro, heavy duty a prueba de goteo"},"content":{"rendered":"<p>Ex505 &#8211; multimetro, heavy duty a prueba de goteo.<\/p>\n","protected":false},"excerpt":{"rendered":"<h4>Caracter\u00edsticas:<\/h4>\n<ul>\n<li>DMM de verdadero valor eficaz con 11 funciones y una precisi\u00f3n b\u00e1sica del 0,5%.<\/li>\n<li>Corriente y voltaje CA\/CC, resistencia, capacitancia, frecuencia, temperatura, ciclo de trabajo, diodo\/continuidad.<\/li>\n<li>Funciones de frecuencia de doble sensibilidad (el\u00e9ctrica\/electr\u00f3nica).<\/li>\n<li>Protecci\u00f3n de entrada de 1000 V en todas las funciones.<\/li>\n<li>Corriente m\u00e1xima de 10 A.<\/li>\n<li>Registro de datos, funci\u00f3n relativa y apagado autom\u00e1tico.<\/li>\n<li>LCD retroiluminado grande con contador 4.000.<\/li>\n<li>Carcasa de doble molde para protecci\u00f3n a prueba de agua.<\/li>\n<li>Completo con conductores de prueba de doble molde, correa magn\u00e9tica, sonda de temperatura con cord\u00f3n de alambre tipo K, estuche y bater\u00eda de 9 V.<\/li>\n<\/ul>\n","protected":false},"featured_media":9969,"comment_status":"open","ping_status":"closed","template":"","meta":{"_joinchat":[]},"product_brand":[],"product_cat":[15],"product_tag":[],"class_list":{"0":"post-7569","1":"product","2":"type-product","3":"status-publish","4":"has-post-thumbnail","6":"product_cat-sin-categorizar","8":"first","9":"instock","10":"shipping-taxable","11":"product-type-simple"},"yoast_head":"<!-- This site is optimized with the Yoast SEO plugin v26.4 - https:\/\/yoast.com\/wordpress\/plugins\/seo\/ -->\n<title>Ex505 - multimetro, heavy duty a prueba de goteo - Abaa tienda online<\/title>\n<meta name=\"robots\" content=\"index, follow, max-snippet:-1, max-image-preview:large, max-video-preview:-1\" \/>\n<link rel=\"canonical\" href=\"https:\/\/abaa.mx\/tienda\/testo-750-2-probador-digital-de-tension-continuidad-y-secuencia-de-fases-con-prueba-gfci-y-linterna\/\" \/>\n<meta property=\"og:locale\" content=\"es_MX\" \/>\n<meta property=\"og:type\" content=\"article\" \/>\n<meta property=\"og:title\" content=\"Ex505 - multimetro, heavy duty a prueba de goteo - Abaa tienda online\" \/>\n<meta property=\"og:description\" content=\"Caracter\u00edsticas:   DMM de verdadero valor eficaz con 11 funciones y una precisi\u00f3n b\u00e1sica del 0,5%.  Corriente y voltaje CA\/CC, resistencia, capacitancia, frecuencia, temperatura, ciclo de trabajo, diodo\/continuidad.  Funciones de frecuencia de doble sensibilidad (el\u00e9ctrica\/electr\u00f3nica).  Protecci\u00f3n de entrada de 1000 V en todas las funciones.  Corriente m\u00e1xima de 10 A.  Registro de datos, funci\u00f3n relativa y apagado autom\u00e1tico.  LCD retroiluminado grande con contador 4.000.  Carcasa de doble molde para protecci\u00f3n a prueba de agua.  Completo con conductores de prueba de doble molde, correa magn\u00e9tica, sonda de temperatura con cord\u00f3n de alambre tipo K, estuche y bater\u00eda de 9 V.\" \/>\n<meta property=\"og:url\" content=\"https:\/\/abaa.mx\/tienda\/testo-750-2-probador-digital-de-tension-continuidad-y-secuencia-de-fases-con-prueba-gfci-y-linterna\/\" \/>\n<meta property=\"og:site_name\" content=\"Abaa tienda online\" \/>\n<meta property=\"article:modified_time\" content=\"2023-12-22T20:06:57+00:00\" \/>\n<meta property=\"og:image\" content=\"https:\/\/abaa.mx\/tienda\/wp-content\/uploads\/2023\/10\/EXTECH-EX505.jpg\" \/>\n\t<meta property=\"og:image:width\" content=\"388\" \/>\n\t<meta property=\"og:image:height\" content=\"589\" \/>\n\t<meta property=\"og:image:type\" content=\"image\/jpeg\" \/>\n<meta name=\"twitter:card\" content=\"summary_large_image\" \/>\n<meta name=\"twitter:label1\" content=\"Tiempo de lectura\" \/>\n\t<meta name=\"twitter:data1\" content=\"1 minuto\" \/>\n<script type=\"application\/ld+json\" class=\"yoast-schema-graph\">{\"@context\":\"https:\/\/schema.org\",\"@graph\":[{\"@type\":\"WebPage\",\"@id\":\"https:\/\/abaa.mx\/tienda\/testo-750-2-probador-digital-de-tension-continuidad-y-secuencia-de-fases-con-prueba-gfci-y-linterna\/\",\"url\":\"https:\/\/abaa.mx\/tienda\/testo-750-2-probador-digital-de-tension-continuidad-y-secuencia-de-fases-con-prueba-gfci-y-linterna\/\",\"name\":\"Ex505 - multimetro, heavy duty a prueba de goteo - Abaa tienda online\",\"isPartOf\":{\"@id\":\"https:\/\/abaa.mx\/tienda\/#website\"},\"primaryImageOfPage\":{\"@id\":\"https:\/\/abaa.mx\/tienda\/testo-750-2-probador-digital-de-tension-continuidad-y-secuencia-de-fases-con-prueba-gfci-y-linterna\/#primaryimage\"},\"image\":{\"@id\":\"https:\/\/abaa.mx\/tienda\/testo-750-2-probador-digital-de-tension-continuidad-y-secuencia-de-fases-con-prueba-gfci-y-linterna\/#primaryimage\"},\"thumbnailUrl\":\"https:\/\/abaa.mx\/tienda\/wp-content\/uploads\/2023\/10\/EXTECH-EX505.jpg\",\"datePublished\":\"2023-10-24T15:31:38+00:00\",\"dateModified\":\"2023-12-22T20:06:57+00:00\",\"breadcrumb\":{\"@id\":\"https:\/\/abaa.mx\/tienda\/testo-750-2-probador-digital-de-tension-continuidad-y-secuencia-de-fases-con-prueba-gfci-y-linterna\/#breadcrumb\"},\"inLanguage\":\"es\",\"potentialAction\":[{\"@type\":\"ReadAction\",\"target\":[\"https:\/\/abaa.mx\/tienda\/testo-750-2-probador-digital-de-tension-continuidad-y-secuencia-de-fases-con-prueba-gfci-y-linterna\/\"]}]},{\"@type\":\"ImageObject\",\"inLanguage\":\"es\",\"@id\":\"https:\/\/abaa.mx\/tienda\/testo-750-2-probador-digital-de-tension-continuidad-y-secuencia-de-fases-con-prueba-gfci-y-linterna\/#primaryimage\",\"url\":\"https:\/\/abaa.mx\/tienda\/wp-content\/uploads\/2023\/10\/EXTECH-EX505.jpg\",\"contentUrl\":\"https:\/\/abaa.mx\/tienda\/wp-content\/uploads\/2023\/10\/EXTECH-EX505.jpg\",\"width\":388,\"height\":589,\"caption\":\"EXTECH-EX505\"},{\"@type\":\"BreadcrumbList\",\"@id\":\"https:\/\/abaa.mx\/tienda\/testo-750-2-probador-digital-de-tension-continuidad-y-secuencia-de-fases-con-prueba-gfci-y-linterna\/#breadcrumb\",\"itemListElement\":[{\"@type\":\"ListItem\",\"position\":1,\"name\":\"Inicio\",\"item\":\"https:\/\/abaa.mx\/tienda\/\"},{\"@type\":\"ListItem\",\"position\":2,\"name\":\"Tienda\",\"item\":\"https:\/\/abaa.mx\/tienda\/\"},{\"@type\":\"ListItem\",\"position\":3,\"name\":\"Ex505 &#8211; multimetro, heavy duty a prueba de goteo\"}]},{\"@type\":\"WebSite\",\"@id\":\"https:\/\/abaa.mx\/tienda\/#website\",\"url\":\"https:\/\/abaa.mx\/tienda\/\",\"name\":\"Abaa tienda online\",\"description\":\"Instrumentos de medici\u00f3n\",\"publisher\":{\"@id\":\"https:\/\/abaa.mx\/tienda\/#organization\"},\"potentialAction\":[{\"@type\":\"SearchAction\",\"target\":{\"@type\":\"EntryPoint\",\"urlTemplate\":\"https:\/\/abaa.mx\/tienda\/?s={search_term_string}\"},\"query-input\":{\"@type\":\"PropertyValueSpecification\",\"valueRequired\":true,\"valueName\":\"search_term_string\"}}],\"inLanguage\":\"es\"},{\"@type\":\"Organization\",\"@id\":\"https:\/\/abaa.mx\/tienda\/#organization\",\"name\":\"Abaa tienda online\",\"url\":\"https:\/\/abaa.mx\/tienda\/\",\"logo\":{\"@type\":\"ImageObject\",\"inLanguage\":\"es\",\"@id\":\"https:\/\/abaa.mx\/tienda\/#\/schema\/logo\/image\/\",\"url\":\"https:\/\/abaa.mx\/tienda\/wp-content\/uploads\/2024\/01\/abaa-metrologia-tienda.png\",\"contentUrl\":\"https:\/\/abaa.mx\/tienda\/wp-content\/uploads\/2024\/01\/abaa-metrologia-tienda.png\",\"width\":300,\"height\":141,\"caption\":\"Abaa tienda online\"},\"image\":{\"@id\":\"https:\/\/abaa.mx\/tienda\/#\/schema\/logo\/image\/\"}}]}<\/script>\n<!-- \/ Yoast SEO plugin. -->","yoast_head_json":{"title":"Ex505 - multimetro, heavy duty a prueba de goteo - Abaa tienda online","robots":{"index":"index","follow":"follow","max-snippet":"max-snippet:-1","max-image-preview":"max-image-preview:large","max-video-preview":"max-video-preview:-1"},"canonical":"https:\/\/abaa.mx\/tienda\/testo-750-2-probador-digital-de-tension-continuidad-y-secuencia-de-fases-con-prueba-gfci-y-linterna\/","og_locale":"es_MX","og_type":"article","og_title":"Ex505 - multimetro, heavy duty a prueba de goteo - Abaa tienda online","og_description":"Caracter\u00edsticas:   DMM de verdadero valor eficaz con 11 funciones y una precisi\u00f3n b\u00e1sica del 0,5%.  Corriente y voltaje CA\/CC, resistencia, capacitancia, frecuencia, temperatura, ciclo de trabajo, diodo\/continuidad.  Funciones de frecuencia de doble sensibilidad (el\u00e9ctrica\/electr\u00f3nica).  Protecci\u00f3n de entrada de 1000 V en todas las funciones.  Corriente m\u00e1xima de 10 A.  Registro de datos, funci\u00f3n relativa y apagado autom\u00e1tico.  LCD retroiluminado grande con contador 4.000.  Carcasa de doble molde para protecci\u00f3n a prueba de agua.  Completo con conductores de prueba de doble molde, correa magn\u00e9tica, sonda de temperatura con cord\u00f3n de alambre tipo K, estuche y bater\u00eda de 9 V.","og_url":"https:\/\/abaa.mx\/tienda\/testo-750-2-probador-digital-de-tension-continuidad-y-secuencia-de-fases-con-prueba-gfci-y-linterna\/","og_site_name":"Abaa tienda online","article_modified_time":"2023-12-22T20:06:57+00:00","og_image":[{"width":388,"height":589,"url":"https:\/\/abaa.mx\/tienda\/wp-content\/uploads\/2023\/10\/EXTECH-EX505.jpg","type":"image\/jpeg"}],"twitter_card":"summary_large_image","twitter_misc":{"Tiempo de lectura":"1 minuto"},"schema":{"@context":"https:\/\/schema.org","@graph":[{"@type":"WebPage","@id":"https:\/\/abaa.mx\/tienda\/testo-750-2-probador-digital-de-tension-continuidad-y-secuencia-de-fases-con-prueba-gfci-y-linterna\/","url":"https:\/\/abaa.mx\/tienda\/testo-750-2-probador-digital-de-tension-continuidad-y-secuencia-de-fases-con-prueba-gfci-y-linterna\/","name":"Ex505 - multimetro, heavy duty a prueba de goteo - Abaa tienda online","isPartOf":{"@id":"https:\/\/abaa.mx\/tienda\/#website"},"primaryImageOfPage":{"@id":"https:\/\/abaa.mx\/tienda\/testo-750-2-probador-digital-de-tension-continuidad-y-secuencia-de-fases-con-prueba-gfci-y-linterna\/#primaryimage"},"image":{"@id":"https:\/\/abaa.mx\/tienda\/testo-750-2-probador-digital-de-tension-continuidad-y-secuencia-de-fases-con-prueba-gfci-y-linterna\/#primaryimage"},"thumbnailUrl":"https:\/\/abaa.mx\/tienda\/wp-content\/uploads\/2023\/10\/EXTECH-EX505.jpg","datePublished":"2023-10-24T15:31:38+00:00","dateModified":"2023-12-22T20:06:57+00:00","breadcrumb":{"@id":"https:\/\/abaa.mx\/tienda\/testo-750-2-probador-digital-de-tension-continuidad-y-secuencia-de-fases-con-prueba-gfci-y-linterna\/#breadcrumb"},"inLanguage":"es","potentialAction":[{"@type":"ReadAction","target":["https:\/\/abaa.mx\/tienda\/testo-750-2-probador-digital-de-tension-continuidad-y-secuencia-de-fases-con-prueba-gfci-y-linterna\/"]}]},{"@type":"ImageObject","inLanguage":"es","@id":"https:\/\/abaa.mx\/tienda\/testo-750-2-probador-digital-de-tension-continuidad-y-secuencia-de-fases-con-prueba-gfci-y-linterna\/#primaryimage","url":"https:\/\/abaa.mx\/tienda\/wp-content\/uploads\/2023\/10\/EXTECH-EX505.jpg","contentUrl":"https:\/\/abaa.mx\/tienda\/wp-content\/uploads\/2023\/10\/EXTECH-EX505.jpg","width":388,"height":589,"caption":"EXTECH-EX505"},{"@type":"BreadcrumbList","@id":"https:\/\/abaa.mx\/tienda\/testo-750-2-probador-digital-de-tension-continuidad-y-secuencia-de-fases-con-prueba-gfci-y-linterna\/#breadcrumb","itemListElement":[{"@type":"ListItem","position":1,"name":"Inicio","item":"https:\/\/abaa.mx\/tienda\/"},{"@type":"ListItem","position":2,"name":"Tienda","item":"https:\/\/abaa.mx\/tienda\/"},{"@type":"ListItem","position":3,"name":"Ex505 &#8211; multimetro, heavy duty a prueba de goteo"}]},{"@type":"WebSite","@id":"https:\/\/abaa.mx\/tienda\/#website","url":"https:\/\/abaa.mx\/tienda\/","name":"Abaa tienda online","description":"Instrumentos de medici\u00f3n","publisher":{"@id":"https:\/\/abaa.mx\/tienda\/#organization"},"potentialAction":[{"@type":"SearchAction","target":{"@type":"EntryPoint","urlTemplate":"https:\/\/abaa.mx\/tienda\/?s={search_term_string}"},"query-input":{"@type":"PropertyValueSpecification","valueRequired":true,"valueName":"search_term_string"}}],"inLanguage":"es"},{"@type":"Organization","@id":"https:\/\/abaa.mx\/tienda\/#organization","name":"Abaa tienda online","url":"https:\/\/abaa.mx\/tienda\/","logo":{"@type":"ImageObject","inLanguage":"es","@id":"https:\/\/abaa.mx\/tienda\/#\/schema\/logo\/image\/","url":"https:\/\/abaa.mx\/tienda\/wp-content\/uploads\/2024\/01\/abaa-metrologia-tienda.png","contentUrl":"https:\/\/abaa.mx\/tienda\/wp-content\/uploads\/2024\/01\/abaa-metrologia-tienda.png","width":300,"height":141,"caption":"Abaa tienda online"},"image":{"@id":"https:\/\/abaa.mx\/tienda\/#\/schema\/logo\/image\/"}}]}},"_links":{"self":[{"href":"https:\/\/abaa.mx\/tienda\/wp-json\/wp\/v2\/product\/7569","targetHints":{"allow":["GET"]}}],"collection":[{"href":"https:\/\/abaa.mx\/tienda\/wp-json\/wp\/v2\/product"}],"about":[{"href":"https:\/\/abaa.mx\/tienda\/wp-json\/wp\/v2\/types\/product"}],"replies":[{"embeddable":true,"href":"https:\/\/abaa.mx\/tienda\/wp-json\/wp\/v2\/comments?post=7569"}],"wp:featuredmedia":[{"embeddable":true,"href":"https:\/\/abaa.mx\/tienda\/wp-json\/wp\/v2\/media\/9969"}],"wp:attachment":[{"href":"https:\/\/abaa.mx\/tienda\/wp-json\/wp\/v2\/media?parent=7569"}],"wp:term":[{"taxonomy":"product_brand","embeddable":true,"href":"https:\/\/abaa.mx\/tienda\/wp-json\/wp\/v2\/product_brand?post=7569"},{"taxonomy":"product_cat","embeddable":true,"href":"https:\/\/abaa.mx\/tienda\/wp-json\/wp\/v2\/product_cat?post=7569"},{"taxonomy":"product_tag","embeddable":true,"href":"https:\/\/abaa.mx\/tienda\/wp-json\/wp\/v2\/product_tag?post=7569"}],"curies":[{"name":"wp","href":"https:\/\/api.w.org\/{rel}","templated":true}]}}