{"id":7567,"date":"2023-10-24T15:27:40","date_gmt":"2023-10-24T15:27:40","guid":{"rendered":"https:\/\/abaa.mx\/tienda\/?post_type=product&#038;p=7567"},"modified":"2024-01-05T15:17:48","modified_gmt":"2024-01-05T15:17:48","slug":"comprobador-de-tension-sin-contacto-testo-745","status":"publish","type":"product","link":"https:\/\/abaa.mx\/tienda\/comprobador-de-tension-sin-contacto-testo-745\/","title":{"rendered":"Ma620-k \u2014 juego de multimetro, amperimetro industrial, detector de voltaje"},"content":{"rendered":"<p>Ma620-k \u2014 juego de multimetro, amperimetro industrial, detector de voltaje.<\/p>\n","protected":false},"excerpt":{"rendered":"<h4>Caracter\u00edsticas:<\/h4>\n<p>El equipo incluye:<\/p>\n<ul>\n<li style=\"list-style-type: none;\">\n<ul>\n<li>EX505 &#8211; Mult\u00edmetro robusto a prueba de ca\u00eddas resistente al agua con pantalla de conteo CAT IV-600V de grado industrial 4000 con funciones True RMS.<\/li>\n<li>MA620 : 600A True RMS 6000 count AC Pinza mult\u00edmetro con detector de voltaje de CA sin contacto incorporado cables de prueba y sonda de temperatura.<\/li>\n<li>Juego de cables de prueba profesionales de doble moldeado y correa magn\u00e9tica para colgar para el mult\u00edmetro.<\/li>\n<li>Sonda de perla de termopar tipo K y adaptador de entrada tipo K a banana.<\/li>\n<\/ul>\n<\/li>\n<\/ul>\n<p>Se suministra en un malet\u00edn de transporte blando que ofrece protecci\u00f3n y organizaci\u00f3n para los medidores siempre que se necesiten.<\/p>\n<ul id=\"features\"><\/ul>\n","protected":false},"featured_media":9971,"comment_status":"open","ping_status":"closed","template":"","meta":{"_joinchat":[]},"product_brand":[],"product_cat":[15],"product_tag":[],"class_list":{"0":"post-7567","1":"product","2":"type-product","3":"status-publish","4":"has-post-thumbnail","6":"product_cat-sin-categorizar","8":"first","9":"instock","10":"shipping-taxable","11":"product-type-simple"},"yoast_head":"<!-- This site is optimized with the Yoast SEO plugin v26.4 - https:\/\/yoast.com\/wordpress\/plugins\/seo\/ -->\n<title>Ma620-k \u2014 juego de multimetro, amperimetro industrial, detector de voltaje - Abaa tienda online<\/title>\n<meta name=\"robots\" content=\"index, follow, max-snippet:-1, max-image-preview:large, max-video-preview:-1\" \/>\n<link rel=\"canonical\" href=\"https:\/\/abaa.mx\/tienda\/comprobador-de-tension-sin-contacto-testo-745\/\" \/>\n<meta property=\"og:locale\" content=\"es_MX\" \/>\n<meta property=\"og:type\" content=\"article\" \/>\n<meta property=\"og:title\" content=\"Ma620-k \u2014 juego de multimetro, amperimetro industrial, detector de voltaje - Abaa tienda online\" \/>\n<meta property=\"og:description\" content=\"Caracter\u00edsticas: El equipo incluye:      EX505 - Mult\u00edmetro robusto a prueba de ca\u00eddas resistente al agua con pantalla de conteo CAT IV-600V de grado industrial 4000 con funciones True RMS.  MA620 : 600A True RMS 6000 count AC Pinza mult\u00edmetro con detector de voltaje de CA sin contacto incorporado cables de prueba y sonda de temperatura.  Juego de cables de prueba profesionales de doble moldeado y correa magn\u00e9tica para colgar para el mult\u00edmetro.  Sonda de perla de termopar tipo K y adaptador de entrada tipo K a banana.    Se suministra en un malet\u00edn de transporte blando que ofrece protecci\u00f3n y organizaci\u00f3n para los medidores siempre que se necesiten.\" \/>\n<meta property=\"og:url\" content=\"https:\/\/abaa.mx\/tienda\/comprobador-de-tension-sin-contacto-testo-745\/\" \/>\n<meta property=\"og:site_name\" content=\"Abaa tienda online\" \/>\n<meta property=\"article:modified_time\" content=\"2024-01-05T15:17:48+00:00\" \/>\n<meta property=\"og:image\" content=\"https:\/\/abaa.mx\/tienda\/wp-content\/uploads\/2023\/10\/EXTECH-ETK35.jpg\" \/>\n\t<meta property=\"og:image:width\" content=\"448\" \/>\n\t<meta property=\"og:image:height\" content=\"580\" \/>\n\t<meta property=\"og:image:type\" content=\"image\/jpeg\" \/>\n<meta name=\"twitter:card\" content=\"summary_large_image\" \/>\n<meta name=\"twitter:label1\" content=\"Tiempo de lectura\" \/>\n\t<meta name=\"twitter:data1\" content=\"1 minuto\" \/>\n<script type=\"application\/ld+json\" class=\"yoast-schema-graph\">{\"@context\":\"https:\/\/schema.org\",\"@graph\":[{\"@type\":\"WebPage\",\"@id\":\"https:\/\/abaa.mx\/tienda\/comprobador-de-tension-sin-contacto-testo-745\/\",\"url\":\"https:\/\/abaa.mx\/tienda\/comprobador-de-tension-sin-contacto-testo-745\/\",\"name\":\"Ma620-k \u2014 juego de multimetro, amperimetro industrial, detector de voltaje - Abaa tienda online\",\"isPartOf\":{\"@id\":\"https:\/\/abaa.mx\/tienda\/#website\"},\"primaryImageOfPage\":{\"@id\":\"https:\/\/abaa.mx\/tienda\/comprobador-de-tension-sin-contacto-testo-745\/#primaryimage\"},\"image\":{\"@id\":\"https:\/\/abaa.mx\/tienda\/comprobador-de-tension-sin-contacto-testo-745\/#primaryimage\"},\"thumbnailUrl\":\"https:\/\/abaa.mx\/tienda\/wp-content\/uploads\/2023\/10\/EXTECH-ETK35.jpg\",\"datePublished\":\"2023-10-24T15:27:40+00:00\",\"dateModified\":\"2024-01-05T15:17:48+00:00\",\"breadcrumb\":{\"@id\":\"https:\/\/abaa.mx\/tienda\/comprobador-de-tension-sin-contacto-testo-745\/#breadcrumb\"},\"inLanguage\":\"es\",\"potentialAction\":[{\"@type\":\"ReadAction\",\"target\":[\"https:\/\/abaa.mx\/tienda\/comprobador-de-tension-sin-contacto-testo-745\/\"]}]},{\"@type\":\"ImageObject\",\"inLanguage\":\"es\",\"@id\":\"https:\/\/abaa.mx\/tienda\/comprobador-de-tension-sin-contacto-testo-745\/#primaryimage\",\"url\":\"https:\/\/abaa.mx\/tienda\/wp-content\/uploads\/2023\/10\/EXTECH-ETK35.jpg\",\"contentUrl\":\"https:\/\/abaa.mx\/tienda\/wp-content\/uploads\/2023\/10\/EXTECH-ETK35.jpg\",\"width\":448,\"height\":580,\"caption\":\"EXTECH-ETK35\"},{\"@type\":\"BreadcrumbList\",\"@id\":\"https:\/\/abaa.mx\/tienda\/comprobador-de-tension-sin-contacto-testo-745\/#breadcrumb\",\"itemListElement\":[{\"@type\":\"ListItem\",\"position\":1,\"name\":\"Inicio\",\"item\":\"https:\/\/abaa.mx\/tienda\/\"},{\"@type\":\"ListItem\",\"position\":2,\"name\":\"Tienda\",\"item\":\"https:\/\/abaa.mx\/tienda\/\"},{\"@type\":\"ListItem\",\"position\":3,\"name\":\"Ma620-k \u2014 juego de multimetro, amperimetro industrial, detector de voltaje\"}]},{\"@type\":\"WebSite\",\"@id\":\"https:\/\/abaa.mx\/tienda\/#website\",\"url\":\"https:\/\/abaa.mx\/tienda\/\",\"name\":\"Abaa tienda online\",\"description\":\"Instrumentos de medici\u00f3n\",\"publisher\":{\"@id\":\"https:\/\/abaa.mx\/tienda\/#organization\"},\"potentialAction\":[{\"@type\":\"SearchAction\",\"target\":{\"@type\":\"EntryPoint\",\"urlTemplate\":\"https:\/\/abaa.mx\/tienda\/?s={search_term_string}\"},\"query-input\":{\"@type\":\"PropertyValueSpecification\",\"valueRequired\":true,\"valueName\":\"search_term_string\"}}],\"inLanguage\":\"es\"},{\"@type\":\"Organization\",\"@id\":\"https:\/\/abaa.mx\/tienda\/#organization\",\"name\":\"Abaa tienda online\",\"url\":\"https:\/\/abaa.mx\/tienda\/\",\"logo\":{\"@type\":\"ImageObject\",\"inLanguage\":\"es\",\"@id\":\"https:\/\/abaa.mx\/tienda\/#\/schema\/logo\/image\/\",\"url\":\"https:\/\/abaa.mx\/tienda\/wp-content\/uploads\/2024\/01\/abaa-metrologia-tienda.png\",\"contentUrl\":\"https:\/\/abaa.mx\/tienda\/wp-content\/uploads\/2024\/01\/abaa-metrologia-tienda.png\",\"width\":300,\"height\":141,\"caption\":\"Abaa tienda online\"},\"image\":{\"@id\":\"https:\/\/abaa.mx\/tienda\/#\/schema\/logo\/image\/\"}}]}<\/script>\n<!-- \/ Yoast SEO plugin. -->","yoast_head_json":{"title":"Ma620-k \u2014 juego de multimetro, amperimetro industrial, detector de voltaje - Abaa tienda online","robots":{"index":"index","follow":"follow","max-snippet":"max-snippet:-1","max-image-preview":"max-image-preview:large","max-video-preview":"max-video-preview:-1"},"canonical":"https:\/\/abaa.mx\/tienda\/comprobador-de-tension-sin-contacto-testo-745\/","og_locale":"es_MX","og_type":"article","og_title":"Ma620-k \u2014 juego de multimetro, amperimetro industrial, detector de voltaje - Abaa tienda online","og_description":"Caracter\u00edsticas: El equipo incluye:      EX505 - Mult\u00edmetro robusto a prueba de ca\u00eddas resistente al agua con pantalla de conteo CAT IV-600V de grado industrial 4000 con funciones True RMS.  MA620 : 600A True RMS 6000 count AC Pinza mult\u00edmetro con detector de voltaje de CA sin contacto incorporado cables de prueba y sonda de temperatura.  Juego de cables de prueba profesionales de doble moldeado y correa magn\u00e9tica para colgar para el mult\u00edmetro.  Sonda de perla de termopar tipo K y adaptador de entrada tipo K a banana.    Se suministra en un malet\u00edn de transporte blando que ofrece protecci\u00f3n y organizaci\u00f3n para los medidores siempre que se necesiten.","og_url":"https:\/\/abaa.mx\/tienda\/comprobador-de-tension-sin-contacto-testo-745\/","og_site_name":"Abaa tienda online","article_modified_time":"2024-01-05T15:17:48+00:00","og_image":[{"width":448,"height":580,"url":"https:\/\/abaa.mx\/tienda\/wp-content\/uploads\/2023\/10\/EXTECH-ETK35.jpg","type":"image\/jpeg"}],"twitter_card":"summary_large_image","twitter_misc":{"Tiempo de lectura":"1 minuto"},"schema":{"@context":"https:\/\/schema.org","@graph":[{"@type":"WebPage","@id":"https:\/\/abaa.mx\/tienda\/comprobador-de-tension-sin-contacto-testo-745\/","url":"https:\/\/abaa.mx\/tienda\/comprobador-de-tension-sin-contacto-testo-745\/","name":"Ma620-k \u2014 juego de multimetro, amperimetro industrial, detector de voltaje - Abaa tienda online","isPartOf":{"@id":"https:\/\/abaa.mx\/tienda\/#website"},"primaryImageOfPage":{"@id":"https:\/\/abaa.mx\/tienda\/comprobador-de-tension-sin-contacto-testo-745\/#primaryimage"},"image":{"@id":"https:\/\/abaa.mx\/tienda\/comprobador-de-tension-sin-contacto-testo-745\/#primaryimage"},"thumbnailUrl":"https:\/\/abaa.mx\/tienda\/wp-content\/uploads\/2023\/10\/EXTECH-ETK35.jpg","datePublished":"2023-10-24T15:27:40+00:00","dateModified":"2024-01-05T15:17:48+00:00","breadcrumb":{"@id":"https:\/\/abaa.mx\/tienda\/comprobador-de-tension-sin-contacto-testo-745\/#breadcrumb"},"inLanguage":"es","potentialAction":[{"@type":"ReadAction","target":["https:\/\/abaa.mx\/tienda\/comprobador-de-tension-sin-contacto-testo-745\/"]}]},{"@type":"ImageObject","inLanguage":"es","@id":"https:\/\/abaa.mx\/tienda\/comprobador-de-tension-sin-contacto-testo-745\/#primaryimage","url":"https:\/\/abaa.mx\/tienda\/wp-content\/uploads\/2023\/10\/EXTECH-ETK35.jpg","contentUrl":"https:\/\/abaa.mx\/tienda\/wp-content\/uploads\/2023\/10\/EXTECH-ETK35.jpg","width":448,"height":580,"caption":"EXTECH-ETK35"},{"@type":"BreadcrumbList","@id":"https:\/\/abaa.mx\/tienda\/comprobador-de-tension-sin-contacto-testo-745\/#breadcrumb","itemListElement":[{"@type":"ListItem","position":1,"name":"Inicio","item":"https:\/\/abaa.mx\/tienda\/"},{"@type":"ListItem","position":2,"name":"Tienda","item":"https:\/\/abaa.mx\/tienda\/"},{"@type":"ListItem","position":3,"name":"Ma620-k \u2014 juego de multimetro, amperimetro industrial, detector de voltaje"}]},{"@type":"WebSite","@id":"https:\/\/abaa.mx\/tienda\/#website","url":"https:\/\/abaa.mx\/tienda\/","name":"Abaa tienda online","description":"Instrumentos de medici\u00f3n","publisher":{"@id":"https:\/\/abaa.mx\/tienda\/#organization"},"potentialAction":[{"@type":"SearchAction","target":{"@type":"EntryPoint","urlTemplate":"https:\/\/abaa.mx\/tienda\/?s={search_term_string}"},"query-input":{"@type":"PropertyValueSpecification","valueRequired":true,"valueName":"search_term_string"}}],"inLanguage":"es"},{"@type":"Organization","@id":"https:\/\/abaa.mx\/tienda\/#organization","name":"Abaa tienda online","url":"https:\/\/abaa.mx\/tienda\/","logo":{"@type":"ImageObject","inLanguage":"es","@id":"https:\/\/abaa.mx\/tienda\/#\/schema\/logo\/image\/","url":"https:\/\/abaa.mx\/tienda\/wp-content\/uploads\/2024\/01\/abaa-metrologia-tienda.png","contentUrl":"https:\/\/abaa.mx\/tienda\/wp-content\/uploads\/2024\/01\/abaa-metrologia-tienda.png","width":300,"height":141,"caption":"Abaa tienda online"},"image":{"@id":"https:\/\/abaa.mx\/tienda\/#\/schema\/logo\/image\/"}}]}},"_links":{"self":[{"href":"https:\/\/abaa.mx\/tienda\/wp-json\/wp\/v2\/product\/7567","targetHints":{"allow":["GET"]}}],"collection":[{"href":"https:\/\/abaa.mx\/tienda\/wp-json\/wp\/v2\/product"}],"about":[{"href":"https:\/\/abaa.mx\/tienda\/wp-json\/wp\/v2\/types\/product"}],"replies":[{"embeddable":true,"href":"https:\/\/abaa.mx\/tienda\/wp-json\/wp\/v2\/comments?post=7567"}],"wp:featuredmedia":[{"embeddable":true,"href":"https:\/\/abaa.mx\/tienda\/wp-json\/wp\/v2\/media\/9971"}],"wp:attachment":[{"href":"https:\/\/abaa.mx\/tienda\/wp-json\/wp\/v2\/media?parent=7567"}],"wp:term":[{"taxonomy":"product_brand","embeddable":true,"href":"https:\/\/abaa.mx\/tienda\/wp-json\/wp\/v2\/product_brand?post=7567"},{"taxonomy":"product_cat","embeddable":true,"href":"https:\/\/abaa.mx\/tienda\/wp-json\/wp\/v2\/product_cat?post=7567"},{"taxonomy":"product_tag","embeddable":true,"href":"https:\/\/abaa.mx\/tienda\/wp-json\/wp\/v2\/product_tag?post=7567"}],"curies":[{"name":"wp","href":"https:\/\/api.w.org\/{rel}","templated":true}]}}