{"id":7564,"date":"2023-10-24T15:26:14","date_gmt":"2023-10-24T15:26:14","guid":{"rendered":"https:\/\/abaa.mx\/tienda\/?post_type=product&#038;p=7564"},"modified":"2023-12-15T16:54:24","modified_gmt":"2023-12-15T16:54:24","slug":"testo-552-medidor-digital-de-micras-de-vacio-con-bluetooth","status":"publish","type":"product","link":"https:\/\/abaa.mx\/tienda\/testo-552-medidor-digital-de-micras-de-vacio-con-bluetooth\/","title":{"rendered":"Testo 552 medidor digital de micras de vac\u00edo con bluetooth"},"content":{"rendered":"<p>Este vacu\u00f3metro digital de alta precisi\u00f3n tiene todas las funciones de medici\u00f3n que necesita para evacuar sistemas de refrigeraci\u00f3n y bombas de calor. El medidor robusto est\u00e1 dise\u00f1ado para durar y es lo suficientemente resistente como para soportar alg\u00fan que otro golpe.<\/p>\n<p>Puede determinar el nivel adecuado de micras \/ temperatura en el que se elimina la humedad del sistema con c\u00e1lculos en tiempo real que determinan la temperatura de saturaci\u00f3n del agua. Estos c\u00e1lculos internos tambi\u00e9n se utilizan para informarle si la presi\u00f3n es lo suficientemente baja como para cumplir con su objetivo de evacuaci\u00f3n, lo que le ahorra tiempo y le brinda la seguridad de que el sistema ahora est\u00e1 libre de humedad y contaminantes.<\/p>\n<p>Tambi\u00e9n es el \u00fanico vacu\u00f3metro del mercado con un sensor de presi\u00f3n absoluta que no requiere mantenimiento pero que puede proporcionarle lecturas 100% fiables.<\/p>\n<p><strong>Funciones<\/strong><\/p>\n<ul>\n<li>Los puntos de alarma definidos por el usuario le avisan cuando se alcanzan los valores objetivo<\/li>\n<li>Las mediciones precisas de vac\u00edo profundo, que miden resoluciones de hasta un solo d\u00edgito, utilizan sensores Pirani optimizados<\/li>\n<li>Muestra la temperatura de saturaci\u00f3n de H<sub>2<\/sub>O para garantizar una evacuaci\u00f3n completa y adecuada<\/li>\n<li>Pantalla retroiluminada con alarma visual de presi\u00f3n de evacuaci\u00f3n<\/li>\n<li>La comunicaci\u00f3n inal\u00e1mbrica Bluetooth con un tel\u00e9fono inteligente o tableta proporciona un potente an\u00e1lisis e informes<\/li>\n<li>Mostrar datos, crear informes y enviarlos por correo electr\u00f3nico o SMS<\/li>\n<\/ul>\n<p><strong>Aplicaciones<\/strong><\/p>\n<p>La evacuaci\u00f3n es uno de los pasos m\u00e1s importantes a la hora de instalar o reiniciar sistemas de refrigeraci\u00f3n o aire acondicionado: los gases extra\u00f1os, la humedad y los aceites deben eliminarse correctamente. Es entonces cuando hay que medir la presi\u00f3n absoluta de un sistema.<\/p>\n<p>El medidor le proporciona informaci\u00f3n muy precisa sobre el estado de deshumidificaci\u00f3n del sistema y mide de forma fiable incluso las presiones absolutas m\u00e1s peque\u00f1as. Esto significa que siempre podr\u00e1 cumplir con las especificaciones del fabricante. Una alarma visual avisa inmediatamente cuando se ha superado un umbral.<\/p>\n<p><strong>Aplicaci\u00f3n Testo Smart Probes<\/strong><\/p>\n<p>Este vacu\u00f3metro utiliza Bluetooth para conectarse a su tel\u00e9fono inteligente o dispositivo utilizando la aplicaci\u00f3n gratuita Testo SMART Proves, que es una herramienta potente y f\u00e1cil de usar. Esta aplicaci\u00f3n le permite leer de forma remota las mediciones de 1 a 6 sondas inteligentes de Testo, incluida la 552, lo que le permite documentar e informar f\u00e1cilmente de los resultados.<\/p>\n<h4>Especificaciones del testo 552<\/h4>\n<table class=\"table table-striped\">\n<tbody>\n<tr>\n<td colspan=\"2\"><strong>Vac\u00edo<\/strong><\/td>\n<\/tr>\n<tr>\n<td>Rango de medici\u00f3n<\/td>\n<td>De 0 a 0,40 psi<br \/>\nDe 0 a 26,66 mbar<br \/>\nDe 0 a 20000 micras<\/td>\n<\/tr>\n<tr>\n<td>Exactitud<\/td>\n<td>\u00b1 (10 micras + 10% de mV) (100 a 1000 micras)<\/td>\n<\/tr>\n<tr>\n<td>Resoluci\u00f3n<\/td>\n<td>1 micra (0 a 1000 micras) 10 micras (1000 a 2000 micras) 100 micras (2000 a 5000 micras) 500 micras (5000 a 10000 micras) 5000 micras (10000 a 20000 micras)<\/td>\n<\/tr>\n<tr>\n<td>Vac\u00edo de sobrecarga<\/td>\n<td>Absoluto: 87 psi (6 bar) Relativo: 72 psi (5 bar)<\/td>\n<\/tr>\n<tr>\n<td colspan=\"2\"><strong>Especificaciones generales<\/strong><\/td>\n<\/tr>\n<tr>\n<td>Temperatura de funcionamiento<\/td>\n<td>De -10 a 50 \u00b0C (de 14 a 122,0 \u00b0F)<\/td>\n<\/tr>\n<tr>\n<td>Temperatura de almacenamiento<\/td>\n<td>-4.0 a 122.0 \u00b0F (-20 a 50 \u00b0C)<\/td>\n<\/tr>\n<tr>\n<td>Conexiones<\/td>\n<td>2 x 7\/16&#8243; UNF<\/td>\n<\/tr>\n<tr>\n<td>Par\u00e1metro<\/td>\n<td>mbar; micra; Mmhg; Torr; inHg; en H20; hPa; Pap\u00e1<\/td>\n<\/tr>\n<tr>\n<td>Tasa de medici\u00f3n<\/td>\n<td>0.5 segundos<\/td>\n<\/tr>\n<tr>\n<td>Fuente de alimentaci\u00f3n<\/td>\n<td>2 pilas AA<\/td>\n<\/tr>\n<tr>\n<td>Duraci\u00f3n de la bater\u00eda<\/td>\n<td>50 horas<\/td>\n<\/tr>\n<tr>\n<td>Dimensiones<\/td>\n<td>10 x 6 x 2&#8243; (250 x 165 x 55 mm)<\/td>\n<\/tr>\n<tr>\n<td>Peso<\/td>\n<td>500 g (18 onzas)<\/td>\n<\/tr>\n<\/tbody>\n<\/table>\n","protected":false},"excerpt":{"rendered":"<p class=\"short-description mhide ipad-view-setting\">Conozca los c\u00e1lculos en tiempo real y las mediciones precisas de vac\u00edo profundo con resoluciones de un solo d\u00edgito. Viene con un sensor de presi\u00f3n absoluta que no requiere mantenimiento, lo que lo hace ideal para evacuar sistemas de refrigerante o bombas de calor. Utiliza Bluetooth para conectarse a su tel\u00e9fono inteligente o dispositivo utilizando la aplicaci\u00f3n gratuita Testo SMART Proves, que es una herramienta potente y f\u00e1cil de usar para leer mediciones de forma remota.<\/p>\n<div class=\"row-fluid\">\n<div class=\"span12 mobile-pricing-box-padding\">\n<form id=\"400248\" accept-charset=\"utf-8\" action=\"https:\/\/www.globaltestsupply.com\/shop\/add\" method=\"post\" name=\"addTocartFunction\">\n<div><\/div>\n<\/form>\n<\/div>\n<\/div>\n","protected":false},"featured_media":7582,"comment_status":"open","ping_status":"closed","template":"","meta":{"_joinchat":[]},"product_brand":[],"product_cat":[15],"product_tag":[],"class_list":{"0":"post-7564","1":"product","2":"type-product","3":"status-publish","4":"has-post-thumbnail","6":"product_cat-sin-categorizar","8":"first","9":"instock","10":"shipping-taxable","11":"product-type-simple"},"yoast_head":"<!-- This site is optimized with the Yoast SEO plugin v26.4 - https:\/\/yoast.com\/wordpress\/plugins\/seo\/ -->\n<title>Testo 552 medidor digital de micras de vac\u00edo con bluetooth - Abaa tienda online<\/title>\n<meta name=\"robots\" content=\"index, follow, max-snippet:-1, max-image-preview:large, max-video-preview:-1\" \/>\n<link rel=\"canonical\" href=\"https:\/\/abaa.mx\/tienda\/testo-552-medidor-digital-de-micras-de-vacio-con-bluetooth\/\" \/>\n<meta property=\"og:locale\" content=\"es_MX\" \/>\n<meta property=\"og:type\" content=\"article\" \/>\n<meta property=\"og:title\" content=\"Testo 552 medidor digital de micras de vac\u00edo con bluetooth - Abaa tienda online\" \/>\n<meta property=\"og:description\" content=\"Conozca los c\u00e1lculos en tiempo real y las mediciones precisas de vac\u00edo profundo con resoluciones de un solo d\u00edgito. Viene con un sensor de presi\u00f3n absoluta que no requiere mantenimiento, lo que lo hace ideal para evacuar sistemas de refrigerante o bombas de calor. Utiliza Bluetooth para conectarse a su tel\u00e9fono inteligente o dispositivo utilizando la aplicaci\u00f3n gratuita Testo SMART Proves, que es una herramienta potente y f\u00e1cil de usar para leer mediciones de forma remota.\" \/>\n<meta property=\"og:url\" content=\"https:\/\/abaa.mx\/tienda\/testo-552-medidor-digital-de-micras-de-vacio-con-bluetooth\/\" \/>\n<meta property=\"og:site_name\" content=\"Abaa tienda online\" \/>\n<meta property=\"article:modified_time\" content=\"2023-12-15T16:54:24+00:00\" \/>\n<meta property=\"og:image\" content=\"https:\/\/abaa.mx\/tienda\/wp-content\/uploads\/2023\/10\/552.jpg\" \/>\n\t<meta property=\"og:image:width\" content=\"270\" \/>\n\t<meta property=\"og:image:height\" content=\"331\" \/>\n\t<meta property=\"og:image:type\" content=\"image\/jpeg\" \/>\n<meta name=\"twitter:card\" content=\"summary_large_image\" \/>\n<meta name=\"twitter:label1\" content=\"Tiempo de lectura\" \/>\n\t<meta name=\"twitter:data1\" content=\"3 minutos\" \/>\n<script type=\"application\/ld+json\" class=\"yoast-schema-graph\">{\"@context\":\"https:\/\/schema.org\",\"@graph\":[{\"@type\":\"WebPage\",\"@id\":\"https:\/\/abaa.mx\/tienda\/testo-552-medidor-digital-de-micras-de-vacio-con-bluetooth\/\",\"url\":\"https:\/\/abaa.mx\/tienda\/testo-552-medidor-digital-de-micras-de-vacio-con-bluetooth\/\",\"name\":\"Testo 552 medidor digital de micras de vac\u00edo con bluetooth - Abaa tienda online\",\"isPartOf\":{\"@id\":\"https:\/\/abaa.mx\/tienda\/#website\"},\"primaryImageOfPage\":{\"@id\":\"https:\/\/abaa.mx\/tienda\/testo-552-medidor-digital-de-micras-de-vacio-con-bluetooth\/#primaryimage\"},\"image\":{\"@id\":\"https:\/\/abaa.mx\/tienda\/testo-552-medidor-digital-de-micras-de-vacio-con-bluetooth\/#primaryimage\"},\"thumbnailUrl\":\"https:\/\/abaa.mx\/tienda\/wp-content\/uploads\/2023\/10\/552.jpg\",\"datePublished\":\"2023-10-24T15:26:14+00:00\",\"dateModified\":\"2023-12-15T16:54:24+00:00\",\"breadcrumb\":{\"@id\":\"https:\/\/abaa.mx\/tienda\/testo-552-medidor-digital-de-micras-de-vacio-con-bluetooth\/#breadcrumb\"},\"inLanguage\":\"es\",\"potentialAction\":[{\"@type\":\"ReadAction\",\"target\":[\"https:\/\/abaa.mx\/tienda\/testo-552-medidor-digital-de-micras-de-vacio-con-bluetooth\/\"]}]},{\"@type\":\"ImageObject\",\"inLanguage\":\"es\",\"@id\":\"https:\/\/abaa.mx\/tienda\/testo-552-medidor-digital-de-micras-de-vacio-con-bluetooth\/#primaryimage\",\"url\":\"https:\/\/abaa.mx\/tienda\/wp-content\/uploads\/2023\/10\/552.jpg\",\"contentUrl\":\"https:\/\/abaa.mx\/tienda\/wp-content\/uploads\/2023\/10\/552.jpg\",\"width\":270,\"height\":331,\"caption\":\"552\"},{\"@type\":\"BreadcrumbList\",\"@id\":\"https:\/\/abaa.mx\/tienda\/testo-552-medidor-digital-de-micras-de-vacio-con-bluetooth\/#breadcrumb\",\"itemListElement\":[{\"@type\":\"ListItem\",\"position\":1,\"name\":\"Inicio\",\"item\":\"https:\/\/abaa.mx\/tienda\/\"},{\"@type\":\"ListItem\",\"position\":2,\"name\":\"Tienda\",\"item\":\"https:\/\/abaa.mx\/tienda\/\"},{\"@type\":\"ListItem\",\"position\":3,\"name\":\"Testo 552 medidor digital de micras de vac\u00edo con bluetooth\"}]},{\"@type\":\"WebSite\",\"@id\":\"https:\/\/abaa.mx\/tienda\/#website\",\"url\":\"https:\/\/abaa.mx\/tienda\/\",\"name\":\"Abaa tienda online\",\"description\":\"Instrumentos de medici\u00f3n\",\"publisher\":{\"@id\":\"https:\/\/abaa.mx\/tienda\/#organization\"},\"potentialAction\":[{\"@type\":\"SearchAction\",\"target\":{\"@type\":\"EntryPoint\",\"urlTemplate\":\"https:\/\/abaa.mx\/tienda\/?s={search_term_string}\"},\"query-input\":{\"@type\":\"PropertyValueSpecification\",\"valueRequired\":true,\"valueName\":\"search_term_string\"}}],\"inLanguage\":\"es\"},{\"@type\":\"Organization\",\"@id\":\"https:\/\/abaa.mx\/tienda\/#organization\",\"name\":\"Abaa tienda online\",\"url\":\"https:\/\/abaa.mx\/tienda\/\",\"logo\":{\"@type\":\"ImageObject\",\"inLanguage\":\"es\",\"@id\":\"https:\/\/abaa.mx\/tienda\/#\/schema\/logo\/image\/\",\"url\":\"https:\/\/abaa.mx\/tienda\/wp-content\/uploads\/2024\/01\/abaa-metrologia-tienda.png\",\"contentUrl\":\"https:\/\/abaa.mx\/tienda\/wp-content\/uploads\/2024\/01\/abaa-metrologia-tienda.png\",\"width\":300,\"height\":141,\"caption\":\"Abaa tienda online\"},\"image\":{\"@id\":\"https:\/\/abaa.mx\/tienda\/#\/schema\/logo\/image\/\"}}]}<\/script>\n<!-- \/ Yoast SEO plugin. -->","yoast_head_json":{"title":"Testo 552 medidor digital de micras de vac\u00edo con bluetooth - Abaa tienda online","robots":{"index":"index","follow":"follow","max-snippet":"max-snippet:-1","max-image-preview":"max-image-preview:large","max-video-preview":"max-video-preview:-1"},"canonical":"https:\/\/abaa.mx\/tienda\/testo-552-medidor-digital-de-micras-de-vacio-con-bluetooth\/","og_locale":"es_MX","og_type":"article","og_title":"Testo 552 medidor digital de micras de vac\u00edo con bluetooth - Abaa tienda online","og_description":"Conozca los c\u00e1lculos en tiempo real y las mediciones precisas de vac\u00edo profundo con resoluciones de un solo d\u00edgito. Viene con un sensor de presi\u00f3n absoluta que no requiere mantenimiento, lo que lo hace ideal para evacuar sistemas de refrigerante o bombas de calor. Utiliza Bluetooth para conectarse a su tel\u00e9fono inteligente o dispositivo utilizando la aplicaci\u00f3n gratuita Testo SMART Proves, que es una herramienta potente y f\u00e1cil de usar para leer mediciones de forma remota.","og_url":"https:\/\/abaa.mx\/tienda\/testo-552-medidor-digital-de-micras-de-vacio-con-bluetooth\/","og_site_name":"Abaa tienda online","article_modified_time":"2023-12-15T16:54:24+00:00","og_image":[{"width":270,"height":331,"url":"https:\/\/abaa.mx\/tienda\/wp-content\/uploads\/2023\/10\/552.jpg","type":"image\/jpeg"}],"twitter_card":"summary_large_image","twitter_misc":{"Tiempo de lectura":"3 minutos"},"schema":{"@context":"https:\/\/schema.org","@graph":[{"@type":"WebPage","@id":"https:\/\/abaa.mx\/tienda\/testo-552-medidor-digital-de-micras-de-vacio-con-bluetooth\/","url":"https:\/\/abaa.mx\/tienda\/testo-552-medidor-digital-de-micras-de-vacio-con-bluetooth\/","name":"Testo 552 medidor digital de micras de vac\u00edo con bluetooth - Abaa tienda online","isPartOf":{"@id":"https:\/\/abaa.mx\/tienda\/#website"},"primaryImageOfPage":{"@id":"https:\/\/abaa.mx\/tienda\/testo-552-medidor-digital-de-micras-de-vacio-con-bluetooth\/#primaryimage"},"image":{"@id":"https:\/\/abaa.mx\/tienda\/testo-552-medidor-digital-de-micras-de-vacio-con-bluetooth\/#primaryimage"},"thumbnailUrl":"https:\/\/abaa.mx\/tienda\/wp-content\/uploads\/2023\/10\/552.jpg","datePublished":"2023-10-24T15:26:14+00:00","dateModified":"2023-12-15T16:54:24+00:00","breadcrumb":{"@id":"https:\/\/abaa.mx\/tienda\/testo-552-medidor-digital-de-micras-de-vacio-con-bluetooth\/#breadcrumb"},"inLanguage":"es","potentialAction":[{"@type":"ReadAction","target":["https:\/\/abaa.mx\/tienda\/testo-552-medidor-digital-de-micras-de-vacio-con-bluetooth\/"]}]},{"@type":"ImageObject","inLanguage":"es","@id":"https:\/\/abaa.mx\/tienda\/testo-552-medidor-digital-de-micras-de-vacio-con-bluetooth\/#primaryimage","url":"https:\/\/abaa.mx\/tienda\/wp-content\/uploads\/2023\/10\/552.jpg","contentUrl":"https:\/\/abaa.mx\/tienda\/wp-content\/uploads\/2023\/10\/552.jpg","width":270,"height":331,"caption":"552"},{"@type":"BreadcrumbList","@id":"https:\/\/abaa.mx\/tienda\/testo-552-medidor-digital-de-micras-de-vacio-con-bluetooth\/#breadcrumb","itemListElement":[{"@type":"ListItem","position":1,"name":"Inicio","item":"https:\/\/abaa.mx\/tienda\/"},{"@type":"ListItem","position":2,"name":"Tienda","item":"https:\/\/abaa.mx\/tienda\/"},{"@type":"ListItem","position":3,"name":"Testo 552 medidor digital de micras de vac\u00edo con bluetooth"}]},{"@type":"WebSite","@id":"https:\/\/abaa.mx\/tienda\/#website","url":"https:\/\/abaa.mx\/tienda\/","name":"Abaa tienda online","description":"Instrumentos de medici\u00f3n","publisher":{"@id":"https:\/\/abaa.mx\/tienda\/#organization"},"potentialAction":[{"@type":"SearchAction","target":{"@type":"EntryPoint","urlTemplate":"https:\/\/abaa.mx\/tienda\/?s={search_term_string}"},"query-input":{"@type":"PropertyValueSpecification","valueRequired":true,"valueName":"search_term_string"}}],"inLanguage":"es"},{"@type":"Organization","@id":"https:\/\/abaa.mx\/tienda\/#organization","name":"Abaa tienda online","url":"https:\/\/abaa.mx\/tienda\/","logo":{"@type":"ImageObject","inLanguage":"es","@id":"https:\/\/abaa.mx\/tienda\/#\/schema\/logo\/image\/","url":"https:\/\/abaa.mx\/tienda\/wp-content\/uploads\/2024\/01\/abaa-metrologia-tienda.png","contentUrl":"https:\/\/abaa.mx\/tienda\/wp-content\/uploads\/2024\/01\/abaa-metrologia-tienda.png","width":300,"height":141,"caption":"Abaa tienda online"},"image":{"@id":"https:\/\/abaa.mx\/tienda\/#\/schema\/logo\/image\/"}}]}},"_links":{"self":[{"href":"https:\/\/abaa.mx\/tienda\/wp-json\/wp\/v2\/product\/7564","targetHints":{"allow":["GET"]}}],"collection":[{"href":"https:\/\/abaa.mx\/tienda\/wp-json\/wp\/v2\/product"}],"about":[{"href":"https:\/\/abaa.mx\/tienda\/wp-json\/wp\/v2\/types\/product"}],"replies":[{"embeddable":true,"href":"https:\/\/abaa.mx\/tienda\/wp-json\/wp\/v2\/comments?post=7564"}],"wp:featuredmedia":[{"embeddable":true,"href":"https:\/\/abaa.mx\/tienda\/wp-json\/wp\/v2\/media\/7582"}],"wp:attachment":[{"href":"https:\/\/abaa.mx\/tienda\/wp-json\/wp\/v2\/media?parent=7564"}],"wp:term":[{"taxonomy":"product_brand","embeddable":true,"href":"https:\/\/abaa.mx\/tienda\/wp-json\/wp\/v2\/product_brand?post=7564"},{"taxonomy":"product_cat","embeddable":true,"href":"https:\/\/abaa.mx\/tienda\/wp-json\/wp\/v2\/product_cat?post=7564"},{"taxonomy":"product_tag","embeddable":true,"href":"https:\/\/abaa.mx\/tienda\/wp-json\/wp\/v2\/product_tag?post=7564"}],"curies":[{"name":"wp","href":"https:\/\/api.w.org\/{rel}","templated":true}]}}